{"id":9912,"date":"2025-11-12T11:09:29","date_gmt":"2025-11-12T10:09:29","guid":{"rendered":"https:\/\/dulonmarine.com\/?page_id=9912"},"modified":"2025-11-12T11:09:29","modified_gmt":"2025-11-12T10:09:29","slug":"vedligeholdelsesvejledning","status":"publish","type":"page","link":"https:\/\/dulonmarine.com\/da\/maintenance-guide\/","title":{"rendered":"Vedligeholdelsesvejledning"},"content":{"rendered":"<div id=\"cs-content\" class=\"cs-content\"><div class=\"x-section e9912-e1 m7nc-0\"><div class=\"x-row x-container max width e9912-e2 m7nc-1 m7nc-2 m7nc-4\"><div class=\"x-row-inner\"><div class=\"x-col e9912-e3 m7nc-b m7nc-c\"><h1  class=\"h-custom-headline h2\" style=\"margin-top:0px;\"><span>VEDLIGEHOLDELSESVEJLEDNING<\/span><\/h1><div id=\"\" class=\"x-text\" style=\"\" ><p>Med produkterne fra Dulon Marine, Deckmate og Captain Green kan du v\u00e6re sikker p\u00e5 at f\u00e5 den bedste kvalitet, s\u00e5 dit fart\u00f8j ser fantastisk ud og holdes i topform.<\/p>\n<p>Baseret p\u00e5 vores vedligeholdelsesprincip \u2013 reng\u00f8r, restaurer, beskyt \u2013 har vi udarbejdet f\u00f8lgende trinvis vedligeholdelsesplan til dig.<\/p>\n<\/div><h1  class=\"h-custom-headline h3\" style=\"margin-top:0px;\"><span>SKROG<\/span><\/h1><div id=\"\" class=\"x-text\" style=\"\" ><p>For at holde skroget i optimal stand gennem hele sejls\u00e6sonen er det vigtigt at reng\u00f8re, restaurere og beskytte det grundigt 1 til 2 gange om \u00e5ret, efterfulgt af regelm\u00e6ssig vask.<\/p>\n<\/div><\/div><\/div><\/div><div class=\"x-row e9912-e8 m7nc-1 m7nc-3 m7nc-5 m7nc-6\"><div class=\"x-row-inner\"><div class=\"x-col e9912-e9 m7nc-b m7nc-c m7nc-d m7nc-e\"><div class=\"x-bg\" aria-hidden=\"true\"><div class=\"x-bg-layer-lower-image\"><\/div><\/div><\/div><div class=\"x-col e9912-e10 m7nc-b m7nc-f\"><h1  class=\"h-custom-headline h3\" style=\"margin-top:0px; margin-bottom:30px;\"><span>For at opn\u00e5 de bedste resultater b\u00f8r f\u00f8lgende trin f\u00f8lges:<\/span><\/h1><div class=\"x-text x-text-headline e9912-e12 m7nc-k m7nc-l\"><div class=\"x-text-content\"><div class=\"x-text-content-text\"><h3 class=\"x-text-content-text-primary\">TRIN 1:<\/h3>\n<\/div><\/div><\/div><h1  class=\"h-custom-headline h3\" style=\"color: #000000;margin-top:0px; font-weight: 100 !important;\"><span>Reng\u00f8ring<\/span><\/h1><div id=\"\" class=\"x-text\" style=\"\" ><p>Start med en grundig reng\u00f8ring af skroget for at fjerne snavs, alger, gamle vokslag og andre forurenende stoffer. Brug f\u00f8lgende produkter:<\/p>\n<\/div><h1  class=\"h-custom-headline link h5\" style=\"color: #000000;margin-top:0px; font-weight: 100 !important; text-decoration: underline 2px;\"><span><a href=\"https:\/\/dulonmarine.com\/da\/winkel\/dulon\/general\/proveprodukt\/rensning-af-skrogets-vandlinje-22-fjerner-brungule-aflejringer\/\">DULON SKROG &amp; VANDLINJE RENG\u00d8RING 22<\/a><\/span><\/h1><div id=\"\" class=\"x-text\" style=\"\" ><p>Et kraftigt reng\u00f8ringsmiddel til fjernelse af gule vandstreger og kalk.<\/p>\n<p><b>Instruktioner:<\/b><\/p>\n<ol style=\"margin-top:-20px;\">\n<li>P\u00e5f\u00f8r DULON HULL &amp; WATERLINE CLEAN 22 med en Deckmate Brush Soft, og fordel det tyndt over overfladen.<\/li>\n<li>Lad det sidde i ca. 10 minutter (undg\u00e5 at det t\u00f8rrer ud).<\/li>\n<li>Skyl med rent vand.<\/li>\n<\/ol>\n<\/div><h1  class=\"h-custom-headline link h5\" style=\"color: hsl(0, 0%, 0%);margin-top:0px; font-weight: 100 !important; text-decoration: underline 2px;\"><span><a href=\"https:\/\/dulonmarine.com\/da\/winkel\/dulon\/general\/proveprodukt\/predulon-00-kraftig-dybderens-til-brug-for-polering\/\">PREDULON 00<\/a><\/span><\/h1><div id=\"\" class=\"x-text\" style=\"\" ><p>En kraftig dybderenser, der fjerner overfladiske forureninger, fedt, olie og gamle voks- og silikonelag.<\/p>\n<p><b>Instruktioner:<\/b><\/p>\n<ol style=\"margin-top:-20px;\">\n<li>Tils\u00e6t 250 ml PREDULON 00 til en spand med varmt vand.<\/li>\n<li>Reng\u00f8r overfladen med en Deckmate Washmitt eller Deckmate Brush Soft.<\/li>\n<li>Lad PREDULON 00 virke i ca. 30 sekunder.<\/li>\n<li>Skyl med rent vand.<\/li>\n<\/ol>\n<\/div><\/div><\/div><\/div><div class=\"x-row e9912-e19 m7nc-1 m7nc-3 m7nc-5 m7nc-7\"><div class=\"x-row-inner\"><div class=\"x-col e9912-e20 m7nc-b m7nc-c m7nc-e m7nc-g\"><div class=\"x-bg\" aria-hidden=\"true\"><div class=\"x-bg-layer-lower-image\"><\/div><\/div><\/div><div class=\"x-col e9912-e21 m7nc-b m7nc-f\"><div class=\"x-text x-text-headline e9912-e22 m7nc-k m7nc-m\"><div class=\"x-text-content\"><div class=\"x-text-content-text\"><h3 class=\"x-text-content-text-primary\">TRIN 2:<\/h3>\n<\/div><\/div><\/div><h1  class=\"h-custom-headline h3\" style=\"margin-top:0px; font-weight: 100 !important;\"><span>GENOPRETNING<\/span><\/h1><div id=\"\" class=\"x-text\" style=\"\" ><p>Fjern sm\u00e5 ridser og matte pletter, s\u00e5 skroget igen f\u00e5r sin h\u00f8je glans. Brug f\u00f8lgende produkt:<\/p>\n<\/div><h1  class=\"h-custom-headline link h5\" style=\"margin-top:0px; font-weight: 100 !important; text-decoration: underline 2px;\"><span><a href=\"https:\/\/dulonmarine.com\/da\/winkel\/dulon\/polere-voks\/proveprodukt\/dulon-poly-polish-rubbing-compound\/\">DULON POLY POLISH RUBBING COMPOUND STRONG 14<\/a><\/span><\/h1><div id=\"\" class=\"x-text\" style=\"\" ><p>Et professionelt poleringsmiddel, der genopretter forvitrede, oxiderede og misfarvede overflader, samtidig med at det fjerner ridser, genstridige pletter og striber.<\/p>\n<p><b>Instruktioner <u>manual<\/u> polering:<\/b><\/p>\n<ol style=\"margin-top:-20px;\">\n<li>P\u00e5f\u00f8r DULON POLY POLISH med en fugtig Deckmate Polish Pad i cirkul\u00e6re bev\u00e6gelser, indtil det \u00f8nskede resultat er opn\u00e5et.<\/li>\n<li>Fjern eventuelle poleringsrester med Deckmate Multi Towel | Coral Fleece.<\/li>\n<\/ol>\n<\/div><div id=\"\" class=\"x-text\" style=\"\" ><p><b>Instruktioner <u>maskine<\/u> polering (roterende maskine + h\u00e5rd poleringspude):<\/b><\/p>\n<ol style=\"margin-top:-20px;\">\n<li>Fugt poleringspuden let og p\u00e5f\u00f8r en lille m\u00e6ngde DULON POLY POLISH p\u00e5 puden.<\/li>\n<li>Fordel DULON POLY POLISH tyndt over overfladen.<\/li>\n<li>Pol\u00e9r overfladen ved lav hastighed med j\u00e6vne, kontrollerede bev\u00e6gelser \u2013 b\u00e5de vandret og lodret.<\/li>\n<li>\u00d8g hastigheden gradvist under poleringsprocessen, indtil det \u00f8nskede resultat er opn\u00e5et.<\/li>\n<li>Fjern eventuelle poleringsrester med Deckmate Multi Towel | Coral Fleece.<\/li>\n<\/ol>\n<\/div><\/div><\/div><\/div><div class=\"x-row e9912-e28 m7nc-1 m7nc-3 m7nc-5 m7nc-8\"><div class=\"x-row-inner\"><div class=\"x-col e9912-e29 m7nc-b m7nc-c m7nc-e m7nc-h\"><div class=\"x-bg\" aria-hidden=\"true\"><div class=\"x-bg-layer-lower-image\"><\/div><\/div><\/div><div class=\"x-col e9912-e30 m7nc-b m7nc-f\"><div class=\"x-text x-text-headline e9912-e31 m7nc-k m7nc-m\"><div class=\"x-text-content\"><div class=\"x-text-content-text\"><h3 class=\"x-text-content-text-primary\">TRIN 3:<\/h3>\n<\/div><\/div><\/div><h1  class=\"h-custom-headline h3\" style=\"margin-top:0px; font-weight: 100 !important;\"><span>BESKYTTELSE<\/span><\/h1><div id=\"\" class=\"x-text\" style=\"\" ><p>Det er vigtigt at beskytte skroget mod UV-str\u00e5ling og kalkaflejringer. Brug f\u00f8lgende produkt:<\/p>\n<\/div><h1  class=\"h-custom-headline link h5\" style=\"margin-top:0px; font-weight: 100 !important; text-decoration: underline 2px;\"><span><a href=\"https:\/\/dulonmarine.com\/da\/winkel\/dulon\/polere-voks\/proveprodukt\/dulon-1-2-komponent\/\">DULON 1&amp;2<\/a><\/span><\/h1><div id=\"\" class=\"x-text\" style=\"\" ><p>Et revolutionerende 2-komponent polerings- og voksningssystem, der skaber et unikt, uigennemtr\u00e6ngeligt molekyl\u00e6rt skjold p\u00e5 h\u00e5rde materialer som gelcoat, lakeret st\u00e5l, tr\u00e6 og rustfrit st\u00e5l. DULON 1&amp;2 giver blandt andet langvarig h\u00f8jglansbeskyttelse mod UV-str\u00e5ling.\n<\/p>\n<p><b>Instruktioner <u>manual<\/u> polering:<\/b><\/p>\n<ol style=\"margin-top:-20px;\">\n<li>P\u00e5f\u00f8r DULON 1 med en fugtig Deckmate Polish Pad i cirkul\u00e6re bev\u00e6gelser, indtil der dannes en let t\u00e5ge.<\/li>\n<li>M\u00c5 IKKE AFT\u00d8RES!<\/li>\n<li>P\u00e5f\u00f8r DULON 2 p\u00e5 samme m\u00e5de, indtil en lys<br \/>\nder opst\u00e5r t\u00e5ge.<\/li>\n<li>Lad det t\u00f8rre, indtil der dannes en pulveragtig hinde, og poler det af med Deckmate Multi Towel | Coral Fleece.<\/li>\n<\/ol>\n<\/div><div id=\"\" class=\"x-text\" style=\"\" ><p><b>Instruktioner <u>maskine<\/u> polering<br \/>(roterende + medium, bl\u00f8d poleringspude og f\u00e5reskind):<\/b><\/p>\n<ol style=\"margin-top:-20px;\">\n<li>Fugt den mellemstore poleringspude let og p\u00e5f\u00f8r en lille m\u00e6ngde DULON 1 p\u00e5 puden.<\/li>\n<li>Fordel DULON 1 tyndt over overfladen.<\/li>\n<li>Pol\u00e9r overfladen ved middel hastighed, indtil der fremkommer en let hvid t\u00e5ge.<\/li>\n<li>T\u00f8r IKKE t\u00e5gen af!<\/li>\n<li>Fugt den bl\u00f8de poleringspude let og p\u00e5f\u00f8r en lille m\u00e6ngde DULON 2 p\u00e5 puden.<\/li>\n<\/li>\n<li>Fordel DULON 2 tyndt over overfladen.<\/li>\n<li>Pol\u00e9r overfladen ved middel hastighed, indtil der fremkommer en let hvid t\u00e5ge.<\/li>\n<li>Lad det t\u00f8rre til en pulveragtig t\u00e5ge.<\/li>\n<li>Pol\u00e9r med f\u00e5reskind ved h\u00f8j hastighed.<\/li>\n<\/ol>\n<\/div><\/div><\/div><\/div><div class=\"x-row e9912-e37 m7nc-1 m7nc-3 m7nc-5 m7nc-9\"><div class=\"x-row-inner\"><div class=\"x-col e9912-e38 m7nc-b m7nc-c m7nc-e m7nc-i\"><div class=\"x-bg\" aria-hidden=\"true\"><div class=\"x-bg-layer-lower-image\"><\/div><\/div><\/div><div class=\"x-col e9912-e39 m7nc-b m7nc-f\"><div class=\"x-text x-text-headline e9912-e40 m7nc-k m7nc-m\"><div class=\"x-text-content\"><div class=\"x-text-content-text\"><h3 class=\"x-text-content-text-primary\">TRIN 4:<\/h3>\n<\/div><\/div><\/div><h1  class=\"h-custom-headline h3\" style=\"margin-top:0px; font-weight: 100 !important;\"><span>PERIODISK VEDLIGEHOLDELSE<\/span><\/h1><div id=\"\" class=\"x-text\" style=\"\" ><p>For at holde skroget rent og p\u00e6nt gennem hele sejls\u00e6sonen b\u00f8r det vaskes regelm\u00e6ssigt. Brug f\u00f8lgende produkt:<\/p>\n<\/div><h1  class=\"h-custom-headline link h5\" style=\"margin-top:0px; font-weight: 100 !important; text-decoration: underline 2px;\"><span><a href=\"https:\/\/dulonmarine.com\/da\/winkel\/dulon\/general\/proveprodukt\/premium-shampoo-03-wash-wax\/\">DULON PREMIUM SHAMPOO 03 \u2013 VASK &amp; VOKS<\/a><\/span><\/h1><div id=\"\" class=\"x-text\" style=\"\" ><p>Et h\u00f8jkoncentreret b\u00e5dshampoo af h\u00f8jeste kvalitet med specialudviklede tils\u00e6tningsstoffer, der holder DULON 1&amp;2-beskyttelsessystemet i optimal stand. Det renser grundigt, giver en h\u00f8jglansfinish og har en selvt\u00f8rrende effekt. Det genopretter ogs\u00e5 eventuelle molekyl\u00e6re skader p\u00e5 DULON 1&amp;2-systemet.<\/p>\n<p><b>Instruktioner:<\/b><\/p>\n<ol style=\"margin-top:-20px;\">\n<li>Tils\u00e6t 25 ml DULON PREMIUM SHAMPOO WASH &amp; WAX 03 til en spand med varmt vand.<\/li>\n<\/li>\n<li>Vask overfladen med en Deckmate Washmitt eller Deckmate Brush Soft.<\/li>\n<li>Skyl med rent vand.<\/li>\n<\/ol>\n<p>Ved at f\u00f8lge disse trin kan du sikre, at dit fart\u00f8j forbliver i topstand, s\u00e5 du kan nyde dine sejlture fuldt ud.<\/p>\n<\/div><\/div><\/div><\/div><div class=\"x-row e9912-e45 m7nc-1 m7nc-3 m7nc-5 m7nc-a\"><div class=\"x-row-inner\"><div class=\"x-col e9912-e46 m7nc-b m7nc-c m7nc-e m7nc-j\"><div class=\"x-bg\" aria-hidden=\"true\"><div class=\"x-bg-layer-lower-image\"><\/div><\/div><\/div><div class=\"x-col e9912-e47 m7nc-b m7nc-f\"><h1  class=\"h-custom-headline h3\" style=\"margin-top:0px; font-weight: 100 !important;\"><span>DE MEST ALMINDELIGE VEDLIGEHOLDELSESPROBLEMER<\/span><\/h1><h1  class=\"h-custom-headline h5\" style=\"margin-top:20px; font-weight: 100 !important;\"><span>SORTE STRIBER<\/span><\/h1><div id=\"\" class=\"x-text\" style=\"margin-top:-10px;\" ><p>Et af de mest udbredte problemer om bord er de s\u00e5kaldte sorte striber eller aflejringer, som ofte findes i vindueshj\u00f8rner eller vandudl\u00f8b. Disse m\u00e6rker skyldes luftforurening, der s\u00e6tter sig under regnvejr og efterlader grimme sorte striber og pletter. For effektivt at fjerne disse forurenende stoffer skal du bruge:<\/p>\n<\/div><h1  class=\"h-custom-headline link h5\" style=\"margin-top:-20px; font-weight: 100 !important; text-decoration: underline 2px;\"><span><a href=\"https:\/\/dulonmarine.com\/da\/winkel\/dulon\/general\/proveprodukt\/dulon-black-streak-remover-26-fjerner-sorte-atmosfaeriske-aflejringer\/\">DULON BLACK STREAK REMOVER 26<\/a><\/span><\/h1><h1  class=\"h-custom-headline h5\" style=\"margin-top:20px; font-weight: 100 !important;\"><span>GLAS- ELLER PLASTIKRUGER<\/span><\/h1><div id=\"\" class=\"x-text\" style=\"margin-top:-10px;\" ><p>Glas- eller plastvinduerne om bord kan blive snavsede p\u00e5 grund af regn, vandst\u00e6nk og andre faktorer. For hurtig og nem reng\u00f8ring anbefaler vi:<\/p>\n<\/div><h1  class=\"h-custom-headline link h5\" style=\"margin-top:-20px; font-weight: 100 !important; text-decoration: underline 2px;\"><span><a href=\"https:\/\/dulonmarine.com\/da\/winkel\/glas\/proveprodukt\/dulon-glass-clean-50-professionel-formel\/\">DULON GLASRENG\u00d8RING 50<\/a><\/span><\/h1><h1  class=\"h-custom-headline h5\" style=\"margin-top:20px; font-weight: 100 !important;\"><span>TEAK \u2013 NATURLIG ELLER SYNTETISK<\/span><\/h1><div id=\"\" class=\"x-text\" style=\"margin-top:-10px;\" ><p>B\u00e5de naturlig og syntetisk teak er almindeligt anvendte materialer p\u00e5 b\u00e5de. Ved at reng\u00f8re, restaurere og beskytte teak korrekt kan du sikre et pletfrit d\u00e6k. Brug f\u00f8lgende produkter for at opn\u00e5 optimale resultater:<\/p>\n<\/div><h1  class=\"h-custom-headline link h5\" style=\"margin-top:-20px; font-weight: 100 !important; text-decoration: underline 2px;\"><span><a href=\"https:\/\/dulonmarine.com\/da\/winkel\/teak\/proveprodukt\/dulon-teak-affedtningsmiddel-41-dybderensende-affedtningsmiddel\/\">DULON TEAK AFREDNER 41<\/a><\/span><\/h1><h1  class=\"h-custom-headline link h5\" style=\"margin-top:-10px; font-weight: 100 !important; text-decoration: underline 2px;\"><span><a href=\"https:\/\/dulonmarine.com\/da\/winkel\/teak\/proveprodukt\/dulon-teak-clean-brightener-21-farveopfrisker-og-rengoringsmiddel\/\">DULON TEAK RENG\u00d8RINGSMIDDEL &amp; POLEREMIDDEL 42<\/a><\/span><\/h1><h1  class=\"h-custom-headline link h5\" style=\"margin-top:-10px; font-weight: 100 !important; text-decoration: underline 2px;\"><span><a href=\"https:\/\/dulonmarine.com\/da\/winkel\/teak\/proveprodukt\/dulon-teak-protector-43-impraegneringsmiddel-med-uv-filter\/\">DULON TEAK PROTECTOR 43<\/a><\/span><\/h1><h1  class=\"h-custom-headline link h5\" style=\"margin-top:-10px; font-weight: 100 !important; text-decoration: underline 2px;\"><span><a href=\"https:\/\/dulonmarine.com\/da\/winkel\/teak\/proveprodukt\/dulon-syntetisk-teakrens-46-til-alt-syntetisk-teak\/\">DULON SYNTETISK TEAKRENSER 46<\/a><\/span><\/h1><h1  class=\"h-custom-headline h5\" style=\"margin-top:20px; font-weight: 100 !important;\"><span>RUSTFRIT ST\u00c5L<\/span><\/h1><div id=\"\" class=\"x-text\" style=\"margin-top:-10px;\" ><p>P\u00e6le, gel\u00e6ndere, vandudl\u00f8b og andre beslag er ofte fremstillet af rustfrit st\u00e5l, enten poleret eller forkromet. For at holde dit rustfrie st\u00e5l i perfekt stand skal du bruge:<\/p>\n<\/div><h1  class=\"h-custom-headline link h5\" style=\"margin-top:-20px; font-weight: 100 !important; text-decoration: underline 2px;\"><span><a href=\"https:\/\/dulonmarine.com\/da\/winkel\/metal\/proveprodukt\/dulon-rustfrit-stal-polish-60-clean-shine-protect\/\">DULON RUSTFRIT ST\u00c5L POLISH 60<\/a><\/span><\/h1><h1  class=\"h-custom-headline h5\" style=\"margin-top:20px; font-weight: 100 !important;\"><span>OVERFLADISK FLASH-RUST<\/span><\/h1><div id=\"\" class=\"x-text\" style=\"margin-top:-10px;\" ><p>Selv om der anvendes rustfrit st\u00e5l og andre rustbestandige materialer om bord, kan der stadig opst\u00e5 overfladiske rustpletter, is\u00e6r i marinaer og havne. Disse pletter skyldes typisk sm\u00e5 metalpartikler, der sv\u00e6ver i luften og s\u00e6tter sig under regnvejr. For effektivt at fjerne disse overfladiske rustpletter skal du bruge:<\/p>\n<\/div><h1  class=\"h-custom-headline link h5\" style=\"margin-top:-20px; font-weight: 100 !important; text-decoration: underline 2px;\"><span><a href=\"https:\/\/dulonmarine.com\/da\/winkel\/metal\/proveprodukt\/dulon-rustfjerner-64-fjerner-overfladerust\/\">\nDULON RUSTFJERNER 64<\/a><\/span><\/h1><div id=\"\" class=\"x-text\" style=\"margin-top:0px;\" ><p>Denne fremgangsm\u00e5de vil hj\u00e6lpe med at bevare det oprindelige udseende af dine rustfri st\u00e5loverflader.<\/p>\n<\/div><h1  class=\"h-custom-headline h5\" style=\"margin-top:20px; font-weight: 100 !important;\"><span>FENDERE, JOLLER, PVC-S\u00c6DER OG SPRAYHOODS<\/span><\/h1><div id=\"\" class=\"x-text\" style=\"margin-top:-10px;\" ><p>PVC (polyvinylchlorid) er et materiale, der ofte bruges p\u00e5 b\u00e5de til fendere, s\u00e6der, hynder og sprayhoods. For at reng\u00f8re dine PVC-genstande effektivt og nemt skal du bruge:<\/p>\n<\/div><h1  class=\"h-custom-headline link h5\" style=\"margin-top:-20px; font-weight: 100 !important; text-decoration: underline 2px;\"><span><a href=\"https:\/\/dulonmarine.com\/da\/winkel\/syntetisk\/proveprodukt\/dulon-rib-fender-clean-70-rengoringsmiddel-og-farvefornyer\/\">DULON RIB &amp; FENDER CLEAN 70<\/a><\/span><\/h1><\/div><\/div><\/div><\/div><\/div>","protected":false},"excerpt":{"rendered":"<p>VEDLIGEHOLDELSESVEJLEDNINGMed produkterne fra Dulon Marine, Deckmate og Captain Green kan du v\u00e6re sikker p\u00e5 at f\u00e5 den bedste kvalitet til at f\u00e5 dit fart\u00f8j til at se fantastisk ud og holde det i topform. Baseret p\u00e5 vores vedligeholdelsesprincip - reng\u00f8r, restaurer, beskyt - har vi udarbejdet f\u00f8lgende vedligeholdelsestrinplan til dig. SKROGFor at holde skroget i optimal stand gennem hele ... <a href=\"https:\/\/dulonmarine.com\/da\/maintenance-guide\/\" class=\"more-link\">L\u00e6s mere<\/a><\/p>","protected":false},"author":11,"featured_media":0,"parent":0,"menu_order":0,"comment_status":"closed","ping_status":"closed","template":"template-blank-4.php","meta":{"_acf_changed":false,"om_disable_all_campaigns":false,"rs_blank_template":"","rs_page_bg_color":"","slide_template_v7":"","inline_featured_image":false,"_monsterinsights_skip_tracking":false,"_monsterinsights_sitenote_active":false,"_monsterinsights_sitenote_note":"","_monsterinsights_sitenote_category":0,"footnotes":""},"class_list":["post-9912","page","type-page","status-publish","hentry","no-post-thumbnail"],"acf":[],"yoast_head":"<!-- This site is optimized with the Yoast SEO plugin v27.6 - https:\/\/yoast.com\/product\/yoast-seo-wordpress\/ -->\n<title>Maintenance Guide - Dulon Marine Deckmate Group<\/title>\n<meta name=\"description\" content=\"Based on our maintenance principle \u2013 clean, restore, protect \u2013 we have compiled the following maintenance step plan for you.\" \/>\n<meta name=\"robots\" content=\"index, follow, max-snippet:-1, max-image-preview:large, max-video-preview:-1\" \/>\n<link rel=\"canonical\" href=\"https:\/\/dulonmarine.com\/da\/vedligeholdelsesvejledning\/\" \/>\n<meta property=\"og:locale\" content=\"da_DK\" \/>\n<meta property=\"og:type\" content=\"article\" \/>\n<meta property=\"og:title\" content=\"Maintenance Guide - Dulon Marine Deckmate Group\" \/>\n<meta property=\"og:description\" content=\"Based on our maintenance principle \u2013 clean, restore, protect \u2013 we have compiled the following maintenance step plan for you.\" \/>\n<meta property=\"og:url\" content=\"https:\/\/dulonmarine.com\/da\/vedligeholdelsesvejledning\/\" \/>\n<meta property=\"og:site_name\" content=\"Dulon Marine\" \/>\n<meta property=\"article:publisher\" content=\"https:\/\/www.facebook.com\/dulonmarine?locale=nl_NL\" \/>\n<meta name=\"twitter:card\" content=\"summary_large_image\" \/>\n<meta name=\"twitter:label1\" content=\"Estimeret l\u00e6setid\" \/>\n\t<meta name=\"twitter:data1\" content=\"6 minutter\" \/>\n<script type=\"application\/ld+json\" class=\"yoast-schema-graph\">{\"@context\":\"https:\\\/\\\/schema.org\",\"@graph\":[{\"@type\":\"WebPage\",\"@id\":\"https:\\\/\\\/dulonmarine.com\\\/maintenance-guide\\\/\",\"url\":\"https:\\\/\\\/dulonmarine.com\\\/maintenance-guide\\\/\",\"name\":\"Maintenance Guide - Dulon Marine Deckmate Group\",\"isPartOf\":{\"@id\":\"https:\\\/\\\/dulonmarine.com\\\/pt\\\/#website\"},\"datePublished\":\"2025-11-12T10:09:29+00:00\",\"description\":\"Based on our maintenance principle \u2013 clean, restore, protect \u2013 we have compiled the following maintenance step plan for you.\",\"breadcrumb\":{\"@id\":\"https:\\\/\\\/dulonmarine.com\\\/maintenance-guide\\\/#breadcrumb\"},\"inLanguage\":\"da-DK\",\"potentialAction\":[{\"@type\":\"ReadAction\",\"target\":[\"https:\\\/\\\/dulonmarine.com\\\/maintenance-guide\\\/\"]}]},{\"@type\":\"BreadcrumbList\",\"@id\":\"https:\\\/\\\/dulonmarine.com\\\/maintenance-guide\\\/#breadcrumb\",\"itemListElement\":[{\"@type\":\"ListItem\",\"position\":1,\"name\":\"Home\",\"item\":\"https:\\\/\\\/dulonmarine.com\\\/\"},{\"@type\":\"ListItem\",\"position\":2,\"name\":\"Maintenance Guide\"}]},{\"@type\":\"WebSite\",\"@id\":\"https:\\\/\\\/dulonmarine.com\\\/pt\\\/#website\",\"url\":\"https:\\\/\\\/dulonmarine.com\\\/pt\\\/\",\"name\":\"Dulon Marine\",\"description\":\"Onderhoudsproducten voor de scheepvaart\",\"publisher\":{\"@id\":\"https:\\\/\\\/dulonmarine.com\\\/pt\\\/#organization\"},\"potentialAction\":[{\"@type\":\"SearchAction\",\"target\":{\"@type\":\"EntryPoint\",\"urlTemplate\":\"https:\\\/\\\/dulonmarine.com\\\/pt\\\/?s={search_term_string}\"},\"query-input\":{\"@type\":\"PropertyValueSpecification\",\"valueRequired\":true,\"valueName\":\"search_term_string\"}}],\"inLanguage\":\"da-DK\"},{\"@type\":\"Organization\",\"@id\":\"https:\\\/\\\/dulonmarine.com\\\/pt\\\/#organization\",\"name\":\"Dulon Marine Deckmate Group\",\"url\":\"https:\\\/\\\/dulonmarine.com\\\/pt\\\/\",\"logo\":{\"@type\":\"ImageObject\",\"inLanguage\":\"da-DK\",\"@id\":\"https:\\\/\\\/dulonmarine.com\\\/pt\\\/#\\\/schema\\\/logo\\\/image\\\/\",\"url\":\"http:\\\/\\\/dulonmarine.com\\\/wp-content\\\/uploads\\\/2023\\\/02\\\/Dulon-Marine-Deckmate-Group-logo-small.png\",\"contentUrl\":\"http:\\\/\\\/dulonmarine.com\\\/wp-content\\\/uploads\\\/2023\\\/02\\\/Dulon-Marine-Deckmate-Group-logo-small.png\",\"width\":350,\"height\":150,\"caption\":\"Dulon Marine Deckmate Group\"},\"image\":{\"@id\":\"https:\\\/\\\/dulonmarine.com\\\/pt\\\/#\\\/schema\\\/logo\\\/image\\\/\"},\"sameAs\":[\"https:\\\/\\\/www.facebook.com\\\/dulonmarine?locale=nl_NL\",\"https:\\\/\\\/www.instagram.com\\\/dulonmarinegroup\\\/\"]}]}<\/script>\n<!-- \/ Yoast SEO plugin. -->","yoast_head_json":{"title":"Vedligeholdelsesvejledning - Dulon Marine Deckmate Group","description":"Baseret p\u00e5 vores vedligeholdelsesprincip \u2013 reng\u00f8r, restaurer, beskyt \u2013 har vi udarbejdet f\u00f8lgende trinvis vedligeholdelsesplan til dig.","robots":{"index":"index","follow":"follow","max-snippet":"max-snippet:-1","max-image-preview":"max-image-preview:large","max-video-preview":"max-video-preview:-1"},"canonical":"https:\/\/dulonmarine.com\/da\/vedligeholdelsesvejledning\/","og_locale":"da_DK","og_type":"article","og_title":"Maintenance Guide - Dulon Marine Deckmate Group","og_description":"Based on our maintenance principle \u2013 clean, restore, protect \u2013 we have compiled the following maintenance step plan for you.","og_url":"https:\/\/dulonmarine.com\/da\/vedligeholdelsesvejledning\/","og_site_name":"Dulon Marine","article_publisher":"https:\/\/www.facebook.com\/dulonmarine?locale=nl_NL","twitter_card":"summary_large_image","twitter_misc":{"Estimeret l\u00e6setid":"6 minutter"},"schema":{"@context":"https:\/\/schema.org","@graph":[{"@type":"WebPage","@id":"https:\/\/dulonmarine.com\/maintenance-guide\/","url":"https:\/\/dulonmarine.com\/maintenance-guide\/","name":"Vedligeholdelsesvejledning - Dulon Marine Deckmate Group","isPartOf":{"@id":"https:\/\/dulonmarine.com\/pt\/#website"},"datePublished":"2025-11-12T10:09:29+00:00","description":"Baseret p\u00e5 vores vedligeholdelsesprincip \u2013 reng\u00f8r, restaurer, beskyt \u2013 har vi udarbejdet f\u00f8lgende trinvis vedligeholdelsesplan til dig.","breadcrumb":{"@id":"https:\/\/dulonmarine.com\/maintenance-guide\/#breadcrumb"},"inLanguage":"da-DK","potentialAction":[{"@type":"ReadAction","target":["https:\/\/dulonmarine.com\/maintenance-guide\/"]}]},{"@type":"BreadcrumbList","@id":"https:\/\/dulonmarine.com\/maintenance-guide\/#breadcrumb","itemListElement":[{"@type":"ListItem","position":1,"name":"Home","item":"https:\/\/dulonmarine.com\/"},{"@type":"ListItem","position":2,"name":"Maintenance Guide"}]},{"@type":"WebSite","@id":"https:\/\/dulonmarine.com\/pt\/#website","url":"https:\/\/dulonmarine.com\/pt\/","name":"Dulon Marine","description":"Onderhoudsproducten voor de scheepvaart","publisher":{"@id":"https:\/\/dulonmarine.com\/pt\/#organization"},"potentialAction":[{"@type":"SearchAction","target":{"@type":"EntryPoint","urlTemplate":"https:\/\/dulonmarine.com\/pt\/?s={search_term_string}"},"query-input":{"@type":"PropertyValueSpecification","valueRequired":true,"valueName":"search_term_string"}}],"inLanguage":"da-DK"},{"@type":"Organization","@id":"https:\/\/dulonmarine.com\/pt\/#organization","name":"Dulon Marine D\u00e6kpladegruppe","url":"https:\/\/dulonmarine.com\/pt\/","logo":{"@type":"ImageObject","inLanguage":"da-DK","@id":"https:\/\/dulonmarine.com\/pt\/#\/schema\/logo\/image\/","url":"http:\/\/dulonmarine.com\/wp-content\/uploads\/2023\/02\/Dulon-Marine-Deckmate-Group-logo-small.png","contentUrl":"http:\/\/dulonmarine.com\/wp-content\/uploads\/2023\/02\/Dulon-Marine-Deckmate-Group-logo-small.png","width":350,"height":150,"caption":"Dulon Marine Deckmate Group"},"image":{"@id":"https:\/\/dulonmarine.com\/pt\/#\/schema\/logo\/image\/"},"sameAs":["https:\/\/www.facebook.com\/dulonmarine?locale=nl_NL","https:\/\/www.instagram.com\/dulonmarinegroup\/"]}]}},"_links":{"self":[{"href":"https:\/\/dulonmarine.com\/da\/wp-json\/wp\/v2\/pages\/9912","targetHints":{"allow":["GET"]}}],"collection":[{"href":"https:\/\/dulonmarine.com\/da\/wp-json\/wp\/v2\/pages"}],"about":[{"href":"https:\/\/dulonmarine.com\/da\/wp-json\/wp\/v2\/types\/page"}],"author":[{"embeddable":true,"href":"https:\/\/dulonmarine.com\/da\/wp-json\/wp\/v2\/users\/11"}],"replies":[{"embeddable":true,"href":"https:\/\/dulonmarine.com\/da\/wp-json\/wp\/v2\/comments?post=9912"}],"version-history":[{"count":7,"href":"https:\/\/dulonmarine.com\/da\/wp-json\/wp\/v2\/pages\/9912\/revisions"}],"predecessor-version":[{"id":9924,"href":"https:\/\/dulonmarine.com\/da\/wp-json\/wp\/v2\/pages\/9912\/revisions\/9924"}],"wp:attachment":[{"href":"https:\/\/dulonmarine.com\/da\/wp-json\/wp\/v2\/media?parent=9912"}],"curies":[{"name":"wp","href":"https:\/\/api.w.org\/{rel}","templated":true}]}}