{"id":7689,"date":"2020-07-29T12:11:52","date_gmt":"2020-07-29T11:11:52","guid":{"rendered":"http:\/\/dulonmarine.com\/?post_type=product&#038;p=7689"},"modified":"2024-10-30T11:50:07","modified_gmt":"2024-10-30T10:50:07","slug":"premium-badvoks-19-hojglansbeskyttelse","status":"publish","type":"product","link":"https:\/\/dulonmarine.com\/da\/winkel\/dulon\/polish-wax\/sample-product\/premium-boat-wax-19-high-gloss-protection\/","title":{"rendered":"Dulon Premium Boat Wax 19 - h\u00f8jglansbeskyttelse"},"content":{"rendered":"","protected":false},"excerpt":{"rendered":"<p>H\u00f8jglansbeskyttelse<\/p>\n<hr \/>\n<p>F\u00f8rsteklasses kvalitetsbeskyttelsesprodukt med PTFE-elementer, specielt udviklet til nye b\u00e5de eller b\u00e5de i fremragende stand. PREMIUM BOAT WAX 19 er let at p\u00e5f\u00f8re og giver en h\u00f8jglans finish. Optimal beskyttelse gennem hele sejls\u00e6sonen.<\/p>\n<ul>\n<li>F\u00f8rsteklasses b\u00e5dvoks med PTFE-elementer.<\/li>\n<li>Ekstrem glans og beskyttelse gennem hele sejls\u00e6sonen.<\/li>\n<li>Let p\u00e5 let af<\/li>\n<\/ul>\n<div class=\"x-video-inner\">\n    <video  \nclass=\"x-mejs x-wp-video-shortcode advanced-controls\" \n        width=\"400\" \n        height=\"400\" \n        loop autoplay muted playsinline style=\"border: none; outline: none; background: none;\"><source type=\"video\/mp4\" src=\"http:\/\/dulonmarine.com\/wp-content\/uploads\/2024\/10\/19.Professional_Premium_Boat_Wax-360-video.mp4\"><\/video>\n<\/div>","protected":false},"featured_media":9687,"template":"","meta":{"_acf_changed":false,"om_disable_all_campaigns":false,"rs_blank_template":"","rs_page_bg_color":"","slide_template_v7":"","inline_featured_image":false,"_monsterinsights_skip_tracking":false,"_monsterinsights_sitenote_active":false,"_monsterinsights_sitenote_note":"","_monsterinsights_sitenote_category":0},"product_brand":[],"product_cat":[44],"product_tag":[13],"class_list":{"0":"post-7689","1":"product","2":"type-product","3":"status-publish","4":"has-post-thumbnail","6":"product_cat-polish-wax","7":"product_tag-13","8":"pa_article-numbers-contents-6-19005","9":"pa_article-numbers-contents-6-19050","10":"pa_article-numbers-contents-6-19250","11":"pa_available-content-0-5l","12":"pa_available-content-25l","13":"pa_available-content-5l","14":"pa_crp-protect-en","17":"first","18":"instock","19":"purchasable","20":"product-type-variable"},"acf":[],"yoast_head":"<!-- This site is optimized with the Yoast SEO plugin v27.6 - https:\/\/yoast.com\/product\/yoast-seo-wordpress\/ -->\n<title>Dulon Premium Boat Wax 19 - high gloss protection -<\/title>\n<meta name=\"robots\" content=\"index, follow, max-snippet:-1, max-image-preview:large, max-video-preview:-1\" \/>\n<link rel=\"canonical\" href=\"https:\/\/dulonmarine.com\/da\/winkel\/dulon\/polere-voks\/proveprodukt\/premium-badvoks-19-hojglansbeskyttelse\/\" \/>\n<meta property=\"og:locale\" content=\"da_DK\" \/>\n<meta property=\"og:type\" content=\"article\" \/>\n<meta property=\"og:title\" content=\"Dulon Premium Boat Wax 19 - high gloss protection -\" \/>\n<meta property=\"og:description\" content=\"High Gloss Protection    First class quality protection product with PTFE elements, special developed for new boats or boats in superb condition. PREMIUM BOAT WAX 19 is easy to apply and provides a high gloss finish. Optimum protection during the whole sailing season.   First class boat wax with PTFE elements.  Extreme shine &amp; protection throughout the sailing season.  Easy-On-Easy-Off\" \/>\n<meta property=\"og:url\" content=\"https:\/\/dulonmarine.com\/da\/winkel\/dulon\/polere-voks\/proveprodukt\/premium-badvoks-19-hojglansbeskyttelse\/\" \/>\n<meta property=\"og:site_name\" content=\"Dulon Marine\" \/>\n<meta property=\"article:publisher\" content=\"https:\/\/www.facebook.com\/dulonmarine?locale=nl_NL\" \/>\n<meta property=\"article:modified_time\" content=\"2024-10-30T10:50:07+00:00\" \/>\n<meta property=\"og:image\" content=\"https:\/\/dulonmarine.com\/wp-content\/uploads\/2024\/10\/19-Dulon-marine-Premium-Boat-wax.jpg\" \/>\n\t<meta property=\"og:image:width\" content=\"1200\" \/>\n\t<meta property=\"og:image:height\" content=\"1200\" \/>\n\t<meta property=\"og:image:type\" content=\"image\/jpeg\" \/>\n<meta name=\"twitter:card\" content=\"summary_large_image\" \/>\n<meta name=\"twitter:label1\" content=\"Estimeret l\u00e6setid\" \/>\n\t<meta name=\"twitter:data1\" content=\"1 minut\" \/>\n<script type=\"application\/ld+json\" class=\"yoast-schema-graph\">{\"@context\":\"https:\\\/\\\/schema.org\",\"@graph\":[{\"@type\":\"WebPage\",\"@id\":\"https:\\\/\\\/dulonmarine.com\\\/pt\\\/piacaba\\\/dulon\\\/polish-wax\\\/produto-de-amostra\\\/premium-boat-wax-19-high-gloss-protection\\\/\",\"url\":\"https:\\\/\\\/dulonmarine.com\\\/pt\\\/piacaba\\\/dulon\\\/polish-wax\\\/produto-de-amostra\\\/premium-boat-wax-19-high-gloss-protection\\\/\",\"name\":\"Dulon Premium Boat Wax 19 - high gloss protection -\",\"isPartOf\":{\"@id\":\"https:\\\/\\\/dulonmarine.com\\\/pt\\\/#website\"},\"primaryImageOfPage\":{\"@id\":\"https:\\\/\\\/dulonmarine.com\\\/pt\\\/piacaba\\\/dulon\\\/polish-wax\\\/produto-de-amostra\\\/premium-boat-wax-19-high-gloss-protection\\\/#primaryimage\"},\"image\":{\"@id\":\"https:\\\/\\\/dulonmarine.com\\\/pt\\\/piacaba\\\/dulon\\\/polish-wax\\\/produto-de-amostra\\\/premium-boat-wax-19-high-gloss-protection\\\/#primaryimage\"},\"thumbnailUrl\":\"https:\\\/\\\/dulonmarine.com\\\/wp-content\\\/uploads\\\/2024\\\/10\\\/19-Dulon-marine-Premium-Boat-wax.jpg\",\"datePublished\":\"2020-07-29T11:11:52+00:00\",\"dateModified\":\"2024-10-30T10:50:07+00:00\",\"breadcrumb\":{\"@id\":\"https:\\\/\\\/dulonmarine.com\\\/pt\\\/piacaba\\\/dulon\\\/polish-wax\\\/produto-de-amostra\\\/premium-boat-wax-19-high-gloss-protection\\\/#breadcrumb\"},\"inLanguage\":\"da-DK\",\"potentialAction\":[{\"@type\":\"ReadAction\",\"target\":[\"https:\\\/\\\/dulonmarine.com\\\/pt\\\/piacaba\\\/dulon\\\/polish-wax\\\/produto-de-amostra\\\/premium-boat-wax-19-high-gloss-protection\\\/\"]}]},{\"@type\":\"ImageObject\",\"inLanguage\":\"da-DK\",\"@id\":\"https:\\\/\\\/dulonmarine.com\\\/pt\\\/piacaba\\\/dulon\\\/polish-wax\\\/produto-de-amostra\\\/premium-boat-wax-19-high-gloss-protection\\\/#primaryimage\",\"url\":\"https:\\\/\\\/dulonmarine.com\\\/wp-content\\\/uploads\\\/2024\\\/10\\\/19-Dulon-marine-Premium-Boat-wax.jpg\",\"contentUrl\":\"https:\\\/\\\/dulonmarine.com\\\/wp-content\\\/uploads\\\/2024\\\/10\\\/19-Dulon-marine-Premium-Boat-wax.jpg\",\"width\":1200,\"height\":1200},{\"@type\":\"BreadcrumbList\",\"@id\":\"https:\\\/\\\/dulonmarine.com\\\/pt\\\/piacaba\\\/dulon\\\/polish-wax\\\/produto-de-amostra\\\/premium-boat-wax-19-high-gloss-protection\\\/#breadcrumb\",\"itemListElement\":[{\"@type\":\"ListItem\",\"position\":1,\"name\":\"Home\",\"item\":\"https:\\\/\\\/dulonmarine.com\\\/\"},{\"@type\":\"ListItem\",\"position\":2,\"name\":\"Winkel\",\"item\":\"https:\\\/\\\/dulonmarine.com\\\/pt\\\/piacaba\\\/\"},{\"@type\":\"ListItem\",\"position\":3,\"name\":\"Dulon Premium Boat Wax 19 &#8211; high gloss protection\"}]},{\"@type\":\"WebSite\",\"@id\":\"https:\\\/\\\/dulonmarine.com\\\/pt\\\/#website\",\"url\":\"https:\\\/\\\/dulonmarine.com\\\/pt\\\/\",\"name\":\"Dulon Marine\",\"description\":\"Onderhoudsproducten voor de scheepvaart\",\"publisher\":{\"@id\":\"https:\\\/\\\/dulonmarine.com\\\/pt\\\/#organization\"},\"potentialAction\":[{\"@type\":\"SearchAction\",\"target\":{\"@type\":\"EntryPoint\",\"urlTemplate\":\"https:\\\/\\\/dulonmarine.com\\\/pt\\\/?s={search_term_string}\"},\"query-input\":{\"@type\":\"PropertyValueSpecification\",\"valueRequired\":true,\"valueName\":\"search_term_string\"}}],\"inLanguage\":\"da-DK\"},{\"@type\":\"Organization\",\"@id\":\"https:\\\/\\\/dulonmarine.com\\\/pt\\\/#organization\",\"name\":\"Dulon Marine Deckmate Group\",\"url\":\"https:\\\/\\\/dulonmarine.com\\\/pt\\\/\",\"logo\":{\"@type\":\"ImageObject\",\"inLanguage\":\"da-DK\",\"@id\":\"https:\\\/\\\/dulonmarine.com\\\/pt\\\/#\\\/schema\\\/logo\\\/image\\\/\",\"url\":\"http:\\\/\\\/dulonmarine.com\\\/wp-content\\\/uploads\\\/2023\\\/02\\\/Dulon-Marine-Deckmate-Group-logo-small.png\",\"contentUrl\":\"http:\\\/\\\/dulonmarine.com\\\/wp-content\\\/uploads\\\/2023\\\/02\\\/Dulon-Marine-Deckmate-Group-logo-small.png\",\"width\":350,\"height\":150,\"caption\":\"Dulon Marine Deckmate Group\"},\"image\":{\"@id\":\"https:\\\/\\\/dulonmarine.com\\\/pt\\\/#\\\/schema\\\/logo\\\/image\\\/\"},\"sameAs\":[\"https:\\\/\\\/www.facebook.com\\\/dulonmarine?locale=nl_NL\",\"https:\\\/\\\/www.instagram.com\\\/dulonmarinegroup\\\/\"]}]}<\/script>\n<!-- \/ Yoast SEO plugin. -->","yoast_head_json":{"title":"Dulon Premium Boat Wax 19 - h\u00f8jglansbeskyttelse.","robots":{"index":"index","follow":"follow","max-snippet":"max-snippet:-1","max-image-preview":"max-image-preview:large","max-video-preview":"max-video-preview:-1"},"canonical":"https:\/\/dulonmarine.com\/da\/winkel\/dulon\/polere-voks\/proveprodukt\/premium-badvoks-19-hojglansbeskyttelse\/","og_locale":"da_DK","og_type":"article","og_title":"Dulon Premium Boat Wax 19 - high gloss protection -","og_description":"High Gloss Protection    First class quality protection product with PTFE elements, special developed for new boats or boats in superb condition. PREMIUM BOAT WAX 19 is easy to apply and provides a high gloss finish. Optimum protection during the whole sailing season.   First class boat wax with PTFE elements.  Extreme shine &amp; protection throughout the sailing season.  Easy-On-Easy-Off","og_url":"https:\/\/dulonmarine.com\/da\/winkel\/dulon\/polere-voks\/proveprodukt\/premium-badvoks-19-hojglansbeskyttelse\/","og_site_name":"Dulon Marine","article_publisher":"https:\/\/www.facebook.com\/dulonmarine?locale=nl_NL","article_modified_time":"2024-10-30T10:50:07+00:00","og_image":[{"width":1200,"height":1200,"url":"https:\/\/dulonmarine.com\/wp-content\/uploads\/2024\/10\/19-Dulon-marine-Premium-Boat-wax.jpg","type":"image\/jpeg"}],"twitter_card":"summary_large_image","twitter_misc":{"Estimeret l\u00e6setid":"1 minut"},"schema":{"@context":"https:\/\/schema.org","@graph":[{"@type":"WebPage","@id":"https:\/\/dulonmarine.com\/pt\/piacaba\/dulon\/polish-wax\/produto-de-amostra\/premium-boat-wax-19-high-gloss-protection\/","url":"https:\/\/dulonmarine.com\/pt\/piacaba\/dulon\/polish-wax\/produto-de-amostra\/premium-boat-wax-19-high-gloss-protection\/","name":"Dulon Premium Boat Wax 19 - h\u00f8jglansbeskyttelse.","isPartOf":{"@id":"https:\/\/dulonmarine.com\/pt\/#website"},"primaryImageOfPage":{"@id":"https:\/\/dulonmarine.com\/pt\/piacaba\/dulon\/polish-wax\/produto-de-amostra\/premium-boat-wax-19-high-gloss-protection\/#primaryimage"},"image":{"@id":"https:\/\/dulonmarine.com\/pt\/piacaba\/dulon\/polish-wax\/produto-de-amostra\/premium-boat-wax-19-high-gloss-protection\/#primaryimage"},"thumbnailUrl":"https:\/\/dulonmarine.com\/wp-content\/uploads\/2024\/10\/19-Dulon-marine-Premium-Boat-wax.jpg","datePublished":"2020-07-29T11:11:52+00:00","dateModified":"2024-10-30T10:50:07+00:00","breadcrumb":{"@id":"https:\/\/dulonmarine.com\/pt\/piacaba\/dulon\/polish-wax\/produto-de-amostra\/premium-boat-wax-19-high-gloss-protection\/#breadcrumb"},"inLanguage":"da-DK","potentialAction":[{"@type":"ReadAction","target":["https:\/\/dulonmarine.com\/pt\/piacaba\/dulon\/polish-wax\/produto-de-amostra\/premium-boat-wax-19-high-gloss-protection\/"]}]},{"@type":"ImageObject","inLanguage":"da-DK","@id":"https:\/\/dulonmarine.com\/pt\/piacaba\/dulon\/polish-wax\/produto-de-amostra\/premium-boat-wax-19-high-gloss-protection\/#primaryimage","url":"https:\/\/dulonmarine.com\/wp-content\/uploads\/2024\/10\/19-Dulon-marine-Premium-Boat-wax.jpg","contentUrl":"https:\/\/dulonmarine.com\/wp-content\/uploads\/2024\/10\/19-Dulon-marine-Premium-Boat-wax.jpg","width":1200,"height":1200},{"@type":"BreadcrumbList","@id":"https:\/\/dulonmarine.com\/pt\/piacaba\/dulon\/polish-wax\/produto-de-amostra\/premium-boat-wax-19-high-gloss-protection\/#breadcrumb","itemListElement":[{"@type":"ListItem","position":1,"name":"Home","item":"https:\/\/dulonmarine.com\/"},{"@type":"ListItem","position":2,"name":"Winkel","item":"https:\/\/dulonmarine.com\/pt\/piacaba\/"},{"@type":"ListItem","position":3,"name":"Dulon Premium Boat Wax 19 &#8211; high gloss protection"}]},{"@type":"WebSite","@id":"https:\/\/dulonmarine.com\/pt\/#website","url":"https:\/\/dulonmarine.com\/pt\/","name":"Dulon Marine","description":"Onderhoudsproducten voor de scheepvaart","publisher":{"@id":"https:\/\/dulonmarine.com\/pt\/#organization"},"potentialAction":[{"@type":"SearchAction","target":{"@type":"EntryPoint","urlTemplate":"https:\/\/dulonmarine.com\/pt\/?s={search_term_string}"},"query-input":{"@type":"PropertyValueSpecification","valueRequired":true,"valueName":"search_term_string"}}],"inLanguage":"da-DK"},{"@type":"Organization","@id":"https:\/\/dulonmarine.com\/pt\/#organization","name":"Dulon Marine D\u00e6kpladegruppe","url":"https:\/\/dulonmarine.com\/pt\/","logo":{"@type":"ImageObject","inLanguage":"da-DK","@id":"https:\/\/dulonmarine.com\/pt\/#\/schema\/logo\/image\/","url":"http:\/\/dulonmarine.com\/wp-content\/uploads\/2023\/02\/Dulon-Marine-Deckmate-Group-logo-small.png","contentUrl":"http:\/\/dulonmarine.com\/wp-content\/uploads\/2023\/02\/Dulon-Marine-Deckmate-Group-logo-small.png","width":350,"height":150,"caption":"Dulon Marine Deckmate Group"},"image":{"@id":"https:\/\/dulonmarine.com\/pt\/#\/schema\/logo\/image\/"},"sameAs":["https:\/\/www.facebook.com\/dulonmarine?locale=nl_NL","https:\/\/www.instagram.com\/dulonmarinegroup\/"]}]}},"_links":{"self":[{"href":"https:\/\/dulonmarine.com\/da\/wp-json\/wp\/v2\/product\/7689","targetHints":{"allow":["GET"]}}],"collection":[{"href":"https:\/\/dulonmarine.com\/da\/wp-json\/wp\/v2\/product"}],"about":[{"href":"https:\/\/dulonmarine.com\/da\/wp-json\/wp\/v2\/types\/product"}],"wp:featuredmedia":[{"embeddable":true,"href":"https:\/\/dulonmarine.com\/da\/wp-json\/wp\/v2\/media\/9687"}],"wp:attachment":[{"href":"https:\/\/dulonmarine.com\/da\/wp-json\/wp\/v2\/media?parent=7689"}],"wp:term":[{"taxonomy":"product_brand","embeddable":true,"href":"https:\/\/dulonmarine.com\/da\/wp-json\/wp\/v2\/product_brand?post=7689"},{"taxonomy":"product_cat","embeddable":true,"href":"https:\/\/dulonmarine.com\/da\/wp-json\/wp\/v2\/product_cat?post=7689"},{"taxonomy":"product_tag","embeddable":true,"href":"https:\/\/dulonmarine.com\/da\/wp-json\/wp\/v2\/product_tag?post=7689"}],"curies":[{"name":"wp","href":"https:\/\/api.w.org\/{rel}","templated":true}]}}