{"id":8490,"date":"2023-02-08T10:20:00","date_gmt":"2023-02-08T09:20:00","guid":{"rendered":"http:\/\/dulonmarine.com\/?post_type=product&#038;p=8490"},"modified":"2024-10-24T12:46:42","modified_gmt":"2024-10-24T11:46:42","slug":"deckmate-dm140-borste-stiv","status":"publish","type":"product","link":"https:\/\/dulonmarine.com\/da\/winkel\/deckmate\/brushes\/sample-product\/deckmate-dm140-brush-stiff\/","title":{"rendered":"Deckmate DM140 B\u00f8rstestiv"},"content":{"rendered":"<p>Er fremstillet af en lakeret h\u00e5rdttr\u00e6sklods med b\u00f8rsteh\u00e5r placeret i en vinkel, s\u00e5 man kan n\u00e5 sv\u00e6rt tilg\u00e6ngelige steder. Den blanke, h\u00f8jglansanodiserede konnektor har en rustfri st\u00e5lfjederklemme, s\u00e5 du hurtigt kan montere b\u00f8rsten p\u00e5 et DeckMate-h\u00e5ndtag.<\/p>\n<p>Egenskaber:<\/p>\n<ul>\n<li>De 75 mm lange, hvide h\u00e5r af h\u00e5rd polypropylen er helt indkapslet i tr\u00e6blokken og fastgjort med korrosionsbestandige h\u00e6fteklammer.<\/li>\n<li>En hvid plastkofanger forhindrer ridser og skader under reng\u00f8ring.<\/li>\n<\/ul>","protected":false},"excerpt":{"rendered":"<p>Denne h\u00e5rde b\u00f8rste bruges til reng\u00f8ring af ru og meget snavsede overflader, s\u00e5som skrog, teakd\u00e6k og gulvbr\u00e6dder.<\/p>\n<p>Efter brug anbefales det at vaske b\u00f8rsten i rigeligt med frisk vand, ryste den og lade den t\u00f8rre.<\/p>\n<div class=\"x-video-inner\">\n    <video  \nclass=\"x-mejs x-wp-video-shortcode advanced-controls\" \n        width=\"400\" \n        height=\"400\" \n        loop autoplay muted playsinline style=\"border: none; outline: none; background: none;\"><source type=\"video\/mp4\" src=\"http:\/\/dulonmarine.com\/wp-content\/uploads\/2024\/10\/140_Brush_Stiff_1.mp4\"><\/video>\n<\/div>","protected":false},"featured_media":9388,"template":"","meta":{"_acf_changed":false,"om_disable_all_campaigns":false,"rs_blank_template":"","rs_page_bg_color":"","slide_template_v7":"","inline_featured_image":false,"_monsterinsights_skip_tracking":false,"_monsterinsights_sitenote_active":false,"_monsterinsights_sitenote_note":"","_monsterinsights_sitenote_category":0},"product_brand":[],"product_cat":[286,280],"product_tag":[295],"class_list":{"0":"post-8490","1":"product","2":"type-product","3":"status-publish","4":"has-post-thumbnail","6":"product_cat-brushes","7":"product_cat-deckmate","8":"product_tag-295","9":"pa_article-numbers-contents-dm140","12":"first","13":"instock","14":"taxable","15":"shipping-taxable","16":"purchasable","17":"product-type-simple"},"acf":[],"yoast_head":"<!-- This site is optimized with the Yoast SEO plugin v27.4 - https:\/\/yoast.com\/product\/yoast-seo-wordpress\/ -->\n<title>Deckmate DM140 Brush stiff - Dulon Marine<\/title>\n<meta name=\"description\" content=\"Is made from a varnished hard-wood block with brush hairs placed at an angle in order to get to hard-to-reach places.\" \/>\n<meta name=\"robots\" content=\"index, follow, max-snippet:-1, max-image-preview:large, max-video-preview:-1\" \/>\n<link rel=\"canonical\" href=\"https:\/\/dulonmarine.com\/da\/winkel\/daekkammerat\/borster\/proveprodukt\/deckmate-dm140-borste-stiv\/\" \/>\n<meta property=\"og:locale\" content=\"da_DK\" \/>\n<meta property=\"og:type\" content=\"article\" \/>\n<meta property=\"og:title\" content=\"Deckmate DM140 Brush stiff - Dulon Marine\" \/>\n<meta property=\"og:description\" content=\"Is made from a varnished hard-wood block with brush hairs placed at an angle in order to get to hard-to-reach places.\" \/>\n<meta property=\"og:url\" content=\"https:\/\/dulonmarine.com\/da\/winkel\/daekkammerat\/borster\/proveprodukt\/deckmate-dm140-borste-stiv\/\" \/>\n<meta property=\"og:site_name\" content=\"Dulon Marine\" \/>\n<meta property=\"article:publisher\" content=\"https:\/\/www.facebook.com\/dulonmarine?locale=nl_NL\" \/>\n<meta property=\"article:modified_time\" content=\"2024-10-24T11:46:42+00:00\" \/>\n<meta property=\"og:image\" content=\"https:\/\/dulonmarine.com\/wp-content\/uploads\/2023\/02\/140-Deckmate-Brush-hard-Without-packaging-View-from-above-1.jpg\" \/>\n\t<meta property=\"og:image:width\" content=\"1200\" \/>\n\t<meta property=\"og:image:height\" content=\"1200\" \/>\n\t<meta property=\"og:image:type\" content=\"image\/jpeg\" \/>\n<meta name=\"twitter:card\" content=\"summary_large_image\" \/>\n<meta name=\"twitter:label1\" content=\"Estimeret l\u00e6setid\" \/>\n\t<meta name=\"twitter:data1\" content=\"1 minut\" \/>\n<script type=\"application\/ld+json\" class=\"yoast-schema-graph\">{\"@context\":\"https:\\\/\\\/schema.org\",\"@graph\":[{\"@type\":\"WebPage\",\"@id\":\"https:\\\/\\\/dulonmarine.com\\\/winkel\\\/deckmate\\\/brushes\\\/sample-product\\\/deckmate-dm140-brush-stiff\\\/\",\"url\":\"https:\\\/\\\/dulonmarine.com\\\/winkel\\\/deckmate\\\/brushes\\\/sample-product\\\/deckmate-dm140-brush-stiff\\\/\",\"name\":\"Deckmate DM140 Brush stiff - Dulon Marine\",\"isPartOf\":{\"@id\":\"https:\\\/\\\/dulonmarine.com\\\/pt\\\/#website\"},\"primaryImageOfPage\":{\"@id\":\"https:\\\/\\\/dulonmarine.com\\\/winkel\\\/deckmate\\\/brushes\\\/sample-product\\\/deckmate-dm140-brush-stiff\\\/#primaryimage\"},\"image\":{\"@id\":\"https:\\\/\\\/dulonmarine.com\\\/winkel\\\/deckmate\\\/brushes\\\/sample-product\\\/deckmate-dm140-brush-stiff\\\/#primaryimage\"},\"thumbnailUrl\":\"https:\\\/\\\/dulonmarine.com\\\/wp-content\\\/uploads\\\/2023\\\/02\\\/140-Deckmate-Brush-hard-Without-packaging-View-from-above-1.jpg\",\"datePublished\":\"2023-02-08T09:20:00+00:00\",\"dateModified\":\"2024-10-24T11:46:42+00:00\",\"description\":\"Is made from a varnished hard-wood block with brush hairs placed at an angle in order to get to hard-to-reach places.\",\"breadcrumb\":{\"@id\":\"https:\\\/\\\/dulonmarine.com\\\/winkel\\\/deckmate\\\/brushes\\\/sample-product\\\/deckmate-dm140-brush-stiff\\\/#breadcrumb\"},\"inLanguage\":\"da-DK\",\"potentialAction\":[{\"@type\":\"ReadAction\",\"target\":[\"https:\\\/\\\/dulonmarine.com\\\/winkel\\\/deckmate\\\/brushes\\\/sample-product\\\/deckmate-dm140-brush-stiff\\\/\"]}]},{\"@type\":\"ImageObject\",\"inLanguage\":\"da-DK\",\"@id\":\"https:\\\/\\\/dulonmarine.com\\\/winkel\\\/deckmate\\\/brushes\\\/sample-product\\\/deckmate-dm140-brush-stiff\\\/#primaryimage\",\"url\":\"https:\\\/\\\/dulonmarine.com\\\/wp-content\\\/uploads\\\/2023\\\/02\\\/140-Deckmate-Brush-hard-Without-packaging-View-from-above-1.jpg\",\"contentUrl\":\"https:\\\/\\\/dulonmarine.com\\\/wp-content\\\/uploads\\\/2023\\\/02\\\/140-Deckmate-Brush-hard-Without-packaging-View-from-above-1.jpg\",\"width\":1200,\"height\":1200},{\"@type\":\"BreadcrumbList\",\"@id\":\"https:\\\/\\\/dulonmarine.com\\\/winkel\\\/deckmate\\\/brushes\\\/sample-product\\\/deckmate-dm140-brush-stiff\\\/#breadcrumb\",\"itemListElement\":[{\"@type\":\"ListItem\",\"position\":1,\"name\":\"Home\",\"item\":\"https:\\\/\\\/dulonmarine.com\\\/\"},{\"@type\":\"ListItem\",\"position\":2,\"name\":\"Winkel\",\"item\":\"https:\\\/\\\/dulonmarine.com\\\/pt\\\/piacaba\\\/\"},{\"@type\":\"ListItem\",\"position\":3,\"name\":\"Deckmate DM140 Brush stiff\"}]},{\"@type\":\"WebSite\",\"@id\":\"https:\\\/\\\/dulonmarine.com\\\/pt\\\/#website\",\"url\":\"https:\\\/\\\/dulonmarine.com\\\/pt\\\/\",\"name\":\"Dulon Marine\",\"description\":\"Onderhoudsproducten voor de scheepvaart\",\"publisher\":{\"@id\":\"https:\\\/\\\/dulonmarine.com\\\/pt\\\/#organization\"},\"potentialAction\":[{\"@type\":\"SearchAction\",\"target\":{\"@type\":\"EntryPoint\",\"urlTemplate\":\"https:\\\/\\\/dulonmarine.com\\\/pt\\\/?s={search_term_string}\"},\"query-input\":{\"@type\":\"PropertyValueSpecification\",\"valueRequired\":true,\"valueName\":\"search_term_string\"}}],\"inLanguage\":\"da-DK\"},{\"@type\":\"Organization\",\"@id\":\"https:\\\/\\\/dulonmarine.com\\\/pt\\\/#organization\",\"name\":\"Dulon Marine Deckmate Group\",\"url\":\"https:\\\/\\\/dulonmarine.com\\\/pt\\\/\",\"logo\":{\"@type\":\"ImageObject\",\"inLanguage\":\"da-DK\",\"@id\":\"https:\\\/\\\/dulonmarine.com\\\/pt\\\/#\\\/schema\\\/logo\\\/image\\\/\",\"url\":\"http:\\\/\\\/dulonmarine.com\\\/wp-content\\\/uploads\\\/2023\\\/02\\\/Dulon-Marine-Deckmate-Group-logo-small.png\",\"contentUrl\":\"http:\\\/\\\/dulonmarine.com\\\/wp-content\\\/uploads\\\/2023\\\/02\\\/Dulon-Marine-Deckmate-Group-logo-small.png\",\"width\":350,\"height\":150,\"caption\":\"Dulon Marine Deckmate Group\"},\"image\":{\"@id\":\"https:\\\/\\\/dulonmarine.com\\\/pt\\\/#\\\/schema\\\/logo\\\/image\\\/\"},\"sameAs\":[\"https:\\\/\\\/www.facebook.com\\\/dulonmarine?locale=nl_NL\",\"https:\\\/\\\/www.instagram.com\\\/dulonmarinegroup\\\/\"]}]}<\/script>\n<!-- \/ Yoast SEO plugin. -->","yoast_head_json":{"title":"Deckmate DM140 B\u00f8rste stiv - Dulon Marine","description":"Er fremstillet af en lakeret blok af h\u00e5rdt tr\u00e6 med b\u00f8rsteh\u00e5r placeret i en vinkel, s\u00e5 man kan n\u00e5 sv\u00e6rt tilg\u00e6ngelige steder.","robots":{"index":"index","follow":"follow","max-snippet":"max-snippet:-1","max-image-preview":"max-image-preview:large","max-video-preview":"max-video-preview:-1"},"canonical":"https:\/\/dulonmarine.com\/da\/winkel\/daekkammerat\/borster\/proveprodukt\/deckmate-dm140-borste-stiv\/","og_locale":"da_DK","og_type":"article","og_title":"Deckmate DM140 Brush stiff - Dulon Marine","og_description":"Is made from a varnished hard-wood block with brush hairs placed at an angle in order to get to hard-to-reach places.","og_url":"https:\/\/dulonmarine.com\/da\/winkel\/daekkammerat\/borster\/proveprodukt\/deckmate-dm140-borste-stiv\/","og_site_name":"Dulon Marine","article_publisher":"https:\/\/www.facebook.com\/dulonmarine?locale=nl_NL","article_modified_time":"2024-10-24T11:46:42+00:00","og_image":[{"width":1200,"height":1200,"url":"https:\/\/dulonmarine.com\/wp-content\/uploads\/2023\/02\/140-Deckmate-Brush-hard-Without-packaging-View-from-above-1.jpg","type":"image\/jpeg"}],"twitter_card":"summary_large_image","twitter_misc":{"Estimeret l\u00e6setid":"1 minut"},"schema":{"@context":"https:\/\/schema.org","@graph":[{"@type":"WebPage","@id":"https:\/\/dulonmarine.com\/winkel\/deckmate\/brushes\/sample-product\/deckmate-dm140-brush-stiff\/","url":"https:\/\/dulonmarine.com\/winkel\/deckmate\/brushes\/sample-product\/deckmate-dm140-brush-stiff\/","name":"Deckmate DM140 B\u00f8rste stiv - Dulon Marine","isPartOf":{"@id":"https:\/\/dulonmarine.com\/pt\/#website"},"primaryImageOfPage":{"@id":"https:\/\/dulonmarine.com\/winkel\/deckmate\/brushes\/sample-product\/deckmate-dm140-brush-stiff\/#primaryimage"},"image":{"@id":"https:\/\/dulonmarine.com\/winkel\/deckmate\/brushes\/sample-product\/deckmate-dm140-brush-stiff\/#primaryimage"},"thumbnailUrl":"https:\/\/dulonmarine.com\/wp-content\/uploads\/2023\/02\/140-Deckmate-Brush-hard-Without-packaging-View-from-above-1.jpg","datePublished":"2023-02-08T09:20:00+00:00","dateModified":"2024-10-24T11:46:42+00:00","description":"Er fremstillet af en lakeret blok af h\u00e5rdt tr\u00e6 med b\u00f8rsteh\u00e5r placeret i en vinkel, s\u00e5 man kan n\u00e5 sv\u00e6rt tilg\u00e6ngelige steder.","breadcrumb":{"@id":"https:\/\/dulonmarine.com\/winkel\/deckmate\/brushes\/sample-product\/deckmate-dm140-brush-stiff\/#breadcrumb"},"inLanguage":"da-DK","potentialAction":[{"@type":"ReadAction","target":["https:\/\/dulonmarine.com\/winkel\/deckmate\/brushes\/sample-product\/deckmate-dm140-brush-stiff\/"]}]},{"@type":"ImageObject","inLanguage":"da-DK","@id":"https:\/\/dulonmarine.com\/winkel\/deckmate\/brushes\/sample-product\/deckmate-dm140-brush-stiff\/#primaryimage","url":"https:\/\/dulonmarine.com\/wp-content\/uploads\/2023\/02\/140-Deckmate-Brush-hard-Without-packaging-View-from-above-1.jpg","contentUrl":"https:\/\/dulonmarine.com\/wp-content\/uploads\/2023\/02\/140-Deckmate-Brush-hard-Without-packaging-View-from-above-1.jpg","width":1200,"height":1200},{"@type":"BreadcrumbList","@id":"https:\/\/dulonmarine.com\/winkel\/deckmate\/brushes\/sample-product\/deckmate-dm140-brush-stiff\/#breadcrumb","itemListElement":[{"@type":"ListItem","position":1,"name":"Home","item":"https:\/\/dulonmarine.com\/"},{"@type":"ListItem","position":2,"name":"Winkel","item":"https:\/\/dulonmarine.com\/pt\/piacaba\/"},{"@type":"ListItem","position":3,"name":"Deckmate DM140 Brush stiff"}]},{"@type":"WebSite","@id":"https:\/\/dulonmarine.com\/pt\/#website","url":"https:\/\/dulonmarine.com\/pt\/","name":"Dulon Marine","description":"Onderhoudsproducten voor de scheepvaart","publisher":{"@id":"https:\/\/dulonmarine.com\/pt\/#organization"},"potentialAction":[{"@type":"SearchAction","target":{"@type":"EntryPoint","urlTemplate":"https:\/\/dulonmarine.com\/pt\/?s={search_term_string}"},"query-input":{"@type":"PropertyValueSpecification","valueRequired":true,"valueName":"search_term_string"}}],"inLanguage":"da-DK"},{"@type":"Organization","@id":"https:\/\/dulonmarine.com\/pt\/#organization","name":"Dulon Marine D\u00e6kpladegruppe","url":"https:\/\/dulonmarine.com\/pt\/","logo":{"@type":"ImageObject","inLanguage":"da-DK","@id":"https:\/\/dulonmarine.com\/pt\/#\/schema\/logo\/image\/","url":"http:\/\/dulonmarine.com\/wp-content\/uploads\/2023\/02\/Dulon-Marine-Deckmate-Group-logo-small.png","contentUrl":"http:\/\/dulonmarine.com\/wp-content\/uploads\/2023\/02\/Dulon-Marine-Deckmate-Group-logo-small.png","width":350,"height":150,"caption":"Dulon Marine Deckmate Group"},"image":{"@id":"https:\/\/dulonmarine.com\/pt\/#\/schema\/logo\/image\/"},"sameAs":["https:\/\/www.facebook.com\/dulonmarine?locale=nl_NL","https:\/\/www.instagram.com\/dulonmarinegroup\/"]}]}},"_links":{"self":[{"href":"https:\/\/dulonmarine.com\/da\/wp-json\/wp\/v2\/product\/8490","targetHints":{"allow":["GET"]}}],"collection":[{"href":"https:\/\/dulonmarine.com\/da\/wp-json\/wp\/v2\/product"}],"about":[{"href":"https:\/\/dulonmarine.com\/da\/wp-json\/wp\/v2\/types\/product"}],"wp:featuredmedia":[{"embeddable":true,"href":"https:\/\/dulonmarine.com\/da\/wp-json\/wp\/v2\/media\/9388"}],"wp:attachment":[{"href":"https:\/\/dulonmarine.com\/da\/wp-json\/wp\/v2\/media?parent=8490"}],"wp:term":[{"taxonomy":"product_brand","embeddable":true,"href":"https:\/\/dulonmarine.com\/da\/wp-json\/wp\/v2\/product_brand?post=8490"},{"taxonomy":"product_cat","embeddable":true,"href":"https:\/\/dulonmarine.com\/da\/wp-json\/wp\/v2\/product_cat?post=8490"},{"taxonomy":"product_tag","embeddable":true,"href":"https:\/\/dulonmarine.com\/da\/wp-json\/wp\/v2\/product_tag?post=8490"}],"curies":[{"name":"wp","href":"https:\/\/api.w.org\/{rel}","templated":true}]}}