{"id":8505,"date":"2023-02-08T13:39:18","date_gmt":"2023-02-08T12:39:18","guid":{"rendered":"http:\/\/dulonmarine.com\/?post_type=product&#038;p=8505"},"modified":"2024-10-24T13:00:23","modified_gmt":"2024-10-24T12:00:23","slug":"deckmate-dm230-mikrofiberbetraek-til-vaskehoved","status":"publish","type":"product","link":"https:\/\/dulonmarine.com\/da\/winkel\/deckmate\/wash-scrub\/sample-product\/deckmate-dm230-microfiber-washead-cover\/","title":{"rendered":"Deckmate DM230 Betr\u00e6k til vaskehoved i mikrofiber"},"content":{"rendered":"<p>Dette chenille-vaskebetr\u00e6k er lavet af et st\u00e6rkt og ekstremt bl\u00f8dt mikrofibermateriale, der best\u00e5r af 80% polyester og 20% polyamid i en orange farve. Dette vaskebetr\u00e6k er meget velegnet til reng\u00f8ring p\u00e5 afstand, fordi disse mikrofibertr\u00e5de absorberer og fastholder meget vand.<br \/>\nFordele:<\/p>\n<ul>\n<li>Velcrolukningen g\u00f8r det nemt at s\u00e6tte vaskebetr\u00e6kket fast p\u00e5 drejepladen. Desuden sidder det indvendige mikrofiberfor godt fast p\u00e5 drejeskivens velcrob\u00e5nd, s\u00e5 du undg\u00e5r, at vaskebetr\u00e6kket glider eller vrider sig over drejeskiven.<\/li>\n<li>Der er tilf\u00f8jet en skumpude med mikrofiberforing p\u00e5 indersiden for at beskytte reng\u00f8ringsoverfladen mod drejepladen, hvilket g\u00f8r det n\u00e6sten umuligt at beskadige overfladen under reng\u00f8ringen.<\/li>\n<\/ul>","protected":false},"excerpt":{"rendered":"<p>Dette mikrofiberbetr\u00e6k til vaskehovedet er velegnet til:<\/p>\n<ul>\n<li>Ved at bruge dette vasked\u00e6ksel i kombination med deckmate-drejepladen kan du reng\u00f8re ridsef\u00f8lsomme overflader fra en st\u00f8rre afstand eller h\u00f8jde ved hj\u00e6lp af et h\u00e5ndtag.<\/li>\n<li>Desuden kan vaskebetr\u00e6kket bruges t\u00f8rt til afst\u00f8vning af gulve og lignende.<\/li>\n<\/ul>\n<p>Efter brug anbefales det, at du vasker vaskebetr\u00e6kket i rigeligt ferskvand, vrider det og lader det t\u00f8rre.<\/p>\n<div class=\"x-video-inner\">\n    <video  \nclass=\"x-mejs x-wp-video-shortcode advanced-controls\" \n        width=\"400\" \n        height=\"400\" \n        loop autoplay muted playsinline style=\"border: none; outline: none; background: none;\"><source type=\"video\/mp4\" src=\"http:\/\/dulonmarine.com\/wp-content\/uploads\/2024\/10\/230_Microfiber_Washhead_Cover_1.mp4\"><\/video>\n<\/div>","protected":false},"featured_media":9395,"template":"","meta":{"_acf_changed":false,"om_disable_all_campaigns":false,"rs_blank_template":"","rs_page_bg_color":"","slide_template_v7":"","inline_featured_image":false,"_monsterinsights_skip_tracking":false,"_monsterinsights_sitenote_active":false,"_monsterinsights_sitenote_note":"","_monsterinsights_sitenote_category":0},"product_brand":[],"product_cat":[280,307],"product_tag":[314],"class_list":{"0":"post-8505","1":"product","2":"type-product","3":"status-publish","4":"has-post-thumbnail","6":"product_cat-deckmate","7":"product_cat-wash-scrub","8":"product_tag-314","9":"pa_article-numbers-contents-dm230","12":"first","13":"instock","14":"taxable","15":"shipping-taxable","16":"purchasable","17":"product-type-simple"},"acf":[],"yoast_head":"<!-- This site is optimized with the Yoast SEO plugin v27.4 - https:\/\/yoast.com\/product\/yoast-seo-wordpress\/ -->\n<title>Deckmate DM230 Microfiber washhead cover - Dulon Marine<\/title>\n<meta name=\"description\" content=\"This chenille washcover is made of strong and extremely soft microfibre material, consisting of 80% polyester and 20% polyamide in an orange colour.\" \/>\n<meta name=\"robots\" content=\"index, follow, max-snippet:-1, max-image-preview:large, max-video-preview:-1\" \/>\n<link rel=\"canonical\" href=\"https:\/\/dulonmarine.com\/da\/winkel\/daekkammerat\/vaske-skrubbe\/proveprodukt\/deckmate-dm230-mikrofiberbetraek-til-vaskehoved\/\" \/>\n<meta property=\"og:locale\" content=\"da_DK\" \/>\n<meta property=\"og:type\" content=\"article\" \/>\n<meta property=\"og:title\" content=\"Deckmate DM230 Microfiber washhead cover - Dulon Marine\" \/>\n<meta property=\"og:description\" content=\"This chenille washcover is made of strong and extremely soft microfibre material, consisting of 80% polyester and 20% polyamide in an orange colour.\" \/>\n<meta property=\"og:url\" content=\"https:\/\/dulonmarine.com\/da\/winkel\/daekkammerat\/vaske-skrubbe\/proveprodukt\/deckmate-dm230-mikrofiberbetraek-til-vaskehoved\/\" \/>\n<meta property=\"og:site_name\" content=\"Dulon Marine\" \/>\n<meta property=\"article:publisher\" content=\"https:\/\/www.facebook.com\/dulonmarine?locale=nl_NL\" \/>\n<meta property=\"article:modified_time\" content=\"2024-10-24T12:00:23+00:00\" \/>\n<meta property=\"og:image\" content=\"https:\/\/dulonmarine.com\/wp-content\/uploads\/2023\/02\/230-Microfiber-washead-cover-side.jpg\" \/>\n\t<meta property=\"og:image:width\" content=\"1200\" \/>\n\t<meta property=\"og:image:height\" content=\"1200\" \/>\n\t<meta property=\"og:image:type\" content=\"image\/jpeg\" \/>\n<meta name=\"twitter:card\" content=\"summary_large_image\" \/>\n<meta name=\"twitter:label1\" content=\"Estimeret l\u00e6setid\" \/>\n\t<meta name=\"twitter:data1\" content=\"1 minut\" \/>\n<script type=\"application\/ld+json\" class=\"yoast-schema-graph\">{\"@context\":\"https:\\\/\\\/schema.org\",\"@graph\":[{\"@type\":\"WebPage\",\"@id\":\"https:\\\/\\\/dulonmarine.com\\\/es\\\/winkel\\\/companero-de-cubierta\\\/lavar-fregar\\\/producto-de-muestra\\\/deckmate-dm230-microfibra-washead-cover\\\/\",\"url\":\"https:\\\/\\\/dulonmarine.com\\\/es\\\/winkel\\\/companero-de-cubierta\\\/lavar-fregar\\\/producto-de-muestra\\\/deckmate-dm230-microfibra-washead-cover\\\/\",\"name\":\"Deckmate DM230 Microfiber washhead cover - Dulon Marine\",\"isPartOf\":{\"@id\":\"https:\\\/\\\/dulonmarine.com\\\/pt\\\/#website\"},\"primaryImageOfPage\":{\"@id\":\"https:\\\/\\\/dulonmarine.com\\\/es\\\/winkel\\\/companero-de-cubierta\\\/lavar-fregar\\\/producto-de-muestra\\\/deckmate-dm230-microfibra-washead-cover\\\/#primaryimage\"},\"image\":{\"@id\":\"https:\\\/\\\/dulonmarine.com\\\/es\\\/winkel\\\/companero-de-cubierta\\\/lavar-fregar\\\/producto-de-muestra\\\/deckmate-dm230-microfibra-washead-cover\\\/#primaryimage\"},\"thumbnailUrl\":\"https:\\\/\\\/dulonmarine.com\\\/wp-content\\\/uploads\\\/2023\\\/02\\\/230-Microfiber-washead-cover-side.jpg\",\"datePublished\":\"2023-02-08T12:39:18+00:00\",\"dateModified\":\"2024-10-24T12:00:23+00:00\",\"description\":\"This chenille washcover is made of strong and extremely soft microfibre material, consisting of 80% polyester and 20% polyamide in an orange colour.\",\"breadcrumb\":{\"@id\":\"https:\\\/\\\/dulonmarine.com\\\/es\\\/winkel\\\/companero-de-cubierta\\\/lavar-fregar\\\/producto-de-muestra\\\/deckmate-dm230-microfibra-washead-cover\\\/#breadcrumb\"},\"inLanguage\":\"da-DK\",\"potentialAction\":[{\"@type\":\"ReadAction\",\"target\":[\"https:\\\/\\\/dulonmarine.com\\\/es\\\/winkel\\\/companero-de-cubierta\\\/lavar-fregar\\\/producto-de-muestra\\\/deckmate-dm230-microfibra-washead-cover\\\/\"]}]},{\"@type\":\"ImageObject\",\"inLanguage\":\"da-DK\",\"@id\":\"https:\\\/\\\/dulonmarine.com\\\/es\\\/winkel\\\/companero-de-cubierta\\\/lavar-fregar\\\/producto-de-muestra\\\/deckmate-dm230-microfibra-washead-cover\\\/#primaryimage\",\"url\":\"https:\\\/\\\/dulonmarine.com\\\/wp-content\\\/uploads\\\/2023\\\/02\\\/230-Microfiber-washead-cover-side.jpg\",\"contentUrl\":\"https:\\\/\\\/dulonmarine.com\\\/wp-content\\\/uploads\\\/2023\\\/02\\\/230-Microfiber-washead-cover-side.jpg\",\"width\":1200,\"height\":1200},{\"@type\":\"BreadcrumbList\",\"@id\":\"https:\\\/\\\/dulonmarine.com\\\/es\\\/winkel\\\/companero-de-cubierta\\\/lavar-fregar\\\/producto-de-muestra\\\/deckmate-dm230-microfibra-washead-cover\\\/#breadcrumb\",\"itemListElement\":[{\"@type\":\"ListItem\",\"position\":1,\"name\":\"Home\",\"item\":\"https:\\\/\\\/dulonmarine.com\\\/\"},{\"@type\":\"ListItem\",\"position\":2,\"name\":\"Winkel\",\"item\":\"https:\\\/\\\/dulonmarine.com\\\/pt\\\/piacaba\\\/\"},{\"@type\":\"ListItem\",\"position\":3,\"name\":\"Deckmate DM230 Microfiber washhead cover\"}]},{\"@type\":\"WebSite\",\"@id\":\"https:\\\/\\\/dulonmarine.com\\\/pt\\\/#website\",\"url\":\"https:\\\/\\\/dulonmarine.com\\\/pt\\\/\",\"name\":\"Dulon Marine\",\"description\":\"Onderhoudsproducten voor de scheepvaart\",\"publisher\":{\"@id\":\"https:\\\/\\\/dulonmarine.com\\\/pt\\\/#organization\"},\"potentialAction\":[{\"@type\":\"SearchAction\",\"target\":{\"@type\":\"EntryPoint\",\"urlTemplate\":\"https:\\\/\\\/dulonmarine.com\\\/pt\\\/?s={search_term_string}\"},\"query-input\":{\"@type\":\"PropertyValueSpecification\",\"valueRequired\":true,\"valueName\":\"search_term_string\"}}],\"inLanguage\":\"da-DK\"},{\"@type\":\"Organization\",\"@id\":\"https:\\\/\\\/dulonmarine.com\\\/pt\\\/#organization\",\"name\":\"Dulon Marine Deckmate Group\",\"url\":\"https:\\\/\\\/dulonmarine.com\\\/pt\\\/\",\"logo\":{\"@type\":\"ImageObject\",\"inLanguage\":\"da-DK\",\"@id\":\"https:\\\/\\\/dulonmarine.com\\\/pt\\\/#\\\/schema\\\/logo\\\/image\\\/\",\"url\":\"http:\\\/\\\/dulonmarine.com\\\/wp-content\\\/uploads\\\/2023\\\/02\\\/Dulon-Marine-Deckmate-Group-logo-small.png\",\"contentUrl\":\"http:\\\/\\\/dulonmarine.com\\\/wp-content\\\/uploads\\\/2023\\\/02\\\/Dulon-Marine-Deckmate-Group-logo-small.png\",\"width\":350,\"height\":150,\"caption\":\"Dulon Marine Deckmate Group\"},\"image\":{\"@id\":\"https:\\\/\\\/dulonmarine.com\\\/pt\\\/#\\\/schema\\\/logo\\\/image\\\/\"},\"sameAs\":[\"https:\\\/\\\/www.facebook.com\\\/dulonmarine?locale=nl_NL\",\"https:\\\/\\\/www.instagram.com\\\/dulonmarinegroup\\\/\"]}]}<\/script>\n<!-- \/ Yoast SEO plugin. -->","yoast_head_json":{"title":"Deckmate DM230 Overtr\u00e6k til vaskehoved i mikrofiber - Dulon Marine","description":"Dette chenille-vaskebetr\u00e6k er lavet af st\u00e6rkt og ekstremt bl\u00f8dt mikrofibermateriale, der best\u00e5r af 80% polyester og 20% polyamid i en orange farve.","robots":{"index":"index","follow":"follow","max-snippet":"max-snippet:-1","max-image-preview":"max-image-preview:large","max-video-preview":"max-video-preview:-1"},"canonical":"https:\/\/dulonmarine.com\/da\/winkel\/daekkammerat\/vaske-skrubbe\/proveprodukt\/deckmate-dm230-mikrofiberbetraek-til-vaskehoved\/","og_locale":"da_DK","og_type":"article","og_title":"Deckmate DM230 Microfiber washhead cover - Dulon Marine","og_description":"This chenille washcover is made of strong and extremely soft microfibre material, consisting of 80% polyester and 20% polyamide in an orange colour.","og_url":"https:\/\/dulonmarine.com\/da\/winkel\/daekkammerat\/vaske-skrubbe\/proveprodukt\/deckmate-dm230-mikrofiberbetraek-til-vaskehoved\/","og_site_name":"Dulon Marine","article_publisher":"https:\/\/www.facebook.com\/dulonmarine?locale=nl_NL","article_modified_time":"2024-10-24T12:00:23+00:00","og_image":[{"width":1200,"height":1200,"url":"https:\/\/dulonmarine.com\/wp-content\/uploads\/2023\/02\/230-Microfiber-washead-cover-side.jpg","type":"image\/jpeg"}],"twitter_card":"summary_large_image","twitter_misc":{"Estimeret l\u00e6setid":"1 minut"},"schema":{"@context":"https:\/\/schema.org","@graph":[{"@type":"WebPage","@id":"https:\/\/dulonmarine.com\/es\/winkel\/companero-de-cubierta\/lavar-fregar\/producto-de-muestra\/deckmate-dm230-microfibra-washead-cover\/","url":"https:\/\/dulonmarine.com\/es\/winkel\/companero-de-cubierta\/lavar-fregar\/producto-de-muestra\/deckmate-dm230-microfibra-washead-cover\/","name":"Deckmate DM230 Overtr\u00e6k til vaskehoved i mikrofiber - Dulon Marine","isPartOf":{"@id":"https:\/\/dulonmarine.com\/pt\/#website"},"primaryImageOfPage":{"@id":"https:\/\/dulonmarine.com\/es\/winkel\/companero-de-cubierta\/lavar-fregar\/producto-de-muestra\/deckmate-dm230-microfibra-washead-cover\/#primaryimage"},"image":{"@id":"https:\/\/dulonmarine.com\/es\/winkel\/companero-de-cubierta\/lavar-fregar\/producto-de-muestra\/deckmate-dm230-microfibra-washead-cover\/#primaryimage"},"thumbnailUrl":"https:\/\/dulonmarine.com\/wp-content\/uploads\/2023\/02\/230-Microfiber-washead-cover-side.jpg","datePublished":"2023-02-08T12:39:18+00:00","dateModified":"2024-10-24T12:00:23+00:00","description":"Dette chenille-vaskebetr\u00e6k er lavet af st\u00e6rkt og ekstremt bl\u00f8dt mikrofibermateriale, der best\u00e5r af 80% polyester og 20% polyamid i en orange farve.","breadcrumb":{"@id":"https:\/\/dulonmarine.com\/es\/winkel\/companero-de-cubierta\/lavar-fregar\/producto-de-muestra\/deckmate-dm230-microfibra-washead-cover\/#breadcrumb"},"inLanguage":"da-DK","potentialAction":[{"@type":"ReadAction","target":["https:\/\/dulonmarine.com\/es\/winkel\/companero-de-cubierta\/lavar-fregar\/producto-de-muestra\/deckmate-dm230-microfibra-washead-cover\/"]}]},{"@type":"ImageObject","inLanguage":"da-DK","@id":"https:\/\/dulonmarine.com\/es\/winkel\/companero-de-cubierta\/lavar-fregar\/producto-de-muestra\/deckmate-dm230-microfibra-washead-cover\/#primaryimage","url":"https:\/\/dulonmarine.com\/wp-content\/uploads\/2023\/02\/230-Microfiber-washead-cover-side.jpg","contentUrl":"https:\/\/dulonmarine.com\/wp-content\/uploads\/2023\/02\/230-Microfiber-washead-cover-side.jpg","width":1200,"height":1200},{"@type":"BreadcrumbList","@id":"https:\/\/dulonmarine.com\/es\/winkel\/companero-de-cubierta\/lavar-fregar\/producto-de-muestra\/deckmate-dm230-microfibra-washead-cover\/#breadcrumb","itemListElement":[{"@type":"ListItem","position":1,"name":"Home","item":"https:\/\/dulonmarine.com\/"},{"@type":"ListItem","position":2,"name":"Winkel","item":"https:\/\/dulonmarine.com\/pt\/piacaba\/"},{"@type":"ListItem","position":3,"name":"Deckmate DM230 Microfiber washhead cover"}]},{"@type":"WebSite","@id":"https:\/\/dulonmarine.com\/pt\/#website","url":"https:\/\/dulonmarine.com\/pt\/","name":"Dulon Marine","description":"Onderhoudsproducten voor de scheepvaart","publisher":{"@id":"https:\/\/dulonmarine.com\/pt\/#organization"},"potentialAction":[{"@type":"SearchAction","target":{"@type":"EntryPoint","urlTemplate":"https:\/\/dulonmarine.com\/pt\/?s={search_term_string}"},"query-input":{"@type":"PropertyValueSpecification","valueRequired":true,"valueName":"search_term_string"}}],"inLanguage":"da-DK"},{"@type":"Organization","@id":"https:\/\/dulonmarine.com\/pt\/#organization","name":"Dulon Marine D\u00e6kpladegruppe","url":"https:\/\/dulonmarine.com\/pt\/","logo":{"@type":"ImageObject","inLanguage":"da-DK","@id":"https:\/\/dulonmarine.com\/pt\/#\/schema\/logo\/image\/","url":"http:\/\/dulonmarine.com\/wp-content\/uploads\/2023\/02\/Dulon-Marine-Deckmate-Group-logo-small.png","contentUrl":"http:\/\/dulonmarine.com\/wp-content\/uploads\/2023\/02\/Dulon-Marine-Deckmate-Group-logo-small.png","width":350,"height":150,"caption":"Dulon Marine Deckmate Group"},"image":{"@id":"https:\/\/dulonmarine.com\/pt\/#\/schema\/logo\/image\/"},"sameAs":["https:\/\/www.facebook.com\/dulonmarine?locale=nl_NL","https:\/\/www.instagram.com\/dulonmarinegroup\/"]}]}},"_links":{"self":[{"href":"https:\/\/dulonmarine.com\/da\/wp-json\/wp\/v2\/product\/8505","targetHints":{"allow":["GET"]}}],"collection":[{"href":"https:\/\/dulonmarine.com\/da\/wp-json\/wp\/v2\/product"}],"about":[{"href":"https:\/\/dulonmarine.com\/da\/wp-json\/wp\/v2\/types\/product"}],"wp:featuredmedia":[{"embeddable":true,"href":"https:\/\/dulonmarine.com\/da\/wp-json\/wp\/v2\/media\/9395"}],"wp:attachment":[{"href":"https:\/\/dulonmarine.com\/da\/wp-json\/wp\/v2\/media?parent=8505"}],"wp:term":[{"taxonomy":"product_brand","embeddable":true,"href":"https:\/\/dulonmarine.com\/da\/wp-json\/wp\/v2\/product_brand?post=8505"},{"taxonomy":"product_cat","embeddable":true,"href":"https:\/\/dulonmarine.com\/da\/wp-json\/wp\/v2\/product_cat?post=8505"},{"taxonomy":"product_tag","embeddable":true,"href":"https:\/\/dulonmarine.com\/da\/wp-json\/wp\/v2\/product_tag?post=8505"}],"curies":[{"name":"wp","href":"https:\/\/api.w.org\/{rel}","templated":true}]}}