{"id":8487,"date":"2023-02-08T10:13:35","date_gmt":"2023-02-08T09:13:35","guid":{"rendered":"http:\/\/dulonmarine.com\/?post_type=product&#038;p=8487"},"modified":"2024-10-24T12:45:11","modified_gmt":"2024-10-24T11:45:11","slug":"deckmate-dm130-medium-burste","status":"publish","type":"product","link":"https:\/\/dulonmarine.com\/de\/winkel\/deckmate\/brushes\/sample-product\/deckmate-dm130-medium-brush\/","title":{"rendered":"Deckmate DM130 Medium B\u00fcrste"},"content":{"rendered":"<p>Besteht aus einem lackierten Hartholzblock mit schr\u00e4g gestellten B\u00fcrstenhaaren, um auch schwer zug\u00e4ngliche Stellen zu erreichen.  Der hochglanzeloxierte Anschluss ist mit einem Federclipknopf aus Edelstahl ausgestattet, mit dem die B\u00fcrste schnell an einem Deckmate-Griff befestigt werden kann.<\/p>\n<p>Eigenschaften:<\/p>\n<ul>\n<li>Die 75 mm langen orangefarbenen PVC-B\u00fcrstenhaare sind vollst\u00e4ndig von dem Holzblock umschlossen und mit korrosionsbest\u00e4ndigen Heftklammern befestigt.<\/li>\n<li>Ein wei\u00dfer Kunststoffsto\u00dff\u00e4nger verhindert Streifen und Sch\u00e4den bei der Reinigung.<\/li>\n<\/ul>","protected":false},"excerpt":{"rendered":"<p>F\u00fcr die Reinigung von Teakholz- oder Antirutschdecks und auch f\u00fcr Segeltuchprodukte sehr gut geeignet.<\/p>\n<p>Nach dem Gebrauch empfiehlt es sich, die B\u00fcrste in reichlich frischem Wasser auszuwaschen, sie auszusch\u00fctteln und trocknen zu lassen.<\/p>\n<div class=\"x-video-inner\">\n    <video  \nclass=\"x-mejs x-wp-video-shortcode advanced-controls\" \n        width=\"400\" \n        height=\"400\" \n        loop autoplay muted playsinline style=\"border: none; outline: none; background: none;\"><source type=\"video\/mp4\" src=\"http:\/\/dulonmarine.com\/wp-content\/uploads\/2024\/10\/130_Medium_Brush_1.mp4\"><\/video>\n<\/div>","protected":false},"featured_media":9346,"template":"","meta":{"_acf_changed":false,"om_disable_all_campaigns":false,"rs_blank_template":"","rs_page_bg_color":"","slide_template_v7":"","inline_featured_image":false,"_monsterinsights_skip_tracking":false,"_monsterinsights_sitenote_active":false,"_monsterinsights_sitenote_note":"","_monsterinsights_sitenote_category":0},"product_brand":[],"product_cat":[286,280],"product_tag":[296],"class_list":{"0":"post-8487","1":"product","2":"type-product","3":"status-publish","4":"has-post-thumbnail","6":"product_cat-brushes","7":"product_cat-deckmate","8":"product_tag-296","9":"pa_article-numbers-contents-dm130","12":"first","13":"instock","14":"taxable","15":"shipping-taxable","16":"purchasable","17":"product-type-simple"},"acf":[],"yoast_head":"<!-- This site is optimized with the Yoast SEO plugin v27.4 - https:\/\/yoast.com\/product\/yoast-seo-wordpress\/ -->\n<title>Deckmate DM130 Medium brush - Dulon Marine<\/title>\n<meta name=\"description\" content=\"Is made from a varnished hard-wood block with brush hairs placed at an angle in order to get to hard-to-reach places.\" \/>\n<meta name=\"robots\" content=\"index, follow, max-snippet:-1, max-image-preview:large, max-video-preview:-1\" \/>\n<link rel=\"canonical\" href=\"https:\/\/dulonmarine.com\/de\/winkel\/deckmate\/bursten\/musterprodukt\/deckmate-dm130-medium-burste\/\" \/>\n<meta property=\"og:locale\" content=\"de_DE\" \/>\n<meta property=\"og:type\" content=\"article\" \/>\n<meta property=\"og:title\" content=\"Deckmate DM130 Medium brush - Dulon Marine\" \/>\n<meta property=\"og:description\" content=\"Is made from a varnished hard-wood block with brush hairs placed at an angle in order to get to hard-to-reach places.\" \/>\n<meta property=\"og:url\" content=\"https:\/\/dulonmarine.com\/de\/winkel\/deckmate\/bursten\/musterprodukt\/deckmate-dm130-medium-burste\/\" \/>\n<meta property=\"og:site_name\" content=\"Dulon Marine\" \/>\n<meta property=\"article:publisher\" content=\"https:\/\/www.facebook.com\/dulonmarine?locale=nl_NL\" \/>\n<meta property=\"article:modified_time\" content=\"2024-10-24T11:45:11+00:00\" \/>\n<meta property=\"og:image\" content=\"https:\/\/dulonmarine.com\/wp-content\/uploads\/2023\/02\/130-Deckmate-Brush-medium-Without-packaging-View-from-above.jpg\" \/>\n\t<meta property=\"og:image:width\" content=\"1200\" \/>\n\t<meta property=\"og:image:height\" content=\"1200\" \/>\n\t<meta property=\"og:image:type\" content=\"image\/jpeg\" \/>\n<meta name=\"twitter:card\" content=\"summary_large_image\" \/>\n<meta name=\"twitter:label1\" content=\"Gesch\u00e4tzte Lesezeit\" \/>\n\t<meta name=\"twitter:data1\" content=\"1\u00a0Minute\" \/>\n<script type=\"application\/ld+json\" class=\"yoast-schema-graph\">{\"@context\":\"https:\\\/\\\/schema.org\",\"@graph\":[{\"@type\":\"WebPage\",\"@id\":\"https:\\\/\\\/dulonmarine.com\\\/winkel\\\/deckmate\\\/brushes\\\/sample-product\\\/deckmate-dm130-medium-brush\\\/\",\"url\":\"https:\\\/\\\/dulonmarine.com\\\/winkel\\\/deckmate\\\/brushes\\\/sample-product\\\/deckmate-dm130-medium-brush\\\/\",\"name\":\"Deckmate DM130 Medium brush - Dulon Marine\",\"isPartOf\":{\"@id\":\"https:\\\/\\\/dulonmarine.com\\\/pt\\\/#website\"},\"primaryImageOfPage\":{\"@id\":\"https:\\\/\\\/dulonmarine.com\\\/winkel\\\/deckmate\\\/brushes\\\/sample-product\\\/deckmate-dm130-medium-brush\\\/#primaryimage\"},\"image\":{\"@id\":\"https:\\\/\\\/dulonmarine.com\\\/winkel\\\/deckmate\\\/brushes\\\/sample-product\\\/deckmate-dm130-medium-brush\\\/#primaryimage\"},\"thumbnailUrl\":\"https:\\\/\\\/dulonmarine.com\\\/wp-content\\\/uploads\\\/2023\\\/02\\\/130-Deckmate-Brush-medium-Without-packaging-View-from-above.jpg\",\"datePublished\":\"2023-02-08T09:13:35+00:00\",\"dateModified\":\"2024-10-24T11:45:11+00:00\",\"description\":\"Is made from a varnished hard-wood block with brush hairs placed at an angle in order to get to hard-to-reach places.\",\"breadcrumb\":{\"@id\":\"https:\\\/\\\/dulonmarine.com\\\/winkel\\\/deckmate\\\/brushes\\\/sample-product\\\/deckmate-dm130-medium-brush\\\/#breadcrumb\"},\"inLanguage\":\"de\",\"potentialAction\":[{\"@type\":\"ReadAction\",\"target\":[\"https:\\\/\\\/dulonmarine.com\\\/winkel\\\/deckmate\\\/brushes\\\/sample-product\\\/deckmate-dm130-medium-brush\\\/\"]}]},{\"@type\":\"ImageObject\",\"inLanguage\":\"de\",\"@id\":\"https:\\\/\\\/dulonmarine.com\\\/winkel\\\/deckmate\\\/brushes\\\/sample-product\\\/deckmate-dm130-medium-brush\\\/#primaryimage\",\"url\":\"https:\\\/\\\/dulonmarine.com\\\/wp-content\\\/uploads\\\/2023\\\/02\\\/130-Deckmate-Brush-medium-Without-packaging-View-from-above.jpg\",\"contentUrl\":\"https:\\\/\\\/dulonmarine.com\\\/wp-content\\\/uploads\\\/2023\\\/02\\\/130-Deckmate-Brush-medium-Without-packaging-View-from-above.jpg\",\"width\":1200,\"height\":1200},{\"@type\":\"BreadcrumbList\",\"@id\":\"https:\\\/\\\/dulonmarine.com\\\/winkel\\\/deckmate\\\/brushes\\\/sample-product\\\/deckmate-dm130-medium-brush\\\/#breadcrumb\",\"itemListElement\":[{\"@type\":\"ListItem\",\"position\":1,\"name\":\"Home\",\"item\":\"https:\\\/\\\/dulonmarine.com\\\/\"},{\"@type\":\"ListItem\",\"position\":2,\"name\":\"Winkel\",\"item\":\"https:\\\/\\\/dulonmarine.com\\\/pt\\\/piacaba\\\/\"},{\"@type\":\"ListItem\",\"position\":3,\"name\":\"Deckmate DM130 Medium brush\"}]},{\"@type\":\"WebSite\",\"@id\":\"https:\\\/\\\/dulonmarine.com\\\/pt\\\/#website\",\"url\":\"https:\\\/\\\/dulonmarine.com\\\/pt\\\/\",\"name\":\"Dulon Marine\",\"description\":\"Onderhoudsproducten voor de scheepvaart\",\"publisher\":{\"@id\":\"https:\\\/\\\/dulonmarine.com\\\/pt\\\/#organization\"},\"potentialAction\":[{\"@type\":\"SearchAction\",\"target\":{\"@type\":\"EntryPoint\",\"urlTemplate\":\"https:\\\/\\\/dulonmarine.com\\\/pt\\\/?s={search_term_string}\"},\"query-input\":{\"@type\":\"PropertyValueSpecification\",\"valueRequired\":true,\"valueName\":\"search_term_string\"}}],\"inLanguage\":\"de\"},{\"@type\":\"Organization\",\"@id\":\"https:\\\/\\\/dulonmarine.com\\\/pt\\\/#organization\",\"name\":\"Dulon Marine Deckmate Group\",\"url\":\"https:\\\/\\\/dulonmarine.com\\\/pt\\\/\",\"logo\":{\"@type\":\"ImageObject\",\"inLanguage\":\"de\",\"@id\":\"https:\\\/\\\/dulonmarine.com\\\/pt\\\/#\\\/schema\\\/logo\\\/image\\\/\",\"url\":\"http:\\\/\\\/dulonmarine.com\\\/wp-content\\\/uploads\\\/2023\\\/02\\\/Dulon-Marine-Deckmate-Group-logo-small.png\",\"contentUrl\":\"http:\\\/\\\/dulonmarine.com\\\/wp-content\\\/uploads\\\/2023\\\/02\\\/Dulon-Marine-Deckmate-Group-logo-small.png\",\"width\":350,\"height\":150,\"caption\":\"Dulon Marine Deckmate Group\"},\"image\":{\"@id\":\"https:\\\/\\\/dulonmarine.com\\\/pt\\\/#\\\/schema\\\/logo\\\/image\\\/\"},\"sameAs\":[\"https:\\\/\\\/www.facebook.com\\\/dulonmarine?locale=nl_NL\",\"https:\\\/\\\/www.instagram.com\\\/dulonmarinegroup\\\/\"]}]}<\/script>\n<!-- \/ Yoast SEO plugin. -->","yoast_head_json":{"title":"Deckmate DM130 Mittlere B\u00fcrste - Dulon Marine","description":"Besteht aus einem lackierten Hartholzblock mit schr\u00e4g gestellten B\u00fcrstenhaaren, um auch an schwer zug\u00e4ngliche Stellen zu gelangen.","robots":{"index":"index","follow":"follow","max-snippet":"max-snippet:-1","max-image-preview":"max-image-preview:large","max-video-preview":"max-video-preview:-1"},"canonical":"https:\/\/dulonmarine.com\/de\/winkel\/deckmate\/bursten\/musterprodukt\/deckmate-dm130-medium-burste\/","og_locale":"de_DE","og_type":"article","og_title":"Deckmate DM130 Medium brush - Dulon Marine","og_description":"Is made from a varnished hard-wood block with brush hairs placed at an angle in order to get to hard-to-reach places.","og_url":"https:\/\/dulonmarine.com\/de\/winkel\/deckmate\/bursten\/musterprodukt\/deckmate-dm130-medium-burste\/","og_site_name":"Dulon Marine","article_publisher":"https:\/\/www.facebook.com\/dulonmarine?locale=nl_NL","article_modified_time":"2024-10-24T11:45:11+00:00","og_image":[{"width":1200,"height":1200,"url":"https:\/\/dulonmarine.com\/wp-content\/uploads\/2023\/02\/130-Deckmate-Brush-medium-Without-packaging-View-from-above.jpg","type":"image\/jpeg"}],"twitter_card":"summary_large_image","twitter_misc":{"Gesch\u00e4tzte Lesezeit":"1\u00a0Minute"},"schema":{"@context":"https:\/\/schema.org","@graph":[{"@type":"WebPage","@id":"https:\/\/dulonmarine.com\/winkel\/deckmate\/brushes\/sample-product\/deckmate-dm130-medium-brush\/","url":"https:\/\/dulonmarine.com\/winkel\/deckmate\/brushes\/sample-product\/deckmate-dm130-medium-brush\/","name":"Deckmate DM130 Mittlere B\u00fcrste - Dulon Marine","isPartOf":{"@id":"https:\/\/dulonmarine.com\/pt\/#website"},"primaryImageOfPage":{"@id":"https:\/\/dulonmarine.com\/winkel\/deckmate\/brushes\/sample-product\/deckmate-dm130-medium-brush\/#primaryimage"},"image":{"@id":"https:\/\/dulonmarine.com\/winkel\/deckmate\/brushes\/sample-product\/deckmate-dm130-medium-brush\/#primaryimage"},"thumbnailUrl":"https:\/\/dulonmarine.com\/wp-content\/uploads\/2023\/02\/130-Deckmate-Brush-medium-Without-packaging-View-from-above.jpg","datePublished":"2023-02-08T09:13:35+00:00","dateModified":"2024-10-24T11:45:11+00:00","description":"Besteht aus einem lackierten Hartholzblock mit schr\u00e4g gestellten B\u00fcrstenhaaren, um auch an schwer zug\u00e4ngliche Stellen zu gelangen.","breadcrumb":{"@id":"https:\/\/dulonmarine.com\/winkel\/deckmate\/brushes\/sample-product\/deckmate-dm130-medium-brush\/#breadcrumb"},"inLanguage":"de","potentialAction":[{"@type":"ReadAction","target":["https:\/\/dulonmarine.com\/winkel\/deckmate\/brushes\/sample-product\/deckmate-dm130-medium-brush\/"]}]},{"@type":"ImageObject","inLanguage":"de","@id":"https:\/\/dulonmarine.com\/winkel\/deckmate\/brushes\/sample-product\/deckmate-dm130-medium-brush\/#primaryimage","url":"https:\/\/dulonmarine.com\/wp-content\/uploads\/2023\/02\/130-Deckmate-Brush-medium-Without-packaging-View-from-above.jpg","contentUrl":"https:\/\/dulonmarine.com\/wp-content\/uploads\/2023\/02\/130-Deckmate-Brush-medium-Without-packaging-View-from-above.jpg","width":1200,"height":1200},{"@type":"BreadcrumbList","@id":"https:\/\/dulonmarine.com\/winkel\/deckmate\/brushes\/sample-product\/deckmate-dm130-medium-brush\/#breadcrumb","itemListElement":[{"@type":"ListItem","position":1,"name":"Home","item":"https:\/\/dulonmarine.com\/"},{"@type":"ListItem","position":2,"name":"Winkel","item":"https:\/\/dulonmarine.com\/pt\/piacaba\/"},{"@type":"ListItem","position":3,"name":"Deckmate DM130 Medium brush"}]},{"@type":"WebSite","@id":"https:\/\/dulonmarine.com\/pt\/#website","url":"https:\/\/dulonmarine.com\/pt\/","name":"Dulon Marine","description":"Weitere Produkte f\u00fcr die Umweltvertr\u00e4glichkeit","publisher":{"@id":"https:\/\/dulonmarine.com\/pt\/#organization"},"potentialAction":[{"@type":"SearchAction","target":{"@type":"EntryPoint","urlTemplate":"https:\/\/dulonmarine.com\/pt\/?s={search_term_string}"},"query-input":{"@type":"PropertyValueSpecification","valueRequired":true,"valueName":"search_term_string"}}],"inLanguage":"de"},{"@type":"Organization","@id":"https:\/\/dulonmarine.com\/pt\/#organization","name":"Dulon Marine Deckmate Gruppe","url":"https:\/\/dulonmarine.com\/pt\/","logo":{"@type":"ImageObject","inLanguage":"de","@id":"https:\/\/dulonmarine.com\/pt\/#\/schema\/logo\/image\/","url":"http:\/\/dulonmarine.com\/wp-content\/uploads\/2023\/02\/Dulon-Marine-Deckmate-Group-logo-small.png","contentUrl":"http:\/\/dulonmarine.com\/wp-content\/uploads\/2023\/02\/Dulon-Marine-Deckmate-Group-logo-small.png","width":350,"height":150,"caption":"Dulon Marine Deckmate Group"},"image":{"@id":"https:\/\/dulonmarine.com\/pt\/#\/schema\/logo\/image\/"},"sameAs":["https:\/\/www.facebook.com\/dulonmarine?locale=nl_NL","https:\/\/www.instagram.com\/dulonmarinegroup\/"]}]}},"_links":{"self":[{"href":"https:\/\/dulonmarine.com\/de\/wp-json\/wp\/v2\/product\/8487","targetHints":{"allow":["GET"]}}],"collection":[{"href":"https:\/\/dulonmarine.com\/de\/wp-json\/wp\/v2\/product"}],"about":[{"href":"https:\/\/dulonmarine.com\/de\/wp-json\/wp\/v2\/types\/product"}],"wp:featuredmedia":[{"embeddable":true,"href":"https:\/\/dulonmarine.com\/de\/wp-json\/wp\/v2\/media\/9346"}],"wp:attachment":[{"href":"https:\/\/dulonmarine.com\/de\/wp-json\/wp\/v2\/media?parent=8487"}],"wp:term":[{"taxonomy":"product_brand","embeddable":true,"href":"https:\/\/dulonmarine.com\/de\/wp-json\/wp\/v2\/product_brand?post=8487"},{"taxonomy":"product_cat","embeddable":true,"href":"https:\/\/dulonmarine.com\/de\/wp-json\/wp\/v2\/product_cat?post=8487"},{"taxonomy":"product_tag","embeddable":true,"href":"https:\/\/dulonmarine.com\/de\/wp-json\/wp\/v2\/product_tag?post=8487"}],"curies":[{"name":"wp","href":"https:\/\/api.w.org\/{rel}","templated":true}]}}