{"id":9770,"date":"2025-04-02T16:28:33","date_gmt":"2025-04-02T15:28:33","guid":{"rendered":"http:\/\/dulonmarine.com\/?post_type=product&#038;p=9770"},"modified":"2025-10-23T15:42:41","modified_gmt":"2025-10-23T14:42:41","slug":"deckmate-dm28-scrubpad-rund-professionell","status":"publish","type":"product","link":"https:\/\/dulonmarine.com\/de\/winkel\/deckmate\/wash-scrub\/sample-product\/deckmate-dm28-scrubpad-round-professional\/","title":{"rendered":"Deckmate DM28 Scheuerschwamm rund Profi"},"content":{"rendered":"<p>Die Deckmate-Produktreihe umfasst 6 runde Scheuerschw\u00e4mme:<br \/>\nErh\u00e4ltlich im 5er-Pack.<\/p>","protected":false},"excerpt":{"rendered":"<p>Diese strapazierf\u00e4higen runden Scheuerschw\u00e4mme wurden speziell f\u00fcr die professionelle Reinigung und Pflege von Booten entwickelt. Sie sind mit allen Bodenpoliermaschinen kompatibel und eignen sich ideal f\u00fcr die Beseitigung von hartn\u00e4ckigem Schmutz und Ablagerungen im maritimen Bereich. Erh\u00e4ltlich in verschiedenen Schleifst\u00e4rken und in den Gr\u00f6\u00dfen 13, 15 und 17 Zoll, passend f\u00fcr unterschiedliche Oberfl\u00e4chen und Maschinen.<\/p>\n<div class=\"x-video-inner\">\n    <video  \nclass=\"x-mejs x-wp-video-shortcode advanced-controls\" \n        width=\"400\" \n        height=\"400\" \n        loop autoplay muted playsinline style=\"border: none; outline: none; background: none;\"><source type=\"video\/mp4\" src=\"https:\/\/dulonmarine.com\/wp-content\/uploads\/2025\/10\/Deckmate-DM28-scrubpad-round-professional-360-spin.mp4\"><\/video>\n<\/div>","protected":false},"featured_media":9771,"template":"","meta":{"_acf_changed":false,"om_disable_all_campaigns":false,"rs_blank_template":"","rs_page_bg_color":"","slide_template_v7":"","inline_featured_image":false,"_monsterinsights_skip_tracking":false,"_monsterinsights_sitenote_active":false,"_monsterinsights_sitenote_note":"","_monsterinsights_sitenote_category":0},"product_brand":[],"product_cat":[280,307],"product_tag":[337],"class_list":{"0":"post-9770","1":"product","2":"type-product","3":"status-publish","4":"has-post-thumbnail","6":"product_cat-deckmate","7":"product_cat-wash-scrub","8":"product_tag-337","9":"pa_article-numbers-contents-dm28","12":"first","13":"instock","14":"taxable","15":"shipping-taxable","16":"purchasable","17":"product-type-simple"},"acf":[],"yoast_head":"<!-- This site is optimized with the Yoast SEO plugin v27.4 - https:\/\/yoast.com\/product\/yoast-seo-wordpress\/ -->\n<title>Deckmate DM28 scrubpad round professional - Dulon Marine<\/title>\n<meta name=\"description\" content=\"The deckmate product line offers 6 round scrubpads for professionals.\" \/>\n<meta name=\"robots\" content=\"index, follow, max-snippet:-1, max-image-preview:large, max-video-preview:-1\" \/>\n<link rel=\"canonical\" href=\"https:\/\/dulonmarine.com\/de\/winkel\/deckmate\/waschen-schrubben\/musterprodukt\/deckmate-dm28-scrubpad-rund-professionell\/\" \/>\n<meta property=\"og:locale\" content=\"de_DE\" \/>\n<meta property=\"og:type\" content=\"article\" \/>\n<meta property=\"og:title\" content=\"Deckmate DM28 scrubpad round professional - Dulon Marine\" \/>\n<meta property=\"og:description\" content=\"The deckmate product line offers 6 round scrubpads for professionals.\" \/>\n<meta property=\"og:url\" content=\"https:\/\/dulonmarine.com\/de\/winkel\/deckmate\/waschen-schrubben\/musterprodukt\/deckmate-dm28-scrubpad-rund-professionell\/\" \/>\n<meta property=\"og:site_name\" content=\"Dulon Marine\" \/>\n<meta property=\"article:publisher\" content=\"https:\/\/www.facebook.com\/dulonmarine?locale=nl_NL\" \/>\n<meta property=\"article:modified_time\" content=\"2025-10-23T14:42:41+00:00\" \/>\n<meta property=\"og:image\" content=\"https:\/\/dulonmarine.com\/wp-content\/uploads\/2025\/04\/Deckmate-DM28-Scrubpad-round-profsessional.webp\" \/>\n\t<meta property=\"og:image:width\" content=\"1200\" \/>\n\t<meta property=\"og:image:height\" content=\"1200\" \/>\n\t<meta property=\"og:image:type\" content=\"image\/webp\" \/>\n<meta name=\"twitter:card\" content=\"summary_large_image\" \/>\n<meta name=\"twitter:label1\" content=\"Gesch\u00e4tzte Lesezeit\" \/>\n\t<meta name=\"twitter:data1\" content=\"1\u00a0Minute\" \/>\n<script type=\"application\/ld+json\" class=\"yoast-schema-graph\">{\"@context\":\"https:\\\/\\\/schema.org\",\"@graph\":[{\"@type\":\"WebPage\",\"@id\":\"https:\\\/\\\/dulonmarine.com\\\/winkel\\\/deckmate\\\/wash-scrub\\\/sample-product\\\/deckmate-dm28-scrubpad-round-professional\\\/\",\"url\":\"https:\\\/\\\/dulonmarine.com\\\/winkel\\\/deckmate\\\/wash-scrub\\\/sample-product\\\/deckmate-dm28-scrubpad-round-professional\\\/\",\"name\":\"Deckmate DM28 scrubpad round professional - Dulon Marine\",\"isPartOf\":{\"@id\":\"https:\\\/\\\/dulonmarine.com\\\/pt\\\/#website\"},\"primaryImageOfPage\":{\"@id\":\"https:\\\/\\\/dulonmarine.com\\\/winkel\\\/deckmate\\\/wash-scrub\\\/sample-product\\\/deckmate-dm28-scrubpad-round-professional\\\/#primaryimage\"},\"image\":{\"@id\":\"https:\\\/\\\/dulonmarine.com\\\/winkel\\\/deckmate\\\/wash-scrub\\\/sample-product\\\/deckmate-dm28-scrubpad-round-professional\\\/#primaryimage\"},\"thumbnailUrl\":\"https:\\\/\\\/dulonmarine.com\\\/wp-content\\\/uploads\\\/2025\\\/04\\\/Deckmate-DM28-Scrubpad-round-profsessional.webp\",\"datePublished\":\"2025-04-02T15:28:33+00:00\",\"dateModified\":\"2025-10-23T14:42:41+00:00\",\"description\":\"The deckmate product line offers 6 round scrubpads for professionals.\",\"breadcrumb\":{\"@id\":\"https:\\\/\\\/dulonmarine.com\\\/winkel\\\/deckmate\\\/wash-scrub\\\/sample-product\\\/deckmate-dm28-scrubpad-round-professional\\\/#breadcrumb\"},\"inLanguage\":\"de\",\"potentialAction\":[{\"@type\":\"ReadAction\",\"target\":[\"https:\\\/\\\/dulonmarine.com\\\/winkel\\\/deckmate\\\/wash-scrub\\\/sample-product\\\/deckmate-dm28-scrubpad-round-professional\\\/\"]}]},{\"@type\":\"ImageObject\",\"inLanguage\":\"de\",\"@id\":\"https:\\\/\\\/dulonmarine.com\\\/winkel\\\/deckmate\\\/wash-scrub\\\/sample-product\\\/deckmate-dm28-scrubpad-round-professional\\\/#primaryimage\",\"url\":\"https:\\\/\\\/dulonmarine.com\\\/wp-content\\\/uploads\\\/2025\\\/04\\\/Deckmate-DM28-Scrubpad-round-profsessional.webp\",\"contentUrl\":\"https:\\\/\\\/dulonmarine.com\\\/wp-content\\\/uploads\\\/2025\\\/04\\\/Deckmate-DM28-Scrubpad-round-profsessional.webp\",\"width\":1200,\"height\":1200},{\"@type\":\"BreadcrumbList\",\"@id\":\"https:\\\/\\\/dulonmarine.com\\\/winkel\\\/deckmate\\\/wash-scrub\\\/sample-product\\\/deckmate-dm28-scrubpad-round-professional\\\/#breadcrumb\",\"itemListElement\":[{\"@type\":\"ListItem\",\"position\":1,\"name\":\"Home\",\"item\":\"https:\\\/\\\/dulonmarine.com\\\/\"},{\"@type\":\"ListItem\",\"position\":2,\"name\":\"Winkel\",\"item\":\"https:\\\/\\\/dulonmarine.com\\\/pt\\\/piacaba\\\/\"},{\"@type\":\"ListItem\",\"position\":3,\"name\":\"Deckmate DM28 scrubpad round professional\"}]},{\"@type\":\"WebSite\",\"@id\":\"https:\\\/\\\/dulonmarine.com\\\/pt\\\/#website\",\"url\":\"https:\\\/\\\/dulonmarine.com\\\/pt\\\/\",\"name\":\"Dulon Marine\",\"description\":\"Onderhoudsproducten voor de scheepvaart\",\"publisher\":{\"@id\":\"https:\\\/\\\/dulonmarine.com\\\/pt\\\/#organization\"},\"potentialAction\":[{\"@type\":\"SearchAction\",\"target\":{\"@type\":\"EntryPoint\",\"urlTemplate\":\"https:\\\/\\\/dulonmarine.com\\\/pt\\\/?s={search_term_string}\"},\"query-input\":{\"@type\":\"PropertyValueSpecification\",\"valueRequired\":true,\"valueName\":\"search_term_string\"}}],\"inLanguage\":\"de\"},{\"@type\":\"Organization\",\"@id\":\"https:\\\/\\\/dulonmarine.com\\\/pt\\\/#organization\",\"name\":\"Dulon Marine Deckmate Group\",\"url\":\"https:\\\/\\\/dulonmarine.com\\\/pt\\\/\",\"logo\":{\"@type\":\"ImageObject\",\"inLanguage\":\"de\",\"@id\":\"https:\\\/\\\/dulonmarine.com\\\/pt\\\/#\\\/schema\\\/logo\\\/image\\\/\",\"url\":\"http:\\\/\\\/dulonmarine.com\\\/wp-content\\\/uploads\\\/2023\\\/02\\\/Dulon-Marine-Deckmate-Group-logo-small.png\",\"contentUrl\":\"http:\\\/\\\/dulonmarine.com\\\/wp-content\\\/uploads\\\/2023\\\/02\\\/Dulon-Marine-Deckmate-Group-logo-small.png\",\"width\":350,\"height\":150,\"caption\":\"Dulon Marine Deckmate Group\"},\"image\":{\"@id\":\"https:\\\/\\\/dulonmarine.com\\\/pt\\\/#\\\/schema\\\/logo\\\/image\\\/\"},\"sameAs\":[\"https:\\\/\\\/www.facebook.com\\\/dulonmarine?locale=nl_NL\",\"https:\\\/\\\/www.instagram.com\\\/dulonmarinegroup\\\/\"]}]}<\/script>\n<!-- \/ Yoast SEO plugin. -->","yoast_head_json":{"title":"Deckmate DM28 Scheuerschwamm rund professionell - Dulon Marine","description":"Die Produktreihe DeckMATE umfasst 6 runde Scheuerschw\u00e4mme f\u00fcr Profis.","robots":{"index":"index","follow":"follow","max-snippet":"max-snippet:-1","max-image-preview":"max-image-preview:large","max-video-preview":"max-video-preview:-1"},"canonical":"https:\/\/dulonmarine.com\/de\/winkel\/deckmate\/waschen-schrubben\/musterprodukt\/deckmate-dm28-scrubpad-rund-professionell\/","og_locale":"de_DE","og_type":"article","og_title":"Deckmate DM28 scrubpad round professional - Dulon Marine","og_description":"The deckmate product line offers 6 round scrubpads for professionals.","og_url":"https:\/\/dulonmarine.com\/de\/winkel\/deckmate\/waschen-schrubben\/musterprodukt\/deckmate-dm28-scrubpad-rund-professionell\/","og_site_name":"Dulon Marine","article_publisher":"https:\/\/www.facebook.com\/dulonmarine?locale=nl_NL","article_modified_time":"2025-10-23T14:42:41+00:00","og_image":[{"width":1200,"height":1200,"url":"https:\/\/dulonmarine.com\/wp-content\/uploads\/2025\/04\/Deckmate-DM28-Scrubpad-round-profsessional.webp","type":"image\/webp"}],"twitter_card":"summary_large_image","twitter_misc":{"Gesch\u00e4tzte Lesezeit":"1\u00a0Minute"},"schema":{"@context":"https:\/\/schema.org","@graph":[{"@type":"WebPage","@id":"https:\/\/dulonmarine.com\/winkel\/deckmate\/wash-scrub\/sample-product\/deckmate-dm28-scrubpad-round-professional\/","url":"https:\/\/dulonmarine.com\/winkel\/deckmate\/wash-scrub\/sample-product\/deckmate-dm28-scrubpad-round-professional\/","name":"Deckmate DM28 Scheuerschwamm rund professionell - Dulon Marine","isPartOf":{"@id":"https:\/\/dulonmarine.com\/pt\/#website"},"primaryImageOfPage":{"@id":"https:\/\/dulonmarine.com\/winkel\/deckmate\/wash-scrub\/sample-product\/deckmate-dm28-scrubpad-round-professional\/#primaryimage"},"image":{"@id":"https:\/\/dulonmarine.com\/winkel\/deckmate\/wash-scrub\/sample-product\/deckmate-dm28-scrubpad-round-professional\/#primaryimage"},"thumbnailUrl":"https:\/\/dulonmarine.com\/wp-content\/uploads\/2025\/04\/Deckmate-DM28-Scrubpad-round-profsessional.webp","datePublished":"2025-04-02T15:28:33+00:00","dateModified":"2025-10-23T14:42:41+00:00","description":"Die Produktreihe DeckMATE umfasst 6 runde Scheuerschw\u00e4mme f\u00fcr Profis.","breadcrumb":{"@id":"https:\/\/dulonmarine.com\/winkel\/deckmate\/wash-scrub\/sample-product\/deckmate-dm28-scrubpad-round-professional\/#breadcrumb"},"inLanguage":"de","potentialAction":[{"@type":"ReadAction","target":["https:\/\/dulonmarine.com\/winkel\/deckmate\/wash-scrub\/sample-product\/deckmate-dm28-scrubpad-round-professional\/"]}]},{"@type":"ImageObject","inLanguage":"de","@id":"https:\/\/dulonmarine.com\/winkel\/deckmate\/wash-scrub\/sample-product\/deckmate-dm28-scrubpad-round-professional\/#primaryimage","url":"https:\/\/dulonmarine.com\/wp-content\/uploads\/2025\/04\/Deckmate-DM28-Scrubpad-round-profsessional.webp","contentUrl":"https:\/\/dulonmarine.com\/wp-content\/uploads\/2025\/04\/Deckmate-DM28-Scrubpad-round-profsessional.webp","width":1200,"height":1200},{"@type":"BreadcrumbList","@id":"https:\/\/dulonmarine.com\/winkel\/deckmate\/wash-scrub\/sample-product\/deckmate-dm28-scrubpad-round-professional\/#breadcrumb","itemListElement":[{"@type":"ListItem","position":1,"name":"Home","item":"https:\/\/dulonmarine.com\/"},{"@type":"ListItem","position":2,"name":"Winkel","item":"https:\/\/dulonmarine.com\/pt\/piacaba\/"},{"@type":"ListItem","position":3,"name":"Deckmate DM28 scrubpad round professional"}]},{"@type":"WebSite","@id":"https:\/\/dulonmarine.com\/pt\/#website","url":"https:\/\/dulonmarine.com\/pt\/","name":"Dulon Marine","description":"Weitere Produkte f\u00fcr die Umweltvertr\u00e4glichkeit","publisher":{"@id":"https:\/\/dulonmarine.com\/pt\/#organization"},"potentialAction":[{"@type":"SearchAction","target":{"@type":"EntryPoint","urlTemplate":"https:\/\/dulonmarine.com\/pt\/?s={search_term_string}"},"query-input":{"@type":"PropertyValueSpecification","valueRequired":true,"valueName":"search_term_string"}}],"inLanguage":"de"},{"@type":"Organization","@id":"https:\/\/dulonmarine.com\/pt\/#organization","name":"Dulon Marine Deckmate Gruppe","url":"https:\/\/dulonmarine.com\/pt\/","logo":{"@type":"ImageObject","inLanguage":"de","@id":"https:\/\/dulonmarine.com\/pt\/#\/schema\/logo\/image\/","url":"http:\/\/dulonmarine.com\/wp-content\/uploads\/2023\/02\/Dulon-Marine-Deckmate-Group-logo-small.png","contentUrl":"http:\/\/dulonmarine.com\/wp-content\/uploads\/2023\/02\/Dulon-Marine-Deckmate-Group-logo-small.png","width":350,"height":150,"caption":"Dulon Marine Deckmate Group"},"image":{"@id":"https:\/\/dulonmarine.com\/pt\/#\/schema\/logo\/image\/"},"sameAs":["https:\/\/www.facebook.com\/dulonmarine?locale=nl_NL","https:\/\/www.instagram.com\/dulonmarinegroup\/"]}]}},"_links":{"self":[{"href":"https:\/\/dulonmarine.com\/de\/wp-json\/wp\/v2\/product\/9770","targetHints":{"allow":["GET"]}}],"collection":[{"href":"https:\/\/dulonmarine.com\/de\/wp-json\/wp\/v2\/product"}],"about":[{"href":"https:\/\/dulonmarine.com\/de\/wp-json\/wp\/v2\/types\/product"}],"wp:featuredmedia":[{"embeddable":true,"href":"https:\/\/dulonmarine.com\/de\/wp-json\/wp\/v2\/media\/9771"}],"wp:attachment":[{"href":"https:\/\/dulonmarine.com\/de\/wp-json\/wp\/v2\/media?parent=9770"}],"wp:term":[{"taxonomy":"product_brand","embeddable":true,"href":"https:\/\/dulonmarine.com\/de\/wp-json\/wp\/v2\/product_brand?post=9770"},{"taxonomy":"product_cat","embeddable":true,"href":"https:\/\/dulonmarine.com\/de\/wp-json\/wp\/v2\/product_cat?post=9770"},{"taxonomy":"product_tag","embeddable":true,"href":"https:\/\/dulonmarine.com\/de\/wp-json\/wp\/v2\/product_tag?post=9770"}],"curies":[{"name":"wp","href":"https:\/\/api.w.org\/{rel}","templated":true}]}}