{"id":9053,"date":"2023-09-07T15:52:18","date_gmt":"2023-09-07T14:52:18","guid":{"rendered":"http:\/\/dulonmarine.com\/?page_id=9053"},"modified":"2023-09-07T15:52:30","modified_gmt":"2023-09-07T14:52:30","slug":"distribuidor-del-mes-en-dinamarca","status":"publish","type":"page","link":"https:\/\/dulonmarine.com\/es\/distributor-of-the-month-denmark\/","title":{"rendered":"Distribuidor del mes \"Dinamarca"},"content":{"rendered":"<div id=\"cs-content\" class=\"cs-content\"><\/div>","protected":false},"excerpt":{"rendered":"<p>DISTRIBUIDOR DEL MES EN DINAMARCA DISTRIBUIDOR DEL MES EN DINAMARCAENGHOLM A\/S se fund\u00f3 en 1841 y hoy es una de las siete empresas m\u00e1s antiguas de Dinamarca. La historia:Johan Peder Engholm fue un empresario emprendedor. Naci\u00f3 en 1797 en Copenhague como hijo de un comerciante, por lo que probablemente el talento comercial despert\u00f3 pronto junto con las ganas de trabajar. Ya en ... <a href=\"https:\/\/dulonmarine.com\/es\/distributor-of-the-month-denmark\/\" class=\"more-link\">Read More<\/a><\/p>","protected":false},"author":11,"featured_media":0,"parent":0,"menu_order":0,"comment_status":"closed","ping_status":"closed","template":"template-blank-4.php","meta":{"_acf_changed":false,"om_disable_all_campaigns":false,"rs_blank_template":"","rs_page_bg_color":"","slide_template_v7":"","inline_featured_image":false,"_monsterinsights_skip_tracking":false,"_monsterinsights_sitenote_active":false,"_monsterinsights_sitenote_note":"","_monsterinsights_sitenote_category":0,"footnotes":""},"class_list":["post-9053","page","type-page","status-publish","hentry","no-post-thumbnail"],"acf":[],"yoast_head":"<!-- This site is optimized with the Yoast SEO plugin v27.4 - https:\/\/yoast.com\/product\/yoast-seo-wordpress\/ -->\n<title>Distributor of the month &#039;Denmark&#039; - Dulon Marine<\/title>\n<meta name=\"robots\" content=\"index, follow, max-snippet:-1, max-image-preview:large, max-video-preview:-1\" \/>\n<link rel=\"canonical\" href=\"https:\/\/dulonmarine.com\/es\/distribuidor-del-mes-en-dinamarca\/\" \/>\n<meta property=\"og:locale\" content=\"es_ES\" \/>\n<meta property=\"og:type\" content=\"article\" \/>\n<meta property=\"og:title\" content=\"Distributor of the month &#039;Denmark&#039; - Dulon Marine\" \/>\n<meta property=\"og:description\" content=\"DISTRIBUTOR OF THE MONTH DENMARK DISTRIBUTOR OF THE MONTH DENMARKENGHOLM A\/S was founded way back in 1841 and is today among Denmark&#039;s seven oldest companies. The history:Johan Peder Engholm was an enterprising businessman. Born in 1797 in Copenhagen as the son of a merchant, - so the commercial talent probably awoke early along with the urge to work. As early ... Read More\" \/>\n<meta property=\"og:url\" content=\"https:\/\/dulonmarine.com\/es\/distribuidor-del-mes-en-dinamarca\/\" \/>\n<meta property=\"og:site_name\" content=\"Dulon Marine\" \/>\n<meta property=\"article:publisher\" content=\"https:\/\/www.facebook.com\/dulonmarine?locale=nl_NL\" \/>\n<meta property=\"article:modified_time\" content=\"2023-09-07T14:52:30+00:00\" \/>\n<meta name=\"twitter:card\" content=\"summary_large_image\" \/>\n<meta name=\"twitter:label1\" content=\"Tiempo de lectura\" \/>\n\t<meta name=\"twitter:data1\" content=\"3 minutos\" \/>\n<script type=\"application\/ld+json\" class=\"yoast-schema-graph\">{\"@context\":\"https:\\\/\\\/schema.org\",\"@graph\":[{\"@type\":\"WebPage\",\"@id\":\"https:\\\/\\\/dulonmarine.com\\\/es\\\/distributor-of-the-month-denmark\\\/\",\"url\":\"https:\\\/\\\/dulonmarine.com\\\/es\\\/distributor-of-the-month-denmark\\\/\",\"name\":\"Distributor of the month 'Denmark' - Dulon Marine\",\"isPartOf\":{\"@id\":\"https:\\\/\\\/dulonmarine.com\\\/pt\\\/#website\"},\"datePublished\":\"2023-09-07T14:52:18+00:00\",\"dateModified\":\"2023-09-07T14:52:30+00:00\",\"breadcrumb\":{\"@id\":\"https:\\\/\\\/dulonmarine.com\\\/es\\\/distributor-of-the-month-denmark\\\/#breadcrumb\"},\"inLanguage\":\"es\",\"potentialAction\":[{\"@type\":\"ReadAction\",\"target\":[\"https:\\\/\\\/dulonmarine.com\\\/es\\\/distributor-of-the-month-denmark\\\/\"]}]},{\"@type\":\"BreadcrumbList\",\"@id\":\"https:\\\/\\\/dulonmarine.com\\\/es\\\/distributor-of-the-month-denmark\\\/#breadcrumb\",\"itemListElement\":[{\"@type\":\"ListItem\",\"position\":1,\"name\":\"Home\",\"item\":\"https:\\\/\\\/dulonmarine.com\\\/\"},{\"@type\":\"ListItem\",\"position\":2,\"name\":\"Distributor of the month &#8216;Denmark&#8217;\"}]},{\"@type\":\"WebSite\",\"@id\":\"https:\\\/\\\/dulonmarine.com\\\/pt\\\/#website\",\"url\":\"https:\\\/\\\/dulonmarine.com\\\/pt\\\/\",\"name\":\"Dulon Marine\",\"description\":\"Onderhoudsproducten voor de scheepvaart\",\"publisher\":{\"@id\":\"https:\\\/\\\/dulonmarine.com\\\/pt\\\/#organization\"},\"potentialAction\":[{\"@type\":\"SearchAction\",\"target\":{\"@type\":\"EntryPoint\",\"urlTemplate\":\"https:\\\/\\\/dulonmarine.com\\\/pt\\\/?s={search_term_string}\"},\"query-input\":{\"@type\":\"PropertyValueSpecification\",\"valueRequired\":true,\"valueName\":\"search_term_string\"}}],\"inLanguage\":\"es\"},{\"@type\":\"Organization\",\"@id\":\"https:\\\/\\\/dulonmarine.com\\\/pt\\\/#organization\",\"name\":\"Dulon Marine Deckmate Group\",\"url\":\"https:\\\/\\\/dulonmarine.com\\\/pt\\\/\",\"logo\":{\"@type\":\"ImageObject\",\"inLanguage\":\"es\",\"@id\":\"https:\\\/\\\/dulonmarine.com\\\/pt\\\/#\\\/schema\\\/logo\\\/image\\\/\",\"url\":\"http:\\\/\\\/dulonmarine.com\\\/wp-content\\\/uploads\\\/2023\\\/02\\\/Dulon-Marine-Deckmate-Group-logo-small.png\",\"contentUrl\":\"http:\\\/\\\/dulonmarine.com\\\/wp-content\\\/uploads\\\/2023\\\/02\\\/Dulon-Marine-Deckmate-Group-logo-small.png\",\"width\":350,\"height\":150,\"caption\":\"Dulon Marine Deckmate Group\"},\"image\":{\"@id\":\"https:\\\/\\\/dulonmarine.com\\\/pt\\\/#\\\/schema\\\/logo\\\/image\\\/\"},\"sameAs\":[\"https:\\\/\\\/www.facebook.com\\\/dulonmarine?locale=nl_NL\",\"https:\\\/\\\/www.instagram.com\\\/dulonmarinegroup\\\/\"]}]}<\/script>\n<!-- \/ Yoast SEO plugin. -->","yoast_head_json":{"title":"Distribuidor del mes \"Dinamarca\" - Dulon Marine","robots":{"index":"index","follow":"follow","max-snippet":"max-snippet:-1","max-image-preview":"max-image-preview:large","max-video-preview":"max-video-preview:-1"},"canonical":"https:\/\/dulonmarine.com\/es\/distribuidor-del-mes-en-dinamarca\/","og_locale":"es_ES","og_type":"article","og_title":"Distributor of the month 'Denmark' - Dulon Marine","og_description":"DISTRIBUTOR OF THE MONTH DENMARK DISTRIBUTOR OF THE MONTH DENMARKENGHOLM A\/S was founded way back in 1841 and is today among Denmark's seven oldest companies. The history:Johan Peder Engholm was an enterprising businessman. Born in 1797 in Copenhagen as the son of a merchant, - so the commercial talent probably awoke early along with the urge to work. As early ... Read More","og_url":"https:\/\/dulonmarine.com\/es\/distribuidor-del-mes-en-dinamarca\/","og_site_name":"Dulon Marine","article_publisher":"https:\/\/www.facebook.com\/dulonmarine?locale=nl_NL","article_modified_time":"2023-09-07T14:52:30+00:00","twitter_card":"summary_large_image","twitter_misc":{"Tiempo de lectura":"3 minutos"},"schema":{"@context":"https:\/\/schema.org","@graph":[{"@type":"WebPage","@id":"https:\/\/dulonmarine.com\/es\/distributor-of-the-month-denmark\/","url":"https:\/\/dulonmarine.com\/es\/distributor-of-the-month-denmark\/","name":"Distribuidor del mes \"Dinamarca\" - Dulon Marine","isPartOf":{"@id":"https:\/\/dulonmarine.com\/pt\/#website"},"datePublished":"2023-09-07T14:52:18+00:00","dateModified":"2023-09-07T14:52:30+00:00","breadcrumb":{"@id":"https:\/\/dulonmarine.com\/es\/distributor-of-the-month-denmark\/#breadcrumb"},"inLanguage":"es","potentialAction":[{"@type":"ReadAction","target":["https:\/\/dulonmarine.com\/es\/distributor-of-the-month-denmark\/"]}]},{"@type":"BreadcrumbList","@id":"https:\/\/dulonmarine.com\/es\/distributor-of-the-month-denmark\/#breadcrumb","itemListElement":[{"@type":"ListItem","position":1,"name":"Home","item":"https:\/\/dulonmarine.com\/"},{"@type":"ListItem","position":2,"name":"Distributor of the month &#8216;Denmark&#8217;"}]},{"@type":"WebSite","@id":"https:\/\/dulonmarine.com\/pt\/#website","url":"https:\/\/dulonmarine.com\/pt\/","name":"Dulon Marine","description":"Otros productos para la limpieza del hogar","publisher":{"@id":"https:\/\/dulonmarine.com\/pt\/#organization"},"potentialAction":[{"@type":"SearchAction","target":{"@type":"EntryPoint","urlTemplate":"https:\/\/dulonmarine.com\/pt\/?s={search_term_string}"},"query-input":{"@type":"PropertyValueSpecification","valueRequired":true,"valueName":"search_term_string"}}],"inLanguage":"es"},{"@type":"Organization","@id":"https:\/\/dulonmarine.com\/pt\/#organization","name":"Dulon Marine Grupo Deckmate","url":"https:\/\/dulonmarine.com\/pt\/","logo":{"@type":"ImageObject","inLanguage":"es","@id":"https:\/\/dulonmarine.com\/pt\/#\/schema\/logo\/image\/","url":"http:\/\/dulonmarine.com\/wp-content\/uploads\/2023\/02\/Dulon-Marine-Deckmate-Group-logo-small.png","contentUrl":"http:\/\/dulonmarine.com\/wp-content\/uploads\/2023\/02\/Dulon-Marine-Deckmate-Group-logo-small.png","width":350,"height":150,"caption":"Dulon Marine Deckmate Group"},"image":{"@id":"https:\/\/dulonmarine.com\/pt\/#\/schema\/logo\/image\/"},"sameAs":["https:\/\/www.facebook.com\/dulonmarine?locale=nl_NL","https:\/\/www.instagram.com\/dulonmarinegroup\/"]}]}},"_links":{"self":[{"href":"https:\/\/dulonmarine.com\/es\/wp-json\/wp\/v2\/pages\/9053","targetHints":{"allow":["GET"]}}],"collection":[{"href":"https:\/\/dulonmarine.com\/es\/wp-json\/wp\/v2\/pages"}],"about":[{"href":"https:\/\/dulonmarine.com\/es\/wp-json\/wp\/v2\/types\/page"}],"author":[{"embeddable":true,"href":"https:\/\/dulonmarine.com\/es\/wp-json\/wp\/v2\/users\/11"}],"replies":[{"embeddable":true,"href":"https:\/\/dulonmarine.com\/es\/wp-json\/wp\/v2\/comments?post=9053"}],"version-history":[{"count":0,"href":"https:\/\/dulonmarine.com\/es\/wp-json\/wp\/v2\/pages\/9053\/revisions"}],"wp:attachment":[{"href":"https:\/\/dulonmarine.com\/es\/wp-json\/wp\/v2\/media?parent=9053"}],"curies":[{"name":"wp","href":"https:\/\/api.w.org\/{rel}","templated":true}]}}