{"id":8505,"date":"2023-02-08T13:39:18","date_gmt":"2023-02-08T12:39:18","guid":{"rendered":"http:\/\/dulonmarine.com\/?post_type=product&#038;p=8505"},"modified":"2024-10-24T13:00:23","modified_gmt":"2024-10-24T12:00:23","slug":"deckmate-dm230-microfibra-washead-cover","status":"publish","type":"product","link":"https:\/\/dulonmarine.com\/es\/winkel\/deckmate\/wash-scrub\/sample-product\/deckmate-dm230-microfiber-washead-cover\/","title":{"rendered":"Deckmate DM230 Funda de microfibra para cabezal de lavado"},"content":{"rendered":"<p>Esta funda de lavado de chenilla est\u00e1 hecha de un material de microfibra resistente y extremadamente suave, compuesto de poli\u00e9ster 80% y poliamida 20% de color naranja. Esta funda de lavado es muy adecuada para limpiar a distancia, ya que estas hebras de microfibra absorben y retienen mucha agua.<br \/>\nVentajas:<\/p>\n<ul>\n<li>El cierre de velcro facilita la fijaci\u00f3n de la funda de lavado a la placa giratoria. Adem\u00e1s, el forro interior de microfibra se fija firmemente a las tiras de velcro de la placa giratoria, para evitar que la funda se deslice o se retuerza sobre la placa giratoria.<\/li>\n<li>Se ha a\u00f1adido una almohadilla de espuma con forro interior de microfibra en el interior para proteger la superficie de limpieza de la placa giratoria, lo que hace casi imposible da\u00f1ar la superficie durante la limpieza.<\/li>\n<\/ul>","protected":false},"excerpt":{"rendered":"<p>Esta funda de microfibra para lavacabezas es adecuada para:<\/p>\n<ul>\n<li>Utilizando esta cubierta de lavado en combinaci\u00f3n con la placa giratoria deckmate, podr\u00e1 limpiar superficies sensibles a los ara\u00f1azos desde una mayor distancia o altura con la ayuda de un asa.<\/li>\n<li>Adem\u00e1s, la funda de lavado se puede utilizar en seco para quitar el polvo del suelo y similares.<\/li>\n<\/ul>\n<p>Tras su uso, se recomienda lavar la funda de lavado en abundante agua dulce, escurrirla y dejarla secar.<\/p>\n<div class=\"x-video-inner\">\n    <video  \nclass=\"x-mejs x-wp-video-shortcode advanced-controls\" \n        width=\"400\" \n        height=\"400\" \n        loop autoplay muted playsinline style=\"border: none; outline: none; background: none;\"><source type=\"video\/mp4\" src=\"http:\/\/dulonmarine.com\/wp-content\/uploads\/2024\/10\/230_Microfiber_Washhead_Cover_1.mp4\"><\/video>\n<\/div>","protected":false},"featured_media":9395,"template":"","meta":{"_acf_changed":false,"om_disable_all_campaigns":false,"rs_blank_template":"","rs_page_bg_color":"","slide_template_v7":"","inline_featured_image":false,"_monsterinsights_skip_tracking":false,"_monsterinsights_sitenote_active":false,"_monsterinsights_sitenote_note":"","_monsterinsights_sitenote_category":0},"product_brand":[],"product_cat":[280,307],"product_tag":[314],"class_list":{"0":"post-8505","1":"product","2":"type-product","3":"status-publish","4":"has-post-thumbnail","6":"product_cat-deckmate","7":"product_cat-wash-scrub","8":"product_tag-314","9":"pa_article-numbers-contents-dm230","12":"first","13":"instock","14":"taxable","15":"shipping-taxable","16":"purchasable","17":"product-type-simple"},"acf":[],"yoast_head":"<!-- This site is optimized with the Yoast SEO plugin v27.6 - https:\/\/yoast.com\/product\/yoast-seo-wordpress\/ -->\n<title>Deckmate DM230 Microfiber washhead cover - Dulon Marine<\/title>\n<meta name=\"description\" content=\"This chenille washcover is made of strong and extremely soft microfibre material, consisting of 80% polyester and 20% polyamide in an orange colour.\" \/>\n<meta name=\"robots\" content=\"index, follow, max-snippet:-1, max-image-preview:large, max-video-preview:-1\" \/>\n<link rel=\"canonical\" href=\"https:\/\/dulonmarine.com\/es\/winkel\/companero-de-cubierta\/lavar-fregar\/producto-de-muestra\/deckmate-dm230-microfibra-washead-cover\/\" \/>\n<meta property=\"og:locale\" content=\"es_ES\" \/>\n<meta property=\"og:type\" content=\"article\" \/>\n<meta property=\"og:title\" content=\"Deckmate DM230 Microfiber washhead cover - Dulon Marine\" \/>\n<meta property=\"og:description\" content=\"This chenille washcover is made of strong and extremely soft microfibre material, consisting of 80% polyester and 20% polyamide in an orange colour.\" \/>\n<meta property=\"og:url\" content=\"https:\/\/dulonmarine.com\/es\/winkel\/companero-de-cubierta\/lavar-fregar\/producto-de-muestra\/deckmate-dm230-microfibra-washead-cover\/\" \/>\n<meta property=\"og:site_name\" content=\"Dulon Marine\" \/>\n<meta property=\"article:publisher\" content=\"https:\/\/www.facebook.com\/dulonmarine?locale=nl_NL\" \/>\n<meta property=\"article:modified_time\" content=\"2024-10-24T12:00:23+00:00\" \/>\n<meta property=\"og:image\" content=\"https:\/\/dulonmarine.com\/wp-content\/uploads\/2023\/02\/230-Microfiber-washead-cover-side.jpg\" \/>\n\t<meta property=\"og:image:width\" content=\"1200\" \/>\n\t<meta property=\"og:image:height\" content=\"1200\" \/>\n\t<meta property=\"og:image:type\" content=\"image\/jpeg\" \/>\n<meta name=\"twitter:card\" content=\"summary_large_image\" \/>\n<meta name=\"twitter:label1\" content=\"Tiempo de lectura\" \/>\n\t<meta name=\"twitter:data1\" content=\"1 minuto\" \/>\n<script type=\"application\/ld+json\" class=\"yoast-schema-graph\">{\"@context\":\"https:\\\/\\\/schema.org\",\"@graph\":[{\"@type\":\"WebPage\",\"@id\":\"https:\\\/\\\/dulonmarine.com\\\/es\\\/winkel\\\/companero-de-cubierta\\\/lavar-fregar\\\/producto-de-muestra\\\/deckmate-dm230-microfibra-washead-cover\\\/\",\"url\":\"https:\\\/\\\/dulonmarine.com\\\/es\\\/winkel\\\/companero-de-cubierta\\\/lavar-fregar\\\/producto-de-muestra\\\/deckmate-dm230-microfibra-washead-cover\\\/\",\"name\":\"Deckmate DM230 Microfiber washhead cover - Dulon Marine\",\"isPartOf\":{\"@id\":\"https:\\\/\\\/dulonmarine.com\\\/pt\\\/#website\"},\"primaryImageOfPage\":{\"@id\":\"https:\\\/\\\/dulonmarine.com\\\/es\\\/winkel\\\/companero-de-cubierta\\\/lavar-fregar\\\/producto-de-muestra\\\/deckmate-dm230-microfibra-washead-cover\\\/#primaryimage\"},\"image\":{\"@id\":\"https:\\\/\\\/dulonmarine.com\\\/es\\\/winkel\\\/companero-de-cubierta\\\/lavar-fregar\\\/producto-de-muestra\\\/deckmate-dm230-microfibra-washead-cover\\\/#primaryimage\"},\"thumbnailUrl\":\"https:\\\/\\\/dulonmarine.com\\\/wp-content\\\/uploads\\\/2023\\\/02\\\/230-Microfiber-washead-cover-side.jpg\",\"datePublished\":\"2023-02-08T12:39:18+00:00\",\"dateModified\":\"2024-10-24T12:00:23+00:00\",\"description\":\"This chenille washcover is made of strong and extremely soft microfibre material, consisting of 80% polyester and 20% polyamide in an orange colour.\",\"breadcrumb\":{\"@id\":\"https:\\\/\\\/dulonmarine.com\\\/es\\\/winkel\\\/companero-de-cubierta\\\/lavar-fregar\\\/producto-de-muestra\\\/deckmate-dm230-microfibra-washead-cover\\\/#breadcrumb\"},\"inLanguage\":\"es\",\"potentialAction\":[{\"@type\":\"ReadAction\",\"target\":[\"https:\\\/\\\/dulonmarine.com\\\/es\\\/winkel\\\/companero-de-cubierta\\\/lavar-fregar\\\/producto-de-muestra\\\/deckmate-dm230-microfibra-washead-cover\\\/\"]}]},{\"@type\":\"ImageObject\",\"inLanguage\":\"es\",\"@id\":\"https:\\\/\\\/dulonmarine.com\\\/es\\\/winkel\\\/companero-de-cubierta\\\/lavar-fregar\\\/producto-de-muestra\\\/deckmate-dm230-microfibra-washead-cover\\\/#primaryimage\",\"url\":\"https:\\\/\\\/dulonmarine.com\\\/wp-content\\\/uploads\\\/2023\\\/02\\\/230-Microfiber-washead-cover-side.jpg\",\"contentUrl\":\"https:\\\/\\\/dulonmarine.com\\\/wp-content\\\/uploads\\\/2023\\\/02\\\/230-Microfiber-washead-cover-side.jpg\",\"width\":1200,\"height\":1200},{\"@type\":\"BreadcrumbList\",\"@id\":\"https:\\\/\\\/dulonmarine.com\\\/es\\\/winkel\\\/companero-de-cubierta\\\/lavar-fregar\\\/producto-de-muestra\\\/deckmate-dm230-microfibra-washead-cover\\\/#breadcrumb\",\"itemListElement\":[{\"@type\":\"ListItem\",\"position\":1,\"name\":\"Home\",\"item\":\"https:\\\/\\\/dulonmarine.com\\\/\"},{\"@type\":\"ListItem\",\"position\":2,\"name\":\"Winkel\",\"item\":\"https:\\\/\\\/dulonmarine.com\\\/pt\\\/piacaba\\\/\"},{\"@type\":\"ListItem\",\"position\":3,\"name\":\"Deckmate DM230 Microfiber washhead cover\"}]},{\"@type\":\"WebSite\",\"@id\":\"https:\\\/\\\/dulonmarine.com\\\/pt\\\/#website\",\"url\":\"https:\\\/\\\/dulonmarine.com\\\/pt\\\/\",\"name\":\"Dulon Marine\",\"description\":\"Onderhoudsproducten voor de scheepvaart\",\"publisher\":{\"@id\":\"https:\\\/\\\/dulonmarine.com\\\/pt\\\/#organization\"},\"potentialAction\":[{\"@type\":\"SearchAction\",\"target\":{\"@type\":\"EntryPoint\",\"urlTemplate\":\"https:\\\/\\\/dulonmarine.com\\\/pt\\\/?s={search_term_string}\"},\"query-input\":{\"@type\":\"PropertyValueSpecification\",\"valueRequired\":true,\"valueName\":\"search_term_string\"}}],\"inLanguage\":\"es\"},{\"@type\":\"Organization\",\"@id\":\"https:\\\/\\\/dulonmarine.com\\\/pt\\\/#organization\",\"name\":\"Dulon Marine Deckmate Group\",\"url\":\"https:\\\/\\\/dulonmarine.com\\\/pt\\\/\",\"logo\":{\"@type\":\"ImageObject\",\"inLanguage\":\"es\",\"@id\":\"https:\\\/\\\/dulonmarine.com\\\/pt\\\/#\\\/schema\\\/logo\\\/image\\\/\",\"url\":\"http:\\\/\\\/dulonmarine.com\\\/wp-content\\\/uploads\\\/2023\\\/02\\\/Dulon-Marine-Deckmate-Group-logo-small.png\",\"contentUrl\":\"http:\\\/\\\/dulonmarine.com\\\/wp-content\\\/uploads\\\/2023\\\/02\\\/Dulon-Marine-Deckmate-Group-logo-small.png\",\"width\":350,\"height\":150,\"caption\":\"Dulon Marine Deckmate Group\"},\"image\":{\"@id\":\"https:\\\/\\\/dulonmarine.com\\\/pt\\\/#\\\/schema\\\/logo\\\/image\\\/\"},\"sameAs\":[\"https:\\\/\\\/www.facebook.com\\\/dulonmarine?locale=nl_NL\",\"https:\\\/\\\/www.instagram.com\\\/dulonmarinegroup\\\/\"]}]}<\/script>\n<!-- \/ Yoast SEO plugin. -->","yoast_head_json":{"title":"Deckmate DM230 Funda de microfibra para cabezal de lavado - Dulon Marine","description":"Esta funda de lavado de chenilla est\u00e1 hecha de un material de microfibra resistente y extremadamente suave, compuesto de poli\u00e9ster 80% y poliamida 20% en color naranja.","robots":{"index":"index","follow":"follow","max-snippet":"max-snippet:-1","max-image-preview":"max-image-preview:large","max-video-preview":"max-video-preview:-1"},"canonical":"https:\/\/dulonmarine.com\/es\/winkel\/companero-de-cubierta\/lavar-fregar\/producto-de-muestra\/deckmate-dm230-microfibra-washead-cover\/","og_locale":"es_ES","og_type":"article","og_title":"Deckmate DM230 Microfiber washhead cover - Dulon Marine","og_description":"This chenille washcover is made of strong and extremely soft microfibre material, consisting of 80% polyester and 20% polyamide in an orange colour.","og_url":"https:\/\/dulonmarine.com\/es\/winkel\/companero-de-cubierta\/lavar-fregar\/producto-de-muestra\/deckmate-dm230-microfibra-washead-cover\/","og_site_name":"Dulon Marine","article_publisher":"https:\/\/www.facebook.com\/dulonmarine?locale=nl_NL","article_modified_time":"2024-10-24T12:00:23+00:00","og_image":[{"width":1200,"height":1200,"url":"https:\/\/dulonmarine.com\/wp-content\/uploads\/2023\/02\/230-Microfiber-washead-cover-side.jpg","type":"image\/jpeg"}],"twitter_card":"summary_large_image","twitter_misc":{"Tiempo de lectura":"1 minuto"},"schema":{"@context":"https:\/\/schema.org","@graph":[{"@type":"WebPage","@id":"https:\/\/dulonmarine.com\/es\/winkel\/companero-de-cubierta\/lavar-fregar\/producto-de-muestra\/deckmate-dm230-microfibra-washead-cover\/","url":"https:\/\/dulonmarine.com\/es\/winkel\/companero-de-cubierta\/lavar-fregar\/producto-de-muestra\/deckmate-dm230-microfibra-washead-cover\/","name":"Deckmate DM230 Funda de microfibra para cabezal de lavado - Dulon Marine","isPartOf":{"@id":"https:\/\/dulonmarine.com\/pt\/#website"},"primaryImageOfPage":{"@id":"https:\/\/dulonmarine.com\/es\/winkel\/companero-de-cubierta\/lavar-fregar\/producto-de-muestra\/deckmate-dm230-microfibra-washead-cover\/#primaryimage"},"image":{"@id":"https:\/\/dulonmarine.com\/es\/winkel\/companero-de-cubierta\/lavar-fregar\/producto-de-muestra\/deckmate-dm230-microfibra-washead-cover\/#primaryimage"},"thumbnailUrl":"https:\/\/dulonmarine.com\/wp-content\/uploads\/2023\/02\/230-Microfiber-washead-cover-side.jpg","datePublished":"2023-02-08T12:39:18+00:00","dateModified":"2024-10-24T12:00:23+00:00","description":"Esta funda de lavado de chenilla est\u00e1 hecha de un material de microfibra resistente y extremadamente suave, compuesto de poli\u00e9ster 80% y poliamida 20% en color naranja.","breadcrumb":{"@id":"https:\/\/dulonmarine.com\/es\/winkel\/companero-de-cubierta\/lavar-fregar\/producto-de-muestra\/deckmate-dm230-microfibra-washead-cover\/#breadcrumb"},"inLanguage":"es","potentialAction":[{"@type":"ReadAction","target":["https:\/\/dulonmarine.com\/es\/winkel\/companero-de-cubierta\/lavar-fregar\/producto-de-muestra\/deckmate-dm230-microfibra-washead-cover\/"]}]},{"@type":"ImageObject","inLanguage":"es","@id":"https:\/\/dulonmarine.com\/es\/winkel\/companero-de-cubierta\/lavar-fregar\/producto-de-muestra\/deckmate-dm230-microfibra-washead-cover\/#primaryimage","url":"https:\/\/dulonmarine.com\/wp-content\/uploads\/2023\/02\/230-Microfiber-washead-cover-side.jpg","contentUrl":"https:\/\/dulonmarine.com\/wp-content\/uploads\/2023\/02\/230-Microfiber-washead-cover-side.jpg","width":1200,"height":1200},{"@type":"BreadcrumbList","@id":"https:\/\/dulonmarine.com\/es\/winkel\/companero-de-cubierta\/lavar-fregar\/producto-de-muestra\/deckmate-dm230-microfibra-washead-cover\/#breadcrumb","itemListElement":[{"@type":"ListItem","position":1,"name":"Home","item":"https:\/\/dulonmarine.com\/"},{"@type":"ListItem","position":2,"name":"Winkel","item":"https:\/\/dulonmarine.com\/pt\/piacaba\/"},{"@type":"ListItem","position":3,"name":"Deckmate DM230 Microfiber washhead cover"}]},{"@type":"WebSite","@id":"https:\/\/dulonmarine.com\/pt\/#website","url":"https:\/\/dulonmarine.com\/pt\/","name":"Dulon Marine","description":"Otros productos para la limpieza del hogar","publisher":{"@id":"https:\/\/dulonmarine.com\/pt\/#organization"},"potentialAction":[{"@type":"SearchAction","target":{"@type":"EntryPoint","urlTemplate":"https:\/\/dulonmarine.com\/pt\/?s={search_term_string}"},"query-input":{"@type":"PropertyValueSpecification","valueRequired":true,"valueName":"search_term_string"}}],"inLanguage":"es"},{"@type":"Organization","@id":"https:\/\/dulonmarine.com\/pt\/#organization","name":"Dulon Marine Grupo Deckmate","url":"https:\/\/dulonmarine.com\/pt\/","logo":{"@type":"ImageObject","inLanguage":"es","@id":"https:\/\/dulonmarine.com\/pt\/#\/schema\/logo\/image\/","url":"http:\/\/dulonmarine.com\/wp-content\/uploads\/2023\/02\/Dulon-Marine-Deckmate-Group-logo-small.png","contentUrl":"http:\/\/dulonmarine.com\/wp-content\/uploads\/2023\/02\/Dulon-Marine-Deckmate-Group-logo-small.png","width":350,"height":150,"caption":"Dulon Marine Deckmate Group"},"image":{"@id":"https:\/\/dulonmarine.com\/pt\/#\/schema\/logo\/image\/"},"sameAs":["https:\/\/www.facebook.com\/dulonmarine?locale=nl_NL","https:\/\/www.instagram.com\/dulonmarinegroup\/"]}]}},"_links":{"self":[{"href":"https:\/\/dulonmarine.com\/es\/wp-json\/wp\/v2\/product\/8505","targetHints":{"allow":["GET"]}}],"collection":[{"href":"https:\/\/dulonmarine.com\/es\/wp-json\/wp\/v2\/product"}],"about":[{"href":"https:\/\/dulonmarine.com\/es\/wp-json\/wp\/v2\/types\/product"}],"wp:featuredmedia":[{"embeddable":true,"href":"https:\/\/dulonmarine.com\/es\/wp-json\/wp\/v2\/media\/9395"}],"wp:attachment":[{"href":"https:\/\/dulonmarine.com\/es\/wp-json\/wp\/v2\/media?parent=8505"}],"wp:term":[{"taxonomy":"product_brand","embeddable":true,"href":"https:\/\/dulonmarine.com\/es\/wp-json\/wp\/v2\/product_brand?post=8505"},{"taxonomy":"product_cat","embeddable":true,"href":"https:\/\/dulonmarine.com\/es\/wp-json\/wp\/v2\/product_cat?post=8505"},{"taxonomy":"product_tag","embeddable":true,"href":"https:\/\/dulonmarine.com\/es\/wp-json\/wp\/v2\/product_tag?post=8505"}],"curies":[{"name":"wp","href":"https:\/\/api.w.org\/{rel}","templated":true}]}}