{"id":8537,"date":"2023-02-08T17:18:32","date_gmt":"2023-02-08T16:18:32","guid":{"rendered":"http:\/\/dulonmarine.com\/?page_id=8537"},"modified":"2025-11-12T12:04:08","modified_gmt":"2025-11-12T11:04:08","slug":"pesu-kuorinta","status":"publish","type":"page","link":"https:\/\/dulonmarine.com\/fi\/deckmate-product-categories\/wash-scrub\/","title":{"rendered":"Pesu &amp; kuorinta"},"content":{"rendered":"<div id=\"cs-content\" class=\"cs-content\"><\/div>","protected":false},"excerpt":{"rendered":"<p>Wash &amp; scrub Deckmate DM210 Mikrokuitupesukinnas \u20ac11,27 Lis\u00e4\u00e4 ostoskoriin Deckmate DM215 Washmitt | Synteettinen lampaanvilla \u20ac11.27 Lis\u00e4\u00e4 ostoskoriin Deckmate DM230 Mikrokuituinen pesup\u00e4\u00e4n suojus \u20ac15.62 Lis\u00e4\u00e4 ostoskoriin Deckmate DM235 Synteettinen lampaanvillainen pesup\u00e4\u00e4n suojus 15,62 \u20ac. Lis\u00e4\u00e4 ostoskoriin Deckmate DM270 K\u00e4\u00e4ntyv\u00e4 levy \u20ac24.31 Lis\u00e4\u00e4 ostoskoriin Deckmate DM250 pehme\u00e4 hankausmatto \u20ac9.53 Lis\u00e4\u00e4 ostoskoriin Deckmate DM251 keskikokoinen hankauslevy \u20ac9.53 ... <a href=\"https:\/\/dulonmarine.com\/fi\/deckmate-product-categories\/wash-scrub\/\" class=\"more-link\">Read More<\/a><\/p>","protected":false},"author":11,"featured_media":0,"parent":8540,"menu_order":0,"comment_status":"closed","ping_status":"closed","template":"template-blank-4.php","meta":{"_acf_changed":false,"om_disable_all_campaigns":false,"rs_blank_template":"","rs_page_bg_color":"","slide_template_v7":"","inline_featured_image":false,"_monsterinsights_skip_tracking":false,"_monsterinsights_sitenote_active":false,"_monsterinsights_sitenote_note":"","_monsterinsights_sitenote_category":0,"footnotes":""},"class_list":["post-8537","page","type-page","status-publish","hentry","no-post-thumbnail"],"acf":[],"yoast_head":"<!-- This site is optimized with the Yoast SEO plugin v27.4 - https:\/\/yoast.com\/product\/yoast-seo-wordpress\/ -->\n<title>Wash &amp; scrub - Dulon Marine<\/title>\n<meta name=\"robots\" content=\"index, follow, max-snippet:-1, max-image-preview:large, max-video-preview:-1\" \/>\n<link rel=\"canonical\" href=\"https:\/\/dulonmarine.com\/fi\/deckmate-tuoteryhmat\/pesu-kuorinta\/\" \/>\n<meta property=\"og:locale\" content=\"fi_FI\" \/>\n<meta property=\"og:type\" content=\"article\" \/>\n<meta property=\"og:title\" content=\"Wash &amp; scrub - Dulon Marine\" \/>\n<meta property=\"og:description\" content=\"Wash &amp; scrub Deckmate DM210 Microfiber washmitt &euro;11.27 Lis\u00e4\u00e4 ostoskoriin Deckmate DM215 Washmitt | Synthetic Lambswool &euro;11.27 Lis\u00e4\u00e4 ostoskoriin Deckmate DM230 Microfiber washhead cover &euro;15.62 Lis\u00e4\u00e4 ostoskoriin Deckmate DM235 Synthetic lambswool washhead cover &euro;15.62 Lis\u00e4\u00e4 ostoskoriin Deckmate DM270 Swivelplate &euro;24.31 Lis\u00e4\u00e4 ostoskoriin Deckmate DM250 soft scrubpad &euro;9.53 Lis\u00e4\u00e4 ostoskoriin Deckmate DM251 medium scrubpad &euro;9.53 ... Read More\" \/>\n<meta property=\"og:url\" content=\"https:\/\/dulonmarine.com\/fi\/deckmate-tuoteryhmat\/pesu-kuorinta\/\" \/>\n<meta property=\"og:site_name\" content=\"Dulon Marine\" \/>\n<meta property=\"article:publisher\" content=\"https:\/\/www.facebook.com\/dulonmarine?locale=nl_NL\" \/>\n<meta property=\"article:modified_time\" content=\"2025-11-12T11:04:08+00:00\" \/>\n<meta name=\"twitter:card\" content=\"summary_large_image\" \/>\n<meta name=\"twitter:label1\" content=\"Arvioitu lukuaika\" \/>\n\t<meta name=\"twitter:data1\" content=\"6 minuuttia\" \/>\n<script type=\"application\/ld+json\" class=\"yoast-schema-graph\">{\"@context\":\"https:\\\/\\\/schema.org\",\"@graph\":[{\"@type\":\"WebPage\",\"@id\":\"https:\\\/\\\/dulonmarine.com\\\/deckmate-product-categories\\\/wash-scrub\\\/\",\"url\":\"https:\\\/\\\/dulonmarine.com\\\/deckmate-product-categories\\\/wash-scrub\\\/\",\"name\":\"Wash & scrub - Dulon Marine\",\"isPartOf\":{\"@id\":\"https:\\\/\\\/dulonmarine.com\\\/pt\\\/#website\"},\"datePublished\":\"2023-02-08T16:18:32+00:00\",\"dateModified\":\"2025-11-12T11:04:08+00:00\",\"breadcrumb\":{\"@id\":\"https:\\\/\\\/dulonmarine.com\\\/deckmate-product-categories\\\/wash-scrub\\\/#breadcrumb\"},\"inLanguage\":\"fi\",\"potentialAction\":[{\"@type\":\"ReadAction\",\"target\":[\"https:\\\/\\\/dulonmarine.com\\\/deckmate-product-categories\\\/wash-scrub\\\/\"]}]},{\"@type\":\"BreadcrumbList\",\"@id\":\"https:\\\/\\\/dulonmarine.com\\\/deckmate-product-categories\\\/wash-scrub\\\/#breadcrumb\",\"itemListElement\":[{\"@type\":\"ListItem\",\"position\":1,\"name\":\"Home\",\"item\":\"https:\\\/\\\/dulonmarine.com\\\/\"},{\"@type\":\"ListItem\",\"position\":2,\"name\":\"Deckmate Product categories\",\"item\":\"https:\\\/\\\/dulonmarine.com\\\/deckmate-product-categories\\\/\"},{\"@type\":\"ListItem\",\"position\":3,\"name\":\"Wash &#038; scrub\"}]},{\"@type\":\"WebSite\",\"@id\":\"https:\\\/\\\/dulonmarine.com\\\/pt\\\/#website\",\"url\":\"https:\\\/\\\/dulonmarine.com\\\/pt\\\/\",\"name\":\"Dulon Marine\",\"description\":\"Onderhoudsproducten voor de scheepvaart\",\"publisher\":{\"@id\":\"https:\\\/\\\/dulonmarine.com\\\/pt\\\/#organization\"},\"potentialAction\":[{\"@type\":\"SearchAction\",\"target\":{\"@type\":\"EntryPoint\",\"urlTemplate\":\"https:\\\/\\\/dulonmarine.com\\\/pt\\\/?s={search_term_string}\"},\"query-input\":{\"@type\":\"PropertyValueSpecification\",\"valueRequired\":true,\"valueName\":\"search_term_string\"}}],\"inLanguage\":\"fi\"},{\"@type\":\"Organization\",\"@id\":\"https:\\\/\\\/dulonmarine.com\\\/pt\\\/#organization\",\"name\":\"Dulon Marine Deckmate Group\",\"url\":\"https:\\\/\\\/dulonmarine.com\\\/pt\\\/\",\"logo\":{\"@type\":\"ImageObject\",\"inLanguage\":\"fi\",\"@id\":\"https:\\\/\\\/dulonmarine.com\\\/pt\\\/#\\\/schema\\\/logo\\\/image\\\/\",\"url\":\"http:\\\/\\\/dulonmarine.com\\\/wp-content\\\/uploads\\\/2023\\\/02\\\/Dulon-Marine-Deckmate-Group-logo-small.png\",\"contentUrl\":\"http:\\\/\\\/dulonmarine.com\\\/wp-content\\\/uploads\\\/2023\\\/02\\\/Dulon-Marine-Deckmate-Group-logo-small.png\",\"width\":350,\"height\":150,\"caption\":\"Dulon Marine Deckmate Group\"},\"image\":{\"@id\":\"https:\\\/\\\/dulonmarine.com\\\/pt\\\/#\\\/schema\\\/logo\\\/image\\\/\"},\"sameAs\":[\"https:\\\/\\\/www.facebook.com\\\/dulonmarine?locale=nl_NL\",\"https:\\\/\\\/www.instagram.com\\\/dulonmarinegroup\\\/\"]}]}<\/script>\n<!-- \/ Yoast SEO plugin. -->","yoast_head_json":{"title":"Pese ja hankaa - Dulon Marine","robots":{"index":"index","follow":"follow","max-snippet":"max-snippet:-1","max-image-preview":"max-image-preview:large","max-video-preview":"max-video-preview:-1"},"canonical":"https:\/\/dulonmarine.com\/fi\/deckmate-tuoteryhmat\/pesu-kuorinta\/","og_locale":"fi_FI","og_type":"article","og_title":"Wash & scrub - Dulon Marine","og_description":"Wash & scrub Deckmate DM210 Microfiber washmitt &euro;11.27 Lis\u00e4\u00e4 ostoskoriin Deckmate DM215 Washmitt | Synthetic Lambswool &euro;11.27 Lis\u00e4\u00e4 ostoskoriin Deckmate DM230 Microfiber washhead cover &euro;15.62 Lis\u00e4\u00e4 ostoskoriin Deckmate DM235 Synthetic lambswool washhead cover &euro;15.62 Lis\u00e4\u00e4 ostoskoriin Deckmate DM270 Swivelplate &euro;24.31 Lis\u00e4\u00e4 ostoskoriin Deckmate DM250 soft scrubpad &euro;9.53 Lis\u00e4\u00e4 ostoskoriin Deckmate DM251 medium scrubpad &euro;9.53 ... Read More","og_url":"https:\/\/dulonmarine.com\/fi\/deckmate-tuoteryhmat\/pesu-kuorinta\/","og_site_name":"Dulon Marine","article_publisher":"https:\/\/www.facebook.com\/dulonmarine?locale=nl_NL","article_modified_time":"2025-11-12T11:04:08+00:00","twitter_card":"summary_large_image","twitter_misc":{"Arvioitu lukuaika":"6 minuuttia"},"schema":{"@context":"https:\/\/schema.org","@graph":[{"@type":"WebPage","@id":"https:\/\/dulonmarine.com\/deckmate-product-categories\/wash-scrub\/","url":"https:\/\/dulonmarine.com\/deckmate-product-categories\/wash-scrub\/","name":"Pese ja hankaa - Dulon Marine","isPartOf":{"@id":"https:\/\/dulonmarine.com\/pt\/#website"},"datePublished":"2023-02-08T16:18:32+00:00","dateModified":"2025-11-12T11:04:08+00:00","breadcrumb":{"@id":"https:\/\/dulonmarine.com\/deckmate-product-categories\/wash-scrub\/#breadcrumb"},"inLanguage":"fi","potentialAction":[{"@type":"ReadAction","target":["https:\/\/dulonmarine.com\/deckmate-product-categories\/wash-scrub\/"]}]},{"@type":"BreadcrumbList","@id":"https:\/\/dulonmarine.com\/deckmate-product-categories\/wash-scrub\/#breadcrumb","itemListElement":[{"@type":"ListItem","position":1,"name":"Home","item":"https:\/\/dulonmarine.com\/"},{"@type":"ListItem","position":2,"name":"Deckmate Product categories","item":"https:\/\/dulonmarine.com\/deckmate-product-categories\/"},{"@type":"ListItem","position":3,"name":"Wash &#038; scrub"}]},{"@type":"WebSite","@id":"https:\/\/dulonmarine.com\/pt\/#website","url":"https:\/\/dulonmarine.com\/pt\/","name":"Dulon Marine","description":"Muut tuotteet, jotka on tarkoitettu k\u00e4ytett\u00e4v\u00e4ksi julkisuudessa","publisher":{"@id":"https:\/\/dulonmarine.com\/pt\/#organization"},"potentialAction":[{"@type":"SearchAction","target":{"@type":"EntryPoint","urlTemplate":"https:\/\/dulonmarine.com\/pt\/?s={search_term_string}"},"query-input":{"@type":"PropertyValueSpecification","valueRequired":true,"valueName":"search_term_string"}}],"inLanguage":"fi"},{"@type":"Organization","@id":"https:\/\/dulonmarine.com\/pt\/#organization","name":"Dulon Marine Kansilaituriryhm\u00e4","url":"https:\/\/dulonmarine.com\/pt\/","logo":{"@type":"ImageObject","inLanguage":"fi","@id":"https:\/\/dulonmarine.com\/pt\/#\/schema\/logo\/image\/","url":"http:\/\/dulonmarine.com\/wp-content\/uploads\/2023\/02\/Dulon-Marine-Deckmate-Group-logo-small.png","contentUrl":"http:\/\/dulonmarine.com\/wp-content\/uploads\/2023\/02\/Dulon-Marine-Deckmate-Group-logo-small.png","width":350,"height":150,"caption":"Dulon Marine Deckmate Group"},"image":{"@id":"https:\/\/dulonmarine.com\/pt\/#\/schema\/logo\/image\/"},"sameAs":["https:\/\/www.facebook.com\/dulonmarine?locale=nl_NL","https:\/\/www.instagram.com\/dulonmarinegroup\/"]}]}},"_links":{"self":[{"href":"https:\/\/dulonmarine.com\/fi\/wp-json\/wp\/v2\/pages\/8537","targetHints":{"allow":["GET"]}}],"collection":[{"href":"https:\/\/dulonmarine.com\/fi\/wp-json\/wp\/v2\/pages"}],"about":[{"href":"https:\/\/dulonmarine.com\/fi\/wp-json\/wp\/v2\/types\/page"}],"author":[{"embeddable":true,"href":"https:\/\/dulonmarine.com\/fi\/wp-json\/wp\/v2\/users\/11"}],"replies":[{"embeddable":true,"href":"https:\/\/dulonmarine.com\/fi\/wp-json\/wp\/v2\/comments?post=8537"}],"version-history":[{"count":1,"href":"https:\/\/dulonmarine.com\/fi\/wp-json\/wp\/v2\/pages\/8537\/revisions"}],"predecessor-version":[{"id":9932,"href":"https:\/\/dulonmarine.com\/fi\/wp-json\/wp\/v2\/pages\/8537\/revisions\/9932"}],"up":[{"embeddable":true,"href":"https:\/\/dulonmarine.com\/fi\/wp-json\/wp\/v2\/pages\/8540"}],"wp:attachment":[{"href":"https:\/\/dulonmarine.com\/fi\/wp-json\/wp\/v2\/media?parent=8537"}],"curies":[{"name":"wp","href":"https:\/\/api.w.org\/{rel}","templated":true}]}}