{"id":9912,"date":"2025-11-12T11:09:29","date_gmt":"2025-11-12T10:09:29","guid":{"rendered":"https:\/\/dulonmarine.com\/?page_id=9912"},"modified":"2025-11-12T11:09:29","modified_gmt":"2025-11-12T10:09:29","slug":"huolto-opas","status":"publish","type":"page","link":"https:\/\/dulonmarine.com\/fi\/maintenance-guide\/","title":{"rendered":"Huolto-opas"},"content":{"rendered":"<div id=\"cs-content\" class=\"cs-content\"><div class=\"x-section e9912-e1 m7nc-0\"><div class=\"x-row x-container max width e9912-e2 m7nc-1 m7nc-2 m7nc-4\"><div class=\"x-row-inner\"><div class=\"x-col e9912-e3 m7nc-b m7nc-c\"><h1  class=\"h-custom-headline h2\" style=\"margin-top:0px;\"><span>HUOLTO-OPAS<\/span><\/h1><div id=\"\" class=\"x-text\" style=\"\" ><p>Dulon Marine-, Deckmate- ja Captain Green -tuotteilla voit olla varma parhaasta laadusta, joka tekee aluksestasi upean n\u00e4k\u00f6isen ja pit\u00e4\u00e4 sen huippukunnossa.<\/p>\n<p>Huoltoperiaatteemme \u2013 puhdista, kunnostetaan, suojaa \u2013 pohjalta olemme laatineet sinulle seuraavan huoltovaiheiden suunnitelman.<\/p>\n<\/div><h1  class=\"h-custom-headline h3\" style=\"margin-top:0px;\"><span>RUNKO<\/span><\/h1><div id=\"\" class=\"x-text\" style=\"\" ><p>Jotta runko pysyy optimaalisessa kunnossa koko purjehduskauden ajan, on t\u00e4rke\u00e4\u00e4 puhdistaa, kunnostaa ja suojata se perusteellisesti 1\u20132 kertaa vuodessa ja sen j\u00e4lkeen pest\u00e4 s\u00e4\u00e4nn\u00f6llisesti.<\/p>\n<\/div><\/div><\/div><\/div><div class=\"x-row e9912-e8 m7nc-1 m7nc-3 m7nc-5 m7nc-6\"><div class=\"x-row-inner\"><div class=\"x-col e9912-e9 m7nc-b m7nc-c m7nc-d m7nc-e\"><div class=\"x-bg\" aria-hidden=\"true\"><div class=\"x-bg-layer-lower-image\"><\/div><\/div><\/div><div class=\"x-col e9912-e10 m7nc-b m7nc-f\"><h1  class=\"h-custom-headline h3\" style=\"margin-top:0px; margin-bottom:30px;\"><span>Parhaan tuloksen saavuttamiseksi on noudatettava seuraavia ohjeita:<\/span><\/h1><div class=\"x-text x-text-headline e9912-e12 m7nc-k m7nc-l\"><div class=\"x-text-content\"><div class=\"x-text-content-text\"><h3 class=\"x-text-content-text-primary\">VAIHE 1:<\/h3>\n<\/div><\/div><\/div><h1  class=\"h-custom-headline h3\" style=\"color: #000000;margin-top:0px; font-weight: 100 !important;\"><span>Puhdistus<\/span><\/h1><div id=\"\" class=\"x-text\" style=\"\" ><p>Aloita puhdistamalla runko perusteellisesti, jotta lika, lev\u00e4t, vanhat vahakerrokset ja muut ep\u00e4puhtaudet poistuvat. K\u00e4yt\u00e4 seuraavia tuotteita:<\/p>\n<\/div><h1  class=\"h-custom-headline link h5\" style=\"color: #000000;margin-top:0px; font-weight: 100 !important; text-decoration: underline 2px;\"><span><a href=\"https:\/\/dulonmarine.com\/fi\/winkel\/dulon\/yleinen\/tuotenayte\/hull-waterline-clean-22-poistaa-ruskeankeltaiset-kerrostumat\/\">DULON RUNKO JA VESILINJA PUHDAS 22<\/a><\/span><\/h1><div id=\"\" class=\"x-text\" style=\"\" ><p>Tehokas puhdistusaine keltaisten vesiviivojen ja kalkkikiven poistamiseen.<\/p>\n<p><b>Ohjeet:<\/b><\/p>\n<ol style=\"margin-top:-20px;\">\n<li>Levit\u00e4 DULON HULL &amp; WATERLINE CLEAN 22 Deckmate Brush Soft -harjalla levitt\u00e4m\u00e4ll\u00e4 se ohuena kerroksena pinnalle.<\/li>\n<li>Anna sen vaikuttaa noin 10 minuuttia (\u00e4l\u00e4 anna sen kuivua).<\/li>\n<li>Huuhtele puhtaalla vedell\u00e4.<\/li>\n<\/ol>\n<\/div><h1  class=\"h-custom-headline link h5\" style=\"color: hsl(0, 0%, 0%);margin-top:0px; font-weight: 100 !important; text-decoration: underline 2px;\"><span><a href=\"https:\/\/dulonmarine.com\/fi\/winkel\/dulon\/yleinen\/tuotenayte\/predulon-00-tehokas-syvapuhdistusaine-kaytettavaksi-ennen-kiillotusta\/\">PREDULON 00<\/a><\/span><\/h1><div id=\"\" class=\"x-text\" style=\"\" ><p>Tehokas syv\u00e4puhdistusaine, joka poistaa pinnalliset ep\u00e4puhtaudet, rasvat, \u00f6ljyt sek\u00e4 vanhat vaha- ja silikonikerrokset.<\/p>\n<p><b>Ohjeet:<\/b><\/p>\n<ol style=\"margin-top:-20px;\">\n<li>Lis\u00e4\u00e4 250 ml PREDULON 00:aa \u00e4mp\u00e4rilliseen l\u00e4mmint\u00e4 vett\u00e4.<\/li>\n<li>Puhdista pinta Deckmate Washmitt -pesuk\u00e4sineell\u00e4 tai Deckmate Brush Soft -harjalla.<\/li>\n<li>Anna PREDULON 00:n vaikuttaa noin 30 sekuntia.<\/li>\n<li>Huuhtele puhtaalla vedell\u00e4.<\/li>\n<\/ol>\n<\/div><\/div><\/div><\/div><div class=\"x-row e9912-e19 m7nc-1 m7nc-3 m7nc-5 m7nc-7\"><div class=\"x-row-inner\"><div class=\"x-col e9912-e20 m7nc-b m7nc-c m7nc-e m7nc-g\"><div class=\"x-bg\" aria-hidden=\"true\"><div class=\"x-bg-layer-lower-image\"><\/div><\/div><\/div><div class=\"x-col e9912-e21 m7nc-b m7nc-f\"><div class=\"x-text x-text-headline e9912-e22 m7nc-k m7nc-m\"><div class=\"x-text-content\"><div class=\"x-text-content-text\"><h3 class=\"x-text-content-text-primary\">VAIHE 2:<\/h3>\n<\/div><\/div><\/div><h1  class=\"h-custom-headline h3\" style=\"margin-top:0px; font-weight: 100 !important;\"><span>KUNNOSTA<\/span><\/h1><div id=\"\" class=\"x-text\" style=\"\" ><p>Poista pienet naarmut ja himme\u00e4t kohdat, jotta rungon kiilto palautuu. K\u00e4yt\u00e4 seuraavaa tuotetta:<\/p>\n<\/div><h1  class=\"h-custom-headline link h5\" style=\"margin-top:0px; font-weight: 100 !important; text-decoration: underline 2px;\"><span><a href=\"https:\/\/dulonmarine.com\/fi\/winkel\/dulon\/kiillotusvaha\/tuotenayte\/dulon-poly-kiillotusaine\/\">DULON POLY POLISH RUBBING COMPOUND STRONG 14<\/a><\/span><\/h1><div id=\"\" class=\"x-text\" style=\"\" ><p>Ammattimainen kiillotusaine, joka palauttaa kuluneet, hapettuneet ja v\u00e4rj\u00e4ytyneet pinnat ja poistaa naarmut, pinttyneet tahrat ja juovat.<\/p>\n<p><b>Ohjeet <u>k\u00e4sikirja<\/u> kiillotus:<\/b><\/p>\n<ol style=\"margin-top:-20px;\">\n<li>Levit\u00e4 DULON POLY POLISH kostealla Deckmate Polish Pad -tyynyll\u00e4 py\u00f6reill\u00e4 liikkeill\u00e4, kunnes haluttu tulos on saavutettu.<\/li>\n<li>Poista kiillotusj\u00e4\u00e4m\u00e4t Deckmate Multi Towel | Coral Fleece -pyyhkeell\u00e4.<\/li>\n<\/ol>\n<\/div><div id=\"\" class=\"x-text\" style=\"\" ><p><b>Ohjeet <u>kone<\/u> kiillotus (py\u00f6riv\u00e4 kone + kova kiillotuslaikka):<\/b><\/p>\n<ol style=\"margin-top:-20px;\">\n<li>Kostuta kiillotuslaikka kevyesti ja levit\u00e4 laikkaan pieni m\u00e4\u00e4r\u00e4 DULON POLY POLISH -kiillotusainetta.<\/li>\n<li>Levit\u00e4 DULON POLY POLISH ohuesti pinnalle.<\/li>\n<li>Kiillota pinta hitaalla nopeudella tasaisilla, hallituilla liikkeill\u00e4 \u2013 sek\u00e4 vaakasuoraan ett\u00e4 pystysuoraan.<\/li>\n<li>Lis\u00e4\u00e4 kiillotusprosessin aikana nopeutta asteittain, kunnes haluttu tulos on saavutettu.<\/li>\n<li>Poista kiillotusj\u00e4\u00e4m\u00e4t Deckmate Multi Towel | Coral Fleece -pyyhkeell\u00e4.<\/li>\n<\/ol>\n<\/div><\/div><\/div><\/div><div class=\"x-row e9912-e28 m7nc-1 m7nc-3 m7nc-5 m7nc-8\"><div class=\"x-row-inner\"><div class=\"x-col e9912-e29 m7nc-b m7nc-c m7nc-e m7nc-h\"><div class=\"x-bg\" aria-hidden=\"true\"><div class=\"x-bg-layer-lower-image\"><\/div><\/div><\/div><div class=\"x-col e9912-e30 m7nc-b m7nc-f\"><div class=\"x-text x-text-headline e9912-e31 m7nc-k m7nc-m\"><div class=\"x-text-content\"><div class=\"x-text-content-text\"><h3 class=\"x-text-content-text-primary\">VAIHE 3:<\/h3>\n<\/div><\/div><\/div><h1  class=\"h-custom-headline h3\" style=\"margin-top:0px; font-weight: 100 !important;\"><span>SUOJAAMINEN<\/span><\/h1><div id=\"\" class=\"x-text\" style=\"\" ><p>On eritt\u00e4in t\u00e4rke\u00e4\u00e4 suojata runko asianmukaisesti UV-s\u00e4teilylt\u00e4 ja kalkkikertymist\u00e4. K\u00e4yt\u00e4 seuraavaa tuotetta:<\/p>\n<\/div><h1  class=\"h-custom-headline link h5\" style=\"margin-top:0px; font-weight: 100 !important; text-decoration: underline 2px;\"><span><a href=\"https:\/\/dulonmarine.com\/fi\/winkel\/dulon\/kiillotusvaha\/tuotenayte\/dulon-1-2-komponentti\/\">DULON 1&amp;2<\/a><\/span><\/h1><div id=\"\" class=\"x-text\" style=\"\" ><p>Vallankumouksellinen 2-komponenttinen kiillotus- ja vahausj\u00e4rjestelm\u00e4, joka luo ainutlaatuisen, l\u00e4p\u00e4isem\u00e4tt\u00f6m\u00e4n molekyylisuojan koville materiaaleille, kuten gelcoatille, lakatulle ter\u00e4kselle, puulle ja ruostumattomalle ter\u00e4kselle. DULON 1&amp;2 tarjoaa pitk\u00e4kestoisen, kiilt\u00e4v\u00e4n suojan muun muassa UV-s\u00e4teilylt\u00e4.\n<\/p>\n<p><b>Ohjeet <u>k\u00e4sikirja<\/u> kiillotus:<\/b><\/p>\n<ol style=\"margin-top:-20px;\">\n<li>Levit\u00e4 DULON 1 kostealla Deckmate Polish Pad -tyynyll\u00e4 py\u00f6reill\u00e4 liikkeill\u00e4, kunnes pinnalle muodostuu kevyt kalvo.<\/li>\n<li>\u00c4L\u00c4 PYYHI POIS!<\/li>\n<li>Levit\u00e4 DULON 2 samalla tavalla, kunnes valo<br \/>\nsumua ilmestyy.<\/li>\n<li>Anna kuivua, kunnes muodostuu jauhemainen kalvo, ja kiillota Deckmate Multi Towel | Coral Fleece -pyyhkeell\u00e4.<\/li>\n<\/ol>\n<\/div><div id=\"\" class=\"x-text\" style=\"\" ><p><b>Ohjeet <u>kone<\/u> kiillotus<br \/>(py\u00f6riv\u00e4 + keskikokoinen, pehme\u00e4 kiillotuslaikka ja lampaanvuori):<\/b><\/p>\n<ol style=\"margin-top:-20px;\">\n<li>Kostuta keskikokoinen kiillotuslaikka kevyesti ja levit\u00e4 laikkaan pieni m\u00e4\u00e4r\u00e4 DULON 1 -tuotetta.<\/li>\n<li>Levit\u00e4 DULON 1 ohuesti pinnalle.<\/li>\n<li>Kiillota pinta keskivauhdilla, kunnes pinnalle ilmestyy vaalea valkoinen huntu.<\/li>\n<li>\u00c4L\u00c4 Pyyhi sumua pois!<\/li>\n<li>Kostuta pehme\u00e4 kiillotuslaikka kevyesti ja levit\u00e4 laikkaan pieni m\u00e4\u00e4r\u00e4 DULON 2 -tuotetta.<\/li>\n<\/li>\n<li>Levit\u00e4 DULON 2 ohuesti pinnalle.<\/li>\n<li>Kiillota pinta keskivauhdilla, kunnes pinnalle ilmestyy vaalea valkoinen huntu.<\/li>\n<li>Anna kuivua jauhemaiseksi.<\/li>\n<li>Kiillota lampaannahalla suurella nopeudella.<\/li>\n<\/ol>\n<\/div><\/div><\/div><\/div><div class=\"x-row e9912-e37 m7nc-1 m7nc-3 m7nc-5 m7nc-9\"><div class=\"x-row-inner\"><div class=\"x-col e9912-e38 m7nc-b m7nc-c m7nc-e m7nc-i\"><div class=\"x-bg\" aria-hidden=\"true\"><div class=\"x-bg-layer-lower-image\"><\/div><\/div><\/div><div class=\"x-col e9912-e39 m7nc-b m7nc-f\"><div class=\"x-text x-text-headline e9912-e40 m7nc-k m7nc-m\"><div class=\"x-text-content\"><div class=\"x-text-content-text\"><h3 class=\"x-text-content-text-primary\">VAIHE 4:<\/h3>\n<\/div><\/div><\/div><h1  class=\"h-custom-headline h3\" style=\"margin-top:0px; font-weight: 100 !important;\"><span>JAKSOTTAINEN HUOLTO<\/span><\/h1><div id=\"\" class=\"x-text\" style=\"\" ><p>Jotta runko pysyy puhtaana ja kauniina koko purjehduskauden ajan, se on pest\u00e4v\u00e4 s\u00e4\u00e4nn\u00f6llisesti. K\u00e4yt\u00e4 seuraavaa tuotetta:<\/p>\n<\/div><h1  class=\"h-custom-headline link h5\" style=\"margin-top:0px; font-weight: 100 !important; text-decoration: underline 2px;\"><span><a href=\"https:\/\/dulonmarine.com\/fi\/winkel\/dulon\/yleinen\/tuotenayte\/premium-shampoo-03-pesuvaha\/\">DULON PREMIUM SHAMPOO 03 \u2013 PESU JA VAHATUS<\/a><\/span><\/h1><div id=\"\" class=\"x-text\" style=\"\" ><p>Eritt\u00e4in tiivis, korkealaatuinen veneshampoo, jossa on erityisesti kehitettyj\u00e4 lis\u00e4aineita DULON 1&amp;2 -suojaj\u00e4rjestelm\u00e4n optimaalisen kunnon yll\u00e4pit\u00e4miseksi. Se puhdistaa perusteellisesti, antaa kiilt\u00e4v\u00e4n lopputuloksen ja kuivuu itsest\u00e4\u00e4n. Se my\u00f6s korjaa DULON 1&amp;2 -j\u00e4rjestelm\u00e4n molekyylivauriot.<\/p>\n<p><b>Ohjeet:<\/b><\/p>\n<ol style=\"margin-top:-20px;\">\n<li>Lis\u00e4\u00e4 25 ml DULON PREMIUM SHAMPOO WASH &amp; WAX 03 -shampoota \u00e4mp\u00e4riin l\u00e4mmint\u00e4 vett\u00e4.<\/li>\n<\/li>\n<li>Pese pinta Deckmate Washmitt -pesukinnasella tai Deckmate Brush Soft -harjalla.<\/li>\n<li>Huuhtele puhtaalla vedell\u00e4.<\/li>\n<\/ol>\n<p>Noudattamalla n\u00e4it\u00e4 ohjeita voit varmistaa, ett\u00e4 aluksesi pysyy huippukunnossa, jolloin voit nauttia purjehduksistasi t\u00e4ysin siemauksin.<\/p>\n<\/div><\/div><\/div><\/div><div class=\"x-row e9912-e45 m7nc-1 m7nc-3 m7nc-5 m7nc-a\"><div class=\"x-row-inner\"><div class=\"x-col e9912-e46 m7nc-b m7nc-c m7nc-e m7nc-j\"><div class=\"x-bg\" aria-hidden=\"true\"><div class=\"x-bg-layer-lower-image\"><\/div><\/div><\/div><div class=\"x-col e9912-e47 m7nc-b m7nc-f\"><h1  class=\"h-custom-headline h3\" style=\"margin-top:0px; font-weight: 100 !important;\"><span>Yleisimm\u00e4t huoltokysymykset<\/span><\/h1><h1  class=\"h-custom-headline h5\" style=\"margin-top:20px; font-weight: 100 !important;\"><span>MUSTA RAITA-SAOSTUMAT<\/span><\/h1><div id=\"\" class=\"x-text\" style=\"margin-top:-10px;\" ><p>Yksi yleisimmist\u00e4 ongelmista aluksella ovat niin sanotut mustat juovat tai kerrostumat, joita esiintyy usein ikkunoiden kulmissa tai vesipisteiss\u00e4. N\u00e4m\u00e4 j\u00e4ljet johtuvat ilmakeh\u00e4n saasteista, jotka laskeutuvat sateen aikana ja j\u00e4tt\u00e4v\u00e4t rumia mustia juovia ja t\u00e4pli\u00e4. N\u00e4iden ep\u00e4puhtauksien tehokkaaseen poistamiseen k\u00e4yt\u00e4:<\/p>\n<\/div><h1  class=\"h-custom-headline link h5\" style=\"margin-top:-20px; font-weight: 100 !important; text-decoration: underline 2px;\"><span><a href=\"https:\/\/dulonmarine.com\/fi\/winkel\/dulon\/yleinen\/tuotenayte\/dulon-black-streak-remover-26-poistaa-mustat-ilmakehan-kerrostumat\/\">DULON MUSTA RAITANPOISTAJA 26<\/a><\/span><\/h1><h1  class=\"h-custom-headline h5\" style=\"margin-top:20px; font-weight: 100 !important;\"><span>LASITAI MUOVILASIT<\/span><\/h1><div id=\"\" class=\"x-text\" style=\"margin-top:-10px;\" ><p>Lasit tai muoviset ikkunat voivat likaantua sateen, vesisuihkun ja muiden tekij\u00f6iden vuoksi. Nopeaa ja helppoa puhdistusta varten suosittelemme seuraavaa:<\/p>\n<\/div><h1  class=\"h-custom-headline link h5\" style=\"margin-top:-20px; font-weight: 100 !important; text-decoration: underline 2px;\"><span><a href=\"https:\/\/dulonmarine.com\/fi\/winkel\/lasi\/tuotenayte\/dulon-glass-clean-50-professional-formula\/\">DULON LASINPUHDISTUS 50<\/a><\/span><\/h1><h1  class=\"h-custom-headline h5\" style=\"margin-top:20px; font-weight: 100 !important;\"><span>TEAK \u2013 LUONNOLLINEN TAI SYNTEETTINEN<\/span><\/h1><div id=\"\" class=\"x-text\" style=\"margin-top:-10px;\" ><p>Sek\u00e4 luonnollinen ett\u00e4 synteettinen tiikki ovat veneiss\u00e4 yleisesti k\u00e4ytettyj\u00e4 materiaaleja. Puhdistamalla, kunnostamalla ja suojaamalla tiikki\u00e4 asianmukaisesti voit varmistaa, ett\u00e4 kansi pysyy tahratonna. K\u00e4yt\u00e4 seuraavia tuotteita optimaalisten tulosten saavuttamiseksi:<\/p>\n<\/div><h1  class=\"h-custom-headline link h5\" style=\"margin-top:-20px; font-weight: 100 !important; text-decoration: underline 2px;\"><span><a href=\"https:\/\/dulonmarine.com\/fi\/winkel\/teak\/tuotenayte\/dulon-tiikkipuhdistusaine-41-syvapuhdistava-rasvanpoistoaine\/\">DULON TEAK-RASVANPOISTAJA 41<\/a><\/span><\/h1><h1  class=\"h-custom-headline link h5\" style=\"margin-top:-10px; font-weight: 100 !important; text-decoration: underline 2px;\"><span><a href=\"https:\/\/dulonmarine.com\/fi\/winkel\/teak\/tuotenayte\/dulon-teak-clean-kirkastin-21-varinpalauttaja-puhdistusaine\/\">DULON TEAK CLEAN &amp; BRIGHTENER 42<\/a><\/span><\/h1><h1  class=\"h-custom-headline link h5\" style=\"margin-top:-10px; font-weight: 100 !important; text-decoration: underline 2px;\"><span><a href=\"https:\/\/dulonmarine.com\/fi\/winkel\/teak\/tuotenayte\/dulon-tiikkisuoja-43-kyllastysaine-uv-suoja\/\">DULON TEAK PROTECTOR 43<\/a><\/span><\/h1><h1  class=\"h-custom-headline link h5\" style=\"margin-top:-10px; font-weight: 100 !important; text-decoration: underline 2px;\"><span><a href=\"https:\/\/dulonmarine.com\/fi\/winkel\/teak\/tuotenayte\/dulon-synteettisen-teakin-puhdistusaine-46-kaikille-synteettisille-teakille\/\">DULON SYNTEETTINEN TEAK-PUHDISTUSAINE 46<\/a><\/span><\/h1><h1  class=\"h-custom-headline h5\" style=\"margin-top:20px; font-weight: 100 !important;\"><span>RUOSTUMATON TER\u00c4S<\/span><\/h1><div id=\"\" class=\"x-text\" style=\"margin-top:-10px;\" ><p>Pollarit, kaiteet, vesipisteet ja muut varusteet on usein valmistettu ruostumattomasta ter\u00e4ksest\u00e4, joko kiillotetusta tai kromatusta. Ruostumattoman ter\u00e4ksen s\u00e4ilytt\u00e4miseksi moitteettomassa kunnossa k\u00e4yt\u00e4 seuraavia tuotteita:<\/p>\n<\/div><h1  class=\"h-custom-headline link h5\" style=\"margin-top:-20px; font-weight: 100 !important; text-decoration: underline 2px;\"><span><a href=\"https:\/\/dulonmarine.com\/fi\/winkel\/metalli\/tuotenayte\/dulon-ruostumattoman-teraksen-kiillotusaine-60-puhdas-kiilto-suojaa\/\">DULON RUOSTUMATTOMAN TER\u00c4KSEN KIILLOTUSAINE 60<\/a><\/span><\/h1><h1  class=\"h-custom-headline h5\" style=\"margin-top:20px; font-weight: 100 !important;\"><span>PINNAINEN PIKARUOSTE<\/span><\/h1><div id=\"\" class=\"x-text\" style=\"margin-top:-10px;\" ><p>Vaikka aluksessa k\u00e4ytet\u00e4\u00e4n ruostumatonta ter\u00e4st\u00e4 ja muita ruostumattomia materiaaleja, pinnallisia ruostepisteit\u00e4 voi silti esiinty\u00e4, erityisesti venesatamissa ja satamissa. N\u00e4m\u00e4 pisteet johtuvat tyypillisesti pienist\u00e4 metallihiukkasista, jotka leijuvat ilmassa ja laskeutuvat sateen aikana. Poista n\u00e4m\u00e4 pinnalliset ruostepisteet tehokkaasti seuraavalla tavalla:<\/p>\n<\/div><h1  class=\"h-custom-headline link h5\" style=\"margin-top:-20px; font-weight: 100 !important; text-decoration: underline 2px;\"><span><a href=\"https:\/\/dulonmarine.com\/fi\/winkel\/metalli\/tuotenayte\/dulon-ruosteenpoistoaine-64-poistaa-pintaruosteen\/\">\nDULON RUOSTEENPOISTAJA 64<\/a><\/span><\/h1><div id=\"\" class=\"x-text\" style=\"margin-top:0px;\" ><p>T\u00e4m\u00e4 menetelm\u00e4 auttaa s\u00e4ilytt\u00e4m\u00e4\u00e4n ruostumattomasta ter\u00e4ksest\u00e4 valmistettujen pintojen puhtaan ulkon\u00e4\u00f6n.<\/p>\n<\/div><h1  class=\"h-custom-headline h5\" style=\"margin-top:20px; font-weight: 100 !important;\"><span>FENDERS, DINGHIES, PVC-ISTUIMET JA SPRAYHOODS<\/span><\/h1><div id=\"\" class=\"x-text\" style=\"margin-top:-10px;\" ><p>PVC (polyvinyylikloridi) on veneiss\u00e4 laajalti k\u00e4ytetty materiaali, jota k\u00e4ytet\u00e4\u00e4n fendereiss\u00e4, istuimissa, tyynyiss\u00e4 ja suihkukatteissa. PVC-esineiden tehokkaaseen ja helppoon puhdistukseen voit k\u00e4ytt\u00e4\u00e4:<\/p>\n<\/div><h1  class=\"h-custom-headline link h5\" style=\"margin-top:-20px; font-weight: 100 !important; text-decoration: underline 2px;\"><span><a href=\"https:\/\/dulonmarine.com\/fi\/winkel\/synteettinen\/tuotenayte\/dulon-rib-fender-clean-70-puhdistusaine-varin-palautusainetta\/\">DULON RIB &amp; FENDER CLEAN 70<\/a><\/span><\/h1><\/div><\/div><\/div><\/div><\/div>","protected":false},"excerpt":{"rendered":"<p>HUOLTO-OHJEET Dulon Marine:n, Deckmaten ja Captain Greenin tuotteilla voit olla varma parhaasta laadusta, joka saa aluksesi n\u00e4ytt\u00e4m\u00e4\u00e4n upealta ja pit\u00e4\u00e4 sen huippukunnossa. Kunnossapitoperiaatteemme - puhdista, palauta, suojaa - perusteella olemme laatineet sinulle seuraavan huoltovaiheohjelman. RUNKO Pit\u00e4\u00e4ksesi rungon optimaalisessa kunnossa koko ... <a href=\"https:\/\/dulonmarine.com\/fi\/maintenance-guide\/\" class=\"more-link\">Read More<\/a><\/p>","protected":false},"author":11,"featured_media":0,"parent":0,"menu_order":0,"comment_status":"closed","ping_status":"closed","template":"template-blank-4.php","meta":{"_acf_changed":false,"om_disable_all_campaigns":false,"rs_blank_template":"","rs_page_bg_color":"","slide_template_v7":"","inline_featured_image":false,"_monsterinsights_skip_tracking":false,"_monsterinsights_sitenote_active":false,"_monsterinsights_sitenote_note":"","_monsterinsights_sitenote_category":0,"footnotes":""},"class_list":["post-9912","page","type-page","status-publish","hentry","no-post-thumbnail"],"acf":[],"yoast_head":"<!-- This site is optimized with the Yoast SEO plugin v27.6 - https:\/\/yoast.com\/product\/yoast-seo-wordpress\/ -->\n<title>Maintenance Guide - Dulon Marine Deckmate Group<\/title>\n<meta name=\"description\" content=\"Based on our maintenance principle \u2013 clean, restore, protect \u2013 we have compiled the following maintenance step plan for you.\" \/>\n<meta name=\"robots\" content=\"index, follow, max-snippet:-1, max-image-preview:large, max-video-preview:-1\" \/>\n<link rel=\"canonical\" href=\"https:\/\/dulonmarine.com\/fi\/huolto-opas\/\" \/>\n<meta property=\"og:locale\" content=\"fi_FI\" \/>\n<meta property=\"og:type\" content=\"article\" \/>\n<meta property=\"og:title\" content=\"Maintenance Guide - Dulon Marine Deckmate Group\" \/>\n<meta property=\"og:description\" content=\"Based on our maintenance principle \u2013 clean, restore, protect \u2013 we have compiled the following maintenance step plan for you.\" \/>\n<meta property=\"og:url\" content=\"https:\/\/dulonmarine.com\/fi\/huolto-opas\/\" \/>\n<meta property=\"og:site_name\" content=\"Dulon Marine\" \/>\n<meta property=\"article:publisher\" content=\"https:\/\/www.facebook.com\/dulonmarine?locale=nl_NL\" \/>\n<meta name=\"twitter:card\" content=\"summary_large_image\" \/>\n<meta name=\"twitter:label1\" content=\"Arvioitu lukuaika\" \/>\n\t<meta name=\"twitter:data1\" content=\"6 minuuttia\" \/>\n<script type=\"application\/ld+json\" class=\"yoast-schema-graph\">{\"@context\":\"https:\\\/\\\/schema.org\",\"@graph\":[{\"@type\":\"WebPage\",\"@id\":\"https:\\\/\\\/dulonmarine.com\\\/maintenance-guide\\\/\",\"url\":\"https:\\\/\\\/dulonmarine.com\\\/maintenance-guide\\\/\",\"name\":\"Maintenance Guide - Dulon Marine Deckmate Group\",\"isPartOf\":{\"@id\":\"https:\\\/\\\/dulonmarine.com\\\/pt\\\/#website\"},\"datePublished\":\"2025-11-12T10:09:29+00:00\",\"description\":\"Based on our maintenance principle \u2013 clean, restore, protect \u2013 we have compiled the following maintenance step plan for you.\",\"breadcrumb\":{\"@id\":\"https:\\\/\\\/dulonmarine.com\\\/maintenance-guide\\\/#breadcrumb\"},\"inLanguage\":\"fi\",\"potentialAction\":[{\"@type\":\"ReadAction\",\"target\":[\"https:\\\/\\\/dulonmarine.com\\\/maintenance-guide\\\/\"]}]},{\"@type\":\"BreadcrumbList\",\"@id\":\"https:\\\/\\\/dulonmarine.com\\\/maintenance-guide\\\/#breadcrumb\",\"itemListElement\":[{\"@type\":\"ListItem\",\"position\":1,\"name\":\"Home\",\"item\":\"https:\\\/\\\/dulonmarine.com\\\/\"},{\"@type\":\"ListItem\",\"position\":2,\"name\":\"Maintenance Guide\"}]},{\"@type\":\"WebSite\",\"@id\":\"https:\\\/\\\/dulonmarine.com\\\/pt\\\/#website\",\"url\":\"https:\\\/\\\/dulonmarine.com\\\/pt\\\/\",\"name\":\"Dulon Marine\",\"description\":\"Onderhoudsproducten voor de scheepvaart\",\"publisher\":{\"@id\":\"https:\\\/\\\/dulonmarine.com\\\/pt\\\/#organization\"},\"potentialAction\":[{\"@type\":\"SearchAction\",\"target\":{\"@type\":\"EntryPoint\",\"urlTemplate\":\"https:\\\/\\\/dulonmarine.com\\\/pt\\\/?s={search_term_string}\"},\"query-input\":{\"@type\":\"PropertyValueSpecification\",\"valueRequired\":true,\"valueName\":\"search_term_string\"}}],\"inLanguage\":\"fi\"},{\"@type\":\"Organization\",\"@id\":\"https:\\\/\\\/dulonmarine.com\\\/pt\\\/#organization\",\"name\":\"Dulon Marine Deckmate Group\",\"url\":\"https:\\\/\\\/dulonmarine.com\\\/pt\\\/\",\"logo\":{\"@type\":\"ImageObject\",\"inLanguage\":\"fi\",\"@id\":\"https:\\\/\\\/dulonmarine.com\\\/pt\\\/#\\\/schema\\\/logo\\\/image\\\/\",\"url\":\"http:\\\/\\\/dulonmarine.com\\\/wp-content\\\/uploads\\\/2023\\\/02\\\/Dulon-Marine-Deckmate-Group-logo-small.png\",\"contentUrl\":\"http:\\\/\\\/dulonmarine.com\\\/wp-content\\\/uploads\\\/2023\\\/02\\\/Dulon-Marine-Deckmate-Group-logo-small.png\",\"width\":350,\"height\":150,\"caption\":\"Dulon Marine Deckmate Group\"},\"image\":{\"@id\":\"https:\\\/\\\/dulonmarine.com\\\/pt\\\/#\\\/schema\\\/logo\\\/image\\\/\"},\"sameAs\":[\"https:\\\/\\\/www.facebook.com\\\/dulonmarine?locale=nl_NL\",\"https:\\\/\\\/www.instagram.com\\\/dulonmarinegroup\\\/\"]}]}<\/script>\n<!-- \/ Yoast SEO plugin. -->","yoast_head_json":{"title":"Huolto-opas - Dulon Marine Deckmate Group","description":"Huoltoperiaatteemme \u2013 puhdista, kunnostetaan, suojaa \u2013 pohjalta olemme laatineet sinulle seuraavan huoltovaiheiden suunnitelman.","robots":{"index":"index","follow":"follow","max-snippet":"max-snippet:-1","max-image-preview":"max-image-preview:large","max-video-preview":"max-video-preview:-1"},"canonical":"https:\/\/dulonmarine.com\/fi\/huolto-opas\/","og_locale":"fi_FI","og_type":"article","og_title":"Maintenance Guide - Dulon Marine Deckmate Group","og_description":"Based on our maintenance principle \u2013 clean, restore, protect \u2013 we have compiled the following maintenance step plan for you.","og_url":"https:\/\/dulonmarine.com\/fi\/huolto-opas\/","og_site_name":"Dulon Marine","article_publisher":"https:\/\/www.facebook.com\/dulonmarine?locale=nl_NL","twitter_card":"summary_large_image","twitter_misc":{"Arvioitu lukuaika":"6 minuuttia"},"schema":{"@context":"https:\/\/schema.org","@graph":[{"@type":"WebPage","@id":"https:\/\/dulonmarine.com\/maintenance-guide\/","url":"https:\/\/dulonmarine.com\/maintenance-guide\/","name":"Huolto-opas - Dulon Marine Deckmate Group","isPartOf":{"@id":"https:\/\/dulonmarine.com\/pt\/#website"},"datePublished":"2025-11-12T10:09:29+00:00","description":"Huoltoperiaatteemme \u2013 puhdista, kunnostetaan, suojaa \u2013 pohjalta olemme laatineet sinulle seuraavan huoltovaiheiden suunnitelman.","breadcrumb":{"@id":"https:\/\/dulonmarine.com\/maintenance-guide\/#breadcrumb"},"inLanguage":"fi","potentialAction":[{"@type":"ReadAction","target":["https:\/\/dulonmarine.com\/maintenance-guide\/"]}]},{"@type":"BreadcrumbList","@id":"https:\/\/dulonmarine.com\/maintenance-guide\/#breadcrumb","itemListElement":[{"@type":"ListItem","position":1,"name":"Home","item":"https:\/\/dulonmarine.com\/"},{"@type":"ListItem","position":2,"name":"Maintenance Guide"}]},{"@type":"WebSite","@id":"https:\/\/dulonmarine.com\/pt\/#website","url":"https:\/\/dulonmarine.com\/pt\/","name":"Dulon Marine","description":"Muut tuotteet, jotka on tarkoitettu k\u00e4ytett\u00e4v\u00e4ksi julkisuudessa","publisher":{"@id":"https:\/\/dulonmarine.com\/pt\/#organization"},"potentialAction":[{"@type":"SearchAction","target":{"@type":"EntryPoint","urlTemplate":"https:\/\/dulonmarine.com\/pt\/?s={search_term_string}"},"query-input":{"@type":"PropertyValueSpecification","valueRequired":true,"valueName":"search_term_string"}}],"inLanguage":"fi"},{"@type":"Organization","@id":"https:\/\/dulonmarine.com\/pt\/#organization","name":"Dulon Marine Kansilaituriryhm\u00e4","url":"https:\/\/dulonmarine.com\/pt\/","logo":{"@type":"ImageObject","inLanguage":"fi","@id":"https:\/\/dulonmarine.com\/pt\/#\/schema\/logo\/image\/","url":"http:\/\/dulonmarine.com\/wp-content\/uploads\/2023\/02\/Dulon-Marine-Deckmate-Group-logo-small.png","contentUrl":"http:\/\/dulonmarine.com\/wp-content\/uploads\/2023\/02\/Dulon-Marine-Deckmate-Group-logo-small.png","width":350,"height":150,"caption":"Dulon Marine Deckmate Group"},"image":{"@id":"https:\/\/dulonmarine.com\/pt\/#\/schema\/logo\/image\/"},"sameAs":["https:\/\/www.facebook.com\/dulonmarine?locale=nl_NL","https:\/\/www.instagram.com\/dulonmarinegroup\/"]}]}},"_links":{"self":[{"href":"https:\/\/dulonmarine.com\/fi\/wp-json\/wp\/v2\/pages\/9912","targetHints":{"allow":["GET"]}}],"collection":[{"href":"https:\/\/dulonmarine.com\/fi\/wp-json\/wp\/v2\/pages"}],"about":[{"href":"https:\/\/dulonmarine.com\/fi\/wp-json\/wp\/v2\/types\/page"}],"author":[{"embeddable":true,"href":"https:\/\/dulonmarine.com\/fi\/wp-json\/wp\/v2\/users\/11"}],"replies":[{"embeddable":true,"href":"https:\/\/dulonmarine.com\/fi\/wp-json\/wp\/v2\/comments?post=9912"}],"version-history":[{"count":7,"href":"https:\/\/dulonmarine.com\/fi\/wp-json\/wp\/v2\/pages\/9912\/revisions"}],"predecessor-version":[{"id":9924,"href":"https:\/\/dulonmarine.com\/fi\/wp-json\/wp\/v2\/pages\/9912\/revisions\/9924"}],"wp:attachment":[{"href":"https:\/\/dulonmarine.com\/fi\/wp-json\/wp\/v2\/media?parent=9912"}],"curies":[{"name":"wp","href":"https:\/\/api.w.org\/{rel}","templated":true}]}}