{"id":8497,"date":"2023-02-08T11:17:34","date_gmt":"2023-02-08T10:17:34","guid":{"rendered":"http:\/\/dulonmarine.com\/?post_type=product&#038;p=8497"},"modified":"2024-10-24T13:04:33","modified_gmt":"2024-10-24T12:04:33","slug":"deckmate-dm330-erinomainen-kuivausmoppi","status":"publish","type":"product","link":"https:\/\/dulonmarine.com\/fi\/winkel\/deckmate\/drying-products\/sample-product\/deckmate-dm330-excellent-drying-mop\/","title":{"rendered":"Deckmate DM330 Erinomaisesti kuivuva moppi"},"content":{"rendered":"<p>Kuivausmoppi on helppo kiinnitt\u00e4\u00e4 DeckMate-kahvaan pikakiinnitysj\u00e4rjestelm\u00e4n avulla. K\u00e4sin solmittu moppi on valmistettu 18 kappaleesta 42 mm:n PVA-materiaalia, ja siin\u00e4 on kirkas dip-anodisoitu alumiiniliitin sek\u00e4 ruostumattomasta ter\u00e4ksest\u00e4 valmistettu jousipainike. Liittimen pohjassa oleva kumisuojus est\u00e4\u00e4 liitint\u00e4 vahingoittamasta kansia.<\/p>\n<p>Edut:<br \/>\nMoppi sis\u00e4lt\u00e4\u00e4 0,7 m\u00b2 kest\u00e4v\u00e4\u00e4 ja eritt\u00e4in imukykyist\u00e4 PVA-materiaalia ja on:<\/p>\n<ul>\n<li>Nukka- ja raitavapaa<\/li>\n<li>Est\u00e4\u00e4 m\u00e4t\u00e4nemisen ja homeen muodostumisen<\/li>\n<li>Polttoaineenkest\u00e4v\u00e4<\/li>\n<li>Helppo huuhdella ja puristaa k\u00e4sin ilman suurempaa vaivann\u00e4k\u00f6\u00e4.<\/li>\n<\/ul>","protected":false},"excerpt":{"rendered":"<p>T\u00e4m\u00e4 kuivausmoppi sopii:<\/p>\n<ul>\n<li>Erinomainen kuivamoppi sopii veneen kuivaamiseen pesun j\u00e4lkeen.<\/li>\n<li>Tai kosteuden ja lian poistamiseen terassilta sateen tai kasteen j\u00e4lkeen. Sen j\u00e4lkeen moppi voidaan helposti v\u00e4\u00e4nt\u00e4\u00e4 kuivaksi veden yl\u00e4puolella.<\/li>\n<li>Moppia tulee k\u00e4ytt\u00e4\u00e4 vet\u00e4m\u00e4ll\u00e4, kuivattamiseen, ei puhdistamiseen.<\/li>\n<\/ul>\n<p>K\u00e4yt\u00f6n j\u00e4lkeen on suositeltavaa pest\u00e4 moppi runsaalla puhtaalla vedell\u00e4, v\u00e4\u00e4nt\u00e4\u00e4 se kuivaksi ja j\u00e4tt\u00e4\u00e4 kuivumaan.<\/p>\n<div class=\"x-video-inner\">\n    <video  \nclass=\"x-mejs x-wp-video-shortcode advanced-controls\" \n        width=\"400\" \n        height=\"400\" \n        loop autoplay muted playsinline style=\"border: none; outline: none; background: none;\"><source type=\"video\/mp4\" src=\"http:\/\/dulonmarine.com\/wp-content\/uploads\/2024\/10\/330_Excellent_Drying_mop_1.mp4\"><\/video>\n<\/div>","protected":false},"featured_media":9379,"template":"","meta":{"_acf_changed":false,"om_disable_all_campaigns":false,"rs_blank_template":"","rs_page_bg_color":"","slide_template_v7":"","inline_featured_image":false,"_monsterinsights_skip_tracking":false,"_monsterinsights_sitenote_active":false,"_monsterinsights_sitenote_note":"","_monsterinsights_sitenote_category":0},"product_brand":[],"product_cat":[280,290],"product_tag":[310],"class_list":{"0":"post-8497","1":"product","2":"type-product","3":"status-publish","4":"has-post-thumbnail","6":"product_cat-deckmate","7":"product_cat-drying-products","8":"product_tag-310","9":"pa_article-numbers-contents-dm330","12":"first","13":"instock","14":"taxable","15":"shipping-taxable","16":"purchasable","17":"product-type-simple"},"acf":[],"yoast_head":"<!-- This site is optimized with the Yoast SEO plugin v27.4 - https:\/\/yoast.com\/product\/yoast-seo-wordpress\/ -->\n<title>Deckmate DM330 Excellent drying mop - Dulon Marine<\/title>\n<meta name=\"description\" content=\"The drying mop is easy to mount on a deckmate handle with the help of the quick release system.\" \/>\n<meta name=\"robots\" content=\"index, follow, max-snippet:-1, max-image-preview:large, max-video-preview:-1\" \/>\n<link rel=\"canonical\" href=\"https:\/\/dulonmarine.com\/fi\/winkel\/kansikaveri\/kuivattavat-tuotteet\/tuotenayte\/deckmate-dm330-erinomainen-kuivausmoppi\/\" \/>\n<meta property=\"og:locale\" content=\"fi_FI\" \/>\n<meta property=\"og:type\" content=\"article\" \/>\n<meta property=\"og:title\" content=\"Deckmate DM330 Excellent drying mop - Dulon Marine\" \/>\n<meta property=\"og:description\" content=\"The drying mop is easy to mount on a deckmate handle with the help of the quick release system.\" \/>\n<meta property=\"og:url\" content=\"https:\/\/dulonmarine.com\/fi\/winkel\/kansikaveri\/kuivattavat-tuotteet\/tuotenayte\/deckmate-dm330-erinomainen-kuivausmoppi\/\" \/>\n<meta property=\"og:site_name\" content=\"Dulon Marine\" \/>\n<meta property=\"article:publisher\" content=\"https:\/\/www.facebook.com\/dulonmarine?locale=nl_NL\" \/>\n<meta property=\"article:modified_time\" content=\"2024-10-24T12:04:33+00:00\" \/>\n<meta property=\"og:image\" content=\"https:\/\/dulonmarine.com\/wp-content\/uploads\/2023\/02\/330-Deckmate-Excellent-drying-mop-In-packaging-Front-view.jpg\" \/>\n\t<meta property=\"og:image:width\" content=\"1200\" \/>\n\t<meta property=\"og:image:height\" content=\"1200\" \/>\n\t<meta property=\"og:image:type\" content=\"image\/jpeg\" \/>\n<meta name=\"twitter:card\" content=\"summary_large_image\" \/>\n<meta name=\"twitter:label1\" content=\"Arvioitu lukuaika\" \/>\n\t<meta name=\"twitter:data1\" content=\"1 minuutti\" \/>\n<script type=\"application\/ld+json\" class=\"yoast-schema-graph\">{\"@context\":\"https:\\\/\\\/schema.org\",\"@graph\":[{\"@type\":\"WebPage\",\"@id\":\"https:\\\/\\\/dulonmarine.com\\\/da\\\/winkel\\\/daekkammerat\\\/torreprodukter\\\/proveprodukt\\\/deckmate-dm330-excellent-drying-mop\\\/\",\"url\":\"https:\\\/\\\/dulonmarine.com\\\/da\\\/winkel\\\/daekkammerat\\\/torreprodukter\\\/proveprodukt\\\/deckmate-dm330-excellent-drying-mop\\\/\",\"name\":\"Deckmate DM330 Excellent drying mop - Dulon Marine\",\"isPartOf\":{\"@id\":\"https:\\\/\\\/dulonmarine.com\\\/pt\\\/#website\"},\"primaryImageOfPage\":{\"@id\":\"https:\\\/\\\/dulonmarine.com\\\/da\\\/winkel\\\/daekkammerat\\\/torreprodukter\\\/proveprodukt\\\/deckmate-dm330-excellent-drying-mop\\\/#primaryimage\"},\"image\":{\"@id\":\"https:\\\/\\\/dulonmarine.com\\\/da\\\/winkel\\\/daekkammerat\\\/torreprodukter\\\/proveprodukt\\\/deckmate-dm330-excellent-drying-mop\\\/#primaryimage\"},\"thumbnailUrl\":\"https:\\\/\\\/dulonmarine.com\\\/wp-content\\\/uploads\\\/2023\\\/02\\\/330-Deckmate-Excellent-drying-mop-In-packaging-Front-view.jpg\",\"datePublished\":\"2023-02-08T10:17:34+00:00\",\"dateModified\":\"2024-10-24T12:04:33+00:00\",\"description\":\"The drying mop is easy to mount on a deckmate handle with the help of the quick release system.\",\"breadcrumb\":{\"@id\":\"https:\\\/\\\/dulonmarine.com\\\/da\\\/winkel\\\/daekkammerat\\\/torreprodukter\\\/proveprodukt\\\/deckmate-dm330-excellent-drying-mop\\\/#breadcrumb\"},\"inLanguage\":\"fi\",\"potentialAction\":[{\"@type\":\"ReadAction\",\"target\":[\"https:\\\/\\\/dulonmarine.com\\\/da\\\/winkel\\\/daekkammerat\\\/torreprodukter\\\/proveprodukt\\\/deckmate-dm330-excellent-drying-mop\\\/\"]}]},{\"@type\":\"ImageObject\",\"inLanguage\":\"fi\",\"@id\":\"https:\\\/\\\/dulonmarine.com\\\/da\\\/winkel\\\/daekkammerat\\\/torreprodukter\\\/proveprodukt\\\/deckmate-dm330-excellent-drying-mop\\\/#primaryimage\",\"url\":\"https:\\\/\\\/dulonmarine.com\\\/wp-content\\\/uploads\\\/2023\\\/02\\\/330-Deckmate-Excellent-drying-mop-In-packaging-Front-view.jpg\",\"contentUrl\":\"https:\\\/\\\/dulonmarine.com\\\/wp-content\\\/uploads\\\/2023\\\/02\\\/330-Deckmate-Excellent-drying-mop-In-packaging-Front-view.jpg\",\"width\":1200,\"height\":1200},{\"@type\":\"BreadcrumbList\",\"@id\":\"https:\\\/\\\/dulonmarine.com\\\/da\\\/winkel\\\/daekkammerat\\\/torreprodukter\\\/proveprodukt\\\/deckmate-dm330-excellent-drying-mop\\\/#breadcrumb\",\"itemListElement\":[{\"@type\":\"ListItem\",\"position\":1,\"name\":\"Home\",\"item\":\"https:\\\/\\\/dulonmarine.com\\\/\"},{\"@type\":\"ListItem\",\"position\":2,\"name\":\"Winkel\",\"item\":\"https:\\\/\\\/dulonmarine.com\\\/pt\\\/piacaba\\\/\"},{\"@type\":\"ListItem\",\"position\":3,\"name\":\"Deckmate DM330 Excellent drying mop\"}]},{\"@type\":\"WebSite\",\"@id\":\"https:\\\/\\\/dulonmarine.com\\\/pt\\\/#website\",\"url\":\"https:\\\/\\\/dulonmarine.com\\\/pt\\\/\",\"name\":\"Dulon Marine\",\"description\":\"Onderhoudsproducten voor de scheepvaart\",\"publisher\":{\"@id\":\"https:\\\/\\\/dulonmarine.com\\\/pt\\\/#organization\"},\"potentialAction\":[{\"@type\":\"SearchAction\",\"target\":{\"@type\":\"EntryPoint\",\"urlTemplate\":\"https:\\\/\\\/dulonmarine.com\\\/pt\\\/?s={search_term_string}\"},\"query-input\":{\"@type\":\"PropertyValueSpecification\",\"valueRequired\":true,\"valueName\":\"search_term_string\"}}],\"inLanguage\":\"fi\"},{\"@type\":\"Organization\",\"@id\":\"https:\\\/\\\/dulonmarine.com\\\/pt\\\/#organization\",\"name\":\"Dulon Marine Deckmate Group\",\"url\":\"https:\\\/\\\/dulonmarine.com\\\/pt\\\/\",\"logo\":{\"@type\":\"ImageObject\",\"inLanguage\":\"fi\",\"@id\":\"https:\\\/\\\/dulonmarine.com\\\/pt\\\/#\\\/schema\\\/logo\\\/image\\\/\",\"url\":\"http:\\\/\\\/dulonmarine.com\\\/wp-content\\\/uploads\\\/2023\\\/02\\\/Dulon-Marine-Deckmate-Group-logo-small.png\",\"contentUrl\":\"http:\\\/\\\/dulonmarine.com\\\/wp-content\\\/uploads\\\/2023\\\/02\\\/Dulon-Marine-Deckmate-Group-logo-small.png\",\"width\":350,\"height\":150,\"caption\":\"Dulon Marine Deckmate Group\"},\"image\":{\"@id\":\"https:\\\/\\\/dulonmarine.com\\\/pt\\\/#\\\/schema\\\/logo\\\/image\\\/\"},\"sameAs\":[\"https:\\\/\\\/www.facebook.com\\\/dulonmarine?locale=nl_NL\",\"https:\\\/\\\/www.instagram.com\\\/dulonmarinegroup\\\/\"]}]}<\/script>\n<!-- \/ Yoast SEO plugin. -->","yoast_head_json":{"title":"Deckmate DM330 Erinomainen kuivausmoppi - Dulon Marine","description":"Kuivausmoppi on helppo kiinnitt\u00e4\u00e4 DeckMate-kahvaan pikakiinnitysj\u00e4rjestelm\u00e4n avulla.","robots":{"index":"index","follow":"follow","max-snippet":"max-snippet:-1","max-image-preview":"max-image-preview:large","max-video-preview":"max-video-preview:-1"},"canonical":"https:\/\/dulonmarine.com\/fi\/winkel\/kansikaveri\/kuivattavat-tuotteet\/tuotenayte\/deckmate-dm330-erinomainen-kuivausmoppi\/","og_locale":"fi_FI","og_type":"article","og_title":"Deckmate DM330 Excellent drying mop - Dulon Marine","og_description":"The drying mop is easy to mount on a deckmate handle with the help of the quick release system.","og_url":"https:\/\/dulonmarine.com\/fi\/winkel\/kansikaveri\/kuivattavat-tuotteet\/tuotenayte\/deckmate-dm330-erinomainen-kuivausmoppi\/","og_site_name":"Dulon Marine","article_publisher":"https:\/\/www.facebook.com\/dulonmarine?locale=nl_NL","article_modified_time":"2024-10-24T12:04:33+00:00","og_image":[{"width":1200,"height":1200,"url":"https:\/\/dulonmarine.com\/wp-content\/uploads\/2023\/02\/330-Deckmate-Excellent-drying-mop-In-packaging-Front-view.jpg","type":"image\/jpeg"}],"twitter_card":"summary_large_image","twitter_misc":{"Arvioitu lukuaika":"1 minuutti"},"schema":{"@context":"https:\/\/schema.org","@graph":[{"@type":"WebPage","@id":"https:\/\/dulonmarine.com\/da\/winkel\/daekkammerat\/torreprodukter\/proveprodukt\/deckmate-dm330-excellent-drying-mop\/","url":"https:\/\/dulonmarine.com\/da\/winkel\/daekkammerat\/torreprodukter\/proveprodukt\/deckmate-dm330-excellent-drying-mop\/","name":"Deckmate DM330 Erinomainen kuivausmoppi - Dulon Marine","isPartOf":{"@id":"https:\/\/dulonmarine.com\/pt\/#website"},"primaryImageOfPage":{"@id":"https:\/\/dulonmarine.com\/da\/winkel\/daekkammerat\/torreprodukter\/proveprodukt\/deckmate-dm330-excellent-drying-mop\/#primaryimage"},"image":{"@id":"https:\/\/dulonmarine.com\/da\/winkel\/daekkammerat\/torreprodukter\/proveprodukt\/deckmate-dm330-excellent-drying-mop\/#primaryimage"},"thumbnailUrl":"https:\/\/dulonmarine.com\/wp-content\/uploads\/2023\/02\/330-Deckmate-Excellent-drying-mop-In-packaging-Front-view.jpg","datePublished":"2023-02-08T10:17:34+00:00","dateModified":"2024-10-24T12:04:33+00:00","description":"Kuivausmoppi on helppo kiinnitt\u00e4\u00e4 DeckMate-kahvaan pikakiinnitysj\u00e4rjestelm\u00e4n avulla.","breadcrumb":{"@id":"https:\/\/dulonmarine.com\/da\/winkel\/daekkammerat\/torreprodukter\/proveprodukt\/deckmate-dm330-excellent-drying-mop\/#breadcrumb"},"inLanguage":"fi","potentialAction":[{"@type":"ReadAction","target":["https:\/\/dulonmarine.com\/da\/winkel\/daekkammerat\/torreprodukter\/proveprodukt\/deckmate-dm330-excellent-drying-mop\/"]}]},{"@type":"ImageObject","inLanguage":"fi","@id":"https:\/\/dulonmarine.com\/da\/winkel\/daekkammerat\/torreprodukter\/proveprodukt\/deckmate-dm330-excellent-drying-mop\/#primaryimage","url":"https:\/\/dulonmarine.com\/wp-content\/uploads\/2023\/02\/330-Deckmate-Excellent-drying-mop-In-packaging-Front-view.jpg","contentUrl":"https:\/\/dulonmarine.com\/wp-content\/uploads\/2023\/02\/330-Deckmate-Excellent-drying-mop-In-packaging-Front-view.jpg","width":1200,"height":1200},{"@type":"BreadcrumbList","@id":"https:\/\/dulonmarine.com\/da\/winkel\/daekkammerat\/torreprodukter\/proveprodukt\/deckmate-dm330-excellent-drying-mop\/#breadcrumb","itemListElement":[{"@type":"ListItem","position":1,"name":"Home","item":"https:\/\/dulonmarine.com\/"},{"@type":"ListItem","position":2,"name":"Winkel","item":"https:\/\/dulonmarine.com\/pt\/piacaba\/"},{"@type":"ListItem","position":3,"name":"Deckmate DM330 Excellent drying mop"}]},{"@type":"WebSite","@id":"https:\/\/dulonmarine.com\/pt\/#website","url":"https:\/\/dulonmarine.com\/pt\/","name":"Dulon Marine","description":"Muut tuotteet, jotka on tarkoitettu k\u00e4ytett\u00e4v\u00e4ksi julkisuudessa","publisher":{"@id":"https:\/\/dulonmarine.com\/pt\/#organization"},"potentialAction":[{"@type":"SearchAction","target":{"@type":"EntryPoint","urlTemplate":"https:\/\/dulonmarine.com\/pt\/?s={search_term_string}"},"query-input":{"@type":"PropertyValueSpecification","valueRequired":true,"valueName":"search_term_string"}}],"inLanguage":"fi"},{"@type":"Organization","@id":"https:\/\/dulonmarine.com\/pt\/#organization","name":"Dulon Marine Kansilaituriryhm\u00e4","url":"https:\/\/dulonmarine.com\/pt\/","logo":{"@type":"ImageObject","inLanguage":"fi","@id":"https:\/\/dulonmarine.com\/pt\/#\/schema\/logo\/image\/","url":"http:\/\/dulonmarine.com\/wp-content\/uploads\/2023\/02\/Dulon-Marine-Deckmate-Group-logo-small.png","contentUrl":"http:\/\/dulonmarine.com\/wp-content\/uploads\/2023\/02\/Dulon-Marine-Deckmate-Group-logo-small.png","width":350,"height":150,"caption":"Dulon Marine Deckmate Group"},"image":{"@id":"https:\/\/dulonmarine.com\/pt\/#\/schema\/logo\/image\/"},"sameAs":["https:\/\/www.facebook.com\/dulonmarine?locale=nl_NL","https:\/\/www.instagram.com\/dulonmarinegroup\/"]}]}},"_links":{"self":[{"href":"https:\/\/dulonmarine.com\/fi\/wp-json\/wp\/v2\/product\/8497","targetHints":{"allow":["GET"]}}],"collection":[{"href":"https:\/\/dulonmarine.com\/fi\/wp-json\/wp\/v2\/product"}],"about":[{"href":"https:\/\/dulonmarine.com\/fi\/wp-json\/wp\/v2\/types\/product"}],"wp:featuredmedia":[{"embeddable":true,"href":"https:\/\/dulonmarine.com\/fi\/wp-json\/wp\/v2\/media\/9379"}],"wp:attachment":[{"href":"https:\/\/dulonmarine.com\/fi\/wp-json\/wp\/v2\/media?parent=8497"}],"wp:term":[{"taxonomy":"product_brand","embeddable":true,"href":"https:\/\/dulonmarine.com\/fi\/wp-json\/wp\/v2\/product_brand?post=8497"},{"taxonomy":"product_cat","embeddable":true,"href":"https:\/\/dulonmarine.com\/fi\/wp-json\/wp\/v2\/product_cat?post=8497"},{"taxonomy":"product_tag","embeddable":true,"href":"https:\/\/dulonmarine.com\/fi\/wp-json\/wp\/v2\/product_tag?post=8497"}],"curies":[{"name":"wp","href":"https:\/\/api.w.org\/{rel}","templated":true}]}}