{"id":8520,"date":"2023-02-08T15:51:59","date_gmt":"2023-02-08T14:51:59","guid":{"rendered":"http:\/\/dulonmarine.com\/?post_type=product&#038;p=8520"},"modified":"2024-10-24T12:53:22","modified_gmt":"2024-10-24T11:53:22","slug":"deckmate-dm252-karkea-pesutyyny","status":"publish","type":"product","link":"https:\/\/dulonmarine.com\/fi\/winkel\/deckmate\/wash-scrub\/sample-product\/deckmate-dm252-coarse-scrubpad\/","title":{"rendered":"Deckmate DM252 karkea hankauslaatta"},"content":{"rendered":"<p>Deckmate-tuotesarjassa on 3 hankaustyyny\u00e4:<br \/>\nSaatavana irtotavarana 30 kappaletta tai 2 kappaleen sarjana.<\/p>\n<ul>\n<li>Pehme\u00e4n valkoinen sopii liukastumisenesto- ja teak-kansien m\u00e4rk\u00e4puhdistukseen.<\/li>\n<li>Medium-sininen sopii aggressiiviseen puhdistukseen likaantuneesta tiikist\u00e4 ja rungoista.<\/li>\n<li>Coarse- ruskea sopii teak-kannen karkeaan puhdistukseen ja rungon hiontaan antifoulingin valmisteluun.<\/li>\n<\/ul>","protected":false},"excerpt":{"rendered":"<p>Helppo asentaa kansilevyyn. Hyv\u00e4 kiinnitys puhdistusta varten et\u00e4isyydell\u00e4 py\u00f6riv\u00e4n levyn puristetun tarranauhan avulla. Soveltuu kaikille tyynyille: ei suositella maalatuille pinnoille tai kiilt\u00e4ville pinnoille. K\u00e4yt\u00f6n j\u00e4lkeen on suositeltavaa pest\u00e4 Scrubpad runsaalla raikkaalla vedell\u00e4, v\u00e4\u00e4nt\u00e4\u00e4 se kuivaksi ja antaa sen kuivua.<\/p>\n<div class=\"x-video-inner\">\n    <video  \nclass=\"x-mejs x-wp-video-shortcode advanced-controls\" \n        width=\"400\" \n        height=\"400\" \n        loop autoplay muted playsinline style=\"border: none; outline: none; background: none;\"><source type=\"video\/mp4\" src=\"http:\/\/dulonmarine.com\/wp-content\/uploads\/2024\/10\/252270_Coarse_Scrubpad_Swivelplate_v2_1.mp4\"><\/video>\n<\/div>","protected":false},"featured_media":9412,"template":"","meta":{"_acf_changed":false,"om_disable_all_campaigns":false,"rs_blank_template":"","rs_page_bg_color":"","slide_template_v7":"","inline_featured_image":false,"_monsterinsights_skip_tracking":false,"_monsterinsights_sitenote_active":false,"_monsterinsights_sitenote_note":"","_monsterinsights_sitenote_category":0},"product_brand":[],"product_cat":[280,307],"product_tag":[324],"class_list":{"0":"post-8520","1":"product","2":"type-product","3":"status-publish","4":"has-post-thumbnail","6":"product_cat-deckmate","7":"product_cat-wash-scrub","8":"product_tag-324","9":"pa_article-numbers-contents-dm252","12":"first","13":"instock","14":"taxable","15":"shipping-taxable","16":"purchasable","17":"product-type-simple"},"acf":[],"yoast_head":"<!-- This site is optimized with the Yoast SEO plugin v27.4 - https:\/\/yoast.com\/product\/yoast-seo-wordpress\/ -->\n<title>Deckmate DM252 coarse scrubpad - Dulon Marine<\/title>\n<meta name=\"description\" content=\"The deckmate product line offers 3 scrub pads: available in bulk containing 30 pieces or as a set of 2.\" \/>\n<meta name=\"robots\" content=\"index, follow, max-snippet:-1, max-image-preview:large, max-video-preview:-1\" \/>\n<link rel=\"canonical\" href=\"https:\/\/dulonmarine.com\/fi\/winkel\/kansikaveri\/pesu-kuorinta\/tuotenayte\/deckmate-dm252-karkea-pesutyyny\/\" \/>\n<meta property=\"og:locale\" content=\"fi_FI\" \/>\n<meta property=\"og:type\" content=\"article\" \/>\n<meta property=\"og:title\" content=\"Deckmate DM252 coarse scrubpad - Dulon Marine\" \/>\n<meta property=\"og:description\" content=\"The deckmate product line offers 3 scrub pads: available in bulk containing 30 pieces or as a set of 2.\" \/>\n<meta property=\"og:url\" content=\"https:\/\/dulonmarine.com\/fi\/winkel\/kansikaveri\/pesu-kuorinta\/tuotenayte\/deckmate-dm252-karkea-pesutyyny\/\" \/>\n<meta property=\"og:site_name\" content=\"Dulon Marine\" \/>\n<meta property=\"article:publisher\" content=\"https:\/\/www.facebook.com\/dulonmarine?locale=nl_NL\" \/>\n<meta property=\"article:modified_time\" content=\"2024-10-24T11:53:22+00:00\" \/>\n<meta property=\"og:image\" content=\"https:\/\/dulonmarine.com\/wp-content\/uploads\/2023\/02\/252-270-Deckmate-Scrubpad-coarse-Swivelplate-Front-view-1.jpg\" \/>\n\t<meta property=\"og:image:width\" content=\"1200\" \/>\n\t<meta property=\"og:image:height\" content=\"1200\" \/>\n\t<meta property=\"og:image:type\" content=\"image\/jpeg\" \/>\n<meta name=\"twitter:card\" content=\"summary_large_image\" \/>\n<meta name=\"twitter:label1\" content=\"Arvioitu lukuaika\" \/>\n\t<meta name=\"twitter:data1\" content=\"1 minuutti\" \/>\n<script type=\"application\/ld+json\" class=\"yoast-schema-graph\">{\"@context\":\"https:\\\/\\\/schema.org\",\"@graph\":[{\"@type\":\"WebPage\",\"@id\":\"https:\\\/\\\/dulonmarine.com\\\/sv\\\/winkel\\\/dackskamrat\\\/tvatta-skrubba\\\/produktprov\\\/deckmate-dm252-coarse-scrubpad\\\/\",\"url\":\"https:\\\/\\\/dulonmarine.com\\\/sv\\\/winkel\\\/dackskamrat\\\/tvatta-skrubba\\\/produktprov\\\/deckmate-dm252-coarse-scrubpad\\\/\",\"name\":\"Deckmate DM252 coarse scrubpad - Dulon Marine\",\"isPartOf\":{\"@id\":\"https:\\\/\\\/dulonmarine.com\\\/pt\\\/#website\"},\"primaryImageOfPage\":{\"@id\":\"https:\\\/\\\/dulonmarine.com\\\/sv\\\/winkel\\\/dackskamrat\\\/tvatta-skrubba\\\/produktprov\\\/deckmate-dm252-coarse-scrubpad\\\/#primaryimage\"},\"image\":{\"@id\":\"https:\\\/\\\/dulonmarine.com\\\/sv\\\/winkel\\\/dackskamrat\\\/tvatta-skrubba\\\/produktprov\\\/deckmate-dm252-coarse-scrubpad\\\/#primaryimage\"},\"thumbnailUrl\":\"https:\\\/\\\/dulonmarine.com\\\/wp-content\\\/uploads\\\/2023\\\/02\\\/252-270-Deckmate-Scrubpad-coarse-Swivelplate-Front-view-1.jpg\",\"datePublished\":\"2023-02-08T14:51:59+00:00\",\"dateModified\":\"2024-10-24T11:53:22+00:00\",\"description\":\"The deckmate product line offers 3 scrub pads: available in bulk containing 30 pieces or as a set of 2.\",\"breadcrumb\":{\"@id\":\"https:\\\/\\\/dulonmarine.com\\\/sv\\\/winkel\\\/dackskamrat\\\/tvatta-skrubba\\\/produktprov\\\/deckmate-dm252-coarse-scrubpad\\\/#breadcrumb\"},\"inLanguage\":\"fi\",\"potentialAction\":[{\"@type\":\"ReadAction\",\"target\":[\"https:\\\/\\\/dulonmarine.com\\\/sv\\\/winkel\\\/dackskamrat\\\/tvatta-skrubba\\\/produktprov\\\/deckmate-dm252-coarse-scrubpad\\\/\"]}]},{\"@type\":\"ImageObject\",\"inLanguage\":\"fi\",\"@id\":\"https:\\\/\\\/dulonmarine.com\\\/sv\\\/winkel\\\/dackskamrat\\\/tvatta-skrubba\\\/produktprov\\\/deckmate-dm252-coarse-scrubpad\\\/#primaryimage\",\"url\":\"https:\\\/\\\/dulonmarine.com\\\/wp-content\\\/uploads\\\/2023\\\/02\\\/252-270-Deckmate-Scrubpad-coarse-Swivelplate-Front-view-1.jpg\",\"contentUrl\":\"https:\\\/\\\/dulonmarine.com\\\/wp-content\\\/uploads\\\/2023\\\/02\\\/252-270-Deckmate-Scrubpad-coarse-Swivelplate-Front-view-1.jpg\",\"width\":1200,\"height\":1200},{\"@type\":\"BreadcrumbList\",\"@id\":\"https:\\\/\\\/dulonmarine.com\\\/sv\\\/winkel\\\/dackskamrat\\\/tvatta-skrubba\\\/produktprov\\\/deckmate-dm252-coarse-scrubpad\\\/#breadcrumb\",\"itemListElement\":[{\"@type\":\"ListItem\",\"position\":1,\"name\":\"Home\",\"item\":\"https:\\\/\\\/dulonmarine.com\\\/\"},{\"@type\":\"ListItem\",\"position\":2,\"name\":\"Winkel\",\"item\":\"https:\\\/\\\/dulonmarine.com\\\/pt\\\/piacaba\\\/\"},{\"@type\":\"ListItem\",\"position\":3,\"name\":\"Deckmate DM252 coarse scrubpad\"}]},{\"@type\":\"WebSite\",\"@id\":\"https:\\\/\\\/dulonmarine.com\\\/pt\\\/#website\",\"url\":\"https:\\\/\\\/dulonmarine.com\\\/pt\\\/\",\"name\":\"Dulon Marine\",\"description\":\"Onderhoudsproducten voor de scheepvaart\",\"publisher\":{\"@id\":\"https:\\\/\\\/dulonmarine.com\\\/pt\\\/#organization\"},\"potentialAction\":[{\"@type\":\"SearchAction\",\"target\":{\"@type\":\"EntryPoint\",\"urlTemplate\":\"https:\\\/\\\/dulonmarine.com\\\/pt\\\/?s={search_term_string}\"},\"query-input\":{\"@type\":\"PropertyValueSpecification\",\"valueRequired\":true,\"valueName\":\"search_term_string\"}}],\"inLanguage\":\"fi\"},{\"@type\":\"Organization\",\"@id\":\"https:\\\/\\\/dulonmarine.com\\\/pt\\\/#organization\",\"name\":\"Dulon Marine Deckmate Group\",\"url\":\"https:\\\/\\\/dulonmarine.com\\\/pt\\\/\",\"logo\":{\"@type\":\"ImageObject\",\"inLanguage\":\"fi\",\"@id\":\"https:\\\/\\\/dulonmarine.com\\\/pt\\\/#\\\/schema\\\/logo\\\/image\\\/\",\"url\":\"http:\\\/\\\/dulonmarine.com\\\/wp-content\\\/uploads\\\/2023\\\/02\\\/Dulon-Marine-Deckmate-Group-logo-small.png\",\"contentUrl\":\"http:\\\/\\\/dulonmarine.com\\\/wp-content\\\/uploads\\\/2023\\\/02\\\/Dulon-Marine-Deckmate-Group-logo-small.png\",\"width\":350,\"height\":150,\"caption\":\"Dulon Marine Deckmate Group\"},\"image\":{\"@id\":\"https:\\\/\\\/dulonmarine.com\\\/pt\\\/#\\\/schema\\\/logo\\\/image\\\/\"},\"sameAs\":[\"https:\\\/\\\/www.facebook.com\\\/dulonmarine?locale=nl_NL\",\"https:\\\/\\\/www.instagram.com\\\/dulonmarinegroup\\\/\"]}]}<\/script>\n<!-- \/ Yoast SEO plugin. -->","yoast_head_json":{"title":"Deckmate DM252 karkea pesutyyny - Dulon Marine","description":"Deckmate-tuotesarjassa on 3 hankaustyyny\u00e4: saatavana irtotavarana, jossa on 30 kappaletta, tai 2 kappaleen sarjana.","robots":{"index":"index","follow":"follow","max-snippet":"max-snippet:-1","max-image-preview":"max-image-preview:large","max-video-preview":"max-video-preview:-1"},"canonical":"https:\/\/dulonmarine.com\/fi\/winkel\/kansikaveri\/pesu-kuorinta\/tuotenayte\/deckmate-dm252-karkea-pesutyyny\/","og_locale":"fi_FI","og_type":"article","og_title":"Deckmate DM252 coarse scrubpad - Dulon Marine","og_description":"The deckmate product line offers 3 scrub pads: available in bulk containing 30 pieces or as a set of 2.","og_url":"https:\/\/dulonmarine.com\/fi\/winkel\/kansikaveri\/pesu-kuorinta\/tuotenayte\/deckmate-dm252-karkea-pesutyyny\/","og_site_name":"Dulon Marine","article_publisher":"https:\/\/www.facebook.com\/dulonmarine?locale=nl_NL","article_modified_time":"2024-10-24T11:53:22+00:00","og_image":[{"width":1200,"height":1200,"url":"https:\/\/dulonmarine.com\/wp-content\/uploads\/2023\/02\/252-270-Deckmate-Scrubpad-coarse-Swivelplate-Front-view-1.jpg","type":"image\/jpeg"}],"twitter_card":"summary_large_image","twitter_misc":{"Arvioitu lukuaika":"1 minuutti"},"schema":{"@context":"https:\/\/schema.org","@graph":[{"@type":"WebPage","@id":"https:\/\/dulonmarine.com\/sv\/winkel\/dackskamrat\/tvatta-skrubba\/produktprov\/deckmate-dm252-coarse-scrubpad\/","url":"https:\/\/dulonmarine.com\/sv\/winkel\/dackskamrat\/tvatta-skrubba\/produktprov\/deckmate-dm252-coarse-scrubpad\/","name":"Deckmate DM252 karkea pesutyyny - Dulon Marine","isPartOf":{"@id":"https:\/\/dulonmarine.com\/pt\/#website"},"primaryImageOfPage":{"@id":"https:\/\/dulonmarine.com\/sv\/winkel\/dackskamrat\/tvatta-skrubba\/produktprov\/deckmate-dm252-coarse-scrubpad\/#primaryimage"},"image":{"@id":"https:\/\/dulonmarine.com\/sv\/winkel\/dackskamrat\/tvatta-skrubba\/produktprov\/deckmate-dm252-coarse-scrubpad\/#primaryimage"},"thumbnailUrl":"https:\/\/dulonmarine.com\/wp-content\/uploads\/2023\/02\/252-270-Deckmate-Scrubpad-coarse-Swivelplate-Front-view-1.jpg","datePublished":"2023-02-08T14:51:59+00:00","dateModified":"2024-10-24T11:53:22+00:00","description":"Deckmate-tuotesarjassa on 3 hankaustyyny\u00e4: saatavana irtotavarana, jossa on 30 kappaletta, tai 2 kappaleen sarjana.","breadcrumb":{"@id":"https:\/\/dulonmarine.com\/sv\/winkel\/dackskamrat\/tvatta-skrubba\/produktprov\/deckmate-dm252-coarse-scrubpad\/#breadcrumb"},"inLanguage":"fi","potentialAction":[{"@type":"ReadAction","target":["https:\/\/dulonmarine.com\/sv\/winkel\/dackskamrat\/tvatta-skrubba\/produktprov\/deckmate-dm252-coarse-scrubpad\/"]}]},{"@type":"ImageObject","inLanguage":"fi","@id":"https:\/\/dulonmarine.com\/sv\/winkel\/dackskamrat\/tvatta-skrubba\/produktprov\/deckmate-dm252-coarse-scrubpad\/#primaryimage","url":"https:\/\/dulonmarine.com\/wp-content\/uploads\/2023\/02\/252-270-Deckmate-Scrubpad-coarse-Swivelplate-Front-view-1.jpg","contentUrl":"https:\/\/dulonmarine.com\/wp-content\/uploads\/2023\/02\/252-270-Deckmate-Scrubpad-coarse-Swivelplate-Front-view-1.jpg","width":1200,"height":1200},{"@type":"BreadcrumbList","@id":"https:\/\/dulonmarine.com\/sv\/winkel\/dackskamrat\/tvatta-skrubba\/produktprov\/deckmate-dm252-coarse-scrubpad\/#breadcrumb","itemListElement":[{"@type":"ListItem","position":1,"name":"Home","item":"https:\/\/dulonmarine.com\/"},{"@type":"ListItem","position":2,"name":"Winkel","item":"https:\/\/dulonmarine.com\/pt\/piacaba\/"},{"@type":"ListItem","position":3,"name":"Deckmate DM252 coarse scrubpad"}]},{"@type":"WebSite","@id":"https:\/\/dulonmarine.com\/pt\/#website","url":"https:\/\/dulonmarine.com\/pt\/","name":"Dulon Marine","description":"Muut tuotteet, jotka on tarkoitettu k\u00e4ytett\u00e4v\u00e4ksi julkisuudessa","publisher":{"@id":"https:\/\/dulonmarine.com\/pt\/#organization"},"potentialAction":[{"@type":"SearchAction","target":{"@type":"EntryPoint","urlTemplate":"https:\/\/dulonmarine.com\/pt\/?s={search_term_string}"},"query-input":{"@type":"PropertyValueSpecification","valueRequired":true,"valueName":"search_term_string"}}],"inLanguage":"fi"},{"@type":"Organization","@id":"https:\/\/dulonmarine.com\/pt\/#organization","name":"Dulon Marine Kansilaituriryhm\u00e4","url":"https:\/\/dulonmarine.com\/pt\/","logo":{"@type":"ImageObject","inLanguage":"fi","@id":"https:\/\/dulonmarine.com\/pt\/#\/schema\/logo\/image\/","url":"http:\/\/dulonmarine.com\/wp-content\/uploads\/2023\/02\/Dulon-Marine-Deckmate-Group-logo-small.png","contentUrl":"http:\/\/dulonmarine.com\/wp-content\/uploads\/2023\/02\/Dulon-Marine-Deckmate-Group-logo-small.png","width":350,"height":150,"caption":"Dulon Marine Deckmate Group"},"image":{"@id":"https:\/\/dulonmarine.com\/pt\/#\/schema\/logo\/image\/"},"sameAs":["https:\/\/www.facebook.com\/dulonmarine?locale=nl_NL","https:\/\/www.instagram.com\/dulonmarinegroup\/"]}]}},"_links":{"self":[{"href":"https:\/\/dulonmarine.com\/fi\/wp-json\/wp\/v2\/product\/8520","targetHints":{"allow":["GET"]}}],"collection":[{"href":"https:\/\/dulonmarine.com\/fi\/wp-json\/wp\/v2\/product"}],"about":[{"href":"https:\/\/dulonmarine.com\/fi\/wp-json\/wp\/v2\/types\/product"}],"wp:featuredmedia":[{"embeddable":true,"href":"https:\/\/dulonmarine.com\/fi\/wp-json\/wp\/v2\/media\/9412"}],"wp:attachment":[{"href":"https:\/\/dulonmarine.com\/fi\/wp-json\/wp\/v2\/media?parent=8520"}],"wp:term":[{"taxonomy":"product_brand","embeddable":true,"href":"https:\/\/dulonmarine.com\/fi\/wp-json\/wp\/v2\/product_brand?post=8520"},{"taxonomy":"product_cat","embeddable":true,"href":"https:\/\/dulonmarine.com\/fi\/wp-json\/wp\/v2\/product_cat?post=8520"},{"taxonomy":"product_tag","embeddable":true,"href":"https:\/\/dulonmarine.com\/fi\/wp-json\/wp\/v2\/product_tag?post=8520"}],"curies":[{"name":"wp","href":"https:\/\/api.w.org\/{rel}","templated":true}]}}