{"id":9774,"date":"2025-04-07T15:21:02","date_gmt":"2025-04-07T14:21:02","guid":{"rendered":"http:\/\/dulonmarine.com\/?post_type=product&#038;p=9774"},"modified":"2025-10-23T14:45:50","modified_gmt":"2025-10-23T13:45:50","slug":"deckmate-dm315-maxiblade","status":"publish","type":"product","link":"https:\/\/dulonmarine.com\/fi\/winkel\/deckmate\/drying-products\/sample-product\/deckmate-dm315-maxiblade\/","title":{"rendered":"Deckmate DM315 Maxiblade (Maxiblade)"},"content":{"rendered":"<p>Deckmate DM315 Maxiblade on v\u00e4ltt\u00e4m\u00e4t\u00f6n kuivausv\u00e4line, jolla saavutetaan nopeita, raidattomia tuloksia erilaisilla kovilla pinnoilla, joita laivoilla on, kuten teak-kannella, ikkunoissa ja geelipinnoitteissa. Sen ainutlaatuisesti muotoiltu joustava kolmireunainen silikoninen maxiblade mahdollistaa veden tehokkaan poistamisen vain yhdell\u00e4 kerralla, mik\u00e4 takaa virheett\u00f6m\u00e4n lopputuloksen. Tukevan rakenteensa ansiosta Maxiblade on yhteensopiva Deckmate-kahvojen kanssa, mik\u00e4 takaa helppok\u00e4ytt\u00f6isyyden ja kest\u00e4vyyden. T\u00e4m\u00e4 innovatiivinen ty\u00f6kalu tekee pintojen kuivaamisesta yksinkertaisempaa ja tehokkaampaa, ja se sopii t\u00e4ydellisesti veneesi koskemattoman kunnon yll\u00e4pit\u00e4miseen.<\/p>\n<p>Edut:<\/p>\n<ul>\n<li>Kolmireunainen maxiblade takaa t\u00e4ydellisen kuivaustuloksen.<\/li>\n<li>Soveltuu (teak-)terasseille, ikkunoille ja muille koville pinnoille.<\/li>\n<li>Sopii kaikkiin Deckmate-kahvoihin.<\/li>\n<li>Kuivuu nopeasti ja helposti yhdell\u00e4 kertaa.<\/li>\n<\/ul>","protected":false},"excerpt":{"rendered":"<p>Deckmate DM315 Maxiblade on v\u00e4ltt\u00e4m\u00e4t\u00f6n kuivausv\u00e4line, jolla saavutetaan nopeita, raidattomia tuloksia erilaisilla kovilla pinnoilla, joita laivoilla on, kuten teak-kannella, ikkunoilla ja geelipinnoitteilla. Sen ainutlaatuisesti muotoiltu joustava kolmireunainen silikoninen maxiblade mahdollistaa veden tehokkaan poistamisen vain yhdell\u00e4 kerralla, mik\u00e4 takaa virheett\u00f6m\u00e4n lopputuloksen.<\/p>\n<div class=\"x-video-inner\">\n    <video  \nclass=\"x-mejs x-wp-video-shortcode advanced-controls\" \n        width=\"400\" \n        height=\"400\" \n        loop autoplay muted playsinline style=\"border: none; outline: none; background: none;\"><source type=\"video\/mp4\" src=\"https:\/\/dulonmarine.com\/wp-content\/uploads\/2025\/10\/Deckmate-DM315-Maxiblade-360-Spin.mp4\"><\/video>\n<\/div>","protected":false},"featured_media":9775,"template":"","meta":{"_acf_changed":false,"om_disable_all_campaigns":false,"rs_blank_template":"","rs_page_bg_color":"","slide_template_v7":"","inline_featured_image":false,"_monsterinsights_skip_tracking":false,"_monsterinsights_sitenote_active":false,"_monsterinsights_sitenote_note":"","_monsterinsights_sitenote_category":0},"product_brand":[],"product_cat":[280,290],"product_tag":[339],"class_list":{"0":"post-9774","1":"product","2":"type-product","3":"status-publish","4":"has-post-thumbnail","6":"product_cat-deckmate","7":"product_cat-drying-products","8":"product_tag-339","9":"pa_article-numbers-contents-dm315","12":"first","13":"instock","14":"taxable","15":"shipping-taxable","16":"purchasable","17":"product-type-simple"},"acf":[],"yoast_head":"<!-- This site is optimized with the Yoast SEO plugin v27.4 - https:\/\/yoast.com\/product\/yoast-seo-wordpress\/ -->\n<title>Deckmate DM315 Maxiblade - Dulon Marine<\/title>\n<meta name=\"description\" content=\"This drying device is the perfect tool for quick and streakless drying results on board.\" \/>\n<meta name=\"robots\" content=\"index, follow, max-snippet:-1, max-image-preview:large, max-video-preview:-1\" \/>\n<link rel=\"canonical\" href=\"https:\/\/dulonmarine.com\/fi\/winkel\/kansikaveri\/kuivattavat-tuotteet\/tuotenayte\/deckmate-dm315-maxiblade\/\" \/>\n<meta property=\"og:locale\" content=\"fi_FI\" \/>\n<meta property=\"og:type\" content=\"article\" \/>\n<meta property=\"og:title\" content=\"Deckmate DM315 Maxiblade - Dulon Marine\" \/>\n<meta property=\"og:description\" content=\"This drying device is the perfect tool for quick and streakless drying results on board.\" \/>\n<meta property=\"og:url\" content=\"https:\/\/dulonmarine.com\/fi\/winkel\/kansikaveri\/kuivattavat-tuotteet\/tuotenayte\/deckmate-dm315-maxiblade\/\" \/>\n<meta property=\"og:site_name\" content=\"Dulon Marine\" \/>\n<meta property=\"article:publisher\" content=\"https:\/\/www.facebook.com\/dulonmarine?locale=nl_NL\" \/>\n<meta property=\"article:modified_time\" content=\"2025-10-23T13:45:50+00:00\" \/>\n<meta property=\"og:image\" content=\"https:\/\/dulonmarine.com\/wp-content\/uploads\/2025\/04\/01.-Deckmate-DM315-Maxiblade.webp\" \/>\n\t<meta property=\"og:image:width\" content=\"1200\" \/>\n\t<meta property=\"og:image:height\" content=\"1200\" \/>\n\t<meta property=\"og:image:type\" content=\"image\/webp\" \/>\n<meta name=\"twitter:card\" content=\"summary_large_image\" \/>\n<meta name=\"twitter:label1\" content=\"Arvioitu lukuaika\" \/>\n\t<meta name=\"twitter:data1\" content=\"1 minuutti\" \/>\n<script type=\"application\/ld+json\" class=\"yoast-schema-graph\">{\"@context\":\"https:\\\/\\\/schema.org\",\"@graph\":[{\"@type\":\"WebPage\",\"@id\":\"https:\\\/\\\/dulonmarine.com\\\/winkel\\\/deckmate\\\/drying-products\\\/sample-product\\\/deckmate-dm315-maxiblade\\\/\",\"url\":\"https:\\\/\\\/dulonmarine.com\\\/winkel\\\/deckmate\\\/drying-products\\\/sample-product\\\/deckmate-dm315-maxiblade\\\/\",\"name\":\"Deckmate DM315 Maxiblade - Dulon Marine\",\"isPartOf\":{\"@id\":\"https:\\\/\\\/dulonmarine.com\\\/pt\\\/#website\"},\"primaryImageOfPage\":{\"@id\":\"https:\\\/\\\/dulonmarine.com\\\/winkel\\\/deckmate\\\/drying-products\\\/sample-product\\\/deckmate-dm315-maxiblade\\\/#primaryimage\"},\"image\":{\"@id\":\"https:\\\/\\\/dulonmarine.com\\\/winkel\\\/deckmate\\\/drying-products\\\/sample-product\\\/deckmate-dm315-maxiblade\\\/#primaryimage\"},\"thumbnailUrl\":\"https:\\\/\\\/dulonmarine.com\\\/wp-content\\\/uploads\\\/2025\\\/04\\\/01.-Deckmate-DM315-Maxiblade.webp\",\"datePublished\":\"2025-04-07T14:21:02+00:00\",\"dateModified\":\"2025-10-23T13:45:50+00:00\",\"description\":\"This drying device is the perfect tool for quick and streakless drying results on board.\",\"breadcrumb\":{\"@id\":\"https:\\\/\\\/dulonmarine.com\\\/winkel\\\/deckmate\\\/drying-products\\\/sample-product\\\/deckmate-dm315-maxiblade\\\/#breadcrumb\"},\"inLanguage\":\"fi\",\"potentialAction\":[{\"@type\":\"ReadAction\",\"target\":[\"https:\\\/\\\/dulonmarine.com\\\/winkel\\\/deckmate\\\/drying-products\\\/sample-product\\\/deckmate-dm315-maxiblade\\\/\"]}]},{\"@type\":\"ImageObject\",\"inLanguage\":\"fi\",\"@id\":\"https:\\\/\\\/dulonmarine.com\\\/winkel\\\/deckmate\\\/drying-products\\\/sample-product\\\/deckmate-dm315-maxiblade\\\/#primaryimage\",\"url\":\"https:\\\/\\\/dulonmarine.com\\\/wp-content\\\/uploads\\\/2025\\\/04\\\/01.-Deckmate-DM315-Maxiblade.webp\",\"contentUrl\":\"https:\\\/\\\/dulonmarine.com\\\/wp-content\\\/uploads\\\/2025\\\/04\\\/01.-Deckmate-DM315-Maxiblade.webp\",\"width\":1200,\"height\":1200},{\"@type\":\"BreadcrumbList\",\"@id\":\"https:\\\/\\\/dulonmarine.com\\\/winkel\\\/deckmate\\\/drying-products\\\/sample-product\\\/deckmate-dm315-maxiblade\\\/#breadcrumb\",\"itemListElement\":[{\"@type\":\"ListItem\",\"position\":1,\"name\":\"Home\",\"item\":\"https:\\\/\\\/dulonmarine.com\\\/\"},{\"@type\":\"ListItem\",\"position\":2,\"name\":\"Winkel\",\"item\":\"https:\\\/\\\/dulonmarine.com\\\/pt\\\/piacaba\\\/\"},{\"@type\":\"ListItem\",\"position\":3,\"name\":\"Deckmate DM315 Maxiblade\"}]},{\"@type\":\"WebSite\",\"@id\":\"https:\\\/\\\/dulonmarine.com\\\/pt\\\/#website\",\"url\":\"https:\\\/\\\/dulonmarine.com\\\/pt\\\/\",\"name\":\"Dulon Marine\",\"description\":\"Onderhoudsproducten voor de scheepvaart\",\"publisher\":{\"@id\":\"https:\\\/\\\/dulonmarine.com\\\/pt\\\/#organization\"},\"potentialAction\":[{\"@type\":\"SearchAction\",\"target\":{\"@type\":\"EntryPoint\",\"urlTemplate\":\"https:\\\/\\\/dulonmarine.com\\\/pt\\\/?s={search_term_string}\"},\"query-input\":{\"@type\":\"PropertyValueSpecification\",\"valueRequired\":true,\"valueName\":\"search_term_string\"}}],\"inLanguage\":\"fi\"},{\"@type\":\"Organization\",\"@id\":\"https:\\\/\\\/dulonmarine.com\\\/pt\\\/#organization\",\"name\":\"Dulon Marine Deckmate Group\",\"url\":\"https:\\\/\\\/dulonmarine.com\\\/pt\\\/\",\"logo\":{\"@type\":\"ImageObject\",\"inLanguage\":\"fi\",\"@id\":\"https:\\\/\\\/dulonmarine.com\\\/pt\\\/#\\\/schema\\\/logo\\\/image\\\/\",\"url\":\"http:\\\/\\\/dulonmarine.com\\\/wp-content\\\/uploads\\\/2023\\\/02\\\/Dulon-Marine-Deckmate-Group-logo-small.png\",\"contentUrl\":\"http:\\\/\\\/dulonmarine.com\\\/wp-content\\\/uploads\\\/2023\\\/02\\\/Dulon-Marine-Deckmate-Group-logo-small.png\",\"width\":350,\"height\":150,\"caption\":\"Dulon Marine Deckmate Group\"},\"image\":{\"@id\":\"https:\\\/\\\/dulonmarine.com\\\/pt\\\/#\\\/schema\\\/logo\\\/image\\\/\"},\"sameAs\":[\"https:\\\/\\\/www.facebook.com\\\/dulonmarine?locale=nl_NL\",\"https:\\\/\\\/www.instagram.com\\\/dulonmarinegroup\\\/\"]}]}<\/script>\n<!-- \/ Yoast SEO plugin. -->","yoast_head_json":{"title":"Deckmate DM315 Maxiblade - Dulon Marine","description":"T\u00e4m\u00e4 kuivauslaite on t\u00e4ydellinen v\u00e4line nopeaan ja raidattomaan kuivaukseen aluksella.","robots":{"index":"index","follow":"follow","max-snippet":"max-snippet:-1","max-image-preview":"max-image-preview:large","max-video-preview":"max-video-preview:-1"},"canonical":"https:\/\/dulonmarine.com\/fi\/winkel\/kansikaveri\/kuivattavat-tuotteet\/tuotenayte\/deckmate-dm315-maxiblade\/","og_locale":"fi_FI","og_type":"article","og_title":"Deckmate DM315 Maxiblade - Dulon Marine","og_description":"This drying device is the perfect tool for quick and streakless drying results on board.","og_url":"https:\/\/dulonmarine.com\/fi\/winkel\/kansikaveri\/kuivattavat-tuotteet\/tuotenayte\/deckmate-dm315-maxiblade\/","og_site_name":"Dulon Marine","article_publisher":"https:\/\/www.facebook.com\/dulonmarine?locale=nl_NL","article_modified_time":"2025-10-23T13:45:50+00:00","og_image":[{"width":1200,"height":1200,"url":"https:\/\/dulonmarine.com\/wp-content\/uploads\/2025\/04\/01.-Deckmate-DM315-Maxiblade.webp","type":"image\/webp"}],"twitter_card":"summary_large_image","twitter_misc":{"Arvioitu lukuaika":"1 minuutti"},"schema":{"@context":"https:\/\/schema.org","@graph":[{"@type":"WebPage","@id":"https:\/\/dulonmarine.com\/winkel\/deckmate\/drying-products\/sample-product\/deckmate-dm315-maxiblade\/","url":"https:\/\/dulonmarine.com\/winkel\/deckmate\/drying-products\/sample-product\/deckmate-dm315-maxiblade\/","name":"Deckmate DM315 Maxiblade - Dulon Marine","isPartOf":{"@id":"https:\/\/dulonmarine.com\/pt\/#website"},"primaryImageOfPage":{"@id":"https:\/\/dulonmarine.com\/winkel\/deckmate\/drying-products\/sample-product\/deckmate-dm315-maxiblade\/#primaryimage"},"image":{"@id":"https:\/\/dulonmarine.com\/winkel\/deckmate\/drying-products\/sample-product\/deckmate-dm315-maxiblade\/#primaryimage"},"thumbnailUrl":"https:\/\/dulonmarine.com\/wp-content\/uploads\/2025\/04\/01.-Deckmate-DM315-Maxiblade.webp","datePublished":"2025-04-07T14:21:02+00:00","dateModified":"2025-10-23T13:45:50+00:00","description":"T\u00e4m\u00e4 kuivauslaite on t\u00e4ydellinen v\u00e4line nopeaan ja raidattomaan kuivaukseen aluksella.","breadcrumb":{"@id":"https:\/\/dulonmarine.com\/winkel\/deckmate\/drying-products\/sample-product\/deckmate-dm315-maxiblade\/#breadcrumb"},"inLanguage":"fi","potentialAction":[{"@type":"ReadAction","target":["https:\/\/dulonmarine.com\/winkel\/deckmate\/drying-products\/sample-product\/deckmate-dm315-maxiblade\/"]}]},{"@type":"ImageObject","inLanguage":"fi","@id":"https:\/\/dulonmarine.com\/winkel\/deckmate\/drying-products\/sample-product\/deckmate-dm315-maxiblade\/#primaryimage","url":"https:\/\/dulonmarine.com\/wp-content\/uploads\/2025\/04\/01.-Deckmate-DM315-Maxiblade.webp","contentUrl":"https:\/\/dulonmarine.com\/wp-content\/uploads\/2025\/04\/01.-Deckmate-DM315-Maxiblade.webp","width":1200,"height":1200},{"@type":"BreadcrumbList","@id":"https:\/\/dulonmarine.com\/winkel\/deckmate\/drying-products\/sample-product\/deckmate-dm315-maxiblade\/#breadcrumb","itemListElement":[{"@type":"ListItem","position":1,"name":"Home","item":"https:\/\/dulonmarine.com\/"},{"@type":"ListItem","position":2,"name":"Winkel","item":"https:\/\/dulonmarine.com\/pt\/piacaba\/"},{"@type":"ListItem","position":3,"name":"Deckmate DM315 Maxiblade"}]},{"@type":"WebSite","@id":"https:\/\/dulonmarine.com\/pt\/#website","url":"https:\/\/dulonmarine.com\/pt\/","name":"Dulon Marine","description":"Muut tuotteet, jotka on tarkoitettu k\u00e4ytett\u00e4v\u00e4ksi julkisuudessa","publisher":{"@id":"https:\/\/dulonmarine.com\/pt\/#organization"},"potentialAction":[{"@type":"SearchAction","target":{"@type":"EntryPoint","urlTemplate":"https:\/\/dulonmarine.com\/pt\/?s={search_term_string}"},"query-input":{"@type":"PropertyValueSpecification","valueRequired":true,"valueName":"search_term_string"}}],"inLanguage":"fi"},{"@type":"Organization","@id":"https:\/\/dulonmarine.com\/pt\/#organization","name":"Dulon Marine Kansilaituriryhm\u00e4","url":"https:\/\/dulonmarine.com\/pt\/","logo":{"@type":"ImageObject","inLanguage":"fi","@id":"https:\/\/dulonmarine.com\/pt\/#\/schema\/logo\/image\/","url":"http:\/\/dulonmarine.com\/wp-content\/uploads\/2023\/02\/Dulon-Marine-Deckmate-Group-logo-small.png","contentUrl":"http:\/\/dulonmarine.com\/wp-content\/uploads\/2023\/02\/Dulon-Marine-Deckmate-Group-logo-small.png","width":350,"height":150,"caption":"Dulon Marine Deckmate Group"},"image":{"@id":"https:\/\/dulonmarine.com\/pt\/#\/schema\/logo\/image\/"},"sameAs":["https:\/\/www.facebook.com\/dulonmarine?locale=nl_NL","https:\/\/www.instagram.com\/dulonmarinegroup\/"]}]}},"_links":{"self":[{"href":"https:\/\/dulonmarine.com\/fi\/wp-json\/wp\/v2\/product\/9774","targetHints":{"allow":["GET"]}}],"collection":[{"href":"https:\/\/dulonmarine.com\/fi\/wp-json\/wp\/v2\/product"}],"about":[{"href":"https:\/\/dulonmarine.com\/fi\/wp-json\/wp\/v2\/types\/product"}],"wp:featuredmedia":[{"embeddable":true,"href":"https:\/\/dulonmarine.com\/fi\/wp-json\/wp\/v2\/media\/9775"}],"wp:attachment":[{"href":"https:\/\/dulonmarine.com\/fi\/wp-json\/wp\/v2\/media?parent=9774"}],"wp:term":[{"taxonomy":"product_brand","embeddable":true,"href":"https:\/\/dulonmarine.com\/fi\/wp-json\/wp\/v2\/product_brand?post=9774"},{"taxonomy":"product_cat","embeddable":true,"href":"https:\/\/dulonmarine.com\/fi\/wp-json\/wp\/v2\/product_cat?post=9774"},{"taxonomy":"product_tag","embeddable":true,"href":"https:\/\/dulonmarine.com\/fi\/wp-json\/wp\/v2\/product_tag?post=9774"}],"curies":[{"name":"wp","href":"https:\/\/api.w.org\/{rel}","templated":true}]}}