{"id":9830,"date":"2025-06-12T15:44:34","date_gmt":"2025-06-12T14:44:34","guid":{"rendered":"https:\/\/dulonmarine.com\/?post_type=product&#038;p=9830"},"modified":"2025-06-17T13:16:20","modified_gmt":"2025-06-17T12:16:20","slug":"deckmate-dm725-korallifleece-monikayttoinen-pyyhe","status":"publish","type":"product","link":"https:\/\/dulonmarine.com\/fi\/winkel\/deckmate\/drying-products\/sample-product\/deckmate-dm725-coral-fleece-multi-towel\/","title":{"rendered":"Deckmate DM725 Coral fleece monipyyhepyyhe"},"content":{"rendered":"<p>T\u00e4m\u00e4 mikrokuitupyyhe on v\u00e4ltt\u00e4m\u00e4t\u00f6n varuste jokaiselle alukselle, sill\u00e4 se on monipuolinen ja sopii moniin eri teht\u00e4viin. Tarvitsitpa sitten kuivata, puhdistaa, kiillottaa tai hioa, t\u00e4m\u00e4 korkealaatuinen pyyhe varmistaa, ett\u00e4 p\u00e4ivitt\u00e4iset askareesi hoituvat nopeasti ja tehokkaasti, ja tulokset ovat joka kerta erinomaisia. Se on valmistettu painavasta materiaalista, jonka paino on vaikuttavat 500 g\/m\u00b2, mik\u00e4 takaa kest\u00e4vyyden ja imukyvyn. Sen reunaton muotoilu est\u00e4\u00e4 naarmuuntumisen ja tarjoaa ennenn\u00e4kem\u00e4tt\u00f6m\u00e4n puhdistuskokemuksen, mik\u00e4 tekee siit\u00e4 v\u00e4ltt\u00e4m\u00e4tt\u00f6m\u00e4n apuv\u00e4lineen aluksesi pit\u00e4miseksi moitteettomassa kunnossa.<\/p>\n<p>Edut:<\/p>\n<ul>\n<li>Monik\u00e4ytt\u00f6inen mikrokuitupyyhe kaikkiin teht\u00e4viin aluksella<\/li>\n<li>Kuivaukseen, kiillotukseen, puhdistukseen ja kiillotukseen<\/li>\n<li>Huippulaatuinen ja painava \u2013 500 g\/m2<\/li>\n<li>Suuri koko 50 x 50 cm | 20 x 20 tuumaa<\/li>\n<\/ul>","protected":false},"excerpt":{"rendered":"<p>T\u00e4m\u00e4 mikrokuitupyyhe on v\u00e4ltt\u00e4m\u00e4t\u00f6n varuste jokaiselle alukselle, sill\u00e4 se on monipuolinen ja sopii moniin eri teht\u00e4viin. Tarvitsitpa sitten kuivata, puhdistaa, kiillottaa tai hioa, t\u00e4m\u00e4 korkealaatuinen pyyhe varmistaa, ett\u00e4 p\u00e4ivitt\u00e4iset askareesi sujuvat nopeasti ja tehokkaasti ja tulokset ovat joka kerta erinomaisia.<\/p>\n<div class=\"x-video-inner\">\n    <video  \nclass=\"x-mejs x-wp-video-shortcode advanced-controls\" \n        width=\"400\" \n        height=\"400\" \n        loop autoplay muted playsinline style=\"border: none; outline: none; background: none;\"><source type=\"video\/mp4\" src=\"https:\/\/dulonmarine.com\/wp-content\/uploads\/2025\/06\/Oranje-Doek-540px.mp4\"><\/video>\n<\/div>","protected":false},"featured_media":9837,"template":"","meta":{"_acf_changed":false,"om_disable_all_campaigns":false,"rs_blank_template":"","rs_page_bg_color":"","slide_template_v7":"","inline_featured_image":false,"_monsterinsights_skip_tracking":false,"_monsterinsights_sitenote_active":false,"_monsterinsights_sitenote_note":"","_monsterinsights_sitenote_category":0},"product_brand":[],"product_cat":[280,290],"product_tag":[345],"class_list":{"0":"post-9830","1":"product","2":"type-product","3":"status-publish","4":"has-post-thumbnail","6":"product_cat-deckmate","7":"product_cat-drying-products","8":"product_tag-345","9":"pa_article-numbers-contents-dm725","12":"first","13":"instock","14":"taxable","15":"shipping-taxable","16":"product-type-simple"},"acf":[],"yoast_head":"<!-- This site is optimized with the Yoast SEO plugin v27.4 - https:\/\/yoast.com\/product\/yoast-seo-wordpress\/ -->\n<title>Deckmate DM725 Coral fleece multi towel - Dulon Marine<\/title>\n<meta name=\"robots\" content=\"index, follow, max-snippet:-1, max-image-preview:large, max-video-preview:-1\" \/>\n<link rel=\"canonical\" href=\"https:\/\/dulonmarine.com\/fi\/winkel\/kansikaveri\/kuivattavat-tuotteet\/tuotenayte\/deckmate-dm725-korallifleece-monikayttoinen-pyyhe\/\" \/>\n<meta property=\"og:locale\" content=\"fi_FI\" \/>\n<meta property=\"og:type\" content=\"article\" \/>\n<meta property=\"og:title\" content=\"Deckmate DM725 Coral fleece multi towel - Dulon Marine\" \/>\n<meta property=\"og:description\" content=\"This microfiber multi-towel is an essential item for every ship, offering versatility for a variety of tasks. Whether you need to dry, clean, polish, or buff, this top-quality towel ensures that your daily chores are completed quickly and effectively, delivering outstanding results every time.\" \/>\n<meta property=\"og:url\" content=\"https:\/\/dulonmarine.com\/fi\/winkel\/kansikaveri\/kuivattavat-tuotteet\/tuotenayte\/deckmate-dm725-korallifleece-monikayttoinen-pyyhe\/\" \/>\n<meta property=\"og:site_name\" content=\"Dulon Marine\" \/>\n<meta property=\"article:publisher\" content=\"https:\/\/www.facebook.com\/dulonmarine?locale=nl_NL\" \/>\n<meta property=\"article:modified_time\" content=\"2025-06-17T12:16:20+00:00\" \/>\n<meta property=\"og:image\" content=\"https:\/\/dulonmarine.com\/wp-content\/uploads\/2025\/06\/multi-fleece-doek-Deckmate.webp\" \/>\n\t<meta property=\"og:image:width\" content=\"1200\" \/>\n\t<meta property=\"og:image:height\" content=\"1200\" \/>\n\t<meta property=\"og:image:type\" content=\"image\/webp\" \/>\n<meta name=\"twitter:card\" content=\"summary_large_image\" \/>\n<meta name=\"twitter:label1\" content=\"Arvioitu lukuaika\" \/>\n\t<meta name=\"twitter:data1\" content=\"1 minuutti\" \/>\n<script type=\"application\/ld+json\" class=\"yoast-schema-graph\">{\"@context\":\"https:\\\/\\\/schema.org\",\"@graph\":[{\"@type\":\"WebPage\",\"@id\":\"https:\\\/\\\/dulonmarine.com\\\/winkel\\\/deckmate\\\/drying-products\\\/sample-product\\\/deckmate-dm725-coral-fleece-multi-towel\\\/\",\"url\":\"https:\\\/\\\/dulonmarine.com\\\/winkel\\\/deckmate\\\/drying-products\\\/sample-product\\\/deckmate-dm725-coral-fleece-multi-towel\\\/\",\"name\":\"Deckmate DM725 Coral fleece multi towel - Dulon Marine\",\"isPartOf\":{\"@id\":\"https:\\\/\\\/dulonmarine.com\\\/pt\\\/#website\"},\"primaryImageOfPage\":{\"@id\":\"https:\\\/\\\/dulonmarine.com\\\/winkel\\\/deckmate\\\/drying-products\\\/sample-product\\\/deckmate-dm725-coral-fleece-multi-towel\\\/#primaryimage\"},\"image\":{\"@id\":\"https:\\\/\\\/dulonmarine.com\\\/winkel\\\/deckmate\\\/drying-products\\\/sample-product\\\/deckmate-dm725-coral-fleece-multi-towel\\\/#primaryimage\"},\"thumbnailUrl\":\"https:\\\/\\\/dulonmarine.com\\\/wp-content\\\/uploads\\\/2025\\\/06\\\/multi-fleece-doek-Deckmate.webp\",\"datePublished\":\"2025-06-12T14:44:34+00:00\",\"dateModified\":\"2025-06-17T12:16:20+00:00\",\"breadcrumb\":{\"@id\":\"https:\\\/\\\/dulonmarine.com\\\/winkel\\\/deckmate\\\/drying-products\\\/sample-product\\\/deckmate-dm725-coral-fleece-multi-towel\\\/#breadcrumb\"},\"inLanguage\":\"fi\",\"potentialAction\":[{\"@type\":\"ReadAction\",\"target\":[\"https:\\\/\\\/dulonmarine.com\\\/winkel\\\/deckmate\\\/drying-products\\\/sample-product\\\/deckmate-dm725-coral-fleece-multi-towel\\\/\"]}]},{\"@type\":\"ImageObject\",\"inLanguage\":\"fi\",\"@id\":\"https:\\\/\\\/dulonmarine.com\\\/winkel\\\/deckmate\\\/drying-products\\\/sample-product\\\/deckmate-dm725-coral-fleece-multi-towel\\\/#primaryimage\",\"url\":\"https:\\\/\\\/dulonmarine.com\\\/wp-content\\\/uploads\\\/2025\\\/06\\\/multi-fleece-doek-Deckmate.webp\",\"contentUrl\":\"https:\\\/\\\/dulonmarine.com\\\/wp-content\\\/uploads\\\/2025\\\/06\\\/multi-fleece-doek-Deckmate.webp\",\"width\":1200,\"height\":1200},{\"@type\":\"BreadcrumbList\",\"@id\":\"https:\\\/\\\/dulonmarine.com\\\/winkel\\\/deckmate\\\/drying-products\\\/sample-product\\\/deckmate-dm725-coral-fleece-multi-towel\\\/#breadcrumb\",\"itemListElement\":[{\"@type\":\"ListItem\",\"position\":1,\"name\":\"Home\",\"item\":\"https:\\\/\\\/dulonmarine.com\\\/\"},{\"@type\":\"ListItem\",\"position\":2,\"name\":\"Winkel\",\"item\":\"https:\\\/\\\/dulonmarine.com\\\/pt\\\/piacaba\\\/\"},{\"@type\":\"ListItem\",\"position\":3,\"name\":\"Deckmate DM725 Coral fleece multi towel\"}]},{\"@type\":\"WebSite\",\"@id\":\"https:\\\/\\\/dulonmarine.com\\\/pt\\\/#website\",\"url\":\"https:\\\/\\\/dulonmarine.com\\\/pt\\\/\",\"name\":\"Dulon Marine\",\"description\":\"Onderhoudsproducten voor de scheepvaart\",\"publisher\":{\"@id\":\"https:\\\/\\\/dulonmarine.com\\\/pt\\\/#organization\"},\"potentialAction\":[{\"@type\":\"SearchAction\",\"target\":{\"@type\":\"EntryPoint\",\"urlTemplate\":\"https:\\\/\\\/dulonmarine.com\\\/pt\\\/?s={search_term_string}\"},\"query-input\":{\"@type\":\"PropertyValueSpecification\",\"valueRequired\":true,\"valueName\":\"search_term_string\"}}],\"inLanguage\":\"fi\"},{\"@type\":\"Organization\",\"@id\":\"https:\\\/\\\/dulonmarine.com\\\/pt\\\/#organization\",\"name\":\"Dulon Marine Deckmate Group\",\"url\":\"https:\\\/\\\/dulonmarine.com\\\/pt\\\/\",\"logo\":{\"@type\":\"ImageObject\",\"inLanguage\":\"fi\",\"@id\":\"https:\\\/\\\/dulonmarine.com\\\/pt\\\/#\\\/schema\\\/logo\\\/image\\\/\",\"url\":\"http:\\\/\\\/dulonmarine.com\\\/wp-content\\\/uploads\\\/2023\\\/02\\\/Dulon-Marine-Deckmate-Group-logo-small.png\",\"contentUrl\":\"http:\\\/\\\/dulonmarine.com\\\/wp-content\\\/uploads\\\/2023\\\/02\\\/Dulon-Marine-Deckmate-Group-logo-small.png\",\"width\":350,\"height\":150,\"caption\":\"Dulon Marine Deckmate Group\"},\"image\":{\"@id\":\"https:\\\/\\\/dulonmarine.com\\\/pt\\\/#\\\/schema\\\/logo\\\/image\\\/\"},\"sameAs\":[\"https:\\\/\\\/www.facebook.com\\\/dulonmarine?locale=nl_NL\",\"https:\\\/\\\/www.instagram.com\\\/dulonmarinegroup\\\/\"]}]}<\/script>\n<!-- \/ Yoast SEO plugin. -->","yoast_head_json":{"title":"Deckmate DM725 Coral fleece -monik\u00e4ytt\u00f6inen pyyhe - Dulon Marine","robots":{"index":"index","follow":"follow","max-snippet":"max-snippet:-1","max-image-preview":"max-image-preview:large","max-video-preview":"max-video-preview:-1"},"canonical":"https:\/\/dulonmarine.com\/fi\/winkel\/kansikaveri\/kuivattavat-tuotteet\/tuotenayte\/deckmate-dm725-korallifleece-monikayttoinen-pyyhe\/","og_locale":"fi_FI","og_type":"article","og_title":"Deckmate DM725 Coral fleece multi towel - Dulon Marine","og_description":"This microfiber multi-towel is an essential item for every ship, offering versatility for a variety of tasks. Whether you need to dry, clean, polish, or buff, this top-quality towel ensures that your daily chores are completed quickly and effectively, delivering outstanding results every time.","og_url":"https:\/\/dulonmarine.com\/fi\/winkel\/kansikaveri\/kuivattavat-tuotteet\/tuotenayte\/deckmate-dm725-korallifleece-monikayttoinen-pyyhe\/","og_site_name":"Dulon Marine","article_publisher":"https:\/\/www.facebook.com\/dulonmarine?locale=nl_NL","article_modified_time":"2025-06-17T12:16:20+00:00","og_image":[{"width":1200,"height":1200,"url":"https:\/\/dulonmarine.com\/wp-content\/uploads\/2025\/06\/multi-fleece-doek-Deckmate.webp","type":"image\/webp"}],"twitter_card":"summary_large_image","twitter_misc":{"Arvioitu lukuaika":"1 minuutti"},"schema":{"@context":"https:\/\/schema.org","@graph":[{"@type":"WebPage","@id":"https:\/\/dulonmarine.com\/winkel\/deckmate\/drying-products\/sample-product\/deckmate-dm725-coral-fleece-multi-towel\/","url":"https:\/\/dulonmarine.com\/winkel\/deckmate\/drying-products\/sample-product\/deckmate-dm725-coral-fleece-multi-towel\/","name":"Deckmate DM725 Coral fleece -monik\u00e4ytt\u00f6inen pyyhe - Dulon Marine","isPartOf":{"@id":"https:\/\/dulonmarine.com\/pt\/#website"},"primaryImageOfPage":{"@id":"https:\/\/dulonmarine.com\/winkel\/deckmate\/drying-products\/sample-product\/deckmate-dm725-coral-fleece-multi-towel\/#primaryimage"},"image":{"@id":"https:\/\/dulonmarine.com\/winkel\/deckmate\/drying-products\/sample-product\/deckmate-dm725-coral-fleece-multi-towel\/#primaryimage"},"thumbnailUrl":"https:\/\/dulonmarine.com\/wp-content\/uploads\/2025\/06\/multi-fleece-doek-Deckmate.webp","datePublished":"2025-06-12T14:44:34+00:00","dateModified":"2025-06-17T12:16:20+00:00","breadcrumb":{"@id":"https:\/\/dulonmarine.com\/winkel\/deckmate\/drying-products\/sample-product\/deckmate-dm725-coral-fleece-multi-towel\/#breadcrumb"},"inLanguage":"fi","potentialAction":[{"@type":"ReadAction","target":["https:\/\/dulonmarine.com\/winkel\/deckmate\/drying-products\/sample-product\/deckmate-dm725-coral-fleece-multi-towel\/"]}]},{"@type":"ImageObject","inLanguage":"fi","@id":"https:\/\/dulonmarine.com\/winkel\/deckmate\/drying-products\/sample-product\/deckmate-dm725-coral-fleece-multi-towel\/#primaryimage","url":"https:\/\/dulonmarine.com\/wp-content\/uploads\/2025\/06\/multi-fleece-doek-Deckmate.webp","contentUrl":"https:\/\/dulonmarine.com\/wp-content\/uploads\/2025\/06\/multi-fleece-doek-Deckmate.webp","width":1200,"height":1200},{"@type":"BreadcrumbList","@id":"https:\/\/dulonmarine.com\/winkel\/deckmate\/drying-products\/sample-product\/deckmate-dm725-coral-fleece-multi-towel\/#breadcrumb","itemListElement":[{"@type":"ListItem","position":1,"name":"Home","item":"https:\/\/dulonmarine.com\/"},{"@type":"ListItem","position":2,"name":"Winkel","item":"https:\/\/dulonmarine.com\/pt\/piacaba\/"},{"@type":"ListItem","position":3,"name":"Deckmate DM725 Coral fleece multi towel"}]},{"@type":"WebSite","@id":"https:\/\/dulonmarine.com\/pt\/#website","url":"https:\/\/dulonmarine.com\/pt\/","name":"Dulon Marine","description":"Muut tuotteet, jotka on tarkoitettu k\u00e4ytett\u00e4v\u00e4ksi julkisuudessa","publisher":{"@id":"https:\/\/dulonmarine.com\/pt\/#organization"},"potentialAction":[{"@type":"SearchAction","target":{"@type":"EntryPoint","urlTemplate":"https:\/\/dulonmarine.com\/pt\/?s={search_term_string}"},"query-input":{"@type":"PropertyValueSpecification","valueRequired":true,"valueName":"search_term_string"}}],"inLanguage":"fi"},{"@type":"Organization","@id":"https:\/\/dulonmarine.com\/pt\/#organization","name":"Dulon Marine Kansilaituriryhm\u00e4","url":"https:\/\/dulonmarine.com\/pt\/","logo":{"@type":"ImageObject","inLanguage":"fi","@id":"https:\/\/dulonmarine.com\/pt\/#\/schema\/logo\/image\/","url":"http:\/\/dulonmarine.com\/wp-content\/uploads\/2023\/02\/Dulon-Marine-Deckmate-Group-logo-small.png","contentUrl":"http:\/\/dulonmarine.com\/wp-content\/uploads\/2023\/02\/Dulon-Marine-Deckmate-Group-logo-small.png","width":350,"height":150,"caption":"Dulon Marine Deckmate Group"},"image":{"@id":"https:\/\/dulonmarine.com\/pt\/#\/schema\/logo\/image\/"},"sameAs":["https:\/\/www.facebook.com\/dulonmarine?locale=nl_NL","https:\/\/www.instagram.com\/dulonmarinegroup\/"]}]}},"_links":{"self":[{"href":"https:\/\/dulonmarine.com\/fi\/wp-json\/wp\/v2\/product\/9830","targetHints":{"allow":["GET"]}}],"collection":[{"href":"https:\/\/dulonmarine.com\/fi\/wp-json\/wp\/v2\/product"}],"about":[{"href":"https:\/\/dulonmarine.com\/fi\/wp-json\/wp\/v2\/types\/product"}],"wp:featuredmedia":[{"embeddable":true,"href":"https:\/\/dulonmarine.com\/fi\/wp-json\/wp\/v2\/media\/9837"}],"wp:attachment":[{"href":"https:\/\/dulonmarine.com\/fi\/wp-json\/wp\/v2\/media?parent=9830"}],"wp:term":[{"taxonomy":"product_brand","embeddable":true,"href":"https:\/\/dulonmarine.com\/fi\/wp-json\/wp\/v2\/product_brand?post=9830"},{"taxonomy":"product_cat","embeddable":true,"href":"https:\/\/dulonmarine.com\/fi\/wp-json\/wp\/v2\/product_cat?post=9830"},{"taxonomy":"product_tag","embeddable":true,"href":"https:\/\/dulonmarine.com\/fi\/wp-json\/wp\/v2\/product_tag?post=9830"}],"curies":[{"name":"wp","href":"https:\/\/api.w.org\/{rel}","templated":true}]}}