{"id":8531,"date":"2023-02-08T17:18:32","date_gmt":"2023-02-08T16:18:32","guid":{"rendered":"http:\/\/dulonmarine.com\/?page_id=8531"},"modified":"2025-11-12T12:05:51","modified_gmt":"2025-11-12T11:05:51","slug":"produits-de-sechage","status":"publish","type":"page","link":"https:\/\/dulonmarine.com\/fr\/deckmate-product-categories\/drying-products\/","title":{"rendered":"Produits de s\u00e9chage"},"content":{"rendered":"<div id=\"cs-content\" class=\"cs-content\"><\/div>","protected":false},"excerpt":{"rendered":"<p>Produits de s\u00e9chage Deckmate DM310 Lame d'eau flexible \u20ac43.45 Ajouter au panier Deckmate DM321 PVA Serviette de s\u00e9chage budget \u20ac22.58 Ajouter au panier Deckmate DM330 Excellent mop de s\u00e9chage \u20ac69.55 Ajouter au panier Deckmate DM320 PVA Serviette de s\u00e9chage premium \u20ac22.58 Ajouter au panier Deckmate DM315 Maxiblade \u20ac43.45 Ajouter au panier Deckmate DM725 Coral fleece multi serviette Lire &#8230; <a href=\"https:\/\/dulonmarine.com\/fr\/deckmate-product-categories\/drying-products\/\" class=\"more-link\">Read More<\/a><\/p>","protected":false},"author":11,"featured_media":0,"parent":8540,"menu_order":0,"comment_status":"closed","ping_status":"closed","template":"template-blank-4.php","meta":{"_acf_changed":false,"om_disable_all_campaigns":false,"rs_blank_template":"","rs_page_bg_color":"","slide_template_v7":"","inline_featured_image":false,"_monsterinsights_skip_tracking":false,"_monsterinsights_sitenote_active":false,"_monsterinsights_sitenote_note":"","_monsterinsights_sitenote_category":0,"footnotes":""},"class_list":["post-8531","page","type-page","status-publish","hentry","no-post-thumbnail"],"acf":[],"yoast_head":"<!-- This site is optimized with the Yoast SEO plugin v27.5 - https:\/\/yoast.com\/product\/yoast-seo-wordpress\/ -->\n<title>Drying Products - Dulon Marine<\/title>\n<meta name=\"robots\" content=\"index, follow, max-snippet:-1, max-image-preview:large, max-video-preview:-1\" \/>\n<link rel=\"canonical\" href=\"https:\/\/dulonmarine.com\/fr\/categories-de-produits-deckmate\/produits-de-sechage\/\" \/>\n<meta property=\"og:locale\" content=\"fr_FR\" \/>\n<meta property=\"og:type\" content=\"article\" \/>\n<meta property=\"og:title\" content=\"Drying Products - Dulon Marine\" \/>\n<meta property=\"og:description\" content=\"Drying products Deckmate DM310 Flexible water blade &euro;43.45 Ajouter au panier Deckmate DM321 PVA Drying towel budget &euro;22.58 Ajouter au panier Deckmate DM330 Excellent drying mop &euro;69.55 Ajouter au panier Deckmate DM320 PVA Drying towel premium &euro;22.58 Ajouter au panier Deckmate DM315 Maxiblade &euro;43.45 Ajouter au panier Deckmate DM725 Coral fleece multi towel Lire ... Read More\" \/>\n<meta property=\"og:url\" content=\"https:\/\/dulonmarine.com\/fr\/categories-de-produits-deckmate\/produits-de-sechage\/\" \/>\n<meta property=\"og:site_name\" content=\"Dulon Marine\" \/>\n<meta property=\"article:publisher\" content=\"https:\/\/www.facebook.com\/dulonmarine?locale=nl_NL\" \/>\n<meta property=\"article:modified_time\" content=\"2025-11-12T11:05:51+00:00\" \/>\n<meta name=\"twitter:card\" content=\"summary_large_image\" \/>\n<meta name=\"twitter:label1\" content=\"Dur\u00e9e de lecture estim\u00e9e\" \/>\n\t<meta name=\"twitter:data1\" content=\"4 minutes\" \/>\n<script type=\"application\/ld+json\" class=\"yoast-schema-graph\">{\"@context\":\"https:\\\/\\\/schema.org\",\"@graph\":[{\"@type\":\"WebPage\",\"@id\":\"https:\\\/\\\/dulonmarine.com\\\/deckmate-product-categories\\\/drying-products\\\/\",\"url\":\"https:\\\/\\\/dulonmarine.com\\\/deckmate-product-categories\\\/drying-products\\\/\",\"name\":\"Drying Products - Dulon Marine\",\"isPartOf\":{\"@id\":\"https:\\\/\\\/dulonmarine.com\\\/pt\\\/#website\"},\"datePublished\":\"2023-02-08T16:18:32+00:00\",\"dateModified\":\"2025-11-12T11:05:51+00:00\",\"breadcrumb\":{\"@id\":\"https:\\\/\\\/dulonmarine.com\\\/deckmate-product-categories\\\/drying-products\\\/#breadcrumb\"},\"inLanguage\":\"fr-FR\",\"potentialAction\":[{\"@type\":\"ReadAction\",\"target\":[\"https:\\\/\\\/dulonmarine.com\\\/deckmate-product-categories\\\/drying-products\\\/\"]}]},{\"@type\":\"BreadcrumbList\",\"@id\":\"https:\\\/\\\/dulonmarine.com\\\/deckmate-product-categories\\\/drying-products\\\/#breadcrumb\",\"itemListElement\":[{\"@type\":\"ListItem\",\"position\":1,\"name\":\"Home\",\"item\":\"https:\\\/\\\/dulonmarine.com\\\/\"},{\"@type\":\"ListItem\",\"position\":2,\"name\":\"Deckmate Product categories\",\"item\":\"https:\\\/\\\/dulonmarine.com\\\/deckmate-product-categories\\\/\"},{\"@type\":\"ListItem\",\"position\":3,\"name\":\"Drying Products\"}]},{\"@type\":\"WebSite\",\"@id\":\"https:\\\/\\\/dulonmarine.com\\\/pt\\\/#website\",\"url\":\"https:\\\/\\\/dulonmarine.com\\\/pt\\\/\",\"name\":\"Dulon Marine\",\"description\":\"Onderhoudsproducten voor de scheepvaart\",\"publisher\":{\"@id\":\"https:\\\/\\\/dulonmarine.com\\\/pt\\\/#organization\"},\"potentialAction\":[{\"@type\":\"SearchAction\",\"target\":{\"@type\":\"EntryPoint\",\"urlTemplate\":\"https:\\\/\\\/dulonmarine.com\\\/pt\\\/?s={search_term_string}\"},\"query-input\":{\"@type\":\"PropertyValueSpecification\",\"valueRequired\":true,\"valueName\":\"search_term_string\"}}],\"inLanguage\":\"fr-FR\"},{\"@type\":\"Organization\",\"@id\":\"https:\\\/\\\/dulonmarine.com\\\/pt\\\/#organization\",\"name\":\"Dulon Marine Deckmate Group\",\"url\":\"https:\\\/\\\/dulonmarine.com\\\/pt\\\/\",\"logo\":{\"@type\":\"ImageObject\",\"inLanguage\":\"fr-FR\",\"@id\":\"https:\\\/\\\/dulonmarine.com\\\/pt\\\/#\\\/schema\\\/logo\\\/image\\\/\",\"url\":\"http:\\\/\\\/dulonmarine.com\\\/wp-content\\\/uploads\\\/2023\\\/02\\\/Dulon-Marine-Deckmate-Group-logo-small.png\",\"contentUrl\":\"http:\\\/\\\/dulonmarine.com\\\/wp-content\\\/uploads\\\/2023\\\/02\\\/Dulon-Marine-Deckmate-Group-logo-small.png\",\"width\":350,\"height\":150,\"caption\":\"Dulon Marine Deckmate Group\"},\"image\":{\"@id\":\"https:\\\/\\\/dulonmarine.com\\\/pt\\\/#\\\/schema\\\/logo\\\/image\\\/\"},\"sameAs\":[\"https:\\\/\\\/www.facebook.com\\\/dulonmarine?locale=nl_NL\",\"https:\\\/\\\/www.instagram.com\\\/dulonmarinegroup\\\/\"]}]}<\/script>\n<!-- \/ Yoast SEO plugin. -->","yoast_head_json":{"title":"Produits de s\u00e9chage - Dulon Marine","robots":{"index":"index","follow":"follow","max-snippet":"max-snippet:-1","max-image-preview":"max-image-preview:large","max-video-preview":"max-video-preview:-1"},"canonical":"https:\/\/dulonmarine.com\/fr\/categories-de-produits-deckmate\/produits-de-sechage\/","og_locale":"fr_FR","og_type":"article","og_title":"Drying Products - Dulon Marine","og_description":"Drying products Deckmate DM310 Flexible water blade &euro;43.45 Ajouter au panier Deckmate DM321 PVA Drying towel budget &euro;22.58 Ajouter au panier Deckmate DM330 Excellent drying mop &euro;69.55 Ajouter au panier Deckmate DM320 PVA Drying towel premium &euro;22.58 Ajouter au panier Deckmate DM315 Maxiblade &euro;43.45 Ajouter au panier Deckmate DM725 Coral fleece multi towel Lire ... Read More","og_url":"https:\/\/dulonmarine.com\/fr\/categories-de-produits-deckmate\/produits-de-sechage\/","og_site_name":"Dulon Marine","article_publisher":"https:\/\/www.facebook.com\/dulonmarine?locale=nl_NL","article_modified_time":"2025-11-12T11:05:51+00:00","twitter_card":"summary_large_image","twitter_misc":{"Dur\u00e9e de lecture estim\u00e9e":"4 minutes"},"schema":{"@context":"https:\/\/schema.org","@graph":[{"@type":"WebPage","@id":"https:\/\/dulonmarine.com\/deckmate-product-categories\/drying-products\/","url":"https:\/\/dulonmarine.com\/deckmate-product-categories\/drying-products\/","name":"Produits de s\u00e9chage - Dulon Marine","isPartOf":{"@id":"https:\/\/dulonmarine.com\/pt\/#website"},"datePublished":"2023-02-08T16:18:32+00:00","dateModified":"2025-11-12T11:05:51+00:00","breadcrumb":{"@id":"https:\/\/dulonmarine.com\/deckmate-product-categories\/drying-products\/#breadcrumb"},"inLanguage":"fr-FR","potentialAction":[{"@type":"ReadAction","target":["https:\/\/dulonmarine.com\/deckmate-product-categories\/drying-products\/"]}]},{"@type":"BreadcrumbList","@id":"https:\/\/dulonmarine.com\/deckmate-product-categories\/drying-products\/#breadcrumb","itemListElement":[{"@type":"ListItem","position":1,"name":"Home","item":"https:\/\/dulonmarine.com\/"},{"@type":"ListItem","position":2,"name":"Deckmate Product categories","item":"https:\/\/dulonmarine.com\/deckmate-product-categories\/"},{"@type":"ListItem","position":3,"name":"Drying Products"}]},{"@type":"WebSite","@id":"https:\/\/dulonmarine.com\/pt\/#website","url":"https:\/\/dulonmarine.com\/pt\/","name":"Dulon Marine","description":"Produits d\u00e9riv\u00e9s pour la vente au d\u00e9tail","publisher":{"@id":"https:\/\/dulonmarine.com\/pt\/#organization"},"potentialAction":[{"@type":"SearchAction","target":{"@type":"EntryPoint","urlTemplate":"https:\/\/dulonmarine.com\/pt\/?s={search_term_string}"},"query-input":{"@type":"PropertyValueSpecification","valueRequired":true,"valueName":"search_term_string"}}],"inLanguage":"fr-FR"},{"@type":"Organization","@id":"https:\/\/dulonmarine.com\/pt\/#organization","name":"Dulon Marine Groupe Deckmate","url":"https:\/\/dulonmarine.com\/pt\/","logo":{"@type":"ImageObject","inLanguage":"fr-FR","@id":"https:\/\/dulonmarine.com\/pt\/#\/schema\/logo\/image\/","url":"http:\/\/dulonmarine.com\/wp-content\/uploads\/2023\/02\/Dulon-Marine-Deckmate-Group-logo-small.png","contentUrl":"http:\/\/dulonmarine.com\/wp-content\/uploads\/2023\/02\/Dulon-Marine-Deckmate-Group-logo-small.png","width":350,"height":150,"caption":"Dulon Marine Deckmate Group"},"image":{"@id":"https:\/\/dulonmarine.com\/pt\/#\/schema\/logo\/image\/"},"sameAs":["https:\/\/www.facebook.com\/dulonmarine?locale=nl_NL","https:\/\/www.instagram.com\/dulonmarinegroup\/"]}]}},"_links":{"self":[{"href":"https:\/\/dulonmarine.com\/fr\/wp-json\/wp\/v2\/pages\/8531","targetHints":{"allow":["GET"]}}],"collection":[{"href":"https:\/\/dulonmarine.com\/fr\/wp-json\/wp\/v2\/pages"}],"about":[{"href":"https:\/\/dulonmarine.com\/fr\/wp-json\/wp\/v2\/types\/page"}],"author":[{"embeddable":true,"href":"https:\/\/dulonmarine.com\/fr\/wp-json\/wp\/v2\/users\/11"}],"replies":[{"embeddable":true,"href":"https:\/\/dulonmarine.com\/fr\/wp-json\/wp\/v2\/comments?post=8531"}],"version-history":[{"count":1,"href":"https:\/\/dulonmarine.com\/fr\/wp-json\/wp\/v2\/pages\/8531\/revisions"}],"predecessor-version":[{"id":9934,"href":"https:\/\/dulonmarine.com\/fr\/wp-json\/wp\/v2\/pages\/8531\/revisions\/9934"}],"up":[{"embeddable":true,"href":"https:\/\/dulonmarine.com\/fr\/wp-json\/wp\/v2\/pages\/8540"}],"wp:attachment":[{"href":"https:\/\/dulonmarine.com\/fr\/wp-json\/wp\/v2\/media?parent=8531"}],"curies":[{"name":"wp","href":"https:\/\/api.w.org\/{rel}","templated":true}]}}