{"id":8534,"date":"2023-02-08T17:18:32","date_gmt":"2023-02-08T16:18:32","guid":{"rendered":"http:\/\/dulonmarine.com\/?page_id=8534"},"modified":"2025-11-12T12:06:02","modified_gmt":"2025-11-12T11:06:02","slug":"brosses","status":"publish","type":"page","link":"https:\/\/dulonmarine.com\/fr\/deckmate-product-categories\/brushes\/","title":{"rendered":"Brosses"},"content":{"rendered":"<div id=\"cs-content\" class=\"cs-content\"><div class=\"x-section e8534-e1 m6l2-0 m6l2-1\"><div class=\"x-row e8534-e2 m6l2-3 m6l2-4 m6l2-5\"><div class=\"x-row-inner\"><div class=\"x-col e8534-e3 m6l2-7\">\n\t\t\t\t<p class=\"rs-p-wp-fix\"><\/p>\n\t\t\t\t<sr7-module data-alias=\"deckmate-washscrub-pagina-2023-1\" data-id=\"38\" id=\"SR7_38_1\" data-version=\"7.0.8\">\n\t\t\t\t\t<sr7-adjuster><\/sr7-adjuster>\n\t\t\t\t\t<sr7-content>\n\t\t\t\t\t\t<sr7-slide id=\"SR7_38_1-44\" data-key=\"44\">\n\t\t\t\t\t\t\t<sr7-bg id=\"SR7_38_1-44-1\" class=\"sr7-layer\"><noscript><img decoding=\"async\" src=\"http:\/\/dulonmarine.com\/wp-content\/uploads\/2024\/10\/Deckmate-Categories-header_0000_Brushes.jpg\" alt=\"\" title=\"Deckmate &#8211; Categories header_0000_Brushes\"><\/noscript><\/sr7-bg>\n\t\t\t\t\t\t\t<sr7-txt id=\"SR7_38_1-44-0\" class=\"sr7-layer\"><span style=\"font-weight: 300 !important\">Brushes<\/span><\/sr7-txt>\n\t\t\t\t\t\t<\/sr7-slide>\n\t\t\t\t\t\t<sr7-slide id=\"SR7_38_1-84\" data-key=\"84\">\n\t\t\t\t\t\t<\/sr7-slide>\n\t\t\t\t\t<\/sr7-content>\n\t\t\t\t\t<image_lists style=\"display:none\">\n\t\t\t\t\t\t<img data-src=\"\/\/dulonmarine.com\/wp-content\/uploads\/2024\/10\/Deckmate-Categories-header_0000_Brushes.jpg\" data-libid=\"9211\" data-lib=\"medialibrary\" title=\"Deckmate &#8211; Categories header_0000_Brushes\" width=\"0\" height=\"0\" data-dbsrc=\"Ly9kdWxvbm1hcmluZS5jb20vd3AtY29udGVudC91cGxvYWRzLzIwMjQvMTAvRGVja21hdGUtQ2F0ZWdvcmllcy1oZWFkZXJfMDAwMF9CcnVzaGVzLmpwZw==\"\/>\n\t\t\t\t\t<\/image_lists>\n\t\t\t\t<\/sr7-module>\n\t\t\t\t<script>\n\t\t\t\t\twindow.SR7??={}; SR7.PMH ??={}; SR7.PMH[\"SR7_38_1\"] = {cn:100,state:false,fn: function() { if (window._tpt!==undefined && window._tpt.prepareModuleHeight !== undefined) {  _tpt.prepareModuleHeight({id:\"SR7_38_1\",el:[700,700,700,700,700],type:'standard',gh:[700,700,700,700,700],gw:[1240,1240,1240,1240,1240],vpt:['-200px'],size:{fullWidth:true, fullHeight:false},mh:'0',onh:0,onw:0,bg:{color:'{\"orig\":\"transparent\",\"type\":\"solid\",\"string\":\"transparent\"}'}});   SR7.PMH[\"SR7_38_1\"].state=true;} else if(SR7.PMH[\"SR7_38_1\"].cn-->0)\tsetTimeout( SR7.PMH[\"SR7_38_1\"].fn,19);}};SR7.PMH[\"SR7_38_1\" ].fn();\n\t\t\t\t<\/script>\n<\/div><\/div><\/div><\/div><div class=\"x-section e8534-e5 m6l2-0 m6l2-2\"><div class=\"x-row x-container max width e8534-e6 m6l2-3 m6l2-4 m6l2-6\"><div class=\"x-row-inner\"><div class=\"x-col e8534-e7 m6l2-7\"><div  class=\"x-raw-content\" ><div class=\"woocommerce columns-3 \"><ul class=\"products columns-3\">\n<li class=\"has-post-thumbnail product type-product post-8479 status-publish first instock product_cat-brushes product_cat-deckmate product_tag-297 taxable shipping-taxable purchasable product-type-simple\">\n\t<div class=\"entry-product\"><div class=\"entry-featured\"><a href=\"https:\/\/dulonmarine.com\/fr\/winkel\/deckmate\/brushes\/sample-product\/deckmate-dm110-extra-soft-brush\/\"><img loading=\"lazy\" decoding=\"async\" width=\"1200\" height=\"1200\" src=\"https:\/\/dulonmarine.com\/wp-content\/uploads\/2023\/02\/110-Deckmate-Brush-extra-soft-Without-packaging-View-from-above-1.jpg\" class=\"attachment-woocommerce_thumbnail size-woocommerce_thumbnail wp-post-image\" alt=\"\" srcset=\"https:\/\/dulonmarine.com\/wp-content\/uploads\/2023\/02\/110-Deckmate-Brush-extra-soft-Without-packaging-View-from-above-1.jpg 1200w, https:\/\/dulonmarine.com\/wp-content\/uploads\/2023\/02\/110-Deckmate-Brush-extra-soft-Without-packaging-View-from-above-1-300x300.jpg 300w, https:\/\/dulonmarine.com\/wp-content\/uploads\/2023\/02\/110-Deckmate-Brush-extra-soft-Without-packaging-View-from-above-1-1024x1024.jpg 1024w, https:\/\/dulonmarine.com\/wp-content\/uploads\/2023\/02\/110-Deckmate-Brush-extra-soft-Without-packaging-View-from-above-1-150x150.jpg 150w, https:\/\/dulonmarine.com\/wp-content\/uploads\/2023\/02\/110-Deckmate-Brush-extra-soft-Without-packaging-View-from-above-1-768x768.jpg 768w, https:\/\/dulonmarine.com\/wp-content\/uploads\/2023\/02\/110-Deckmate-Brush-extra-soft-Without-packaging-View-from-above-1-12x12.jpg 12w, https:\/\/dulonmarine.com\/wp-content\/uploads\/2023\/02\/110-Deckmate-Brush-extra-soft-Without-packaging-View-from-above-1-100x100.jpg 100w, https:\/\/dulonmarine.com\/wp-content\/uploads\/2023\/02\/110-Deckmate-Brush-extra-soft-Without-packaging-View-from-above-1-1031x1031.jpg 1031w\" sizes=\"auto, (max-width: 1200px) 100vw, 1200px\" \/><\/a><\/div><div class=\"entry-wrap\"><header class=\"entry-header\"><h3><a href=\"https:\/\/dulonmarine.com\/fr\/winkel\/deckmate\/brushes\/sample-product\/deckmate-dm110-extra-soft-brush\/\">Deckmate DM110 Extra soft brush<\/a><\/h3>\n\t<span class=\"price\"><span class=\"woocommerce-Price-amount amount\"><bdi><span class=\"woocommerce-Price-currencySymbol\">&euro;<\/span>32.14<\/bdi><\/span><\/span>\n<a href=\"\/fr\/wp-json\/wp\/v2\/pages\/8534?add-to-cart=8479\" aria-describedby=\"woocommerce_loop_add_to_cart_link_describedby_8479\" data-quantity=\"1\" class=\"button product_type_simple add_to_cart_button ajax_add_to_cart\" data-product_id=\"8479\" data-product_sku=\"DM110\" aria-label=\"Ajouter au panier : &quot;Deckmate DM110 Extra soft brush&quot;\" rel=\"nofollow\" data-success_message=\"\u00ab\u00a0Deckmate DM110 Extra soft brush\u00a0\u00bb a \u00e9t\u00e9 ajout\u00e9 \u00e0 votre panier\" role=\"button\">Ajouter au panier<\/a>\t<span id=\"woocommerce_loop_add_to_cart_link_describedby_8479\" class=\"screen-reader-text\">\n\t\t\t<\/span>\n<\/header><\/div><\/div><\/li>\n<li class=\"has-post-thumbnail product type-product post-8485 status-publish instock product_cat-brushes product_cat-deckmate product_tag-298 taxable shipping-taxable purchasable product-type-simple\">\n\t<div class=\"entry-product\"><div class=\"entry-featured\"><a href=\"https:\/\/dulonmarine.com\/fr\/winkel\/deckmate\/brushes\/sample-product\/deckmate-dm120-soft-brush\/\"><img loading=\"lazy\" decoding=\"async\" width=\"1200\" height=\"1200\" src=\"https:\/\/dulonmarine.com\/wp-content\/uploads\/2023\/02\/120-Deckmate-Brush-soft-Without-packaging-View-from-above-1.jpg\" class=\"attachment-woocommerce_thumbnail size-woocommerce_thumbnail wp-post-image\" alt=\"\" srcset=\"https:\/\/dulonmarine.com\/wp-content\/uploads\/2023\/02\/120-Deckmate-Brush-soft-Without-packaging-View-from-above-1.jpg 1200w, https:\/\/dulonmarine.com\/wp-content\/uploads\/2023\/02\/120-Deckmate-Brush-soft-Without-packaging-View-from-above-1-300x300.jpg 300w, https:\/\/dulonmarine.com\/wp-content\/uploads\/2023\/02\/120-Deckmate-Brush-soft-Without-packaging-View-from-above-1-1024x1024.jpg 1024w, https:\/\/dulonmarine.com\/wp-content\/uploads\/2023\/02\/120-Deckmate-Brush-soft-Without-packaging-View-from-above-1-150x150.jpg 150w, https:\/\/dulonmarine.com\/wp-content\/uploads\/2023\/02\/120-Deckmate-Brush-soft-Without-packaging-View-from-above-1-768x768.jpg 768w, https:\/\/dulonmarine.com\/wp-content\/uploads\/2023\/02\/120-Deckmate-Brush-soft-Without-packaging-View-from-above-1-12x12.jpg 12w, https:\/\/dulonmarine.com\/wp-content\/uploads\/2023\/02\/120-Deckmate-Brush-soft-Without-packaging-View-from-above-1-100x100.jpg 100w, https:\/\/dulonmarine.com\/wp-content\/uploads\/2023\/02\/120-Deckmate-Brush-soft-Without-packaging-View-from-above-1-1031x1031.jpg 1031w\" sizes=\"auto, (max-width: 1200px) 100vw, 1200px\" \/><\/a><\/div><div class=\"entry-wrap\"><header class=\"entry-header\"><h3><a href=\"https:\/\/dulonmarine.com\/fr\/winkel\/deckmate\/brushes\/sample-product\/deckmate-dm120-soft-brush\/\">Deckmate DM120 Soft brush<\/a><\/h3>\n\t<span class=\"price\"><span class=\"woocommerce-Price-amount amount\"><bdi><span class=\"woocommerce-Price-currencySymbol\">&euro;<\/span>27.79<\/bdi><\/span><\/span>\n<a href=\"\/fr\/wp-json\/wp\/v2\/pages\/8534?add-to-cart=8485\" aria-describedby=\"woocommerce_loop_add_to_cart_link_describedby_8485\" data-quantity=\"1\" class=\"button product_type_simple add_to_cart_button ajax_add_to_cart\" data-product_id=\"8485\" data-product_sku=\"DM120\" aria-label=\"Ajouter au panier : &quot;Deckmate DM120 Soft brush&quot;\" rel=\"nofollow\" data-success_message=\"\u00ab\u00a0Deckmate DM120 Soft brush\u00a0\u00bb a \u00e9t\u00e9 ajout\u00e9 \u00e0 votre panier\" role=\"button\">Ajouter au panier<\/a>\t<span id=\"woocommerce_loop_add_to_cart_link_describedby_8485\" class=\"screen-reader-text\">\n\t\t\t<\/span>\n<\/header><\/div><\/div><\/li>\n<li class=\"has-post-thumbnail product type-product post-8487 status-publish last instock product_cat-brushes product_cat-deckmate product_tag-296 taxable shipping-taxable purchasable product-type-simple\">\n\t<div class=\"entry-product\"><div class=\"entry-featured\"><a href=\"https:\/\/dulonmarine.com\/fr\/winkel\/deckmate\/brushes\/sample-product\/deckmate-dm130-medium-brush\/\"><img loading=\"lazy\" decoding=\"async\" width=\"1200\" height=\"1200\" src=\"https:\/\/dulonmarine.com\/wp-content\/uploads\/2023\/02\/130-Deckmate-Brush-medium-Without-packaging-View-from-above.jpg\" class=\"attachment-woocommerce_thumbnail size-woocommerce_thumbnail wp-post-image\" alt=\"\" srcset=\"https:\/\/dulonmarine.com\/wp-content\/uploads\/2023\/02\/130-Deckmate-Brush-medium-Without-packaging-View-from-above.jpg 1200w, https:\/\/dulonmarine.com\/wp-content\/uploads\/2023\/02\/130-Deckmate-Brush-medium-Without-packaging-View-from-above-300x300.jpg 300w, https:\/\/dulonmarine.com\/wp-content\/uploads\/2023\/02\/130-Deckmate-Brush-medium-Without-packaging-View-from-above-1024x1024.jpg 1024w, https:\/\/dulonmarine.com\/wp-content\/uploads\/2023\/02\/130-Deckmate-Brush-medium-Without-packaging-View-from-above-150x150.jpg 150w, https:\/\/dulonmarine.com\/wp-content\/uploads\/2023\/02\/130-Deckmate-Brush-medium-Without-packaging-View-from-above-768x768.jpg 768w, https:\/\/dulonmarine.com\/wp-content\/uploads\/2023\/02\/130-Deckmate-Brush-medium-Without-packaging-View-from-above-12x12.jpg 12w, https:\/\/dulonmarine.com\/wp-content\/uploads\/2023\/02\/130-Deckmate-Brush-medium-Without-packaging-View-from-above-100x100.jpg 100w, https:\/\/dulonmarine.com\/wp-content\/uploads\/2023\/02\/130-Deckmate-Brush-medium-Without-packaging-View-from-above-1031x1031.jpg 1031w\" sizes=\"auto, (max-width: 1200px) 100vw, 1200px\" \/><\/a><\/div><div class=\"entry-wrap\"><header class=\"entry-header\"><h3><a href=\"https:\/\/dulonmarine.com\/fr\/winkel\/deckmate\/brushes\/sample-product\/deckmate-dm130-medium-brush\/\">Deckmate DM130 Medium brush<\/a><\/h3>\n\t<span class=\"price\"><span class=\"woocommerce-Price-amount amount\"><bdi><span class=\"woocommerce-Price-currencySymbol\">&euro;<\/span>26.05<\/bdi><\/span><\/span>\n<a href=\"\/fr\/wp-json\/wp\/v2\/pages\/8534?add-to-cart=8487\" aria-describedby=\"woocommerce_loop_add_to_cart_link_describedby_8487\" data-quantity=\"1\" class=\"button product_type_simple add_to_cart_button ajax_add_to_cart\" data-product_id=\"8487\" data-product_sku=\"DM130\" aria-label=\"Ajouter au panier : &quot;Deckmate DM130 Medium brush&quot;\" rel=\"nofollow\" data-success_message=\"\u00ab\u00a0Deckmate DM130 Medium brush\u00a0\u00bb a \u00e9t\u00e9 ajout\u00e9 \u00e0 votre panier\" role=\"button\">Ajouter au panier<\/a>\t<span id=\"woocommerce_loop_add_to_cart_link_describedby_8487\" class=\"screen-reader-text\">\n\t\t\t<\/span>\n<\/header><\/div><\/div><\/li>\n<li class=\"has-post-thumbnail product type-product post-8490 status-publish first instock product_cat-brushes product_cat-deckmate product_tag-295 taxable shipping-taxable purchasable product-type-simple\">\n\t<div class=\"entry-product\"><div class=\"entry-featured\"><a href=\"https:\/\/dulonmarine.com\/fr\/winkel\/deckmate\/brushes\/sample-product\/deckmate-dm140-brush-stiff\/\"><img loading=\"lazy\" decoding=\"async\" width=\"1200\" height=\"1200\" src=\"https:\/\/dulonmarine.com\/wp-content\/uploads\/2023\/02\/140-Deckmate-Brush-hard-Without-packaging-View-from-above-1.jpg\" class=\"attachment-woocommerce_thumbnail size-woocommerce_thumbnail wp-post-image\" alt=\"\" srcset=\"https:\/\/dulonmarine.com\/wp-content\/uploads\/2023\/02\/140-Deckmate-Brush-hard-Without-packaging-View-from-above-1.jpg 1200w, https:\/\/dulonmarine.com\/wp-content\/uploads\/2023\/02\/140-Deckmate-Brush-hard-Without-packaging-View-from-above-1-300x300.jpg 300w, https:\/\/dulonmarine.com\/wp-content\/uploads\/2023\/02\/140-Deckmate-Brush-hard-Without-packaging-View-from-above-1-1024x1024.jpg 1024w, https:\/\/dulonmarine.com\/wp-content\/uploads\/2023\/02\/140-Deckmate-Brush-hard-Without-packaging-View-from-above-1-150x150.jpg 150w, https:\/\/dulonmarine.com\/wp-content\/uploads\/2023\/02\/140-Deckmate-Brush-hard-Without-packaging-View-from-above-1-768x768.jpg 768w, https:\/\/dulonmarine.com\/wp-content\/uploads\/2023\/02\/140-Deckmate-Brush-hard-Without-packaging-View-from-above-1-12x12.jpg 12w, https:\/\/dulonmarine.com\/wp-content\/uploads\/2023\/02\/140-Deckmate-Brush-hard-Without-packaging-View-from-above-1-100x100.jpg 100w, https:\/\/dulonmarine.com\/wp-content\/uploads\/2023\/02\/140-Deckmate-Brush-hard-Without-packaging-View-from-above-1-1031x1031.jpg 1031w\" sizes=\"auto, (max-width: 1200px) 100vw, 1200px\" \/><\/a><\/div><div class=\"entry-wrap\"><header class=\"entry-header\"><h3><a href=\"https:\/\/dulonmarine.com\/fr\/winkel\/deckmate\/brushes\/sample-product\/deckmate-dm140-brush-stiff\/\">Deckmate DM140 Brush stiff<\/a><\/h3>\n\t<span class=\"price\"><span class=\"woocommerce-Price-amount amount\"><bdi><span class=\"woocommerce-Price-currencySymbol\">&euro;<\/span>26.92<\/bdi><\/span><\/span>\n<a href=\"\/fr\/wp-json\/wp\/v2\/pages\/8534?add-to-cart=8490\" aria-describedby=\"woocommerce_loop_add_to_cart_link_describedby_8490\" data-quantity=\"1\" class=\"button product_type_simple add_to_cart_button ajax_add_to_cart\" data-product_id=\"8490\" data-product_sku=\"DM140\" aria-label=\"Ajouter au panier : &quot;Deckmate DM140 Brush stiff&quot;\" rel=\"nofollow\" data-success_message=\"\u00ab\u00a0Deckmate DM140 Brush stiff\u00a0\u00bb a \u00e9t\u00e9 ajout\u00e9 \u00e0 votre panier\" role=\"button\">Ajouter au panier<\/a>\t<span id=\"woocommerce_loop_add_to_cart_link_describedby_8490\" class=\"screen-reader-text\">\n\t\t\t<\/span>\n<\/header><\/div><\/div><\/li>\n<\/ul>\n<\/div><\/div><\/div><\/div><\/div><\/div><\/div>\n","protected":false},"excerpt":{"rendered":"<p>Brosses Deckmate DM110 Brosse extra douce \u20ac32.14 Ajouter au panier Deckmate DM120 Brosse douce \u20ac27.79 Ajouter au panier Deckmate DM130 Medium brush \u20ac26.05 Ajouter au panier Deckmate DM140 Brush stiff \u20ac26,92 Ajouter au panier<\/p>","protected":false},"author":11,"featured_media":0,"parent":8540,"menu_order":0,"comment_status":"closed","ping_status":"closed","template":"template-blank-4.php","meta":{"_acf_changed":false,"om_disable_all_campaigns":false,"rs_blank_template":"","rs_page_bg_color":"","slide_template_v7":"","inline_featured_image":false,"_monsterinsights_skip_tracking":false,"_monsterinsights_sitenote_active":false,"_monsterinsights_sitenote_note":"","_monsterinsights_sitenote_category":0,"footnotes":""},"class_list":["post-8534","page","type-page","status-publish","hentry","no-post-thumbnail"],"acf":[],"yoast_head":"<!-- This site is optimized with the Yoast SEO plugin v27.4 - https:\/\/yoast.com\/product\/yoast-seo-wordpress\/ -->\n<title>Brushes - Dulon Marine<\/title>\n<meta name=\"robots\" content=\"index, follow, max-snippet:-1, max-image-preview:large, max-video-preview:-1\" \/>\n<link rel=\"canonical\" href=\"https:\/\/dulonmarine.com\/fr\/categories-de-produits-deckmate\/brosses\/\" \/>\n<meta property=\"og:locale\" content=\"fr_FR\" \/>\n<meta property=\"og:type\" content=\"article\" \/>\n<meta property=\"og:title\" content=\"Brushes - Dulon Marine\" \/>\n<meta property=\"og:description\" content=\"Brushes Deckmate DM110 Extra soft brush &euro;32.14 Ajouter au panier Deckmate DM120 Soft brush &euro;27.79 Ajouter au panier Deckmate DM130 Medium brush &euro;26.05 Ajouter au panier Deckmate DM140 Brush stiff &euro;26.92 Ajouter au panier\" \/>\n<meta property=\"og:url\" content=\"https:\/\/dulonmarine.com\/fr\/categories-de-produits-deckmate\/brosses\/\" \/>\n<meta property=\"og:site_name\" content=\"Dulon Marine\" \/>\n<meta property=\"article:publisher\" content=\"https:\/\/www.facebook.com\/dulonmarine?locale=nl_NL\" \/>\n<meta property=\"article:modified_time\" content=\"2025-11-12T11:06:02+00:00\" \/>\n<meta name=\"twitter:card\" content=\"summary_large_image\" \/>\n<meta name=\"twitter:label1\" content=\"Dur\u00e9e de lecture estim\u00e9e\" \/>\n\t<meta name=\"twitter:data1\" content=\"3 minutes\" \/>\n<script type=\"application\/ld+json\" class=\"yoast-schema-graph\">{\"@context\":\"https:\\\/\\\/schema.org\",\"@graph\":[{\"@type\":\"WebPage\",\"@id\":\"https:\\\/\\\/dulonmarine.com\\\/deckmate-product-categories\\\/brushes\\\/\",\"url\":\"https:\\\/\\\/dulonmarine.com\\\/deckmate-product-categories\\\/brushes\\\/\",\"name\":\"Brushes - Dulon Marine\",\"isPartOf\":{\"@id\":\"https:\\\/\\\/dulonmarine.com\\\/pt\\\/#website\"},\"datePublished\":\"2023-02-08T16:18:32+00:00\",\"dateModified\":\"2025-11-12T11:06:02+00:00\",\"breadcrumb\":{\"@id\":\"https:\\\/\\\/dulonmarine.com\\\/deckmate-product-categories\\\/brushes\\\/#breadcrumb\"},\"inLanguage\":\"fr-FR\",\"potentialAction\":[{\"@type\":\"ReadAction\",\"target\":[\"https:\\\/\\\/dulonmarine.com\\\/deckmate-product-categories\\\/brushes\\\/\"]}]},{\"@type\":\"BreadcrumbList\",\"@id\":\"https:\\\/\\\/dulonmarine.com\\\/deckmate-product-categories\\\/brushes\\\/#breadcrumb\",\"itemListElement\":[{\"@type\":\"ListItem\",\"position\":1,\"name\":\"Home\",\"item\":\"https:\\\/\\\/dulonmarine.com\\\/\"},{\"@type\":\"ListItem\",\"position\":2,\"name\":\"Deckmate Product categories\",\"item\":\"https:\\\/\\\/dulonmarine.com\\\/deckmate-product-categories\\\/\"},{\"@type\":\"ListItem\",\"position\":3,\"name\":\"Brushes\"}]},{\"@type\":\"WebSite\",\"@id\":\"https:\\\/\\\/dulonmarine.com\\\/pt\\\/#website\",\"url\":\"https:\\\/\\\/dulonmarine.com\\\/pt\\\/\",\"name\":\"Dulon Marine\",\"description\":\"Onderhoudsproducten voor de scheepvaart\",\"publisher\":{\"@id\":\"https:\\\/\\\/dulonmarine.com\\\/pt\\\/#organization\"},\"potentialAction\":[{\"@type\":\"SearchAction\",\"target\":{\"@type\":\"EntryPoint\",\"urlTemplate\":\"https:\\\/\\\/dulonmarine.com\\\/pt\\\/?s={search_term_string}\"},\"query-input\":{\"@type\":\"PropertyValueSpecification\",\"valueRequired\":true,\"valueName\":\"search_term_string\"}}],\"inLanguage\":\"fr-FR\"},{\"@type\":\"Organization\",\"@id\":\"https:\\\/\\\/dulonmarine.com\\\/pt\\\/#organization\",\"name\":\"Dulon Marine Deckmate Group\",\"url\":\"https:\\\/\\\/dulonmarine.com\\\/pt\\\/\",\"logo\":{\"@type\":\"ImageObject\",\"inLanguage\":\"fr-FR\",\"@id\":\"https:\\\/\\\/dulonmarine.com\\\/pt\\\/#\\\/schema\\\/logo\\\/image\\\/\",\"url\":\"http:\\\/\\\/dulonmarine.com\\\/wp-content\\\/uploads\\\/2023\\\/02\\\/Dulon-Marine-Deckmate-Group-logo-small.png\",\"contentUrl\":\"http:\\\/\\\/dulonmarine.com\\\/wp-content\\\/uploads\\\/2023\\\/02\\\/Dulon-Marine-Deckmate-Group-logo-small.png\",\"width\":350,\"height\":150,\"caption\":\"Dulon Marine Deckmate Group\"},\"image\":{\"@id\":\"https:\\\/\\\/dulonmarine.com\\\/pt\\\/#\\\/schema\\\/logo\\\/image\\\/\"},\"sameAs\":[\"https:\\\/\\\/www.facebook.com\\\/dulonmarine?locale=nl_NL\",\"https:\\\/\\\/www.instagram.com\\\/dulonmarinegroup\\\/\"]}]}<\/script>\n<!-- \/ Yoast SEO plugin. -->","yoast_head_json":{"title":"Brosses - Dulon Marine","robots":{"index":"index","follow":"follow","max-snippet":"max-snippet:-1","max-image-preview":"max-image-preview:large","max-video-preview":"max-video-preview:-1"},"canonical":"https:\/\/dulonmarine.com\/fr\/categories-de-produits-deckmate\/brosses\/","og_locale":"fr_FR","og_type":"article","og_title":"Brushes - Dulon Marine","og_description":"Brushes Deckmate DM110 Extra soft brush &euro;32.14 Ajouter au panier Deckmate DM120 Soft brush &euro;27.79 Ajouter au panier Deckmate DM130 Medium brush &euro;26.05 Ajouter au panier Deckmate DM140 Brush stiff &euro;26.92 Ajouter au panier","og_url":"https:\/\/dulonmarine.com\/fr\/categories-de-produits-deckmate\/brosses\/","og_site_name":"Dulon Marine","article_publisher":"https:\/\/www.facebook.com\/dulonmarine?locale=nl_NL","article_modified_time":"2025-11-12T11:06:02+00:00","twitter_card":"summary_large_image","twitter_misc":{"Dur\u00e9e de lecture estim\u00e9e":"3 minutes"},"schema":{"@context":"https:\/\/schema.org","@graph":[{"@type":"WebPage","@id":"https:\/\/dulonmarine.com\/deckmate-product-categories\/brushes\/","url":"https:\/\/dulonmarine.com\/deckmate-product-categories\/brushes\/","name":"Brosses - Dulon Marine","isPartOf":{"@id":"https:\/\/dulonmarine.com\/pt\/#website"},"datePublished":"2023-02-08T16:18:32+00:00","dateModified":"2025-11-12T11:06:02+00:00","breadcrumb":{"@id":"https:\/\/dulonmarine.com\/deckmate-product-categories\/brushes\/#breadcrumb"},"inLanguage":"fr-FR","potentialAction":[{"@type":"ReadAction","target":["https:\/\/dulonmarine.com\/deckmate-product-categories\/brushes\/"]}]},{"@type":"BreadcrumbList","@id":"https:\/\/dulonmarine.com\/deckmate-product-categories\/brushes\/#breadcrumb","itemListElement":[{"@type":"ListItem","position":1,"name":"Home","item":"https:\/\/dulonmarine.com\/"},{"@type":"ListItem","position":2,"name":"Deckmate Product categories","item":"https:\/\/dulonmarine.com\/deckmate-product-categories\/"},{"@type":"ListItem","position":3,"name":"Brushes"}]},{"@type":"WebSite","@id":"https:\/\/dulonmarine.com\/pt\/#website","url":"https:\/\/dulonmarine.com\/pt\/","name":"Dulon Marine","description":"Produits d\u00e9riv\u00e9s pour la vente au d\u00e9tail","publisher":{"@id":"https:\/\/dulonmarine.com\/pt\/#organization"},"potentialAction":[{"@type":"SearchAction","target":{"@type":"EntryPoint","urlTemplate":"https:\/\/dulonmarine.com\/pt\/?s={search_term_string}"},"query-input":{"@type":"PropertyValueSpecification","valueRequired":true,"valueName":"search_term_string"}}],"inLanguage":"fr-FR"},{"@type":"Organization","@id":"https:\/\/dulonmarine.com\/pt\/#organization","name":"Dulon Marine Groupe Deckmate","url":"https:\/\/dulonmarine.com\/pt\/","logo":{"@type":"ImageObject","inLanguage":"fr-FR","@id":"https:\/\/dulonmarine.com\/pt\/#\/schema\/logo\/image\/","url":"http:\/\/dulonmarine.com\/wp-content\/uploads\/2023\/02\/Dulon-Marine-Deckmate-Group-logo-small.png","contentUrl":"http:\/\/dulonmarine.com\/wp-content\/uploads\/2023\/02\/Dulon-Marine-Deckmate-Group-logo-small.png","width":350,"height":150,"caption":"Dulon Marine Deckmate Group"},"image":{"@id":"https:\/\/dulonmarine.com\/pt\/#\/schema\/logo\/image\/"},"sameAs":["https:\/\/www.facebook.com\/dulonmarine?locale=nl_NL","https:\/\/www.instagram.com\/dulonmarinegroup\/"]}]}},"_links":{"self":[{"href":"https:\/\/dulonmarine.com\/fr\/wp-json\/wp\/v2\/pages\/8534","targetHints":{"allow":["GET"]}}],"collection":[{"href":"https:\/\/dulonmarine.com\/fr\/wp-json\/wp\/v2\/pages"}],"about":[{"href":"https:\/\/dulonmarine.com\/fr\/wp-json\/wp\/v2\/types\/page"}],"author":[{"embeddable":true,"href":"https:\/\/dulonmarine.com\/fr\/wp-json\/wp\/v2\/users\/11"}],"replies":[{"embeddable":true,"href":"https:\/\/dulonmarine.com\/fr\/wp-json\/wp\/v2\/comments?post=8534"}],"version-history":[{"count":1,"href":"https:\/\/dulonmarine.com\/fr\/wp-json\/wp\/v2\/pages\/8534\/revisions"}],"predecessor-version":[{"id":9935,"href":"https:\/\/dulonmarine.com\/fr\/wp-json\/wp\/v2\/pages\/8534\/revisions\/9935"}],"up":[{"embeddable":true,"href":"https:\/\/dulonmarine.com\/fr\/wp-json\/wp\/v2\/pages\/8540"}],"wp:attachment":[{"href":"https:\/\/dulonmarine.com\/fr\/wp-json\/wp\/v2\/media?parent=8534"}],"curies":[{"name":"wp","href":"https:\/\/api.w.org\/{rel}","templated":true}]}}