{"id":9429,"date":"2024-10-17T15:32:28","date_gmt":"2024-10-17T14:32:28","guid":{"rendered":"http:\/\/dulonmarine.com\/?page_id=9429"},"modified":"2025-06-19T14:53:53","modified_gmt":"2025-06-19T13:53:53","slug":"details-du-sechage","status":"publish","type":"page","link":"https:\/\/dulonmarine.com\/fr\/deckmate\/drying-details\/","title":{"rendered":"S\u00e9chage \u2013 D\u00e9tails"},"content":{"rendered":"<div id=\"cs-content\" class=\"cs-content\"><div class=\"x-section e9429-e1 m79x-0 m79x-1\"><div class=\"x-bg\" aria-hidden=\"true\"><div class=\"x-bg-layer-lower-image\"><\/div><\/div><div class=\"x-row x-container max width e9429-e2 m79x-f m79x-g m79x-j m79x-k\"><div class=\"x-row-inner\"><div class=\"x-col e9429-e3 m79x-w m79x-x m79x-y\"><h1  class=\"h-custom-headline h1\" style=\"color: hsl(0, 0%, 100%);margin-top:10px; margin-left:20px; margin-bottom:5px;\"><span>S\u00c9CHAGE<\/span><\/h1><\/div><div class=\"x-col x-hide-sm x-hide-xs e9429-e5 m79x-w m79x-y\"><hr  class=\"x-gap\" style=\"margin: 1px 0 0 0;\"><\/div><\/div><\/div><div class=\"x-row x-container max width e9429-e7 m79x-f m79x-g m79x-j m79x-l\"><div class=\"x-row-inner\"><div class=\"x-col e9429-e8 m79x-w m79x-y m79x-z\"><div id=\"\" class=\"x-text\" style=\"color:#fff;  margin-top:0px; margin-left:20px;\" ><p>PAR DECKMATE<\/p>\n<\/div><\/div><div class=\"x-col e9429-e10 m79x-w m79x-y\"><hr  class=\"x-gap\" style=\"margin: 1px 0 0 0;\"><\/div><\/div><\/div><div class=\"x-row x-container max width e9429-e12 m79x-f m79x-h m79x-m m79x-n\"><div class=\"x-row-inner\"><div class=\"x-col e9429-e13 m79x-w m79x-10\"><a class=\"x-anchor x-anchor-button e9429-e14 m79x-11\" tabindex=\"0\" href=\"http:\/\/dulonmarine.com\/fr\/categories-de-produits-deckmate\/produits-de-sechage\/\"><div class=\"x-anchor-content\"><div class=\"x-anchor-text\"><span class=\"x-anchor-text-primary\">Tous les produits de s\u00e9chage<\/span><\/div><\/div><\/a><\/div><\/div><\/div><\/div><div class=\"x-section e9429-e15 m79x-1 m79x-2 m79x-3 m79x-4 m79x-5\"><div class=\"x-bg\" aria-hidden=\"true\"><div class=\"x-bg-layer-lower-image\" data-x-element-bg-layer=\"{&quot;parallaxSize&quot;:&quot;150%&quot;,&quot;parallaxDir&quot;:&quot;v&quot;,&quot;parallaxRev&quot;:false}\"><\/div><\/div><div class=\"x-row x-container max width e9429-e16 m79x-f m79x-h m79x-i m79x-m m79x-o\"><div class=\"x-row-inner\"><div class=\"x-col e9429-e17 m79x-w m79x-10\"><a class=\"x-anchor x-anchor-button e9429-e18 m79x-11\" tabindex=\"0\" href=\"http:\/\/dulonmarine.com\/fr\/winkel\/matelot\/produits-de-sechage\/echantillon-de-produit\/lame-deau-flexible-deckmate-dm310\/\"><div class=\"x-anchor-content\"><div class=\"x-anchor-text\"><span class=\"x-anchor-text-primary\">Lame flexible pour l'eau<\/span><\/div><\/div><\/a><\/div><\/div><\/div><\/div><div class=\"x-section e9429-e19 m79x-1 m79x-2 m79x-3 m79x-5 m79x-6\"><div class=\"x-bg\" aria-hidden=\"true\"><div class=\"x-bg-layer-lower-image\" data-x-element-bg-layer=\"{&quot;parallaxSize&quot;:&quot;150%&quot;,&quot;parallaxDir&quot;:&quot;v&quot;,&quot;parallaxRev&quot;:false}\"><\/div><\/div><div class=\"x-row x-container max width e9429-e20 m79x-f m79x-h m79x-i m79x-m m79x-p\"><div class=\"x-row-inner\"><div class=\"x-col e9429-e21 m79x-w m79x-10\"><a class=\"x-anchor x-anchor-button e9429-e22 m79x-11\" tabindex=\"0\" href=\"http:\/\/dulonmarine.com\/fr\/winkel\/matelot\/produits-de-sechage\/echantillon-de-produit\/deckmate-dm315-maxiblade\/\"><div class=\"x-anchor-content\"><div class=\"x-anchor-text\"><span class=\"x-anchor-text-primary\">Maxiblade<\/span><\/div><\/div><\/a><\/div><\/div><\/div><\/div><div class=\"x-section e9429-e23 m79x-1 m79x-2 m79x-3 m79x-7 m79x-8\"><div class=\"x-bg\" aria-hidden=\"true\"><div class=\"x-bg-layer-lower-image\" data-x-element-bg-layer=\"{&quot;parallaxSize&quot;:&quot;150%&quot;,&quot;parallaxDir&quot;:&quot;v&quot;,&quot;parallaxRev&quot;:false}\"><\/div><\/div><div class=\"x-row x-container max width e9429-e24 m79x-f m79x-h m79x-i m79x-m m79x-q\"><div class=\"x-row-inner\"><div class=\"x-col e9429-e25 m79x-w m79x-10\"><a class=\"x-anchor x-anchor-button e9429-e26 m79x-11\" tabindex=\"0\" href=\"https:\/\/dulonmarine.com\/fr\/winkel\/matelot\/produits-de-sechage\/echantillon-de-produit\/deckmate-dm725-coral-fleece-multi-towel\/\"><div class=\"x-anchor-content\"><div class=\"x-anchor-text\"><span class=\"x-anchor-text-primary\">Serviette multifonctionnelle en polaire corail<\/span><\/div><\/div><\/a><\/div><\/div><\/div><\/div><div class=\"x-section e9429-e27 m79x-1 m79x-2 m79x-3 m79x-8 m79x-9\"><div class=\"x-bg\" aria-hidden=\"true\"><div class=\"x-bg-layer-lower-image\" data-x-element-bg-layer=\"{&quot;parallaxSize&quot;:&quot;150%&quot;,&quot;parallaxDir&quot;:&quot;v&quot;,&quot;parallaxRev&quot;:false}\"><\/div><\/div><div class=\"x-row x-container max width e9429-e28 m79x-f m79x-h m79x-i m79x-m m79x-r\"><div class=\"x-row-inner\"><div class=\"x-col e9429-e29 m79x-w m79x-10\"><a class=\"x-anchor x-anchor-button e9429-e30 m79x-11\" tabindex=\"0\" href=\"http:\/\/dulonmarine.com\/fr\/winkel\/matelot\/produits-de-sechage\/echantillon-de-produit\/deckmate-dm321-pva-serviette-de-sechage-budget\/\"><div class=\"x-anchor-content\"><div class=\"x-anchor-text\"><span class=\"x-anchor-text-primary\">Budget pour les serviettes de bain<\/span><\/div><\/div><\/a><\/div><\/div><\/div><\/div><div class=\"x-section e9429-e31 m79x-1 m79x-2 m79x-3 m79x-a m79x-b\"><div class=\"x-bg\" aria-hidden=\"true\"><div class=\"x-bg-layer-lower-image\" data-x-element-bg-layer=\"{&quot;parallaxSize&quot;:&quot;150%&quot;,&quot;parallaxDir&quot;:&quot;v&quot;,&quot;parallaxRev&quot;:false}\"><\/div><\/div><div class=\"x-row x-container max width e9429-e32 m79x-f m79x-h m79x-i m79x-m m79x-s\"><div class=\"x-row-inner\"><div class=\"x-col e9429-e33 m79x-w m79x-10\"><a class=\"x-anchor x-anchor-button e9429-e34 m79x-11\" tabindex=\"0\" href=\"https:\/\/dulonmarine.com\/fr\/winkel\/matelot\/produits-de-sechage\/echantillon-de-produit\/dm333-chamois-a-sechage-excellent\/?preview=true\"><div class=\"x-anchor-content\"><div class=\"x-anchor-text\"><span class=\"x-anchor-text-primary\">S\u00e9chage des peaux de chamois<\/span><\/div><\/div><\/a><\/div><\/div><\/div><\/div><div class=\"x-section e9429-e35 m79x-1 m79x-2 m79x-3 m79x-b m79x-c\"><div class=\"x-bg\" aria-hidden=\"true\"><div class=\"x-bg-layer-lower-image\" data-x-element-bg-layer=\"{&quot;parallaxSize&quot;:&quot;150%&quot;,&quot;parallaxDir&quot;:&quot;v&quot;,&quot;parallaxRev&quot;:false}\"><\/div><\/div><div class=\"x-row x-container max width e9429-e36 m79x-f m79x-h m79x-i m79x-m m79x-t\"><div class=\"x-row-inner\"><div class=\"x-col e9429-e37 m79x-w m79x-10\"><a class=\"x-anchor x-anchor-button e9429-e38 m79x-11\" tabindex=\"0\" href=\"http:\/\/dulonmarine.com\/fr\/winkel\/matelot\/produits-de-sechage\/echantillon-de-produit\/deckmate-dm320-pva-serviette-de-sechage-premium\/\"><div class=\"x-anchor-content\"><div class=\"x-anchor-text\"><span class=\"x-anchor-text-primary\">Serviette de s\u00e9chage haut de gamme<\/span><\/div><\/div><\/a><\/div><\/div><\/div><\/div><div class=\"x-section e9429-e39 m79x-1 m79x-2 m79x-3 m79x-d\"><div class=\"x-bg\" aria-hidden=\"true\"><div class=\"x-bg-layer-lower-image\" data-x-element-bg-layer=\"{&quot;parallaxSize&quot;:&quot;150%&quot;,&quot;parallaxDir&quot;:&quot;v&quot;,&quot;parallaxRev&quot;:false}\"><\/div><\/div><div class=\"x-row x-container max width e9429-e40 m79x-f m79x-h m79x-i m79x-m m79x-u\"><div class=\"x-row-inner\"><div class=\"x-col e9429-e41 m79x-w m79x-10\"><a class=\"x-anchor x-anchor-button e9429-e42 m79x-11\" tabindex=\"0\" href=\"http:\/\/dulonmarine.com\/fr\/winkel\/matelot\/produits-de-sechage\/echantillon-de-produit\/deckmate-dm330-excellent-mop-de-sechage\/\"><div class=\"x-anchor-content\"><div class=\"x-anchor-text\"><span class=\"x-anchor-text-primary\">Excellent balai \u00e0 franges s\u00e9chant<\/span><\/div><\/div><\/a><\/div><\/div><\/div><\/div><div class=\"x-section e9429-e43 m79x-1 m79x-2 m79x-e\"><div class=\"x-bg\" aria-hidden=\"true\"><div class=\"x-bg-layer-lower-image\" data-x-element-bg-layer=\"{&quot;parallaxSize&quot;:&quot;150%&quot;,&quot;parallaxDir&quot;:&quot;v&quot;,&quot;parallaxRev&quot;:false}\"><\/div><\/div><div class=\"x-row x-container max width e9429-e44 m79x-f m79x-h m79x-i m79x-m m79x-v\"><div class=\"x-row-inner\"><div class=\"x-col e9429-e45 m79x-w m79x-10\"><h2  class=\"h-custom-headline h1\" style=\"color: hsl(0, 0%, 100%);margin-top:0px; text-shadow: 2px 2px 22px  hsla(0, 0%, 0%, 0.5);\"><span>D\u00c9COUVREZ NOS PRODUITS DE S\u00c9CHAGE<\/span><\/h2><a class=\"x-anchor x-anchor-button e9429-e47 m79x-11\" tabindex=\"0\" href=\"http:\/\/dulonmarine.com\/fr\/categories-de-produits-deckmate\/produits-de-sechage\/\"><div class=\"x-anchor-content\"><div class=\"x-anchor-text\"><span class=\"x-anchor-text-primary\">Tous les produits de s\u00e9chage<\/span><\/div><\/div><\/a><\/div><\/div><\/div><\/div><\/div>","protected":false},"excerpt":{"rendered":"<p>S\u00c9CHAGE PAR DECKMATE Tous les produits de s\u00e9chageRaclette flexibleMaxibladeServiette multi-usage en polaire corailServiette de s\u00e9chage \u00e9conomiquePeau de chamois de s\u00e9chageServiette de s\u00e9chage haut de gammeExcellent balai \u00e0 franges de s\u00e9chageD\u00c9COUVREZ NOS PRODUITS DE S\u00c9CHAGETous les produits de s\u00e9chage<\/p>","protected":false},"author":11,"featured_media":0,"parent":8548,"menu_order":0,"comment_status":"closed","ping_status":"closed","template":"template-blank-4.php","meta":{"_acf_changed":false,"om_disable_all_campaigns":false,"rs_blank_template":"","rs_page_bg_color":"","slide_template_v7":"","inline_featured_image":false,"_monsterinsights_skip_tracking":false,"_monsterinsights_sitenote_active":false,"_monsterinsights_sitenote_note":"","_monsterinsights_sitenote_category":0,"footnotes":""},"class_list":["post-9429","page","type-page","status-publish","hentry","no-post-thumbnail"],"acf":[],"yoast_head":"<!-- This site is optimized with the Yoast SEO plugin v27.4 - https:\/\/yoast.com\/product\/yoast-seo-wordpress\/ -->\n<title>Drying - Details - Dulon Marine<\/title>\n<meta name=\"robots\" content=\"index, follow, max-snippet:-1, max-image-preview:large, max-video-preview:-1\" \/>\n<link rel=\"canonical\" href=\"https:\/\/dulonmarine.com\/fr\/matelot\/details-du-sechage\/\" \/>\n<meta property=\"og:locale\" content=\"fr_FR\" \/>\n<meta property=\"og:type\" content=\"article\" \/>\n<meta property=\"og:title\" content=\"Drying - Details - Dulon Marine\" \/>\n<meta property=\"og:description\" content=\"DRYINGBY DECKMATE All drying productsFlexible water bladeMaxibladeCoral Fleece Multi TowelDrying towel budgetDrying chamoisDrying towel premiumExcellent drying mopCHECK OUT OUR DRYING PRODUCTSAll drying products\" \/>\n<meta property=\"og:url\" content=\"https:\/\/dulonmarine.com\/fr\/matelot\/details-du-sechage\/\" \/>\n<meta property=\"og:site_name\" content=\"Dulon Marine\" \/>\n<meta property=\"article:publisher\" content=\"https:\/\/www.facebook.com\/dulonmarine?locale=nl_NL\" \/>\n<meta property=\"article:modified_time\" content=\"2025-06-19T13:53:53+00:00\" \/>\n<meta name=\"twitter:card\" content=\"summary_large_image\" \/>\n<meta name=\"twitter:label1\" content=\"Dur\u00e9e de lecture estim\u00e9e\" \/>\n\t<meta name=\"twitter:data1\" content=\"1 minute\" \/>\n<script type=\"application\/ld+json\" class=\"yoast-schema-graph\">{\"@context\":\"https:\\\/\\\/schema.org\",\"@graph\":[{\"@type\":\"WebPage\",\"@id\":\"https:\\\/\\\/dulonmarine.com\\\/deckmate\\\/drying-details\\\/\",\"url\":\"https:\\\/\\\/dulonmarine.com\\\/deckmate\\\/drying-details\\\/\",\"name\":\"Drying - Details - Dulon Marine\",\"isPartOf\":{\"@id\":\"https:\\\/\\\/dulonmarine.com\\\/pt\\\/#website\"},\"datePublished\":\"2024-10-17T14:32:28+00:00\",\"dateModified\":\"2025-06-19T13:53:53+00:00\",\"breadcrumb\":{\"@id\":\"https:\\\/\\\/dulonmarine.com\\\/deckmate\\\/drying-details\\\/#breadcrumb\"},\"inLanguage\":\"fr-FR\",\"potentialAction\":[{\"@type\":\"ReadAction\",\"target\":[\"https:\\\/\\\/dulonmarine.com\\\/deckmate\\\/drying-details\\\/\"]}]},{\"@type\":\"BreadcrumbList\",\"@id\":\"https:\\\/\\\/dulonmarine.com\\\/deckmate\\\/drying-details\\\/#breadcrumb\",\"itemListElement\":[{\"@type\":\"ListItem\",\"position\":1,\"name\":\"Home\",\"item\":\"https:\\\/\\\/dulonmarine.com\\\/\"},{\"@type\":\"ListItem\",\"position\":2,\"name\":\"Deckmate\",\"item\":\"https:\\\/\\\/dulonmarine.com\\\/deckmate\\\/\"},{\"@type\":\"ListItem\",\"position\":3,\"name\":\"Drying &#8211; Details\"}]},{\"@type\":\"WebSite\",\"@id\":\"https:\\\/\\\/dulonmarine.com\\\/pt\\\/#website\",\"url\":\"https:\\\/\\\/dulonmarine.com\\\/pt\\\/\",\"name\":\"Dulon Marine\",\"description\":\"Onderhoudsproducten voor de scheepvaart\",\"publisher\":{\"@id\":\"https:\\\/\\\/dulonmarine.com\\\/pt\\\/#organization\"},\"potentialAction\":[{\"@type\":\"SearchAction\",\"target\":{\"@type\":\"EntryPoint\",\"urlTemplate\":\"https:\\\/\\\/dulonmarine.com\\\/pt\\\/?s={search_term_string}\"},\"query-input\":{\"@type\":\"PropertyValueSpecification\",\"valueRequired\":true,\"valueName\":\"search_term_string\"}}],\"inLanguage\":\"fr-FR\"},{\"@type\":\"Organization\",\"@id\":\"https:\\\/\\\/dulonmarine.com\\\/pt\\\/#organization\",\"name\":\"Dulon Marine Deckmate Group\",\"url\":\"https:\\\/\\\/dulonmarine.com\\\/pt\\\/\",\"logo\":{\"@type\":\"ImageObject\",\"inLanguage\":\"fr-FR\",\"@id\":\"https:\\\/\\\/dulonmarine.com\\\/pt\\\/#\\\/schema\\\/logo\\\/image\\\/\",\"url\":\"http:\\\/\\\/dulonmarine.com\\\/wp-content\\\/uploads\\\/2023\\\/02\\\/Dulon-Marine-Deckmate-Group-logo-small.png\",\"contentUrl\":\"http:\\\/\\\/dulonmarine.com\\\/wp-content\\\/uploads\\\/2023\\\/02\\\/Dulon-Marine-Deckmate-Group-logo-small.png\",\"width\":350,\"height\":150,\"caption\":\"Dulon Marine Deckmate Group\"},\"image\":{\"@id\":\"https:\\\/\\\/dulonmarine.com\\\/pt\\\/#\\\/schema\\\/logo\\\/image\\\/\"},\"sameAs\":[\"https:\\\/\\\/www.facebook.com\\\/dulonmarine?locale=nl_NL\",\"https:\\\/\\\/www.instagram.com\\\/dulonmarinegroup\\\/\"]}]}<\/script>\n<!-- \/ Yoast SEO plugin. -->","yoast_head_json":{"title":"S\u00e9chage - D\u00e9tails - Dulon Marine","robots":{"index":"index","follow":"follow","max-snippet":"max-snippet:-1","max-image-preview":"max-image-preview:large","max-video-preview":"max-video-preview:-1"},"canonical":"https:\/\/dulonmarine.com\/fr\/matelot\/details-du-sechage\/","og_locale":"fr_FR","og_type":"article","og_title":"Drying - Details - Dulon Marine","og_description":"DRYINGBY DECKMATE All drying productsFlexible water bladeMaxibladeCoral Fleece Multi TowelDrying towel budgetDrying chamoisDrying towel premiumExcellent drying mopCHECK OUT OUR DRYING PRODUCTSAll drying products","og_url":"https:\/\/dulonmarine.com\/fr\/matelot\/details-du-sechage\/","og_site_name":"Dulon Marine","article_publisher":"https:\/\/www.facebook.com\/dulonmarine?locale=nl_NL","article_modified_time":"2025-06-19T13:53:53+00:00","twitter_card":"summary_large_image","twitter_misc":{"Dur\u00e9e de lecture estim\u00e9e":"1 minute"},"schema":{"@context":"https:\/\/schema.org","@graph":[{"@type":"WebPage","@id":"https:\/\/dulonmarine.com\/deckmate\/drying-details\/","url":"https:\/\/dulonmarine.com\/deckmate\/drying-details\/","name":"S\u00e9chage - D\u00e9tails - Dulon Marine","isPartOf":{"@id":"https:\/\/dulonmarine.com\/pt\/#website"},"datePublished":"2024-10-17T14:32:28+00:00","dateModified":"2025-06-19T13:53:53+00:00","breadcrumb":{"@id":"https:\/\/dulonmarine.com\/deckmate\/drying-details\/#breadcrumb"},"inLanguage":"fr-FR","potentialAction":[{"@type":"ReadAction","target":["https:\/\/dulonmarine.com\/deckmate\/drying-details\/"]}]},{"@type":"BreadcrumbList","@id":"https:\/\/dulonmarine.com\/deckmate\/drying-details\/#breadcrumb","itemListElement":[{"@type":"ListItem","position":1,"name":"Home","item":"https:\/\/dulonmarine.com\/"},{"@type":"ListItem","position":2,"name":"Deckmate","item":"https:\/\/dulonmarine.com\/deckmate\/"},{"@type":"ListItem","position":3,"name":"Drying &#8211; Details"}]},{"@type":"WebSite","@id":"https:\/\/dulonmarine.com\/pt\/#website","url":"https:\/\/dulonmarine.com\/pt\/","name":"Dulon Marine","description":"Produits d\u00e9riv\u00e9s pour la vente au d\u00e9tail","publisher":{"@id":"https:\/\/dulonmarine.com\/pt\/#organization"},"potentialAction":[{"@type":"SearchAction","target":{"@type":"EntryPoint","urlTemplate":"https:\/\/dulonmarine.com\/pt\/?s={search_term_string}"},"query-input":{"@type":"PropertyValueSpecification","valueRequired":true,"valueName":"search_term_string"}}],"inLanguage":"fr-FR"},{"@type":"Organization","@id":"https:\/\/dulonmarine.com\/pt\/#organization","name":"Dulon Marine Groupe Deckmate","url":"https:\/\/dulonmarine.com\/pt\/","logo":{"@type":"ImageObject","inLanguage":"fr-FR","@id":"https:\/\/dulonmarine.com\/pt\/#\/schema\/logo\/image\/","url":"http:\/\/dulonmarine.com\/wp-content\/uploads\/2023\/02\/Dulon-Marine-Deckmate-Group-logo-small.png","contentUrl":"http:\/\/dulonmarine.com\/wp-content\/uploads\/2023\/02\/Dulon-Marine-Deckmate-Group-logo-small.png","width":350,"height":150,"caption":"Dulon Marine Deckmate Group"},"image":{"@id":"https:\/\/dulonmarine.com\/pt\/#\/schema\/logo\/image\/"},"sameAs":["https:\/\/www.facebook.com\/dulonmarine?locale=nl_NL","https:\/\/www.instagram.com\/dulonmarinegroup\/"]}]}},"_links":{"self":[{"href":"https:\/\/dulonmarine.com\/fr\/wp-json\/wp\/v2\/pages\/9429","targetHints":{"allow":["GET"]}}],"collection":[{"href":"https:\/\/dulonmarine.com\/fr\/wp-json\/wp\/v2\/pages"}],"about":[{"href":"https:\/\/dulonmarine.com\/fr\/wp-json\/wp\/v2\/types\/page"}],"author":[{"embeddable":true,"href":"https:\/\/dulonmarine.com\/fr\/wp-json\/wp\/v2\/users\/11"}],"replies":[{"embeddable":true,"href":"https:\/\/dulonmarine.com\/fr\/wp-json\/wp\/v2\/comments?post=9429"}],"version-history":[{"count":3,"href":"https:\/\/dulonmarine.com\/fr\/wp-json\/wp\/v2\/pages\/9429\/revisions"}],"predecessor-version":[{"id":9867,"href":"https:\/\/dulonmarine.com\/fr\/wp-json\/wp\/v2\/pages\/9429\/revisions\/9867"}],"up":[{"embeddable":true,"href":"https:\/\/dulonmarine.com\/fr\/wp-json\/wp\/v2\/pages\/8548"}],"wp:attachment":[{"href":"https:\/\/dulonmarine.com\/fr\/wp-json\/wp\/v2\/media?parent=9429"}],"curies":[{"name":"wp","href":"https:\/\/api.w.org\/{rel}","templated":true}]}}