{"id":9445,"date":"2024-10-30T14:45:43","date_gmt":"2024-10-30T13:45:43","guid":{"rendered":"http:\/\/dulonmarine.com\/?page_id=9445"},"modified":"2024-10-31T13:41:32","modified_gmt":"2024-10-31T12:41:32","slug":"details-generaux","status":"publish","type":"page","link":"https:\/\/dulonmarine.com\/fr\/general-details\/","title":{"rendered":"G\u00e9n\u00e9ralit\u00e9s \u2013 D\u00e9tails"},"content":{"rendered":"<div id=\"cs-content\" class=\"cs-content\"><div class=\"x-section e9445-e1 m7ad-0 m7ad-1 m7ad-2 m7ad-3\"><div class=\"x-bg\" aria-hidden=\"true\"><div class=\"x-bg-layer-lower-image\"><\/div><\/div><div class=\"x-row x-container max width e9445-e2 m7ad-8 m7ad-9 m7ad-h m7ad-i\"><div class=\"x-row-inner\"><div class=\"x-col e9445-e3 m7ad-r m7ad-s m7ad-t m7ad-u\"><h1  class=\"h-custom-headline h1\" style=\"color: hsl(0, 0%, 100%);margin-top:10px; margin-left:20px; margin-bottom:5px;\"><span>Soins g\u00e9n\u00e9raux<\/span><\/h1><\/div><div class=\"x-col x-hide-sm x-hide-xs e9445-e5 m7ad-r m7ad-t m7ad-u\"><hr  class=\"x-gap\" style=\"margin: 1px 0 0 0;\"><\/div><\/div><\/div><div class=\"x-row x-container max width e9445-e7 m7ad-8 m7ad-9 m7ad-h m7ad-j\"><div class=\"x-row-inner\"><div class=\"x-col e9445-e8 m7ad-r m7ad-t m7ad-v\"><div id=\"\" class=\"x-text\" style=\"color:#fff;  margin-top:0px; margin-left:20px;\" ><p>PAR DULON MARINE<\/p>\n<\/div><\/div><div class=\"x-col e9445-e10 m7ad-r m7ad-t m7ad-u\"><hr  class=\"x-gap\" style=\"margin: 1px 0 0 0;\"><\/div><\/div><\/div><div class=\"x-row x-container max width e9445-e12 m7ad-8 m7ad-a m7ad-b m7ad-k m7ad-l\"><div class=\"x-row-inner\"><div class=\"x-col e9445-e13 m7ad-r m7ad-u m7ad-w m7ad-x\"><a class=\"x-anchor x-anchor-button e9445-e14 m7ad-16 m7ad-17 m7ad-18\" tabindex=\"0\" href=\"http:\/\/dulonmarine.com\/fr\/dulon-marine-categorieen\/soins-generaux\/\"><div class=\"x-anchor-content\"><div class=\"x-anchor-text\"><span class=\"x-anchor-text-primary\">Tous les produits de soins g\u00e9n\u00e9raux<\/span><\/div><\/div><\/a><\/div><\/div><\/div><\/div><div class=\"x-section e9445-e15 m7ad-0 m7ad-1 m7ad-4 m7ad-5\"><div class=\"x-row e9445-e16 m7ad-8 m7ad-a m7ad-c m7ad-m m7ad-n\"><div class=\"x-row-inner\"><div class=\"x-col e9445-e17 m7ad-r m7ad-u m7ad-x m7ad-y m7ad-z m7ad-10\"><div class=\"x-bg\" aria-hidden=\"true\"><div class=\"x-bg-layer-lower-image\" data-x-element-bg-layer=\"{&quot;parallaxSize&quot;:&quot;150%&quot;,&quot;parallaxDir&quot;:&quot;v&quot;,&quot;parallaxRev&quot;:false}\"><\/div><\/div><a class=\"x-anchor x-anchor-button e9445-e18 m7ad-16 m7ad-19\" tabindex=\"0\" href=\"http:\/\/dulonmarine.com\/fr\/winkel\/dulon\/general\/echantillon-de-produit\/predulon-00-puissant-nettoyant-en-profondeur-a-utiliser-avant-le-polissage\/\"><div class=\"x-anchor-content\"><div class=\"x-anchor-text\"><span class=\"x-anchor-text-primary\">Predulon<\/span><\/div><\/div><\/a><\/div><div class=\"x-col e9445-e19 m7ad-r m7ad-u m7ad-x m7ad-y m7ad-10 m7ad-11\"><div class=\"x-bg\" aria-hidden=\"true\"><div class=\"x-bg-layer-lower-image\" data-x-element-bg-layer=\"{&quot;parallaxSize&quot;:&quot;150%&quot;,&quot;parallaxDir&quot;:&quot;v&quot;,&quot;parallaxRev&quot;:false}\"><\/div><\/div><a class=\"x-anchor x-anchor-button e9445-e20 m7ad-16 m7ad-19\" tabindex=\"0\" href=\"http:\/\/dulonmarine.com\/fr\/winkel\/dulon\/general\/echantillon-de-produit\/shampooing-premium-03-wash-wax\/\"><div class=\"x-anchor-content\"><div class=\"x-anchor-text\"><span class=\"x-anchor-text-primary\">Shampooing haut de gamme<\/span><\/div><\/div><\/a><\/div><\/div><\/div><\/div><div class=\"x-section e9445-e21 m7ad-0 m7ad-1 m7ad-5 m7ad-6\"><div class=\"x-row e9445-e22 m7ad-8 m7ad-c m7ad-d m7ad-e m7ad-m m7ad-o\"><div class=\"x-row-inner\"><div class=\"x-col e9445-e23 m7ad-r m7ad-u m7ad-x m7ad-y m7ad-10 m7ad-12\"><div class=\"x-bg\" aria-hidden=\"true\"><div class=\"x-bg-layer-lower-image\" data-x-element-bg-layer=\"{&quot;parallaxSize&quot;:&quot;150%&quot;,&quot;parallaxDir&quot;:&quot;v&quot;,&quot;parallaxRev&quot;:false}\"><\/div><\/div><a class=\"x-anchor x-anchor-button e9445-e24 m7ad-16 m7ad-19\" tabindex=\"0\" href=\"http:\/\/dulonmarine.com\/fr\/winkel\/dulon\/general\/echantillon-de-produit\/shampooing-pour-bateaux-20-nettoyant-tout-usage-pour-bateaux\/\"><div class=\"x-anchor-content\"><div class=\"x-anchor-text\"><span class=\"x-anchor-text-primary\">Shampooing pour bateaux<\/span><\/div><\/div><\/a><\/div><div class=\"x-col e9445-e25 m7ad-r m7ad-u m7ad-x m7ad-y m7ad-13\"><div class=\"x-bg\" aria-hidden=\"true\"><div class=\"x-bg-layer-lower-image\" data-x-element-bg-layer=\"{&quot;parallaxSize&quot;:&quot;150%&quot;,&quot;parallaxDir&quot;:&quot;v&quot;,&quot;parallaxRev&quot;:false}\"><\/div><\/div><a class=\"x-anchor x-anchor-button e9445-e26 m7ad-16 m7ad-19\" tabindex=\"0\" href=\"http:\/\/dulonmarine.com\/fr\/winkel\/dulon\/general\/echantillon-de-produit\/nettoyant-pour-ligne-de-flottaison-22-elimine-les-depots-brunatres-jaunes\/\"><div class=\"x-anchor-content\"><div class=\"x-anchor-text\"><span class=\"x-anchor-text-primary\">Nettoyage de la coque et de la ligne de flottaison<\/span><\/div><\/div><\/a><\/div><\/div><\/div><\/div><div class=\"x-section e9445-e27 m7ad-0 m7ad-1 m7ad-5 m7ad-6\"><div class=\"x-row e9445-e28 m7ad-8 m7ad-c m7ad-e m7ad-f m7ad-m m7ad-p\"><div class=\"x-row-inner\"><div class=\"x-col e9445-e29 m7ad-r m7ad-u m7ad-x m7ad-y m7ad-10 m7ad-14\"><div class=\"x-bg\" aria-hidden=\"true\"><div class=\"x-bg-layer-lower-image\" data-x-element-bg-layer=\"{&quot;parallaxSize&quot;:&quot;150%&quot;,&quot;parallaxDir&quot;:&quot;v&quot;,&quot;parallaxRev&quot;:false}\"><\/div><\/div><a class=\"x-anchor x-anchor-button e9445-e30 m7ad-16 m7ad-19\" tabindex=\"0\" href=\"http:\/\/dulonmarine.com\/fr\/winkel\/dulon\/general\/echantillon-de-produit\/dulon-boatbottom-clean-24-elimine-les-algues-et-les-balanes\/\"><div class=\"x-anchor-content\"><div class=\"x-anchor-text\"><span class=\"x-anchor-text-primary\">Fond de bateau propre<\/span><\/div><\/div><\/a><\/div><div class=\"x-col e9445-e31 m7ad-r m7ad-u m7ad-x m7ad-y m7ad-15\"><div class=\"x-bg\" aria-hidden=\"true\"><div class=\"x-bg-layer-lower-image\" data-x-element-bg-layer=\"{&quot;parallaxSize&quot;:&quot;150%&quot;,&quot;parallaxDir&quot;:&quot;v&quot;,&quot;parallaxRev&quot;:false}\"><\/div><\/div><a class=\"x-anchor x-anchor-button e9445-e32 m7ad-16 m7ad-19\" tabindex=\"0\" href=\"http:\/\/dulonmarine.com\/fr\/winkel\/dulon\/general\/echantillon-de-produit\/dulon-black-streak-remover-26-elimine-les-depots-atmospheriques-noirs\/\"><div class=\"x-anchor-content\"><div class=\"x-anchor-text\"><span class=\"x-anchor-text-primary\">Produit pour \u00e9liminer les traces noires<\/span><\/div><\/div><\/a><\/div><\/div><\/div><\/div><div class=\"x-section e9445-e33 m7ad-0 m7ad-3 m7ad-7\"><div class=\"x-bg\" aria-hidden=\"true\"><div class=\"x-bg-layer-lower-image\" data-x-element-bg-layer=\"{&quot;parallaxSize&quot;:&quot;150%&quot;,&quot;parallaxDir&quot;:&quot;v&quot;,&quot;parallaxRev&quot;:false}\"><\/div><\/div><div class=\"x-row x-container max width e9445-e34 m7ad-8 m7ad-a m7ad-b m7ad-g m7ad-k m7ad-q\"><div class=\"x-row-inner\"><div class=\"x-col e9445-e35 m7ad-r m7ad-u m7ad-w m7ad-x\"><h2  class=\"h-custom-headline h1\" style=\"color: hsl(0, 0%, 100%);margin-top:0px; text-shadow: 2px 2px 22px  hsla(0, 0%, 0%, 0.5);\"><span>D\u00c9COUVREZ NOS PRODUITS DE SOINS G\u00c9N\u00c9RAUX<\/span><\/h2><a class=\"x-anchor x-anchor-button e9445-e37 m7ad-16 m7ad-17\" tabindex=\"0\" href=\"http:\/\/dulonmarine.com\/fr\/dulon-marine-categorieen\/soins-generaux\/\"><div class=\"x-anchor-content\"><div class=\"x-anchor-text\"><span class=\"x-anchor-text-primary\">Tous les produits de soins g\u00e9n\u00e9raux<\/span><\/div><\/div><\/a><\/div><\/div><\/div><\/div><\/div>","protected":false},"excerpt":{"rendered":"<p>Entretien g\u00e9n\u00e9ralPAR DULON MARINE Tous les produits d'entretien g\u00e9n\u00e9ralPredulonShampoing premiumShampoing pour bateauxNettoyage de la coque et de la ligne de flottaisonNettoyage du fond du bateauDissolvant de traces noiresCONSULTEZ NOS PRODUITS D'ENTRETIEN G\u00c9N\u00c9RALTous les produits d'entretien g\u00e9n\u00e9ral<\/p>","protected":false},"author":11,"featured_media":0,"parent":0,"menu_order":0,"comment_status":"closed","ping_status":"closed","template":"template-blank-4.php","meta":{"_acf_changed":false,"om_disable_all_campaigns":false,"rs_blank_template":"","rs_page_bg_color":"","slide_template_v7":"","inline_featured_image":false,"_monsterinsights_skip_tracking":false,"_monsterinsights_sitenote_active":false,"_monsterinsights_sitenote_note":"","_monsterinsights_sitenote_category":0,"footnotes":""},"class_list":["post-9445","page","type-page","status-publish","hentry","no-post-thumbnail"],"acf":[],"yoast_head":"<!-- This site is optimized with the Yoast SEO plugin v27.4 - https:\/\/yoast.com\/product\/yoast-seo-wordpress\/ -->\n<title>General - Details - Dulon Marine<\/title>\n<meta name=\"robots\" content=\"index, follow, max-snippet:-1, max-image-preview:large, max-video-preview:-1\" \/>\n<link rel=\"canonical\" href=\"https:\/\/dulonmarine.com\/fr\/details-generaux\/\" \/>\n<meta property=\"og:locale\" content=\"fr_FR\" \/>\n<meta property=\"og:type\" content=\"article\" \/>\n<meta property=\"og:title\" content=\"General - Details - Dulon Marine\" \/>\n<meta property=\"og:description\" content=\"General CareBY DULON MARINE All general care productsPredulonPremium shampooBoatshampooHull &amp; waterline cleanBoatbottom cleanBlack streak removerCHECK OUT OUR GENERAL CARE PRODUCTSAll general care products\" \/>\n<meta property=\"og:url\" content=\"https:\/\/dulonmarine.com\/fr\/details-generaux\/\" \/>\n<meta property=\"og:site_name\" content=\"Dulon Marine\" \/>\n<meta property=\"article:publisher\" content=\"https:\/\/www.facebook.com\/dulonmarine?locale=nl_NL\" \/>\n<meta property=\"article:modified_time\" content=\"2024-10-31T12:41:32+00:00\" \/>\n<meta name=\"twitter:card\" content=\"summary_large_image\" \/>\n<script type=\"application\/ld+json\" class=\"yoast-schema-graph\">{\"@context\":\"https:\\\/\\\/schema.org\",\"@graph\":[{\"@type\":\"WebPage\",\"@id\":\"https:\\\/\\\/dulonmarine.com\\\/es\\\/general-details\\\/\",\"url\":\"https:\\\/\\\/dulonmarine.com\\\/es\\\/general-details\\\/\",\"name\":\"General - Details - Dulon Marine\",\"isPartOf\":{\"@id\":\"https:\\\/\\\/dulonmarine.com\\\/pt\\\/#website\"},\"datePublished\":\"2024-10-30T13:45:43+00:00\",\"dateModified\":\"2024-10-31T12:41:32+00:00\",\"breadcrumb\":{\"@id\":\"https:\\\/\\\/dulonmarine.com\\\/es\\\/general-details\\\/#breadcrumb\"},\"inLanguage\":\"fr-FR\",\"potentialAction\":[{\"@type\":\"ReadAction\",\"target\":[\"https:\\\/\\\/dulonmarine.com\\\/es\\\/general-details\\\/\"]}]},{\"@type\":\"BreadcrumbList\",\"@id\":\"https:\\\/\\\/dulonmarine.com\\\/es\\\/general-details\\\/#breadcrumb\",\"itemListElement\":[{\"@type\":\"ListItem\",\"position\":1,\"name\":\"Home\",\"item\":\"https:\\\/\\\/dulonmarine.com\\\/\"},{\"@type\":\"ListItem\",\"position\":2,\"name\":\"General &#8211; Details\"}]},{\"@type\":\"WebSite\",\"@id\":\"https:\\\/\\\/dulonmarine.com\\\/pt\\\/#website\",\"url\":\"https:\\\/\\\/dulonmarine.com\\\/pt\\\/\",\"name\":\"Dulon Marine\",\"description\":\"Onderhoudsproducten voor de scheepvaart\",\"publisher\":{\"@id\":\"https:\\\/\\\/dulonmarine.com\\\/pt\\\/#organization\"},\"potentialAction\":[{\"@type\":\"SearchAction\",\"target\":{\"@type\":\"EntryPoint\",\"urlTemplate\":\"https:\\\/\\\/dulonmarine.com\\\/pt\\\/?s={search_term_string}\"},\"query-input\":{\"@type\":\"PropertyValueSpecification\",\"valueRequired\":true,\"valueName\":\"search_term_string\"}}],\"inLanguage\":\"fr-FR\"},{\"@type\":\"Organization\",\"@id\":\"https:\\\/\\\/dulonmarine.com\\\/pt\\\/#organization\",\"name\":\"Dulon Marine Deckmate Group\",\"url\":\"https:\\\/\\\/dulonmarine.com\\\/pt\\\/\",\"logo\":{\"@type\":\"ImageObject\",\"inLanguage\":\"fr-FR\",\"@id\":\"https:\\\/\\\/dulonmarine.com\\\/pt\\\/#\\\/schema\\\/logo\\\/image\\\/\",\"url\":\"http:\\\/\\\/dulonmarine.com\\\/wp-content\\\/uploads\\\/2023\\\/02\\\/Dulon-Marine-Deckmate-Group-logo-small.png\",\"contentUrl\":\"http:\\\/\\\/dulonmarine.com\\\/wp-content\\\/uploads\\\/2023\\\/02\\\/Dulon-Marine-Deckmate-Group-logo-small.png\",\"width\":350,\"height\":150,\"caption\":\"Dulon Marine Deckmate Group\"},\"image\":{\"@id\":\"https:\\\/\\\/dulonmarine.com\\\/pt\\\/#\\\/schema\\\/logo\\\/image\\\/\"},\"sameAs\":[\"https:\\\/\\\/www.facebook.com\\\/dulonmarine?locale=nl_NL\",\"https:\\\/\\\/www.instagram.com\\\/dulonmarinegroup\\\/\"]}]}<\/script>\n<!-- \/ Yoast SEO plugin. -->","yoast_head_json":{"title":"G\u00e9n\u00e9ralit\u00e9s - D\u00e9tails - Dulon Marine","robots":{"index":"index","follow":"follow","max-snippet":"max-snippet:-1","max-image-preview":"max-image-preview:large","max-video-preview":"max-video-preview:-1"},"canonical":"https:\/\/dulonmarine.com\/fr\/details-generaux\/","og_locale":"fr_FR","og_type":"article","og_title":"General - Details - Dulon Marine","og_description":"General CareBY DULON MARINE All general care productsPredulonPremium shampooBoatshampooHull &amp; waterline cleanBoatbottom cleanBlack streak removerCHECK OUT OUR GENERAL CARE PRODUCTSAll general care products","og_url":"https:\/\/dulonmarine.com\/fr\/details-generaux\/","og_site_name":"Dulon Marine","article_publisher":"https:\/\/www.facebook.com\/dulonmarine?locale=nl_NL","article_modified_time":"2024-10-31T12:41:32+00:00","twitter_card":"summary_large_image","schema":{"@context":"https:\/\/schema.org","@graph":[{"@type":"WebPage","@id":"https:\/\/dulonmarine.com\/es\/general-details\/","url":"https:\/\/dulonmarine.com\/es\/general-details\/","name":"G\u00e9n\u00e9ralit\u00e9s - D\u00e9tails - Dulon Marine","isPartOf":{"@id":"https:\/\/dulonmarine.com\/pt\/#website"},"datePublished":"2024-10-30T13:45:43+00:00","dateModified":"2024-10-31T12:41:32+00:00","breadcrumb":{"@id":"https:\/\/dulonmarine.com\/es\/general-details\/#breadcrumb"},"inLanguage":"fr-FR","potentialAction":[{"@type":"ReadAction","target":["https:\/\/dulonmarine.com\/es\/general-details\/"]}]},{"@type":"BreadcrumbList","@id":"https:\/\/dulonmarine.com\/es\/general-details\/#breadcrumb","itemListElement":[{"@type":"ListItem","position":1,"name":"Home","item":"https:\/\/dulonmarine.com\/"},{"@type":"ListItem","position":2,"name":"General &#8211; Details"}]},{"@type":"WebSite","@id":"https:\/\/dulonmarine.com\/pt\/#website","url":"https:\/\/dulonmarine.com\/pt\/","name":"Dulon Marine","description":"Produits d\u00e9riv\u00e9s pour la vente au d\u00e9tail","publisher":{"@id":"https:\/\/dulonmarine.com\/pt\/#organization"},"potentialAction":[{"@type":"SearchAction","target":{"@type":"EntryPoint","urlTemplate":"https:\/\/dulonmarine.com\/pt\/?s={search_term_string}"},"query-input":{"@type":"PropertyValueSpecification","valueRequired":true,"valueName":"search_term_string"}}],"inLanguage":"fr-FR"},{"@type":"Organization","@id":"https:\/\/dulonmarine.com\/pt\/#organization","name":"Dulon Marine Groupe Deckmate","url":"https:\/\/dulonmarine.com\/pt\/","logo":{"@type":"ImageObject","inLanguage":"fr-FR","@id":"https:\/\/dulonmarine.com\/pt\/#\/schema\/logo\/image\/","url":"http:\/\/dulonmarine.com\/wp-content\/uploads\/2023\/02\/Dulon-Marine-Deckmate-Group-logo-small.png","contentUrl":"http:\/\/dulonmarine.com\/wp-content\/uploads\/2023\/02\/Dulon-Marine-Deckmate-Group-logo-small.png","width":350,"height":150,"caption":"Dulon Marine Deckmate Group"},"image":{"@id":"https:\/\/dulonmarine.com\/pt\/#\/schema\/logo\/image\/"},"sameAs":["https:\/\/www.facebook.com\/dulonmarine?locale=nl_NL","https:\/\/www.instagram.com\/dulonmarinegroup\/"]}]}},"_links":{"self":[{"href":"https:\/\/dulonmarine.com\/fr\/wp-json\/wp\/v2\/pages\/9445","targetHints":{"allow":["GET"]}}],"collection":[{"href":"https:\/\/dulonmarine.com\/fr\/wp-json\/wp\/v2\/pages"}],"about":[{"href":"https:\/\/dulonmarine.com\/fr\/wp-json\/wp\/v2\/types\/page"}],"author":[{"embeddable":true,"href":"https:\/\/dulonmarine.com\/fr\/wp-json\/wp\/v2\/users\/11"}],"replies":[{"embeddable":true,"href":"https:\/\/dulonmarine.com\/fr\/wp-json\/wp\/v2\/comments?post=9445"}],"version-history":[{"count":0,"href":"https:\/\/dulonmarine.com\/fr\/wp-json\/wp\/v2\/pages\/9445\/revisions"}],"wp:attachment":[{"href":"https:\/\/dulonmarine.com\/fr\/wp-json\/wp\/v2\/media?parent=9445"}],"curies":[{"name":"wp","href":"https:\/\/api.w.org\/{rel}","templated":true}]}}