{"id":9470,"date":"2024-10-30T15:23:57","date_gmt":"2024-10-30T14:23:57","guid":{"rendered":"http:\/\/dulonmarine.com\/?page_id=9470"},"modified":"2024-10-31T10:40:48","modified_gmt":"2024-10-31T09:40:48","slug":"details-dentretien-du-teck","status":"publish","type":"page","link":"https:\/\/dulonmarine.com\/fr\/teak-care-details\/","title":{"rendered":"Teak Care - D\u00e9tails"},"content":{"rendered":"<div id=\"cs-content\" class=\"cs-content\"><div class=\"x-section e9470-e1 m7b2-0 m7b2-1 m7b2-2 m7b2-3\"><div class=\"x-bg\" aria-hidden=\"true\"><div class=\"x-bg-layer-lower-image\"><\/div><\/div><div class=\"x-row x-container max width e9470-e2 m7b2-8 m7b2-9 m7b2-d m7b2-e\"><div class=\"x-row-inner\"><div class=\"x-col e9470-e3 m7b2-m m7b2-n m7b2-o m7b2-p\"><h1  class=\"h-custom-headline h1\" style=\"color: hsl(0, 0%, 100%);margin-top:10px; margin-left:20px; margin-bottom:5px;\"><span>Teak Care<\/span><\/h1><\/div><div class=\"x-col x-hide-sm x-hide-xs e9470-e5 m7b2-m m7b2-o m7b2-p\"><hr  class=\"x-gap\" style=\"margin: 1px 0 0 0;\"><\/div><\/div><\/div><div class=\"x-row x-container max width e9470-e7 m7b2-8 m7b2-9 m7b2-d m7b2-f\"><div class=\"x-row-inner\"><div class=\"x-col e9470-e8 m7b2-m m7b2-o m7b2-q\"><div id=\"\" class=\"x-text\" style=\"color:#fff;  margin-top:0px; margin-left:20px;\" ><p>PAR DULON MARINE<\/p>\n<\/div><\/div><div class=\"x-col e9470-e10 m7b2-m m7b2-o m7b2-p\"><hr  class=\"x-gap\" style=\"margin: 1px 0 0 0;\"><\/div><\/div><\/div><div class=\"x-row x-container max width e9470-e12 m7b2-8 m7b2-a m7b2-g m7b2-h\"><div class=\"x-row-inner\"><div class=\"x-col e9470-e13 m7b2-m m7b2-p m7b2-r m7b2-s\"><a class=\"x-anchor x-anchor-button e9470-e14 m7b2-z m7b2-10\" tabindex=\"0\" href=\"http:\/\/dulonmarine.com\/fr\/dulon-marine-categorieen\/entretien-du-teck\/\"><div class=\"x-anchor-content\"><div class=\"x-anchor-text\"><span class=\"x-anchor-text-primary\">Tous les produits d'entretien du teck<\/span><\/div><\/div><\/a><\/div><\/div><\/div><\/div><div class=\"x-section e9470-e15 m7b2-0 m7b2-1 m7b2-4 m7b2-5\"><div class=\"x-row e9470-e16 m7b2-8 m7b2-b m7b2-i m7b2-j\"><div class=\"x-row-inner\"><div class=\"x-col e9470-e17 m7b2-m m7b2-p m7b2-s m7b2-t m7b2-u m7b2-v\"><div class=\"x-bg\" aria-hidden=\"true\"><div class=\"x-bg-layer-lower-image\" data-x-element-bg-layer=\"{&quot;parallaxSize&quot;:&quot;150%&quot;,&quot;parallaxDir&quot;:&quot;v&quot;,&quot;parallaxRev&quot;:false}\"><\/div><\/div><a class=\"x-anchor x-anchor-button e9470-e18 m7b2-z\" tabindex=\"0\" href=\"http:\/\/dulonmarine.com\/fr\/winkel\/teck\/echantillon-de-produit\/dulon-teak-degreaser-41-deep-cleaner-degreaser\/\"><div class=\"x-anchor-content\"><div class=\"x-anchor-text\"><span class=\"x-anchor-text-primary\">D\u00e9graissant pour teck<\/span><\/div><\/div><\/a><\/div><div class=\"x-col e9470-e19 m7b2-m m7b2-p m7b2-s m7b2-t m7b2-v m7b2-w\"><div class=\"x-bg\" aria-hidden=\"true\"><div class=\"x-bg-layer-lower-image\" data-x-element-bg-layer=\"{&quot;parallaxSize&quot;:&quot;150%&quot;,&quot;parallaxDir&quot;:&quot;v&quot;,&quot;parallaxRev&quot;:false}\"><\/div><\/div><a class=\"x-anchor x-anchor-button e9470-e20 m7b2-z\" tabindex=\"0\" href=\"http:\/\/dulonmarine.com\/fr\/winkel\/teck\/echantillon-de-produit\/dulon-teak-clean-brightener-21-color-restorer-cleaner\/\"><div class=\"x-anchor-content\"><div class=\"x-anchor-text\"><span class=\"x-anchor-text-primary\">Nettoyant et \u00e9claircissant pour teck<\/span><\/div><\/div><\/a><\/div><\/div><\/div><\/div><div class=\"x-section e9470-e21 m7b2-0 m7b2-1 m7b2-5 m7b2-6\"><div class=\"x-row e9470-e22 m7b2-8 m7b2-b m7b2-i m7b2-k\"><div class=\"x-row-inner\"><div class=\"x-col e9470-e23 m7b2-m m7b2-p m7b2-s m7b2-t m7b2-x\"><div class=\"x-bg\" aria-hidden=\"true\"><div class=\"x-bg-layer-lower-image\" data-x-element-bg-layer=\"{&quot;parallaxSize&quot;:&quot;150%&quot;,&quot;parallaxDir&quot;:&quot;v&quot;,&quot;parallaxRev&quot;:false}\"><\/div><\/div><a class=\"x-anchor x-anchor-button e9470-e24 m7b2-z\" tabindex=\"0\" href=\"http:\/\/dulonmarine.com\/fr\/winkel\/teck\/echantillon-de-produit\/dulon-teak-protector-43-impregnator-uv-blocker\/\"><div class=\"x-anchor-content\"><div class=\"x-anchor-text\"><span class=\"x-anchor-text-primary\">Protecteur de teck<\/span><\/div><\/div><\/a><\/div><div class=\"x-col e9470-e25 m7b2-m m7b2-p m7b2-s m7b2-t m7b2-y\"><div class=\"x-bg\" aria-hidden=\"true\"><div class=\"x-bg-layer-lower-image\" data-x-element-bg-layer=\"{&quot;parallaxSize&quot;:&quot;150%&quot;,&quot;parallaxDir&quot;:&quot;v&quot;,&quot;parallaxRev&quot;:false}\"><\/div><\/div><a class=\"x-anchor x-anchor-button e9470-e26 m7b2-z\" tabindex=\"0\" href=\"http:\/\/dulonmarine.com\/fr\/winkel\/teck\/echantillon-de-produit\/dulon-synthetic-teak-cleaner-46-pour-tous-les-tecks-synthetiques\/\"><div class=\"x-anchor-content\"><div class=\"x-anchor-text\"><span class=\"x-anchor-text-primary\">Nettoyant synth\u00e9tique pour teck<\/span><\/div><\/div><\/a><\/div><\/div><\/div><\/div><div class=\"x-section e9470-e27 m7b2-0 m7b2-3 m7b2-7\"><div class=\"x-bg\" aria-hidden=\"true\"><div class=\"x-bg-layer-lower-image\" data-x-element-bg-layer=\"{&quot;parallaxSize&quot;:&quot;150%&quot;,&quot;parallaxDir&quot;:&quot;v&quot;,&quot;parallaxRev&quot;:false}\"><\/div><\/div><div class=\"x-row x-container max width e9470-e28 m7b2-8 m7b2-a m7b2-c m7b2-g m7b2-l\"><div class=\"x-row-inner\"><div class=\"x-col e9470-e29 m7b2-m m7b2-p m7b2-r m7b2-s\"><h2  class=\"h-custom-headline h1\" style=\"color: hsl(0, 0%, 100%);margin-top:0px; text-shadow: 2px 2px 22px  hsla(0, 0%, 0%, 0.5);\"><span>CONSULTEZ NOS PRODUITS D'ENTRETIEN DU TECK<\/span><\/h2><a class=\"x-anchor x-anchor-button e9470-e31 m7b2-z\" tabindex=\"0\" href=\"http:\/\/dulonmarine.com\/fr\/dulon-marine-categorieen\/entretien-du-teck\/\"><div class=\"x-anchor-content\"><div class=\"x-anchor-text\"><span class=\"x-anchor-text-primary\">Tous les produits d'entretien du teck<\/span><\/div><\/div><\/a><\/div><\/div><\/div><\/div><\/div>","protected":false},"excerpt":{"rendered":"<p>Teak CareBY DULON MARINE Tous les produits d'entretien du teckD\u00e9graissant pour teckNettoyant et \u00e9claircissant pour teckProtecteur de teckNettoyant synth\u00e9tique pour teckV\u00e9rifiez nos produits d'entretien du teckTous les produits d'entretien du teck<\/p>","protected":false},"author":11,"featured_media":0,"parent":0,"menu_order":0,"comment_status":"closed","ping_status":"closed","template":"template-blank-4.php","meta":{"_acf_changed":false,"om_disable_all_campaigns":false,"rs_blank_template":"","rs_page_bg_color":"","slide_template_v7":"","inline_featured_image":false,"_monsterinsights_skip_tracking":false,"_monsterinsights_sitenote_active":false,"_monsterinsights_sitenote_note":"","_monsterinsights_sitenote_category":0,"footnotes":""},"class_list":["post-9470","page","type-page","status-publish","hentry","no-post-thumbnail"],"acf":[],"yoast_head":"<!-- This site is optimized with the Yoast SEO plugin v27.5 - https:\/\/yoast.com\/product\/yoast-seo-wordpress\/ -->\n<title>Teak Care - Details - Dulon Marine<\/title>\n<meta name=\"robots\" content=\"index, follow, max-snippet:-1, max-image-preview:large, max-video-preview:-1\" \/>\n<link rel=\"canonical\" href=\"https:\/\/dulonmarine.com\/fr\/details-dentretien-du-teck\/\" \/>\n<meta property=\"og:locale\" content=\"fr_FR\" \/>\n<meta property=\"og:type\" content=\"article\" \/>\n<meta property=\"og:title\" content=\"Teak Care - Details - Dulon Marine\" \/>\n<meta property=\"og:description\" content=\"Teak CareBY DULON MARINE All teak care productsTeak degreaserTeak clean &amp; brightenerTeak protectorSynthetic teak cleanerCHECK OUT OUR TEAK CARE PRODUCTSAll teak care products\" \/>\n<meta property=\"og:url\" content=\"https:\/\/dulonmarine.com\/fr\/details-dentretien-du-teck\/\" \/>\n<meta property=\"og:site_name\" content=\"Dulon Marine\" \/>\n<meta property=\"article:publisher\" content=\"https:\/\/www.facebook.com\/dulonmarine?locale=nl_NL\" \/>\n<meta property=\"article:modified_time\" content=\"2024-10-31T09:40:48+00:00\" \/>\n<meta name=\"twitter:card\" content=\"summary_large_image\" \/>\n<script type=\"application\/ld+json\" class=\"yoast-schema-graph\">{\"@context\":\"https:\\\/\\\/schema.org\",\"@graph\":[{\"@type\":\"WebPage\",\"@id\":\"https:\\\/\\\/dulonmarine.com\\\/da\\\/teak-care-details\\\/\",\"url\":\"https:\\\/\\\/dulonmarine.com\\\/da\\\/teak-care-details\\\/\",\"name\":\"Teak Care - Details - Dulon Marine\",\"isPartOf\":{\"@id\":\"https:\\\/\\\/dulonmarine.com\\\/pt\\\/#website\"},\"datePublished\":\"2024-10-30T14:23:57+00:00\",\"dateModified\":\"2024-10-31T09:40:48+00:00\",\"breadcrumb\":{\"@id\":\"https:\\\/\\\/dulonmarine.com\\\/da\\\/teak-care-details\\\/#breadcrumb\"},\"inLanguage\":\"fr-FR\",\"potentialAction\":[{\"@type\":\"ReadAction\",\"target\":[\"https:\\\/\\\/dulonmarine.com\\\/da\\\/teak-care-details\\\/\"]}]},{\"@type\":\"BreadcrumbList\",\"@id\":\"https:\\\/\\\/dulonmarine.com\\\/da\\\/teak-care-details\\\/#breadcrumb\",\"itemListElement\":[{\"@type\":\"ListItem\",\"position\":1,\"name\":\"Home\",\"item\":\"https:\\\/\\\/dulonmarine.com\\\/\"},{\"@type\":\"ListItem\",\"position\":2,\"name\":\"Teak Care &#8211; Details\"}]},{\"@type\":\"WebSite\",\"@id\":\"https:\\\/\\\/dulonmarine.com\\\/pt\\\/#website\",\"url\":\"https:\\\/\\\/dulonmarine.com\\\/pt\\\/\",\"name\":\"Dulon Marine\",\"description\":\"Onderhoudsproducten voor de scheepvaart\",\"publisher\":{\"@id\":\"https:\\\/\\\/dulonmarine.com\\\/pt\\\/#organization\"},\"potentialAction\":[{\"@type\":\"SearchAction\",\"target\":{\"@type\":\"EntryPoint\",\"urlTemplate\":\"https:\\\/\\\/dulonmarine.com\\\/pt\\\/?s={search_term_string}\"},\"query-input\":{\"@type\":\"PropertyValueSpecification\",\"valueRequired\":true,\"valueName\":\"search_term_string\"}}],\"inLanguage\":\"fr-FR\"},{\"@type\":\"Organization\",\"@id\":\"https:\\\/\\\/dulonmarine.com\\\/pt\\\/#organization\",\"name\":\"Dulon Marine Deckmate Group\",\"url\":\"https:\\\/\\\/dulonmarine.com\\\/pt\\\/\",\"logo\":{\"@type\":\"ImageObject\",\"inLanguage\":\"fr-FR\",\"@id\":\"https:\\\/\\\/dulonmarine.com\\\/pt\\\/#\\\/schema\\\/logo\\\/image\\\/\",\"url\":\"http:\\\/\\\/dulonmarine.com\\\/wp-content\\\/uploads\\\/2023\\\/02\\\/Dulon-Marine-Deckmate-Group-logo-small.png\",\"contentUrl\":\"http:\\\/\\\/dulonmarine.com\\\/wp-content\\\/uploads\\\/2023\\\/02\\\/Dulon-Marine-Deckmate-Group-logo-small.png\",\"width\":350,\"height\":150,\"caption\":\"Dulon Marine Deckmate Group\"},\"image\":{\"@id\":\"https:\\\/\\\/dulonmarine.com\\\/pt\\\/#\\\/schema\\\/logo\\\/image\\\/\"},\"sameAs\":[\"https:\\\/\\\/www.facebook.com\\\/dulonmarine?locale=nl_NL\",\"https:\\\/\\\/www.instagram.com\\\/dulonmarinegroup\\\/\"]}]}<\/script>\n<!-- \/ Yoast SEO plugin. -->","yoast_head_json":{"title":"Teak Care - D\u00e9tails - Dulon Marine","robots":{"index":"index","follow":"follow","max-snippet":"max-snippet:-1","max-image-preview":"max-image-preview:large","max-video-preview":"max-video-preview:-1"},"canonical":"https:\/\/dulonmarine.com\/fr\/details-dentretien-du-teck\/","og_locale":"fr_FR","og_type":"article","og_title":"Teak Care - Details - Dulon Marine","og_description":"Teak CareBY DULON MARINE All teak care productsTeak degreaserTeak clean &amp; brightenerTeak protectorSynthetic teak cleanerCHECK OUT OUR TEAK CARE PRODUCTSAll teak care products","og_url":"https:\/\/dulonmarine.com\/fr\/details-dentretien-du-teck\/","og_site_name":"Dulon Marine","article_publisher":"https:\/\/www.facebook.com\/dulonmarine?locale=nl_NL","article_modified_time":"2024-10-31T09:40:48+00:00","twitter_card":"summary_large_image","schema":{"@context":"https:\/\/schema.org","@graph":[{"@type":"WebPage","@id":"https:\/\/dulonmarine.com\/da\/teak-care-details\/","url":"https:\/\/dulonmarine.com\/da\/teak-care-details\/","name":"Teak Care - D\u00e9tails - Dulon Marine","isPartOf":{"@id":"https:\/\/dulonmarine.com\/pt\/#website"},"datePublished":"2024-10-30T14:23:57+00:00","dateModified":"2024-10-31T09:40:48+00:00","breadcrumb":{"@id":"https:\/\/dulonmarine.com\/da\/teak-care-details\/#breadcrumb"},"inLanguage":"fr-FR","potentialAction":[{"@type":"ReadAction","target":["https:\/\/dulonmarine.com\/da\/teak-care-details\/"]}]},{"@type":"BreadcrumbList","@id":"https:\/\/dulonmarine.com\/da\/teak-care-details\/#breadcrumb","itemListElement":[{"@type":"ListItem","position":1,"name":"Home","item":"https:\/\/dulonmarine.com\/"},{"@type":"ListItem","position":2,"name":"Teak Care &#8211; Details"}]},{"@type":"WebSite","@id":"https:\/\/dulonmarine.com\/pt\/#website","url":"https:\/\/dulonmarine.com\/pt\/","name":"Dulon Marine","description":"Produits d\u00e9riv\u00e9s pour la vente au d\u00e9tail","publisher":{"@id":"https:\/\/dulonmarine.com\/pt\/#organization"},"potentialAction":[{"@type":"SearchAction","target":{"@type":"EntryPoint","urlTemplate":"https:\/\/dulonmarine.com\/pt\/?s={search_term_string}"},"query-input":{"@type":"PropertyValueSpecification","valueRequired":true,"valueName":"search_term_string"}}],"inLanguage":"fr-FR"},{"@type":"Organization","@id":"https:\/\/dulonmarine.com\/pt\/#organization","name":"Dulon Marine Groupe Deckmate","url":"https:\/\/dulonmarine.com\/pt\/","logo":{"@type":"ImageObject","inLanguage":"fr-FR","@id":"https:\/\/dulonmarine.com\/pt\/#\/schema\/logo\/image\/","url":"http:\/\/dulonmarine.com\/wp-content\/uploads\/2023\/02\/Dulon-Marine-Deckmate-Group-logo-small.png","contentUrl":"http:\/\/dulonmarine.com\/wp-content\/uploads\/2023\/02\/Dulon-Marine-Deckmate-Group-logo-small.png","width":350,"height":150,"caption":"Dulon Marine Deckmate Group"},"image":{"@id":"https:\/\/dulonmarine.com\/pt\/#\/schema\/logo\/image\/"},"sameAs":["https:\/\/www.facebook.com\/dulonmarine?locale=nl_NL","https:\/\/www.instagram.com\/dulonmarinegroup\/"]}]}},"_links":{"self":[{"href":"https:\/\/dulonmarine.com\/fr\/wp-json\/wp\/v2\/pages\/9470","targetHints":{"allow":["GET"]}}],"collection":[{"href":"https:\/\/dulonmarine.com\/fr\/wp-json\/wp\/v2\/pages"}],"about":[{"href":"https:\/\/dulonmarine.com\/fr\/wp-json\/wp\/v2\/types\/page"}],"author":[{"embeddable":true,"href":"https:\/\/dulonmarine.com\/fr\/wp-json\/wp\/v2\/users\/11"}],"replies":[{"embeddable":true,"href":"https:\/\/dulonmarine.com\/fr\/wp-json\/wp\/v2\/comments?post=9470"}],"version-history":[{"count":0,"href":"https:\/\/dulonmarine.com\/fr\/wp-json\/wp\/v2\/pages\/9470\/revisions"}],"wp:attachment":[{"href":"https:\/\/dulonmarine.com\/fr\/wp-json\/wp\/v2\/media?parent=9470"}],"curies":[{"name":"wp","href":"https:\/\/api.w.org\/{rel}","templated":true}]}}