{"id":8485,"date":"2023-02-07T17:03:06","date_gmt":"2023-02-07T16:03:06","guid":{"rendered":"http:\/\/dulonmarine.com\/?post_type=product&#038;p=8485"},"modified":"2024-10-24T12:43:46","modified_gmt":"2024-10-24T11:43:46","slug":"brosse-douce-deckmate-dm120","status":"publish","type":"product","link":"https:\/\/dulonmarine.com\/fr\/winkel\/deckmate\/brushes\/sample-product\/deckmate-dm120-soft-brush\/","title":{"rendered":"Deckmate DM120 Brosse douce"},"content":{"rendered":"<p>Elle est fabriqu\u00e9e \u00e0 partir d'un bloc de bois dur verni et les poils de la brosse sont plac\u00e9s \u00e0 un angle permettant d'atteindre les endroits difficiles d'acc\u00e8s.  Le connecteur anodis\u00e9 brillant est dot\u00e9 d'un bouton \u00e0 ressort en acier inoxydable qui permet de monter rapidement la brosse sur un manche de matelas de pont.<br \/>\nPropri\u00e9t\u00e9s :<\/p>\n<ul>\n<li>Les poils de la brosse en PVC gris de 75 mm sont souples et enti\u00e8rement encastr\u00e9s dans le bloc en bois. Ils sont fix\u00e9s \u00e0 l'aide d'agrafes r\u00e9sistantes \u00e0 la corrosion.<\/li>\n<li>Les extr\u00e9mit\u00e9s de ces poils gris sont fendues pour une meilleure absorption de l'eau.<\/li>\n<li>Un pare-chocs en plastique blanc \u00e9vite les rayures et les dommages lors du nettoyage.<\/li>\n<\/ul>","protected":false},"excerpt":{"rendered":"<p>Il s'agit du pinceau le plus couramment utilis\u00e9 pour tous les usages.<\/p>\n<p>Apr\u00e8s utilisation, il est recommand\u00e9 de laver la brosse \u00e0 l'eau douce, de la secouer et de la laisser s\u00e9cher.<\/p>\n<div class=\"x-video-inner\">\n    <video  \nclass=\"x-mejs x-wp-video-shortcode advanced-controls\" \n        width=\"400\" \n        height=\"400\" \n        loop autoplay muted playsinline style=\"border: none; outline: none; background: none;\"><source type=\"video\/mp4\" src=\"http:\/\/dulonmarine.com\/wp-content\/uploads\/2024\/10\/120_Soft_Brush_1.mp4\"><\/video>\n<\/div>","protected":false},"featured_media":9390,"template":"","meta":{"_acf_changed":false,"om_disable_all_campaigns":false,"rs_blank_template":"","rs_page_bg_color":"","slide_template_v7":"","inline_featured_image":false,"_monsterinsights_skip_tracking":false,"_monsterinsights_sitenote_active":false,"_monsterinsights_sitenote_note":"","_monsterinsights_sitenote_category":0},"product_brand":[],"product_cat":[286,280],"product_tag":[298],"class_list":{"0":"post-8485","1":"product","2":"type-product","3":"status-publish","4":"has-post-thumbnail","6":"product_cat-brushes","7":"product_cat-deckmate","8":"product_tag-298","9":"pa_article-numbers-contents-dm120","12":"first","13":"instock","14":"taxable","15":"shipping-taxable","16":"purchasable","17":"product-type-simple"},"acf":[],"yoast_head":"<!-- This site is optimized with the Yoast SEO plugin v27.4 - https:\/\/yoast.com\/product\/yoast-seo-wordpress\/ -->\n<title>Deckmate DM120 Soft brush - Dulon Marine<\/title>\n<meta name=\"description\" content=\"Is made from a varnished hard-wood block with brush hairs placed at an angle in order to get to hard-to-reach places.\" \/>\n<meta name=\"robots\" content=\"index, follow, max-snippet:-1, max-image-preview:large, max-video-preview:-1\" \/>\n<link rel=\"canonical\" href=\"https:\/\/dulonmarine.com\/fr\/winkel\/matelot\/brosses\/echantillon-de-produit\/brosse-douce-deckmate-dm120\/\" \/>\n<meta property=\"og:locale\" content=\"fr_FR\" \/>\n<meta property=\"og:type\" content=\"article\" \/>\n<meta property=\"og:title\" content=\"Deckmate DM120 Soft brush - Dulon Marine\" \/>\n<meta property=\"og:description\" content=\"Is made from a varnished hard-wood block with brush hairs placed at an angle in order to get to hard-to-reach places.\" \/>\n<meta property=\"og:url\" content=\"https:\/\/dulonmarine.com\/fr\/winkel\/matelot\/brosses\/echantillon-de-produit\/brosse-douce-deckmate-dm120\/\" \/>\n<meta property=\"og:site_name\" content=\"Dulon Marine\" \/>\n<meta property=\"article:publisher\" content=\"https:\/\/www.facebook.com\/dulonmarine?locale=nl_NL\" \/>\n<meta property=\"article:modified_time\" content=\"2024-10-24T11:43:46+00:00\" \/>\n<meta property=\"og:image\" content=\"https:\/\/dulonmarine.com\/wp-content\/uploads\/2023\/02\/120-Deckmate-Brush-soft-Without-packaging-View-from-above-1.jpg\" \/>\n\t<meta property=\"og:image:width\" content=\"1200\" \/>\n\t<meta property=\"og:image:height\" content=\"1200\" \/>\n\t<meta property=\"og:image:type\" content=\"image\/jpeg\" \/>\n<meta name=\"twitter:card\" content=\"summary_large_image\" \/>\n<meta name=\"twitter:label1\" content=\"Dur\u00e9e de lecture estim\u00e9e\" \/>\n\t<meta name=\"twitter:data1\" content=\"1 minute\" \/>\n<script type=\"application\/ld+json\" class=\"yoast-schema-graph\">{\"@context\":\"https:\\\/\\\/schema.org\",\"@graph\":[{\"@type\":\"WebPage\",\"@id\":\"https:\\\/\\\/dulonmarine.com\\\/pt\\\/piacaba\\\/companheiro-de-conves\\\/brushes\\\/produto-de-amostra\\\/deckmate-dm120-soft-brush\\\/\",\"url\":\"https:\\\/\\\/dulonmarine.com\\\/pt\\\/piacaba\\\/companheiro-de-conves\\\/brushes\\\/produto-de-amostra\\\/deckmate-dm120-soft-brush\\\/\",\"name\":\"Deckmate DM120 Soft brush - Dulon Marine\",\"isPartOf\":{\"@id\":\"https:\\\/\\\/dulonmarine.com\\\/pt\\\/#website\"},\"primaryImageOfPage\":{\"@id\":\"https:\\\/\\\/dulonmarine.com\\\/pt\\\/piacaba\\\/companheiro-de-conves\\\/brushes\\\/produto-de-amostra\\\/deckmate-dm120-soft-brush\\\/#primaryimage\"},\"image\":{\"@id\":\"https:\\\/\\\/dulonmarine.com\\\/pt\\\/piacaba\\\/companheiro-de-conves\\\/brushes\\\/produto-de-amostra\\\/deckmate-dm120-soft-brush\\\/#primaryimage\"},\"thumbnailUrl\":\"https:\\\/\\\/dulonmarine.com\\\/wp-content\\\/uploads\\\/2023\\\/02\\\/120-Deckmate-Brush-soft-Without-packaging-View-from-above-1.jpg\",\"datePublished\":\"2023-02-07T16:03:06+00:00\",\"dateModified\":\"2024-10-24T11:43:46+00:00\",\"description\":\"Is made from a varnished hard-wood block with brush hairs placed at an angle in order to get to hard-to-reach places.\",\"breadcrumb\":{\"@id\":\"https:\\\/\\\/dulonmarine.com\\\/pt\\\/piacaba\\\/companheiro-de-conves\\\/brushes\\\/produto-de-amostra\\\/deckmate-dm120-soft-brush\\\/#breadcrumb\"},\"inLanguage\":\"fr-FR\",\"potentialAction\":[{\"@type\":\"ReadAction\",\"target\":[\"https:\\\/\\\/dulonmarine.com\\\/pt\\\/piacaba\\\/companheiro-de-conves\\\/brushes\\\/produto-de-amostra\\\/deckmate-dm120-soft-brush\\\/\"]}]},{\"@type\":\"ImageObject\",\"inLanguage\":\"fr-FR\",\"@id\":\"https:\\\/\\\/dulonmarine.com\\\/pt\\\/piacaba\\\/companheiro-de-conves\\\/brushes\\\/produto-de-amostra\\\/deckmate-dm120-soft-brush\\\/#primaryimage\",\"url\":\"https:\\\/\\\/dulonmarine.com\\\/wp-content\\\/uploads\\\/2023\\\/02\\\/120-Deckmate-Brush-soft-Without-packaging-View-from-above-1.jpg\",\"contentUrl\":\"https:\\\/\\\/dulonmarine.com\\\/wp-content\\\/uploads\\\/2023\\\/02\\\/120-Deckmate-Brush-soft-Without-packaging-View-from-above-1.jpg\",\"width\":1200,\"height\":1200},{\"@type\":\"BreadcrumbList\",\"@id\":\"https:\\\/\\\/dulonmarine.com\\\/pt\\\/piacaba\\\/companheiro-de-conves\\\/brushes\\\/produto-de-amostra\\\/deckmate-dm120-soft-brush\\\/#breadcrumb\",\"itemListElement\":[{\"@type\":\"ListItem\",\"position\":1,\"name\":\"Home\",\"item\":\"https:\\\/\\\/dulonmarine.com\\\/\"},{\"@type\":\"ListItem\",\"position\":2,\"name\":\"Winkel\",\"item\":\"https:\\\/\\\/dulonmarine.com\\\/pt\\\/piacaba\\\/\"},{\"@type\":\"ListItem\",\"position\":3,\"name\":\"Deckmate DM120 Soft brush\"}]},{\"@type\":\"WebSite\",\"@id\":\"https:\\\/\\\/dulonmarine.com\\\/pt\\\/#website\",\"url\":\"https:\\\/\\\/dulonmarine.com\\\/pt\\\/\",\"name\":\"Dulon Marine\",\"description\":\"Onderhoudsproducten voor de scheepvaart\",\"publisher\":{\"@id\":\"https:\\\/\\\/dulonmarine.com\\\/pt\\\/#organization\"},\"potentialAction\":[{\"@type\":\"SearchAction\",\"target\":{\"@type\":\"EntryPoint\",\"urlTemplate\":\"https:\\\/\\\/dulonmarine.com\\\/pt\\\/?s={search_term_string}\"},\"query-input\":{\"@type\":\"PropertyValueSpecification\",\"valueRequired\":true,\"valueName\":\"search_term_string\"}}],\"inLanguage\":\"fr-FR\"},{\"@type\":\"Organization\",\"@id\":\"https:\\\/\\\/dulonmarine.com\\\/pt\\\/#organization\",\"name\":\"Dulon Marine Deckmate Group\",\"url\":\"https:\\\/\\\/dulonmarine.com\\\/pt\\\/\",\"logo\":{\"@type\":\"ImageObject\",\"inLanguage\":\"fr-FR\",\"@id\":\"https:\\\/\\\/dulonmarine.com\\\/pt\\\/#\\\/schema\\\/logo\\\/image\\\/\",\"url\":\"http:\\\/\\\/dulonmarine.com\\\/wp-content\\\/uploads\\\/2023\\\/02\\\/Dulon-Marine-Deckmate-Group-logo-small.png\",\"contentUrl\":\"http:\\\/\\\/dulonmarine.com\\\/wp-content\\\/uploads\\\/2023\\\/02\\\/Dulon-Marine-Deckmate-Group-logo-small.png\",\"width\":350,\"height\":150,\"caption\":\"Dulon Marine Deckmate Group\"},\"image\":{\"@id\":\"https:\\\/\\\/dulonmarine.com\\\/pt\\\/#\\\/schema\\\/logo\\\/image\\\/\"},\"sameAs\":[\"https:\\\/\\\/www.facebook.com\\\/dulonmarine?locale=nl_NL\",\"https:\\\/\\\/www.instagram.com\\\/dulonmarinegroup\\\/\"]}]}<\/script>\n<!-- \/ Yoast SEO plugin. -->","yoast_head_json":{"title":"Deckmate DM120 Brosse souple - Dulon Marine","description":"Il est constitu\u00e9 d'un bloc de bois dur verni dont les poils de la brosse sont plac\u00e9s en biais afin d'atteindre les endroits difficiles d'acc\u00e8s.","robots":{"index":"index","follow":"follow","max-snippet":"max-snippet:-1","max-image-preview":"max-image-preview:large","max-video-preview":"max-video-preview:-1"},"canonical":"https:\/\/dulonmarine.com\/fr\/winkel\/matelot\/brosses\/echantillon-de-produit\/brosse-douce-deckmate-dm120\/","og_locale":"fr_FR","og_type":"article","og_title":"Deckmate DM120 Soft brush - Dulon Marine","og_description":"Is made from a varnished hard-wood block with brush hairs placed at an angle in order to get to hard-to-reach places.","og_url":"https:\/\/dulonmarine.com\/fr\/winkel\/matelot\/brosses\/echantillon-de-produit\/brosse-douce-deckmate-dm120\/","og_site_name":"Dulon Marine","article_publisher":"https:\/\/www.facebook.com\/dulonmarine?locale=nl_NL","article_modified_time":"2024-10-24T11:43:46+00:00","og_image":[{"width":1200,"height":1200,"url":"https:\/\/dulonmarine.com\/wp-content\/uploads\/2023\/02\/120-Deckmate-Brush-soft-Without-packaging-View-from-above-1.jpg","type":"image\/jpeg"}],"twitter_card":"summary_large_image","twitter_misc":{"Dur\u00e9e de lecture estim\u00e9e":"1 minute"},"schema":{"@context":"https:\/\/schema.org","@graph":[{"@type":"WebPage","@id":"https:\/\/dulonmarine.com\/pt\/piacaba\/companheiro-de-conves\/brushes\/produto-de-amostra\/deckmate-dm120-soft-brush\/","url":"https:\/\/dulonmarine.com\/pt\/piacaba\/companheiro-de-conves\/brushes\/produto-de-amostra\/deckmate-dm120-soft-brush\/","name":"Deckmate DM120 Brosse souple - Dulon Marine","isPartOf":{"@id":"https:\/\/dulonmarine.com\/pt\/#website"},"primaryImageOfPage":{"@id":"https:\/\/dulonmarine.com\/pt\/piacaba\/companheiro-de-conves\/brushes\/produto-de-amostra\/deckmate-dm120-soft-brush\/#primaryimage"},"image":{"@id":"https:\/\/dulonmarine.com\/pt\/piacaba\/companheiro-de-conves\/brushes\/produto-de-amostra\/deckmate-dm120-soft-brush\/#primaryimage"},"thumbnailUrl":"https:\/\/dulonmarine.com\/wp-content\/uploads\/2023\/02\/120-Deckmate-Brush-soft-Without-packaging-View-from-above-1.jpg","datePublished":"2023-02-07T16:03:06+00:00","dateModified":"2024-10-24T11:43:46+00:00","description":"Il est constitu\u00e9 d'un bloc de bois dur verni dont les poils de la brosse sont plac\u00e9s en biais afin d'atteindre les endroits difficiles d'acc\u00e8s.","breadcrumb":{"@id":"https:\/\/dulonmarine.com\/pt\/piacaba\/companheiro-de-conves\/brushes\/produto-de-amostra\/deckmate-dm120-soft-brush\/#breadcrumb"},"inLanguage":"fr-FR","potentialAction":[{"@type":"ReadAction","target":["https:\/\/dulonmarine.com\/pt\/piacaba\/companheiro-de-conves\/brushes\/produto-de-amostra\/deckmate-dm120-soft-brush\/"]}]},{"@type":"ImageObject","inLanguage":"fr-FR","@id":"https:\/\/dulonmarine.com\/pt\/piacaba\/companheiro-de-conves\/brushes\/produto-de-amostra\/deckmate-dm120-soft-brush\/#primaryimage","url":"https:\/\/dulonmarine.com\/wp-content\/uploads\/2023\/02\/120-Deckmate-Brush-soft-Without-packaging-View-from-above-1.jpg","contentUrl":"https:\/\/dulonmarine.com\/wp-content\/uploads\/2023\/02\/120-Deckmate-Brush-soft-Without-packaging-View-from-above-1.jpg","width":1200,"height":1200},{"@type":"BreadcrumbList","@id":"https:\/\/dulonmarine.com\/pt\/piacaba\/companheiro-de-conves\/brushes\/produto-de-amostra\/deckmate-dm120-soft-brush\/#breadcrumb","itemListElement":[{"@type":"ListItem","position":1,"name":"Home","item":"https:\/\/dulonmarine.com\/"},{"@type":"ListItem","position":2,"name":"Winkel","item":"https:\/\/dulonmarine.com\/pt\/piacaba\/"},{"@type":"ListItem","position":3,"name":"Deckmate DM120 Soft brush"}]},{"@type":"WebSite","@id":"https:\/\/dulonmarine.com\/pt\/#website","url":"https:\/\/dulonmarine.com\/pt\/","name":"Dulon Marine","description":"Produits d\u00e9riv\u00e9s pour la vente au d\u00e9tail","publisher":{"@id":"https:\/\/dulonmarine.com\/pt\/#organization"},"potentialAction":[{"@type":"SearchAction","target":{"@type":"EntryPoint","urlTemplate":"https:\/\/dulonmarine.com\/pt\/?s={search_term_string}"},"query-input":{"@type":"PropertyValueSpecification","valueRequired":true,"valueName":"search_term_string"}}],"inLanguage":"fr-FR"},{"@type":"Organization","@id":"https:\/\/dulonmarine.com\/pt\/#organization","name":"Dulon Marine Groupe Deckmate","url":"https:\/\/dulonmarine.com\/pt\/","logo":{"@type":"ImageObject","inLanguage":"fr-FR","@id":"https:\/\/dulonmarine.com\/pt\/#\/schema\/logo\/image\/","url":"http:\/\/dulonmarine.com\/wp-content\/uploads\/2023\/02\/Dulon-Marine-Deckmate-Group-logo-small.png","contentUrl":"http:\/\/dulonmarine.com\/wp-content\/uploads\/2023\/02\/Dulon-Marine-Deckmate-Group-logo-small.png","width":350,"height":150,"caption":"Dulon Marine Deckmate Group"},"image":{"@id":"https:\/\/dulonmarine.com\/pt\/#\/schema\/logo\/image\/"},"sameAs":["https:\/\/www.facebook.com\/dulonmarine?locale=nl_NL","https:\/\/www.instagram.com\/dulonmarinegroup\/"]}]}},"_links":{"self":[{"href":"https:\/\/dulonmarine.com\/fr\/wp-json\/wp\/v2\/product\/8485","targetHints":{"allow":["GET"]}}],"collection":[{"href":"https:\/\/dulonmarine.com\/fr\/wp-json\/wp\/v2\/product"}],"about":[{"href":"https:\/\/dulonmarine.com\/fr\/wp-json\/wp\/v2\/types\/product"}],"wp:featuredmedia":[{"embeddable":true,"href":"https:\/\/dulonmarine.com\/fr\/wp-json\/wp\/v2\/media\/9390"}],"wp:attachment":[{"href":"https:\/\/dulonmarine.com\/fr\/wp-json\/wp\/v2\/media?parent=8485"}],"wp:term":[{"taxonomy":"product_brand","embeddable":true,"href":"https:\/\/dulonmarine.com\/fr\/wp-json\/wp\/v2\/product_brand?post=8485"},{"taxonomy":"product_cat","embeddable":true,"href":"https:\/\/dulonmarine.com\/fr\/wp-json\/wp\/v2\/product_cat?post=8485"},{"taxonomy":"product_tag","embeddable":true,"href":"https:\/\/dulonmarine.com\/fr\/wp-json\/wp\/v2\/product_tag?post=8485"}],"curies":[{"name":"wp","href":"https:\/\/api.w.org\/{rel}","templated":true}]}}