{"id":8492,"date":"2023-02-08T10:40:01","date_gmt":"2023-02-08T09:40:01","guid":{"rendered":"http:\/\/dulonmarine.com\/?post_type=product&#038;p=8492"},"modified":"2025-10-23T15:38:12","modified_gmt":"2025-10-23T14:38:12","slug":"lame-deau-flexible-deckmate-dm310","status":"publish","type":"product","link":"https:\/\/dulonmarine.com\/fr\/winkel\/deckmate\/drying-products\/sample-product\/deckmate-dm310-flexible-water-blade\/","title":{"rendered":"Deckmate DM310 Lame d'eau flexible"},"content":{"rendered":"<p>Cette lame d'eau manuelle de 28 cm de large de la ligne de produits deckmate est fabriqu\u00e9e en silicone transparent de qualit\u00e9 m\u00e9dicale et est dot\u00e9e d'un design brevet\u00e9 en forme de V pour extraire l'eau de presque toutes les surfaces.<\/p>\n<p>Avantages :<\/p>\n<ul>\n<li>Le r\u00e9sultat est un bateau ou une voiture lav\u00e9s qui s\u00e8chent beaucoup plus rapidement qu'avec l'utilisation d'une peau de chamois.<\/li>\n<li>Le silicone souple ne laisse pas de rayures et ne cause pas de dommages apr\u00e8s le s\u00e9chage.<\/li>\n<li>Il convient \u00e9galement parfaitement \u00e0 une utilisation dans la maison pour s\u00e9cher les parois et les portes de la douche.<\/li>\n<li>Apr\u00e8s utilisation, il est recommand\u00e9 de laver la lame \u00e0 l'eau douce et de la laisser s\u00e9cher.<\/li>\n<\/ul>","protected":false},"excerpt":{"rendered":"<p>Cette lame d'eau manuelle de 28 cm de large de la ligne de produits deckmate est fabriqu\u00e9e en silicone transparent de qualit\u00e9 m\u00e9dicale et est dot\u00e9e d'un design brevet\u00e9 en forme de V pour extraire l'eau de presque toutes les surfaces.<\/p>\n<div class=\"x-video-inner\">\n    <video  \nclass=\"x-mejs x-wp-video-shortcode advanced-controls\" \n        width=\"400\" \n        height=\"400\" \n        loop autoplay muted playsinline style=\"border: none; outline: none; background: none;\"><source type=\"video\/mp4\" src=\"https:\/\/dulonmarine.com\/wp-content\/uploads\/2025\/10\/Deckmate-DM310-Flexible-water-blade-360-spin.mp4\"><\/video>\n<\/div>","protected":false},"featured_media":9375,"template":"","meta":{"_acf_changed":false,"om_disable_all_campaigns":false,"rs_blank_template":"","rs_page_bg_color":"","slide_template_v7":"","inline_featured_image":false,"_monsterinsights_skip_tracking":false,"_monsterinsights_sitenote_active":false,"_monsterinsights_sitenote_note":"","_monsterinsights_sitenote_category":0},"product_brand":[],"product_cat":[280,290],"product_tag":[294],"class_list":{"0":"post-8492","1":"product","2":"type-product","3":"status-publish","4":"has-post-thumbnail","6":"product_cat-deckmate","7":"product_cat-drying-products","8":"product_tag-294","9":"pa_article-numbers-contents-dm310","12":"first","13":"instock","14":"taxable","15":"shipping-taxable","16":"purchasable","17":"product-type-simple"},"acf":[],"yoast_head":"<!-- This site is optimized with the Yoast SEO plugin v27.4 - https:\/\/yoast.com\/product\/yoast-seo-wordpress\/ -->\n<title>Deckmate DM310 Flexible water blade - Dulon Marine<\/title>\n<meta name=\"description\" content=\"This flexible water blade is made of a transparent medical grade silicone and is fitted with a patented V-shaped design for pulling away water from almost any surface.\" \/>\n<meta name=\"robots\" content=\"index, follow, max-snippet:-1, max-image-preview:large, max-video-preview:-1\" \/>\n<link rel=\"canonical\" href=\"https:\/\/dulonmarine.com\/fr\/winkel\/matelot\/produits-de-sechage\/echantillon-de-produit\/lame-deau-flexible-deckmate-dm310\/\" \/>\n<meta property=\"og:locale\" content=\"fr_FR\" \/>\n<meta property=\"og:type\" content=\"article\" \/>\n<meta property=\"og:title\" content=\"Deckmate DM310 Flexible water blade - Dulon Marine\" \/>\n<meta property=\"og:description\" content=\"This flexible water blade is made of a transparent medical grade silicone and is fitted with a patented V-shaped design for pulling away water from almost any surface.\" \/>\n<meta property=\"og:url\" content=\"https:\/\/dulonmarine.com\/fr\/winkel\/matelot\/produits-de-sechage\/echantillon-de-produit\/lame-deau-flexible-deckmate-dm310\/\" \/>\n<meta property=\"og:site_name\" content=\"Dulon Marine\" \/>\n<meta property=\"article:publisher\" content=\"https:\/\/www.facebook.com\/dulonmarine?locale=nl_NL\" \/>\n<meta property=\"article:modified_time\" content=\"2025-10-23T14:38:12+00:00\" \/>\n<meta property=\"og:image\" content=\"https:\/\/dulonmarine.com\/wp-content\/uploads\/2023\/02\/310-Deckmate-Flexible-water-blade-In-packaging-Front-view.jpg\" \/>\n\t<meta property=\"og:image:width\" content=\"1200\" \/>\n\t<meta property=\"og:image:height\" content=\"1200\" \/>\n\t<meta property=\"og:image:type\" content=\"image\/jpeg\" \/>\n<meta name=\"twitter:card\" content=\"summary_large_image\" \/>\n<meta name=\"twitter:label1\" content=\"Dur\u00e9e de lecture estim\u00e9e\" \/>\n\t<meta name=\"twitter:data1\" content=\"1 minute\" \/>\n<script type=\"application\/ld+json\" class=\"yoast-schema-graph\">{\"@context\":\"https:\\\/\\\/schema.org\",\"@graph\":[{\"@type\":\"WebPage\",\"@id\":\"https:\\\/\\\/dulonmarine.com\\\/winkel\\\/deckmate\\\/drying-products\\\/sample-product\\\/deckmate-dm310-flexible-water-blade\\\/\",\"url\":\"https:\\\/\\\/dulonmarine.com\\\/winkel\\\/deckmate\\\/drying-products\\\/sample-product\\\/deckmate-dm310-flexible-water-blade\\\/\",\"name\":\"Deckmate DM310 Flexible water blade - Dulon Marine\",\"isPartOf\":{\"@id\":\"https:\\\/\\\/dulonmarine.com\\\/pt\\\/#website\"},\"primaryImageOfPage\":{\"@id\":\"https:\\\/\\\/dulonmarine.com\\\/winkel\\\/deckmate\\\/drying-products\\\/sample-product\\\/deckmate-dm310-flexible-water-blade\\\/#primaryimage\"},\"image\":{\"@id\":\"https:\\\/\\\/dulonmarine.com\\\/winkel\\\/deckmate\\\/drying-products\\\/sample-product\\\/deckmate-dm310-flexible-water-blade\\\/#primaryimage\"},\"thumbnailUrl\":\"https:\\\/\\\/dulonmarine.com\\\/wp-content\\\/uploads\\\/2023\\\/02\\\/310-Deckmate-Flexible-water-blade-In-packaging-Front-view.jpg\",\"datePublished\":\"2023-02-08T09:40:01+00:00\",\"dateModified\":\"2025-10-23T14:38:12+00:00\",\"description\":\"This flexible water blade is made of a transparent medical grade silicone and is fitted with a patented V-shaped design for pulling away water from almost any surface.\",\"breadcrumb\":{\"@id\":\"https:\\\/\\\/dulonmarine.com\\\/winkel\\\/deckmate\\\/drying-products\\\/sample-product\\\/deckmate-dm310-flexible-water-blade\\\/#breadcrumb\"},\"inLanguage\":\"fr-FR\",\"potentialAction\":[{\"@type\":\"ReadAction\",\"target\":[\"https:\\\/\\\/dulonmarine.com\\\/winkel\\\/deckmate\\\/drying-products\\\/sample-product\\\/deckmate-dm310-flexible-water-blade\\\/\"]}]},{\"@type\":\"ImageObject\",\"inLanguage\":\"fr-FR\",\"@id\":\"https:\\\/\\\/dulonmarine.com\\\/winkel\\\/deckmate\\\/drying-products\\\/sample-product\\\/deckmate-dm310-flexible-water-blade\\\/#primaryimage\",\"url\":\"https:\\\/\\\/dulonmarine.com\\\/wp-content\\\/uploads\\\/2023\\\/02\\\/310-Deckmate-Flexible-water-blade-In-packaging-Front-view.jpg\",\"contentUrl\":\"https:\\\/\\\/dulonmarine.com\\\/wp-content\\\/uploads\\\/2023\\\/02\\\/310-Deckmate-Flexible-water-blade-In-packaging-Front-view.jpg\",\"width\":1200,\"height\":1200},{\"@type\":\"BreadcrumbList\",\"@id\":\"https:\\\/\\\/dulonmarine.com\\\/winkel\\\/deckmate\\\/drying-products\\\/sample-product\\\/deckmate-dm310-flexible-water-blade\\\/#breadcrumb\",\"itemListElement\":[{\"@type\":\"ListItem\",\"position\":1,\"name\":\"Home\",\"item\":\"https:\\\/\\\/dulonmarine.com\\\/\"},{\"@type\":\"ListItem\",\"position\":2,\"name\":\"Winkel\",\"item\":\"https:\\\/\\\/dulonmarine.com\\\/pt\\\/piacaba\\\/\"},{\"@type\":\"ListItem\",\"position\":3,\"name\":\"Deckmate DM310 Flexible water blade\"}]},{\"@type\":\"WebSite\",\"@id\":\"https:\\\/\\\/dulonmarine.com\\\/pt\\\/#website\",\"url\":\"https:\\\/\\\/dulonmarine.com\\\/pt\\\/\",\"name\":\"Dulon Marine\",\"description\":\"Onderhoudsproducten voor de scheepvaart\",\"publisher\":{\"@id\":\"https:\\\/\\\/dulonmarine.com\\\/pt\\\/#organization\"},\"potentialAction\":[{\"@type\":\"SearchAction\",\"target\":{\"@type\":\"EntryPoint\",\"urlTemplate\":\"https:\\\/\\\/dulonmarine.com\\\/pt\\\/?s={search_term_string}\"},\"query-input\":{\"@type\":\"PropertyValueSpecification\",\"valueRequired\":true,\"valueName\":\"search_term_string\"}}],\"inLanguage\":\"fr-FR\"},{\"@type\":\"Organization\",\"@id\":\"https:\\\/\\\/dulonmarine.com\\\/pt\\\/#organization\",\"name\":\"Dulon Marine Deckmate Group\",\"url\":\"https:\\\/\\\/dulonmarine.com\\\/pt\\\/\",\"logo\":{\"@type\":\"ImageObject\",\"inLanguage\":\"fr-FR\",\"@id\":\"https:\\\/\\\/dulonmarine.com\\\/pt\\\/#\\\/schema\\\/logo\\\/image\\\/\",\"url\":\"http:\\\/\\\/dulonmarine.com\\\/wp-content\\\/uploads\\\/2023\\\/02\\\/Dulon-Marine-Deckmate-Group-logo-small.png\",\"contentUrl\":\"http:\\\/\\\/dulonmarine.com\\\/wp-content\\\/uploads\\\/2023\\\/02\\\/Dulon-Marine-Deckmate-Group-logo-small.png\",\"width\":350,\"height\":150,\"caption\":\"Dulon Marine Deckmate Group\"},\"image\":{\"@id\":\"https:\\\/\\\/dulonmarine.com\\\/pt\\\/#\\\/schema\\\/logo\\\/image\\\/\"},\"sameAs\":[\"https:\\\/\\\/www.facebook.com\\\/dulonmarine?locale=nl_NL\",\"https:\\\/\\\/www.instagram.com\\\/dulonmarinegroup\\\/\"]}]}<\/script>\n<!-- \/ Yoast SEO plugin. -->","yoast_head_json":{"title":"Deckmate DM310 Lame d'eau flexible - Dulon Marine","description":"Cette lame d'eau flexible est fabriqu\u00e9e en silicone transparent de qualit\u00e9 m\u00e9dicale et est dot\u00e9e d'une forme en V brevet\u00e9e qui permet d'extraire l'eau de presque toutes les surfaces.","robots":{"index":"index","follow":"follow","max-snippet":"max-snippet:-1","max-image-preview":"max-image-preview:large","max-video-preview":"max-video-preview:-1"},"canonical":"https:\/\/dulonmarine.com\/fr\/winkel\/matelot\/produits-de-sechage\/echantillon-de-produit\/lame-deau-flexible-deckmate-dm310\/","og_locale":"fr_FR","og_type":"article","og_title":"Deckmate DM310 Flexible water blade - Dulon Marine","og_description":"This flexible water blade is made of a transparent medical grade silicone and is fitted with a patented V-shaped design for pulling away water from almost any surface.","og_url":"https:\/\/dulonmarine.com\/fr\/winkel\/matelot\/produits-de-sechage\/echantillon-de-produit\/lame-deau-flexible-deckmate-dm310\/","og_site_name":"Dulon Marine","article_publisher":"https:\/\/www.facebook.com\/dulonmarine?locale=nl_NL","article_modified_time":"2025-10-23T14:38:12+00:00","og_image":[{"width":1200,"height":1200,"url":"https:\/\/dulonmarine.com\/wp-content\/uploads\/2023\/02\/310-Deckmate-Flexible-water-blade-In-packaging-Front-view.jpg","type":"image\/jpeg"}],"twitter_card":"summary_large_image","twitter_misc":{"Dur\u00e9e de lecture estim\u00e9e":"1 minute"},"schema":{"@context":"https:\/\/schema.org","@graph":[{"@type":"WebPage","@id":"https:\/\/dulonmarine.com\/winkel\/deckmate\/drying-products\/sample-product\/deckmate-dm310-flexible-water-blade\/","url":"https:\/\/dulonmarine.com\/winkel\/deckmate\/drying-products\/sample-product\/deckmate-dm310-flexible-water-blade\/","name":"Deckmate DM310 Lame d'eau flexible - Dulon Marine","isPartOf":{"@id":"https:\/\/dulonmarine.com\/pt\/#website"},"primaryImageOfPage":{"@id":"https:\/\/dulonmarine.com\/winkel\/deckmate\/drying-products\/sample-product\/deckmate-dm310-flexible-water-blade\/#primaryimage"},"image":{"@id":"https:\/\/dulonmarine.com\/winkel\/deckmate\/drying-products\/sample-product\/deckmate-dm310-flexible-water-blade\/#primaryimage"},"thumbnailUrl":"https:\/\/dulonmarine.com\/wp-content\/uploads\/2023\/02\/310-Deckmate-Flexible-water-blade-In-packaging-Front-view.jpg","datePublished":"2023-02-08T09:40:01+00:00","dateModified":"2025-10-23T14:38:12+00:00","description":"Cette lame d'eau flexible est fabriqu\u00e9e en silicone transparent de qualit\u00e9 m\u00e9dicale et est dot\u00e9e d'une forme en V brevet\u00e9e qui permet d'extraire l'eau de presque toutes les surfaces.","breadcrumb":{"@id":"https:\/\/dulonmarine.com\/winkel\/deckmate\/drying-products\/sample-product\/deckmate-dm310-flexible-water-blade\/#breadcrumb"},"inLanguage":"fr-FR","potentialAction":[{"@type":"ReadAction","target":["https:\/\/dulonmarine.com\/winkel\/deckmate\/drying-products\/sample-product\/deckmate-dm310-flexible-water-blade\/"]}]},{"@type":"ImageObject","inLanguage":"fr-FR","@id":"https:\/\/dulonmarine.com\/winkel\/deckmate\/drying-products\/sample-product\/deckmate-dm310-flexible-water-blade\/#primaryimage","url":"https:\/\/dulonmarine.com\/wp-content\/uploads\/2023\/02\/310-Deckmate-Flexible-water-blade-In-packaging-Front-view.jpg","contentUrl":"https:\/\/dulonmarine.com\/wp-content\/uploads\/2023\/02\/310-Deckmate-Flexible-water-blade-In-packaging-Front-view.jpg","width":1200,"height":1200},{"@type":"BreadcrumbList","@id":"https:\/\/dulonmarine.com\/winkel\/deckmate\/drying-products\/sample-product\/deckmate-dm310-flexible-water-blade\/#breadcrumb","itemListElement":[{"@type":"ListItem","position":1,"name":"Home","item":"https:\/\/dulonmarine.com\/"},{"@type":"ListItem","position":2,"name":"Winkel","item":"https:\/\/dulonmarine.com\/pt\/piacaba\/"},{"@type":"ListItem","position":3,"name":"Deckmate DM310 Flexible water blade"}]},{"@type":"WebSite","@id":"https:\/\/dulonmarine.com\/pt\/#website","url":"https:\/\/dulonmarine.com\/pt\/","name":"Dulon Marine","description":"Produits d\u00e9riv\u00e9s pour la vente au d\u00e9tail","publisher":{"@id":"https:\/\/dulonmarine.com\/pt\/#organization"},"potentialAction":[{"@type":"SearchAction","target":{"@type":"EntryPoint","urlTemplate":"https:\/\/dulonmarine.com\/pt\/?s={search_term_string}"},"query-input":{"@type":"PropertyValueSpecification","valueRequired":true,"valueName":"search_term_string"}}],"inLanguage":"fr-FR"},{"@type":"Organization","@id":"https:\/\/dulonmarine.com\/pt\/#organization","name":"Dulon Marine Groupe Deckmate","url":"https:\/\/dulonmarine.com\/pt\/","logo":{"@type":"ImageObject","inLanguage":"fr-FR","@id":"https:\/\/dulonmarine.com\/pt\/#\/schema\/logo\/image\/","url":"http:\/\/dulonmarine.com\/wp-content\/uploads\/2023\/02\/Dulon-Marine-Deckmate-Group-logo-small.png","contentUrl":"http:\/\/dulonmarine.com\/wp-content\/uploads\/2023\/02\/Dulon-Marine-Deckmate-Group-logo-small.png","width":350,"height":150,"caption":"Dulon Marine Deckmate Group"},"image":{"@id":"https:\/\/dulonmarine.com\/pt\/#\/schema\/logo\/image\/"},"sameAs":["https:\/\/www.facebook.com\/dulonmarine?locale=nl_NL","https:\/\/www.instagram.com\/dulonmarinegroup\/"]}]}},"_links":{"self":[{"href":"https:\/\/dulonmarine.com\/fr\/wp-json\/wp\/v2\/product\/8492","targetHints":{"allow":["GET"]}}],"collection":[{"href":"https:\/\/dulonmarine.com\/fr\/wp-json\/wp\/v2\/product"}],"about":[{"href":"https:\/\/dulonmarine.com\/fr\/wp-json\/wp\/v2\/types\/product"}],"wp:featuredmedia":[{"embeddable":true,"href":"https:\/\/dulonmarine.com\/fr\/wp-json\/wp\/v2\/media\/9375"}],"wp:attachment":[{"href":"https:\/\/dulonmarine.com\/fr\/wp-json\/wp\/v2\/media?parent=8492"}],"wp:term":[{"taxonomy":"product_brand","embeddable":true,"href":"https:\/\/dulonmarine.com\/fr\/wp-json\/wp\/v2\/product_brand?post=8492"},{"taxonomy":"product_cat","embeddable":true,"href":"https:\/\/dulonmarine.com\/fr\/wp-json\/wp\/v2\/product_cat?post=8492"},{"taxonomy":"product_tag","embeddable":true,"href":"https:\/\/dulonmarine.com\/fr\/wp-json\/wp\/v2\/product_tag?post=8492"}],"curies":[{"name":"wp","href":"https:\/\/api.w.org\/{rel}","templated":true}]}}