{"id":8500,"date":"2023-02-08T11:37:28","date_gmt":"2023-02-08T10:37:28","guid":{"rendered":"http:\/\/dulonmarine.com\/?post_type=product&#038;p=8500"},"modified":"2024-10-24T12:57:23","modified_gmt":"2024-10-24T11:57:23","slug":"deckmate-dm210-microfibre-washmitt","status":"publish","type":"product","link":"https:\/\/dulonmarine.com\/fr\/winkel\/deckmate\/wash-scrub\/sample-product\/deckmate-dm210-microfiber-washmitt\/","title":{"rendered":"Deckmate DM210 Lave-linge en microfibres"},"content":{"rendered":"<p>Ce gant de toilette en chenille est fabriqu\u00e9 en microfibres r\u00e9sistantes et extr\u00eamement douces de couleur orange, compos\u00e9es de polyester 80% et de polyamide 20%. Les brins de microfibres ne peluchent pas et peuvent absorber une quantit\u00e9 incroyable d'eau, ce qui contribue \u00e0 un nettoyage sans rayures. La salet\u00e9 ne s'accroche pratiquement pas aux brins de microfibres et il est facile de les rincer.<\/p>\n<p>Avantages :<\/p>\n<ul>\n<li>Peut \u00eatre utilis\u00e9 sur les deux faces.<\/li>\n<li>Prot\u00e8ge les mains douces lors de l'utilisation sur des ar\u00eates tranchantes.<\/li>\n<li>La manchette \u00e9lastique garantit que le gant ne glisse pas de la main pendant l'utilisation.<\/li>\n<\/ul>","protected":false},"excerpt":{"rendered":"<p>Ce gant de toilette en microfibre convient pour :<\/p>\n<ul>\n<li>Il convient parfaitement au nettoyage des surfaces peintes ou sensibles aux rayures, comme votre voiture ou votre bateau. Le gant de lavage est suffisamment puissant pour \u00e9liminer facilement la salet\u00e9 et les autres contaminations.<\/li>\n<li>Permet d'atteindre les coins et les bords difficiles d'acc\u00e8s.<\/li>\n<li>Non recommand\u00e9 pour les fen\u00eatres en PVC souple de votre toit amovible.<\/li>\n<\/ul>\n<p>Apr\u00e8s utilisation, il est recommand\u00e9 de laver le gant de toilette \u00e0 l'eau douce, de l'essorer et de le laisser s\u00e9cher.<\/p>\n<div class=\"x-video-inner\">\n    <video  \nclass=\"x-mejs x-wp-video-shortcode advanced-controls\" \n        width=\"400\" \n        height=\"400\" \n        loop autoplay muted playsinline style=\"border: none; outline: none; background: none;\"><source type=\"video\/mp4\" src=\"http:\/\/dulonmarine.com\/wp-content\/uploads\/2024\/10\/210_Microfiber_Washmitt_v1_1.mp4\"><\/video>\n<\/div>","protected":false},"featured_media":9279,"template":"","meta":{"_acf_changed":false,"om_disable_all_campaigns":false,"rs_blank_template":"","rs_page_bg_color":"","slide_template_v7":"","inline_featured_image":false,"_monsterinsights_skip_tracking":false,"_monsterinsights_sitenote_active":false,"_monsterinsights_sitenote_note":"","_monsterinsights_sitenote_category":0},"product_brand":[],"product_cat":[280,307],"product_tag":[309],"class_list":{"0":"post-8500","1":"product","2":"type-product","3":"status-publish","4":"has-post-thumbnail","6":"product_cat-deckmate","7":"product_cat-wash-scrub","8":"product_tag-309","9":"pa_article-numbers-contents-dm210","12":"first","13":"instock","14":"taxable","15":"shipping-taxable","16":"purchasable","17":"product-type-simple"},"acf":[],"yoast_head":"<!-- This site is optimized with the Yoast SEO plugin v27.4 - https:\/\/yoast.com\/product\/yoast-seo-wordpress\/ -->\n<title>Deckmate DM210 Microfiber washmitt - Dulon Marine<\/title>\n<meta name=\"description\" content=\"This chenille wash mitt is made of strong and extremely soft microfibre material in an orange colour, consisting of 80% polyester and 20% polyamide.\" \/>\n<meta name=\"robots\" content=\"index, follow, max-snippet:-1, max-image-preview:large, max-video-preview:-1\" \/>\n<link rel=\"canonical\" href=\"https:\/\/dulonmarine.com\/fr\/winkel\/matelot\/laver-gommer\/echantillon-de-produit\/deckmate-dm210-microfibre-washmitt\/\" \/>\n<meta property=\"og:locale\" content=\"fr_FR\" \/>\n<meta property=\"og:type\" content=\"article\" \/>\n<meta property=\"og:title\" content=\"Deckmate DM210 Microfiber washmitt - Dulon Marine\" \/>\n<meta property=\"og:description\" content=\"This chenille wash mitt is made of strong and extremely soft microfibre material in an orange colour, consisting of 80% polyester and 20% polyamide.\" \/>\n<meta property=\"og:url\" content=\"https:\/\/dulonmarine.com\/fr\/winkel\/matelot\/laver-gommer\/echantillon-de-produit\/deckmate-dm210-microfibre-washmitt\/\" \/>\n<meta property=\"og:site_name\" content=\"Dulon Marine\" \/>\n<meta property=\"article:publisher\" content=\"https:\/\/www.facebook.com\/dulonmarine?locale=nl_NL\" \/>\n<meta property=\"article:modified_time\" content=\"2024-10-24T11:57:23+00:00\" \/>\n<meta property=\"og:image\" content=\"https:\/\/dulonmarine.com\/wp-content\/uploads\/2023\/02\/210-Deckmate-Microfiber-washmitt-On-hand.jpg\" \/>\n\t<meta property=\"og:image:width\" content=\"1200\" \/>\n\t<meta property=\"og:image:height\" content=\"1200\" \/>\n\t<meta property=\"og:image:type\" content=\"image\/jpeg\" \/>\n<meta name=\"twitter:card\" content=\"summary_large_image\" \/>\n<meta name=\"twitter:label1\" content=\"Dur\u00e9e de lecture estim\u00e9e\" \/>\n\t<meta name=\"twitter:data1\" content=\"1 minute\" \/>\n<script type=\"application\/ld+json\" class=\"yoast-schema-graph\">{\"@context\":\"https:\\\/\\\/schema.org\",\"@graph\":[{\"@type\":\"WebPage\",\"@id\":\"https:\\\/\\\/dulonmarine.com\\\/sv\\\/winkel\\\/dackskamrat\\\/tvatta-skrubba\\\/produktprov\\\/deckmate-dm210-microfiber-washmitt\\\/\",\"url\":\"https:\\\/\\\/dulonmarine.com\\\/sv\\\/winkel\\\/dackskamrat\\\/tvatta-skrubba\\\/produktprov\\\/deckmate-dm210-microfiber-washmitt\\\/\",\"name\":\"Deckmate DM210 Microfiber washmitt - Dulon Marine\",\"isPartOf\":{\"@id\":\"https:\\\/\\\/dulonmarine.com\\\/pt\\\/#website\"},\"primaryImageOfPage\":{\"@id\":\"https:\\\/\\\/dulonmarine.com\\\/sv\\\/winkel\\\/dackskamrat\\\/tvatta-skrubba\\\/produktprov\\\/deckmate-dm210-microfiber-washmitt\\\/#primaryimage\"},\"image\":{\"@id\":\"https:\\\/\\\/dulonmarine.com\\\/sv\\\/winkel\\\/dackskamrat\\\/tvatta-skrubba\\\/produktprov\\\/deckmate-dm210-microfiber-washmitt\\\/#primaryimage\"},\"thumbnailUrl\":\"https:\\\/\\\/dulonmarine.com\\\/wp-content\\\/uploads\\\/2023\\\/02\\\/210-Deckmate-Microfiber-washmitt-On-hand.jpg\",\"datePublished\":\"2023-02-08T10:37:28+00:00\",\"dateModified\":\"2024-10-24T11:57:23+00:00\",\"description\":\"This chenille wash mitt is made of strong and extremely soft microfibre material in an orange colour, consisting of 80% polyester and 20% polyamide.\",\"breadcrumb\":{\"@id\":\"https:\\\/\\\/dulonmarine.com\\\/sv\\\/winkel\\\/dackskamrat\\\/tvatta-skrubba\\\/produktprov\\\/deckmate-dm210-microfiber-washmitt\\\/#breadcrumb\"},\"inLanguage\":\"fr-FR\",\"potentialAction\":[{\"@type\":\"ReadAction\",\"target\":[\"https:\\\/\\\/dulonmarine.com\\\/sv\\\/winkel\\\/dackskamrat\\\/tvatta-skrubba\\\/produktprov\\\/deckmate-dm210-microfiber-washmitt\\\/\"]}]},{\"@type\":\"ImageObject\",\"inLanguage\":\"fr-FR\",\"@id\":\"https:\\\/\\\/dulonmarine.com\\\/sv\\\/winkel\\\/dackskamrat\\\/tvatta-skrubba\\\/produktprov\\\/deckmate-dm210-microfiber-washmitt\\\/#primaryimage\",\"url\":\"https:\\\/\\\/dulonmarine.com\\\/wp-content\\\/uploads\\\/2023\\\/02\\\/210-Deckmate-Microfiber-washmitt-On-hand.jpg\",\"contentUrl\":\"https:\\\/\\\/dulonmarine.com\\\/wp-content\\\/uploads\\\/2023\\\/02\\\/210-Deckmate-Microfiber-washmitt-On-hand.jpg\",\"width\":1200,\"height\":1200},{\"@type\":\"BreadcrumbList\",\"@id\":\"https:\\\/\\\/dulonmarine.com\\\/sv\\\/winkel\\\/dackskamrat\\\/tvatta-skrubba\\\/produktprov\\\/deckmate-dm210-microfiber-washmitt\\\/#breadcrumb\",\"itemListElement\":[{\"@type\":\"ListItem\",\"position\":1,\"name\":\"Home\",\"item\":\"https:\\\/\\\/dulonmarine.com\\\/\"},{\"@type\":\"ListItem\",\"position\":2,\"name\":\"Winkel\",\"item\":\"https:\\\/\\\/dulonmarine.com\\\/pt\\\/piacaba\\\/\"},{\"@type\":\"ListItem\",\"position\":3,\"name\":\"Deckmate DM210 Microfiber washmitt\"}]},{\"@type\":\"WebSite\",\"@id\":\"https:\\\/\\\/dulonmarine.com\\\/pt\\\/#website\",\"url\":\"https:\\\/\\\/dulonmarine.com\\\/pt\\\/\",\"name\":\"Dulon Marine\",\"description\":\"Onderhoudsproducten voor de scheepvaart\",\"publisher\":{\"@id\":\"https:\\\/\\\/dulonmarine.com\\\/pt\\\/#organization\"},\"potentialAction\":[{\"@type\":\"SearchAction\",\"target\":{\"@type\":\"EntryPoint\",\"urlTemplate\":\"https:\\\/\\\/dulonmarine.com\\\/pt\\\/?s={search_term_string}\"},\"query-input\":{\"@type\":\"PropertyValueSpecification\",\"valueRequired\":true,\"valueName\":\"search_term_string\"}}],\"inLanguage\":\"fr-FR\"},{\"@type\":\"Organization\",\"@id\":\"https:\\\/\\\/dulonmarine.com\\\/pt\\\/#organization\",\"name\":\"Dulon Marine Deckmate Group\",\"url\":\"https:\\\/\\\/dulonmarine.com\\\/pt\\\/\",\"logo\":{\"@type\":\"ImageObject\",\"inLanguage\":\"fr-FR\",\"@id\":\"https:\\\/\\\/dulonmarine.com\\\/pt\\\/#\\\/schema\\\/logo\\\/image\\\/\",\"url\":\"http:\\\/\\\/dulonmarine.com\\\/wp-content\\\/uploads\\\/2023\\\/02\\\/Dulon-Marine-Deckmate-Group-logo-small.png\",\"contentUrl\":\"http:\\\/\\\/dulonmarine.com\\\/wp-content\\\/uploads\\\/2023\\\/02\\\/Dulon-Marine-Deckmate-Group-logo-small.png\",\"width\":350,\"height\":150,\"caption\":\"Dulon Marine Deckmate Group\"},\"image\":{\"@id\":\"https:\\\/\\\/dulonmarine.com\\\/pt\\\/#\\\/schema\\\/logo\\\/image\\\/\"},\"sameAs\":[\"https:\\\/\\\/www.facebook.com\\\/dulonmarine?locale=nl_NL\",\"https:\\\/\\\/www.instagram.com\\\/dulonmarinegroup\\\/\"]}]}<\/script>\n<!-- \/ Yoast SEO plugin. -->","yoast_head_json":{"title":"Deckmate DM210 Lave-mains en microfibres - Dulon Marine","description":"Ce gant de toilette en chenille est fabriqu\u00e9 en microfibres r\u00e9sistantes et extr\u00eamement douces de couleur orange, compos\u00e9es de polyester 80% et de polyamide 20%.","robots":{"index":"index","follow":"follow","max-snippet":"max-snippet:-1","max-image-preview":"max-image-preview:large","max-video-preview":"max-video-preview:-1"},"canonical":"https:\/\/dulonmarine.com\/fr\/winkel\/matelot\/laver-gommer\/echantillon-de-produit\/deckmate-dm210-microfibre-washmitt\/","og_locale":"fr_FR","og_type":"article","og_title":"Deckmate DM210 Microfiber washmitt - Dulon Marine","og_description":"This chenille wash mitt is made of strong and extremely soft microfibre material in an orange colour, consisting of 80% polyester and 20% polyamide.","og_url":"https:\/\/dulonmarine.com\/fr\/winkel\/matelot\/laver-gommer\/echantillon-de-produit\/deckmate-dm210-microfibre-washmitt\/","og_site_name":"Dulon Marine","article_publisher":"https:\/\/www.facebook.com\/dulonmarine?locale=nl_NL","article_modified_time":"2024-10-24T11:57:23+00:00","og_image":[{"width":1200,"height":1200,"url":"https:\/\/dulonmarine.com\/wp-content\/uploads\/2023\/02\/210-Deckmate-Microfiber-washmitt-On-hand.jpg","type":"image\/jpeg"}],"twitter_card":"summary_large_image","twitter_misc":{"Dur\u00e9e de lecture estim\u00e9e":"1 minute"},"schema":{"@context":"https:\/\/schema.org","@graph":[{"@type":"WebPage","@id":"https:\/\/dulonmarine.com\/sv\/winkel\/dackskamrat\/tvatta-skrubba\/produktprov\/deckmate-dm210-microfiber-washmitt\/","url":"https:\/\/dulonmarine.com\/sv\/winkel\/dackskamrat\/tvatta-skrubba\/produktprov\/deckmate-dm210-microfiber-washmitt\/","name":"Deckmate DM210 Lave-mains en microfibres - Dulon Marine","isPartOf":{"@id":"https:\/\/dulonmarine.com\/pt\/#website"},"primaryImageOfPage":{"@id":"https:\/\/dulonmarine.com\/sv\/winkel\/dackskamrat\/tvatta-skrubba\/produktprov\/deckmate-dm210-microfiber-washmitt\/#primaryimage"},"image":{"@id":"https:\/\/dulonmarine.com\/sv\/winkel\/dackskamrat\/tvatta-skrubba\/produktprov\/deckmate-dm210-microfiber-washmitt\/#primaryimage"},"thumbnailUrl":"https:\/\/dulonmarine.com\/wp-content\/uploads\/2023\/02\/210-Deckmate-Microfiber-washmitt-On-hand.jpg","datePublished":"2023-02-08T10:37:28+00:00","dateModified":"2024-10-24T11:57:23+00:00","description":"Ce gant de toilette en chenille est fabriqu\u00e9 en microfibres r\u00e9sistantes et extr\u00eamement douces de couleur orange, compos\u00e9es de polyester 80% et de polyamide 20%.","breadcrumb":{"@id":"https:\/\/dulonmarine.com\/sv\/winkel\/dackskamrat\/tvatta-skrubba\/produktprov\/deckmate-dm210-microfiber-washmitt\/#breadcrumb"},"inLanguage":"fr-FR","potentialAction":[{"@type":"ReadAction","target":["https:\/\/dulonmarine.com\/sv\/winkel\/dackskamrat\/tvatta-skrubba\/produktprov\/deckmate-dm210-microfiber-washmitt\/"]}]},{"@type":"ImageObject","inLanguage":"fr-FR","@id":"https:\/\/dulonmarine.com\/sv\/winkel\/dackskamrat\/tvatta-skrubba\/produktprov\/deckmate-dm210-microfiber-washmitt\/#primaryimage","url":"https:\/\/dulonmarine.com\/wp-content\/uploads\/2023\/02\/210-Deckmate-Microfiber-washmitt-On-hand.jpg","contentUrl":"https:\/\/dulonmarine.com\/wp-content\/uploads\/2023\/02\/210-Deckmate-Microfiber-washmitt-On-hand.jpg","width":1200,"height":1200},{"@type":"BreadcrumbList","@id":"https:\/\/dulonmarine.com\/sv\/winkel\/dackskamrat\/tvatta-skrubba\/produktprov\/deckmate-dm210-microfiber-washmitt\/#breadcrumb","itemListElement":[{"@type":"ListItem","position":1,"name":"Home","item":"https:\/\/dulonmarine.com\/"},{"@type":"ListItem","position":2,"name":"Winkel","item":"https:\/\/dulonmarine.com\/pt\/piacaba\/"},{"@type":"ListItem","position":3,"name":"Deckmate DM210 Microfiber washmitt"}]},{"@type":"WebSite","@id":"https:\/\/dulonmarine.com\/pt\/#website","url":"https:\/\/dulonmarine.com\/pt\/","name":"Dulon Marine","description":"Produits d\u00e9riv\u00e9s pour la vente au d\u00e9tail","publisher":{"@id":"https:\/\/dulonmarine.com\/pt\/#organization"},"potentialAction":[{"@type":"SearchAction","target":{"@type":"EntryPoint","urlTemplate":"https:\/\/dulonmarine.com\/pt\/?s={search_term_string}"},"query-input":{"@type":"PropertyValueSpecification","valueRequired":true,"valueName":"search_term_string"}}],"inLanguage":"fr-FR"},{"@type":"Organization","@id":"https:\/\/dulonmarine.com\/pt\/#organization","name":"Dulon Marine Groupe Deckmate","url":"https:\/\/dulonmarine.com\/pt\/","logo":{"@type":"ImageObject","inLanguage":"fr-FR","@id":"https:\/\/dulonmarine.com\/pt\/#\/schema\/logo\/image\/","url":"http:\/\/dulonmarine.com\/wp-content\/uploads\/2023\/02\/Dulon-Marine-Deckmate-Group-logo-small.png","contentUrl":"http:\/\/dulonmarine.com\/wp-content\/uploads\/2023\/02\/Dulon-Marine-Deckmate-Group-logo-small.png","width":350,"height":150,"caption":"Dulon Marine Deckmate Group"},"image":{"@id":"https:\/\/dulonmarine.com\/pt\/#\/schema\/logo\/image\/"},"sameAs":["https:\/\/www.facebook.com\/dulonmarine?locale=nl_NL","https:\/\/www.instagram.com\/dulonmarinegroup\/"]}]}},"_links":{"self":[{"href":"https:\/\/dulonmarine.com\/fr\/wp-json\/wp\/v2\/product\/8500","targetHints":{"allow":["GET"]}}],"collection":[{"href":"https:\/\/dulonmarine.com\/fr\/wp-json\/wp\/v2\/product"}],"about":[{"href":"https:\/\/dulonmarine.com\/fr\/wp-json\/wp\/v2\/types\/product"}],"wp:featuredmedia":[{"embeddable":true,"href":"https:\/\/dulonmarine.com\/fr\/wp-json\/wp\/v2\/media\/9279"}],"wp:attachment":[{"href":"https:\/\/dulonmarine.com\/fr\/wp-json\/wp\/v2\/media?parent=8500"}],"wp:term":[{"taxonomy":"product_brand","embeddable":true,"href":"https:\/\/dulonmarine.com\/fr\/wp-json\/wp\/v2\/product_brand?post=8500"},{"taxonomy":"product_cat","embeddable":true,"href":"https:\/\/dulonmarine.com\/fr\/wp-json\/wp\/v2\/product_cat?post=8500"},{"taxonomy":"product_tag","embeddable":true,"href":"https:\/\/dulonmarine.com\/fr\/wp-json\/wp\/v2\/product_tag?post=8500"}],"curies":[{"name":"wp","href":"https:\/\/api.w.org\/{rel}","templated":true}]}}