{"id":8505,"date":"2023-02-08T13:39:18","date_gmt":"2023-02-08T12:39:18","guid":{"rendered":"http:\/\/dulonmarine.com\/?post_type=product&#038;p=8505"},"modified":"2024-10-24T13:00:23","modified_gmt":"2024-10-24T12:00:23","slug":"deckmate-dm230-housse-de-tete-de-lavage-en-microfibre","status":"publish","type":"product","link":"https:\/\/dulonmarine.com\/fr\/winkel\/deckmate\/wash-scrub\/sample-product\/deckmate-dm230-microfiber-washead-cover\/","title":{"rendered":"Deckmate DM230 Housse de t\u00eate de lavage en microfibre"},"content":{"rendered":"<p>Cette housse de lavage en chenille est fabriqu\u00e9e en microfibres r\u00e9sistantes et extr\u00eamement douces, compos\u00e9es de polyester 80% et de polyamide 20% de couleur orange. Cette housse de lavage convient parfaitement au nettoyage \u00e0 distance, car les fils de microfibres absorbent et retiennent beaucoup d'eau.<br \/>\nAvantages :<\/p>\n<ul>\n<li>La fermeture velcro permet de fixer facilement la housse de lavage \u00e0 la plaque tournante. De plus, la doublure int\u00e9rieure en microfibre se fixe solidement aux bandes velcro de la plaque tournante, afin d'\u00e9viter que la housse de lavage ne glisse ou ne se torde sur la plaque tournante.<\/li>\n<li>Un tampon en mousse avec une doublure int\u00e9rieure en microfibre a \u00e9t\u00e9 ajout\u00e9 \u00e0 l'int\u00e9rieur pour prot\u00e9ger la surface de nettoyage de la plaque pivotante, ce qui rend presque impossible d'endommager la surface pendant le nettoyage.<\/li>\n<\/ul>","protected":false},"excerpt":{"rendered":"<p>Cette housse de t\u00eate de lit en microfibre convient pour.. :<\/p>\n<ul>\n<li>En utilisant ce couvercle de lavage en combinaison avec la plaque pivotante deckmate, vous pourrez nettoyer les surfaces sensibles aux rayures \u00e0 une plus grande distance ou hauteur \u00e0 l'aide d'une poign\u00e9e.<\/li>\n<li>En outre, la housse de lavage peut \u00eatre utilis\u00e9e \u00e0 sec pour d\u00e9poussi\u00e9rer les sols et autres.<\/li>\n<\/ul>\n<p>Apr\u00e8s utilisation, il est recommand\u00e9 de laver la housse de lavage \u00e0 l'eau douce, de l'essorer et de la laisser s\u00e9cher.<\/p>\n<div class=\"x-video-inner\">\n    <video  \nclass=\"x-mejs x-wp-video-shortcode advanced-controls\" \n        width=\"400\" \n        height=\"400\" \n        loop autoplay muted playsinline style=\"border: none; outline: none; background: none;\"><source type=\"video\/mp4\" src=\"http:\/\/dulonmarine.com\/wp-content\/uploads\/2024\/10\/230_Microfiber_Washhead_Cover_1.mp4\"><\/video>\n<\/div>","protected":false},"featured_media":9395,"template":"","meta":{"_acf_changed":false,"om_disable_all_campaigns":false,"rs_blank_template":"","rs_page_bg_color":"","slide_template_v7":"","inline_featured_image":false,"_monsterinsights_skip_tracking":false,"_monsterinsights_sitenote_active":false,"_monsterinsights_sitenote_note":"","_monsterinsights_sitenote_category":0},"product_brand":[],"product_cat":[280,307],"product_tag":[314],"class_list":{"0":"post-8505","1":"product","2":"type-product","3":"status-publish","4":"has-post-thumbnail","6":"product_cat-deckmate","7":"product_cat-wash-scrub","8":"product_tag-314","9":"pa_article-numbers-contents-dm230","12":"first","13":"instock","14":"taxable","15":"shipping-taxable","16":"purchasable","17":"product-type-simple"},"acf":[],"yoast_head":"<!-- This site is optimized with the Yoast SEO plugin v27.4 - https:\/\/yoast.com\/product\/yoast-seo-wordpress\/ -->\n<title>Deckmate DM230 Microfiber washhead cover - Dulon Marine<\/title>\n<meta name=\"description\" content=\"This chenille washcover is made of strong and extremely soft microfibre material, consisting of 80% polyester and 20% polyamide in an orange colour.\" \/>\n<meta name=\"robots\" content=\"index, follow, max-snippet:-1, max-image-preview:large, max-video-preview:-1\" \/>\n<link rel=\"canonical\" href=\"https:\/\/dulonmarine.com\/fr\/winkel\/matelot\/laver-gommer\/echantillon-de-produit\/deckmate-dm230-housse-de-tete-de-lavage-en-microfibre\/\" \/>\n<meta property=\"og:locale\" content=\"fr_FR\" \/>\n<meta property=\"og:type\" content=\"article\" \/>\n<meta property=\"og:title\" content=\"Deckmate DM230 Microfiber washhead cover - Dulon Marine\" \/>\n<meta property=\"og:description\" content=\"This chenille washcover is made of strong and extremely soft microfibre material, consisting of 80% polyester and 20% polyamide in an orange colour.\" \/>\n<meta property=\"og:url\" content=\"https:\/\/dulonmarine.com\/fr\/winkel\/matelot\/laver-gommer\/echantillon-de-produit\/deckmate-dm230-housse-de-tete-de-lavage-en-microfibre\/\" \/>\n<meta property=\"og:site_name\" content=\"Dulon Marine\" \/>\n<meta property=\"article:publisher\" content=\"https:\/\/www.facebook.com\/dulonmarine?locale=nl_NL\" \/>\n<meta property=\"article:modified_time\" content=\"2024-10-24T12:00:23+00:00\" \/>\n<meta property=\"og:image\" content=\"https:\/\/dulonmarine.com\/wp-content\/uploads\/2023\/02\/230-Microfiber-washead-cover-side.jpg\" \/>\n\t<meta property=\"og:image:width\" content=\"1200\" \/>\n\t<meta property=\"og:image:height\" content=\"1200\" \/>\n\t<meta property=\"og:image:type\" content=\"image\/jpeg\" \/>\n<meta name=\"twitter:card\" content=\"summary_large_image\" \/>\n<meta name=\"twitter:label1\" content=\"Dur\u00e9e de lecture estim\u00e9e\" \/>\n\t<meta name=\"twitter:data1\" content=\"1 minute\" \/>\n<script type=\"application\/ld+json\" class=\"yoast-schema-graph\">{\"@context\":\"https:\\\/\\\/schema.org\",\"@graph\":[{\"@type\":\"WebPage\",\"@id\":\"https:\\\/\\\/dulonmarine.com\\\/es\\\/winkel\\\/companero-de-cubierta\\\/lavar-fregar\\\/producto-de-muestra\\\/deckmate-dm230-microfibra-washead-cover\\\/\",\"url\":\"https:\\\/\\\/dulonmarine.com\\\/es\\\/winkel\\\/companero-de-cubierta\\\/lavar-fregar\\\/producto-de-muestra\\\/deckmate-dm230-microfibra-washead-cover\\\/\",\"name\":\"Deckmate DM230 Microfiber washhead cover - Dulon Marine\",\"isPartOf\":{\"@id\":\"https:\\\/\\\/dulonmarine.com\\\/pt\\\/#website\"},\"primaryImageOfPage\":{\"@id\":\"https:\\\/\\\/dulonmarine.com\\\/es\\\/winkel\\\/companero-de-cubierta\\\/lavar-fregar\\\/producto-de-muestra\\\/deckmate-dm230-microfibra-washead-cover\\\/#primaryimage\"},\"image\":{\"@id\":\"https:\\\/\\\/dulonmarine.com\\\/es\\\/winkel\\\/companero-de-cubierta\\\/lavar-fregar\\\/producto-de-muestra\\\/deckmate-dm230-microfibra-washead-cover\\\/#primaryimage\"},\"thumbnailUrl\":\"https:\\\/\\\/dulonmarine.com\\\/wp-content\\\/uploads\\\/2023\\\/02\\\/230-Microfiber-washead-cover-side.jpg\",\"datePublished\":\"2023-02-08T12:39:18+00:00\",\"dateModified\":\"2024-10-24T12:00:23+00:00\",\"description\":\"This chenille washcover is made of strong and extremely soft microfibre material, consisting of 80% polyester and 20% polyamide in an orange colour.\",\"breadcrumb\":{\"@id\":\"https:\\\/\\\/dulonmarine.com\\\/es\\\/winkel\\\/companero-de-cubierta\\\/lavar-fregar\\\/producto-de-muestra\\\/deckmate-dm230-microfibra-washead-cover\\\/#breadcrumb\"},\"inLanguage\":\"fr-FR\",\"potentialAction\":[{\"@type\":\"ReadAction\",\"target\":[\"https:\\\/\\\/dulonmarine.com\\\/es\\\/winkel\\\/companero-de-cubierta\\\/lavar-fregar\\\/producto-de-muestra\\\/deckmate-dm230-microfibra-washead-cover\\\/\"]}]},{\"@type\":\"ImageObject\",\"inLanguage\":\"fr-FR\",\"@id\":\"https:\\\/\\\/dulonmarine.com\\\/es\\\/winkel\\\/companero-de-cubierta\\\/lavar-fregar\\\/producto-de-muestra\\\/deckmate-dm230-microfibra-washead-cover\\\/#primaryimage\",\"url\":\"https:\\\/\\\/dulonmarine.com\\\/wp-content\\\/uploads\\\/2023\\\/02\\\/230-Microfiber-washead-cover-side.jpg\",\"contentUrl\":\"https:\\\/\\\/dulonmarine.com\\\/wp-content\\\/uploads\\\/2023\\\/02\\\/230-Microfiber-washead-cover-side.jpg\",\"width\":1200,\"height\":1200},{\"@type\":\"BreadcrumbList\",\"@id\":\"https:\\\/\\\/dulonmarine.com\\\/es\\\/winkel\\\/companero-de-cubierta\\\/lavar-fregar\\\/producto-de-muestra\\\/deckmate-dm230-microfibra-washead-cover\\\/#breadcrumb\",\"itemListElement\":[{\"@type\":\"ListItem\",\"position\":1,\"name\":\"Home\",\"item\":\"https:\\\/\\\/dulonmarine.com\\\/\"},{\"@type\":\"ListItem\",\"position\":2,\"name\":\"Winkel\",\"item\":\"https:\\\/\\\/dulonmarine.com\\\/pt\\\/piacaba\\\/\"},{\"@type\":\"ListItem\",\"position\":3,\"name\":\"Deckmate DM230 Microfiber washhead cover\"}]},{\"@type\":\"WebSite\",\"@id\":\"https:\\\/\\\/dulonmarine.com\\\/pt\\\/#website\",\"url\":\"https:\\\/\\\/dulonmarine.com\\\/pt\\\/\",\"name\":\"Dulon Marine\",\"description\":\"Onderhoudsproducten voor de scheepvaart\",\"publisher\":{\"@id\":\"https:\\\/\\\/dulonmarine.com\\\/pt\\\/#organization\"},\"potentialAction\":[{\"@type\":\"SearchAction\",\"target\":{\"@type\":\"EntryPoint\",\"urlTemplate\":\"https:\\\/\\\/dulonmarine.com\\\/pt\\\/?s={search_term_string}\"},\"query-input\":{\"@type\":\"PropertyValueSpecification\",\"valueRequired\":true,\"valueName\":\"search_term_string\"}}],\"inLanguage\":\"fr-FR\"},{\"@type\":\"Organization\",\"@id\":\"https:\\\/\\\/dulonmarine.com\\\/pt\\\/#organization\",\"name\":\"Dulon Marine Deckmate Group\",\"url\":\"https:\\\/\\\/dulonmarine.com\\\/pt\\\/\",\"logo\":{\"@type\":\"ImageObject\",\"inLanguage\":\"fr-FR\",\"@id\":\"https:\\\/\\\/dulonmarine.com\\\/pt\\\/#\\\/schema\\\/logo\\\/image\\\/\",\"url\":\"http:\\\/\\\/dulonmarine.com\\\/wp-content\\\/uploads\\\/2023\\\/02\\\/Dulon-Marine-Deckmate-Group-logo-small.png\",\"contentUrl\":\"http:\\\/\\\/dulonmarine.com\\\/wp-content\\\/uploads\\\/2023\\\/02\\\/Dulon-Marine-Deckmate-Group-logo-small.png\",\"width\":350,\"height\":150,\"caption\":\"Dulon Marine Deckmate Group\"},\"image\":{\"@id\":\"https:\\\/\\\/dulonmarine.com\\\/pt\\\/#\\\/schema\\\/logo\\\/image\\\/\"},\"sameAs\":[\"https:\\\/\\\/www.facebook.com\\\/dulonmarine?locale=nl_NL\",\"https:\\\/\\\/www.instagram.com\\\/dulonmarinegroup\\\/\"]}]}<\/script>\n<!-- \/ Yoast SEO plugin. -->","yoast_head_json":{"title":"Deckmate DM230 Housse de t\u00eate de lavage en microfibre - Dulon Marine","description":"Cette housse de lavage en chenille est fabriqu\u00e9e en microfibre r\u00e9sistante et extr\u00eamement douce, compos\u00e9e de polyester 80% et de polyamide 20% de couleur orange.","robots":{"index":"index","follow":"follow","max-snippet":"max-snippet:-1","max-image-preview":"max-image-preview:large","max-video-preview":"max-video-preview:-1"},"canonical":"https:\/\/dulonmarine.com\/fr\/winkel\/matelot\/laver-gommer\/echantillon-de-produit\/deckmate-dm230-housse-de-tete-de-lavage-en-microfibre\/","og_locale":"fr_FR","og_type":"article","og_title":"Deckmate DM230 Microfiber washhead cover - Dulon Marine","og_description":"This chenille washcover is made of strong and extremely soft microfibre material, consisting of 80% polyester and 20% polyamide in an orange colour.","og_url":"https:\/\/dulonmarine.com\/fr\/winkel\/matelot\/laver-gommer\/echantillon-de-produit\/deckmate-dm230-housse-de-tete-de-lavage-en-microfibre\/","og_site_name":"Dulon Marine","article_publisher":"https:\/\/www.facebook.com\/dulonmarine?locale=nl_NL","article_modified_time":"2024-10-24T12:00:23+00:00","og_image":[{"width":1200,"height":1200,"url":"https:\/\/dulonmarine.com\/wp-content\/uploads\/2023\/02\/230-Microfiber-washead-cover-side.jpg","type":"image\/jpeg"}],"twitter_card":"summary_large_image","twitter_misc":{"Dur\u00e9e de lecture estim\u00e9e":"1 minute"},"schema":{"@context":"https:\/\/schema.org","@graph":[{"@type":"WebPage","@id":"https:\/\/dulonmarine.com\/es\/winkel\/companero-de-cubierta\/lavar-fregar\/producto-de-muestra\/deckmate-dm230-microfibra-washead-cover\/","url":"https:\/\/dulonmarine.com\/es\/winkel\/companero-de-cubierta\/lavar-fregar\/producto-de-muestra\/deckmate-dm230-microfibra-washead-cover\/","name":"Deckmate DM230 Housse de t\u00eate de lavage en microfibre - Dulon Marine","isPartOf":{"@id":"https:\/\/dulonmarine.com\/pt\/#website"},"primaryImageOfPage":{"@id":"https:\/\/dulonmarine.com\/es\/winkel\/companero-de-cubierta\/lavar-fregar\/producto-de-muestra\/deckmate-dm230-microfibra-washead-cover\/#primaryimage"},"image":{"@id":"https:\/\/dulonmarine.com\/es\/winkel\/companero-de-cubierta\/lavar-fregar\/producto-de-muestra\/deckmate-dm230-microfibra-washead-cover\/#primaryimage"},"thumbnailUrl":"https:\/\/dulonmarine.com\/wp-content\/uploads\/2023\/02\/230-Microfiber-washead-cover-side.jpg","datePublished":"2023-02-08T12:39:18+00:00","dateModified":"2024-10-24T12:00:23+00:00","description":"Cette housse de lavage en chenille est fabriqu\u00e9e en microfibre r\u00e9sistante et extr\u00eamement douce, compos\u00e9e de polyester 80% et de polyamide 20% de couleur orange.","breadcrumb":{"@id":"https:\/\/dulonmarine.com\/es\/winkel\/companero-de-cubierta\/lavar-fregar\/producto-de-muestra\/deckmate-dm230-microfibra-washead-cover\/#breadcrumb"},"inLanguage":"fr-FR","potentialAction":[{"@type":"ReadAction","target":["https:\/\/dulonmarine.com\/es\/winkel\/companero-de-cubierta\/lavar-fregar\/producto-de-muestra\/deckmate-dm230-microfibra-washead-cover\/"]}]},{"@type":"ImageObject","inLanguage":"fr-FR","@id":"https:\/\/dulonmarine.com\/es\/winkel\/companero-de-cubierta\/lavar-fregar\/producto-de-muestra\/deckmate-dm230-microfibra-washead-cover\/#primaryimage","url":"https:\/\/dulonmarine.com\/wp-content\/uploads\/2023\/02\/230-Microfiber-washead-cover-side.jpg","contentUrl":"https:\/\/dulonmarine.com\/wp-content\/uploads\/2023\/02\/230-Microfiber-washead-cover-side.jpg","width":1200,"height":1200},{"@type":"BreadcrumbList","@id":"https:\/\/dulonmarine.com\/es\/winkel\/companero-de-cubierta\/lavar-fregar\/producto-de-muestra\/deckmate-dm230-microfibra-washead-cover\/#breadcrumb","itemListElement":[{"@type":"ListItem","position":1,"name":"Home","item":"https:\/\/dulonmarine.com\/"},{"@type":"ListItem","position":2,"name":"Winkel","item":"https:\/\/dulonmarine.com\/pt\/piacaba\/"},{"@type":"ListItem","position":3,"name":"Deckmate DM230 Microfiber washhead cover"}]},{"@type":"WebSite","@id":"https:\/\/dulonmarine.com\/pt\/#website","url":"https:\/\/dulonmarine.com\/pt\/","name":"Dulon Marine","description":"Produits d\u00e9riv\u00e9s pour la vente au d\u00e9tail","publisher":{"@id":"https:\/\/dulonmarine.com\/pt\/#organization"},"potentialAction":[{"@type":"SearchAction","target":{"@type":"EntryPoint","urlTemplate":"https:\/\/dulonmarine.com\/pt\/?s={search_term_string}"},"query-input":{"@type":"PropertyValueSpecification","valueRequired":true,"valueName":"search_term_string"}}],"inLanguage":"fr-FR"},{"@type":"Organization","@id":"https:\/\/dulonmarine.com\/pt\/#organization","name":"Dulon Marine Groupe Deckmate","url":"https:\/\/dulonmarine.com\/pt\/","logo":{"@type":"ImageObject","inLanguage":"fr-FR","@id":"https:\/\/dulonmarine.com\/pt\/#\/schema\/logo\/image\/","url":"http:\/\/dulonmarine.com\/wp-content\/uploads\/2023\/02\/Dulon-Marine-Deckmate-Group-logo-small.png","contentUrl":"http:\/\/dulonmarine.com\/wp-content\/uploads\/2023\/02\/Dulon-Marine-Deckmate-Group-logo-small.png","width":350,"height":150,"caption":"Dulon Marine Deckmate Group"},"image":{"@id":"https:\/\/dulonmarine.com\/pt\/#\/schema\/logo\/image\/"},"sameAs":["https:\/\/www.facebook.com\/dulonmarine?locale=nl_NL","https:\/\/www.instagram.com\/dulonmarinegroup\/"]}]}},"_links":{"self":[{"href":"https:\/\/dulonmarine.com\/fr\/wp-json\/wp\/v2\/product\/8505","targetHints":{"allow":["GET"]}}],"collection":[{"href":"https:\/\/dulonmarine.com\/fr\/wp-json\/wp\/v2\/product"}],"about":[{"href":"https:\/\/dulonmarine.com\/fr\/wp-json\/wp\/v2\/types\/product"}],"wp:featuredmedia":[{"embeddable":true,"href":"https:\/\/dulonmarine.com\/fr\/wp-json\/wp\/v2\/media\/9395"}],"wp:attachment":[{"href":"https:\/\/dulonmarine.com\/fr\/wp-json\/wp\/v2\/media?parent=8505"}],"wp:term":[{"taxonomy":"product_brand","embeddable":true,"href":"https:\/\/dulonmarine.com\/fr\/wp-json\/wp\/v2\/product_brand?post=8505"},{"taxonomy":"product_cat","embeddable":true,"href":"https:\/\/dulonmarine.com\/fr\/wp-json\/wp\/v2\/product_cat?post=8505"},{"taxonomy":"product_tag","embeddable":true,"href":"https:\/\/dulonmarine.com\/fr\/wp-json\/wp\/v2\/product_tag?post=8505"}],"curies":[{"name":"wp","href":"https:\/\/api.w.org\/{rel}","templated":true}]}}