{"id":9850,"date":"2025-06-16T13:12:12","date_gmt":"2025-06-16T12:12:12","guid":{"rendered":"https:\/\/dulonmarine.com\/?post_type=product&#038;p=9850"},"modified":"2025-06-19T14:39:24","modified_gmt":"2025-06-19T13:39:24","slug":"dm333-chamois-a-sechage-excellent","status":"publish","type":"product","link":"https:\/\/dulonmarine.com\/fr\/winkel\/deckmate\/drying-products\/sample-product\/dm333-excellent-drying-chamois\/","title":{"rendered":"DM333 Excellent chamois de s\u00e9chage"},"content":{"rendered":"<p>Cette peau de chamois est fabriqu\u00e9e \u00e0 partir d'un mat\u00e9riau PVA de haute qualit\u00e9, le m\u00eame que celui utilis\u00e9 dans le Deckmate Excellent Drying Mop. Fabriqu\u00e9e en Hollande, elle pr\u00e9sente un design perfor\u00e9 unique qui am\u00e9liore son efficacit\u00e9 de s\u00e9chage. Avec des dimensions de 54 x 44 cm (21,3 x 17,3 pouces), cette peau de chamois offre des r\u00e9sultats de s\u00e9chage optimaux tout en restant facile \u00e0 manipuler et \u00e0 essorer. Parfaite pour une vari\u00e9t\u00e9 de t\u00e2ches de nettoyage, elle constitue un compl\u00e9ment pratique \u00e0 votre mat\u00e9riel de nettoyage.<\/p>\n<p>Avantages :<\/p>\n<ul>\n<li>Chamois PVA de fabrication n\u00e9erlandaise - superbe qualit\u00e9<\/li>\n<li>conception perfo pour une absorption optimale<\/li>\n<li>l\u00e9ger - facile \u00e0 manipuler - facile \u00e0 essorer<\/li>\n<li>taille 54 x 44 cm | 21.3 x 17.3 pouces<\/li>\n<\/ul>","protected":false},"excerpt":{"rendered":"<p>Cette peau de chamois est fabriqu\u00e9e \u00e0 partir d'un mat\u00e9riau PVA de haute qualit\u00e9, le m\u00eame que celui utilis\u00e9 dans le Deckmate Excellent Drying Mop. Fabriqu\u00e9e en Hollande, elle pr\u00e9sente un design perfor\u00e9 unique qui am\u00e9liore son efficacit\u00e9 de s\u00e9chage. Avec des dimensions de 54 x 44 cm (21,3 x 17,3 pouces), cette peau de chamois offre des r\u00e9sultats de s\u00e9chage optimaux tout en restant facile \u00e0 manipuler et \u00e0 essorer. Parfaite pour une vari\u00e9t\u00e9 de t\u00e2ches de nettoyage, elle constitue un compl\u00e9ment pratique \u00e0 votre mat\u00e9riel de nettoyage.<\/p>\n<div class=\"x-video-inner\">\n    <video  \nclass=\"x-mejs x-wp-video-shortcode advanced-controls\" \n        width=\"400\" \n        height=\"400\" \n        loop autoplay muted playsinline style=\"border: none; outline: none; background: none;\"><source type=\"video\/mp4\" src=\"https:\/\/dulonmarine.com\/wp-content\/uploads\/2025\/06\/Gele-Doek-540px.mp4\"><\/video>\n<\/div>","protected":false},"featured_media":9853,"template":"","meta":{"_acf_changed":false,"om_disable_all_campaigns":false,"rs_blank_template":"","rs_page_bg_color":"","slide_template_v7":"","inline_featured_image":false,"_monsterinsights_skip_tracking":false,"_monsterinsights_sitenote_active":false,"_monsterinsights_sitenote_note":"","_monsterinsights_sitenote_category":0},"product_brand":[],"product_cat":[280,290],"product_tag":[344],"class_list":{"0":"post-9850","1":"product","2":"type-product","3":"status-publish","4":"has-post-thumbnail","6":"product_cat-deckmate","7":"product_cat-drying-products","8":"product_tag-344","9":"pa_article-numbers-contents-dm333","12":"first","13":"instock","14":"taxable","15":"shipping-taxable","16":"product-type-simple"},"acf":[],"yoast_head":"<!-- This site is optimized with the Yoast SEO plugin v27.4 - https:\/\/yoast.com\/product\/yoast-seo-wordpress\/ -->\n<title>DM333 Excellent drying chamois - Dulon Marine<\/title>\n<meta name=\"robots\" content=\"index, follow, max-snippet:-1, max-image-preview:large, max-video-preview:-1\" \/>\n<link rel=\"canonical\" href=\"https:\/\/dulonmarine.com\/fr\/winkel\/matelot\/produits-de-sechage\/echantillon-de-produit\/dm333-chamois-a-sechage-excellent\/\" \/>\n<meta property=\"og:locale\" content=\"fr_FR\" \/>\n<meta property=\"og:type\" content=\"article\" \/>\n<meta property=\"og:title\" content=\"DM333 Excellent drying chamois - Dulon Marine\" \/>\n<meta property=\"og:description\" content=\"This chamois is crafted from high-quality PVA material, the same as that used in the Deckmate Excellent Drying Mop. Made in Holland, it features a unique perforated design that enhances its drying efficiency. With dimensions of 54 x 44 cm (21.3 x 17.3 inches), this chamois offers optimal drying results while remaining easy to handle and wring out. Perfect for a variety of cleaning tasks, it&#039;s a practical addition to your cleaning supplies.\" \/>\n<meta property=\"og:url\" content=\"https:\/\/dulonmarine.com\/fr\/winkel\/matelot\/produits-de-sechage\/echantillon-de-produit\/dm333-chamois-a-sechage-excellent\/\" \/>\n<meta property=\"og:site_name\" content=\"Dulon Marine\" \/>\n<meta property=\"article:publisher\" content=\"https:\/\/www.facebook.com\/dulonmarine?locale=nl_NL\" \/>\n<meta property=\"article:modified_time\" content=\"2025-06-19T13:39:24+00:00\" \/>\n<meta property=\"og:image\" content=\"https:\/\/dulonmarine.com\/wp-content\/uploads\/2025\/06\/chamois-dulonmarine.webp\" \/>\n\t<meta property=\"og:image:width\" content=\"1200\" \/>\n\t<meta property=\"og:image:height\" content=\"1200\" \/>\n\t<meta property=\"og:image:type\" content=\"image\/webp\" \/>\n<meta name=\"twitter:card\" content=\"summary_large_image\" \/>\n<meta name=\"twitter:label1\" content=\"Dur\u00e9e de lecture estim\u00e9e\" \/>\n\t<meta name=\"twitter:data1\" content=\"1 minute\" \/>\n<script type=\"application\/ld+json\" class=\"yoast-schema-graph\">{\"@context\":\"https:\\\/\\\/schema.org\",\"@graph\":[{\"@type\":\"WebPage\",\"@id\":\"https:\\\/\\\/dulonmarine.com\\\/winkel\\\/deckmate\\\/drying-products\\\/sample-product\\\/dm333-excellent-drying-chamois\\\/\",\"url\":\"https:\\\/\\\/dulonmarine.com\\\/winkel\\\/deckmate\\\/drying-products\\\/sample-product\\\/dm333-excellent-drying-chamois\\\/\",\"name\":\"DM333 Excellent drying chamois - Dulon Marine\",\"isPartOf\":{\"@id\":\"https:\\\/\\\/dulonmarine.com\\\/pt\\\/#website\"},\"primaryImageOfPage\":{\"@id\":\"https:\\\/\\\/dulonmarine.com\\\/winkel\\\/deckmate\\\/drying-products\\\/sample-product\\\/dm333-excellent-drying-chamois\\\/#primaryimage\"},\"image\":{\"@id\":\"https:\\\/\\\/dulonmarine.com\\\/winkel\\\/deckmate\\\/drying-products\\\/sample-product\\\/dm333-excellent-drying-chamois\\\/#primaryimage\"},\"thumbnailUrl\":\"https:\\\/\\\/dulonmarine.com\\\/wp-content\\\/uploads\\\/2025\\\/06\\\/chamois-dulonmarine.webp\",\"datePublished\":\"2025-06-16T12:12:12+00:00\",\"dateModified\":\"2025-06-19T13:39:24+00:00\",\"breadcrumb\":{\"@id\":\"https:\\\/\\\/dulonmarine.com\\\/winkel\\\/deckmate\\\/drying-products\\\/sample-product\\\/dm333-excellent-drying-chamois\\\/#breadcrumb\"},\"inLanguage\":\"fr-FR\",\"potentialAction\":[{\"@type\":\"ReadAction\",\"target\":[\"https:\\\/\\\/dulonmarine.com\\\/winkel\\\/deckmate\\\/drying-products\\\/sample-product\\\/dm333-excellent-drying-chamois\\\/\"]}]},{\"@type\":\"ImageObject\",\"inLanguage\":\"fr-FR\",\"@id\":\"https:\\\/\\\/dulonmarine.com\\\/winkel\\\/deckmate\\\/drying-products\\\/sample-product\\\/dm333-excellent-drying-chamois\\\/#primaryimage\",\"url\":\"https:\\\/\\\/dulonmarine.com\\\/wp-content\\\/uploads\\\/2025\\\/06\\\/chamois-dulonmarine.webp\",\"contentUrl\":\"https:\\\/\\\/dulonmarine.com\\\/wp-content\\\/uploads\\\/2025\\\/06\\\/chamois-dulonmarine.webp\",\"width\":1200,\"height\":1200},{\"@type\":\"BreadcrumbList\",\"@id\":\"https:\\\/\\\/dulonmarine.com\\\/winkel\\\/deckmate\\\/drying-products\\\/sample-product\\\/dm333-excellent-drying-chamois\\\/#breadcrumb\",\"itemListElement\":[{\"@type\":\"ListItem\",\"position\":1,\"name\":\"Home\",\"item\":\"https:\\\/\\\/dulonmarine.com\\\/\"},{\"@type\":\"ListItem\",\"position\":2,\"name\":\"Winkel\",\"item\":\"https:\\\/\\\/dulonmarine.com\\\/pt\\\/piacaba\\\/\"},{\"@type\":\"ListItem\",\"position\":3,\"name\":\"DM333 Excellent drying chamois\"}]},{\"@type\":\"WebSite\",\"@id\":\"https:\\\/\\\/dulonmarine.com\\\/pt\\\/#website\",\"url\":\"https:\\\/\\\/dulonmarine.com\\\/pt\\\/\",\"name\":\"Dulon Marine\",\"description\":\"Onderhoudsproducten voor de scheepvaart\",\"publisher\":{\"@id\":\"https:\\\/\\\/dulonmarine.com\\\/pt\\\/#organization\"},\"potentialAction\":[{\"@type\":\"SearchAction\",\"target\":{\"@type\":\"EntryPoint\",\"urlTemplate\":\"https:\\\/\\\/dulonmarine.com\\\/pt\\\/?s={search_term_string}\"},\"query-input\":{\"@type\":\"PropertyValueSpecification\",\"valueRequired\":true,\"valueName\":\"search_term_string\"}}],\"inLanguage\":\"fr-FR\"},{\"@type\":\"Organization\",\"@id\":\"https:\\\/\\\/dulonmarine.com\\\/pt\\\/#organization\",\"name\":\"Dulon Marine Deckmate Group\",\"url\":\"https:\\\/\\\/dulonmarine.com\\\/pt\\\/\",\"logo\":{\"@type\":\"ImageObject\",\"inLanguage\":\"fr-FR\",\"@id\":\"https:\\\/\\\/dulonmarine.com\\\/pt\\\/#\\\/schema\\\/logo\\\/image\\\/\",\"url\":\"http:\\\/\\\/dulonmarine.com\\\/wp-content\\\/uploads\\\/2023\\\/02\\\/Dulon-Marine-Deckmate-Group-logo-small.png\",\"contentUrl\":\"http:\\\/\\\/dulonmarine.com\\\/wp-content\\\/uploads\\\/2023\\\/02\\\/Dulon-Marine-Deckmate-Group-logo-small.png\",\"width\":350,\"height\":150,\"caption\":\"Dulon Marine Deckmate Group\"},\"image\":{\"@id\":\"https:\\\/\\\/dulonmarine.com\\\/pt\\\/#\\\/schema\\\/logo\\\/image\\\/\"},\"sameAs\":[\"https:\\\/\\\/www.facebook.com\\\/dulonmarine?locale=nl_NL\",\"https:\\\/\\\/www.instagram.com\\\/dulonmarinegroup\\\/\"]}]}<\/script>\n<!-- \/ Yoast SEO plugin. -->","yoast_head_json":{"title":"DM333 Chamois \u00e0 s\u00e9chage excellent - Dulon Marine","robots":{"index":"index","follow":"follow","max-snippet":"max-snippet:-1","max-image-preview":"max-image-preview:large","max-video-preview":"max-video-preview:-1"},"canonical":"https:\/\/dulonmarine.com\/fr\/winkel\/matelot\/produits-de-sechage\/echantillon-de-produit\/dm333-chamois-a-sechage-excellent\/","og_locale":"fr_FR","og_type":"article","og_title":"DM333 Excellent drying chamois - Dulon Marine","og_description":"This chamois is crafted from high-quality PVA material, the same as that used in the Deckmate Excellent Drying Mop. Made in Holland, it features a unique perforated design that enhances its drying efficiency. With dimensions of 54 x 44 cm (21.3 x 17.3 inches), this chamois offers optimal drying results while remaining easy to handle and wring out. Perfect for a variety of cleaning tasks, it's a practical addition to your cleaning supplies.","og_url":"https:\/\/dulonmarine.com\/fr\/winkel\/matelot\/produits-de-sechage\/echantillon-de-produit\/dm333-chamois-a-sechage-excellent\/","og_site_name":"Dulon Marine","article_publisher":"https:\/\/www.facebook.com\/dulonmarine?locale=nl_NL","article_modified_time":"2025-06-19T13:39:24+00:00","og_image":[{"width":1200,"height":1200,"url":"https:\/\/dulonmarine.com\/wp-content\/uploads\/2025\/06\/chamois-dulonmarine.webp","type":"image\/webp"}],"twitter_card":"summary_large_image","twitter_misc":{"Dur\u00e9e de lecture estim\u00e9e":"1 minute"},"schema":{"@context":"https:\/\/schema.org","@graph":[{"@type":"WebPage","@id":"https:\/\/dulonmarine.com\/winkel\/deckmate\/drying-products\/sample-product\/dm333-excellent-drying-chamois\/","url":"https:\/\/dulonmarine.com\/winkel\/deckmate\/drying-products\/sample-product\/dm333-excellent-drying-chamois\/","name":"DM333 Chamois \u00e0 s\u00e9chage excellent - Dulon Marine","isPartOf":{"@id":"https:\/\/dulonmarine.com\/pt\/#website"},"primaryImageOfPage":{"@id":"https:\/\/dulonmarine.com\/winkel\/deckmate\/drying-products\/sample-product\/dm333-excellent-drying-chamois\/#primaryimage"},"image":{"@id":"https:\/\/dulonmarine.com\/winkel\/deckmate\/drying-products\/sample-product\/dm333-excellent-drying-chamois\/#primaryimage"},"thumbnailUrl":"https:\/\/dulonmarine.com\/wp-content\/uploads\/2025\/06\/chamois-dulonmarine.webp","datePublished":"2025-06-16T12:12:12+00:00","dateModified":"2025-06-19T13:39:24+00:00","breadcrumb":{"@id":"https:\/\/dulonmarine.com\/winkel\/deckmate\/drying-products\/sample-product\/dm333-excellent-drying-chamois\/#breadcrumb"},"inLanguage":"fr-FR","potentialAction":[{"@type":"ReadAction","target":["https:\/\/dulonmarine.com\/winkel\/deckmate\/drying-products\/sample-product\/dm333-excellent-drying-chamois\/"]}]},{"@type":"ImageObject","inLanguage":"fr-FR","@id":"https:\/\/dulonmarine.com\/winkel\/deckmate\/drying-products\/sample-product\/dm333-excellent-drying-chamois\/#primaryimage","url":"https:\/\/dulonmarine.com\/wp-content\/uploads\/2025\/06\/chamois-dulonmarine.webp","contentUrl":"https:\/\/dulonmarine.com\/wp-content\/uploads\/2025\/06\/chamois-dulonmarine.webp","width":1200,"height":1200},{"@type":"BreadcrumbList","@id":"https:\/\/dulonmarine.com\/winkel\/deckmate\/drying-products\/sample-product\/dm333-excellent-drying-chamois\/#breadcrumb","itemListElement":[{"@type":"ListItem","position":1,"name":"Home","item":"https:\/\/dulonmarine.com\/"},{"@type":"ListItem","position":2,"name":"Winkel","item":"https:\/\/dulonmarine.com\/pt\/piacaba\/"},{"@type":"ListItem","position":3,"name":"DM333 Excellent drying chamois"}]},{"@type":"WebSite","@id":"https:\/\/dulonmarine.com\/pt\/#website","url":"https:\/\/dulonmarine.com\/pt\/","name":"Dulon Marine","description":"Produits d\u00e9riv\u00e9s pour la vente au d\u00e9tail","publisher":{"@id":"https:\/\/dulonmarine.com\/pt\/#organization"},"potentialAction":[{"@type":"SearchAction","target":{"@type":"EntryPoint","urlTemplate":"https:\/\/dulonmarine.com\/pt\/?s={search_term_string}"},"query-input":{"@type":"PropertyValueSpecification","valueRequired":true,"valueName":"search_term_string"}}],"inLanguage":"fr-FR"},{"@type":"Organization","@id":"https:\/\/dulonmarine.com\/pt\/#organization","name":"Dulon Marine Groupe Deckmate","url":"https:\/\/dulonmarine.com\/pt\/","logo":{"@type":"ImageObject","inLanguage":"fr-FR","@id":"https:\/\/dulonmarine.com\/pt\/#\/schema\/logo\/image\/","url":"http:\/\/dulonmarine.com\/wp-content\/uploads\/2023\/02\/Dulon-Marine-Deckmate-Group-logo-small.png","contentUrl":"http:\/\/dulonmarine.com\/wp-content\/uploads\/2023\/02\/Dulon-Marine-Deckmate-Group-logo-small.png","width":350,"height":150,"caption":"Dulon Marine Deckmate Group"},"image":{"@id":"https:\/\/dulonmarine.com\/pt\/#\/schema\/logo\/image\/"},"sameAs":["https:\/\/www.facebook.com\/dulonmarine?locale=nl_NL","https:\/\/www.instagram.com\/dulonmarinegroup\/"]}]}},"_links":{"self":[{"href":"https:\/\/dulonmarine.com\/fr\/wp-json\/wp\/v2\/product\/9850","targetHints":{"allow":["GET"]}}],"collection":[{"href":"https:\/\/dulonmarine.com\/fr\/wp-json\/wp\/v2\/product"}],"about":[{"href":"https:\/\/dulonmarine.com\/fr\/wp-json\/wp\/v2\/types\/product"}],"wp:featuredmedia":[{"embeddable":true,"href":"https:\/\/dulonmarine.com\/fr\/wp-json\/wp\/v2\/media\/9853"}],"wp:attachment":[{"href":"https:\/\/dulonmarine.com\/fr\/wp-json\/wp\/v2\/media?parent=9850"}],"wp:term":[{"taxonomy":"product_brand","embeddable":true,"href":"https:\/\/dulonmarine.com\/fr\/wp-json\/wp\/v2\/product_brand?post=9850"},{"taxonomy":"product_cat","embeddable":true,"href":"https:\/\/dulonmarine.com\/fr\/wp-json\/wp\/v2\/product_cat?post=9850"},{"taxonomy":"product_tag","embeddable":true,"href":"https:\/\/dulonmarine.com\/fr\/wp-json\/wp\/v2\/product_tag?post=9850"}],"curies":[{"name":"wp","href":"https:\/\/api.w.org\/{rel}","templated":true}]}}