{"id":9429,"date":"2024-10-17T15:32:28","date_gmt":"2024-10-17T14:32:28","guid":{"rendered":"http:\/\/dulonmarine.com\/?page_id=9429"},"modified":"2025-06-19T14:53:53","modified_gmt":"2025-06-19T13:53:53","slug":"detalji-susenja","status":"publish","type":"page","link":"https:\/\/dulonmarine.com\/hr\/deckmate\/drying-details\/","title":{"rendered":"Su\u0161enje \u2013 detalji"},"content":{"rendered":"<div id=\"cs-content\" class=\"cs-content\"><div class=\"x-section e9429-e1 m79x-0 m79x-1\"><div class=\"x-bg\" aria-hidden=\"true\"><div class=\"x-bg-layer-lower-image\"><\/div><\/div><div class=\"x-row x-container max width e9429-e2 m79x-f m79x-g m79x-j m79x-k\"><div class=\"x-row-inner\"><div class=\"x-col e9429-e3 m79x-w m79x-x m79x-y\"><h1  class=\"h-custom-headline h1\" style=\"color: hsl(0, 0%, 100%);margin-top:10px; margin-left:20px; margin-bottom:5px;\"><span>SUSIHANJE<\/span><\/h1><\/div><div class=\"x-col x-hide-sm x-hide-xs e9429-e5 m79x-w m79x-y\"><hr  class=\"x-gap\" style=\"margin: 1px 0 0 0;\"><\/div><\/div><\/div><div class=\"x-row x-container max width e9429-e7 m79x-f m79x-g m79x-j m79x-l\"><div class=\"x-row-inner\"><div class=\"x-col e9429-e8 m79x-w m79x-y m79x-z\"><div id=\"\" class=\"x-text\" style=\"color:#fff;  margin-top:0px; margin-left:20px;\" ><p>OD DECKMATE<\/p>\n<\/div><\/div><div class=\"x-col e9429-e10 m79x-w m79x-y\"><hr  class=\"x-gap\" style=\"margin: 1px 0 0 0;\"><\/div><\/div><\/div><div class=\"x-row x-container max width e9429-e12 m79x-f m79x-h m79x-m m79x-n\"><div class=\"x-row-inner\"><div class=\"x-col e9429-e13 m79x-w m79x-10\"><a class=\"x-anchor x-anchor-button e9429-e14 m79x-11\" tabindex=\"0\" href=\"http:\/\/dulonmarine.com\/hr\/kategorije-proizvoda-deckmate\/proizvodi-za-susenje\/\"><div class=\"x-anchor-content\"><div class=\"x-anchor-text\"><span class=\"x-anchor-text-primary\">Svi proizvodi za su\u0161enje<\/span><\/div><\/div><\/a><\/div><\/div><\/div><\/div><div class=\"x-section e9429-e15 m79x-1 m79x-2 m79x-3 m79x-4 m79x-5\"><div class=\"x-bg\" aria-hidden=\"true\"><div class=\"x-bg-layer-lower-image\" data-x-element-bg-layer=\"{&quot;parallaxSize&quot;:&quot;150%&quot;,&quot;parallaxDir&quot;:&quot;v&quot;,&quot;parallaxRev&quot;:false}\"><\/div><\/div><div class=\"x-row x-container max width e9429-e16 m79x-f m79x-h m79x-i m79x-m m79x-o\"><div class=\"x-row-inner\"><div class=\"x-col e9429-e17 m79x-w m79x-10\"><a class=\"x-anchor x-anchor-button e9429-e18 m79x-11\" tabindex=\"0\" href=\"http:\/\/dulonmarine.com\/hr\/trgovina\/suclan\/proizvodi-za-susenje\/uzorak-proizvoda\/deckmate-dm310-fleksibilna-vodena-ostrica\/\"><div class=\"x-anchor-content\"><div class=\"x-anchor-text\"><span class=\"x-anchor-text-primary\">Fleksibilan vodeni list<\/span><\/div><\/div><\/a><\/div><\/div><\/div><\/div><div class=\"x-section e9429-e19 m79x-1 m79x-2 m79x-3 m79x-5 m79x-6\"><div class=\"x-bg\" aria-hidden=\"true\"><div class=\"x-bg-layer-lower-image\" data-x-element-bg-layer=\"{&quot;parallaxSize&quot;:&quot;150%&quot;,&quot;parallaxDir&quot;:&quot;v&quot;,&quot;parallaxRev&quot;:false}\"><\/div><\/div><div class=\"x-row x-container max width e9429-e20 m79x-f m79x-h m79x-i m79x-m m79x-p\"><div class=\"x-row-inner\"><div class=\"x-col e9429-e21 m79x-w m79x-10\"><a class=\"x-anchor x-anchor-button e9429-e22 m79x-11\" tabindex=\"0\" href=\"http:\/\/dulonmarine.com\/hr\/trgovina\/suclan\/proizvodi-za-susenje\/uzorak-proizvoda\/deckmate-dm315-maxiblade\/\"><div class=\"x-anchor-content\"><div class=\"x-anchor-text\"><span class=\"x-anchor-text-primary\">Maksiblade<\/span><\/div><\/div><\/a><\/div><\/div><\/div><\/div><div class=\"x-section e9429-e23 m79x-1 m79x-2 m79x-3 m79x-7 m79x-8\"><div class=\"x-bg\" aria-hidden=\"true\"><div class=\"x-bg-layer-lower-image\" data-x-element-bg-layer=\"{&quot;parallaxSize&quot;:&quot;150%&quot;,&quot;parallaxDir&quot;:&quot;v&quot;,&quot;parallaxRev&quot;:false}\"><\/div><\/div><div class=\"x-row x-container max width e9429-e24 m79x-f m79x-h m79x-i m79x-m m79x-q\"><div class=\"x-row-inner\"><div class=\"x-col e9429-e25 m79x-w m79x-10\"><a class=\"x-anchor x-anchor-button e9429-e26 m79x-11\" tabindex=\"0\" href=\"https:\/\/dulonmarine.com\/hr\/trgovina\/suclan\/proizvodi-za-susenje\/uzorak-proizvoda\/deckmate-dm725-visenamjenski-rucnik-koralna-flanela\/\"><div class=\"x-anchor-content\"><div class=\"x-anchor-text\"><span class=\"x-anchor-text-primary\">Vi\u0161enamjenski koralni frotirski ru\u010dnik<\/span><\/div><\/div><\/a><\/div><\/div><\/div><\/div><div class=\"x-section e9429-e27 m79x-1 m79x-2 m79x-3 m79x-8 m79x-9\"><div class=\"x-bg\" aria-hidden=\"true\"><div class=\"x-bg-layer-lower-image\" data-x-element-bg-layer=\"{&quot;parallaxSize&quot;:&quot;150%&quot;,&quot;parallaxDir&quot;:&quot;v&quot;,&quot;parallaxRev&quot;:false}\"><\/div><\/div><div class=\"x-row x-container max width e9429-e28 m79x-f m79x-h m79x-i m79x-m m79x-r\"><div class=\"x-row-inner\"><div class=\"x-col e9429-e29 m79x-w m79x-10\"><a class=\"x-anchor x-anchor-button e9429-e30 m79x-11\" tabindex=\"0\" href=\"http:\/\/dulonmarine.com\/hr\/trgovina\/suclan\/proizvodi-za-susenje\/uzorak-proizvoda\/deckmate-dm321-pva-rucnik-za-susenje-povoljna-cijena\/\"><div class=\"x-anchor-content\"><div class=\"x-anchor-text\"><span class=\"x-anchor-text-primary\">Prora\u010dun za ru\u010dnike za su\u0161enje<\/span><\/div><\/div><\/a><\/div><\/div><\/div><\/div><div class=\"x-section e9429-e31 m79x-1 m79x-2 m79x-3 m79x-a m79x-b\"><div class=\"x-bg\" aria-hidden=\"true\"><div class=\"x-bg-layer-lower-image\" data-x-element-bg-layer=\"{&quot;parallaxSize&quot;:&quot;150%&quot;,&quot;parallaxDir&quot;:&quot;v&quot;,&quot;parallaxRev&quot;:false}\"><\/div><\/div><div class=\"x-row x-container max width e9429-e32 m79x-f m79x-h m79x-i m79x-m m79x-s\"><div class=\"x-row-inner\"><div class=\"x-col e9429-e33 m79x-w m79x-10\"><a class=\"x-anchor x-anchor-button e9429-e34 m79x-11\" tabindex=\"0\" href=\"https:\/\/dulonmarine.com\/hr\/trgovina\/suclan\/proizvodi-za-susenje\/uzorak-proizvoda\/dm333-izvrstan-brisac-za-susenje\/?preview=true\"><div class=\"x-anchor-content\"><div class=\"x-anchor-text\"><span class=\"x-anchor-text-primary\">Su\u0161enje kozoroga<\/span><\/div><\/div><\/a><\/div><\/div><\/div><\/div><div class=\"x-section e9429-e35 m79x-1 m79x-2 m79x-3 m79x-b m79x-c\"><div class=\"x-bg\" aria-hidden=\"true\"><div class=\"x-bg-layer-lower-image\" data-x-element-bg-layer=\"{&quot;parallaxSize&quot;:&quot;150%&quot;,&quot;parallaxDir&quot;:&quot;v&quot;,&quot;parallaxRev&quot;:false}\"><\/div><\/div><div class=\"x-row x-container max width e9429-e36 m79x-f m79x-h m79x-i m79x-m m79x-t\"><div class=\"x-row-inner\"><div class=\"x-col e9429-e37 m79x-w m79x-10\"><a class=\"x-anchor x-anchor-button e9429-e38 m79x-11\" tabindex=\"0\" href=\"http:\/\/dulonmarine.com\/hr\/trgovina\/suclan\/proizvodi-za-susenje\/uzorak-proizvoda\/deckmate-dm320-pva-rucnik-za-susenje-premium\/\"><div class=\"x-anchor-content\"><div class=\"x-anchor-text\"><span class=\"x-anchor-text-primary\">Premium ru\u010dnik za su\u0161enje<\/span><\/div><\/div><\/a><\/div><\/div><\/div><\/div><div class=\"x-section e9429-e39 m79x-1 m79x-2 m79x-3 m79x-d\"><div class=\"x-bg\" aria-hidden=\"true\"><div class=\"x-bg-layer-lower-image\" data-x-element-bg-layer=\"{&quot;parallaxSize&quot;:&quot;150%&quot;,&quot;parallaxDir&quot;:&quot;v&quot;,&quot;parallaxRev&quot;:false}\"><\/div><\/div><div class=\"x-row x-container max width e9429-e40 m79x-f m79x-h m79x-i m79x-m m79x-u\"><div class=\"x-row-inner\"><div class=\"x-col e9429-e41 m79x-w m79x-10\"><a class=\"x-anchor x-anchor-button e9429-e42 m79x-11\" tabindex=\"0\" href=\"http:\/\/dulonmarine.com\/hr\/trgovina\/suclan\/proizvodi-za-susenje\/uzorak-proizvoda\/deckmate-dm330-izvrstan-%d0%bc%d0%be%d0%bf-za-susenje\/\"><div class=\"x-anchor-content\"><div class=\"x-anchor-text\"><span class=\"x-anchor-text-primary\">Izvrstan brisa\u010d za su\u0161enje<\/span><\/div><\/div><\/a><\/div><\/div><\/div><\/div><div class=\"x-section e9429-e43 m79x-1 m79x-2 m79x-e\"><div class=\"x-bg\" aria-hidden=\"true\"><div class=\"x-bg-layer-lower-image\" data-x-element-bg-layer=\"{&quot;parallaxSize&quot;:&quot;150%&quot;,&quot;parallaxDir&quot;:&quot;v&quot;,&quot;parallaxRev&quot;:false}\"><\/div><\/div><div class=\"x-row x-container max width e9429-e44 m79x-f m79x-h m79x-i m79x-m m79x-v\"><div class=\"x-row-inner\"><div class=\"x-col e9429-e45 m79x-w m79x-10\"><h2  class=\"h-custom-headline h1\" style=\"color: hsl(0, 0%, 100%);margin-top:0px; text-shadow: 2px 2px 22px  hsla(0, 0%, 0%, 0.5);\"><span>Pogledajte na\u0161e proizvode za su\u0161enje<\/span><\/h2><a class=\"x-anchor x-anchor-button e9429-e47 m79x-11\" tabindex=\"0\" href=\"http:\/\/dulonmarine.com\/hr\/kategorije-proizvoda-deckmate\/proizvodi-za-susenje\/\"><div class=\"x-anchor-content\"><div class=\"x-anchor-text\"><span class=\"x-anchor-text-primary\">Svi proizvodi za su\u0161enje<\/span><\/div><\/div><\/a><\/div><\/div><\/div><\/div><\/div>","protected":false},"excerpt":{"rendered":"<p>SU\u0160ENJE   DECKMATE   Svi proizvodi za su\u0161enje   Fleksibilna vodena o\u0161trica   Maxiblade   Coral Fleece vi\u0161enamjenski ru\u010dnik   Prora\u010dunski ru\u010dnik za su\u0161enje   Kozji ko\u017eni ru\u010dnik za su\u0161enje   Premium ru\u010dnik za su\u0161enje   Izvrstan su\u0161ni mop   POGLEDAJTE NA\u0160E PROIZVODE ZA SU\u0160ENJE   Svi proizvodi za su\u0161enje<\/p>","protected":false},"author":11,"featured_media":0,"parent":8548,"menu_order":0,"comment_status":"closed","ping_status":"closed","template":"template-blank-4.php","meta":{"_acf_changed":false,"om_disable_all_campaigns":false,"rs_blank_template":"","rs_page_bg_color":"","slide_template_v7":"","inline_featured_image":false,"_monsterinsights_skip_tracking":false,"_monsterinsights_sitenote_active":false,"_monsterinsights_sitenote_note":"","_monsterinsights_sitenote_category":0,"footnotes":""},"class_list":["post-9429","page","type-page","status-publish","hentry","no-post-thumbnail"],"acf":[],"yoast_head":"<!-- This site is optimized with the Yoast SEO plugin v27.4 - https:\/\/yoast.com\/product\/yoast-seo-wordpress\/ -->\n<title>Drying - Details - Dulon Marine<\/title>\n<meta name=\"robots\" content=\"index, follow, max-snippet:-1, max-image-preview:large, max-video-preview:-1\" \/>\n<link rel=\"canonical\" href=\"https:\/\/dulonmarine.com\/hr\/suclan\/detalji-susenja\/\" \/>\n<meta property=\"og:locale\" content=\"hr_HR\" \/>\n<meta property=\"og:type\" content=\"article\" \/>\n<meta property=\"og:title\" content=\"Drying - Details - Dulon Marine\" \/>\n<meta property=\"og:description\" content=\"DRYINGBY DECKMATE All drying productsFlexible water bladeMaxibladeCoral Fleece Multi TowelDrying towel budgetDrying chamoisDrying towel premiumExcellent drying mopCHECK OUT OUR DRYING PRODUCTSAll drying products\" \/>\n<meta property=\"og:url\" content=\"https:\/\/dulonmarine.com\/hr\/suclan\/detalji-susenja\/\" \/>\n<meta property=\"og:site_name\" content=\"Dulon Marine\" \/>\n<meta property=\"article:publisher\" content=\"https:\/\/www.facebook.com\/dulonmarine?locale=nl_NL\" \/>\n<meta property=\"article:modified_time\" content=\"2025-06-19T13:53:53+00:00\" \/>\n<meta name=\"twitter:card\" content=\"summary_large_image\" \/>\n<meta name=\"twitter:label1\" content=\"Procijenjeno vrijeme \u010ditanja\" \/>\n\t<meta name=\"twitter:data1\" content=\"1 minuta\" \/>\n<script type=\"application\/ld+json\" class=\"yoast-schema-graph\">{\"@context\":\"https:\\\/\\\/schema.org\",\"@graph\":[{\"@type\":\"WebPage\",\"@id\":\"https:\\\/\\\/dulonmarine.com\\\/deckmate\\\/drying-details\\\/\",\"url\":\"https:\\\/\\\/dulonmarine.com\\\/deckmate\\\/drying-details\\\/\",\"name\":\"Drying - Details - Dulon Marine\",\"isPartOf\":{\"@id\":\"https:\\\/\\\/dulonmarine.com\\\/pt\\\/#website\"},\"datePublished\":\"2024-10-17T14:32:28+00:00\",\"dateModified\":\"2025-06-19T13:53:53+00:00\",\"breadcrumb\":{\"@id\":\"https:\\\/\\\/dulonmarine.com\\\/deckmate\\\/drying-details\\\/#breadcrumb\"},\"inLanguage\":\"hr\",\"potentialAction\":[{\"@type\":\"ReadAction\",\"target\":[\"https:\\\/\\\/dulonmarine.com\\\/deckmate\\\/drying-details\\\/\"]}]},{\"@type\":\"BreadcrumbList\",\"@id\":\"https:\\\/\\\/dulonmarine.com\\\/deckmate\\\/drying-details\\\/#breadcrumb\",\"itemListElement\":[{\"@type\":\"ListItem\",\"position\":1,\"name\":\"Home\",\"item\":\"https:\\\/\\\/dulonmarine.com\\\/\"},{\"@type\":\"ListItem\",\"position\":2,\"name\":\"Deckmate\",\"item\":\"https:\\\/\\\/dulonmarine.com\\\/deckmate\\\/\"},{\"@type\":\"ListItem\",\"position\":3,\"name\":\"Drying &#8211; Details\"}]},{\"@type\":\"WebSite\",\"@id\":\"https:\\\/\\\/dulonmarine.com\\\/pt\\\/#website\",\"url\":\"https:\\\/\\\/dulonmarine.com\\\/pt\\\/\",\"name\":\"Dulon Marine\",\"description\":\"Onderhoudsproducten voor de scheepvaart\",\"publisher\":{\"@id\":\"https:\\\/\\\/dulonmarine.com\\\/pt\\\/#organization\"},\"potentialAction\":[{\"@type\":\"SearchAction\",\"target\":{\"@type\":\"EntryPoint\",\"urlTemplate\":\"https:\\\/\\\/dulonmarine.com\\\/pt\\\/?s={search_term_string}\"},\"query-input\":{\"@type\":\"PropertyValueSpecification\",\"valueRequired\":true,\"valueName\":\"search_term_string\"}}],\"inLanguage\":\"hr\"},{\"@type\":\"Organization\",\"@id\":\"https:\\\/\\\/dulonmarine.com\\\/pt\\\/#organization\",\"name\":\"Dulon Marine Deckmate Group\",\"url\":\"https:\\\/\\\/dulonmarine.com\\\/pt\\\/\",\"logo\":{\"@type\":\"ImageObject\",\"inLanguage\":\"hr\",\"@id\":\"https:\\\/\\\/dulonmarine.com\\\/pt\\\/#\\\/schema\\\/logo\\\/image\\\/\",\"url\":\"http:\\\/\\\/dulonmarine.com\\\/wp-content\\\/uploads\\\/2023\\\/02\\\/Dulon-Marine-Deckmate-Group-logo-small.png\",\"contentUrl\":\"http:\\\/\\\/dulonmarine.com\\\/wp-content\\\/uploads\\\/2023\\\/02\\\/Dulon-Marine-Deckmate-Group-logo-small.png\",\"width\":350,\"height\":150,\"caption\":\"Dulon Marine Deckmate Group\"},\"image\":{\"@id\":\"https:\\\/\\\/dulonmarine.com\\\/pt\\\/#\\\/schema\\\/logo\\\/image\\\/\"},\"sameAs\":[\"https:\\\/\\\/www.facebook.com\\\/dulonmarine?locale=nl_NL\",\"https:\\\/\\\/www.instagram.com\\\/dulonmarinegroup\\\/\"]}]}<\/script>\n<!-- \/ Yoast SEO plugin. -->","yoast_head_json":{"title":"Su\u0161enje - Detalji - Dulon Marine","robots":{"index":"index","follow":"follow","max-snippet":"max-snippet:-1","max-image-preview":"max-image-preview:large","max-video-preview":"max-video-preview:-1"},"canonical":"https:\/\/dulonmarine.com\/hr\/suclan\/detalji-susenja\/","og_locale":"hr_HR","og_type":"article","og_title":"Drying - Details - Dulon Marine","og_description":"DRYINGBY DECKMATE All drying productsFlexible water bladeMaxibladeCoral Fleece Multi TowelDrying towel budgetDrying chamoisDrying towel premiumExcellent drying mopCHECK OUT OUR DRYING PRODUCTSAll drying products","og_url":"https:\/\/dulonmarine.com\/hr\/suclan\/detalji-susenja\/","og_site_name":"Dulon Marine","article_publisher":"https:\/\/www.facebook.com\/dulonmarine?locale=nl_NL","article_modified_time":"2025-06-19T13:53:53+00:00","twitter_card":"summary_large_image","twitter_misc":{"Procijenjeno vrijeme \u010ditanja":"1 minuta"},"schema":{"@context":"https:\/\/schema.org","@graph":[{"@type":"WebPage","@id":"https:\/\/dulonmarine.com\/deckmate\/drying-details\/","url":"https:\/\/dulonmarine.com\/deckmate\/drying-details\/","name":"Su\u0161enje - Detalji - Dulon Marine","isPartOf":{"@id":"https:\/\/dulonmarine.com\/pt\/#website"},"datePublished":"2024-10-17T14:32:28+00:00","dateModified":"2025-06-19T13:53:53+00:00","breadcrumb":{"@id":"https:\/\/dulonmarine.com\/deckmate\/drying-details\/#breadcrumb"},"inLanguage":"hr","potentialAction":[{"@type":"ReadAction","target":["https:\/\/dulonmarine.com\/deckmate\/drying-details\/"]}]},{"@type":"BreadcrumbList","@id":"https:\/\/dulonmarine.com\/deckmate\/drying-details\/#breadcrumb","itemListElement":[{"@type":"ListItem","position":1,"name":"Home","item":"https:\/\/dulonmarine.com\/"},{"@type":"ListItem","position":2,"name":"Deckmate","item":"https:\/\/dulonmarine.com\/deckmate\/"},{"@type":"ListItem","position":3,"name":"Drying &#8211; Details"}]},{"@type":"WebSite","@id":"https:\/\/dulonmarine.com\/pt\/#website","url":"https:\/\/dulonmarine.com\/pt\/","name":"Dulon Marine","description":"Proizvodi za odr\u017eavanje plovila","publisher":{"@id":"https:\/\/dulonmarine.com\/pt\/#organization"},"potentialAction":[{"@type":"SearchAction","target":{"@type":"EntryPoint","urlTemplate":"https:\/\/dulonmarine.com\/pt\/?s={search_term_string}"},"query-input":{"@type":"PropertyValueSpecification","valueRequired":true,"valueName":"search_term_string"}}],"inLanguage":"hr"},{"@type":"Organization","@id":"https:\/\/dulonmarine.com\/pt\/#organization","name":"Dulon Marine Deckmate grupa","url":"https:\/\/dulonmarine.com\/pt\/","logo":{"@type":"ImageObject","inLanguage":"hr","@id":"https:\/\/dulonmarine.com\/pt\/#\/schema\/logo\/image\/","url":"http:\/\/dulonmarine.com\/wp-content\/uploads\/2023\/02\/Dulon-Marine-Deckmate-Group-logo-small.png","contentUrl":"http:\/\/dulonmarine.com\/wp-content\/uploads\/2023\/02\/Dulon-Marine-Deckmate-Group-logo-small.png","width":350,"height":150,"caption":"Dulon Marine Deckmate Group"},"image":{"@id":"https:\/\/dulonmarine.com\/pt\/#\/schema\/logo\/image\/"},"sameAs":["https:\/\/www.facebook.com\/dulonmarine?locale=nl_NL","https:\/\/www.instagram.com\/dulonmarinegroup\/"]}]}},"_links":{"self":[{"href":"https:\/\/dulonmarine.com\/hr\/wp-json\/wp\/v2\/pages\/9429","targetHints":{"allow":["GET"]}}],"collection":[{"href":"https:\/\/dulonmarine.com\/hr\/wp-json\/wp\/v2\/pages"}],"about":[{"href":"https:\/\/dulonmarine.com\/hr\/wp-json\/wp\/v2\/types\/page"}],"author":[{"embeddable":true,"href":"https:\/\/dulonmarine.com\/hr\/wp-json\/wp\/v2\/users\/11"}],"replies":[{"embeddable":true,"href":"https:\/\/dulonmarine.com\/hr\/wp-json\/wp\/v2\/comments?post=9429"}],"version-history":[{"count":3,"href":"https:\/\/dulonmarine.com\/hr\/wp-json\/wp\/v2\/pages\/9429\/revisions"}],"predecessor-version":[{"id":9867,"href":"https:\/\/dulonmarine.com\/hr\/wp-json\/wp\/v2\/pages\/9429\/revisions\/9867"}],"up":[{"embeddable":true,"href":"https:\/\/dulonmarine.com\/hr\/wp-json\/wp\/v2\/pages\/8548"}],"wp:attachment":[{"href":"https:\/\/dulonmarine.com\/hr\/wp-json\/wp\/v2\/media?parent=9429"}],"curies":[{"name":"wp","href":"https:\/\/api.w.org\/{rel}","templated":true}]}}