{"id":7698,"date":"2020-07-30T12:57:19","date_gmt":"2020-07-30T11:57:19","guid":{"rendered":"http:\/\/dulonmarine.com\/?post_type=product&#038;p=7698"},"modified":"2024-10-23T14:12:13","modified_gmt":"2024-10-23T13:12:13","slug":"hull-waterline-clean-22-uklanja-smeckasto-zute-naslage","status":"publish","type":"product","link":"https:\/\/dulonmarine.com\/hr\/winkel\/dulon\/general\/sample-product\/hull-waterline-clean-22-removes-brownish-yellow-deposits\/","title":{"rendered":"Dulon \u010ci\u0161\u0107enje trupa i linije plime 22 \u2013 uklanja sme\u0111e\/\u017eute naslage"},"content":{"rendered":"","protected":false},"excerpt":{"rendered":"<p>Uklanja sme\u0107kaste\/\u017eute naslage<\/p>\n<hr \/>\n<p>Sna\u017eno sredstvo za \u010di\u0161\u0107enje trupa broda i vodene linije. U\u010dinkovito uklanja sme\u0111e\/\u017eute naslage, povr\u0161inske mrlje od hr\u0111e i kamenca. Nije potrebno ribanje zahvaljuju\u0107i svojstvu samo\u010di\u0161\u0107enja.<\/p>\n<ul>\n<li>Za trup i liniju plovne vode.<\/li>\n<li>Uklanja naslage kamenca i sme\u0107kaste\/\u017eute naslage.<\/li>\n<li>Tako\u0111er pogodno za uklanjanje hr\u0111e.<\/li>\n<li>Vrlo mo\u0107na formula.<\/li>\n<\/ul>\n<div class=\"x-video-inner\">\n    <video  \nclass=\"x-mejs x-wp-video-shortcode advanced-controls\" \n        width=\"400\" \n        height=\"400\" \n        loop autoplay muted playsinline style=\"border: none; outline: none; background: none;\"><source type=\"video\/mp4\" src=\"http:\/\/dulonmarine.com\/wp-content\/uploads\/2024\/10\/22.Hull_And_Waterline_Clean-360-video.mp4\"><\/video>\n<\/div>","protected":false},"featured_media":9114,"template":"","meta":{"_acf_changed":false,"om_disable_all_campaigns":false,"rs_blank_template":"","rs_page_bg_color":"","slide_template_v7":"","inline_featured_image":false,"_monsterinsights_skip_tracking":false,"_monsterinsights_sitenote_active":false,"_monsterinsights_sitenote_note":"","_monsterinsights_sitenote_category":0},"product_brand":[],"product_cat":[45],"product_tag":[105],"class_list":{"0":"post-7698","1":"product","2":"type-product","3":"status-publish","4":"has-post-thumbnail","6":"product_cat-general","7":"product_tag-105","8":"pa_article-numbers-contents-6-22010","9":"pa_article-numbers-contents-6-22050","10":"pa_article-numbers-contents-6-22250","11":"pa_available-content-1l","12":"pa_available-content-25l","13":"pa_available-content-5l","14":"pa_crp-clean-en","17":"first","18":"instock","19":"purchasable","20":"product-type-variable"},"acf":[],"yoast_head":"<!-- This site is optimized with the Yoast SEO plugin v27.4 - https:\/\/yoast.com\/product\/yoast-seo-wordpress\/ -->\n<title>Dulon Hull &amp; Waterline Clean 22 - Removes brownish\/yellow deposits -<\/title>\n<meta name=\"robots\" content=\"index, follow, max-snippet:-1, max-image-preview:large, max-video-preview:-1\" \/>\n<link rel=\"canonical\" href=\"https:\/\/dulonmarine.com\/hr\/trgovina\/dulon\/opce\/uzorak-proizvoda\/hull-waterline-clean-22-uklanja-smeckasto-zute-naslage\/\" \/>\n<meta property=\"og:locale\" content=\"hr_HR\" \/>\n<meta property=\"og:type\" content=\"article\" \/>\n<meta property=\"og:title\" content=\"Dulon Hull &amp; Waterline Clean 22 - Removes brownish\/yellow deposits -\" \/>\n<meta property=\"og:description\" content=\"Removes brownish\/yellow deposits    Powerful cleansing agent for cleaning the hull and waterline of the ship. It removes effectively brownish\/yellow deposits, superficial rust spots and limescale. No need to scrub due to the self-purification property.   For the hull and waterline.  Removes limescale and the brownish \/ yellow deposits.  Also suitable for removing rust.  Very powerful formula.\" \/>\n<meta property=\"og:url\" content=\"https:\/\/dulonmarine.com\/hr\/trgovina\/dulon\/opce\/uzorak-proizvoda\/hull-waterline-clean-22-uklanja-smeckasto-zute-naslage\/\" \/>\n<meta property=\"og:site_name\" content=\"Dulon Marine\" \/>\n<meta property=\"article:publisher\" content=\"https:\/\/www.facebook.com\/dulonmarine?locale=nl_NL\" \/>\n<meta property=\"article:modified_time\" content=\"2024-10-23T13:12:13+00:00\" \/>\n<meta property=\"og:image\" content=\"https:\/\/dulonmarine.com\/wp-content\/uploads\/2020\/07\/22-Dulon-Marine-Hull-Waterline-Cleaner.jpg\" \/>\n\t<meta property=\"og:image:width\" content=\"1200\" \/>\n\t<meta property=\"og:image:height\" content=\"1200\" \/>\n\t<meta property=\"og:image:type\" content=\"image\/jpeg\" \/>\n<meta name=\"twitter:card\" content=\"summary_large_image\" \/>\n<meta name=\"twitter:label1\" content=\"Procijenjeno vrijeme \u010ditanja\" \/>\n\t<meta name=\"twitter:data1\" content=\"1 minuta\" \/>\n<script type=\"application\/ld+json\" class=\"yoast-schema-graph\">{\"@context\":\"https:\\\/\\\/schema.org\",\"@graph\":[{\"@type\":\"WebPage\",\"@id\":\"https:\\\/\\\/dulonmarine.com\\\/de\\\/winkel\\\/dulon\\\/allgemein\\\/musterprodukt\\\/hull-waterline-clean-22-removes-brownish-yellow-deposits\\\/\",\"url\":\"https:\\\/\\\/dulonmarine.com\\\/de\\\/winkel\\\/dulon\\\/allgemein\\\/musterprodukt\\\/hull-waterline-clean-22-removes-brownish-yellow-deposits\\\/\",\"name\":\"Dulon Hull & Waterline Clean 22 - Removes brownish\\\/yellow deposits -\",\"isPartOf\":{\"@id\":\"https:\\\/\\\/dulonmarine.com\\\/pt\\\/#website\"},\"primaryImageOfPage\":{\"@id\":\"https:\\\/\\\/dulonmarine.com\\\/de\\\/winkel\\\/dulon\\\/allgemein\\\/musterprodukt\\\/hull-waterline-clean-22-removes-brownish-yellow-deposits\\\/#primaryimage\"},\"image\":{\"@id\":\"https:\\\/\\\/dulonmarine.com\\\/de\\\/winkel\\\/dulon\\\/allgemein\\\/musterprodukt\\\/hull-waterline-clean-22-removes-brownish-yellow-deposits\\\/#primaryimage\"},\"thumbnailUrl\":\"https:\\\/\\\/dulonmarine.com\\\/wp-content\\\/uploads\\\/2020\\\/07\\\/22-Dulon-Marine-Hull-Waterline-Cleaner.jpg\",\"datePublished\":\"2020-07-30T11:57:19+00:00\",\"dateModified\":\"2024-10-23T13:12:13+00:00\",\"breadcrumb\":{\"@id\":\"https:\\\/\\\/dulonmarine.com\\\/de\\\/winkel\\\/dulon\\\/allgemein\\\/musterprodukt\\\/hull-waterline-clean-22-removes-brownish-yellow-deposits\\\/#breadcrumb\"},\"inLanguage\":\"hr\",\"potentialAction\":[{\"@type\":\"ReadAction\",\"target\":[\"https:\\\/\\\/dulonmarine.com\\\/de\\\/winkel\\\/dulon\\\/allgemein\\\/musterprodukt\\\/hull-waterline-clean-22-removes-brownish-yellow-deposits\\\/\"]}]},{\"@type\":\"ImageObject\",\"inLanguage\":\"hr\",\"@id\":\"https:\\\/\\\/dulonmarine.com\\\/de\\\/winkel\\\/dulon\\\/allgemein\\\/musterprodukt\\\/hull-waterline-clean-22-removes-brownish-yellow-deposits\\\/#primaryimage\",\"url\":\"https:\\\/\\\/dulonmarine.com\\\/wp-content\\\/uploads\\\/2020\\\/07\\\/22-Dulon-Marine-Hull-Waterline-Cleaner.jpg\",\"contentUrl\":\"https:\\\/\\\/dulonmarine.com\\\/wp-content\\\/uploads\\\/2020\\\/07\\\/22-Dulon-Marine-Hull-Waterline-Cleaner.jpg\",\"width\":1200,\"height\":1200},{\"@type\":\"BreadcrumbList\",\"@id\":\"https:\\\/\\\/dulonmarine.com\\\/de\\\/winkel\\\/dulon\\\/allgemein\\\/musterprodukt\\\/hull-waterline-clean-22-removes-brownish-yellow-deposits\\\/#breadcrumb\",\"itemListElement\":[{\"@type\":\"ListItem\",\"position\":1,\"name\":\"Home\",\"item\":\"https:\\\/\\\/dulonmarine.com\\\/\"},{\"@type\":\"ListItem\",\"position\":2,\"name\":\"Winkel\",\"item\":\"https:\\\/\\\/dulonmarine.com\\\/pt\\\/piacaba\\\/\"},{\"@type\":\"ListItem\",\"position\":3,\"name\":\"Dulon Hull &#038; Waterline Clean 22 &#8211; Removes brownish\\\/yellow deposits\"}]},{\"@type\":\"WebSite\",\"@id\":\"https:\\\/\\\/dulonmarine.com\\\/pt\\\/#website\",\"url\":\"https:\\\/\\\/dulonmarine.com\\\/pt\\\/\",\"name\":\"Dulon Marine\",\"description\":\"Onderhoudsproducten voor de scheepvaart\",\"publisher\":{\"@id\":\"https:\\\/\\\/dulonmarine.com\\\/pt\\\/#organization\"},\"potentialAction\":[{\"@type\":\"SearchAction\",\"target\":{\"@type\":\"EntryPoint\",\"urlTemplate\":\"https:\\\/\\\/dulonmarine.com\\\/pt\\\/?s={search_term_string}\"},\"query-input\":{\"@type\":\"PropertyValueSpecification\",\"valueRequired\":true,\"valueName\":\"search_term_string\"}}],\"inLanguage\":\"hr\"},{\"@type\":\"Organization\",\"@id\":\"https:\\\/\\\/dulonmarine.com\\\/pt\\\/#organization\",\"name\":\"Dulon Marine Deckmate Group\",\"url\":\"https:\\\/\\\/dulonmarine.com\\\/pt\\\/\",\"logo\":{\"@type\":\"ImageObject\",\"inLanguage\":\"hr\",\"@id\":\"https:\\\/\\\/dulonmarine.com\\\/pt\\\/#\\\/schema\\\/logo\\\/image\\\/\",\"url\":\"http:\\\/\\\/dulonmarine.com\\\/wp-content\\\/uploads\\\/2023\\\/02\\\/Dulon-Marine-Deckmate-Group-logo-small.png\",\"contentUrl\":\"http:\\\/\\\/dulonmarine.com\\\/wp-content\\\/uploads\\\/2023\\\/02\\\/Dulon-Marine-Deckmate-Group-logo-small.png\",\"width\":350,\"height\":150,\"caption\":\"Dulon Marine Deckmate Group\"},\"image\":{\"@id\":\"https:\\\/\\\/dulonmarine.com\\\/pt\\\/#\\\/schema\\\/logo\\\/image\\\/\"},\"sameAs\":[\"https:\\\/\\\/www.facebook.com\\\/dulonmarine?locale=nl_NL\",\"https:\\\/\\\/www.instagram.com\\\/dulonmarinegroup\\\/\"]}]}<\/script>\n<!-- \/ Yoast SEO plugin. -->","yoast_head_json":{"title":"Dulon \u010ci\u0161\u0107enje trupa i linije plime 22 - Uklanja sme\u0111e\/\u017eute naslage -","robots":{"index":"index","follow":"follow","max-snippet":"max-snippet:-1","max-image-preview":"max-image-preview:large","max-video-preview":"max-video-preview:-1"},"canonical":"https:\/\/dulonmarine.com\/hr\/trgovina\/dulon\/opce\/uzorak-proizvoda\/hull-waterline-clean-22-uklanja-smeckasto-zute-naslage\/","og_locale":"hr_HR","og_type":"article","og_title":"Dulon Hull & Waterline Clean 22 - Removes brownish\/yellow deposits -","og_description":"Removes brownish\/yellow deposits    Powerful cleansing agent for cleaning the hull and waterline of the ship. It removes effectively brownish\/yellow deposits, superficial rust spots and limescale. No need to scrub due to the self-purification property.   For the hull and waterline.  Removes limescale and the brownish \/ yellow deposits.  Also suitable for removing rust.  Very powerful formula.","og_url":"https:\/\/dulonmarine.com\/hr\/trgovina\/dulon\/opce\/uzorak-proizvoda\/hull-waterline-clean-22-uklanja-smeckasto-zute-naslage\/","og_site_name":"Dulon Marine","article_publisher":"https:\/\/www.facebook.com\/dulonmarine?locale=nl_NL","article_modified_time":"2024-10-23T13:12:13+00:00","og_image":[{"width":1200,"height":1200,"url":"https:\/\/dulonmarine.com\/wp-content\/uploads\/2020\/07\/22-Dulon-Marine-Hull-Waterline-Cleaner.jpg","type":"image\/jpeg"}],"twitter_card":"summary_large_image","twitter_misc":{"Procijenjeno vrijeme \u010ditanja":"1 minuta"},"schema":{"@context":"https:\/\/schema.org","@graph":[{"@type":"WebPage","@id":"https:\/\/dulonmarine.com\/de\/winkel\/dulon\/allgemein\/musterprodukt\/hull-waterline-clean-22-removes-brownish-yellow-deposits\/","url":"https:\/\/dulonmarine.com\/de\/winkel\/dulon\/allgemein\/musterprodukt\/hull-waterline-clean-22-removes-brownish-yellow-deposits\/","name":"Dulon \u010ci\u0161\u0107enje trupa i linije plime 22 - Uklanja sme\u0111e\/\u017eute naslage -","isPartOf":{"@id":"https:\/\/dulonmarine.com\/pt\/#website"},"primaryImageOfPage":{"@id":"https:\/\/dulonmarine.com\/de\/winkel\/dulon\/allgemein\/musterprodukt\/hull-waterline-clean-22-removes-brownish-yellow-deposits\/#primaryimage"},"image":{"@id":"https:\/\/dulonmarine.com\/de\/winkel\/dulon\/allgemein\/musterprodukt\/hull-waterline-clean-22-removes-brownish-yellow-deposits\/#primaryimage"},"thumbnailUrl":"https:\/\/dulonmarine.com\/wp-content\/uploads\/2020\/07\/22-Dulon-Marine-Hull-Waterline-Cleaner.jpg","datePublished":"2020-07-30T11:57:19+00:00","dateModified":"2024-10-23T13:12:13+00:00","breadcrumb":{"@id":"https:\/\/dulonmarine.com\/de\/winkel\/dulon\/allgemein\/musterprodukt\/hull-waterline-clean-22-removes-brownish-yellow-deposits\/#breadcrumb"},"inLanguage":"hr","potentialAction":[{"@type":"ReadAction","target":["https:\/\/dulonmarine.com\/de\/winkel\/dulon\/allgemein\/musterprodukt\/hull-waterline-clean-22-removes-brownish-yellow-deposits\/"]}]},{"@type":"ImageObject","inLanguage":"hr","@id":"https:\/\/dulonmarine.com\/de\/winkel\/dulon\/allgemein\/musterprodukt\/hull-waterline-clean-22-removes-brownish-yellow-deposits\/#primaryimage","url":"https:\/\/dulonmarine.com\/wp-content\/uploads\/2020\/07\/22-Dulon-Marine-Hull-Waterline-Cleaner.jpg","contentUrl":"https:\/\/dulonmarine.com\/wp-content\/uploads\/2020\/07\/22-Dulon-Marine-Hull-Waterline-Cleaner.jpg","width":1200,"height":1200},{"@type":"BreadcrumbList","@id":"https:\/\/dulonmarine.com\/de\/winkel\/dulon\/allgemein\/musterprodukt\/hull-waterline-clean-22-removes-brownish-yellow-deposits\/#breadcrumb","itemListElement":[{"@type":"ListItem","position":1,"name":"Home","item":"https:\/\/dulonmarine.com\/"},{"@type":"ListItem","position":2,"name":"Winkel","item":"https:\/\/dulonmarine.com\/pt\/piacaba\/"},{"@type":"ListItem","position":3,"name":"Dulon Hull &#038; Waterline Clean 22 &#8211; Removes brownish\/yellow deposits"}]},{"@type":"WebSite","@id":"https:\/\/dulonmarine.com\/pt\/#website","url":"https:\/\/dulonmarine.com\/pt\/","name":"Dulon Marine","description":"Proizvodi za odr\u017eavanje plovila","publisher":{"@id":"https:\/\/dulonmarine.com\/pt\/#organization"},"potentialAction":[{"@type":"SearchAction","target":{"@type":"EntryPoint","urlTemplate":"https:\/\/dulonmarine.com\/pt\/?s={search_term_string}"},"query-input":{"@type":"PropertyValueSpecification","valueRequired":true,"valueName":"search_term_string"}}],"inLanguage":"hr"},{"@type":"Organization","@id":"https:\/\/dulonmarine.com\/pt\/#organization","name":"Dulon Marine Deckmate grupa","url":"https:\/\/dulonmarine.com\/pt\/","logo":{"@type":"ImageObject","inLanguage":"hr","@id":"https:\/\/dulonmarine.com\/pt\/#\/schema\/logo\/image\/","url":"http:\/\/dulonmarine.com\/wp-content\/uploads\/2023\/02\/Dulon-Marine-Deckmate-Group-logo-small.png","contentUrl":"http:\/\/dulonmarine.com\/wp-content\/uploads\/2023\/02\/Dulon-Marine-Deckmate-Group-logo-small.png","width":350,"height":150,"caption":"Dulon Marine Deckmate Group"},"image":{"@id":"https:\/\/dulonmarine.com\/pt\/#\/schema\/logo\/image\/"},"sameAs":["https:\/\/www.facebook.com\/dulonmarine?locale=nl_NL","https:\/\/www.instagram.com\/dulonmarinegroup\/"]}]}},"_links":{"self":[{"href":"https:\/\/dulonmarine.com\/hr\/wp-json\/wp\/v2\/product\/7698","targetHints":{"allow":["GET"]}}],"collection":[{"href":"https:\/\/dulonmarine.com\/hr\/wp-json\/wp\/v2\/product"}],"about":[{"href":"https:\/\/dulonmarine.com\/hr\/wp-json\/wp\/v2\/types\/product"}],"wp:featuredmedia":[{"embeddable":true,"href":"https:\/\/dulonmarine.com\/hr\/wp-json\/wp\/v2\/media\/9114"}],"wp:attachment":[{"href":"https:\/\/dulonmarine.com\/hr\/wp-json\/wp\/v2\/media?parent=7698"}],"wp:term":[{"taxonomy":"product_brand","embeddable":true,"href":"https:\/\/dulonmarine.com\/hr\/wp-json\/wp\/v2\/product_brand?post=7698"},{"taxonomy":"product_cat","embeddable":true,"href":"https:\/\/dulonmarine.com\/hr\/wp-json\/wp\/v2\/product_cat?post=7698"},{"taxonomy":"product_tag","embeddable":true,"href":"https:\/\/dulonmarine.com\/hr\/wp-json\/wp\/v2\/product_tag?post=7698"}],"curies":[{"name":"wp","href":"https:\/\/api.w.org\/{rel}","templated":true}]}}