{"id":7732,"date":"2020-08-17T08:20:36","date_gmt":"2020-08-17T07:20:36","guid":{"rendered":"http:\/\/dulonmarine.com\/?post_type=product&#038;p=7732"},"modified":"2024-10-23T14:24:26","modified_gmt":"2024-10-23T13:24:26","slug":"dulon-teak-odmascivac-41-dubinski-cistac-odmascivac","status":"publish","type":"product","link":"https:\/\/dulonmarine.com\/hr\/winkel\/teak\/sample-product\/dulon-teak-degreaser-41-deep-cleaner-degreaser\/","title":{"rendered":"Dulon Teak Degreaser 41 \u2013 Dubinski \u010dista\u010d i odma\u0161\u0107iva\u010d"},"content":{"rendered":"","protected":false},"excerpt":{"rendered":"<p>Faza 1 sustava TEAK CARE u 3 koraka<\/p>\n<hr \/>\n<p>Sna\u017eni deterd\u017eent za uklanjanje (masti) vitla, ulja, prskanja dizela, ulja za sun\u010danje itd. s tikovine (palube) i namje\u0161taja.<\/p>\n<ul>\n<li>Uklanja mrlje uzrokovane masno\u0107om, uljem, mazivima, gorivom, kavom, hranom itd.<\/li>\n<li>\u010cisti duboko u drvo.<\/li>\n<li>Formula na bazi vode.<\/li>\n<li>Sigurno za upotrebu.<\/li>\n<li>Biodegradabilno.<\/li>\n<\/ul>\n<div class=\"x-video-inner\">\n    <video  \nclass=\"x-mejs x-wp-video-shortcode advanced-controls\" \n        width=\"400\" \n        height=\"400\" \n        loop autoplay muted playsinline style=\"border: none; outline: none; background: none;\"><source type=\"video\/mp4\" src=\"http:\/\/dulonmarine.com\/wp-content\/uploads\/2024\/10\/41.Teak_Degreaser-360-video.mp4\"><\/video>\n<\/div>","protected":false},"featured_media":9552,"template":"","meta":{"_acf_changed":false,"om_disable_all_campaigns":false,"rs_blank_template":"","rs_page_bg_color":"","slide_template_v7":"","inline_featured_image":false,"_monsterinsights_skip_tracking":false,"_monsterinsights_sitenote_active":false,"_monsterinsights_sitenote_note":"","_monsterinsights_sitenote_category":0},"product_brand":[],"product_cat":[47],"product_tag":[23],"class_list":{"0":"post-7732","1":"product","2":"type-product","3":"status-publish","4":"has-post-thumbnail","6":"product_cat-teak","7":"product_tag-23","8":"pa_article-numbers-contents-6-41010","9":"pa_article-numbers-contents-6-41050","10":"pa_article-numbers-contents-6-41250-25l","11":"pa_available-content-1l","12":"pa_available-content-25l","13":"pa_available-content-5l","14":"pa_crp-clean-en","17":"first","18":"instock","19":"purchasable","20":"product-type-variable"},"acf":[],"yoast_head":"<!-- This site is optimized with the Yoast SEO plugin v27.4 - https:\/\/yoast.com\/product\/yoast-seo-wordpress\/ -->\n<title>Dulon Teak Degreaser 41 - Deep cleaner &amp; Degreaser -<\/title>\n<meta name=\"description\" content=\"Strong multifunctional degreaser, developed especially for cleaning and degreasing the engine, motor (compartment) and bilge.\" \/>\n<meta name=\"robots\" content=\"index, follow, max-snippet:-1, max-image-preview:large, max-video-preview:-1\" \/>\n<link rel=\"canonical\" href=\"https:\/\/dulonmarine.com\/hr\/trgovina\/tikovina\/uzorak-proizvoda\/dulon-teak-odmascivac-41-dubinski-cistac-odmascivac\/\" \/>\n<meta property=\"og:locale\" content=\"hr_HR\" \/>\n<meta property=\"og:type\" content=\"article\" \/>\n<meta property=\"og:title\" content=\"Dulon Teak Degreaser 41 - Deep cleaner &amp; Degreaser -\" \/>\n<meta property=\"og:description\" content=\"Strong multifunctional degreaser, developed especially for cleaning and degreasing the engine, motor (compartment) and bilge.\" \/>\n<meta property=\"og:url\" content=\"https:\/\/dulonmarine.com\/hr\/trgovina\/tikovina\/uzorak-proizvoda\/dulon-teak-odmascivac-41-dubinski-cistac-odmascivac\/\" \/>\n<meta property=\"og:site_name\" content=\"Dulon Marine\" \/>\n<meta property=\"article:publisher\" content=\"https:\/\/www.facebook.com\/dulonmarine?locale=nl_NL\" \/>\n<meta property=\"article:modified_time\" content=\"2024-10-23T13:24:26+00:00\" \/>\n<meta property=\"og:image\" content=\"https:\/\/dulonmarine.com\/wp-content\/uploads\/2020\/08\/41-Dulon-Marine-Teak-Degreaser.jpg\" \/>\n\t<meta property=\"og:image:width\" content=\"1200\" \/>\n\t<meta property=\"og:image:height\" content=\"1200\" \/>\n\t<meta property=\"og:image:type\" content=\"image\/jpeg\" \/>\n<meta name=\"twitter:card\" content=\"summary_large_image\" \/>\n<meta name=\"twitter:label1\" content=\"Procijenjeno vrijeme \u010ditanja\" \/>\n\t<meta name=\"twitter:data1\" content=\"1 minuta\" \/>\n<script type=\"application\/ld+json\" class=\"yoast-schema-graph\">{\"@context\":\"https:\\\/\\\/schema.org\",\"@graph\":[{\"@type\":\"WebPage\",\"@id\":\"https:\\\/\\\/dulonmarine.com\\\/el\\\/winkel\\\/teak\\\/%ce%b4%ce%b5%ce%af%ce%b3%ce%bc%ce%b1-%cf%80%cf%81%ce%bf%cf%8a%cf%8c%ce%bd%cf%84%ce%bf%cf%82\\\/dulon-teak-degreaser-41-deep-cleaner-degreaser\\\/\",\"url\":\"https:\\\/\\\/dulonmarine.com\\\/el\\\/winkel\\\/teak\\\/%ce%b4%ce%b5%ce%af%ce%b3%ce%bc%ce%b1-%cf%80%cf%81%ce%bf%cf%8a%cf%8c%ce%bd%cf%84%ce%bf%cf%82\\\/dulon-teak-degreaser-41-deep-cleaner-degreaser\\\/\",\"name\":\"Dulon Teak Degreaser 41 - Deep cleaner & Degreaser -\",\"isPartOf\":{\"@id\":\"https:\\\/\\\/dulonmarine.com\\\/pt\\\/#website\"},\"primaryImageOfPage\":{\"@id\":\"https:\\\/\\\/dulonmarine.com\\\/el\\\/winkel\\\/teak\\\/%ce%b4%ce%b5%ce%af%ce%b3%ce%bc%ce%b1-%cf%80%cf%81%ce%bf%cf%8a%cf%8c%ce%bd%cf%84%ce%bf%cf%82\\\/dulon-teak-degreaser-41-deep-cleaner-degreaser\\\/#primaryimage\"},\"image\":{\"@id\":\"https:\\\/\\\/dulonmarine.com\\\/el\\\/winkel\\\/teak\\\/%ce%b4%ce%b5%ce%af%ce%b3%ce%bc%ce%b1-%cf%80%cf%81%ce%bf%cf%8a%cf%8c%ce%bd%cf%84%ce%bf%cf%82\\\/dulon-teak-degreaser-41-deep-cleaner-degreaser\\\/#primaryimage\"},\"thumbnailUrl\":\"https:\\\/\\\/dulonmarine.com\\\/wp-content\\\/uploads\\\/2020\\\/08\\\/41-Dulon-Marine-Teak-Degreaser.jpg\",\"datePublished\":\"2020-08-17T07:20:36+00:00\",\"dateModified\":\"2024-10-23T13:24:26+00:00\",\"description\":\"Strong multifunctional degreaser, developed especially for cleaning and degreasing the engine, motor (compartment) and bilge.\",\"breadcrumb\":{\"@id\":\"https:\\\/\\\/dulonmarine.com\\\/el\\\/winkel\\\/teak\\\/%ce%b4%ce%b5%ce%af%ce%b3%ce%bc%ce%b1-%cf%80%cf%81%ce%bf%cf%8a%cf%8c%ce%bd%cf%84%ce%bf%cf%82\\\/dulon-teak-degreaser-41-deep-cleaner-degreaser\\\/#breadcrumb\"},\"inLanguage\":\"hr\",\"potentialAction\":[{\"@type\":\"ReadAction\",\"target\":[\"https:\\\/\\\/dulonmarine.com\\\/el\\\/winkel\\\/teak\\\/%ce%b4%ce%b5%ce%af%ce%b3%ce%bc%ce%b1-%cf%80%cf%81%ce%bf%cf%8a%cf%8c%ce%bd%cf%84%ce%bf%cf%82\\\/dulon-teak-degreaser-41-deep-cleaner-degreaser\\\/\"]}]},{\"@type\":\"ImageObject\",\"inLanguage\":\"hr\",\"@id\":\"https:\\\/\\\/dulonmarine.com\\\/el\\\/winkel\\\/teak\\\/%ce%b4%ce%b5%ce%af%ce%b3%ce%bc%ce%b1-%cf%80%cf%81%ce%bf%cf%8a%cf%8c%ce%bd%cf%84%ce%bf%cf%82\\\/dulon-teak-degreaser-41-deep-cleaner-degreaser\\\/#primaryimage\",\"url\":\"https:\\\/\\\/dulonmarine.com\\\/wp-content\\\/uploads\\\/2020\\\/08\\\/41-Dulon-Marine-Teak-Degreaser.jpg\",\"contentUrl\":\"https:\\\/\\\/dulonmarine.com\\\/wp-content\\\/uploads\\\/2020\\\/08\\\/41-Dulon-Marine-Teak-Degreaser.jpg\",\"width\":1200,\"height\":1200},{\"@type\":\"BreadcrumbList\",\"@id\":\"https:\\\/\\\/dulonmarine.com\\\/el\\\/winkel\\\/teak\\\/%ce%b4%ce%b5%ce%af%ce%b3%ce%bc%ce%b1-%cf%80%cf%81%ce%bf%cf%8a%cf%8c%ce%bd%cf%84%ce%bf%cf%82\\\/dulon-teak-degreaser-41-deep-cleaner-degreaser\\\/#breadcrumb\",\"itemListElement\":[{\"@type\":\"ListItem\",\"position\":1,\"name\":\"Home\",\"item\":\"https:\\\/\\\/dulonmarine.com\\\/\"},{\"@type\":\"ListItem\",\"position\":2,\"name\":\"Winkel\",\"item\":\"https:\\\/\\\/dulonmarine.com\\\/pt\\\/piacaba\\\/\"},{\"@type\":\"ListItem\",\"position\":3,\"name\":\"Dulon Teak Degreaser 41 &#8211; Deep cleaner &#038; Degreaser\"}]},{\"@type\":\"WebSite\",\"@id\":\"https:\\\/\\\/dulonmarine.com\\\/pt\\\/#website\",\"url\":\"https:\\\/\\\/dulonmarine.com\\\/pt\\\/\",\"name\":\"Dulon Marine\",\"description\":\"Onderhoudsproducten voor de scheepvaart\",\"publisher\":{\"@id\":\"https:\\\/\\\/dulonmarine.com\\\/pt\\\/#organization\"},\"potentialAction\":[{\"@type\":\"SearchAction\",\"target\":{\"@type\":\"EntryPoint\",\"urlTemplate\":\"https:\\\/\\\/dulonmarine.com\\\/pt\\\/?s={search_term_string}\"},\"query-input\":{\"@type\":\"PropertyValueSpecification\",\"valueRequired\":true,\"valueName\":\"search_term_string\"}}],\"inLanguage\":\"hr\"},{\"@type\":\"Organization\",\"@id\":\"https:\\\/\\\/dulonmarine.com\\\/pt\\\/#organization\",\"name\":\"Dulon Marine Deckmate Group\",\"url\":\"https:\\\/\\\/dulonmarine.com\\\/pt\\\/\",\"logo\":{\"@type\":\"ImageObject\",\"inLanguage\":\"hr\",\"@id\":\"https:\\\/\\\/dulonmarine.com\\\/pt\\\/#\\\/schema\\\/logo\\\/image\\\/\",\"url\":\"http:\\\/\\\/dulonmarine.com\\\/wp-content\\\/uploads\\\/2023\\\/02\\\/Dulon-Marine-Deckmate-Group-logo-small.png\",\"contentUrl\":\"http:\\\/\\\/dulonmarine.com\\\/wp-content\\\/uploads\\\/2023\\\/02\\\/Dulon-Marine-Deckmate-Group-logo-small.png\",\"width\":350,\"height\":150,\"caption\":\"Dulon Marine Deckmate Group\"},\"image\":{\"@id\":\"https:\\\/\\\/dulonmarine.com\\\/pt\\\/#\\\/schema\\\/logo\\\/image\\\/\"},\"sameAs\":[\"https:\\\/\\\/www.facebook.com\\\/dulonmarine?locale=nl_NL\",\"https:\\\/\\\/www.instagram.com\\\/dulonmarinegroup\\\/\"]}]}<\/script>\n<!-- \/ Yoast SEO plugin. -->","yoast_head_json":{"title":"Dulon Teak Degreaser 41 - Dubinski \u010dista\u010d i odma\u0161\u0107iva\u010d -","description":"Sna\u017eni vi\u0161enamjenski odma\u0161\u0107iva\u010d, razvijen posebno za \u010di\u0161\u0107enje i odma\u0161\u0107ivanje motora, motornog prostora i trupa.","robots":{"index":"index","follow":"follow","max-snippet":"max-snippet:-1","max-image-preview":"max-image-preview:large","max-video-preview":"max-video-preview:-1"},"canonical":"https:\/\/dulonmarine.com\/hr\/trgovina\/tikovina\/uzorak-proizvoda\/dulon-teak-odmascivac-41-dubinski-cistac-odmascivac\/","og_locale":"hr_HR","og_type":"article","og_title":"Dulon Teak Degreaser 41 - Deep cleaner & Degreaser -","og_description":"Strong multifunctional degreaser, developed especially for cleaning and degreasing the engine, motor (compartment) and bilge.","og_url":"https:\/\/dulonmarine.com\/hr\/trgovina\/tikovina\/uzorak-proizvoda\/dulon-teak-odmascivac-41-dubinski-cistac-odmascivac\/","og_site_name":"Dulon Marine","article_publisher":"https:\/\/www.facebook.com\/dulonmarine?locale=nl_NL","article_modified_time":"2024-10-23T13:24:26+00:00","og_image":[{"width":1200,"height":1200,"url":"https:\/\/dulonmarine.com\/wp-content\/uploads\/2020\/08\/41-Dulon-Marine-Teak-Degreaser.jpg","type":"image\/jpeg"}],"twitter_card":"summary_large_image","twitter_misc":{"Procijenjeno vrijeme \u010ditanja":"1 minuta"},"schema":{"@context":"https:\/\/schema.org","@graph":[{"@type":"WebPage","@id":"https:\/\/dulonmarine.com\/el\/winkel\/teak\/%ce%b4%ce%b5%ce%af%ce%b3%ce%bc%ce%b1-%cf%80%cf%81%ce%bf%cf%8a%cf%8c%ce%bd%cf%84%ce%bf%cf%82\/dulon-teak-degreaser-41-deep-cleaner-degreaser\/","url":"https:\/\/dulonmarine.com\/el\/winkel\/teak\/%ce%b4%ce%b5%ce%af%ce%b3%ce%bc%ce%b1-%cf%80%cf%81%ce%bf%cf%8a%cf%8c%ce%bd%cf%84%ce%bf%cf%82\/dulon-teak-degreaser-41-deep-cleaner-degreaser\/","name":"Dulon Teak Degreaser 41 - Dubinski \u010dista\u010d i odma\u0161\u0107iva\u010d -","isPartOf":{"@id":"https:\/\/dulonmarine.com\/pt\/#website"},"primaryImageOfPage":{"@id":"https:\/\/dulonmarine.com\/el\/winkel\/teak\/%ce%b4%ce%b5%ce%af%ce%b3%ce%bc%ce%b1-%cf%80%cf%81%ce%bf%cf%8a%cf%8c%ce%bd%cf%84%ce%bf%cf%82\/dulon-teak-degreaser-41-deep-cleaner-degreaser\/#primaryimage"},"image":{"@id":"https:\/\/dulonmarine.com\/el\/winkel\/teak\/%ce%b4%ce%b5%ce%af%ce%b3%ce%bc%ce%b1-%cf%80%cf%81%ce%bf%cf%8a%cf%8c%ce%bd%cf%84%ce%bf%cf%82\/dulon-teak-degreaser-41-deep-cleaner-degreaser\/#primaryimage"},"thumbnailUrl":"https:\/\/dulonmarine.com\/wp-content\/uploads\/2020\/08\/41-Dulon-Marine-Teak-Degreaser.jpg","datePublished":"2020-08-17T07:20:36+00:00","dateModified":"2024-10-23T13:24:26+00:00","description":"Sna\u017eni vi\u0161enamjenski odma\u0161\u0107iva\u010d, razvijen posebno za \u010di\u0161\u0107enje i odma\u0161\u0107ivanje motora, motornog prostora i trupa.","breadcrumb":{"@id":"https:\/\/dulonmarine.com\/el\/winkel\/teak\/%ce%b4%ce%b5%ce%af%ce%b3%ce%bc%ce%b1-%cf%80%cf%81%ce%bf%cf%8a%cf%8c%ce%bd%cf%84%ce%bf%cf%82\/dulon-teak-degreaser-41-deep-cleaner-degreaser\/#breadcrumb"},"inLanguage":"hr","potentialAction":[{"@type":"ReadAction","target":["https:\/\/dulonmarine.com\/el\/winkel\/teak\/%ce%b4%ce%b5%ce%af%ce%b3%ce%bc%ce%b1-%cf%80%cf%81%ce%bf%cf%8a%cf%8c%ce%bd%cf%84%ce%bf%cf%82\/dulon-teak-degreaser-41-deep-cleaner-degreaser\/"]}]},{"@type":"ImageObject","inLanguage":"hr","@id":"https:\/\/dulonmarine.com\/el\/winkel\/teak\/%ce%b4%ce%b5%ce%af%ce%b3%ce%bc%ce%b1-%cf%80%cf%81%ce%bf%cf%8a%cf%8c%ce%bd%cf%84%ce%bf%cf%82\/dulon-teak-degreaser-41-deep-cleaner-degreaser\/#primaryimage","url":"https:\/\/dulonmarine.com\/wp-content\/uploads\/2020\/08\/41-Dulon-Marine-Teak-Degreaser.jpg","contentUrl":"https:\/\/dulonmarine.com\/wp-content\/uploads\/2020\/08\/41-Dulon-Marine-Teak-Degreaser.jpg","width":1200,"height":1200},{"@type":"BreadcrumbList","@id":"https:\/\/dulonmarine.com\/el\/winkel\/teak\/%ce%b4%ce%b5%ce%af%ce%b3%ce%bc%ce%b1-%cf%80%cf%81%ce%bf%cf%8a%cf%8c%ce%bd%cf%84%ce%bf%cf%82\/dulon-teak-degreaser-41-deep-cleaner-degreaser\/#breadcrumb","itemListElement":[{"@type":"ListItem","position":1,"name":"Home","item":"https:\/\/dulonmarine.com\/"},{"@type":"ListItem","position":2,"name":"Winkel","item":"https:\/\/dulonmarine.com\/pt\/piacaba\/"},{"@type":"ListItem","position":3,"name":"Dulon Teak Degreaser 41 &#8211; Deep cleaner &#038; Degreaser"}]},{"@type":"WebSite","@id":"https:\/\/dulonmarine.com\/pt\/#website","url":"https:\/\/dulonmarine.com\/pt\/","name":"Dulon Marine","description":"Proizvodi za odr\u017eavanje plovila","publisher":{"@id":"https:\/\/dulonmarine.com\/pt\/#organization"},"potentialAction":[{"@type":"SearchAction","target":{"@type":"EntryPoint","urlTemplate":"https:\/\/dulonmarine.com\/pt\/?s={search_term_string}"},"query-input":{"@type":"PropertyValueSpecification","valueRequired":true,"valueName":"search_term_string"}}],"inLanguage":"hr"},{"@type":"Organization","@id":"https:\/\/dulonmarine.com\/pt\/#organization","name":"Dulon Marine Deckmate grupa","url":"https:\/\/dulonmarine.com\/pt\/","logo":{"@type":"ImageObject","inLanguage":"hr","@id":"https:\/\/dulonmarine.com\/pt\/#\/schema\/logo\/image\/","url":"http:\/\/dulonmarine.com\/wp-content\/uploads\/2023\/02\/Dulon-Marine-Deckmate-Group-logo-small.png","contentUrl":"http:\/\/dulonmarine.com\/wp-content\/uploads\/2023\/02\/Dulon-Marine-Deckmate-Group-logo-small.png","width":350,"height":150,"caption":"Dulon Marine Deckmate Group"},"image":{"@id":"https:\/\/dulonmarine.com\/pt\/#\/schema\/logo\/image\/"},"sameAs":["https:\/\/www.facebook.com\/dulonmarine?locale=nl_NL","https:\/\/www.instagram.com\/dulonmarinegroup\/"]}]}},"_links":{"self":[{"href":"https:\/\/dulonmarine.com\/hr\/wp-json\/wp\/v2\/product\/7732","targetHints":{"allow":["GET"]}}],"collection":[{"href":"https:\/\/dulonmarine.com\/hr\/wp-json\/wp\/v2\/product"}],"about":[{"href":"https:\/\/dulonmarine.com\/hr\/wp-json\/wp\/v2\/types\/product"}],"wp:featuredmedia":[{"embeddable":true,"href":"https:\/\/dulonmarine.com\/hr\/wp-json\/wp\/v2\/media\/9552"}],"wp:attachment":[{"href":"https:\/\/dulonmarine.com\/hr\/wp-json\/wp\/v2\/media?parent=7732"}],"wp:term":[{"taxonomy":"product_brand","embeddable":true,"href":"https:\/\/dulonmarine.com\/hr\/wp-json\/wp\/v2\/product_brand?post=7732"},{"taxonomy":"product_cat","embeddable":true,"href":"https:\/\/dulonmarine.com\/hr\/wp-json\/wp\/v2\/product_cat?post=7732"},{"taxonomy":"product_tag","embeddable":true,"href":"https:\/\/dulonmarine.com\/hr\/wp-json\/wp\/v2\/product_tag?post=7732"}],"curies":[{"name":"wp","href":"https:\/\/api.w.org\/{rel}","templated":true}]}}