{"id":7740,"date":"2020-08-17T08:36:37","date_gmt":"2020-08-17T07:36:37","guid":{"rendered":"http:\/\/dulonmarine.com\/?post_type=product&#038;p=7740"},"modified":"2024-10-23T14:34:50","modified_gmt":"2024-10-23T13:34:50","slug":"dulon-teak-zastitnik-43-impregnator-blokator-uv-zraka","status":"publish","type":"product","link":"https:\/\/dulonmarine.com\/hr\/winkel\/teak\/sample-product\/dulon-teak-protector-43-impregnator-uv-blocker\/","title":{"rendered":"Dulon Teak Protector 43 \u2013 impregnator i UV-blokator"},"content":{"rendered":"","protected":false},"excerpt":{"rendered":"<p>Faza 3 sustava 3-STEP TEAK CARE<\/p>\n<hr \/>\n<p>Revolucionarni za\u0161titni proizvod s UV-blokatorom za teak (palube) ili namje\u0161taj. Usporava proces mijenjanja boje\/posivljenja, sprje\u010dava naslage vapna i rast algi. Pru\u017ea za\u0161titu tijekom cijele jedrili\u010darske sezone. Stvara vodootporni i otporni na prljav\u0161tinu sloj te ne ostavlja masne ili klizave mrlje.<\/p>\n<ul>\n<li>\u0160titi tikovinu tijekom plovidbene sezone.<\/li>\n<li>Odga\u0111anje starenja zbog UV blokatora.<\/li>\n<li>Stvara nevidljiv sloj otporan na vodu i prljav\u0161tinu.<\/li>\n<li>Sprje\u010dava stvaranje kamenca i\/ili rasta algi.<\/li>\n<li>Ne postaje klizavo ili sklizavo.<\/li>\n<\/ul>\n<div class=\"x-video-inner\">\n    <video  \nclass=\"x-mejs x-wp-video-shortcode advanced-controls\" \n        width=\"400\" \n        height=\"400\" \n        loop autoplay muted playsinline style=\"border: none; outline: none; background: none;\"><source type=\"video\/mp4\" src=\"http:\/\/dulonmarine.com\/wp-content\/uploads\/2024\/10\/43.Teak_Protector-360-video.mp4\"><\/video>\n<\/div>","protected":false},"featured_media":9126,"template":"","meta":{"_acf_changed":false,"om_disable_all_campaigns":false,"rs_blank_template":"","rs_page_bg_color":"","slide_template_v7":"","inline_featured_image":false,"_monsterinsights_skip_tracking":false,"_monsterinsights_sitenote_active":false,"_monsterinsights_sitenote_note":"","_monsterinsights_sitenote_category":0},"product_brand":[],"product_cat":[47],"product_tag":[35],"class_list":{"0":"post-7740","1":"product","2":"type-product","3":"status-publish","4":"has-post-thumbnail","6":"product_cat-teak","7":"product_tag-35","8":"pa_article-numbers-contents-6-43005","9":"pa_article-numbers-contents-6-43050","10":"pa_article-numbers-contents-6-43250","11":"pa_available-content-0-5l","12":"pa_available-content-25l","13":"pa_available-content-5l","14":"pa_crp-protect-en","17":"first","18":"instock","19":"purchasable","20":"product-type-variable"},"acf":[],"yoast_head":"<!-- This site is optimized with the Yoast SEO plugin v27.4 - https:\/\/yoast.com\/product\/yoast-seo-wordpress\/ -->\n<title>Dulon Teak Protector 43 - impregnator &amp; UV-blocker -<\/title>\n<meta name=\"description\" content=\"Strong multifunctional degreaser, developed especially for cleaning and degreasing the engine, motor (compartment) and bilge.\" \/>\n<meta name=\"robots\" content=\"index, follow, max-snippet:-1, max-image-preview:large, max-video-preview:-1\" \/>\n<link rel=\"canonical\" href=\"https:\/\/dulonmarine.com\/hr\/trgovina\/tikovina\/uzorak-proizvoda\/dulon-teak-zastitnik-43-impregnator-blokator-uv-zraka\/\" \/>\n<meta property=\"og:locale\" content=\"hr_HR\" \/>\n<meta property=\"og:type\" content=\"article\" \/>\n<meta property=\"og:title\" content=\"Dulon Teak Protector 43 - impregnator &amp; UV-blocker -\" \/>\n<meta property=\"og:description\" content=\"Strong multifunctional degreaser, developed especially for cleaning and degreasing the engine, motor (compartment) and bilge.\" \/>\n<meta property=\"og:url\" content=\"https:\/\/dulonmarine.com\/hr\/trgovina\/tikovina\/uzorak-proizvoda\/dulon-teak-zastitnik-43-impregnator-blokator-uv-zraka\/\" \/>\n<meta property=\"og:site_name\" content=\"Dulon Marine\" \/>\n<meta property=\"article:publisher\" content=\"https:\/\/www.facebook.com\/dulonmarine?locale=nl_NL\" \/>\n<meta property=\"article:modified_time\" content=\"2024-10-23T13:34:50+00:00\" \/>\n<meta property=\"og:image\" content=\"https:\/\/dulonmarine.com\/wp-content\/uploads\/2020\/08\/43-Dulon-Marine-Teak-Protector.jpg\" \/>\n\t<meta property=\"og:image:width\" content=\"1200\" \/>\n\t<meta property=\"og:image:height\" content=\"1200\" \/>\n\t<meta property=\"og:image:type\" content=\"image\/jpeg\" \/>\n<meta name=\"twitter:card\" content=\"summary_large_image\" \/>\n<meta name=\"twitter:label1\" content=\"Procijenjeno vrijeme \u010ditanja\" \/>\n\t<meta name=\"twitter:data1\" content=\"1 minuta\" \/>\n<script type=\"application\/ld+json\" class=\"yoast-schema-graph\">{\"@context\":\"https:\\\/\\\/schema.org\",\"@graph\":[{\"@type\":\"WebPage\",\"@id\":\"https:\\\/\\\/dulonmarine.com\\\/el\\\/winkel\\\/teak\\\/%ce%b4%ce%b5%ce%af%ce%b3%ce%bc%ce%b1-%cf%80%cf%81%ce%bf%cf%8a%cf%8c%ce%bd%cf%84%ce%bf%cf%82\\\/dulon-teak-protector-43-impregnator-uv-blocker\\\/\",\"url\":\"https:\\\/\\\/dulonmarine.com\\\/el\\\/winkel\\\/teak\\\/%ce%b4%ce%b5%ce%af%ce%b3%ce%bc%ce%b1-%cf%80%cf%81%ce%bf%cf%8a%cf%8c%ce%bd%cf%84%ce%bf%cf%82\\\/dulon-teak-protector-43-impregnator-uv-blocker\\\/\",\"name\":\"Dulon Teak Protector 43 - impregnator & UV-blocker -\",\"isPartOf\":{\"@id\":\"https:\\\/\\\/dulonmarine.com\\\/pt\\\/#website\"},\"primaryImageOfPage\":{\"@id\":\"https:\\\/\\\/dulonmarine.com\\\/el\\\/winkel\\\/teak\\\/%ce%b4%ce%b5%ce%af%ce%b3%ce%bc%ce%b1-%cf%80%cf%81%ce%bf%cf%8a%cf%8c%ce%bd%cf%84%ce%bf%cf%82\\\/dulon-teak-protector-43-impregnator-uv-blocker\\\/#primaryimage\"},\"image\":{\"@id\":\"https:\\\/\\\/dulonmarine.com\\\/el\\\/winkel\\\/teak\\\/%ce%b4%ce%b5%ce%af%ce%b3%ce%bc%ce%b1-%cf%80%cf%81%ce%bf%cf%8a%cf%8c%ce%bd%cf%84%ce%bf%cf%82\\\/dulon-teak-protector-43-impregnator-uv-blocker\\\/#primaryimage\"},\"thumbnailUrl\":\"https:\\\/\\\/dulonmarine.com\\\/wp-content\\\/uploads\\\/2020\\\/08\\\/43-Dulon-Marine-Teak-Protector.jpg\",\"datePublished\":\"2020-08-17T07:36:37+00:00\",\"dateModified\":\"2024-10-23T13:34:50+00:00\",\"description\":\"Strong multifunctional degreaser, developed especially for cleaning and degreasing the engine, motor (compartment) and bilge.\",\"breadcrumb\":{\"@id\":\"https:\\\/\\\/dulonmarine.com\\\/el\\\/winkel\\\/teak\\\/%ce%b4%ce%b5%ce%af%ce%b3%ce%bc%ce%b1-%cf%80%cf%81%ce%bf%cf%8a%cf%8c%ce%bd%cf%84%ce%bf%cf%82\\\/dulon-teak-protector-43-impregnator-uv-blocker\\\/#breadcrumb\"},\"inLanguage\":\"hr\",\"potentialAction\":[{\"@type\":\"ReadAction\",\"target\":[\"https:\\\/\\\/dulonmarine.com\\\/el\\\/winkel\\\/teak\\\/%ce%b4%ce%b5%ce%af%ce%b3%ce%bc%ce%b1-%cf%80%cf%81%ce%bf%cf%8a%cf%8c%ce%bd%cf%84%ce%bf%cf%82\\\/dulon-teak-protector-43-impregnator-uv-blocker\\\/\"]}]},{\"@type\":\"ImageObject\",\"inLanguage\":\"hr\",\"@id\":\"https:\\\/\\\/dulonmarine.com\\\/el\\\/winkel\\\/teak\\\/%ce%b4%ce%b5%ce%af%ce%b3%ce%bc%ce%b1-%cf%80%cf%81%ce%bf%cf%8a%cf%8c%ce%bd%cf%84%ce%bf%cf%82\\\/dulon-teak-protector-43-impregnator-uv-blocker\\\/#primaryimage\",\"url\":\"https:\\\/\\\/dulonmarine.com\\\/wp-content\\\/uploads\\\/2020\\\/08\\\/43-Dulon-Marine-Teak-Protector.jpg\",\"contentUrl\":\"https:\\\/\\\/dulonmarine.com\\\/wp-content\\\/uploads\\\/2020\\\/08\\\/43-Dulon-Marine-Teak-Protector.jpg\",\"width\":1200,\"height\":1200},{\"@type\":\"BreadcrumbList\",\"@id\":\"https:\\\/\\\/dulonmarine.com\\\/el\\\/winkel\\\/teak\\\/%ce%b4%ce%b5%ce%af%ce%b3%ce%bc%ce%b1-%cf%80%cf%81%ce%bf%cf%8a%cf%8c%ce%bd%cf%84%ce%bf%cf%82\\\/dulon-teak-protector-43-impregnator-uv-blocker\\\/#breadcrumb\",\"itemListElement\":[{\"@type\":\"ListItem\",\"position\":1,\"name\":\"Home\",\"item\":\"https:\\\/\\\/dulonmarine.com\\\/\"},{\"@type\":\"ListItem\",\"position\":2,\"name\":\"Winkel\",\"item\":\"https:\\\/\\\/dulonmarine.com\\\/pt\\\/piacaba\\\/\"},{\"@type\":\"ListItem\",\"position\":3,\"name\":\"Dulon Teak Protector 43 &#8211; impregnator &#038; UV-blocker\"}]},{\"@type\":\"WebSite\",\"@id\":\"https:\\\/\\\/dulonmarine.com\\\/pt\\\/#website\",\"url\":\"https:\\\/\\\/dulonmarine.com\\\/pt\\\/\",\"name\":\"Dulon Marine\",\"description\":\"Onderhoudsproducten voor de scheepvaart\",\"publisher\":{\"@id\":\"https:\\\/\\\/dulonmarine.com\\\/pt\\\/#organization\"},\"potentialAction\":[{\"@type\":\"SearchAction\",\"target\":{\"@type\":\"EntryPoint\",\"urlTemplate\":\"https:\\\/\\\/dulonmarine.com\\\/pt\\\/?s={search_term_string}\"},\"query-input\":{\"@type\":\"PropertyValueSpecification\",\"valueRequired\":true,\"valueName\":\"search_term_string\"}}],\"inLanguage\":\"hr\"},{\"@type\":\"Organization\",\"@id\":\"https:\\\/\\\/dulonmarine.com\\\/pt\\\/#organization\",\"name\":\"Dulon Marine Deckmate Group\",\"url\":\"https:\\\/\\\/dulonmarine.com\\\/pt\\\/\",\"logo\":{\"@type\":\"ImageObject\",\"inLanguage\":\"hr\",\"@id\":\"https:\\\/\\\/dulonmarine.com\\\/pt\\\/#\\\/schema\\\/logo\\\/image\\\/\",\"url\":\"http:\\\/\\\/dulonmarine.com\\\/wp-content\\\/uploads\\\/2023\\\/02\\\/Dulon-Marine-Deckmate-Group-logo-small.png\",\"contentUrl\":\"http:\\\/\\\/dulonmarine.com\\\/wp-content\\\/uploads\\\/2023\\\/02\\\/Dulon-Marine-Deckmate-Group-logo-small.png\",\"width\":350,\"height\":150,\"caption\":\"Dulon Marine Deckmate Group\"},\"image\":{\"@id\":\"https:\\\/\\\/dulonmarine.com\\\/pt\\\/#\\\/schema\\\/logo\\\/image\\\/\"},\"sameAs\":[\"https:\\\/\\\/www.facebook.com\\\/dulonmarine?locale=nl_NL\",\"https:\\\/\\\/www.instagram.com\\\/dulonmarinegroup\\\/\"]}]}<\/script>\n<!-- \/ Yoast SEO plugin. -->","yoast_head_json":{"title":"Dulon Teak Protector 43 - impregnator i UV-blokator -","description":"Sna\u017eni vi\u0161enamjenski odma\u0161\u0107iva\u010d, razvijen posebno za \u010di\u0161\u0107enje i odma\u0161\u0107ivanje motora, motornog prostora i trupa.","robots":{"index":"index","follow":"follow","max-snippet":"max-snippet:-1","max-image-preview":"max-image-preview:large","max-video-preview":"max-video-preview:-1"},"canonical":"https:\/\/dulonmarine.com\/hr\/trgovina\/tikovina\/uzorak-proizvoda\/dulon-teak-zastitnik-43-impregnator-blokator-uv-zraka\/","og_locale":"hr_HR","og_type":"article","og_title":"Dulon Teak Protector 43 - impregnator & UV-blocker -","og_description":"Strong multifunctional degreaser, developed especially for cleaning and degreasing the engine, motor (compartment) and bilge.","og_url":"https:\/\/dulonmarine.com\/hr\/trgovina\/tikovina\/uzorak-proizvoda\/dulon-teak-zastitnik-43-impregnator-blokator-uv-zraka\/","og_site_name":"Dulon Marine","article_publisher":"https:\/\/www.facebook.com\/dulonmarine?locale=nl_NL","article_modified_time":"2024-10-23T13:34:50+00:00","og_image":[{"width":1200,"height":1200,"url":"https:\/\/dulonmarine.com\/wp-content\/uploads\/2020\/08\/43-Dulon-Marine-Teak-Protector.jpg","type":"image\/jpeg"}],"twitter_card":"summary_large_image","twitter_misc":{"Procijenjeno vrijeme \u010ditanja":"1 minuta"},"schema":{"@context":"https:\/\/schema.org","@graph":[{"@type":"WebPage","@id":"https:\/\/dulonmarine.com\/el\/winkel\/teak\/%ce%b4%ce%b5%ce%af%ce%b3%ce%bc%ce%b1-%cf%80%cf%81%ce%bf%cf%8a%cf%8c%ce%bd%cf%84%ce%bf%cf%82\/dulon-teak-protector-43-impregnator-uv-blocker\/","url":"https:\/\/dulonmarine.com\/el\/winkel\/teak\/%ce%b4%ce%b5%ce%af%ce%b3%ce%bc%ce%b1-%cf%80%cf%81%ce%bf%cf%8a%cf%8c%ce%bd%cf%84%ce%bf%cf%82\/dulon-teak-protector-43-impregnator-uv-blocker\/","name":"Dulon Teak Protector 43 - impregnator i UV-blokator -","isPartOf":{"@id":"https:\/\/dulonmarine.com\/pt\/#website"},"primaryImageOfPage":{"@id":"https:\/\/dulonmarine.com\/el\/winkel\/teak\/%ce%b4%ce%b5%ce%af%ce%b3%ce%bc%ce%b1-%cf%80%cf%81%ce%bf%cf%8a%cf%8c%ce%bd%cf%84%ce%bf%cf%82\/dulon-teak-protector-43-impregnator-uv-blocker\/#primaryimage"},"image":{"@id":"https:\/\/dulonmarine.com\/el\/winkel\/teak\/%ce%b4%ce%b5%ce%af%ce%b3%ce%bc%ce%b1-%cf%80%cf%81%ce%bf%cf%8a%cf%8c%ce%bd%cf%84%ce%bf%cf%82\/dulon-teak-protector-43-impregnator-uv-blocker\/#primaryimage"},"thumbnailUrl":"https:\/\/dulonmarine.com\/wp-content\/uploads\/2020\/08\/43-Dulon-Marine-Teak-Protector.jpg","datePublished":"2020-08-17T07:36:37+00:00","dateModified":"2024-10-23T13:34:50+00:00","description":"Sna\u017eni vi\u0161enamjenski odma\u0161\u0107iva\u010d, razvijen posebno za \u010di\u0161\u0107enje i odma\u0161\u0107ivanje motora, motornog prostora i trupa.","breadcrumb":{"@id":"https:\/\/dulonmarine.com\/el\/winkel\/teak\/%ce%b4%ce%b5%ce%af%ce%b3%ce%bc%ce%b1-%cf%80%cf%81%ce%bf%cf%8a%cf%8c%ce%bd%cf%84%ce%bf%cf%82\/dulon-teak-protector-43-impregnator-uv-blocker\/#breadcrumb"},"inLanguage":"hr","potentialAction":[{"@type":"ReadAction","target":["https:\/\/dulonmarine.com\/el\/winkel\/teak\/%ce%b4%ce%b5%ce%af%ce%b3%ce%bc%ce%b1-%cf%80%cf%81%ce%bf%cf%8a%cf%8c%ce%bd%cf%84%ce%bf%cf%82\/dulon-teak-protector-43-impregnator-uv-blocker\/"]}]},{"@type":"ImageObject","inLanguage":"hr","@id":"https:\/\/dulonmarine.com\/el\/winkel\/teak\/%ce%b4%ce%b5%ce%af%ce%b3%ce%bc%ce%b1-%cf%80%cf%81%ce%bf%cf%8a%cf%8c%ce%bd%cf%84%ce%bf%cf%82\/dulon-teak-protector-43-impregnator-uv-blocker\/#primaryimage","url":"https:\/\/dulonmarine.com\/wp-content\/uploads\/2020\/08\/43-Dulon-Marine-Teak-Protector.jpg","contentUrl":"https:\/\/dulonmarine.com\/wp-content\/uploads\/2020\/08\/43-Dulon-Marine-Teak-Protector.jpg","width":1200,"height":1200},{"@type":"BreadcrumbList","@id":"https:\/\/dulonmarine.com\/el\/winkel\/teak\/%ce%b4%ce%b5%ce%af%ce%b3%ce%bc%ce%b1-%cf%80%cf%81%ce%bf%cf%8a%cf%8c%ce%bd%cf%84%ce%bf%cf%82\/dulon-teak-protector-43-impregnator-uv-blocker\/#breadcrumb","itemListElement":[{"@type":"ListItem","position":1,"name":"Home","item":"https:\/\/dulonmarine.com\/"},{"@type":"ListItem","position":2,"name":"Winkel","item":"https:\/\/dulonmarine.com\/pt\/piacaba\/"},{"@type":"ListItem","position":3,"name":"Dulon Teak Protector 43 &#8211; impregnator &#038; UV-blocker"}]},{"@type":"WebSite","@id":"https:\/\/dulonmarine.com\/pt\/#website","url":"https:\/\/dulonmarine.com\/pt\/","name":"Dulon Marine","description":"Proizvodi za odr\u017eavanje plovila","publisher":{"@id":"https:\/\/dulonmarine.com\/pt\/#organization"},"potentialAction":[{"@type":"SearchAction","target":{"@type":"EntryPoint","urlTemplate":"https:\/\/dulonmarine.com\/pt\/?s={search_term_string}"},"query-input":{"@type":"PropertyValueSpecification","valueRequired":true,"valueName":"search_term_string"}}],"inLanguage":"hr"},{"@type":"Organization","@id":"https:\/\/dulonmarine.com\/pt\/#organization","name":"Dulon Marine Deckmate grupa","url":"https:\/\/dulonmarine.com\/pt\/","logo":{"@type":"ImageObject","inLanguage":"hr","@id":"https:\/\/dulonmarine.com\/pt\/#\/schema\/logo\/image\/","url":"http:\/\/dulonmarine.com\/wp-content\/uploads\/2023\/02\/Dulon-Marine-Deckmate-Group-logo-small.png","contentUrl":"http:\/\/dulonmarine.com\/wp-content\/uploads\/2023\/02\/Dulon-Marine-Deckmate-Group-logo-small.png","width":350,"height":150,"caption":"Dulon Marine Deckmate Group"},"image":{"@id":"https:\/\/dulonmarine.com\/pt\/#\/schema\/logo\/image\/"},"sameAs":["https:\/\/www.facebook.com\/dulonmarine?locale=nl_NL","https:\/\/www.instagram.com\/dulonmarinegroup\/"]}]}},"_links":{"self":[{"href":"https:\/\/dulonmarine.com\/hr\/wp-json\/wp\/v2\/product\/7740","targetHints":{"allow":["GET"]}}],"collection":[{"href":"https:\/\/dulonmarine.com\/hr\/wp-json\/wp\/v2\/product"}],"about":[{"href":"https:\/\/dulonmarine.com\/hr\/wp-json\/wp\/v2\/types\/product"}],"wp:featuredmedia":[{"embeddable":true,"href":"https:\/\/dulonmarine.com\/hr\/wp-json\/wp\/v2\/media\/9126"}],"wp:attachment":[{"href":"https:\/\/dulonmarine.com\/hr\/wp-json\/wp\/v2\/media?parent=7740"}],"wp:term":[{"taxonomy":"product_brand","embeddable":true,"href":"https:\/\/dulonmarine.com\/hr\/wp-json\/wp\/v2\/product_brand?post=7740"},{"taxonomy":"product_cat","embeddable":true,"href":"https:\/\/dulonmarine.com\/hr\/wp-json\/wp\/v2\/product_cat?post=7740"},{"taxonomy":"product_tag","embeddable":true,"href":"https:\/\/dulonmarine.com\/hr\/wp-json\/wp\/v2\/product_tag?post=7740"}],"curies":[{"name":"wp","href":"https:\/\/api.w.org\/{rel}","templated":true}]}}