{"id":7744,"date":"2020-08-17T09:03:41","date_gmt":"2020-08-17T08:03:41","guid":{"rendered":"http:\/\/dulonmarine.com\/?post_type=product&#038;p=7744"},"modified":"2024-10-23T14:37:34","modified_gmt":"2024-10-23T13:37:34","slug":"dulon-glass-clean-50-profesionalna-formula","status":"publish","type":"product","link":"https:\/\/dulonmarine.com\/hr\/winkel\/glass\/sample-product\/dulon-glass-clean-50-professional-formula\/","title":{"rendered":"Dulon Glass Clean 50 \u2013 profesionalna formula"},"content":{"rendered":"","protected":false},"excerpt":{"rendered":"<p>Profesionalni \u010dista\u010d stakla.<\/p>\n<hr \/>\n<p>Profesionalno sredstvo za \u010di\u0161\u0107enje svih vrsta tvrdih i mekih (plasti\u010dnih) staklenih plo\u010da, Perspex, Lexan, Plexiglas, akrilata, polikarbonata i sli\u010dno. DULON GLASS CLEAN 50 se ravnomjerno i brzo su\u0161i te ne ostavlja plavi\u010dastu maglicu.<\/p>\n<ul>\n<li>Profesionalna formula na bazi alkohola.<\/li>\n<li>Za sve vrste stakla i plastike.<\/li>\n<li>Rezultat bez pruga i plavog vela.<\/li>\n<\/ul>\n<div class=\"x-video-inner\">\n    <video  \nclass=\"x-mejs x-wp-video-shortcode advanced-controls\" \n        width=\"400\" \n        height=\"400\" \n        loop autoplay muted playsinline style=\"border: none; outline: none; background: none;\"><source type=\"video\/mp4\" src=\"http:\/\/dulonmarine.com\/wp-content\/uploads\/2024\/10\/50.Glass_Clean-360-video.mp4\"><\/video>\n<\/div>","protected":false},"featured_media":9131,"template":"","meta":{"_acf_changed":false,"om_disable_all_campaigns":false,"rs_blank_template":"","rs_page_bg_color":"","slide_template_v7":"","inline_featured_image":false,"_monsterinsights_skip_tracking":false,"_monsterinsights_sitenote_active":false,"_monsterinsights_sitenote_note":"","_monsterinsights_sitenote_category":0},"product_brand":[],"product_cat":[48],"product_tag":[34],"class_list":{"0":"post-7744","1":"product","2":"type-product","3":"status-publish","4":"has-post-thumbnail","6":"product_cat-glass","7":"product_tag-34","8":"pa_article-numbers-contents-6-50010","9":"pa_article-numbers-contents-6-50050","10":"pa_article-numbers-contents-6-50250","11":"pa_available-content-1l","12":"pa_available-content-25l","13":"pa_available-content-5l","14":"pa_crp-clean-en","17":"first","18":"instock","19":"purchasable","20":"product-type-variable"},"acf":[],"yoast_head":"<!-- This site is optimized with the Yoast SEO plugin v27.3 - https:\/\/yoast.com\/product\/yoast-seo-wordpress\/ -->\n<title>Dulon Glass Clean 50 - professional formula -<\/title>\n<meta name=\"description\" content=\"Professional cleaner for all types of hard and soft (plastic) panes of glass.\" \/>\n<meta name=\"robots\" content=\"index, follow, max-snippet:-1, max-image-preview:large, max-video-preview:-1\" \/>\n<link rel=\"canonical\" href=\"https:\/\/dulonmarine.com\/hr\/trgovina\/staklo\/uzorak-proizvoda\/dulon-glass-clean-50-profesionalna-formula\/\" \/>\n<meta property=\"og:locale\" content=\"hr_HR\" \/>\n<meta property=\"og:type\" content=\"article\" \/>\n<meta property=\"og:title\" content=\"Dulon Glass Clean 50 - professional formula -\" \/>\n<meta property=\"og:description\" content=\"Professional cleaner for all types of hard and soft (plastic) panes of glass.\" \/>\n<meta property=\"og:url\" content=\"https:\/\/dulonmarine.com\/hr\/trgovina\/staklo\/uzorak-proizvoda\/dulon-glass-clean-50-profesionalna-formula\/\" \/>\n<meta property=\"og:site_name\" content=\"Dulon Marine\" \/>\n<meta property=\"article:publisher\" content=\"https:\/\/www.facebook.com\/dulonmarine?locale=nl_NL\" \/>\n<meta property=\"article:modified_time\" content=\"2024-10-23T13:37:34+00:00\" \/>\n<meta property=\"og:image\" content=\"https:\/\/dulonmarine.com\/wp-content\/uploads\/2020\/08\/50-Dulon-Marine-Glass-Clean.jpg\" \/>\n\t<meta property=\"og:image:width\" content=\"1200\" \/>\n\t<meta property=\"og:image:height\" content=\"1200\" \/>\n\t<meta property=\"og:image:type\" content=\"image\/jpeg\" \/>\n<meta name=\"twitter:card\" content=\"summary_large_image\" \/>\n<meta name=\"twitter:label1\" content=\"Procijenjeno vrijeme \u010ditanja\" \/>\n\t<meta name=\"twitter:data1\" content=\"1 minuta\" \/>\n<script type=\"application\/ld+json\" class=\"yoast-schema-graph\">{\"@context\":\"https:\\\/\\\/schema.org\",\"@graph\":[{\"@type\":\"WebPage\",\"@id\":\"https:\\\/\\\/dulonmarine.com\\\/de\\\/winkel\\\/glass\\\/musterprodukt\\\/dulon-glass-clean-50-professional-formula\\\/\",\"url\":\"https:\\\/\\\/dulonmarine.com\\\/de\\\/winkel\\\/glass\\\/musterprodukt\\\/dulon-glass-clean-50-professional-formula\\\/\",\"name\":\"Dulon Glass Clean 50 - professional formula -\",\"isPartOf\":{\"@id\":\"https:\\\/\\\/dulonmarine.com\\\/pt\\\/#website\"},\"primaryImageOfPage\":{\"@id\":\"https:\\\/\\\/dulonmarine.com\\\/de\\\/winkel\\\/glass\\\/musterprodukt\\\/dulon-glass-clean-50-professional-formula\\\/#primaryimage\"},\"image\":{\"@id\":\"https:\\\/\\\/dulonmarine.com\\\/de\\\/winkel\\\/glass\\\/musterprodukt\\\/dulon-glass-clean-50-professional-formula\\\/#primaryimage\"},\"thumbnailUrl\":\"https:\\\/\\\/dulonmarine.com\\\/wp-content\\\/uploads\\\/2020\\\/08\\\/50-Dulon-Marine-Glass-Clean.jpg\",\"datePublished\":\"2020-08-17T08:03:41+00:00\",\"dateModified\":\"2024-10-23T13:37:34+00:00\",\"description\":\"Professional cleaner for all types of hard and soft (plastic) panes of glass.\",\"breadcrumb\":{\"@id\":\"https:\\\/\\\/dulonmarine.com\\\/de\\\/winkel\\\/glass\\\/musterprodukt\\\/dulon-glass-clean-50-professional-formula\\\/#breadcrumb\"},\"inLanguage\":\"hr\",\"potentialAction\":[{\"@type\":\"ReadAction\",\"target\":[\"https:\\\/\\\/dulonmarine.com\\\/de\\\/winkel\\\/glass\\\/musterprodukt\\\/dulon-glass-clean-50-professional-formula\\\/\"]}]},{\"@type\":\"ImageObject\",\"inLanguage\":\"hr\",\"@id\":\"https:\\\/\\\/dulonmarine.com\\\/de\\\/winkel\\\/glass\\\/musterprodukt\\\/dulon-glass-clean-50-professional-formula\\\/#primaryimage\",\"url\":\"https:\\\/\\\/dulonmarine.com\\\/wp-content\\\/uploads\\\/2020\\\/08\\\/50-Dulon-Marine-Glass-Clean.jpg\",\"contentUrl\":\"https:\\\/\\\/dulonmarine.com\\\/wp-content\\\/uploads\\\/2020\\\/08\\\/50-Dulon-Marine-Glass-Clean.jpg\",\"width\":1200,\"height\":1200},{\"@type\":\"BreadcrumbList\",\"@id\":\"https:\\\/\\\/dulonmarine.com\\\/de\\\/winkel\\\/glass\\\/musterprodukt\\\/dulon-glass-clean-50-professional-formula\\\/#breadcrumb\",\"itemListElement\":[{\"@type\":\"ListItem\",\"position\":1,\"name\":\"Home\",\"item\":\"https:\\\/\\\/dulonmarine.com\\\/\"},{\"@type\":\"ListItem\",\"position\":2,\"name\":\"Winkel\",\"item\":\"https:\\\/\\\/dulonmarine.com\\\/pt\\\/piacaba\\\/\"},{\"@type\":\"ListItem\",\"position\":3,\"name\":\"Dulon Glass Clean 50 &#8211; professional formula\"}]},{\"@type\":\"WebSite\",\"@id\":\"https:\\\/\\\/dulonmarine.com\\\/pt\\\/#website\",\"url\":\"https:\\\/\\\/dulonmarine.com\\\/pt\\\/\",\"name\":\"Dulon Marine\",\"description\":\"Onderhoudsproducten voor de scheepvaart\",\"publisher\":{\"@id\":\"https:\\\/\\\/dulonmarine.com\\\/pt\\\/#organization\"},\"potentialAction\":[{\"@type\":\"SearchAction\",\"target\":{\"@type\":\"EntryPoint\",\"urlTemplate\":\"https:\\\/\\\/dulonmarine.com\\\/pt\\\/?s={search_term_string}\"},\"query-input\":{\"@type\":\"PropertyValueSpecification\",\"valueRequired\":true,\"valueName\":\"search_term_string\"}}],\"inLanguage\":\"hr\"},{\"@type\":\"Organization\",\"@id\":\"https:\\\/\\\/dulonmarine.com\\\/pt\\\/#organization\",\"name\":\"Dulon Marine Deckmate Group\",\"url\":\"https:\\\/\\\/dulonmarine.com\\\/pt\\\/\",\"logo\":{\"@type\":\"ImageObject\",\"inLanguage\":\"hr\",\"@id\":\"https:\\\/\\\/dulonmarine.com\\\/pt\\\/#\\\/schema\\\/logo\\\/image\\\/\",\"url\":\"http:\\\/\\\/dulonmarine.com\\\/wp-content\\\/uploads\\\/2023\\\/02\\\/Dulon-Marine-Deckmate-Group-logo-small.png\",\"contentUrl\":\"http:\\\/\\\/dulonmarine.com\\\/wp-content\\\/uploads\\\/2023\\\/02\\\/Dulon-Marine-Deckmate-Group-logo-small.png\",\"width\":350,\"height\":150,\"caption\":\"Dulon Marine Deckmate Group\"},\"image\":{\"@id\":\"https:\\\/\\\/dulonmarine.com\\\/pt\\\/#\\\/schema\\\/logo\\\/image\\\/\"},\"sameAs\":[\"https:\\\/\\\/www.facebook.com\\\/dulonmarine?locale=nl_NL\",\"https:\\\/\\\/www.instagram.com\\\/dulonmarinegroup\\\/\"]}]}<\/script>\n<!-- \/ Yoast SEO plugin. -->","yoast_head_json":{"title":"Dulon Glass Clean 50 - profesionalna formula -","description":"Profesionalni \u010dista\u010d za sve vrste tvrdih i mekih (plasti\u010dnih) staklenih plo\u010da.","robots":{"index":"index","follow":"follow","max-snippet":"max-snippet:-1","max-image-preview":"max-image-preview:large","max-video-preview":"max-video-preview:-1"},"canonical":"https:\/\/dulonmarine.com\/hr\/trgovina\/staklo\/uzorak-proizvoda\/dulon-glass-clean-50-profesionalna-formula\/","og_locale":"hr_HR","og_type":"article","og_title":"Dulon Glass Clean 50 - professional formula -","og_description":"Professional cleaner for all types of hard and soft (plastic) panes of glass.","og_url":"https:\/\/dulonmarine.com\/hr\/trgovina\/staklo\/uzorak-proizvoda\/dulon-glass-clean-50-profesionalna-formula\/","og_site_name":"Dulon Marine","article_publisher":"https:\/\/www.facebook.com\/dulonmarine?locale=nl_NL","article_modified_time":"2024-10-23T13:37:34+00:00","og_image":[{"width":1200,"height":1200,"url":"https:\/\/dulonmarine.com\/wp-content\/uploads\/2020\/08\/50-Dulon-Marine-Glass-Clean.jpg","type":"image\/jpeg"}],"twitter_card":"summary_large_image","twitter_misc":{"Procijenjeno vrijeme \u010ditanja":"1 minuta"},"schema":{"@context":"https:\/\/schema.org","@graph":[{"@type":"WebPage","@id":"https:\/\/dulonmarine.com\/de\/winkel\/glass\/musterprodukt\/dulon-glass-clean-50-professional-formula\/","url":"https:\/\/dulonmarine.com\/de\/winkel\/glass\/musterprodukt\/dulon-glass-clean-50-professional-formula\/","name":"Dulon Glass Clean 50 - profesionalna formula -","isPartOf":{"@id":"https:\/\/dulonmarine.com\/pt\/#website"},"primaryImageOfPage":{"@id":"https:\/\/dulonmarine.com\/de\/winkel\/glass\/musterprodukt\/dulon-glass-clean-50-professional-formula\/#primaryimage"},"image":{"@id":"https:\/\/dulonmarine.com\/de\/winkel\/glass\/musterprodukt\/dulon-glass-clean-50-professional-formula\/#primaryimage"},"thumbnailUrl":"https:\/\/dulonmarine.com\/wp-content\/uploads\/2020\/08\/50-Dulon-Marine-Glass-Clean.jpg","datePublished":"2020-08-17T08:03:41+00:00","dateModified":"2024-10-23T13:37:34+00:00","description":"Profesionalni \u010dista\u010d za sve vrste tvrdih i mekih (plasti\u010dnih) staklenih plo\u010da.","breadcrumb":{"@id":"https:\/\/dulonmarine.com\/de\/winkel\/glass\/musterprodukt\/dulon-glass-clean-50-professional-formula\/#breadcrumb"},"inLanguage":"hr","potentialAction":[{"@type":"ReadAction","target":["https:\/\/dulonmarine.com\/de\/winkel\/glass\/musterprodukt\/dulon-glass-clean-50-professional-formula\/"]}]},{"@type":"ImageObject","inLanguage":"hr","@id":"https:\/\/dulonmarine.com\/de\/winkel\/glass\/musterprodukt\/dulon-glass-clean-50-professional-formula\/#primaryimage","url":"https:\/\/dulonmarine.com\/wp-content\/uploads\/2020\/08\/50-Dulon-Marine-Glass-Clean.jpg","contentUrl":"https:\/\/dulonmarine.com\/wp-content\/uploads\/2020\/08\/50-Dulon-Marine-Glass-Clean.jpg","width":1200,"height":1200},{"@type":"BreadcrumbList","@id":"https:\/\/dulonmarine.com\/de\/winkel\/glass\/musterprodukt\/dulon-glass-clean-50-professional-formula\/#breadcrumb","itemListElement":[{"@type":"ListItem","position":1,"name":"Home","item":"https:\/\/dulonmarine.com\/"},{"@type":"ListItem","position":2,"name":"Winkel","item":"https:\/\/dulonmarine.com\/pt\/piacaba\/"},{"@type":"ListItem","position":3,"name":"Dulon Glass Clean 50 &#8211; professional formula"}]},{"@type":"WebSite","@id":"https:\/\/dulonmarine.com\/pt\/#website","url":"https:\/\/dulonmarine.com\/pt\/","name":"Dulon Marine","description":"Proizvodi za odr\u017eavanje plovila","publisher":{"@id":"https:\/\/dulonmarine.com\/pt\/#organization"},"potentialAction":[{"@type":"SearchAction","target":{"@type":"EntryPoint","urlTemplate":"https:\/\/dulonmarine.com\/pt\/?s={search_term_string}"},"query-input":{"@type":"PropertyValueSpecification","valueRequired":true,"valueName":"search_term_string"}}],"inLanguage":"hr"},{"@type":"Organization","@id":"https:\/\/dulonmarine.com\/pt\/#organization","name":"Dulon Marine Deckmate grupa","url":"https:\/\/dulonmarine.com\/pt\/","logo":{"@type":"ImageObject","inLanguage":"hr","@id":"https:\/\/dulonmarine.com\/pt\/#\/schema\/logo\/image\/","url":"http:\/\/dulonmarine.com\/wp-content\/uploads\/2023\/02\/Dulon-Marine-Deckmate-Group-logo-small.png","contentUrl":"http:\/\/dulonmarine.com\/wp-content\/uploads\/2023\/02\/Dulon-Marine-Deckmate-Group-logo-small.png","width":350,"height":150,"caption":"Dulon Marine Deckmate Group"},"image":{"@id":"https:\/\/dulonmarine.com\/pt\/#\/schema\/logo\/image\/"},"sameAs":["https:\/\/www.facebook.com\/dulonmarine?locale=nl_NL","https:\/\/www.instagram.com\/dulonmarinegroup\/"]}]}},"_links":{"self":[{"href":"https:\/\/dulonmarine.com\/hr\/wp-json\/wp\/v2\/product\/7744","targetHints":{"allow":["GET"]}}],"collection":[{"href":"https:\/\/dulonmarine.com\/hr\/wp-json\/wp\/v2\/product"}],"about":[{"href":"https:\/\/dulonmarine.com\/hr\/wp-json\/wp\/v2\/types\/product"}],"wp:featuredmedia":[{"embeddable":true,"href":"https:\/\/dulonmarine.com\/hr\/wp-json\/wp\/v2\/media\/9131"}],"wp:attachment":[{"href":"https:\/\/dulonmarine.com\/hr\/wp-json\/wp\/v2\/media?parent=7744"}],"wp:term":[{"taxonomy":"product_brand","embeddable":true,"href":"https:\/\/dulonmarine.com\/hr\/wp-json\/wp\/v2\/product_brand?post=7744"},{"taxonomy":"product_cat","embeddable":true,"href":"https:\/\/dulonmarine.com\/hr\/wp-json\/wp\/v2\/product_cat?post=7744"},{"taxonomy":"product_tag","embeddable":true,"href":"https:\/\/dulonmarine.com\/hr\/wp-json\/wp\/v2\/product_tag?post=7744"}],"curies":[{"name":"wp","href":"https:\/\/api.w.org\/{rel}","templated":true}]}}