{"id":7752,"date":"2020-08-17T09:45:16","date_gmt":"2020-08-17T08:45:16","guid":{"rendered":"http:\/\/dulonmarine.com\/?post_type=product&#038;p=7752"},"modified":"2024-10-23T14:44:56","modified_gmt":"2024-10-23T13:44:56","slug":"dulon-rust-remover-64-uklanja-povrsinski-hrd","status":"publish","type":"product","link":"https:\/\/dulonmarine.com\/hr\/winkel\/metal\/sample-product\/dulon-rust-remover-64-removes-flash-rust\/","title":{"rendered":"Dulon uklanjiva\u010d hr\u0111e 64 \u2013 uklanja povr\u0161insku hr\u0111u"},"content":{"rendered":"","protected":false},"excerpt":{"rendered":"<p>Uklanja povr\u0161inski hr\u0111<\/p>\n<hr \/>\n<p>U\u010dinkovit proizvod za uklanjanje povr\u0161inskog svje\u017ee nastalog hr\u0111anja i tragova hr\u0111e. Mo\u017ee se koristiti na gelcoatu, obojenom \u010deliku i drvu, nehr\u0111aju\u0107em \u010deliku ili aluminiju.<\/p>\n<ul>\n<li>Uklanja hr\u0111u (flash) bez napora.<\/li>\n<li>Tako\u0111er za naslage kamenca i\/ili zelenih naslaga.<\/li>\n<li>Formula na bazi vode.<\/li>\n<\/ul>\n<div class=\"x-video-inner\">\n    <video  \nclass=\"x-mejs x-wp-video-shortcode advanced-controls\" \n        width=\"400\" \n        height=\"400\" \n        loop autoplay muted playsinline style=\"border: none; outline: none; background: none;\"><source type=\"video\/mp4\" src=\"http:\/\/dulonmarine.com\/wp-content\/uploads\/2024\/10\/64.Rust_Remover-360-video.mp4\"><\/video>\n<\/div>","protected":false},"featured_media":9135,"template":"","meta":{"_acf_changed":false,"om_disable_all_campaigns":false,"rs_blank_template":"","rs_page_bg_color":"","slide_template_v7":"","inline_featured_image":false,"_monsterinsights_skip_tracking":false,"_monsterinsights_sitenote_active":false,"_monsterinsights_sitenote_note":"","_monsterinsights_sitenote_category":0},"product_brand":[],"product_cat":[49],"product_tag":[24],"class_list":{"0":"post-7752","1":"product","2":"type-product","3":"status-publish","4":"has-post-thumbnail","6":"product_cat-metal","7":"product_tag-24","8":"pa_article-numbers-contents-6-64020","9":"pa_article-numbers-contents-6-64050","10":"pa_article-numbers-contents-6-64250","11":"pa_available-content-1l","12":"pa_available-content-25l","13":"pa_available-content-5l","14":"pa_crp-clean-en","17":"first","18":"instock","19":"purchasable","20":"product-type-variable"},"acf":[],"yoast_head":"<!-- This site is optimized with the Yoast SEO plugin v27.3 - https:\/\/yoast.com\/product\/yoast-seo-wordpress\/ -->\n<title>Dulon Rust Remover 64 - removes flash rust -<\/title>\n<meta name=\"description\" content=\"Effective product for removing superficial flash rust and rust streaks.\" \/>\n<meta name=\"robots\" content=\"index, follow, max-snippet:-1, max-image-preview:large, max-video-preview:-1\" \/>\n<link rel=\"canonical\" href=\"https:\/\/dulonmarine.com\/hr\/trgovina\/metal\/uzorak-proizvoda\/dulon-rust-remover-64-uklanja-povrsinski-hrd\/\" \/>\n<meta property=\"og:locale\" content=\"hr_HR\" \/>\n<meta property=\"og:type\" content=\"article\" \/>\n<meta property=\"og:title\" content=\"Dulon Rust Remover 64 - removes flash rust -\" \/>\n<meta property=\"og:description\" content=\"Effective product for removing superficial flash rust and rust streaks.\" \/>\n<meta property=\"og:url\" content=\"https:\/\/dulonmarine.com\/hr\/trgovina\/metal\/uzorak-proizvoda\/dulon-rust-remover-64-uklanja-povrsinski-hrd\/\" \/>\n<meta property=\"og:site_name\" content=\"Dulon Marine\" \/>\n<meta property=\"article:publisher\" content=\"https:\/\/www.facebook.com\/dulonmarine?locale=nl_NL\" \/>\n<meta property=\"article:modified_time\" content=\"2024-10-23T13:44:56+00:00\" \/>\n<meta property=\"og:image\" content=\"https:\/\/dulonmarine.com\/wp-content\/uploads\/2020\/08\/metal64-Dulon-Marine-Rust-Remover.jpg\" \/>\n\t<meta property=\"og:image:width\" content=\"1200\" \/>\n\t<meta property=\"og:image:height\" content=\"1200\" \/>\n\t<meta property=\"og:image:type\" content=\"image\/jpeg\" \/>\n<meta name=\"twitter:card\" content=\"summary_large_image\" \/>\n<meta name=\"twitter:label1\" content=\"Procijenjeno vrijeme \u010ditanja\" \/>\n\t<meta name=\"twitter:data1\" content=\"1 minuta\" \/>\n<script type=\"application\/ld+json\" class=\"yoast-schema-graph\">{\"@context\":\"https:\\\/\\\/schema.org\",\"@graph\":[{\"@type\":\"WebPage\",\"@id\":\"https:\\\/\\\/dulonmarine.com\\\/da\\\/winkel\\\/metal\\\/proveprodukt\\\/dulon-rust-remover-64-removes-flash-rust\\\/\",\"url\":\"https:\\\/\\\/dulonmarine.com\\\/da\\\/winkel\\\/metal\\\/proveprodukt\\\/dulon-rust-remover-64-removes-flash-rust\\\/\",\"name\":\"Dulon Rust Remover 64 - removes flash rust -\",\"isPartOf\":{\"@id\":\"https:\\\/\\\/dulonmarine.com\\\/pt\\\/#website\"},\"primaryImageOfPage\":{\"@id\":\"https:\\\/\\\/dulonmarine.com\\\/da\\\/winkel\\\/metal\\\/proveprodukt\\\/dulon-rust-remover-64-removes-flash-rust\\\/#primaryimage\"},\"image\":{\"@id\":\"https:\\\/\\\/dulonmarine.com\\\/da\\\/winkel\\\/metal\\\/proveprodukt\\\/dulon-rust-remover-64-removes-flash-rust\\\/#primaryimage\"},\"thumbnailUrl\":\"https:\\\/\\\/dulonmarine.com\\\/wp-content\\\/uploads\\\/2020\\\/08\\\/metal64-Dulon-Marine-Rust-Remover.jpg\",\"datePublished\":\"2020-08-17T08:45:16+00:00\",\"dateModified\":\"2024-10-23T13:44:56+00:00\",\"description\":\"Effective product for removing superficial flash rust and rust streaks.\",\"breadcrumb\":{\"@id\":\"https:\\\/\\\/dulonmarine.com\\\/da\\\/winkel\\\/metal\\\/proveprodukt\\\/dulon-rust-remover-64-removes-flash-rust\\\/#breadcrumb\"},\"inLanguage\":\"hr\",\"potentialAction\":[{\"@type\":\"ReadAction\",\"target\":[\"https:\\\/\\\/dulonmarine.com\\\/da\\\/winkel\\\/metal\\\/proveprodukt\\\/dulon-rust-remover-64-removes-flash-rust\\\/\"]}]},{\"@type\":\"ImageObject\",\"inLanguage\":\"hr\",\"@id\":\"https:\\\/\\\/dulonmarine.com\\\/da\\\/winkel\\\/metal\\\/proveprodukt\\\/dulon-rust-remover-64-removes-flash-rust\\\/#primaryimage\",\"url\":\"https:\\\/\\\/dulonmarine.com\\\/wp-content\\\/uploads\\\/2020\\\/08\\\/metal64-Dulon-Marine-Rust-Remover.jpg\",\"contentUrl\":\"https:\\\/\\\/dulonmarine.com\\\/wp-content\\\/uploads\\\/2020\\\/08\\\/metal64-Dulon-Marine-Rust-Remover.jpg\",\"width\":1200,\"height\":1200},{\"@type\":\"BreadcrumbList\",\"@id\":\"https:\\\/\\\/dulonmarine.com\\\/da\\\/winkel\\\/metal\\\/proveprodukt\\\/dulon-rust-remover-64-removes-flash-rust\\\/#breadcrumb\",\"itemListElement\":[{\"@type\":\"ListItem\",\"position\":1,\"name\":\"Home\",\"item\":\"https:\\\/\\\/dulonmarine.com\\\/\"},{\"@type\":\"ListItem\",\"position\":2,\"name\":\"Winkel\",\"item\":\"https:\\\/\\\/dulonmarine.com\\\/pt\\\/piacaba\\\/\"},{\"@type\":\"ListItem\",\"position\":3,\"name\":\"Dulon Rust Remover 64 &#8211; removes flash rust\"}]},{\"@type\":\"WebSite\",\"@id\":\"https:\\\/\\\/dulonmarine.com\\\/pt\\\/#website\",\"url\":\"https:\\\/\\\/dulonmarine.com\\\/pt\\\/\",\"name\":\"Dulon Marine\",\"description\":\"Onderhoudsproducten voor de scheepvaart\",\"publisher\":{\"@id\":\"https:\\\/\\\/dulonmarine.com\\\/pt\\\/#organization\"},\"potentialAction\":[{\"@type\":\"SearchAction\",\"target\":{\"@type\":\"EntryPoint\",\"urlTemplate\":\"https:\\\/\\\/dulonmarine.com\\\/pt\\\/?s={search_term_string}\"},\"query-input\":{\"@type\":\"PropertyValueSpecification\",\"valueRequired\":true,\"valueName\":\"search_term_string\"}}],\"inLanguage\":\"hr\"},{\"@type\":\"Organization\",\"@id\":\"https:\\\/\\\/dulonmarine.com\\\/pt\\\/#organization\",\"name\":\"Dulon Marine Deckmate Group\",\"url\":\"https:\\\/\\\/dulonmarine.com\\\/pt\\\/\",\"logo\":{\"@type\":\"ImageObject\",\"inLanguage\":\"hr\",\"@id\":\"https:\\\/\\\/dulonmarine.com\\\/pt\\\/#\\\/schema\\\/logo\\\/image\\\/\",\"url\":\"http:\\\/\\\/dulonmarine.com\\\/wp-content\\\/uploads\\\/2023\\\/02\\\/Dulon-Marine-Deckmate-Group-logo-small.png\",\"contentUrl\":\"http:\\\/\\\/dulonmarine.com\\\/wp-content\\\/uploads\\\/2023\\\/02\\\/Dulon-Marine-Deckmate-Group-logo-small.png\",\"width\":350,\"height\":150,\"caption\":\"Dulon Marine Deckmate Group\"},\"image\":{\"@id\":\"https:\\\/\\\/dulonmarine.com\\\/pt\\\/#\\\/schema\\\/logo\\\/image\\\/\"},\"sameAs\":[\"https:\\\/\\\/www.facebook.com\\\/dulonmarine?locale=nl_NL\",\"https:\\\/\\\/www.instagram.com\\\/dulonmarinegroup\\\/\"]}]}<\/script>\n<!-- \/ Yoast SEO plugin. -->","yoast_head_json":{"title":"Dulon uklanjiva\u010d hr\u0111e 64 - uklanja povr\u0161insku hr\u0111u -","description":"U\u010dinkovit proizvod za uklanjanje povr\u0161inskog svje\u017ee nastalog hr\u0111a i mrlja od hr\u0111e.","robots":{"index":"index","follow":"follow","max-snippet":"max-snippet:-1","max-image-preview":"max-image-preview:large","max-video-preview":"max-video-preview:-1"},"canonical":"https:\/\/dulonmarine.com\/hr\/trgovina\/metal\/uzorak-proizvoda\/dulon-rust-remover-64-uklanja-povrsinski-hrd\/","og_locale":"hr_HR","og_type":"article","og_title":"Dulon Rust Remover 64 - removes flash rust -","og_description":"Effective product for removing superficial flash rust and rust streaks.","og_url":"https:\/\/dulonmarine.com\/hr\/trgovina\/metal\/uzorak-proizvoda\/dulon-rust-remover-64-uklanja-povrsinski-hrd\/","og_site_name":"Dulon Marine","article_publisher":"https:\/\/www.facebook.com\/dulonmarine?locale=nl_NL","article_modified_time":"2024-10-23T13:44:56+00:00","og_image":[{"width":1200,"height":1200,"url":"https:\/\/dulonmarine.com\/wp-content\/uploads\/2020\/08\/metal64-Dulon-Marine-Rust-Remover.jpg","type":"image\/jpeg"}],"twitter_card":"summary_large_image","twitter_misc":{"Procijenjeno vrijeme \u010ditanja":"1 minuta"},"schema":{"@context":"https:\/\/schema.org","@graph":[{"@type":"WebPage","@id":"https:\/\/dulonmarine.com\/da\/winkel\/metal\/proveprodukt\/dulon-rust-remover-64-removes-flash-rust\/","url":"https:\/\/dulonmarine.com\/da\/winkel\/metal\/proveprodukt\/dulon-rust-remover-64-removes-flash-rust\/","name":"Dulon uklanjiva\u010d hr\u0111e 64 - uklanja povr\u0161insku hr\u0111u -","isPartOf":{"@id":"https:\/\/dulonmarine.com\/pt\/#website"},"primaryImageOfPage":{"@id":"https:\/\/dulonmarine.com\/da\/winkel\/metal\/proveprodukt\/dulon-rust-remover-64-removes-flash-rust\/#primaryimage"},"image":{"@id":"https:\/\/dulonmarine.com\/da\/winkel\/metal\/proveprodukt\/dulon-rust-remover-64-removes-flash-rust\/#primaryimage"},"thumbnailUrl":"https:\/\/dulonmarine.com\/wp-content\/uploads\/2020\/08\/metal64-Dulon-Marine-Rust-Remover.jpg","datePublished":"2020-08-17T08:45:16+00:00","dateModified":"2024-10-23T13:44:56+00:00","description":"U\u010dinkovit proizvod za uklanjanje povr\u0161inskog svje\u017ee nastalog hr\u0111a i mrlja od hr\u0111e.","breadcrumb":{"@id":"https:\/\/dulonmarine.com\/da\/winkel\/metal\/proveprodukt\/dulon-rust-remover-64-removes-flash-rust\/#breadcrumb"},"inLanguage":"hr","potentialAction":[{"@type":"ReadAction","target":["https:\/\/dulonmarine.com\/da\/winkel\/metal\/proveprodukt\/dulon-rust-remover-64-removes-flash-rust\/"]}]},{"@type":"ImageObject","inLanguage":"hr","@id":"https:\/\/dulonmarine.com\/da\/winkel\/metal\/proveprodukt\/dulon-rust-remover-64-removes-flash-rust\/#primaryimage","url":"https:\/\/dulonmarine.com\/wp-content\/uploads\/2020\/08\/metal64-Dulon-Marine-Rust-Remover.jpg","contentUrl":"https:\/\/dulonmarine.com\/wp-content\/uploads\/2020\/08\/metal64-Dulon-Marine-Rust-Remover.jpg","width":1200,"height":1200},{"@type":"BreadcrumbList","@id":"https:\/\/dulonmarine.com\/da\/winkel\/metal\/proveprodukt\/dulon-rust-remover-64-removes-flash-rust\/#breadcrumb","itemListElement":[{"@type":"ListItem","position":1,"name":"Home","item":"https:\/\/dulonmarine.com\/"},{"@type":"ListItem","position":2,"name":"Winkel","item":"https:\/\/dulonmarine.com\/pt\/piacaba\/"},{"@type":"ListItem","position":3,"name":"Dulon Rust Remover 64 &#8211; removes flash rust"}]},{"@type":"WebSite","@id":"https:\/\/dulonmarine.com\/pt\/#website","url":"https:\/\/dulonmarine.com\/pt\/","name":"Dulon Marine","description":"Proizvodi za odr\u017eavanje plovila","publisher":{"@id":"https:\/\/dulonmarine.com\/pt\/#organization"},"potentialAction":[{"@type":"SearchAction","target":{"@type":"EntryPoint","urlTemplate":"https:\/\/dulonmarine.com\/pt\/?s={search_term_string}"},"query-input":{"@type":"PropertyValueSpecification","valueRequired":true,"valueName":"search_term_string"}}],"inLanguage":"hr"},{"@type":"Organization","@id":"https:\/\/dulonmarine.com\/pt\/#organization","name":"Dulon Marine Deckmate grupa","url":"https:\/\/dulonmarine.com\/pt\/","logo":{"@type":"ImageObject","inLanguage":"hr","@id":"https:\/\/dulonmarine.com\/pt\/#\/schema\/logo\/image\/","url":"http:\/\/dulonmarine.com\/wp-content\/uploads\/2023\/02\/Dulon-Marine-Deckmate-Group-logo-small.png","contentUrl":"http:\/\/dulonmarine.com\/wp-content\/uploads\/2023\/02\/Dulon-Marine-Deckmate-Group-logo-small.png","width":350,"height":150,"caption":"Dulon Marine Deckmate Group"},"image":{"@id":"https:\/\/dulonmarine.com\/pt\/#\/schema\/logo\/image\/"},"sameAs":["https:\/\/www.facebook.com\/dulonmarine?locale=nl_NL","https:\/\/www.instagram.com\/dulonmarinegroup\/"]}]}},"_links":{"self":[{"href":"https:\/\/dulonmarine.com\/hr\/wp-json\/wp\/v2\/product\/7752","targetHints":{"allow":["GET"]}}],"collection":[{"href":"https:\/\/dulonmarine.com\/hr\/wp-json\/wp\/v2\/product"}],"about":[{"href":"https:\/\/dulonmarine.com\/hr\/wp-json\/wp\/v2\/types\/product"}],"wp:featuredmedia":[{"embeddable":true,"href":"https:\/\/dulonmarine.com\/hr\/wp-json\/wp\/v2\/media\/9135"}],"wp:attachment":[{"href":"https:\/\/dulonmarine.com\/hr\/wp-json\/wp\/v2\/media?parent=7752"}],"wp:term":[{"taxonomy":"product_brand","embeddable":true,"href":"https:\/\/dulonmarine.com\/hr\/wp-json\/wp\/v2\/product_brand?post=7752"},{"taxonomy":"product_cat","embeddable":true,"href":"https:\/\/dulonmarine.com\/hr\/wp-json\/wp\/v2\/product_cat?post=7752"},{"taxonomy":"product_tag","embeddable":true,"href":"https:\/\/dulonmarine.com\/hr\/wp-json\/wp\/v2\/product_tag?post=7752"}],"curies":[{"name":"wp","href":"https:\/\/api.w.org\/{rel}","templated":true}]}}