{"id":8511,"date":"2023-02-08T14:54:26","date_gmt":"2023-02-08T13:54:26","guid":{"rendered":"http:\/\/dulonmarine.com\/?post_type=product&#038;p=8511"},"modified":"2024-10-17T11:29:35","modified_gmt":"2024-10-17T10:29:35","slug":"deckmate-dm270-okretna-ploca","status":"publish","type":"product","link":"https:\/\/dulonmarine.com\/hr\/winkel\/deckmate\/wash-scrub\/sample-product\/deckmate-dm270-swivelplate\/","title":{"rendered":"Deckmate DM270 rotiraju\u0107a plo\u010da"},"content":{"rendered":"<p>Zahvaljuju\u0107i sustavu brzog otpu\u0161tanja, rotiraju\u0107a plo\u010da se lako montira na ru\u010dku Deckmate. Rotiraju\u0107a plo\u010da od ABS-plastike opremljena je dvostrukom osovinskom vezom s konektorom od svijetlog dip-aluminija i opru\u017enom kop\u010dom od nehr\u0111aju\u0107eg \u010delika, \u0161to omogu\u0107uje brzu zamjenu s ru\u010dkom Deckmate. Ima dvije trake s ekstrudirani Velcroom za \u010dvrsto pri\u010dvr\u0161\u0107ivanje na pjenastu spu\u017evu i sprje\u010davanje uvijanja poklopca za pranje.<\/p>","protected":false},"excerpt":{"rendered":"<p>Ova navlaka za glavu od mikrovlakana pogodna je za:<\/p>\n<ul>\n<li>Pri\u010dvr\u0161\u0107ivanje nekoliko dodataka za \u010di\u0161\u0107enje, kao \u0161to su abrazivna spu\u017eva i navlaka za pranje. Okretna plo\u010da namijenjena je \u010di\u0161\u0107enju na daljinu pomo\u0107u dodatka.<\/li>\n<\/ul>\n<p>Nakon upotrebe preporu\u010duje se oprati Swivelplate u obilnoj koli\u010dini svje\u017ee vode i ostaviti ga da se osu\u0161i.<\/p>","protected":false},"featured_media":9526,"template":"","meta":{"_acf_changed":false,"om_disable_all_campaigns":false,"rs_blank_template":"","rs_page_bg_color":"","slide_template_v7":"","inline_featured_image":false,"_monsterinsights_skip_tracking":false,"_monsterinsights_sitenote_active":false,"_monsterinsights_sitenote_note":"","_monsterinsights_sitenote_category":0},"product_brand":[],"product_cat":[280,307],"product_tag":[318],"class_list":{"0":"post-8511","1":"product","2":"type-product","3":"status-publish","4":"has-post-thumbnail","6":"product_cat-deckmate","7":"product_cat-wash-scrub","8":"product_tag-318","9":"pa_article-numbers-contents-dm270","12":"first","13":"instock","14":"taxable","15":"shipping-taxable","16":"purchasable","17":"product-type-simple"},"acf":[],"yoast_head":"<!-- This site is optimized with the Yoast SEO plugin v27.3 - https:\/\/yoast.com\/product\/yoast-seo-wordpress\/ -->\n<title>Deckmate DM270 Swivelplate - Dulon Marine<\/title>\n<meta name=\"description\" content=\"Thanks to the quick release system, the swivelplate is easy to mount on a deckmate handle.\" \/>\n<meta name=\"robots\" content=\"index, follow, max-snippet:-1, max-image-preview:large, max-video-preview:-1\" \/>\n<link rel=\"canonical\" href=\"https:\/\/dulonmarine.com\/hr\/trgovina\/suclan\/oprati-ribati\/uzorak-proizvoda\/deckmate-dm270-okretna-ploca\/\" \/>\n<meta property=\"og:locale\" content=\"hr_HR\" \/>\n<meta property=\"og:type\" content=\"article\" \/>\n<meta property=\"og:title\" content=\"Deckmate DM270 Swivelplate - Dulon Marine\" \/>\n<meta property=\"og:description\" content=\"Thanks to the quick release system, the swivelplate is easy to mount on a deckmate handle.\" \/>\n<meta property=\"og:url\" content=\"https:\/\/dulonmarine.com\/hr\/trgovina\/suclan\/oprati-ribati\/uzorak-proizvoda\/deckmate-dm270-okretna-ploca\/\" \/>\n<meta property=\"og:site_name\" content=\"Dulon Marine\" \/>\n<meta property=\"article:publisher\" content=\"https:\/\/www.facebook.com\/dulonmarine?locale=nl_NL\" \/>\n<meta property=\"article:modified_time\" content=\"2024-10-17T10:29:35+00:00\" \/>\n<meta property=\"og:image\" content=\"https:\/\/dulonmarine.com\/wp-content\/uploads\/2023\/02\/270-Deckmate-Swivelplate-Bottom-view-1.jpg\" \/>\n\t<meta property=\"og:image:width\" content=\"1200\" \/>\n\t<meta property=\"og:image:height\" content=\"1200\" \/>\n\t<meta property=\"og:image:type\" content=\"image\/jpeg\" \/>\n<meta name=\"twitter:card\" content=\"summary_large_image\" \/>\n<meta name=\"twitter:label1\" content=\"Procijenjeno vrijeme \u010ditanja\" \/>\n\t<meta name=\"twitter:data1\" content=\"1 minuta\" \/>\n<script type=\"application\/ld+json\" class=\"yoast-schema-graph\">{\"@context\":\"https:\\\/\\\/schema.org\",\"@graph\":[{\"@type\":\"WebPage\",\"@id\":\"https:\\\/\\\/dulonmarine.com\\\/sv\\\/winkel\\\/dackskamrat\\\/tvatta-skrubba\\\/produktprov\\\/deckmate-dm270-vridplatta\\\/\",\"url\":\"https:\\\/\\\/dulonmarine.com\\\/sv\\\/winkel\\\/dackskamrat\\\/tvatta-skrubba\\\/produktprov\\\/deckmate-dm270-vridplatta\\\/\",\"name\":\"Deckmate DM270 Swivelplate - Dulon Marine\",\"isPartOf\":{\"@id\":\"https:\\\/\\\/dulonmarine.com\\\/pt\\\/#website\"},\"primaryImageOfPage\":{\"@id\":\"https:\\\/\\\/dulonmarine.com\\\/sv\\\/winkel\\\/dackskamrat\\\/tvatta-skrubba\\\/produktprov\\\/deckmate-dm270-vridplatta\\\/#primaryimage\"},\"image\":{\"@id\":\"https:\\\/\\\/dulonmarine.com\\\/sv\\\/winkel\\\/dackskamrat\\\/tvatta-skrubba\\\/produktprov\\\/deckmate-dm270-vridplatta\\\/#primaryimage\"},\"thumbnailUrl\":\"https:\\\/\\\/dulonmarine.com\\\/wp-content\\\/uploads\\\/2023\\\/02\\\/270-Deckmate-Swivelplate-Bottom-view-1.jpg\",\"datePublished\":\"2023-02-08T13:54:26+00:00\",\"dateModified\":\"2024-10-17T10:29:35+00:00\",\"description\":\"Thanks to the quick release system, the swivelplate is easy to mount on a deckmate handle.\",\"breadcrumb\":{\"@id\":\"https:\\\/\\\/dulonmarine.com\\\/sv\\\/winkel\\\/dackskamrat\\\/tvatta-skrubba\\\/produktprov\\\/deckmate-dm270-vridplatta\\\/#breadcrumb\"},\"inLanguage\":\"hr\",\"potentialAction\":[{\"@type\":\"ReadAction\",\"target\":[\"https:\\\/\\\/dulonmarine.com\\\/sv\\\/winkel\\\/dackskamrat\\\/tvatta-skrubba\\\/produktprov\\\/deckmate-dm270-vridplatta\\\/\"]}]},{\"@type\":\"ImageObject\",\"inLanguage\":\"hr\",\"@id\":\"https:\\\/\\\/dulonmarine.com\\\/sv\\\/winkel\\\/dackskamrat\\\/tvatta-skrubba\\\/produktprov\\\/deckmate-dm270-vridplatta\\\/#primaryimage\",\"url\":\"https:\\\/\\\/dulonmarine.com\\\/wp-content\\\/uploads\\\/2023\\\/02\\\/270-Deckmate-Swivelplate-Bottom-view-1.jpg\",\"contentUrl\":\"https:\\\/\\\/dulonmarine.com\\\/wp-content\\\/uploads\\\/2023\\\/02\\\/270-Deckmate-Swivelplate-Bottom-view-1.jpg\",\"width\":1200,\"height\":1200},{\"@type\":\"BreadcrumbList\",\"@id\":\"https:\\\/\\\/dulonmarine.com\\\/sv\\\/winkel\\\/dackskamrat\\\/tvatta-skrubba\\\/produktprov\\\/deckmate-dm270-vridplatta\\\/#breadcrumb\",\"itemListElement\":[{\"@type\":\"ListItem\",\"position\":1,\"name\":\"Home\",\"item\":\"https:\\\/\\\/dulonmarine.com\\\/\"},{\"@type\":\"ListItem\",\"position\":2,\"name\":\"Winkel\",\"item\":\"https:\\\/\\\/dulonmarine.com\\\/pt\\\/piacaba\\\/\"},{\"@type\":\"ListItem\",\"position\":3,\"name\":\"Deckmate DM270 Swivelplate\"}]},{\"@type\":\"WebSite\",\"@id\":\"https:\\\/\\\/dulonmarine.com\\\/pt\\\/#website\",\"url\":\"https:\\\/\\\/dulonmarine.com\\\/pt\\\/\",\"name\":\"Dulon Marine\",\"description\":\"Onderhoudsproducten voor de scheepvaart\",\"publisher\":{\"@id\":\"https:\\\/\\\/dulonmarine.com\\\/pt\\\/#organization\"},\"potentialAction\":[{\"@type\":\"SearchAction\",\"target\":{\"@type\":\"EntryPoint\",\"urlTemplate\":\"https:\\\/\\\/dulonmarine.com\\\/pt\\\/?s={search_term_string}\"},\"query-input\":{\"@type\":\"PropertyValueSpecification\",\"valueRequired\":true,\"valueName\":\"search_term_string\"}}],\"inLanguage\":\"hr\"},{\"@type\":\"Organization\",\"@id\":\"https:\\\/\\\/dulonmarine.com\\\/pt\\\/#organization\",\"name\":\"Dulon Marine Deckmate Group\",\"url\":\"https:\\\/\\\/dulonmarine.com\\\/pt\\\/\",\"logo\":{\"@type\":\"ImageObject\",\"inLanguage\":\"hr\",\"@id\":\"https:\\\/\\\/dulonmarine.com\\\/pt\\\/#\\\/schema\\\/logo\\\/image\\\/\",\"url\":\"http:\\\/\\\/dulonmarine.com\\\/wp-content\\\/uploads\\\/2023\\\/02\\\/Dulon-Marine-Deckmate-Group-logo-small.png\",\"contentUrl\":\"http:\\\/\\\/dulonmarine.com\\\/wp-content\\\/uploads\\\/2023\\\/02\\\/Dulon-Marine-Deckmate-Group-logo-small.png\",\"width\":350,\"height\":150,\"caption\":\"Dulon Marine Deckmate Group\"},\"image\":{\"@id\":\"https:\\\/\\\/dulonmarine.com\\\/pt\\\/#\\\/schema\\\/logo\\\/image\\\/\"},\"sameAs\":[\"https:\\\/\\\/www.facebook.com\\\/dulonmarine?locale=nl_NL\",\"https:\\\/\\\/www.instagram.com\\\/dulonmarinegroup\\\/\"]}]}<\/script>\n<!-- \/ Yoast SEO plugin. -->","yoast_head_json":{"title":"Deckmate DM270 rotiraju\u0107a plo\u010da - Dulon Marine","description":"Zahvaljuju\u0107i sustavu brzog otpu\u0161tanja, rotiraju\u0107a plo\u010da se lako montira na ru\u010dku Deckmate.","robots":{"index":"index","follow":"follow","max-snippet":"max-snippet:-1","max-image-preview":"max-image-preview:large","max-video-preview":"max-video-preview:-1"},"canonical":"https:\/\/dulonmarine.com\/hr\/trgovina\/suclan\/oprati-ribati\/uzorak-proizvoda\/deckmate-dm270-okretna-ploca\/","og_locale":"hr_HR","og_type":"article","og_title":"Deckmate DM270 Swivelplate - Dulon Marine","og_description":"Thanks to the quick release system, the swivelplate is easy to mount on a deckmate handle.","og_url":"https:\/\/dulonmarine.com\/hr\/trgovina\/suclan\/oprati-ribati\/uzorak-proizvoda\/deckmate-dm270-okretna-ploca\/","og_site_name":"Dulon Marine","article_publisher":"https:\/\/www.facebook.com\/dulonmarine?locale=nl_NL","article_modified_time":"2024-10-17T10:29:35+00:00","og_image":[{"width":1200,"height":1200,"url":"https:\/\/dulonmarine.com\/wp-content\/uploads\/2023\/02\/270-Deckmate-Swivelplate-Bottom-view-1.jpg","type":"image\/jpeg"}],"twitter_card":"summary_large_image","twitter_misc":{"Procijenjeno vrijeme \u010ditanja":"1 minuta"},"schema":{"@context":"https:\/\/schema.org","@graph":[{"@type":"WebPage","@id":"https:\/\/dulonmarine.com\/sv\/winkel\/dackskamrat\/tvatta-skrubba\/produktprov\/deckmate-dm270-vridplatta\/","url":"https:\/\/dulonmarine.com\/sv\/winkel\/dackskamrat\/tvatta-skrubba\/produktprov\/deckmate-dm270-vridplatta\/","name":"Deckmate DM270 rotiraju\u0107a plo\u010da - Dulon Marine","isPartOf":{"@id":"https:\/\/dulonmarine.com\/pt\/#website"},"primaryImageOfPage":{"@id":"https:\/\/dulonmarine.com\/sv\/winkel\/dackskamrat\/tvatta-skrubba\/produktprov\/deckmate-dm270-vridplatta\/#primaryimage"},"image":{"@id":"https:\/\/dulonmarine.com\/sv\/winkel\/dackskamrat\/tvatta-skrubba\/produktprov\/deckmate-dm270-vridplatta\/#primaryimage"},"thumbnailUrl":"https:\/\/dulonmarine.com\/wp-content\/uploads\/2023\/02\/270-Deckmate-Swivelplate-Bottom-view-1.jpg","datePublished":"2023-02-08T13:54:26+00:00","dateModified":"2024-10-17T10:29:35+00:00","description":"Zahvaljuju\u0107i sustavu brzog otpu\u0161tanja, rotiraju\u0107a plo\u010da se lako montira na ru\u010dku Deckmate.","breadcrumb":{"@id":"https:\/\/dulonmarine.com\/sv\/winkel\/dackskamrat\/tvatta-skrubba\/produktprov\/deckmate-dm270-vridplatta\/#breadcrumb"},"inLanguage":"hr","potentialAction":[{"@type":"ReadAction","target":["https:\/\/dulonmarine.com\/sv\/winkel\/dackskamrat\/tvatta-skrubba\/produktprov\/deckmate-dm270-vridplatta\/"]}]},{"@type":"ImageObject","inLanguage":"hr","@id":"https:\/\/dulonmarine.com\/sv\/winkel\/dackskamrat\/tvatta-skrubba\/produktprov\/deckmate-dm270-vridplatta\/#primaryimage","url":"https:\/\/dulonmarine.com\/wp-content\/uploads\/2023\/02\/270-Deckmate-Swivelplate-Bottom-view-1.jpg","contentUrl":"https:\/\/dulonmarine.com\/wp-content\/uploads\/2023\/02\/270-Deckmate-Swivelplate-Bottom-view-1.jpg","width":1200,"height":1200},{"@type":"BreadcrumbList","@id":"https:\/\/dulonmarine.com\/sv\/winkel\/dackskamrat\/tvatta-skrubba\/produktprov\/deckmate-dm270-vridplatta\/#breadcrumb","itemListElement":[{"@type":"ListItem","position":1,"name":"Home","item":"https:\/\/dulonmarine.com\/"},{"@type":"ListItem","position":2,"name":"Winkel","item":"https:\/\/dulonmarine.com\/pt\/piacaba\/"},{"@type":"ListItem","position":3,"name":"Deckmate DM270 Swivelplate"}]},{"@type":"WebSite","@id":"https:\/\/dulonmarine.com\/pt\/#website","url":"https:\/\/dulonmarine.com\/pt\/","name":"Dulon Marine","description":"Proizvodi za odr\u017eavanje plovila","publisher":{"@id":"https:\/\/dulonmarine.com\/pt\/#organization"},"potentialAction":[{"@type":"SearchAction","target":{"@type":"EntryPoint","urlTemplate":"https:\/\/dulonmarine.com\/pt\/?s={search_term_string}"},"query-input":{"@type":"PropertyValueSpecification","valueRequired":true,"valueName":"search_term_string"}}],"inLanguage":"hr"},{"@type":"Organization","@id":"https:\/\/dulonmarine.com\/pt\/#organization","name":"Dulon Marine Deckmate grupa","url":"https:\/\/dulonmarine.com\/pt\/","logo":{"@type":"ImageObject","inLanguage":"hr","@id":"https:\/\/dulonmarine.com\/pt\/#\/schema\/logo\/image\/","url":"http:\/\/dulonmarine.com\/wp-content\/uploads\/2023\/02\/Dulon-Marine-Deckmate-Group-logo-small.png","contentUrl":"http:\/\/dulonmarine.com\/wp-content\/uploads\/2023\/02\/Dulon-Marine-Deckmate-Group-logo-small.png","width":350,"height":150,"caption":"Dulon Marine Deckmate Group"},"image":{"@id":"https:\/\/dulonmarine.com\/pt\/#\/schema\/logo\/image\/"},"sameAs":["https:\/\/www.facebook.com\/dulonmarine?locale=nl_NL","https:\/\/www.instagram.com\/dulonmarinegroup\/"]}]}},"_links":{"self":[{"href":"https:\/\/dulonmarine.com\/hr\/wp-json\/wp\/v2\/product\/8511","targetHints":{"allow":["GET"]}}],"collection":[{"href":"https:\/\/dulonmarine.com\/hr\/wp-json\/wp\/v2\/product"}],"about":[{"href":"https:\/\/dulonmarine.com\/hr\/wp-json\/wp\/v2\/types\/product"}],"wp:featuredmedia":[{"embeddable":true,"href":"https:\/\/dulonmarine.com\/hr\/wp-json\/wp\/v2\/media\/9526"}],"wp:attachment":[{"href":"https:\/\/dulonmarine.com\/hr\/wp-json\/wp\/v2\/media?parent=8511"}],"wp:term":[{"taxonomy":"product_brand","embeddable":true,"href":"https:\/\/dulonmarine.com\/hr\/wp-json\/wp\/v2\/product_brand?post=8511"},{"taxonomy":"product_cat","embeddable":true,"href":"https:\/\/dulonmarine.com\/hr\/wp-json\/wp\/v2\/product_cat?post=8511"},{"taxonomy":"product_tag","embeddable":true,"href":"https:\/\/dulonmarine.com\/hr\/wp-json\/wp\/v2\/product_tag?post=8511"}],"curies":[{"name":"wp","href":"https:\/\/api.w.org\/{rel}","templated":true}]}}