{"id":8517,"date":"2023-02-08T15:46:38","date_gmt":"2023-02-08T14:46:38","guid":{"rendered":"http:\/\/dulonmarine.com\/?post_type=product&#038;p=8517"},"modified":"2024-10-24T12:50:51","modified_gmt":"2024-10-24T11:50:51","slug":"deckmate-dm251-srednja-cetka-za-ribanje","status":"publish","type":"product","link":"https:\/\/dulonmarine.com\/hr\/winkel\/deckmate\/wash-scrub\/sample-product\/deckmate-dm251-medium-scrubpad\/","title":{"rendered":"Deckmate DM251 srednja \u010detka za ribanje"},"content":{"rendered":"<p>Linija proizvoda Deckmate nudi 3 \u010dista\u010dke spu\u017eve:<br \/>\nDostupno u pakiranju od 30 komada ili kao set od 2.<\/p>\n<ul>\n<li>Soft-white je pogodan za mokro \u010di\u0161\u0107enje protukliznih i tikovih paluba.<\/li>\n<li>Srednje plava je pogodna za agresivno \u010di\u0161\u0107enje prljavog tikovine i trupova.<\/li>\n<li>Grubo sme\u0111a je pogodna za grubo \u010di\u0161\u0107enje palube od tikovine i bru\u0161enje trupa u pripremi za antifouling.<\/li>\n<\/ul>","protected":false},"excerpt":{"rendered":"<p>Jednostavno se montira na rotacijsku plo\u010du Deckmate. Dobar dodatak za \u010di\u0161\u0107enje na udaljenosti pomo\u0107u utisnutog \u010di\u010dka na rotacijskoj plo\u010di. Primjenjivo za sve spu\u017eve: ne preporu\u010duje se za obojene zavr\u0161ne obrade ili visokosjajne povr\u0161ine. Nakon upotrebe preporu\u010duje se oprati Scrubpad u obilnoj koli\u010dini svje\u017ee vode, iscijediti ga i ostaviti da se osu\u0161i.<\/p>\n<div class=\"x-video-inner\">\n    <video  \nclass=\"x-mejs x-wp-video-shortcode advanced-controls\" \n        width=\"400\" \n        height=\"400\" \n        loop autoplay muted playsinline style=\"border: none; outline: none; background: none;\"><source type=\"video\/mp4\" src=\"http:\/\/dulonmarine.com\/wp-content\/uploads\/2024\/10\/251270_Medium_ScrubpadSwivelplate_1.mp4\"><\/video>\n<\/div>","protected":false},"featured_media":9411,"template":"","meta":{"_acf_changed":false,"om_disable_all_campaigns":false,"rs_blank_template":"","rs_page_bg_color":"","slide_template_v7":"","inline_featured_image":false,"_monsterinsights_skip_tracking":false,"_monsterinsights_sitenote_active":false,"_monsterinsights_sitenote_note":"","_monsterinsights_sitenote_category":0},"product_brand":[],"product_cat":[280,307],"product_tag":[322],"class_list":{"0":"post-8517","1":"product","2":"type-product","3":"status-publish","4":"has-post-thumbnail","6":"product_cat-deckmate","7":"product_cat-wash-scrub","8":"product_tag-322","9":"pa_article-numbers-contents-dm251","12":"first","13":"instock","14":"taxable","15":"shipping-taxable","16":"purchasable","17":"product-type-simple"},"acf":[],"yoast_head":"<!-- This site is optimized with the Yoast SEO plugin v27.3 - https:\/\/yoast.com\/product\/yoast-seo-wordpress\/ -->\n<title>Deckmate DM251 medium scrubpad - Dulon Marine<\/title>\n<meta name=\"description\" content=\"The deckmate product line offers 3 scrub pads: available in bulk containing 30 pieces or as a set of 2.\" \/>\n<meta name=\"robots\" content=\"index, follow, max-snippet:-1, max-image-preview:large, max-video-preview:-1\" \/>\n<link rel=\"canonical\" href=\"https:\/\/dulonmarine.com\/hr\/trgovina\/suclan\/oprati-ribati\/uzorak-proizvoda\/deckmate-dm251-srednja-cetka-za-ribanje\/\" \/>\n<meta property=\"og:locale\" content=\"hr_HR\" \/>\n<meta property=\"og:type\" content=\"article\" \/>\n<meta property=\"og:title\" content=\"Deckmate DM251 medium scrubpad - Dulon Marine\" \/>\n<meta property=\"og:description\" content=\"The deckmate product line offers 3 scrub pads: available in bulk containing 30 pieces or as a set of 2.\" \/>\n<meta property=\"og:url\" content=\"https:\/\/dulonmarine.com\/hr\/trgovina\/suclan\/oprati-ribati\/uzorak-proizvoda\/deckmate-dm251-srednja-cetka-za-ribanje\/\" \/>\n<meta property=\"og:site_name\" content=\"Dulon Marine\" \/>\n<meta property=\"article:publisher\" content=\"https:\/\/www.facebook.com\/dulonmarine?locale=nl_NL\" \/>\n<meta property=\"article:modified_time\" content=\"2024-10-24T11:50:51+00:00\" \/>\n<meta property=\"og:image\" content=\"https:\/\/dulonmarine.com\/wp-content\/uploads\/2023\/02\/251-270-Deckmate-Scrubpad-coarse-Swivelplate-Front-view-1.jpg\" \/>\n\t<meta property=\"og:image:width\" content=\"1200\" \/>\n\t<meta property=\"og:image:height\" content=\"1200\" \/>\n\t<meta property=\"og:image:type\" content=\"image\/jpeg\" \/>\n<meta name=\"twitter:card\" content=\"summary_large_image\" \/>\n<meta name=\"twitter:label1\" content=\"Procijenjeno vrijeme \u010ditanja\" \/>\n\t<meta name=\"twitter:data1\" content=\"1 minuta\" \/>\n<script type=\"application\/ld+json\" class=\"yoast-schema-graph\">{\"@context\":\"https:\\\/\\\/schema.org\",\"@graph\":[{\"@type\":\"WebPage\",\"@id\":\"https:\\\/\\\/dulonmarine.com\\\/winkel\\\/deckmate\\\/wash-scrub\\\/sample-product\\\/deckmate-dm251-medium-scrubpad\\\/\",\"url\":\"https:\\\/\\\/dulonmarine.com\\\/winkel\\\/deckmate\\\/wash-scrub\\\/sample-product\\\/deckmate-dm251-medium-scrubpad\\\/\",\"name\":\"Deckmate DM251 medium scrubpad - Dulon Marine\",\"isPartOf\":{\"@id\":\"https:\\\/\\\/dulonmarine.com\\\/pt\\\/#website\"},\"primaryImageOfPage\":{\"@id\":\"https:\\\/\\\/dulonmarine.com\\\/winkel\\\/deckmate\\\/wash-scrub\\\/sample-product\\\/deckmate-dm251-medium-scrubpad\\\/#primaryimage\"},\"image\":{\"@id\":\"https:\\\/\\\/dulonmarine.com\\\/winkel\\\/deckmate\\\/wash-scrub\\\/sample-product\\\/deckmate-dm251-medium-scrubpad\\\/#primaryimage\"},\"thumbnailUrl\":\"https:\\\/\\\/dulonmarine.com\\\/wp-content\\\/uploads\\\/2023\\\/02\\\/251-270-Deckmate-Scrubpad-coarse-Swivelplate-Front-view-1.jpg\",\"datePublished\":\"2023-02-08T14:46:38+00:00\",\"dateModified\":\"2024-10-24T11:50:51+00:00\",\"description\":\"The deckmate product line offers 3 scrub pads: available in bulk containing 30 pieces or as a set of 2.\",\"breadcrumb\":{\"@id\":\"https:\\\/\\\/dulonmarine.com\\\/winkel\\\/deckmate\\\/wash-scrub\\\/sample-product\\\/deckmate-dm251-medium-scrubpad\\\/#breadcrumb\"},\"inLanguage\":\"hr\",\"potentialAction\":[{\"@type\":\"ReadAction\",\"target\":[\"https:\\\/\\\/dulonmarine.com\\\/winkel\\\/deckmate\\\/wash-scrub\\\/sample-product\\\/deckmate-dm251-medium-scrubpad\\\/\"]}]},{\"@type\":\"ImageObject\",\"inLanguage\":\"hr\",\"@id\":\"https:\\\/\\\/dulonmarine.com\\\/winkel\\\/deckmate\\\/wash-scrub\\\/sample-product\\\/deckmate-dm251-medium-scrubpad\\\/#primaryimage\",\"url\":\"https:\\\/\\\/dulonmarine.com\\\/wp-content\\\/uploads\\\/2023\\\/02\\\/251-270-Deckmate-Scrubpad-coarse-Swivelplate-Front-view-1.jpg\",\"contentUrl\":\"https:\\\/\\\/dulonmarine.com\\\/wp-content\\\/uploads\\\/2023\\\/02\\\/251-270-Deckmate-Scrubpad-coarse-Swivelplate-Front-view-1.jpg\",\"width\":1200,\"height\":1200},{\"@type\":\"BreadcrumbList\",\"@id\":\"https:\\\/\\\/dulonmarine.com\\\/winkel\\\/deckmate\\\/wash-scrub\\\/sample-product\\\/deckmate-dm251-medium-scrubpad\\\/#breadcrumb\",\"itemListElement\":[{\"@type\":\"ListItem\",\"position\":1,\"name\":\"Home\",\"item\":\"https:\\\/\\\/dulonmarine.com\\\/\"},{\"@type\":\"ListItem\",\"position\":2,\"name\":\"Winkel\",\"item\":\"https:\\\/\\\/dulonmarine.com\\\/pt\\\/piacaba\\\/\"},{\"@type\":\"ListItem\",\"position\":3,\"name\":\"Deckmate DM251 medium scrubpad\"}]},{\"@type\":\"WebSite\",\"@id\":\"https:\\\/\\\/dulonmarine.com\\\/pt\\\/#website\",\"url\":\"https:\\\/\\\/dulonmarine.com\\\/pt\\\/\",\"name\":\"Dulon Marine\",\"description\":\"Onderhoudsproducten voor de scheepvaart\",\"publisher\":{\"@id\":\"https:\\\/\\\/dulonmarine.com\\\/pt\\\/#organization\"},\"potentialAction\":[{\"@type\":\"SearchAction\",\"target\":{\"@type\":\"EntryPoint\",\"urlTemplate\":\"https:\\\/\\\/dulonmarine.com\\\/pt\\\/?s={search_term_string}\"},\"query-input\":{\"@type\":\"PropertyValueSpecification\",\"valueRequired\":true,\"valueName\":\"search_term_string\"}}],\"inLanguage\":\"hr\"},{\"@type\":\"Organization\",\"@id\":\"https:\\\/\\\/dulonmarine.com\\\/pt\\\/#organization\",\"name\":\"Dulon Marine Deckmate Group\",\"url\":\"https:\\\/\\\/dulonmarine.com\\\/pt\\\/\",\"logo\":{\"@type\":\"ImageObject\",\"inLanguage\":\"hr\",\"@id\":\"https:\\\/\\\/dulonmarine.com\\\/pt\\\/#\\\/schema\\\/logo\\\/image\\\/\",\"url\":\"http:\\\/\\\/dulonmarine.com\\\/wp-content\\\/uploads\\\/2023\\\/02\\\/Dulon-Marine-Deckmate-Group-logo-small.png\",\"contentUrl\":\"http:\\\/\\\/dulonmarine.com\\\/wp-content\\\/uploads\\\/2023\\\/02\\\/Dulon-Marine-Deckmate-Group-logo-small.png\",\"width\":350,\"height\":150,\"caption\":\"Dulon Marine Deckmate Group\"},\"image\":{\"@id\":\"https:\\\/\\\/dulonmarine.com\\\/pt\\\/#\\\/schema\\\/logo\\\/image\\\/\"},\"sameAs\":[\"https:\\\/\\\/www.facebook.com\\\/dulonmarine?locale=nl_NL\",\"https:\\\/\\\/www.instagram.com\\\/dulonmarinegroup\\\/\"]}]}<\/script>\n<!-- \/ Yoast SEO plugin. -->","yoast_head_json":{"title":"Deckmate DM251 srednja \u010detka za ribanje - Dulon Marine","description":"Linija proizvoda Deckmate nudi 3 abrazivne spu\u017eve: dostupne u pakiranju od 30 komada ili kao set od 2.","robots":{"index":"index","follow":"follow","max-snippet":"max-snippet:-1","max-image-preview":"max-image-preview:large","max-video-preview":"max-video-preview:-1"},"canonical":"https:\/\/dulonmarine.com\/hr\/trgovina\/suclan\/oprati-ribati\/uzorak-proizvoda\/deckmate-dm251-srednja-cetka-za-ribanje\/","og_locale":"hr_HR","og_type":"article","og_title":"Deckmate DM251 medium scrubpad - Dulon Marine","og_description":"The deckmate product line offers 3 scrub pads: available in bulk containing 30 pieces or as a set of 2.","og_url":"https:\/\/dulonmarine.com\/hr\/trgovina\/suclan\/oprati-ribati\/uzorak-proizvoda\/deckmate-dm251-srednja-cetka-za-ribanje\/","og_site_name":"Dulon Marine","article_publisher":"https:\/\/www.facebook.com\/dulonmarine?locale=nl_NL","article_modified_time":"2024-10-24T11:50:51+00:00","og_image":[{"width":1200,"height":1200,"url":"https:\/\/dulonmarine.com\/wp-content\/uploads\/2023\/02\/251-270-Deckmate-Scrubpad-coarse-Swivelplate-Front-view-1.jpg","type":"image\/jpeg"}],"twitter_card":"summary_large_image","twitter_misc":{"Procijenjeno vrijeme \u010ditanja":"1 minuta"},"schema":{"@context":"https:\/\/schema.org","@graph":[{"@type":"WebPage","@id":"https:\/\/dulonmarine.com\/winkel\/deckmate\/wash-scrub\/sample-product\/deckmate-dm251-medium-scrubpad\/","url":"https:\/\/dulonmarine.com\/winkel\/deckmate\/wash-scrub\/sample-product\/deckmate-dm251-medium-scrubpad\/","name":"Deckmate DM251 srednja \u010detka za ribanje - Dulon Marine","isPartOf":{"@id":"https:\/\/dulonmarine.com\/pt\/#website"},"primaryImageOfPage":{"@id":"https:\/\/dulonmarine.com\/winkel\/deckmate\/wash-scrub\/sample-product\/deckmate-dm251-medium-scrubpad\/#primaryimage"},"image":{"@id":"https:\/\/dulonmarine.com\/winkel\/deckmate\/wash-scrub\/sample-product\/deckmate-dm251-medium-scrubpad\/#primaryimage"},"thumbnailUrl":"https:\/\/dulonmarine.com\/wp-content\/uploads\/2023\/02\/251-270-Deckmate-Scrubpad-coarse-Swivelplate-Front-view-1.jpg","datePublished":"2023-02-08T14:46:38+00:00","dateModified":"2024-10-24T11:50:51+00:00","description":"Linija proizvoda Deckmate nudi 3 abrazivne spu\u017eve: dostupne u pakiranju od 30 komada ili kao set od 2.","breadcrumb":{"@id":"https:\/\/dulonmarine.com\/winkel\/deckmate\/wash-scrub\/sample-product\/deckmate-dm251-medium-scrubpad\/#breadcrumb"},"inLanguage":"hr","potentialAction":[{"@type":"ReadAction","target":["https:\/\/dulonmarine.com\/winkel\/deckmate\/wash-scrub\/sample-product\/deckmate-dm251-medium-scrubpad\/"]}]},{"@type":"ImageObject","inLanguage":"hr","@id":"https:\/\/dulonmarine.com\/winkel\/deckmate\/wash-scrub\/sample-product\/deckmate-dm251-medium-scrubpad\/#primaryimage","url":"https:\/\/dulonmarine.com\/wp-content\/uploads\/2023\/02\/251-270-Deckmate-Scrubpad-coarse-Swivelplate-Front-view-1.jpg","contentUrl":"https:\/\/dulonmarine.com\/wp-content\/uploads\/2023\/02\/251-270-Deckmate-Scrubpad-coarse-Swivelplate-Front-view-1.jpg","width":1200,"height":1200},{"@type":"BreadcrumbList","@id":"https:\/\/dulonmarine.com\/winkel\/deckmate\/wash-scrub\/sample-product\/deckmate-dm251-medium-scrubpad\/#breadcrumb","itemListElement":[{"@type":"ListItem","position":1,"name":"Home","item":"https:\/\/dulonmarine.com\/"},{"@type":"ListItem","position":2,"name":"Winkel","item":"https:\/\/dulonmarine.com\/pt\/piacaba\/"},{"@type":"ListItem","position":3,"name":"Deckmate DM251 medium scrubpad"}]},{"@type":"WebSite","@id":"https:\/\/dulonmarine.com\/pt\/#website","url":"https:\/\/dulonmarine.com\/pt\/","name":"Dulon Marine","description":"Proizvodi za odr\u017eavanje plovila","publisher":{"@id":"https:\/\/dulonmarine.com\/pt\/#organization"},"potentialAction":[{"@type":"SearchAction","target":{"@type":"EntryPoint","urlTemplate":"https:\/\/dulonmarine.com\/pt\/?s={search_term_string}"},"query-input":{"@type":"PropertyValueSpecification","valueRequired":true,"valueName":"search_term_string"}}],"inLanguage":"hr"},{"@type":"Organization","@id":"https:\/\/dulonmarine.com\/pt\/#organization","name":"Dulon Marine Deckmate grupa","url":"https:\/\/dulonmarine.com\/pt\/","logo":{"@type":"ImageObject","inLanguage":"hr","@id":"https:\/\/dulonmarine.com\/pt\/#\/schema\/logo\/image\/","url":"http:\/\/dulonmarine.com\/wp-content\/uploads\/2023\/02\/Dulon-Marine-Deckmate-Group-logo-small.png","contentUrl":"http:\/\/dulonmarine.com\/wp-content\/uploads\/2023\/02\/Dulon-Marine-Deckmate-Group-logo-small.png","width":350,"height":150,"caption":"Dulon Marine Deckmate Group"},"image":{"@id":"https:\/\/dulonmarine.com\/pt\/#\/schema\/logo\/image\/"},"sameAs":["https:\/\/www.facebook.com\/dulonmarine?locale=nl_NL","https:\/\/www.instagram.com\/dulonmarinegroup\/"]}]}},"_links":{"self":[{"href":"https:\/\/dulonmarine.com\/hr\/wp-json\/wp\/v2\/product\/8517","targetHints":{"allow":["GET"]}}],"collection":[{"href":"https:\/\/dulonmarine.com\/hr\/wp-json\/wp\/v2\/product"}],"about":[{"href":"https:\/\/dulonmarine.com\/hr\/wp-json\/wp\/v2\/types\/product"}],"wp:featuredmedia":[{"embeddable":true,"href":"https:\/\/dulonmarine.com\/hr\/wp-json\/wp\/v2\/media\/9411"}],"wp:attachment":[{"href":"https:\/\/dulonmarine.com\/hr\/wp-json\/wp\/v2\/media?parent=8517"}],"wp:term":[{"taxonomy":"product_brand","embeddable":true,"href":"https:\/\/dulonmarine.com\/hr\/wp-json\/wp\/v2\/product_brand?post=8517"},{"taxonomy":"product_cat","embeddable":true,"href":"https:\/\/dulonmarine.com\/hr\/wp-json\/wp\/v2\/product_cat?post=8517"},{"taxonomy":"product_tag","embeddable":true,"href":"https:\/\/dulonmarine.com\/hr\/wp-json\/wp\/v2\/product_tag?post=8517"}],"curies":[{"name":"wp","href":"https:\/\/api.w.org\/{rel}","templated":true}]}}