{"id":8695,"date":"2023-02-16T14:03:00","date_gmt":"2023-02-16T13:03:00","guid":{"rendered":"http:\/\/dulonmarine.com\/?post_type=product&#038;p=8695"},"modified":"2024-10-24T12:29:22","modified_gmt":"2024-10-24T11:29:22","slug":"deckmate-dm320-pva-rucnik-za-susenje-premium","status":"publish","type":"product","link":"https:\/\/dulonmarine.com\/hr\/winkel\/deckmate\/drying-products\/sample-product\/deckmate-dm320-pva-drying-towel-premium\/","title":{"rendered":"Deckmate DM320 PVA ru\u010dnik za su\u0161enje premium"},"content":{"rendered":"<p>Vrhunska PVA krpa za brisanje dimenzija 68\u00d743 cm \/ 27\u00d717 in\u010da; najupijaju\u0107a krpa na tr\u017ei\u0161tu danas. Proizvedena u Japanu od strane Aiona, \u0161to jam\u010di godine brzih i bezprugastih rezultata. Mo\u017ee se koristiti i za su\u0161enje automobila, unutra\u0161njosti ili ku\u0107anstva.<\/p>\n<p>Pogodnosti:<\/p>\n<ul>\n<li>Profesionalna kvaliteta<\/li>\n<li>Dr\u017ei 6 puta svoju te\u017einu u vodi<\/li>\n<li>Posebna reljefna struktura povr\u0161ine koja rezultira niskim povr\u0161inskim otporom tijekom chamming-a<\/li>\n<li>Osje\u0107a se mekano (u ruci) i lako se cije\u0111eno.<\/li>\n<li>Otporan na plijesan i bu\u0111<\/li>\n<\/ul>","protected":false},"excerpt":{"rendered":"<p>Ovaj ru\u010dnik za su\u0161enje je pogodan za:<\/p>\n<ul>\n<li>Ova krznena krpa tako\u0111er je pogodna za su\u0161enje automobila, unutra\u0161njosti ili za ku\u0107nu upotrebu.<\/li>\n<li>Osim toga, ovaj marmot se \u010desto koristi za uklanjanje dlaka ku\u0107nih ljubimaca.<\/li>\n<\/ul>\n<p>Nakon upotrebe preporu\u010duje se oprati krzneni ru\u010dnik u obilnoj koli\u010dini svje\u017ee vode, iscijediti ga i pohraniti u futrolu.<\/p>\n<div class=\"x-video-inner\">\n    <video  \nclass=\"x-mejs x-wp-video-shortcode advanced-controls\" \n        width=\"400\" \n        height=\"400\" \n        loop autoplay muted playsinline style=\"border: none; outline: none; background: none;\"><source type=\"video\/mp4\" src=\"http:\/\/dulonmarine.com\/wp-content\/uploads\/2024\/10\/320_Drying_Towel_Premium_1.mp4\"><\/video>\n<\/div>","protected":false},"featured_media":9215,"template":"","meta":{"_acf_changed":false,"om_disable_all_campaigns":false,"rs_blank_template":"","rs_page_bg_color":"","slide_template_v7":"","inline_featured_image":false,"_monsterinsights_skip_tracking":false,"_monsterinsights_sitenote_active":false,"_monsterinsights_sitenote_note":"","_monsterinsights_sitenote_category":0},"product_brand":[],"product_cat":[280,290],"product_tag":[293],"class_list":{"0":"post-8695","1":"product","2":"type-product","3":"status-publish","4":"has-post-thumbnail","6":"product_cat-deckmate","7":"product_cat-drying-products","8":"product_tag-293","9":"pa_article-numbers-contents-dm320","12":"first","13":"instock","14":"taxable","15":"shipping-taxable","16":"purchasable","17":"product-type-simple"},"acf":[],"yoast_head":"<!-- This site is optimized with the Yoast SEO plugin v27.4 - https:\/\/yoast.com\/product\/yoast-seo-wordpress\/ -->\n<title>Deckmate DM320 PVA Drying towel premium - Dulon Marine<\/title>\n<meta name=\"description\" content=\"This supple polyvinyl alcohol chamois is the most absorbing chamois currently available on the market.\" \/>\n<meta name=\"robots\" content=\"index, follow, max-snippet:-1, max-image-preview:large, max-video-preview:-1\" \/>\n<link rel=\"canonical\" href=\"https:\/\/dulonmarine.com\/hr\/trgovina\/suclan\/proizvodi-za-susenje\/uzorak-proizvoda\/deckmate-dm320-pva-rucnik-za-susenje-premium\/\" \/>\n<meta property=\"og:locale\" content=\"hr_HR\" \/>\n<meta property=\"og:type\" content=\"article\" \/>\n<meta property=\"og:title\" content=\"Deckmate DM320 PVA Drying towel premium - Dulon Marine\" \/>\n<meta property=\"og:description\" content=\"This supple polyvinyl alcohol chamois is the most absorbing chamois currently available on the market.\" \/>\n<meta property=\"og:url\" content=\"https:\/\/dulonmarine.com\/hr\/trgovina\/suclan\/proizvodi-za-susenje\/uzorak-proizvoda\/deckmate-dm320-pva-rucnik-za-susenje-premium\/\" \/>\n<meta property=\"og:site_name\" content=\"Dulon Marine\" \/>\n<meta property=\"article:publisher\" content=\"https:\/\/www.facebook.com\/dulonmarine?locale=nl_NL\" \/>\n<meta property=\"article:modified_time\" content=\"2024-10-24T11:29:22+00:00\" \/>\n<meta property=\"og:image\" content=\"https:\/\/dulonmarine.com\/wp-content\/uploads\/2023\/02\/320-Deckmate-Drying-towel-premium-In-packaging-Front-viewjpg.jpg\" \/>\n\t<meta property=\"og:image:width\" content=\"1200\" \/>\n\t<meta property=\"og:image:height\" content=\"1200\" \/>\n\t<meta property=\"og:image:type\" content=\"image\/jpeg\" \/>\n<meta name=\"twitter:card\" content=\"summary_large_image\" \/>\n<meta name=\"twitter:label1\" content=\"Procijenjeno vrijeme \u010ditanja\" \/>\n\t<meta name=\"twitter:data1\" content=\"1 minuta\" \/>\n<script type=\"application\/ld+json\" class=\"yoast-schema-graph\">{\"@context\":\"https:\\\/\\\/schema.org\",\"@graph\":[{\"@type\":\"WebPage\",\"@id\":\"https:\\\/\\\/dulonmarine.com\\\/winkel\\\/deckmate\\\/drying-products\\\/sample-product\\\/deckmate-dm320-pva-drying-towel-premium\\\/\",\"url\":\"https:\\\/\\\/dulonmarine.com\\\/winkel\\\/deckmate\\\/drying-products\\\/sample-product\\\/deckmate-dm320-pva-drying-towel-premium\\\/\",\"name\":\"Deckmate DM320 PVA Drying towel premium - Dulon Marine\",\"isPartOf\":{\"@id\":\"https:\\\/\\\/dulonmarine.com\\\/pt\\\/#website\"},\"primaryImageOfPage\":{\"@id\":\"https:\\\/\\\/dulonmarine.com\\\/winkel\\\/deckmate\\\/drying-products\\\/sample-product\\\/deckmate-dm320-pva-drying-towel-premium\\\/#primaryimage\"},\"image\":{\"@id\":\"https:\\\/\\\/dulonmarine.com\\\/winkel\\\/deckmate\\\/drying-products\\\/sample-product\\\/deckmate-dm320-pva-drying-towel-premium\\\/#primaryimage\"},\"thumbnailUrl\":\"https:\\\/\\\/dulonmarine.com\\\/wp-content\\\/uploads\\\/2023\\\/02\\\/320-Deckmate-Drying-towel-premium-In-packaging-Front-viewjpg.jpg\",\"datePublished\":\"2023-02-16T13:03:00+00:00\",\"dateModified\":\"2024-10-24T11:29:22+00:00\",\"description\":\"This supple polyvinyl alcohol chamois is the most absorbing chamois currently available on the market.\",\"breadcrumb\":{\"@id\":\"https:\\\/\\\/dulonmarine.com\\\/winkel\\\/deckmate\\\/drying-products\\\/sample-product\\\/deckmate-dm320-pva-drying-towel-premium\\\/#breadcrumb\"},\"inLanguage\":\"hr\",\"potentialAction\":[{\"@type\":\"ReadAction\",\"target\":[\"https:\\\/\\\/dulonmarine.com\\\/winkel\\\/deckmate\\\/drying-products\\\/sample-product\\\/deckmate-dm320-pva-drying-towel-premium\\\/\"]}]},{\"@type\":\"ImageObject\",\"inLanguage\":\"hr\",\"@id\":\"https:\\\/\\\/dulonmarine.com\\\/winkel\\\/deckmate\\\/drying-products\\\/sample-product\\\/deckmate-dm320-pva-drying-towel-premium\\\/#primaryimage\",\"url\":\"https:\\\/\\\/dulonmarine.com\\\/wp-content\\\/uploads\\\/2023\\\/02\\\/320-Deckmate-Drying-towel-premium-In-packaging-Front-viewjpg.jpg\",\"contentUrl\":\"https:\\\/\\\/dulonmarine.com\\\/wp-content\\\/uploads\\\/2023\\\/02\\\/320-Deckmate-Drying-towel-premium-In-packaging-Front-viewjpg.jpg\",\"width\":1200,\"height\":1200},{\"@type\":\"BreadcrumbList\",\"@id\":\"https:\\\/\\\/dulonmarine.com\\\/winkel\\\/deckmate\\\/drying-products\\\/sample-product\\\/deckmate-dm320-pva-drying-towel-premium\\\/#breadcrumb\",\"itemListElement\":[{\"@type\":\"ListItem\",\"position\":1,\"name\":\"Home\",\"item\":\"https:\\\/\\\/dulonmarine.com\\\/\"},{\"@type\":\"ListItem\",\"position\":2,\"name\":\"Winkel\",\"item\":\"https:\\\/\\\/dulonmarine.com\\\/pt\\\/piacaba\\\/\"},{\"@type\":\"ListItem\",\"position\":3,\"name\":\"Deckmate DM320 PVA Drying towel premium\"}]},{\"@type\":\"WebSite\",\"@id\":\"https:\\\/\\\/dulonmarine.com\\\/pt\\\/#website\",\"url\":\"https:\\\/\\\/dulonmarine.com\\\/pt\\\/\",\"name\":\"Dulon Marine\",\"description\":\"Onderhoudsproducten voor de scheepvaart\",\"publisher\":{\"@id\":\"https:\\\/\\\/dulonmarine.com\\\/pt\\\/#organization\"},\"potentialAction\":[{\"@type\":\"SearchAction\",\"target\":{\"@type\":\"EntryPoint\",\"urlTemplate\":\"https:\\\/\\\/dulonmarine.com\\\/pt\\\/?s={search_term_string}\"},\"query-input\":{\"@type\":\"PropertyValueSpecification\",\"valueRequired\":true,\"valueName\":\"search_term_string\"}}],\"inLanguage\":\"hr\"},{\"@type\":\"Organization\",\"@id\":\"https:\\\/\\\/dulonmarine.com\\\/pt\\\/#organization\",\"name\":\"Dulon Marine Deckmate Group\",\"url\":\"https:\\\/\\\/dulonmarine.com\\\/pt\\\/\",\"logo\":{\"@type\":\"ImageObject\",\"inLanguage\":\"hr\",\"@id\":\"https:\\\/\\\/dulonmarine.com\\\/pt\\\/#\\\/schema\\\/logo\\\/image\\\/\",\"url\":\"http:\\\/\\\/dulonmarine.com\\\/wp-content\\\/uploads\\\/2023\\\/02\\\/Dulon-Marine-Deckmate-Group-logo-small.png\",\"contentUrl\":\"http:\\\/\\\/dulonmarine.com\\\/wp-content\\\/uploads\\\/2023\\\/02\\\/Dulon-Marine-Deckmate-Group-logo-small.png\",\"width\":350,\"height\":150,\"caption\":\"Dulon Marine Deckmate Group\"},\"image\":{\"@id\":\"https:\\\/\\\/dulonmarine.com\\\/pt\\\/#\\\/schema\\\/logo\\\/image\\\/\"},\"sameAs\":[\"https:\\\/\\\/www.facebook.com\\\/dulonmarine?locale=nl_NL\",\"https:\\\/\\\/www.instagram.com\\\/dulonmarinegroup\\\/\"]}]}<\/script>\n<!-- \/ Yoast SEO plugin. -->","yoast_head_json":{"title":"Deckmate DM320 PVA ru\u010dnik za su\u0161enje premium - Dulon Marine","description":"Ovaj podatni brisa\u010d od polivinil alkohola najupijaju\u0107i je brisa\u010d trenutno dostupan na tr\u017ei\u0161tu.","robots":{"index":"index","follow":"follow","max-snippet":"max-snippet:-1","max-image-preview":"max-image-preview:large","max-video-preview":"max-video-preview:-1"},"canonical":"https:\/\/dulonmarine.com\/hr\/trgovina\/suclan\/proizvodi-za-susenje\/uzorak-proizvoda\/deckmate-dm320-pva-rucnik-za-susenje-premium\/","og_locale":"hr_HR","og_type":"article","og_title":"Deckmate DM320 PVA Drying towel premium - Dulon Marine","og_description":"This supple polyvinyl alcohol chamois is the most absorbing chamois currently available on the market.","og_url":"https:\/\/dulonmarine.com\/hr\/trgovina\/suclan\/proizvodi-za-susenje\/uzorak-proizvoda\/deckmate-dm320-pva-rucnik-za-susenje-premium\/","og_site_name":"Dulon Marine","article_publisher":"https:\/\/www.facebook.com\/dulonmarine?locale=nl_NL","article_modified_time":"2024-10-24T11:29:22+00:00","og_image":[{"width":1200,"height":1200,"url":"https:\/\/dulonmarine.com\/wp-content\/uploads\/2023\/02\/320-Deckmate-Drying-towel-premium-In-packaging-Front-viewjpg.jpg","type":"image\/jpeg"}],"twitter_card":"summary_large_image","twitter_misc":{"Procijenjeno vrijeme \u010ditanja":"1 minuta"},"schema":{"@context":"https:\/\/schema.org","@graph":[{"@type":"WebPage","@id":"https:\/\/dulonmarine.com\/winkel\/deckmate\/drying-products\/sample-product\/deckmate-dm320-pva-drying-towel-premium\/","url":"https:\/\/dulonmarine.com\/winkel\/deckmate\/drying-products\/sample-product\/deckmate-dm320-pva-drying-towel-premium\/","name":"Deckmate DM320 PVA ru\u010dnik za su\u0161enje premium - Dulon Marine","isPartOf":{"@id":"https:\/\/dulonmarine.com\/pt\/#website"},"primaryImageOfPage":{"@id":"https:\/\/dulonmarine.com\/winkel\/deckmate\/drying-products\/sample-product\/deckmate-dm320-pva-drying-towel-premium\/#primaryimage"},"image":{"@id":"https:\/\/dulonmarine.com\/winkel\/deckmate\/drying-products\/sample-product\/deckmate-dm320-pva-drying-towel-premium\/#primaryimage"},"thumbnailUrl":"https:\/\/dulonmarine.com\/wp-content\/uploads\/2023\/02\/320-Deckmate-Drying-towel-premium-In-packaging-Front-viewjpg.jpg","datePublished":"2023-02-16T13:03:00+00:00","dateModified":"2024-10-24T11:29:22+00:00","description":"Ovaj podatni brisa\u010d od polivinil alkohola najupijaju\u0107i je brisa\u010d trenutno dostupan na tr\u017ei\u0161tu.","breadcrumb":{"@id":"https:\/\/dulonmarine.com\/winkel\/deckmate\/drying-products\/sample-product\/deckmate-dm320-pva-drying-towel-premium\/#breadcrumb"},"inLanguage":"hr","potentialAction":[{"@type":"ReadAction","target":["https:\/\/dulonmarine.com\/winkel\/deckmate\/drying-products\/sample-product\/deckmate-dm320-pva-drying-towel-premium\/"]}]},{"@type":"ImageObject","inLanguage":"hr","@id":"https:\/\/dulonmarine.com\/winkel\/deckmate\/drying-products\/sample-product\/deckmate-dm320-pva-drying-towel-premium\/#primaryimage","url":"https:\/\/dulonmarine.com\/wp-content\/uploads\/2023\/02\/320-Deckmate-Drying-towel-premium-In-packaging-Front-viewjpg.jpg","contentUrl":"https:\/\/dulonmarine.com\/wp-content\/uploads\/2023\/02\/320-Deckmate-Drying-towel-premium-In-packaging-Front-viewjpg.jpg","width":1200,"height":1200},{"@type":"BreadcrumbList","@id":"https:\/\/dulonmarine.com\/winkel\/deckmate\/drying-products\/sample-product\/deckmate-dm320-pva-drying-towel-premium\/#breadcrumb","itemListElement":[{"@type":"ListItem","position":1,"name":"Home","item":"https:\/\/dulonmarine.com\/"},{"@type":"ListItem","position":2,"name":"Winkel","item":"https:\/\/dulonmarine.com\/pt\/piacaba\/"},{"@type":"ListItem","position":3,"name":"Deckmate DM320 PVA Drying towel premium"}]},{"@type":"WebSite","@id":"https:\/\/dulonmarine.com\/pt\/#website","url":"https:\/\/dulonmarine.com\/pt\/","name":"Dulon Marine","description":"Proizvodi za odr\u017eavanje plovila","publisher":{"@id":"https:\/\/dulonmarine.com\/pt\/#organization"},"potentialAction":[{"@type":"SearchAction","target":{"@type":"EntryPoint","urlTemplate":"https:\/\/dulonmarine.com\/pt\/?s={search_term_string}"},"query-input":{"@type":"PropertyValueSpecification","valueRequired":true,"valueName":"search_term_string"}}],"inLanguage":"hr"},{"@type":"Organization","@id":"https:\/\/dulonmarine.com\/pt\/#organization","name":"Dulon Marine Deckmate grupa","url":"https:\/\/dulonmarine.com\/pt\/","logo":{"@type":"ImageObject","inLanguage":"hr","@id":"https:\/\/dulonmarine.com\/pt\/#\/schema\/logo\/image\/","url":"http:\/\/dulonmarine.com\/wp-content\/uploads\/2023\/02\/Dulon-Marine-Deckmate-Group-logo-small.png","contentUrl":"http:\/\/dulonmarine.com\/wp-content\/uploads\/2023\/02\/Dulon-Marine-Deckmate-Group-logo-small.png","width":350,"height":150,"caption":"Dulon Marine Deckmate Group"},"image":{"@id":"https:\/\/dulonmarine.com\/pt\/#\/schema\/logo\/image\/"},"sameAs":["https:\/\/www.facebook.com\/dulonmarine?locale=nl_NL","https:\/\/www.instagram.com\/dulonmarinegroup\/"]}]}},"_links":{"self":[{"href":"https:\/\/dulonmarine.com\/hr\/wp-json\/wp\/v2\/product\/8695","targetHints":{"allow":["GET"]}}],"collection":[{"href":"https:\/\/dulonmarine.com\/hr\/wp-json\/wp\/v2\/product"}],"about":[{"href":"https:\/\/dulonmarine.com\/hr\/wp-json\/wp\/v2\/types\/product"}],"wp:featuredmedia":[{"embeddable":true,"href":"https:\/\/dulonmarine.com\/hr\/wp-json\/wp\/v2\/media\/9215"}],"wp:attachment":[{"href":"https:\/\/dulonmarine.com\/hr\/wp-json\/wp\/v2\/media?parent=8695"}],"wp:term":[{"taxonomy":"product_brand","embeddable":true,"href":"https:\/\/dulonmarine.com\/hr\/wp-json\/wp\/v2\/product_brand?post=8695"},{"taxonomy":"product_cat","embeddable":true,"href":"https:\/\/dulonmarine.com\/hr\/wp-json\/wp\/v2\/product_cat?post=8695"},{"taxonomy":"product_tag","embeddable":true,"href":"https:\/\/dulonmarine.com\/hr\/wp-json\/wp\/v2\/product_tag?post=8695"}],"curies":[{"name":"wp","href":"https:\/\/api.w.org\/{rel}","templated":true}]}}