{"id":9618,"date":"2024-10-22T13:08:13","date_gmt":"2024-10-22T12:08:13","guid":{"rendered":"http:\/\/dulonmarine.com\/?post_type=product&#038;p=9618"},"modified":"2024-10-31T13:28:07","modified_gmt":"2024-10-31T12:28:07","slug":"dulon-polirna-pasta-za-ribanje","status":"publish","type":"product","link":"https:\/\/dulonmarine.com\/hr\/winkel\/dulon\/polish-wax\/sample-product\/dulon-poly-polish-rubbing-compound\/","title":{"rendered":"Dulon Poly Polish pasta za ribanje"},"content":{"rendered":"","protected":false},"excerpt":{"rendered":"<p><span style=\"margin-top:-30px !important;\"><strong>Polir \u2013 visokosjajni zavr\u0161etak<\/strong><\/span><\/p>\n<ul style=\"margin-top:-20px;\">\n<li>16 \u2013 U redu<\/li>\n<li>15 \u2013 Srednje<\/li>\n<li>14 \u2013 Sna\u017ean<\/li>\n<li>13 \u2013 Ultra jak<\/li>\n<\/ul>\n<hr \/>\n<p>Profesionalna pasta za poliranje s finom do ultra-jagodi\u010dastom granulom. Obnavlja (jako) izlo\u017eene vremenskim utjecajima, kre\u010daste, zaprljane i be\u017eivotne povr\u0161ine te uklanja sitne ogrebotine te tvrdokorne mrlje i pruge. Mo\u017ee se koristiti na tvrdim povr\u0161inama poput gelcoata, obojenog \u010delika i drva te nehr\u0111aju\u0107eg \u010delika. Nakon nano\u0161enja za\u0161titite povr\u0161inu proizvodima DULON 1&amp;2 ili DULON PREMIUM BOAT WAX 19.<\/p>\n<ul>\n<li>Obnavlja izno\u0161ene, kre\u010daste, mrljaste i be\u017eivotne povr\u0161ine do novog izgleda.<\/li>\n<li>Uklanja sitne ogrebotine te tvrdokorne mrlje i pruge.<\/li>\n<li>Jednostavno za nano\u0161enje i ekonomi\u010dno u upotrebi.<\/li>\n<li>Mo\u017ee se koristiti i ru\u010dno i strojem.<\/li>\n<\/ul>\n<div class=\"x-video-inner\">\n    <video  \nclass=\"x-mejs x-wp-video-shortcode advanced-controls\" \n        width=\"400\" \n        height=\"400\" \n        loop autoplay muted playsinline style=\"border: none; outline: none; background: none;\"><source type=\"video\/mp4\" src=\"http:\/\/dulonmarine.com\/wp-content\/uploads\/2024\/10\/13.Poly_Polish_Rubbing_Compound_Ultra_Strong.360-video.mp4\"><\/video>\n<\/div>","protected":false},"featured_media":9106,"template":"","meta":{"_acf_changed":false,"om_disable_all_campaigns":false,"rs_blank_template":"","rs_page_bg_color":"","slide_template_v7":"","inline_featured_image":false,"_monsterinsights_skip_tracking":false,"_monsterinsights_sitenote_active":false,"_monsterinsights_sitenote_note":"","_monsterinsights_sitenote_category":0},"product_brand":[],"product_cat":[44],"product_tag":[336,31,25,32],"class_list":{"0":"post-9618","1":"product","2":"type-product","3":"status-publish","4":"has-post-thumbnail","6":"product_cat-polish-wax","7":"product_tag-336","8":"product_tag-31","9":"product_tag-25","10":"product_tag-32","11":"pa_article-numbers-contents-6-14005","12":"pa_article-numbers-contents-6-14050","13":"pa_article-numbers-contents-6-14250","14":"pa_available-content-0-5l","15":"pa_available-content-25l","16":"pa_available-content-5l","17":"pa_crp-clean-restore-en","20":"first","21":"instock","22":"purchasable","23":"product-type-variable"},"acf":[],"yoast_head":"<!-- This site is optimized with the Yoast SEO plugin v27.3 - https:\/\/yoast.com\/product\/yoast-seo-wordpress\/ -->\n<title>Dulon Poly Polish Rubbing Compound -<\/title>\n<meta name=\"robots\" content=\"index, follow, max-snippet:-1, max-image-preview:large, max-video-preview:-1\" \/>\n<link rel=\"canonical\" href=\"https:\/\/dulonmarine.com\/hr\/trgovina\/dulon\/poljski-vosak\/uzorak-proizvoda\/dulon-polirna-pasta-za-ribanje\/\" \/>\n<meta property=\"og:locale\" content=\"hr_HR\" \/>\n<meta property=\"og:type\" content=\"article\" \/>\n<meta property=\"og:title\" content=\"Dulon Poly Polish Rubbing Compound -\" \/>\n<meta property=\"og:description\" content=\"Polish - High Gloss Finish   16 - Fine  15 - Medium  14 - Strong  13 - Ultra strong     Professional polishing paste with a fine to ultra strong granular formula. It restores (heavily) weathered, chalky, stained and dull surfaces and it removes fine scratches and persistent stains and streaks. It can be used on hard surfaces like gel coat, painted steel and wood, stainless steel. After application, protect the surface with DULON 1&amp;2 or DULON PREMIUM BOAT WAX 19.   Restores weathered, chalky, stained and dull surfaces to new.  Removes fine scratches and persistent stains and streaks.  Easy to apply &amp; economical in use.  Can be used both manually or by machine.\" \/>\n<meta property=\"og:url\" content=\"https:\/\/dulonmarine.com\/hr\/trgovina\/dulon\/poljski-vosak\/uzorak-proizvoda\/dulon-polirna-pasta-za-ribanje\/\" \/>\n<meta property=\"og:site_name\" content=\"Dulon Marine\" \/>\n<meta property=\"article:publisher\" content=\"https:\/\/www.facebook.com\/dulonmarine?locale=nl_NL\" \/>\n<meta property=\"article:modified_time\" content=\"2024-10-31T12:28:07+00:00\" \/>\n<meta property=\"og:image\" content=\"https:\/\/dulonmarine.com\/wp-content\/uploads\/2023\/02\/13-14-15-16-Dulon-Marine-Poly-Polish-Rubbing-Compound.jpg\" \/>\n\t<meta property=\"og:image:width\" content=\"1200\" \/>\n\t<meta property=\"og:image:height\" content=\"1200\" \/>\n\t<meta property=\"og:image:type\" content=\"image\/jpeg\" \/>\n<meta name=\"twitter:card\" content=\"summary_large_image\" \/>\n<meta name=\"twitter:label1\" content=\"Procijenjeno vrijeme \u010ditanja\" \/>\n\t<meta name=\"twitter:data1\" content=\"1 minuta\" \/>\n<script type=\"application\/ld+json\" class=\"yoast-schema-graph\">{\"@context\":\"https:\\\/\\\/schema.org\",\"@graph\":[{\"@type\":\"WebPage\",\"@id\":\"https:\\\/\\\/dulonmarine.com\\\/tr\\\/winkel\\\/dulon\\\/cila-balmumu\\\/ornek-urun\\\/dulon-poly-polish-rubbing-compound\\\/\",\"url\":\"https:\\\/\\\/dulonmarine.com\\\/tr\\\/winkel\\\/dulon\\\/cila-balmumu\\\/ornek-urun\\\/dulon-poly-polish-rubbing-compound\\\/\",\"name\":\"Dulon Poly Polish Rubbing Compound -\",\"isPartOf\":{\"@id\":\"https:\\\/\\\/dulonmarine.com\\\/pt\\\/#website\"},\"primaryImageOfPage\":{\"@id\":\"https:\\\/\\\/dulonmarine.com\\\/tr\\\/winkel\\\/dulon\\\/cila-balmumu\\\/ornek-urun\\\/dulon-poly-polish-rubbing-compound\\\/#primaryimage\"},\"image\":{\"@id\":\"https:\\\/\\\/dulonmarine.com\\\/tr\\\/winkel\\\/dulon\\\/cila-balmumu\\\/ornek-urun\\\/dulon-poly-polish-rubbing-compound\\\/#primaryimage\"},\"thumbnailUrl\":\"https:\\\/\\\/dulonmarine.com\\\/wp-content\\\/uploads\\\/2023\\\/02\\\/13-14-15-16-Dulon-Marine-Poly-Polish-Rubbing-Compound.jpg\",\"datePublished\":\"2024-10-22T12:08:13+00:00\",\"dateModified\":\"2024-10-31T12:28:07+00:00\",\"breadcrumb\":{\"@id\":\"https:\\\/\\\/dulonmarine.com\\\/tr\\\/winkel\\\/dulon\\\/cila-balmumu\\\/ornek-urun\\\/dulon-poly-polish-rubbing-compound\\\/#breadcrumb\"},\"inLanguage\":\"hr\",\"potentialAction\":[{\"@type\":\"ReadAction\",\"target\":[\"https:\\\/\\\/dulonmarine.com\\\/tr\\\/winkel\\\/dulon\\\/cila-balmumu\\\/ornek-urun\\\/dulon-poly-polish-rubbing-compound\\\/\"]}]},{\"@type\":\"ImageObject\",\"inLanguage\":\"hr\",\"@id\":\"https:\\\/\\\/dulonmarine.com\\\/tr\\\/winkel\\\/dulon\\\/cila-balmumu\\\/ornek-urun\\\/dulon-poly-polish-rubbing-compound\\\/#primaryimage\",\"url\":\"https:\\\/\\\/dulonmarine.com\\\/wp-content\\\/uploads\\\/2023\\\/02\\\/13-14-15-16-Dulon-Marine-Poly-Polish-Rubbing-Compound.jpg\",\"contentUrl\":\"https:\\\/\\\/dulonmarine.com\\\/wp-content\\\/uploads\\\/2023\\\/02\\\/13-14-15-16-Dulon-Marine-Poly-Polish-Rubbing-Compound.jpg\",\"width\":1200,\"height\":1200},{\"@type\":\"BreadcrumbList\",\"@id\":\"https:\\\/\\\/dulonmarine.com\\\/tr\\\/winkel\\\/dulon\\\/cila-balmumu\\\/ornek-urun\\\/dulon-poly-polish-rubbing-compound\\\/#breadcrumb\",\"itemListElement\":[{\"@type\":\"ListItem\",\"position\":1,\"name\":\"Home\",\"item\":\"https:\\\/\\\/dulonmarine.com\\\/\"},{\"@type\":\"ListItem\",\"position\":2,\"name\":\"Winkel\",\"item\":\"https:\\\/\\\/dulonmarine.com\\\/pt\\\/piacaba\\\/\"},{\"@type\":\"ListItem\",\"position\":3,\"name\":\"Dulon Poly Polish Rubbing Compound\"}]},{\"@type\":\"WebSite\",\"@id\":\"https:\\\/\\\/dulonmarine.com\\\/pt\\\/#website\",\"url\":\"https:\\\/\\\/dulonmarine.com\\\/pt\\\/\",\"name\":\"Dulon Marine\",\"description\":\"Onderhoudsproducten voor de scheepvaart\",\"publisher\":{\"@id\":\"https:\\\/\\\/dulonmarine.com\\\/pt\\\/#organization\"},\"potentialAction\":[{\"@type\":\"SearchAction\",\"target\":{\"@type\":\"EntryPoint\",\"urlTemplate\":\"https:\\\/\\\/dulonmarine.com\\\/pt\\\/?s={search_term_string}\"},\"query-input\":{\"@type\":\"PropertyValueSpecification\",\"valueRequired\":true,\"valueName\":\"search_term_string\"}}],\"inLanguage\":\"hr\"},{\"@type\":\"Organization\",\"@id\":\"https:\\\/\\\/dulonmarine.com\\\/pt\\\/#organization\",\"name\":\"Dulon Marine Deckmate Group\",\"url\":\"https:\\\/\\\/dulonmarine.com\\\/pt\\\/\",\"logo\":{\"@type\":\"ImageObject\",\"inLanguage\":\"hr\",\"@id\":\"https:\\\/\\\/dulonmarine.com\\\/pt\\\/#\\\/schema\\\/logo\\\/image\\\/\",\"url\":\"http:\\\/\\\/dulonmarine.com\\\/wp-content\\\/uploads\\\/2023\\\/02\\\/Dulon-Marine-Deckmate-Group-logo-small.png\",\"contentUrl\":\"http:\\\/\\\/dulonmarine.com\\\/wp-content\\\/uploads\\\/2023\\\/02\\\/Dulon-Marine-Deckmate-Group-logo-small.png\",\"width\":350,\"height\":150,\"caption\":\"Dulon Marine Deckmate Group\"},\"image\":{\"@id\":\"https:\\\/\\\/dulonmarine.com\\\/pt\\\/#\\\/schema\\\/logo\\\/image\\\/\"},\"sameAs\":[\"https:\\\/\\\/www.facebook.com\\\/dulonmarine?locale=nl_NL\",\"https:\\\/\\\/www.instagram.com\\\/dulonmarinegroup\\\/\"]}]}<\/script>\n<!-- \/ Yoast SEO plugin. -->","yoast_head_json":{"title":"Dulon Poly Polish sredstvo za ribanje -","robots":{"index":"index","follow":"follow","max-snippet":"max-snippet:-1","max-image-preview":"max-image-preview:large","max-video-preview":"max-video-preview:-1"},"canonical":"https:\/\/dulonmarine.com\/hr\/trgovina\/dulon\/poljski-vosak\/uzorak-proizvoda\/dulon-polirna-pasta-za-ribanje\/","og_locale":"hr_HR","og_type":"article","og_title":"Dulon Poly Polish Rubbing Compound -","og_description":"Polish - High Gloss Finish   16 - Fine  15 - Medium  14 - Strong  13 - Ultra strong     Professional polishing paste with a fine to ultra strong granular formula. It restores (heavily) weathered, chalky, stained and dull surfaces and it removes fine scratches and persistent stains and streaks. It can be used on hard surfaces like gel coat, painted steel and wood, stainless steel. After application, protect the surface with DULON 1&amp;2 or DULON PREMIUM BOAT WAX 19.   Restores weathered, chalky, stained and dull surfaces to new.  Removes fine scratches and persistent stains and streaks.  Easy to apply &amp; economical in use.  Can be used both manually or by machine.","og_url":"https:\/\/dulonmarine.com\/hr\/trgovina\/dulon\/poljski-vosak\/uzorak-proizvoda\/dulon-polirna-pasta-za-ribanje\/","og_site_name":"Dulon Marine","article_publisher":"https:\/\/www.facebook.com\/dulonmarine?locale=nl_NL","article_modified_time":"2024-10-31T12:28:07+00:00","og_image":[{"width":1200,"height":1200,"url":"https:\/\/dulonmarine.com\/wp-content\/uploads\/2023\/02\/13-14-15-16-Dulon-Marine-Poly-Polish-Rubbing-Compound.jpg","type":"image\/jpeg"}],"twitter_card":"summary_large_image","twitter_misc":{"Procijenjeno vrijeme \u010ditanja":"1 minuta"},"schema":{"@context":"https:\/\/schema.org","@graph":[{"@type":"WebPage","@id":"https:\/\/dulonmarine.com\/tr\/winkel\/dulon\/cila-balmumu\/ornek-urun\/dulon-poly-polish-rubbing-compound\/","url":"https:\/\/dulonmarine.com\/tr\/winkel\/dulon\/cila-balmumu\/ornek-urun\/dulon-poly-polish-rubbing-compound\/","name":"Dulon Poly Polish sredstvo za ribanje -","isPartOf":{"@id":"https:\/\/dulonmarine.com\/pt\/#website"},"primaryImageOfPage":{"@id":"https:\/\/dulonmarine.com\/tr\/winkel\/dulon\/cila-balmumu\/ornek-urun\/dulon-poly-polish-rubbing-compound\/#primaryimage"},"image":{"@id":"https:\/\/dulonmarine.com\/tr\/winkel\/dulon\/cila-balmumu\/ornek-urun\/dulon-poly-polish-rubbing-compound\/#primaryimage"},"thumbnailUrl":"https:\/\/dulonmarine.com\/wp-content\/uploads\/2023\/02\/13-14-15-16-Dulon-Marine-Poly-Polish-Rubbing-Compound.jpg","datePublished":"2024-10-22T12:08:13+00:00","dateModified":"2024-10-31T12:28:07+00:00","breadcrumb":{"@id":"https:\/\/dulonmarine.com\/tr\/winkel\/dulon\/cila-balmumu\/ornek-urun\/dulon-poly-polish-rubbing-compound\/#breadcrumb"},"inLanguage":"hr","potentialAction":[{"@type":"ReadAction","target":["https:\/\/dulonmarine.com\/tr\/winkel\/dulon\/cila-balmumu\/ornek-urun\/dulon-poly-polish-rubbing-compound\/"]}]},{"@type":"ImageObject","inLanguage":"hr","@id":"https:\/\/dulonmarine.com\/tr\/winkel\/dulon\/cila-balmumu\/ornek-urun\/dulon-poly-polish-rubbing-compound\/#primaryimage","url":"https:\/\/dulonmarine.com\/wp-content\/uploads\/2023\/02\/13-14-15-16-Dulon-Marine-Poly-Polish-Rubbing-Compound.jpg","contentUrl":"https:\/\/dulonmarine.com\/wp-content\/uploads\/2023\/02\/13-14-15-16-Dulon-Marine-Poly-Polish-Rubbing-Compound.jpg","width":1200,"height":1200},{"@type":"BreadcrumbList","@id":"https:\/\/dulonmarine.com\/tr\/winkel\/dulon\/cila-balmumu\/ornek-urun\/dulon-poly-polish-rubbing-compound\/#breadcrumb","itemListElement":[{"@type":"ListItem","position":1,"name":"Home","item":"https:\/\/dulonmarine.com\/"},{"@type":"ListItem","position":2,"name":"Winkel","item":"https:\/\/dulonmarine.com\/pt\/piacaba\/"},{"@type":"ListItem","position":3,"name":"Dulon Poly Polish Rubbing Compound"}]},{"@type":"WebSite","@id":"https:\/\/dulonmarine.com\/pt\/#website","url":"https:\/\/dulonmarine.com\/pt\/","name":"Dulon Marine","description":"Proizvodi za odr\u017eavanje plovila","publisher":{"@id":"https:\/\/dulonmarine.com\/pt\/#organization"},"potentialAction":[{"@type":"SearchAction","target":{"@type":"EntryPoint","urlTemplate":"https:\/\/dulonmarine.com\/pt\/?s={search_term_string}"},"query-input":{"@type":"PropertyValueSpecification","valueRequired":true,"valueName":"search_term_string"}}],"inLanguage":"hr"},{"@type":"Organization","@id":"https:\/\/dulonmarine.com\/pt\/#organization","name":"Dulon Marine Deckmate grupa","url":"https:\/\/dulonmarine.com\/pt\/","logo":{"@type":"ImageObject","inLanguage":"hr","@id":"https:\/\/dulonmarine.com\/pt\/#\/schema\/logo\/image\/","url":"http:\/\/dulonmarine.com\/wp-content\/uploads\/2023\/02\/Dulon-Marine-Deckmate-Group-logo-small.png","contentUrl":"http:\/\/dulonmarine.com\/wp-content\/uploads\/2023\/02\/Dulon-Marine-Deckmate-Group-logo-small.png","width":350,"height":150,"caption":"Dulon Marine Deckmate Group"},"image":{"@id":"https:\/\/dulonmarine.com\/pt\/#\/schema\/logo\/image\/"},"sameAs":["https:\/\/www.facebook.com\/dulonmarine?locale=nl_NL","https:\/\/www.instagram.com\/dulonmarinegroup\/"]}]}},"_links":{"self":[{"href":"https:\/\/dulonmarine.com\/hr\/wp-json\/wp\/v2\/product\/9618","targetHints":{"allow":["GET"]}}],"collection":[{"href":"https:\/\/dulonmarine.com\/hr\/wp-json\/wp\/v2\/product"}],"about":[{"href":"https:\/\/dulonmarine.com\/hr\/wp-json\/wp\/v2\/types\/product"}],"wp:featuredmedia":[{"embeddable":true,"href":"https:\/\/dulonmarine.com\/hr\/wp-json\/wp\/v2\/media\/9106"}],"wp:attachment":[{"href":"https:\/\/dulonmarine.com\/hr\/wp-json\/wp\/v2\/media?parent=9618"}],"wp:term":[{"taxonomy":"product_brand","embeddable":true,"href":"https:\/\/dulonmarine.com\/hr\/wp-json\/wp\/v2\/product_brand?post=9618"},{"taxonomy":"product_cat","embeddable":true,"href":"https:\/\/dulonmarine.com\/hr\/wp-json\/wp\/v2\/product_cat?post=9618"},{"taxonomy":"product_tag","embeddable":true,"href":"https:\/\/dulonmarine.com\/hr\/wp-json\/wp\/v2\/product_tag?post=9618"}],"curies":[{"name":"wp","href":"https:\/\/api.w.org\/{rel}","templated":true}]}}