{"id":8404,"date":"2023-02-06T16:14:55","date_gmt":"2023-02-06T15:14:55","guid":{"rendered":"http:\/\/dulonmarine.com\/?page_id=8404"},"modified":"2025-11-12T12:42:16","modified_gmt":"2025-11-12T11:42:16","slug":"pielegnacja-drewna-tekowego","status":"publish","type":"page","link":"https:\/\/dulonmarine.com\/pl\/dulon-marine-categorieen\/teak-care\/","title":{"rendered":"Teak Care"},"content":{"rendered":"<div id=\"cs-content\" class=\"cs-content\"><div class=\"x-section e8404-e1 m6hg-0 m6hg-1\"><div class=\"x-row e8404-e2 m6hg-3 m6hg-4 m6hg-5\"><div class=\"x-row-inner\"><div class=\"x-col e8404-e3 m6hg-7\">\n\t\t\t\t<p class=\"rs-p-wp-fix\"><\/p>\n\t\t\t\t<sr7-module data-alias=\"technique-care-pagina-2023-1\" data-id=\"27\" id=\"SR7_27_1\" data-version=\"7.0.7.1\">\n\t\t\t\t\t<sr7-adjuster><\/sr7-adjuster>\n\t\t\t\t\t<sr7-content>\n\t\t\t\t\t\t<sr7-slide id=\"SR7_27_1-35\" data-key=\"35\">\n\t\t\t\t\t\t\t<sr7-bg id=\"SR7_27_1-35-1\" class=\"sr7-layer\"><noscript><img decoding=\"async\" src=\"http:\/\/dulonmarine.com\/wp-content\/uploads\/2024\/10\/Dulon-Marine-Categories-Teak.jpg\" alt=\"\" title=\"Dulon Marine &#8211; Categories &#8211; Teak\"><\/noscript><\/sr7-bg>\n\t\t\t\t\t\t\t<sr7-txt id=\"SR7_27_1-35-0\" class=\"sr7-layer\"><span style=\"font-weight: 300 !important\"> TEAK CARE<\/span><\/sr7-txt>\n\t\t\t\t\t\t<\/sr7-slide>\n\t\t\t\t\t\t<sr7-slide id=\"SR7_27_1-75\" data-key=\"75\">\n\t\t\t\t\t\t<\/sr7-slide>\n\t\t\t\t\t<\/sr7-content>\n\t\t\t\t\t<image_lists style=\"display:none\">\n\t\t\t\t\t\t<img data-src=\"\/\/dulonmarine.com\/wp-content\/uploads\/2024\/10\/Dulon-Marine-Categories-Teak.jpg\" data-libid=\"9173\" data-lib=\"medialibrary\" title=\"Dulon Marine &#8211; Categories &#8211; Teak\" width=\"0\" height=\"0\" data-dbsrc=\"Ly9kdWxvbm1hcmluZS5jb20vd3AtY29udGVudC91cGxvYWRzLzIwMjQvMTAvRHVsb24tTWFyaW5lLUNhdGVnb3JpZXMtVGVhay5qcGc=\"\/>\n\t\t\t\t\t<\/image_lists>\n\t\t\t\t<\/sr7-module>\n\t\t\t\t<script>\n\t\t\t\t\twindow.SR7??={}; SR7.PMH ??={}; SR7.PMH[\"SR7_27_1\"] = {cn:100,state:false,fn: function() { if (window._tpt!==undefined && window._tpt.prepareModuleHeight !== undefined) {  _tpt.prepareModuleHeight({id:\"SR7_27_1\",el:[700,700,700,700,700],type:'standard',gh:[700,700,700,700,700],gw:[1240,1240,1240,1240,1240],vpt:['-200px'],size:{fullWidth:true, fullHeight:false},mh:'0',onh:0,onw:0,bg:{color:'{\"orig\":\"transparent\",\"type\":\"solid\",\"string\":\"transparent\"}'}});   SR7.PMH[\"SR7_27_1\"].state=true;} else if(SR7.PMH[\"SR7_27_1\"].cn-->0)\tsetTimeout( SR7.PMH[\"SR7_27_1\"].fn,19);}};SR7.PMH[\"SR7_27_1\" ].fn();\n\t\t\t\t<\/script>\n<\/div><\/div><\/div><\/div><div class=\"x-section e8404-e5 m6hg-0 m6hg-2\"><div class=\"x-row x-container max width e8404-e6 m6hg-3 m6hg-4 m6hg-6\"><div class=\"x-row-inner\"><div class=\"x-col e8404-e7 m6hg-7\"><div  class=\"x-raw-content\" ><div class=\"woocommerce columns-3 \"><ul class=\"products columns-3\">\n<li class=\"has-post-thumbnail product type-product post-7732 status-publish first instock product_cat-teak product_tag-23 purchasable product-type-variable\">\n\t<div class=\"entry-product\"><div class=\"entry-featured\"><a href=\"https:\/\/dulonmarine.com\/pl\/winkel\/teak\/sample-product\/dulon-teak-degreaser-41-deep-cleaner-degreaser\/\"><img loading=\"lazy\" decoding=\"async\" width=\"1200\" height=\"1200\" src=\"https:\/\/dulonmarine.com\/wp-content\/uploads\/2020\/08\/41-Dulon-Marine-Teak-Degreaser.jpg\" class=\"attachment-woocommerce_thumbnail size-woocommerce_thumbnail wp-post-image\" alt=\"\" srcset=\"https:\/\/dulonmarine.com\/wp-content\/uploads\/2020\/08\/41-Dulon-Marine-Teak-Degreaser.jpg 1200w, https:\/\/dulonmarine.com\/wp-content\/uploads\/2020\/08\/41-Dulon-Marine-Teak-Degreaser-300x300.jpg 300w, https:\/\/dulonmarine.com\/wp-content\/uploads\/2020\/08\/41-Dulon-Marine-Teak-Degreaser-1024x1024.jpg 1024w, https:\/\/dulonmarine.com\/wp-content\/uploads\/2020\/08\/41-Dulon-Marine-Teak-Degreaser-150x150.jpg 150w, https:\/\/dulonmarine.com\/wp-content\/uploads\/2020\/08\/41-Dulon-Marine-Teak-Degreaser-768x768.jpg 768w, https:\/\/dulonmarine.com\/wp-content\/uploads\/2020\/08\/41-Dulon-Marine-Teak-Degreaser-12x12.jpg 12w, https:\/\/dulonmarine.com\/wp-content\/uploads\/2020\/08\/41-Dulon-Marine-Teak-Degreaser-100x100.jpg 100w, https:\/\/dulonmarine.com\/wp-content\/uploads\/2020\/08\/41-Dulon-Marine-Teak-Degreaser-1031x1031.jpg 1031w\" sizes=\"auto, (max-width: 1200px) 100vw, 1200px\" \/><\/a><\/div><div class=\"entry-wrap\"><header class=\"entry-header\"><h3><a href=\"https:\/\/dulonmarine.com\/pl\/winkel\/teak\/sample-product\/dulon-teak-degreaser-41-deep-cleaner-degreaser\/\">Dulon Teak Degreaser 41 &#8211; Deep cleaner &#038; Degreaser<\/a><\/h3>\n\t<span class=\"price\"><span class=\"woocommerce-Price-amount amount\" aria-hidden=\"true\"><bdi><span class=\"woocommerce-Price-currencySymbol\">&euro;<\/span>13.89<\/bdi><\/span> <span aria-hidden=\"true\">-<\/span> <span class=\"woocommerce-Price-amount amount\" aria-hidden=\"true\"><bdi><span class=\"woocommerce-Price-currencySymbol\">&euro;<\/span>153.57<\/bdi><\/span><span class=\"screen-reader-text\">Zakres cen: od &euro;13.89 do &euro;153.57<\/span><\/span>\n<a href=\"https:\/\/dulonmarine.com\/pl\/winkel\/teak\/sample-product\/dulon-teak-degreaser-41-deep-cleaner-degreaser\/\" aria-describedby=\"woocommerce_loop_add_to_cart_link_describedby_7732\" data-quantity=\"1\" class=\"button product_type_variable add_to_cart_button\" data-product_id=\"7732\" data-product_sku=\"6-41\" aria-label=\"Wybierz opcje dla &bdquo;Dulon Teak Degreaser 41 - Deep cleaner &amp; Degreaser&rdquo;\" rel=\"nofollow\">Wybierz opcje<\/a>\t<span id=\"woocommerce_loop_add_to_cart_link_describedby_7732\" class=\"screen-reader-text\">\n\t\tTen produkt ma wiele wariant\u00f3w. Opcje mo\u017cna wybra\u0107 na stronie produktu\t<\/span>\n<\/header><\/div><\/div><\/li>\n<li class=\"has-post-thumbnail product type-product post-7736 status-publish instock product_cat-teak product_tag-27 purchasable product-type-variable\">\n\t<div class=\"entry-product\"><div class=\"entry-featured\"><a href=\"https:\/\/dulonmarine.com\/pl\/winkel\/teak\/sample-product\/dulon-teak-clean-brightener-21-color-restorer-cleaner\/\"><img loading=\"lazy\" decoding=\"async\" width=\"1200\" height=\"1200\" src=\"https:\/\/dulonmarine.com\/wp-content\/uploads\/2020\/08\/42-Dulon-Marine-Teak-Clean-Brightener.jpg\" class=\"attachment-woocommerce_thumbnail size-woocommerce_thumbnail wp-post-image\" alt=\"\" srcset=\"https:\/\/dulonmarine.com\/wp-content\/uploads\/2020\/08\/42-Dulon-Marine-Teak-Clean-Brightener.jpg 1200w, https:\/\/dulonmarine.com\/wp-content\/uploads\/2020\/08\/42-Dulon-Marine-Teak-Clean-Brightener-300x300.jpg 300w, https:\/\/dulonmarine.com\/wp-content\/uploads\/2020\/08\/42-Dulon-Marine-Teak-Clean-Brightener-1024x1024.jpg 1024w, https:\/\/dulonmarine.com\/wp-content\/uploads\/2020\/08\/42-Dulon-Marine-Teak-Clean-Brightener-150x150.jpg 150w, https:\/\/dulonmarine.com\/wp-content\/uploads\/2020\/08\/42-Dulon-Marine-Teak-Clean-Brightener-768x768.jpg 768w, https:\/\/dulonmarine.com\/wp-content\/uploads\/2020\/08\/42-Dulon-Marine-Teak-Clean-Brightener-12x12.jpg 12w, https:\/\/dulonmarine.com\/wp-content\/uploads\/2020\/08\/42-Dulon-Marine-Teak-Clean-Brightener-100x100.jpg 100w, https:\/\/dulonmarine.com\/wp-content\/uploads\/2020\/08\/42-Dulon-Marine-Teak-Clean-Brightener-1031x1031.jpg 1031w\" sizes=\"auto, (max-width: 1200px) 100vw, 1200px\" \/><\/a><\/div><div class=\"entry-wrap\"><header class=\"entry-header\"><h3><a href=\"https:\/\/dulonmarine.com\/pl\/winkel\/teak\/sample-product\/dulon-teak-clean-brightener-21-color-restorer-cleaner\/\">Dulon Teak Clean &#038; Brightener 42 &#8211; Color restorer &#038; cleaner<\/a><\/h3>\n\t<span class=\"price\"><span class=\"woocommerce-Price-amount amount\" aria-hidden=\"true\"><bdi><span class=\"woocommerce-Price-currencySymbol\">&euro;<\/span>13.89<\/bdi><\/span> <span aria-hidden=\"true\">-<\/span> <span class=\"woocommerce-Price-amount amount\" aria-hidden=\"true\"><bdi><span class=\"woocommerce-Price-currencySymbol\">&euro;<\/span>153.57<\/bdi><\/span><span class=\"screen-reader-text\">Zakres cen: od &euro;13.89 do &euro;153.57<\/span><\/span>\n<a href=\"https:\/\/dulonmarine.com\/pl\/winkel\/teak\/sample-product\/dulon-teak-clean-brightener-21-color-restorer-cleaner\/\" aria-describedby=\"woocommerce_loop_add_to_cart_link_describedby_7736\" data-quantity=\"1\" class=\"button product_type_variable add_to_cart_button\" data-product_id=\"7736\" data-product_sku=\"6-42\" aria-label=\"Wybierz opcje dla &bdquo;Dulon Teak Clean &amp; Brightener 42 - Color restorer &amp; cleaner&rdquo;\" rel=\"nofollow\">Wybierz opcje<\/a>\t<span id=\"woocommerce_loop_add_to_cart_link_describedby_7736\" class=\"screen-reader-text\">\n\t\tTen produkt ma wiele wariant\u00f3w. Opcje mo\u017cna wybra\u0107 na stronie produktu\t<\/span>\n<\/header><\/div><\/div><\/li>\n<li class=\"has-post-thumbnail product type-product post-7740 status-publish last instock product_cat-teak product_tag-35 purchasable product-type-variable\">\n\t<div class=\"entry-product\"><div class=\"entry-featured\"><a href=\"https:\/\/dulonmarine.com\/pl\/winkel\/teak\/sample-product\/dulon-teak-protector-43-impregnator-uv-blocker\/\"><img loading=\"lazy\" decoding=\"async\" width=\"1200\" height=\"1200\" src=\"https:\/\/dulonmarine.com\/wp-content\/uploads\/2020\/08\/43-Dulon-Marine-Teak-Protector.jpg\" class=\"attachment-woocommerce_thumbnail size-woocommerce_thumbnail wp-post-image\" alt=\"\" srcset=\"https:\/\/dulonmarine.com\/wp-content\/uploads\/2020\/08\/43-Dulon-Marine-Teak-Protector.jpg 1200w, https:\/\/dulonmarine.com\/wp-content\/uploads\/2020\/08\/43-Dulon-Marine-Teak-Protector-300x300.jpg 300w, https:\/\/dulonmarine.com\/wp-content\/uploads\/2020\/08\/43-Dulon-Marine-Teak-Protector-1024x1024.jpg 1024w, https:\/\/dulonmarine.com\/wp-content\/uploads\/2020\/08\/43-Dulon-Marine-Teak-Protector-150x150.jpg 150w, https:\/\/dulonmarine.com\/wp-content\/uploads\/2020\/08\/43-Dulon-Marine-Teak-Protector-768x768.jpg 768w, https:\/\/dulonmarine.com\/wp-content\/uploads\/2020\/08\/43-Dulon-Marine-Teak-Protector-12x12.jpg 12w, https:\/\/dulonmarine.com\/wp-content\/uploads\/2020\/08\/43-Dulon-Marine-Teak-Protector-100x100.jpg 100w, https:\/\/dulonmarine.com\/wp-content\/uploads\/2020\/08\/43-Dulon-Marine-Teak-Protector-1031x1031.jpg 1031w\" sizes=\"auto, (max-width: 1200px) 100vw, 1200px\" \/><\/a><\/div><div class=\"entry-wrap\"><header class=\"entry-header\"><h3><a href=\"https:\/\/dulonmarine.com\/pl\/winkel\/teak\/sample-product\/dulon-teak-protector-43-impregnator-uv-blocker\/\">Dulon Teak Protector 43 &#8211; impregnator &#038; UV-blocker<\/a><\/h3>\n\t<span class=\"price\"><span class=\"woocommerce-Price-amount amount\" aria-hidden=\"true\"><bdi><span class=\"woocommerce-Price-currencySymbol\">&euro;<\/span>31.54<\/bdi><\/span> <span aria-hidden=\"true\">-<\/span> <span class=\"woocommerce-Price-amount amount\" aria-hidden=\"true\"><bdi><span class=\"woocommerce-Price-currencySymbol\">&euro;<\/span>1,166.71<\/bdi><\/span><span class=\"screen-reader-text\">Zakres cen: od &euro;31.54 do &euro;1,166.71<\/span><\/span>\n<a href=\"https:\/\/dulonmarine.com\/pl\/winkel\/teak\/sample-product\/dulon-teak-protector-43-impregnator-uv-blocker\/\" aria-describedby=\"woocommerce_loop_add_to_cart_link_describedby_7740\" data-quantity=\"1\" class=\"button product_type_variable add_to_cart_button\" data-product_id=\"7740\" data-product_sku=\"6-43\" aria-label=\"Wybierz opcje dla &bdquo;Dulon Teak Protector 43 - impregnator &amp; UV-blocker&rdquo;\" rel=\"nofollow\">Wybierz opcje<\/a>\t<span id=\"woocommerce_loop_add_to_cart_link_describedby_7740\" class=\"screen-reader-text\">\n\t\tTen produkt ma wiele wariant\u00f3w. Opcje mo\u017cna wybra\u0107 na stronie produktu\t<\/span>\n<\/header><\/div><\/div><\/li>\n<li class=\"has-post-thumbnail product type-product post-8346 status-publish first instock product_cat-teak product_tag-275 purchasable product-type-variable\">\n\t<div class=\"entry-product\"><div class=\"entry-featured\"><a href=\"https:\/\/dulonmarine.com\/pl\/winkel\/teak\/sample-product\/dulon-synthetic-teak-cleaner-46-for-all-synthetic-teak\/\"><img loading=\"lazy\" decoding=\"async\" width=\"1200\" height=\"1200\" src=\"https:\/\/dulonmarine.com\/wp-content\/uploads\/2022\/06\/46-Dulon-Marine-Synthetic-Teak-Cleaner.jpg\" class=\"attachment-woocommerce_thumbnail size-woocommerce_thumbnail wp-post-image\" alt=\"\" srcset=\"https:\/\/dulonmarine.com\/wp-content\/uploads\/2022\/06\/46-Dulon-Marine-Synthetic-Teak-Cleaner.jpg 1200w, https:\/\/dulonmarine.com\/wp-content\/uploads\/2022\/06\/46-Dulon-Marine-Synthetic-Teak-Cleaner-300x300.jpg 300w, https:\/\/dulonmarine.com\/wp-content\/uploads\/2022\/06\/46-Dulon-Marine-Synthetic-Teak-Cleaner-1024x1024.jpg 1024w, https:\/\/dulonmarine.com\/wp-content\/uploads\/2022\/06\/46-Dulon-Marine-Synthetic-Teak-Cleaner-150x150.jpg 150w, https:\/\/dulonmarine.com\/wp-content\/uploads\/2022\/06\/46-Dulon-Marine-Synthetic-Teak-Cleaner-768x768.jpg 768w, https:\/\/dulonmarine.com\/wp-content\/uploads\/2022\/06\/46-Dulon-Marine-Synthetic-Teak-Cleaner-12x12.jpg 12w, https:\/\/dulonmarine.com\/wp-content\/uploads\/2022\/06\/46-Dulon-Marine-Synthetic-Teak-Cleaner-100x100.jpg 100w, https:\/\/dulonmarine.com\/wp-content\/uploads\/2022\/06\/46-Dulon-Marine-Synthetic-Teak-Cleaner-1031x1031.jpg 1031w\" sizes=\"auto, (max-width: 1200px) 100vw, 1200px\" \/><\/a><\/div><div class=\"entry-wrap\"><header class=\"entry-header\"><h3><a href=\"https:\/\/dulonmarine.com\/pl\/winkel\/teak\/sample-product\/dulon-synthetic-teak-cleaner-46-for-all-synthetic-teak\/\">Dulon Synthetic Teak Cleaner 46 &#8211; For All Synthetic Teak<\/a><\/h3>\n\t<span class=\"price\"><span class=\"woocommerce-Price-amount amount\" aria-hidden=\"true\"><bdi><span class=\"woocommerce-Price-currencySymbol\">&euro;<\/span>15.50<\/bdi><\/span> <span aria-hidden=\"true\">-<\/span> <span class=\"woocommerce-Price-amount amount\" aria-hidden=\"true\"><bdi><span class=\"woocommerce-Price-currencySymbol\">&euro;<\/span>189.87<\/bdi><\/span><span class=\"screen-reader-text\">Zakres cen: od &euro;15.50 do &euro;189.87<\/span><\/span>\n<a href=\"https:\/\/dulonmarine.com\/pl\/winkel\/teak\/sample-product\/dulon-synthetic-teak-cleaner-46-for-all-synthetic-teak\/\" aria-describedby=\"woocommerce_loop_add_to_cart_link_describedby_8346\" data-quantity=\"1\" class=\"button product_type_variable add_to_cart_button\" data-product_id=\"8346\" data-product_sku=\"6-46\" aria-label=\"Wybierz opcje dla &bdquo;Dulon Synthetic Teak Cleaner 46 - For All Synthetic Teak&rdquo;\" rel=\"nofollow\">Wybierz opcje<\/a>\t<span id=\"woocommerce_loop_add_to_cart_link_describedby_8346\" class=\"screen-reader-text\">\n\t\tTen produkt ma wiele wariant\u00f3w. Opcje mo\u017cna wybra\u0107 na stronie produktu\t<\/span>\n<\/header><\/div><\/div><\/li>\n<\/ul>\n<\/div><\/div><\/div><\/div><\/div><\/div><\/div>\n","protected":false},"excerpt":{"rendered":"<p>TEAK CARE Dulon Odt\u0142uszczacz do drewna tekowego 41 - \u015arodek do gruntownego czyszczenia i odt\u0142uszczania &euro;13.89 &#8211; &euro;153.57Zakres cen: od &euro;13.89 do &euro;153.57 Wybierz opcje Ten produkt ma wiele wariant\u00f3w. Opcje mo\u017cna wybra\u0107 na stronie produktu Dulon Teak Clean &amp; Brightener 42 - \u015arodek przywracaj\u0105cy kolor i czyszcz\u0105cy &euro;13.89 &#8211; &euro;153.57Zakres cen: od &euro;13.89 do &euro;153.57 Wybierz opcje &#8230; <a href=\"https:\/\/dulonmarine.com\/pl\/dulon-marine-categorieen\/teak-care\/\" class=\"more-link\">Read More<\/a><\/p>","protected":false},"author":11,"featured_media":0,"parent":8442,"menu_order":0,"comment_status":"closed","ping_status":"closed","template":"template-blank-4.php","meta":{"_acf_changed":false,"om_disable_all_campaigns":false,"rs_blank_template":"","rs_page_bg_color":"","slide_template_v7":"","inline_featured_image":false,"_monsterinsights_skip_tracking":false,"_monsterinsights_sitenote_active":false,"_monsterinsights_sitenote_note":"","_monsterinsights_sitenote_category":0,"footnotes":""},"class_list":["post-8404","page","type-page","status-publish","hentry","no-post-thumbnail"],"acf":[],"yoast_head":"<!-- This site is optimized with the Yoast SEO plugin v27.3 - https:\/\/yoast.com\/product\/yoast-seo-wordpress\/ -->\n<title>Teak Care - Dulon Marine<\/title>\n<meta name=\"robots\" content=\"index, follow, max-snippet:-1, max-image-preview:large, max-video-preview:-1\" \/>\n<link rel=\"canonical\" href=\"https:\/\/dulonmarine.com\/pl\/kategorie-dulon-marine\/pielegnacja-drewna-tekowego\/\" \/>\n<meta property=\"og:locale\" content=\"pl_PL\" \/>\n<meta property=\"og:type\" content=\"article\" \/>\n<meta property=\"og:title\" content=\"Teak Care - Dulon Marine\" \/>\n<meta property=\"og:description\" content=\"TEAK CARE Dulon Teak Degreaser 41 &#8211; Deep cleaner &#038; Degreaser &euro;13.89 - &euro;153.57Zakres cen: od &euro;13.89 do &euro;153.57 Wybierz opcje Ten produkt ma wiele wariant\u00f3w. Opcje mo\u017cna wybra\u0107 na stronie produktu Dulon Teak Clean &#038; Brightener 42 &#8211; Color restorer &#038; cleaner &euro;13.89 - &euro;153.57Zakres cen: od &euro;13.89 do &euro;153.57 Wybierz opcje ... Read More\" \/>\n<meta property=\"og:url\" content=\"https:\/\/dulonmarine.com\/pl\/kategorie-dulon-marine\/pielegnacja-drewna-tekowego\/\" \/>\n<meta property=\"og:site_name\" content=\"Dulon Marine\" \/>\n<meta property=\"article:publisher\" content=\"https:\/\/www.facebook.com\/dulonmarine?locale=nl_NL\" \/>\n<meta property=\"article:modified_time\" content=\"2025-11-12T11:42:16+00:00\" \/>\n<meta name=\"twitter:card\" content=\"summary_large_image\" \/>\n<meta name=\"twitter:label1\" content=\"Szacowany czas czytania\" \/>\n\t<meta name=\"twitter:data1\" content=\"4 minuty\" \/>\n<script type=\"application\/ld+json\" class=\"yoast-schema-graph\">{\"@context\":\"https:\\\/\\\/schema.org\",\"@graph\":[{\"@type\":\"WebPage\",\"@id\":\"https:\\\/\\\/dulonmarine.com\\\/dulon-marine-categorieen\\\/teak-care\\\/\",\"url\":\"https:\\\/\\\/dulonmarine.com\\\/dulon-marine-categorieen\\\/teak-care\\\/\",\"name\":\"Teak Care - Dulon Marine\",\"isPartOf\":{\"@id\":\"https:\\\/\\\/dulonmarine.com\\\/pt\\\/#website\"},\"datePublished\":\"2023-02-06T15:14:55+00:00\",\"dateModified\":\"2025-11-12T11:42:16+00:00\",\"breadcrumb\":{\"@id\":\"https:\\\/\\\/dulonmarine.com\\\/dulon-marine-categorieen\\\/teak-care\\\/#breadcrumb\"},\"inLanguage\":\"pl-PL\",\"potentialAction\":[{\"@type\":\"ReadAction\",\"target\":[\"https:\\\/\\\/dulonmarine.com\\\/dulon-marine-categorieen\\\/teak-care\\\/\"]}]},{\"@type\":\"BreadcrumbList\",\"@id\":\"https:\\\/\\\/dulonmarine.com\\\/dulon-marine-categorieen\\\/teak-care\\\/#breadcrumb\",\"itemListElement\":[{\"@type\":\"ListItem\",\"position\":1,\"name\":\"Home\",\"item\":\"https:\\\/\\\/dulonmarine.com\\\/\"},{\"@type\":\"ListItem\",\"position\":2,\"name\":\"Dulon Marine Categorie\u00ebn\",\"item\":\"https:\\\/\\\/dulonmarine.com\\\/dulon-marine-categorieen\\\/\"},{\"@type\":\"ListItem\",\"position\":3,\"name\":\"Teak Care\"}]},{\"@type\":\"WebSite\",\"@id\":\"https:\\\/\\\/dulonmarine.com\\\/pt\\\/#website\",\"url\":\"https:\\\/\\\/dulonmarine.com\\\/pt\\\/\",\"name\":\"Dulon Marine\",\"description\":\"Onderhoudsproducten voor de scheepvaart\",\"publisher\":{\"@id\":\"https:\\\/\\\/dulonmarine.com\\\/pt\\\/#organization\"},\"potentialAction\":[{\"@type\":\"SearchAction\",\"target\":{\"@type\":\"EntryPoint\",\"urlTemplate\":\"https:\\\/\\\/dulonmarine.com\\\/pt\\\/?s={search_term_string}\"},\"query-input\":{\"@type\":\"PropertyValueSpecification\",\"valueRequired\":true,\"valueName\":\"search_term_string\"}}],\"inLanguage\":\"pl-PL\"},{\"@type\":\"Organization\",\"@id\":\"https:\\\/\\\/dulonmarine.com\\\/pt\\\/#organization\",\"name\":\"Dulon Marine Deckmate Group\",\"url\":\"https:\\\/\\\/dulonmarine.com\\\/pt\\\/\",\"logo\":{\"@type\":\"ImageObject\",\"inLanguage\":\"pl-PL\",\"@id\":\"https:\\\/\\\/dulonmarine.com\\\/pt\\\/#\\\/schema\\\/logo\\\/image\\\/\",\"url\":\"http:\\\/\\\/dulonmarine.com\\\/wp-content\\\/uploads\\\/2023\\\/02\\\/Dulon-Marine-Deckmate-Group-logo-small.png\",\"contentUrl\":\"http:\\\/\\\/dulonmarine.com\\\/wp-content\\\/uploads\\\/2023\\\/02\\\/Dulon-Marine-Deckmate-Group-logo-small.png\",\"width\":350,\"height\":150,\"caption\":\"Dulon Marine Deckmate Group\"},\"image\":{\"@id\":\"https:\\\/\\\/dulonmarine.com\\\/pt\\\/#\\\/schema\\\/logo\\\/image\\\/\"},\"sameAs\":[\"https:\\\/\\\/www.facebook.com\\\/dulonmarine?locale=nl_NL\",\"https:\\\/\\\/www.instagram.com\\\/dulonmarinegroup\\\/\"]}]}<\/script>\n<!-- \/ Yoast SEO plugin. -->","yoast_head_json":{"title":"Teak Care - Dulon Marine","robots":{"index":"index","follow":"follow","max-snippet":"max-snippet:-1","max-image-preview":"max-image-preview:large","max-video-preview":"max-video-preview:-1"},"canonical":"https:\/\/dulonmarine.com\/pl\/kategorie-dulon-marine\/pielegnacja-drewna-tekowego\/","og_locale":"pl_PL","og_type":"article","og_title":"Teak Care - Dulon Marine","og_description":"TEAK CARE Dulon Teak Degreaser 41 &#8211; Deep cleaner &#038; Degreaser &euro;13.89 - &euro;153.57Zakres cen: od &euro;13.89 do &euro;153.57 Wybierz opcje Ten produkt ma wiele wariant\u00f3w. Opcje mo\u017cna wybra\u0107 na stronie produktu Dulon Teak Clean &#038; Brightener 42 &#8211; Color restorer &#038; cleaner &euro;13.89 - &euro;153.57Zakres cen: od &euro;13.89 do &euro;153.57 Wybierz opcje ... Read More","og_url":"https:\/\/dulonmarine.com\/pl\/kategorie-dulon-marine\/pielegnacja-drewna-tekowego\/","og_site_name":"Dulon Marine","article_publisher":"https:\/\/www.facebook.com\/dulonmarine?locale=nl_NL","article_modified_time":"2025-11-12T11:42:16+00:00","twitter_card":"summary_large_image","twitter_misc":{"Szacowany czas czytania":"4 minuty"},"schema":{"@context":"https:\/\/schema.org","@graph":[{"@type":"WebPage","@id":"https:\/\/dulonmarine.com\/dulon-marine-categorieen\/teak-care\/","url":"https:\/\/dulonmarine.com\/dulon-marine-categorieen\/teak-care\/","name":"Teak Care - Dulon Marine","isPartOf":{"@id":"https:\/\/dulonmarine.com\/pt\/#website"},"datePublished":"2023-02-06T15:14:55+00:00","dateModified":"2025-11-12T11:42:16+00:00","breadcrumb":{"@id":"https:\/\/dulonmarine.com\/dulon-marine-categorieen\/teak-care\/#breadcrumb"},"inLanguage":"pl-PL","potentialAction":[{"@type":"ReadAction","target":["https:\/\/dulonmarine.com\/dulon-marine-categorieen\/teak-care\/"]}]},{"@type":"BreadcrumbList","@id":"https:\/\/dulonmarine.com\/dulon-marine-categorieen\/teak-care\/#breadcrumb","itemListElement":[{"@type":"ListItem","position":1,"name":"Home","item":"https:\/\/dulonmarine.com\/"},{"@type":"ListItem","position":2,"name":"Dulon Marine Categorie\u00ebn","item":"https:\/\/dulonmarine.com\/dulon-marine-categorieen\/"},{"@type":"ListItem","position":3,"name":"Teak Care"}]},{"@type":"WebSite","@id":"https:\/\/dulonmarine.com\/pt\/#website","url":"https:\/\/dulonmarine.com\/pt\/","name":"Dulon Marine","description":"Inne produkty do zastosowa\u0144 przemys\u0142owych","publisher":{"@id":"https:\/\/dulonmarine.com\/pt\/#organization"},"potentialAction":[{"@type":"SearchAction","target":{"@type":"EntryPoint","urlTemplate":"https:\/\/dulonmarine.com\/pt\/?s={search_term_string}"},"query-input":{"@type":"PropertyValueSpecification","valueRequired":true,"valueName":"search_term_string"}}],"inLanguage":"pl-PL"},{"@type":"Organization","@id":"https:\/\/dulonmarine.com\/pt\/#organization","name":"Dulon Marine Deckmate Group","url":"https:\/\/dulonmarine.com\/pt\/","logo":{"@type":"ImageObject","inLanguage":"pl-PL","@id":"https:\/\/dulonmarine.com\/pt\/#\/schema\/logo\/image\/","url":"http:\/\/dulonmarine.com\/wp-content\/uploads\/2023\/02\/Dulon-Marine-Deckmate-Group-logo-small.png","contentUrl":"http:\/\/dulonmarine.com\/wp-content\/uploads\/2023\/02\/Dulon-Marine-Deckmate-Group-logo-small.png","width":350,"height":150,"caption":"Dulon Marine Deckmate Group"},"image":{"@id":"https:\/\/dulonmarine.com\/pt\/#\/schema\/logo\/image\/"},"sameAs":["https:\/\/www.facebook.com\/dulonmarine?locale=nl_NL","https:\/\/www.instagram.com\/dulonmarinegroup\/"]}]}},"_links":{"self":[{"href":"https:\/\/dulonmarine.com\/pl\/wp-json\/wp\/v2\/pages\/8404","targetHints":{"allow":["GET"]}}],"collection":[{"href":"https:\/\/dulonmarine.com\/pl\/wp-json\/wp\/v2\/pages"}],"about":[{"href":"https:\/\/dulonmarine.com\/pl\/wp-json\/wp\/v2\/types\/page"}],"author":[{"embeddable":true,"href":"https:\/\/dulonmarine.com\/pl\/wp-json\/wp\/v2\/users\/11"}],"replies":[{"embeddable":true,"href":"https:\/\/dulonmarine.com\/pl\/wp-json\/wp\/v2\/comments?post=8404"}],"version-history":[{"count":1,"href":"https:\/\/dulonmarine.com\/pl\/wp-json\/wp\/v2\/pages\/8404\/revisions"}],"predecessor-version":[{"id":9942,"href":"https:\/\/dulonmarine.com\/pl\/wp-json\/wp\/v2\/pages\/8404\/revisions\/9942"}],"up":[{"embeddable":true,"href":"https:\/\/dulonmarine.com\/pl\/wp-json\/wp\/v2\/pages\/8442"}],"wp:attachment":[{"href":"https:\/\/dulonmarine.com\/pl\/wp-json\/wp\/v2\/media?parent=8404"}],"curies":[{"name":"wp","href":"https:\/\/api.w.org\/{rel}","templated":true}]}}