{"id":9486,"date":"2024-10-30T15:35:10","date_gmt":"2024-10-30T14:35:10","guid":{"rendered":"http:\/\/dulonmarine.com\/?page_id=9486"},"modified":"2024-10-31T13:41:28","modified_gmt":"2024-10-31T12:41:28","slug":"syntetyczne-szczegoly","status":"publish","type":"page","link":"https:\/\/dulonmarine.com\/pl\/synthetic-details\/","title":{"rendered":"Syntetyczny - szczeg\u00f3\u0142y"},"content":{"rendered":"<div id=\"cs-content\" class=\"cs-content\"><div class=\"x-section e9486-e1 m7bi-0 m7bi-1 m7bi-2 m7bi-3\"><div class=\"x-bg\" aria-hidden=\"true\"><div class=\"x-bg-layer-lower-image\"><\/div><\/div><div class=\"x-row x-container max width e9486-e2 m7bi-6 m7bi-7 m7bi-b m7bi-c\"><div class=\"x-row-inner\"><div class=\"x-col e9486-e3 m7bi-i m7bi-j m7bi-k m7bi-l\"><h1  class=\"h-custom-headline h1\" style=\"color: hsl(0, 0%, 100%);margin-top:10px; padding-left:20px; margin-bottom:5px;\"><span>Piel\u0119gnacja syntetyczna<\/span><\/h1><\/div><div class=\"x-col x-hide-sm x-hide-xs e9486-e5 m7bi-i m7bi-k m7bi-l\"><hr  class=\"x-gap\" style=\"margin: 1px 0 0 0;\"><\/div><\/div><\/div><div class=\"x-row x-container max width e9486-e7 m7bi-6 m7bi-7 m7bi-b m7bi-d\"><div class=\"x-row-inner\"><div class=\"x-col e9486-e8 m7bi-i m7bi-k m7bi-m\"><div id=\"\" class=\"x-text\" style=\"color:#fff;  margin-top:0px; margin-left:20px;\" ><p>PRZEZ DULON MARINE<\/p>\n<\/div><\/div><div class=\"x-col e9486-e10 m7bi-i m7bi-k m7bi-l\"><hr  class=\"x-gap\" style=\"margin: 1px 0 0 0;\"><\/div><\/div><\/div><div class=\"x-row x-container max width e9486-e12 m7bi-6 m7bi-8 m7bi-e m7bi-f\"><div class=\"x-row-inner\"><div class=\"x-col e9486-e13 m7bi-i m7bi-l m7bi-n m7bi-o\"><a class=\"x-anchor x-anchor-button e9486-e14 m7bi-q\" tabindex=\"0\" href=\"http:\/\/dulonmarine.com\/pl\/kategorie-dulon-marine\/pielegnacja-syntetyczna\/\"><div class=\"x-anchor-content\"><div class=\"x-anchor-text\"><span class=\"x-anchor-text-primary\">Wszystkie syntetyczne produkty do piel\u0119gnacji<\/span><\/div><\/div><\/a><\/div><\/div><\/div><\/div><div class=\"x-section e9486-e15 m7bi-0 m7bi-1 m7bi-4\"><div class=\"x-row e9486-e16 m7bi-6 m7bi-9 m7bi-g\"><div class=\"x-row-inner\"><div class=\"x-col e9486-e17 m7bi-i m7bi-l m7bi-o m7bi-p\"><div class=\"x-bg\" aria-hidden=\"true\"><div class=\"x-bg-layer-lower-image\" data-x-element-bg-layer=\"{&quot;parallaxSize&quot;:&quot;150%&quot;,&quot;parallaxDir&quot;:&quot;v&quot;,&quot;parallaxRev&quot;:false}\"><\/div><\/div><a class=\"x-anchor x-anchor-button e9486-e18 m7bi-q\" tabindex=\"0\" href=\"http:\/\/dulonmarine.com\/pl\/winkel\/syntetyczny\/przykladowy-produkt\/dulon-rib-fender-clean-70-cleaner-color-restorer\/\"><div class=\"x-anchor-content\"><div class=\"x-anchor-text\"><span class=\"x-anchor-text-primary\">Czyszczenie \u017ceber i b\u0142otnik\u00f3w<\/span><\/div><\/div><\/a><\/div><\/div><\/div><\/div><div class=\"x-section e9486-e19 m7bi-0 m7bi-3 m7bi-5\"><div class=\"x-bg\" aria-hidden=\"true\"><div class=\"x-bg-layer-lower-image\" data-x-element-bg-layer=\"{&quot;parallaxSize&quot;:&quot;150%&quot;,&quot;parallaxDir&quot;:&quot;v&quot;,&quot;parallaxRev&quot;:false}\"><\/div><\/div><div class=\"x-row x-container max width e9486-e20 m7bi-6 m7bi-8 m7bi-a m7bi-e m7bi-h\"><div class=\"x-row-inner\"><div class=\"x-col e9486-e21 m7bi-i m7bi-l m7bi-n m7bi-o\"><h2  class=\"h-custom-headline h1\" style=\"color: hsl(0, 0%, 100%);margin-top:0px; text-shadow: 2px 2px 22px  hsla(0, 0%, 0%, 0.5);\"><span>SPRAWD\u0179 NASZE SYNTETYCZNE PRODUKTY PIEL\u0118GNACYJNE<\/span><\/h2><a class=\"x-anchor x-anchor-button e9486-e23 m7bi-q\" tabindex=\"0\" href=\"http:\/\/dulonmarine.com\/pl\/kategorie-dulon-marine\/pielegnacja-syntetyczna\/\"><div class=\"x-anchor-content\"><div class=\"x-anchor-text\"><span class=\"x-anchor-text-primary\">Wszystkie syntetyczne produkty do piel\u0119gnacji<\/span><\/div><\/div><\/a><\/div><\/div><\/div><\/div><\/div>","protected":false},"excerpt":{"rendered":"<p>Syntetyczne produkty do piel\u0119gnacjiBY DULON MARINE Wszystkie syntetyczne produkty do piel\u0119gnacjiRib &amp; fender cleanCHECK OUT OUR SYNTHETHIC CARE PRODUCTSWszystkie syntetyczne produkty do piel\u0119gnacji<\/p>","protected":false},"author":11,"featured_media":0,"parent":0,"menu_order":0,"comment_status":"closed","ping_status":"closed","template":"template-blank-4.php","meta":{"_acf_changed":false,"om_disable_all_campaigns":false,"rs_blank_template":"","rs_page_bg_color":"","slide_template_v7":"","inline_featured_image":false,"_monsterinsights_skip_tracking":false,"_monsterinsights_sitenote_active":false,"_monsterinsights_sitenote_note":"","_monsterinsights_sitenote_category":0,"footnotes":""},"class_list":["post-9486","page","type-page","status-publish","hentry","no-post-thumbnail"],"acf":[],"yoast_head":"<!-- This site is optimized with the Yoast SEO plugin v27.4 - https:\/\/yoast.com\/product\/yoast-seo-wordpress\/ -->\n<title>Synthetic - Details - Dulon Marine<\/title>\n<meta name=\"robots\" content=\"index, follow, max-snippet:-1, max-image-preview:large, max-video-preview:-1\" \/>\n<link rel=\"canonical\" href=\"https:\/\/dulonmarine.com\/pl\/syntetyczne-szczegoly\/\" \/>\n<meta property=\"og:locale\" content=\"pl_PL\" \/>\n<meta property=\"og:type\" content=\"article\" \/>\n<meta property=\"og:title\" content=\"Synthetic - Details - Dulon Marine\" \/>\n<meta property=\"og:description\" content=\"Synthetic careBY DULON MARINE All synthetic care productsRib &amp; fender cleanCHECK OUT OUR SYNTHETHIC CARE PRODUCTSAll synthetic care products\" \/>\n<meta property=\"og:url\" content=\"https:\/\/dulonmarine.com\/pl\/syntetyczne-szczegoly\/\" \/>\n<meta property=\"og:site_name\" content=\"Dulon Marine\" \/>\n<meta property=\"article:publisher\" content=\"https:\/\/www.facebook.com\/dulonmarine?locale=nl_NL\" \/>\n<meta property=\"article:modified_time\" content=\"2024-10-31T12:41:28+00:00\" \/>\n<meta name=\"twitter:card\" content=\"summary_large_image\" \/>\n<script type=\"application\/ld+json\" class=\"yoast-schema-graph\">{\"@context\":\"https:\\\/\\\/schema.org\",\"@graph\":[{\"@type\":\"WebPage\",\"@id\":\"https:\\\/\\\/dulonmarine.com\\\/synthetic-details\\\/\",\"url\":\"https:\\\/\\\/dulonmarine.com\\\/synthetic-details\\\/\",\"name\":\"Synthetic - Details - Dulon Marine\",\"isPartOf\":{\"@id\":\"https:\\\/\\\/dulonmarine.com\\\/pt\\\/#website\"},\"datePublished\":\"2024-10-30T14:35:10+00:00\",\"dateModified\":\"2024-10-31T12:41:28+00:00\",\"breadcrumb\":{\"@id\":\"https:\\\/\\\/dulonmarine.com\\\/synthetic-details\\\/#breadcrumb\"},\"inLanguage\":\"pl-PL\",\"potentialAction\":[{\"@type\":\"ReadAction\",\"target\":[\"https:\\\/\\\/dulonmarine.com\\\/synthetic-details\\\/\"]}]},{\"@type\":\"BreadcrumbList\",\"@id\":\"https:\\\/\\\/dulonmarine.com\\\/synthetic-details\\\/#breadcrumb\",\"itemListElement\":[{\"@type\":\"ListItem\",\"position\":1,\"name\":\"Home\",\"item\":\"https:\\\/\\\/dulonmarine.com\\\/\"},{\"@type\":\"ListItem\",\"position\":2,\"name\":\"Synthetic &#8211; Details\"}]},{\"@type\":\"WebSite\",\"@id\":\"https:\\\/\\\/dulonmarine.com\\\/pt\\\/#website\",\"url\":\"https:\\\/\\\/dulonmarine.com\\\/pt\\\/\",\"name\":\"Dulon Marine\",\"description\":\"Onderhoudsproducten voor de scheepvaart\",\"publisher\":{\"@id\":\"https:\\\/\\\/dulonmarine.com\\\/pt\\\/#organization\"},\"potentialAction\":[{\"@type\":\"SearchAction\",\"target\":{\"@type\":\"EntryPoint\",\"urlTemplate\":\"https:\\\/\\\/dulonmarine.com\\\/pt\\\/?s={search_term_string}\"},\"query-input\":{\"@type\":\"PropertyValueSpecification\",\"valueRequired\":true,\"valueName\":\"search_term_string\"}}],\"inLanguage\":\"pl-PL\"},{\"@type\":\"Organization\",\"@id\":\"https:\\\/\\\/dulonmarine.com\\\/pt\\\/#organization\",\"name\":\"Dulon Marine Deckmate Group\",\"url\":\"https:\\\/\\\/dulonmarine.com\\\/pt\\\/\",\"logo\":{\"@type\":\"ImageObject\",\"inLanguage\":\"pl-PL\",\"@id\":\"https:\\\/\\\/dulonmarine.com\\\/pt\\\/#\\\/schema\\\/logo\\\/image\\\/\",\"url\":\"http:\\\/\\\/dulonmarine.com\\\/wp-content\\\/uploads\\\/2023\\\/02\\\/Dulon-Marine-Deckmate-Group-logo-small.png\",\"contentUrl\":\"http:\\\/\\\/dulonmarine.com\\\/wp-content\\\/uploads\\\/2023\\\/02\\\/Dulon-Marine-Deckmate-Group-logo-small.png\",\"width\":350,\"height\":150,\"caption\":\"Dulon Marine Deckmate Group\"},\"image\":{\"@id\":\"https:\\\/\\\/dulonmarine.com\\\/pt\\\/#\\\/schema\\\/logo\\\/image\\\/\"},\"sameAs\":[\"https:\\\/\\\/www.facebook.com\\\/dulonmarine?locale=nl_NL\",\"https:\\\/\\\/www.instagram.com\\\/dulonmarinegroup\\\/\"]}]}<\/script>\n<!-- \/ Yoast SEO plugin. -->","yoast_head_json":{"title":"Syntetyczny - Szczeg\u00f3\u0142y - Dulon Marine","robots":{"index":"index","follow":"follow","max-snippet":"max-snippet:-1","max-image-preview":"max-image-preview:large","max-video-preview":"max-video-preview:-1"},"canonical":"https:\/\/dulonmarine.com\/pl\/syntetyczne-szczegoly\/","og_locale":"pl_PL","og_type":"article","og_title":"Synthetic - Details - Dulon Marine","og_description":"Synthetic careBY DULON MARINE All synthetic care productsRib &amp; fender cleanCHECK OUT OUR SYNTHETHIC CARE PRODUCTSAll synthetic care products","og_url":"https:\/\/dulonmarine.com\/pl\/syntetyczne-szczegoly\/","og_site_name":"Dulon Marine","article_publisher":"https:\/\/www.facebook.com\/dulonmarine?locale=nl_NL","article_modified_time":"2024-10-31T12:41:28+00:00","twitter_card":"summary_large_image","schema":{"@context":"https:\/\/schema.org","@graph":[{"@type":"WebPage","@id":"https:\/\/dulonmarine.com\/synthetic-details\/","url":"https:\/\/dulonmarine.com\/synthetic-details\/","name":"Syntetyczny - Szczeg\u00f3\u0142y - Dulon Marine","isPartOf":{"@id":"https:\/\/dulonmarine.com\/pt\/#website"},"datePublished":"2024-10-30T14:35:10+00:00","dateModified":"2024-10-31T12:41:28+00:00","breadcrumb":{"@id":"https:\/\/dulonmarine.com\/synthetic-details\/#breadcrumb"},"inLanguage":"pl-PL","potentialAction":[{"@type":"ReadAction","target":["https:\/\/dulonmarine.com\/synthetic-details\/"]}]},{"@type":"BreadcrumbList","@id":"https:\/\/dulonmarine.com\/synthetic-details\/#breadcrumb","itemListElement":[{"@type":"ListItem","position":1,"name":"Home","item":"https:\/\/dulonmarine.com\/"},{"@type":"ListItem","position":2,"name":"Synthetic &#8211; Details"}]},{"@type":"WebSite","@id":"https:\/\/dulonmarine.com\/pt\/#website","url":"https:\/\/dulonmarine.com\/pt\/","name":"Dulon Marine","description":"Inne produkty do zastosowa\u0144 przemys\u0142owych","publisher":{"@id":"https:\/\/dulonmarine.com\/pt\/#organization"},"potentialAction":[{"@type":"SearchAction","target":{"@type":"EntryPoint","urlTemplate":"https:\/\/dulonmarine.com\/pt\/?s={search_term_string}"},"query-input":{"@type":"PropertyValueSpecification","valueRequired":true,"valueName":"search_term_string"}}],"inLanguage":"pl-PL"},{"@type":"Organization","@id":"https:\/\/dulonmarine.com\/pt\/#organization","name":"Dulon Marine Deckmate Group","url":"https:\/\/dulonmarine.com\/pt\/","logo":{"@type":"ImageObject","inLanguage":"pl-PL","@id":"https:\/\/dulonmarine.com\/pt\/#\/schema\/logo\/image\/","url":"http:\/\/dulonmarine.com\/wp-content\/uploads\/2023\/02\/Dulon-Marine-Deckmate-Group-logo-small.png","contentUrl":"http:\/\/dulonmarine.com\/wp-content\/uploads\/2023\/02\/Dulon-Marine-Deckmate-Group-logo-small.png","width":350,"height":150,"caption":"Dulon Marine Deckmate Group"},"image":{"@id":"https:\/\/dulonmarine.com\/pt\/#\/schema\/logo\/image\/"},"sameAs":["https:\/\/www.facebook.com\/dulonmarine?locale=nl_NL","https:\/\/www.instagram.com\/dulonmarinegroup\/"]}]}},"_links":{"self":[{"href":"https:\/\/dulonmarine.com\/pl\/wp-json\/wp\/v2\/pages\/9486","targetHints":{"allow":["GET"]}}],"collection":[{"href":"https:\/\/dulonmarine.com\/pl\/wp-json\/wp\/v2\/pages"}],"about":[{"href":"https:\/\/dulonmarine.com\/pl\/wp-json\/wp\/v2\/types\/page"}],"author":[{"embeddable":true,"href":"https:\/\/dulonmarine.com\/pl\/wp-json\/wp\/v2\/users\/11"}],"replies":[{"embeddable":true,"href":"https:\/\/dulonmarine.com\/pl\/wp-json\/wp\/v2\/comments?post=9486"}],"version-history":[{"count":0,"href":"https:\/\/dulonmarine.com\/pl\/wp-json\/wp\/v2\/pages\/9486\/revisions"}],"wp:attachment":[{"href":"https:\/\/dulonmarine.com\/pl\/wp-json\/wp\/v2\/media?parent=9486"}],"curies":[{"name":"wp","href":"https:\/\/api.w.org\/{rel}","templated":true}]}}