{"id":8492,"date":"2023-02-08T10:40:01","date_gmt":"2023-02-08T09:40:01","guid":{"rendered":"http:\/\/dulonmarine.com\/?post_type=product&#038;p=8492"},"modified":"2025-10-23T15:38:12","modified_gmt":"2025-10-23T14:38:12","slug":"deckmate-dm310-elastyczna-lopatka-do-wody","status":"publish","type":"product","link":"https:\/\/dulonmarine.com\/pl\/winkel\/deckmate\/drying-products\/sample-product\/deckmate-dm310-flexible-water-blade\/","title":{"rendered":"Deckmate DM310 Elastyczna \u0142opatka do wody"},"content":{"rendered":"<p>Ta r\u0119czna \u0142opatka do wody o szeroko\u015bci 28 cm z linii produkt\u00f3w Deckmate jest wykonana z przezroczystego silikonu klasy medycznej i jest wyposa\u017cona w opatentowan\u0105 konstrukcj\u0119 w kszta\u0142cie litery V do \u015bci\u0105gania wody z prawie ka\u017cdej powierzchni.<\/p>\n<p>Korzy\u015bci:<\/p>\n<ul>\n<li>W rezultacie umyta \u0142\u00f3d\u017a lub samoch\u00f3d wysycha znacznie szybciej ni\u017c przy u\u017cyciu irchy.<\/li>\n<li>Mi\u0119kki silikon nie pozostawia zarysowa\u0144 ani nie powoduje uszkodze\u0144 po wyschni\u0119ciu.<\/li>\n<li>Doskonale nadaje si\u0119 r\u00f3wnie\u017c do u\u017cytku w domu do osuszania \u015bcian i drzwi prysznica.<\/li>\n<li>Po u\u017cyciu zaleca si\u0119 umycie ostrza w du\u017cej ilo\u015bci \u015bwie\u017cej wody i pozostawienie go do wyschni\u0119cia.<\/li>\n<\/ul>","protected":false},"excerpt":{"rendered":"<p>Ta r\u0119czna \u0142opatka do wody o szeroko\u015bci 28 cm z linii produkt\u00f3w Deckmate jest wykonana z przezroczystego silikonu klasy medycznej i jest wyposa\u017cona w opatentowan\u0105 konstrukcj\u0119 w kszta\u0142cie litery V do \u015bci\u0105gania wody z prawie ka\u017cdej powierzchni.<\/p>\n<div class=\"x-video-inner\">\n    <video  \nclass=\"x-mejs x-wp-video-shortcode advanced-controls\" \n        width=\"400\" \n        height=\"400\" \n        loop autoplay muted playsinline style=\"border: none; outline: none; background: none;\"><source type=\"video\/mp4\" src=\"https:\/\/dulonmarine.com\/wp-content\/uploads\/2025\/10\/Deckmate-DM310-Flexible-water-blade-360-spin.mp4\"><\/video>\n<\/div>","protected":false},"featured_media":9375,"template":"","meta":{"_acf_changed":false,"om_disable_all_campaigns":false,"rs_blank_template":"","rs_page_bg_color":"","slide_template_v7":"","inline_featured_image":false,"_monsterinsights_skip_tracking":false,"_monsterinsights_sitenote_active":false,"_monsterinsights_sitenote_note":"","_monsterinsights_sitenote_category":0},"product_brand":[],"product_cat":[280,290],"product_tag":[294],"class_list":{"0":"post-8492","1":"product","2":"type-product","3":"status-publish","4":"has-post-thumbnail","6":"product_cat-deckmate","7":"product_cat-drying-products","8":"product_tag-294","9":"pa_article-numbers-contents-dm310","12":"first","13":"instock","14":"taxable","15":"shipping-taxable","16":"purchasable","17":"product-type-simple"},"acf":[],"yoast_head":"<!-- This site is optimized with the Yoast SEO plugin v27.6 - https:\/\/yoast.com\/product\/yoast-seo-wordpress\/ -->\n<title>Deckmate DM310 Flexible water blade - Dulon Marine<\/title>\n<meta name=\"description\" content=\"This flexible water blade is made of a transparent medical grade silicone and is fitted with a patented V-shaped design for pulling away water from almost any surface.\" \/>\n<meta name=\"robots\" content=\"index, follow, max-snippet:-1, max-image-preview:large, max-video-preview:-1\" \/>\n<link rel=\"canonical\" href=\"https:\/\/dulonmarine.com\/pl\/winkel\/deckmate\/produkty-suszace\/przykladowy-produkt\/deckmate-dm310-elastyczna-lopatka-do-wody\/\" \/>\n<meta property=\"og:locale\" content=\"pl_PL\" \/>\n<meta property=\"og:type\" content=\"article\" \/>\n<meta property=\"og:title\" content=\"Deckmate DM310 Flexible water blade - Dulon Marine\" \/>\n<meta property=\"og:description\" content=\"This flexible water blade is made of a transparent medical grade silicone and is fitted with a patented V-shaped design for pulling away water from almost any surface.\" \/>\n<meta property=\"og:url\" content=\"https:\/\/dulonmarine.com\/pl\/winkel\/deckmate\/produkty-suszace\/przykladowy-produkt\/deckmate-dm310-elastyczna-lopatka-do-wody\/\" \/>\n<meta property=\"og:site_name\" content=\"Dulon Marine\" \/>\n<meta property=\"article:publisher\" content=\"https:\/\/www.facebook.com\/dulonmarine?locale=nl_NL\" \/>\n<meta property=\"article:modified_time\" content=\"2025-10-23T14:38:12+00:00\" \/>\n<meta property=\"og:image\" content=\"https:\/\/dulonmarine.com\/wp-content\/uploads\/2023\/02\/310-Deckmate-Flexible-water-blade-In-packaging-Front-view.jpg\" \/>\n\t<meta property=\"og:image:width\" content=\"1200\" \/>\n\t<meta property=\"og:image:height\" content=\"1200\" \/>\n\t<meta property=\"og:image:type\" content=\"image\/jpeg\" \/>\n<meta name=\"twitter:card\" content=\"summary_large_image\" \/>\n<meta name=\"twitter:label1\" content=\"Szacowany czas czytania\" \/>\n\t<meta name=\"twitter:data1\" content=\"1 minuta\" \/>\n<script type=\"application\/ld+json\" class=\"yoast-schema-graph\">{\"@context\":\"https:\\\/\\\/schema.org\",\"@graph\":[{\"@type\":\"WebPage\",\"@id\":\"https:\\\/\\\/dulonmarine.com\\\/winkel\\\/deckmate\\\/drying-products\\\/sample-product\\\/deckmate-dm310-flexible-water-blade\\\/\",\"url\":\"https:\\\/\\\/dulonmarine.com\\\/winkel\\\/deckmate\\\/drying-products\\\/sample-product\\\/deckmate-dm310-flexible-water-blade\\\/\",\"name\":\"Deckmate DM310 Flexible water blade - Dulon Marine\",\"isPartOf\":{\"@id\":\"https:\\\/\\\/dulonmarine.com\\\/pt\\\/#website\"},\"primaryImageOfPage\":{\"@id\":\"https:\\\/\\\/dulonmarine.com\\\/winkel\\\/deckmate\\\/drying-products\\\/sample-product\\\/deckmate-dm310-flexible-water-blade\\\/#primaryimage\"},\"image\":{\"@id\":\"https:\\\/\\\/dulonmarine.com\\\/winkel\\\/deckmate\\\/drying-products\\\/sample-product\\\/deckmate-dm310-flexible-water-blade\\\/#primaryimage\"},\"thumbnailUrl\":\"https:\\\/\\\/dulonmarine.com\\\/wp-content\\\/uploads\\\/2023\\\/02\\\/310-Deckmate-Flexible-water-blade-In-packaging-Front-view.jpg\",\"datePublished\":\"2023-02-08T09:40:01+00:00\",\"dateModified\":\"2025-10-23T14:38:12+00:00\",\"description\":\"This flexible water blade is made of a transparent medical grade silicone and is fitted with a patented V-shaped design for pulling away water from almost any surface.\",\"breadcrumb\":{\"@id\":\"https:\\\/\\\/dulonmarine.com\\\/winkel\\\/deckmate\\\/drying-products\\\/sample-product\\\/deckmate-dm310-flexible-water-blade\\\/#breadcrumb\"},\"inLanguage\":\"pl-PL\",\"potentialAction\":[{\"@type\":\"ReadAction\",\"target\":[\"https:\\\/\\\/dulonmarine.com\\\/winkel\\\/deckmate\\\/drying-products\\\/sample-product\\\/deckmate-dm310-flexible-water-blade\\\/\"]}]},{\"@type\":\"ImageObject\",\"inLanguage\":\"pl-PL\",\"@id\":\"https:\\\/\\\/dulonmarine.com\\\/winkel\\\/deckmate\\\/drying-products\\\/sample-product\\\/deckmate-dm310-flexible-water-blade\\\/#primaryimage\",\"url\":\"https:\\\/\\\/dulonmarine.com\\\/wp-content\\\/uploads\\\/2023\\\/02\\\/310-Deckmate-Flexible-water-blade-In-packaging-Front-view.jpg\",\"contentUrl\":\"https:\\\/\\\/dulonmarine.com\\\/wp-content\\\/uploads\\\/2023\\\/02\\\/310-Deckmate-Flexible-water-blade-In-packaging-Front-view.jpg\",\"width\":1200,\"height\":1200},{\"@type\":\"BreadcrumbList\",\"@id\":\"https:\\\/\\\/dulonmarine.com\\\/winkel\\\/deckmate\\\/drying-products\\\/sample-product\\\/deckmate-dm310-flexible-water-blade\\\/#breadcrumb\",\"itemListElement\":[{\"@type\":\"ListItem\",\"position\":1,\"name\":\"Home\",\"item\":\"https:\\\/\\\/dulonmarine.com\\\/\"},{\"@type\":\"ListItem\",\"position\":2,\"name\":\"Winkel\",\"item\":\"https:\\\/\\\/dulonmarine.com\\\/pt\\\/piacaba\\\/\"},{\"@type\":\"ListItem\",\"position\":3,\"name\":\"Deckmate DM310 Flexible water blade\"}]},{\"@type\":\"WebSite\",\"@id\":\"https:\\\/\\\/dulonmarine.com\\\/pt\\\/#website\",\"url\":\"https:\\\/\\\/dulonmarine.com\\\/pt\\\/\",\"name\":\"Dulon Marine\",\"description\":\"Onderhoudsproducten voor de scheepvaart\",\"publisher\":{\"@id\":\"https:\\\/\\\/dulonmarine.com\\\/pt\\\/#organization\"},\"potentialAction\":[{\"@type\":\"SearchAction\",\"target\":{\"@type\":\"EntryPoint\",\"urlTemplate\":\"https:\\\/\\\/dulonmarine.com\\\/pt\\\/?s={search_term_string}\"},\"query-input\":{\"@type\":\"PropertyValueSpecification\",\"valueRequired\":true,\"valueName\":\"search_term_string\"}}],\"inLanguage\":\"pl-PL\"},{\"@type\":\"Organization\",\"@id\":\"https:\\\/\\\/dulonmarine.com\\\/pt\\\/#organization\",\"name\":\"Dulon Marine Deckmate Group\",\"url\":\"https:\\\/\\\/dulonmarine.com\\\/pt\\\/\",\"logo\":{\"@type\":\"ImageObject\",\"inLanguage\":\"pl-PL\",\"@id\":\"https:\\\/\\\/dulonmarine.com\\\/pt\\\/#\\\/schema\\\/logo\\\/image\\\/\",\"url\":\"http:\\\/\\\/dulonmarine.com\\\/wp-content\\\/uploads\\\/2023\\\/02\\\/Dulon-Marine-Deckmate-Group-logo-small.png\",\"contentUrl\":\"http:\\\/\\\/dulonmarine.com\\\/wp-content\\\/uploads\\\/2023\\\/02\\\/Dulon-Marine-Deckmate-Group-logo-small.png\",\"width\":350,\"height\":150,\"caption\":\"Dulon Marine Deckmate Group\"},\"image\":{\"@id\":\"https:\\\/\\\/dulonmarine.com\\\/pt\\\/#\\\/schema\\\/logo\\\/image\\\/\"},\"sameAs\":[\"https:\\\/\\\/www.facebook.com\\\/dulonmarine?locale=nl_NL\",\"https:\\\/\\\/www.instagram.com\\\/dulonmarinegroup\\\/\"]}]}<\/script>\n<!-- \/ Yoast SEO plugin. -->","yoast_head_json":{"title":"Deckmate DM310 Elastyczna \u0142opatka do wody - Dulon Marine","description":"Ta elastyczna \u0142opatka do wody wykonana jest z przezroczystego silikonu klasy medycznej i posiada opatentowan\u0105 konstrukcj\u0119 w kszta\u0142cie litery V do \u015bci\u0105gania wody z niemal ka\u017cdej powierzchni.","robots":{"index":"index","follow":"follow","max-snippet":"max-snippet:-1","max-image-preview":"max-image-preview:large","max-video-preview":"max-video-preview:-1"},"canonical":"https:\/\/dulonmarine.com\/pl\/winkel\/deckmate\/produkty-suszace\/przykladowy-produkt\/deckmate-dm310-elastyczna-lopatka-do-wody\/","og_locale":"pl_PL","og_type":"article","og_title":"Deckmate DM310 Flexible water blade - Dulon Marine","og_description":"This flexible water blade is made of a transparent medical grade silicone and is fitted with a patented V-shaped design for pulling away water from almost any surface.","og_url":"https:\/\/dulonmarine.com\/pl\/winkel\/deckmate\/produkty-suszace\/przykladowy-produkt\/deckmate-dm310-elastyczna-lopatka-do-wody\/","og_site_name":"Dulon Marine","article_publisher":"https:\/\/www.facebook.com\/dulonmarine?locale=nl_NL","article_modified_time":"2025-10-23T14:38:12+00:00","og_image":[{"width":1200,"height":1200,"url":"https:\/\/dulonmarine.com\/wp-content\/uploads\/2023\/02\/310-Deckmate-Flexible-water-blade-In-packaging-Front-view.jpg","type":"image\/jpeg"}],"twitter_card":"summary_large_image","twitter_misc":{"Szacowany czas czytania":"1 minuta"},"schema":{"@context":"https:\/\/schema.org","@graph":[{"@type":"WebPage","@id":"https:\/\/dulonmarine.com\/winkel\/deckmate\/drying-products\/sample-product\/deckmate-dm310-flexible-water-blade\/","url":"https:\/\/dulonmarine.com\/winkel\/deckmate\/drying-products\/sample-product\/deckmate-dm310-flexible-water-blade\/","name":"Deckmate DM310 Elastyczna \u0142opatka do wody - Dulon Marine","isPartOf":{"@id":"https:\/\/dulonmarine.com\/pt\/#website"},"primaryImageOfPage":{"@id":"https:\/\/dulonmarine.com\/winkel\/deckmate\/drying-products\/sample-product\/deckmate-dm310-flexible-water-blade\/#primaryimage"},"image":{"@id":"https:\/\/dulonmarine.com\/winkel\/deckmate\/drying-products\/sample-product\/deckmate-dm310-flexible-water-blade\/#primaryimage"},"thumbnailUrl":"https:\/\/dulonmarine.com\/wp-content\/uploads\/2023\/02\/310-Deckmate-Flexible-water-blade-In-packaging-Front-view.jpg","datePublished":"2023-02-08T09:40:01+00:00","dateModified":"2025-10-23T14:38:12+00:00","description":"Ta elastyczna \u0142opatka do wody wykonana jest z przezroczystego silikonu klasy medycznej i posiada opatentowan\u0105 konstrukcj\u0119 w kszta\u0142cie litery V do \u015bci\u0105gania wody z niemal ka\u017cdej powierzchni.","breadcrumb":{"@id":"https:\/\/dulonmarine.com\/winkel\/deckmate\/drying-products\/sample-product\/deckmate-dm310-flexible-water-blade\/#breadcrumb"},"inLanguage":"pl-PL","potentialAction":[{"@type":"ReadAction","target":["https:\/\/dulonmarine.com\/winkel\/deckmate\/drying-products\/sample-product\/deckmate-dm310-flexible-water-blade\/"]}]},{"@type":"ImageObject","inLanguage":"pl-PL","@id":"https:\/\/dulonmarine.com\/winkel\/deckmate\/drying-products\/sample-product\/deckmate-dm310-flexible-water-blade\/#primaryimage","url":"https:\/\/dulonmarine.com\/wp-content\/uploads\/2023\/02\/310-Deckmate-Flexible-water-blade-In-packaging-Front-view.jpg","contentUrl":"https:\/\/dulonmarine.com\/wp-content\/uploads\/2023\/02\/310-Deckmate-Flexible-water-blade-In-packaging-Front-view.jpg","width":1200,"height":1200},{"@type":"BreadcrumbList","@id":"https:\/\/dulonmarine.com\/winkel\/deckmate\/drying-products\/sample-product\/deckmate-dm310-flexible-water-blade\/#breadcrumb","itemListElement":[{"@type":"ListItem","position":1,"name":"Home","item":"https:\/\/dulonmarine.com\/"},{"@type":"ListItem","position":2,"name":"Winkel","item":"https:\/\/dulonmarine.com\/pt\/piacaba\/"},{"@type":"ListItem","position":3,"name":"Deckmate DM310 Flexible water blade"}]},{"@type":"WebSite","@id":"https:\/\/dulonmarine.com\/pt\/#website","url":"https:\/\/dulonmarine.com\/pt\/","name":"Dulon Marine","description":"Inne produkty do zastosowa\u0144 przemys\u0142owych","publisher":{"@id":"https:\/\/dulonmarine.com\/pt\/#organization"},"potentialAction":[{"@type":"SearchAction","target":{"@type":"EntryPoint","urlTemplate":"https:\/\/dulonmarine.com\/pt\/?s={search_term_string}"},"query-input":{"@type":"PropertyValueSpecification","valueRequired":true,"valueName":"search_term_string"}}],"inLanguage":"pl-PL"},{"@type":"Organization","@id":"https:\/\/dulonmarine.com\/pt\/#organization","name":"Dulon Marine Deckmate Group","url":"https:\/\/dulonmarine.com\/pt\/","logo":{"@type":"ImageObject","inLanguage":"pl-PL","@id":"https:\/\/dulonmarine.com\/pt\/#\/schema\/logo\/image\/","url":"http:\/\/dulonmarine.com\/wp-content\/uploads\/2023\/02\/Dulon-Marine-Deckmate-Group-logo-small.png","contentUrl":"http:\/\/dulonmarine.com\/wp-content\/uploads\/2023\/02\/Dulon-Marine-Deckmate-Group-logo-small.png","width":350,"height":150,"caption":"Dulon Marine Deckmate Group"},"image":{"@id":"https:\/\/dulonmarine.com\/pt\/#\/schema\/logo\/image\/"},"sameAs":["https:\/\/www.facebook.com\/dulonmarine?locale=nl_NL","https:\/\/www.instagram.com\/dulonmarinegroup\/"]}]}},"_links":{"self":[{"href":"https:\/\/dulonmarine.com\/pl\/wp-json\/wp\/v2\/product\/8492","targetHints":{"allow":["GET"]}}],"collection":[{"href":"https:\/\/dulonmarine.com\/pl\/wp-json\/wp\/v2\/product"}],"about":[{"href":"https:\/\/dulonmarine.com\/pl\/wp-json\/wp\/v2\/types\/product"}],"wp:featuredmedia":[{"embeddable":true,"href":"https:\/\/dulonmarine.com\/pl\/wp-json\/wp\/v2\/media\/9375"}],"wp:attachment":[{"href":"https:\/\/dulonmarine.com\/pl\/wp-json\/wp\/v2\/media?parent=8492"}],"wp:term":[{"taxonomy":"product_brand","embeddable":true,"href":"https:\/\/dulonmarine.com\/pl\/wp-json\/wp\/v2\/product_brand?post=8492"},{"taxonomy":"product_cat","embeddable":true,"href":"https:\/\/dulonmarine.com\/pl\/wp-json\/wp\/v2\/product_cat?post=8492"},{"taxonomy":"product_tag","embeddable":true,"href":"https:\/\/dulonmarine.com\/pl\/wp-json\/wp\/v2\/product_tag?post=8492"}],"curies":[{"name":"wp","href":"https:\/\/api.w.org\/{rel}","templated":true}]}}