{"id":8505,"date":"2023-02-08T13:39:18","date_gmt":"2023-02-08T12:39:18","guid":{"rendered":"http:\/\/dulonmarine.com\/?post_type=product&#038;p=8505"},"modified":"2024-10-24T13:00:23","modified_gmt":"2024-10-24T12:00:23","slug":"pokrowiec-na-glowice-deckmate-dm230-z-mikrofibry","status":"publish","type":"product","link":"https:\/\/dulonmarine.com\/pl\/winkel\/deckmate\/wash-scrub\/sample-product\/deckmate-dm230-microfiber-washead-cover\/","title":{"rendered":"Deckmate DM230 Pokrowiec na g\u0142owic\u0119 myj\u0105c\u0105 z mikrofibry"},"content":{"rendered":"<p>Ten szenilowy pokrowiec na pranie jest wykonany z mocnego i niezwykle mi\u0119kkiego materia\u0142u z mikrofibry, sk\u0142adaj\u0105cego si\u0119 z poliestru 80% i poliamidu 20% w kolorze pomara\u0144czowym. Ta nak\u0142adka na pranie jest bardzo odpowiednia do czyszczenia na odleg\u0142o\u015b\u0107, poniewa\u017c nici z mikrofibry poch\u0142aniaj\u0105 i zatrzymuj\u0105 du\u017co wody.<br \/>\nKorzy\u015bci:<\/p>\n<ul>\n<li>Zapi\u0119cie na rzep u\u0142atwia przymocowanie pokrowca do p\u0142ytki obrotowej. Ponadto wewn\u0119trzna wy\u015bci\u00f3\u0142ka z mikrofibry jest bezpiecznie przymocowana do pask\u00f3w na rzepy p\u0142yty obrotowej, co zapobiega ze\u015blizgiwaniu si\u0119 lub skr\u0119caniu os\u0142ony na p\u0142ycie obrotowej.<\/li>\n<li>Piankowa podk\u0142adka z wewn\u0119trzn\u0105 wy\u015bci\u00f3\u0142k\u0105 z mikrofibry zosta\u0142a dodana do wn\u0119trza, aby chroni\u0107 powierzchni\u0119 czyszcz\u0105c\u0105 przed p\u0142ytk\u0105 obrotow\u0105, dzi\u0119ki czemu prawie niemo\u017cliwe jest uszkodzenie powierzchni podczas czyszczenia.<\/li>\n<\/ul>","protected":false},"excerpt":{"rendered":"<p>Pokrowiec na g\u0142ow\u0119 z mikrofibry jest odpowiedni dla:<\/p>\n<ul>\n<li>U\u017cywaj\u0105c tej pokrywy myj\u0105cej w po\u0142\u0105czeniu z p\u0142yt\u0105 obrotow\u0105 Deckmate, b\u0119dziesz m\u00f3g\u0142 czy\u015bci\u0107 wra\u017cliwe na zarysowania powierzchnie z wi\u0119kszej odleg\u0142o\u015bci lub wysoko\u015bci za pomoc\u0105 uchwytu.<\/li>\n<li>Ponadto os\u0142ona mo\u017ce by\u0107 u\u017cywana na sucho do odkurzania pod\u0142\u00f3g itp.<\/li>\n<\/ul>\n<p>Po u\u017cyciu zaleca si\u0119 wypranie pokrowca w du\u017cej ilo\u015bci \u015bwie\u017cej wody, wykr\u0119cenie go i pozostawienie do wyschni\u0119cia.<\/p>\n<div class=\"x-video-inner\">\n    <video  \nclass=\"x-mejs x-wp-video-shortcode advanced-controls\" \n        width=\"400\" \n        height=\"400\" \n        loop autoplay muted playsinline style=\"border: none; outline: none; background: none;\"><source type=\"video\/mp4\" src=\"http:\/\/dulonmarine.com\/wp-content\/uploads\/2024\/10\/230_Microfiber_Washhead_Cover_1.mp4\"><\/video>\n<\/div>","protected":false},"featured_media":9395,"template":"","meta":{"_acf_changed":false,"om_disable_all_campaigns":false,"rs_blank_template":"","rs_page_bg_color":"","slide_template_v7":"","inline_featured_image":false,"_monsterinsights_skip_tracking":false,"_monsterinsights_sitenote_active":false,"_monsterinsights_sitenote_note":"","_monsterinsights_sitenote_category":0},"product_brand":[],"product_cat":[280,307],"product_tag":[314],"class_list":{"0":"post-8505","1":"product","2":"type-product","3":"status-publish","4":"has-post-thumbnail","6":"product_cat-deckmate","7":"product_cat-wash-scrub","8":"product_tag-314","9":"pa_article-numbers-contents-dm230","12":"first","13":"instock","14":"taxable","15":"shipping-taxable","16":"purchasable","17":"product-type-simple"},"acf":[],"yoast_head":"<!-- This site is optimized with the Yoast SEO plugin v27.6 - https:\/\/yoast.com\/product\/yoast-seo-wordpress\/ -->\n<title>Deckmate DM230 Microfiber washhead cover - Dulon Marine<\/title>\n<meta name=\"description\" content=\"This chenille washcover is made of strong and extremely soft microfibre material, consisting of 80% polyester and 20% polyamide in an orange colour.\" \/>\n<meta name=\"robots\" content=\"index, follow, max-snippet:-1, max-image-preview:large, max-video-preview:-1\" \/>\n<link rel=\"canonical\" href=\"https:\/\/dulonmarine.com\/pl\/winkel\/deckmate\/peeling-myjacy\/przykladowy-produkt\/pokrowiec-na-glowice-deckmate-dm230-z-mikrofibry\/\" \/>\n<meta property=\"og:locale\" content=\"pl_PL\" \/>\n<meta property=\"og:type\" content=\"article\" \/>\n<meta property=\"og:title\" content=\"Deckmate DM230 Microfiber washhead cover - Dulon Marine\" \/>\n<meta property=\"og:description\" content=\"This chenille washcover is made of strong and extremely soft microfibre material, consisting of 80% polyester and 20% polyamide in an orange colour.\" \/>\n<meta property=\"og:url\" content=\"https:\/\/dulonmarine.com\/pl\/winkel\/deckmate\/peeling-myjacy\/przykladowy-produkt\/pokrowiec-na-glowice-deckmate-dm230-z-mikrofibry\/\" \/>\n<meta property=\"og:site_name\" content=\"Dulon Marine\" \/>\n<meta property=\"article:publisher\" content=\"https:\/\/www.facebook.com\/dulonmarine?locale=nl_NL\" \/>\n<meta property=\"article:modified_time\" content=\"2024-10-24T12:00:23+00:00\" \/>\n<meta property=\"og:image\" content=\"https:\/\/dulonmarine.com\/wp-content\/uploads\/2023\/02\/230-Microfiber-washead-cover-side.jpg\" \/>\n\t<meta property=\"og:image:width\" content=\"1200\" \/>\n\t<meta property=\"og:image:height\" content=\"1200\" \/>\n\t<meta property=\"og:image:type\" content=\"image\/jpeg\" \/>\n<meta name=\"twitter:card\" content=\"summary_large_image\" \/>\n<meta name=\"twitter:label1\" content=\"Szacowany czas czytania\" \/>\n\t<meta name=\"twitter:data1\" content=\"1 minuta\" \/>\n<script type=\"application\/ld+json\" class=\"yoast-schema-graph\">{\"@context\":\"https:\\\/\\\/schema.org\",\"@graph\":[{\"@type\":\"WebPage\",\"@id\":\"https:\\\/\\\/dulonmarine.com\\\/es\\\/winkel\\\/companero-de-cubierta\\\/lavar-fregar\\\/producto-de-muestra\\\/deckmate-dm230-microfibra-washead-cover\\\/\",\"url\":\"https:\\\/\\\/dulonmarine.com\\\/es\\\/winkel\\\/companero-de-cubierta\\\/lavar-fregar\\\/producto-de-muestra\\\/deckmate-dm230-microfibra-washead-cover\\\/\",\"name\":\"Deckmate DM230 Microfiber washhead cover - Dulon Marine\",\"isPartOf\":{\"@id\":\"https:\\\/\\\/dulonmarine.com\\\/pt\\\/#website\"},\"primaryImageOfPage\":{\"@id\":\"https:\\\/\\\/dulonmarine.com\\\/es\\\/winkel\\\/companero-de-cubierta\\\/lavar-fregar\\\/producto-de-muestra\\\/deckmate-dm230-microfibra-washead-cover\\\/#primaryimage\"},\"image\":{\"@id\":\"https:\\\/\\\/dulonmarine.com\\\/es\\\/winkel\\\/companero-de-cubierta\\\/lavar-fregar\\\/producto-de-muestra\\\/deckmate-dm230-microfibra-washead-cover\\\/#primaryimage\"},\"thumbnailUrl\":\"https:\\\/\\\/dulonmarine.com\\\/wp-content\\\/uploads\\\/2023\\\/02\\\/230-Microfiber-washead-cover-side.jpg\",\"datePublished\":\"2023-02-08T12:39:18+00:00\",\"dateModified\":\"2024-10-24T12:00:23+00:00\",\"description\":\"This chenille washcover is made of strong and extremely soft microfibre material, consisting of 80% polyester and 20% polyamide in an orange colour.\",\"breadcrumb\":{\"@id\":\"https:\\\/\\\/dulonmarine.com\\\/es\\\/winkel\\\/companero-de-cubierta\\\/lavar-fregar\\\/producto-de-muestra\\\/deckmate-dm230-microfibra-washead-cover\\\/#breadcrumb\"},\"inLanguage\":\"pl-PL\",\"potentialAction\":[{\"@type\":\"ReadAction\",\"target\":[\"https:\\\/\\\/dulonmarine.com\\\/es\\\/winkel\\\/companero-de-cubierta\\\/lavar-fregar\\\/producto-de-muestra\\\/deckmate-dm230-microfibra-washead-cover\\\/\"]}]},{\"@type\":\"ImageObject\",\"inLanguage\":\"pl-PL\",\"@id\":\"https:\\\/\\\/dulonmarine.com\\\/es\\\/winkel\\\/companero-de-cubierta\\\/lavar-fregar\\\/producto-de-muestra\\\/deckmate-dm230-microfibra-washead-cover\\\/#primaryimage\",\"url\":\"https:\\\/\\\/dulonmarine.com\\\/wp-content\\\/uploads\\\/2023\\\/02\\\/230-Microfiber-washead-cover-side.jpg\",\"contentUrl\":\"https:\\\/\\\/dulonmarine.com\\\/wp-content\\\/uploads\\\/2023\\\/02\\\/230-Microfiber-washead-cover-side.jpg\",\"width\":1200,\"height\":1200},{\"@type\":\"BreadcrumbList\",\"@id\":\"https:\\\/\\\/dulonmarine.com\\\/es\\\/winkel\\\/companero-de-cubierta\\\/lavar-fregar\\\/producto-de-muestra\\\/deckmate-dm230-microfibra-washead-cover\\\/#breadcrumb\",\"itemListElement\":[{\"@type\":\"ListItem\",\"position\":1,\"name\":\"Home\",\"item\":\"https:\\\/\\\/dulonmarine.com\\\/\"},{\"@type\":\"ListItem\",\"position\":2,\"name\":\"Winkel\",\"item\":\"https:\\\/\\\/dulonmarine.com\\\/pt\\\/piacaba\\\/\"},{\"@type\":\"ListItem\",\"position\":3,\"name\":\"Deckmate DM230 Microfiber washhead cover\"}]},{\"@type\":\"WebSite\",\"@id\":\"https:\\\/\\\/dulonmarine.com\\\/pt\\\/#website\",\"url\":\"https:\\\/\\\/dulonmarine.com\\\/pt\\\/\",\"name\":\"Dulon Marine\",\"description\":\"Onderhoudsproducten voor de scheepvaart\",\"publisher\":{\"@id\":\"https:\\\/\\\/dulonmarine.com\\\/pt\\\/#organization\"},\"potentialAction\":[{\"@type\":\"SearchAction\",\"target\":{\"@type\":\"EntryPoint\",\"urlTemplate\":\"https:\\\/\\\/dulonmarine.com\\\/pt\\\/?s={search_term_string}\"},\"query-input\":{\"@type\":\"PropertyValueSpecification\",\"valueRequired\":true,\"valueName\":\"search_term_string\"}}],\"inLanguage\":\"pl-PL\"},{\"@type\":\"Organization\",\"@id\":\"https:\\\/\\\/dulonmarine.com\\\/pt\\\/#organization\",\"name\":\"Dulon Marine Deckmate Group\",\"url\":\"https:\\\/\\\/dulonmarine.com\\\/pt\\\/\",\"logo\":{\"@type\":\"ImageObject\",\"inLanguage\":\"pl-PL\",\"@id\":\"https:\\\/\\\/dulonmarine.com\\\/pt\\\/#\\\/schema\\\/logo\\\/image\\\/\",\"url\":\"http:\\\/\\\/dulonmarine.com\\\/wp-content\\\/uploads\\\/2023\\\/02\\\/Dulon-Marine-Deckmate-Group-logo-small.png\",\"contentUrl\":\"http:\\\/\\\/dulonmarine.com\\\/wp-content\\\/uploads\\\/2023\\\/02\\\/Dulon-Marine-Deckmate-Group-logo-small.png\",\"width\":350,\"height\":150,\"caption\":\"Dulon Marine Deckmate Group\"},\"image\":{\"@id\":\"https:\\\/\\\/dulonmarine.com\\\/pt\\\/#\\\/schema\\\/logo\\\/image\\\/\"},\"sameAs\":[\"https:\\\/\\\/www.facebook.com\\\/dulonmarine?locale=nl_NL\",\"https:\\\/\\\/www.instagram.com\\\/dulonmarinegroup\\\/\"]}]}<\/script>\n<!-- \/ Yoast SEO plugin. -->","yoast_head_json":{"title":"Deckmate DM230 Pokrowiec na g\u0142owic\u0119 myj\u0105c\u0105 z mikrofibry - Dulon Marine","description":"Ten szenilowy pokrowiec na pranie wykonany jest z mocnego i niezwykle mi\u0119kkiego materia\u0142u z mikrofibry, sk\u0142adaj\u0105cego si\u0119 z poliestru 80% i poliamidu 20% w kolorze pomara\u0144czowym.","robots":{"index":"index","follow":"follow","max-snippet":"max-snippet:-1","max-image-preview":"max-image-preview:large","max-video-preview":"max-video-preview:-1"},"canonical":"https:\/\/dulonmarine.com\/pl\/winkel\/deckmate\/peeling-myjacy\/przykladowy-produkt\/pokrowiec-na-glowice-deckmate-dm230-z-mikrofibry\/","og_locale":"pl_PL","og_type":"article","og_title":"Deckmate DM230 Microfiber washhead cover - Dulon Marine","og_description":"This chenille washcover is made of strong and extremely soft microfibre material, consisting of 80% polyester and 20% polyamide in an orange colour.","og_url":"https:\/\/dulonmarine.com\/pl\/winkel\/deckmate\/peeling-myjacy\/przykladowy-produkt\/pokrowiec-na-glowice-deckmate-dm230-z-mikrofibry\/","og_site_name":"Dulon Marine","article_publisher":"https:\/\/www.facebook.com\/dulonmarine?locale=nl_NL","article_modified_time":"2024-10-24T12:00:23+00:00","og_image":[{"width":1200,"height":1200,"url":"https:\/\/dulonmarine.com\/wp-content\/uploads\/2023\/02\/230-Microfiber-washead-cover-side.jpg","type":"image\/jpeg"}],"twitter_card":"summary_large_image","twitter_misc":{"Szacowany czas czytania":"1 minuta"},"schema":{"@context":"https:\/\/schema.org","@graph":[{"@type":"WebPage","@id":"https:\/\/dulonmarine.com\/es\/winkel\/companero-de-cubierta\/lavar-fregar\/producto-de-muestra\/deckmate-dm230-microfibra-washead-cover\/","url":"https:\/\/dulonmarine.com\/es\/winkel\/companero-de-cubierta\/lavar-fregar\/producto-de-muestra\/deckmate-dm230-microfibra-washead-cover\/","name":"Deckmate DM230 Pokrowiec na g\u0142owic\u0119 myj\u0105c\u0105 z mikrofibry - Dulon Marine","isPartOf":{"@id":"https:\/\/dulonmarine.com\/pt\/#website"},"primaryImageOfPage":{"@id":"https:\/\/dulonmarine.com\/es\/winkel\/companero-de-cubierta\/lavar-fregar\/producto-de-muestra\/deckmate-dm230-microfibra-washead-cover\/#primaryimage"},"image":{"@id":"https:\/\/dulonmarine.com\/es\/winkel\/companero-de-cubierta\/lavar-fregar\/producto-de-muestra\/deckmate-dm230-microfibra-washead-cover\/#primaryimage"},"thumbnailUrl":"https:\/\/dulonmarine.com\/wp-content\/uploads\/2023\/02\/230-Microfiber-washead-cover-side.jpg","datePublished":"2023-02-08T12:39:18+00:00","dateModified":"2024-10-24T12:00:23+00:00","description":"Ten szenilowy pokrowiec na pranie wykonany jest z mocnego i niezwykle mi\u0119kkiego materia\u0142u z mikrofibry, sk\u0142adaj\u0105cego si\u0119 z poliestru 80% i poliamidu 20% w kolorze pomara\u0144czowym.","breadcrumb":{"@id":"https:\/\/dulonmarine.com\/es\/winkel\/companero-de-cubierta\/lavar-fregar\/producto-de-muestra\/deckmate-dm230-microfibra-washead-cover\/#breadcrumb"},"inLanguage":"pl-PL","potentialAction":[{"@type":"ReadAction","target":["https:\/\/dulonmarine.com\/es\/winkel\/companero-de-cubierta\/lavar-fregar\/producto-de-muestra\/deckmate-dm230-microfibra-washead-cover\/"]}]},{"@type":"ImageObject","inLanguage":"pl-PL","@id":"https:\/\/dulonmarine.com\/es\/winkel\/companero-de-cubierta\/lavar-fregar\/producto-de-muestra\/deckmate-dm230-microfibra-washead-cover\/#primaryimage","url":"https:\/\/dulonmarine.com\/wp-content\/uploads\/2023\/02\/230-Microfiber-washead-cover-side.jpg","contentUrl":"https:\/\/dulonmarine.com\/wp-content\/uploads\/2023\/02\/230-Microfiber-washead-cover-side.jpg","width":1200,"height":1200},{"@type":"BreadcrumbList","@id":"https:\/\/dulonmarine.com\/es\/winkel\/companero-de-cubierta\/lavar-fregar\/producto-de-muestra\/deckmate-dm230-microfibra-washead-cover\/#breadcrumb","itemListElement":[{"@type":"ListItem","position":1,"name":"Home","item":"https:\/\/dulonmarine.com\/"},{"@type":"ListItem","position":2,"name":"Winkel","item":"https:\/\/dulonmarine.com\/pt\/piacaba\/"},{"@type":"ListItem","position":3,"name":"Deckmate DM230 Microfiber washhead cover"}]},{"@type":"WebSite","@id":"https:\/\/dulonmarine.com\/pt\/#website","url":"https:\/\/dulonmarine.com\/pt\/","name":"Dulon Marine","description":"Inne produkty do zastosowa\u0144 przemys\u0142owych","publisher":{"@id":"https:\/\/dulonmarine.com\/pt\/#organization"},"potentialAction":[{"@type":"SearchAction","target":{"@type":"EntryPoint","urlTemplate":"https:\/\/dulonmarine.com\/pt\/?s={search_term_string}"},"query-input":{"@type":"PropertyValueSpecification","valueRequired":true,"valueName":"search_term_string"}}],"inLanguage":"pl-PL"},{"@type":"Organization","@id":"https:\/\/dulonmarine.com\/pt\/#organization","name":"Dulon Marine Deckmate Group","url":"https:\/\/dulonmarine.com\/pt\/","logo":{"@type":"ImageObject","inLanguage":"pl-PL","@id":"https:\/\/dulonmarine.com\/pt\/#\/schema\/logo\/image\/","url":"http:\/\/dulonmarine.com\/wp-content\/uploads\/2023\/02\/Dulon-Marine-Deckmate-Group-logo-small.png","contentUrl":"http:\/\/dulonmarine.com\/wp-content\/uploads\/2023\/02\/Dulon-Marine-Deckmate-Group-logo-small.png","width":350,"height":150,"caption":"Dulon Marine Deckmate Group"},"image":{"@id":"https:\/\/dulonmarine.com\/pt\/#\/schema\/logo\/image\/"},"sameAs":["https:\/\/www.facebook.com\/dulonmarine?locale=nl_NL","https:\/\/www.instagram.com\/dulonmarinegroup\/"]}]}},"_links":{"self":[{"href":"https:\/\/dulonmarine.com\/pl\/wp-json\/wp\/v2\/product\/8505","targetHints":{"allow":["GET"]}}],"collection":[{"href":"https:\/\/dulonmarine.com\/pl\/wp-json\/wp\/v2\/product"}],"about":[{"href":"https:\/\/dulonmarine.com\/pl\/wp-json\/wp\/v2\/types\/product"}],"wp:featuredmedia":[{"embeddable":true,"href":"https:\/\/dulonmarine.com\/pl\/wp-json\/wp\/v2\/media\/9395"}],"wp:attachment":[{"href":"https:\/\/dulonmarine.com\/pl\/wp-json\/wp\/v2\/media?parent=8505"}],"wp:term":[{"taxonomy":"product_brand","embeddable":true,"href":"https:\/\/dulonmarine.com\/pl\/wp-json\/wp\/v2\/product_brand?post=8505"},{"taxonomy":"product_cat","embeddable":true,"href":"https:\/\/dulonmarine.com\/pl\/wp-json\/wp\/v2\/product_cat?post=8505"},{"taxonomy":"product_tag","embeddable":true,"href":"https:\/\/dulonmarine.com\/pl\/wp-json\/wp\/v2\/product_tag?post=8505"}],"curies":[{"name":"wp","href":"https:\/\/api.w.org\/{rel}","templated":true}]}}