{"id":9549,"date":"2024-10-30T15:29:20","date_gmt":"2024-10-30T14:29:20","guid":{"rendered":"http:\/\/dulonmarine.com\/?page_id=9549"},"modified":"2024-10-31T10:45:37","modified_gmt":"2024-10-31T09:45:37","slug":"detalhes-metalicos","status":"publish","type":"page","link":"https:\/\/dulonmarine.com\/pt\/metal-details\/","title":{"rendered":"Metal \u2013 Detalhes"},"content":{"rendered":"<div id=\"cs-content\" class=\"cs-content\"><div class=\"x-section e9549-e1 m7d9-0 m7d9-1 m7d9-2 m7d9-3\"><div class=\"x-bg\" aria-hidden=\"true\"><div class=\"x-bg-layer-lower-image\"><\/div><\/div><div class=\"x-row x-container max width e9549-e2 m7d9-6 m7d9-7 m7d9-c m7d9-d\"><div class=\"x-row-inner\"><div class=\"x-col e9549-e3 m7d9-j m7d9-k m7d9-l m7d9-m\"><h1  class=\"h-custom-headline h1\" style=\"color: hsl(0, 0%, 100%);margin-top:10px; margin-left:20px; margin-bottom:5px;\"><span>Cuidados com o metal<\/span><\/h1><\/div><div class=\"x-col x-hide-sm x-hide-xs e9549-e5 m7d9-j m7d9-l m7d9-m\"><hr  class=\"x-gap\" style=\"margin: 1px 0 0 0;\"><\/div><\/div><\/div><div class=\"x-row x-container max width e9549-e7 m7d9-6 m7d9-7 m7d9-c m7d9-e\"><div class=\"x-row-inner\"><div class=\"x-col e9549-e8 m7d9-j m7d9-l m7d9-n\"><div id=\"\" class=\"x-text\" style=\"color:#fff;  margin-top:0px; margin-left:20px;\" ><p>POR DULON MARINE<\/p>\n<\/div><\/div><div class=\"x-col e9549-e10 m7d9-j m7d9-l m7d9-m\"><hr  class=\"x-gap\" style=\"margin: 1px 0 0 0;\"><\/div><\/div><\/div><div class=\"x-row x-container max width e9549-e12 m7d9-6 m7d9-8 m7d9-9 m7d9-f m7d9-g\"><div class=\"x-row-inner\"><div class=\"x-col e9549-e13 m7d9-j m7d9-m m7d9-o m7d9-p\"><a class=\"x-anchor x-anchor-button e9549-e14 m7d9-t m7d9-u\" tabindex=\"0\" href=\"http:\/\/dulonmarine.com\/pt\/dulon-marine-categorias\/tratamento-de-metais\/\"><div class=\"x-anchor-content\"><div class=\"x-anchor-text\"><span class=\"x-anchor-text-primary\">Todos os produtos para cuidados com metais<\/span><\/div><\/div><\/a><\/div><\/div><\/div><\/div><div class=\"x-section e9549-e15 m7d9-0 m7d9-1 m7d9-4\"><div class=\"x-row e9549-e16 m7d9-6 m7d9-8 m7d9-a m7d9-h\"><div class=\"x-row-inner\"><div class=\"x-col e9549-e17 m7d9-j m7d9-m m7d9-p m7d9-q m7d9-r\"><div class=\"x-bg\" aria-hidden=\"true\"><div class=\"x-bg-layer-lower-image\" data-x-element-bg-layer=\"{&quot;parallaxSize&quot;:&quot;150%&quot;,&quot;parallaxDir&quot;:&quot;v&quot;,&quot;parallaxRev&quot;:false}\"><\/div><\/div><a class=\"x-anchor x-anchor-button e9549-e18 m7d9-t\" tabindex=\"0\" href=\"http:\/\/dulonmarine.com\/pt\/piacaba\/metal\/produto-de-amostra\/dulon-polidor-de-aco-inoxidavel-60-limpa-da-brilho-e-protege\/\"><div class=\"x-anchor-content\"><div class=\"x-anchor-text\"><span class=\"x-anchor-text-primary\">Polimento de a\u00e7o inoxid\u00e1vel<\/span><\/div><\/div><\/a><\/div><div class=\"x-col e9549-e19 m7d9-j m7d9-m m7d9-p m7d9-q m7d9-s\"><div class=\"x-bg\" aria-hidden=\"true\"><div class=\"x-bg-layer-lower-image\" data-x-element-bg-layer=\"{&quot;parallaxSize&quot;:&quot;150%&quot;,&quot;parallaxDir&quot;:&quot;v&quot;,&quot;parallaxRev&quot;:false}\"><\/div><\/div><a class=\"x-anchor x-anchor-button e9549-e20 m7d9-t\" tabindex=\"0\" href=\"http:\/\/dulonmarine.com\/pt\/piacaba\/metal\/produto-de-amostra\/o-removedor-de-ferrugem-dulon-64-remove-a-ferrugem-superficial\/\"><div class=\"x-anchor-content\"><div class=\"x-anchor-text\"><span class=\"x-anchor-text-primary\">Removedor de ferrugem<\/span><\/div><\/div><\/a><\/div><\/div><\/div><\/div><div class=\"x-section e9549-e21 m7d9-0 m7d9-3 m7d9-5\"><div class=\"x-bg\" aria-hidden=\"true\"><div class=\"x-bg-layer-lower-image\" data-x-element-bg-layer=\"{&quot;parallaxSize&quot;:&quot;150%&quot;,&quot;parallaxDir&quot;:&quot;v&quot;,&quot;parallaxRev&quot;:false}\"><\/div><\/div><div class=\"x-row x-container max width e9549-e22 m7d9-6 m7d9-8 m7d9-9 m7d9-b m7d9-f m7d9-i\"><div class=\"x-row-inner\"><div class=\"x-col e9549-e23 m7d9-j m7d9-m m7d9-o m7d9-p\"><h2  class=\"h-custom-headline h1\" style=\"color: hsl(0, 0%, 100%);margin-top:0px; text-shadow: 2px 2px 22px  hsla(0, 0%, 0%, 0.5);\"><span>CONFIRA OS NOSSOS PRODUTOS PARA CUIDADOS COM METAIS<\/span><\/h2><a class=\"x-anchor x-anchor-button e9549-e25 m7d9-t\" tabindex=\"0\" href=\"http:\/\/dulonmarine.com\/pt\/dulon-marine-categorias\/tratamento-de-metais\/\"><div class=\"x-anchor-content\"><div class=\"x-anchor-text\"><span class=\"x-anchor-text-primary\">Todos os produtos para cuidados com metais<\/span><\/div><\/div><\/a><\/div><\/div><\/div><\/div><\/div>","protected":false},"excerpt":{"rendered":"<p>Cuidados com metais DA DULON MARINE Todos os produtos para cuidados com metais Polidor para a\u00e7o inoxid\u00e1vel Removedor de ferrugem CONHE\u00c7A OS NOSSOS PRODUTOS PARA CUIDADOS COM METAIS Todos os produtos para cuidados com metais<\/p>","protected":false},"author":11,"featured_media":0,"parent":0,"menu_order":0,"comment_status":"closed","ping_status":"closed","template":"template-blank-4.php","meta":{"_acf_changed":false,"om_disable_all_campaigns":false,"rs_blank_template":"","rs_page_bg_color":"","slide_template_v7":"","inline_featured_image":false,"_monsterinsights_skip_tracking":false,"_monsterinsights_sitenote_active":false,"_monsterinsights_sitenote_note":"","_monsterinsights_sitenote_category":0,"footnotes":""},"class_list":["post-9549","page","type-page","status-publish","hentry","no-post-thumbnail"],"acf":[],"yoast_head":"<!-- This site is optimized with the Yoast SEO plugin v27.4 - https:\/\/yoast.com\/product\/yoast-seo-wordpress\/ -->\n<title>Metal - Details - Dulon Marine<\/title>\n<meta name=\"robots\" content=\"index, follow, max-snippet:-1, max-image-preview:large, max-video-preview:-1\" \/>\n<link rel=\"canonical\" href=\"https:\/\/dulonmarine.com\/pt\/detalhes-metalicos\/\" \/>\n<meta property=\"og:locale\" content=\"pt_PT\" \/>\n<meta property=\"og:type\" content=\"article\" \/>\n<meta property=\"og:title\" content=\"Metal - Details - Dulon Marine\" \/>\n<meta property=\"og:description\" content=\"Metal CareBY DULON MARINE All metal care productsStainless steel polishRust removerCHECK OUT OUR METAL CARE PRODUCTSAll metal care products\" \/>\n<meta property=\"og:url\" content=\"https:\/\/dulonmarine.com\/pt\/detalhes-metalicos\/\" \/>\n<meta property=\"og:site_name\" content=\"Dulon Marine\" \/>\n<meta property=\"article:publisher\" content=\"https:\/\/www.facebook.com\/dulonmarine?locale=nl_NL\" \/>\n<meta property=\"article:modified_time\" content=\"2024-10-31T09:45:37+00:00\" \/>\n<meta name=\"twitter:card\" content=\"summary_large_image\" \/>\n<script type=\"application\/ld+json\" class=\"yoast-schema-graph\">{\"@context\":\"https:\\\/\\\/schema.org\",\"@graph\":[{\"@type\":\"WebPage\",\"@id\":\"https:\\\/\\\/dulonmarine.com\\\/fi\\\/metal-details\\\/\",\"url\":\"https:\\\/\\\/dulonmarine.com\\\/fi\\\/metal-details\\\/\",\"name\":\"Metal - Details - Dulon Marine\",\"isPartOf\":{\"@id\":\"https:\\\/\\\/dulonmarine.com\\\/pt\\\/#website\"},\"datePublished\":\"2024-10-30T14:29:20+00:00\",\"dateModified\":\"2024-10-31T09:45:37+00:00\",\"breadcrumb\":{\"@id\":\"https:\\\/\\\/dulonmarine.com\\\/fi\\\/metal-details\\\/#breadcrumb\"},\"inLanguage\":\"pt-PT\",\"potentialAction\":[{\"@type\":\"ReadAction\",\"target\":[\"https:\\\/\\\/dulonmarine.com\\\/fi\\\/metal-details\\\/\"]}]},{\"@type\":\"BreadcrumbList\",\"@id\":\"https:\\\/\\\/dulonmarine.com\\\/fi\\\/metal-details\\\/#breadcrumb\",\"itemListElement\":[{\"@type\":\"ListItem\",\"position\":1,\"name\":\"Home\",\"item\":\"https:\\\/\\\/dulonmarine.com\\\/\"},{\"@type\":\"ListItem\",\"position\":2,\"name\":\"Metal &#8211; Details\"}]},{\"@type\":\"WebSite\",\"@id\":\"https:\\\/\\\/dulonmarine.com\\\/pt\\\/#website\",\"url\":\"https:\\\/\\\/dulonmarine.com\\\/pt\\\/\",\"name\":\"Dulon Marine\",\"description\":\"Onderhoudsproducten voor de scheepvaart\",\"publisher\":{\"@id\":\"https:\\\/\\\/dulonmarine.com\\\/pt\\\/#organization\"},\"potentialAction\":[{\"@type\":\"SearchAction\",\"target\":{\"@type\":\"EntryPoint\",\"urlTemplate\":\"https:\\\/\\\/dulonmarine.com\\\/pt\\\/?s={search_term_string}\"},\"query-input\":{\"@type\":\"PropertyValueSpecification\",\"valueRequired\":true,\"valueName\":\"search_term_string\"}}],\"inLanguage\":\"pt-PT\"},{\"@type\":\"Organization\",\"@id\":\"https:\\\/\\\/dulonmarine.com\\\/pt\\\/#organization\",\"name\":\"Dulon Marine Deckmate Group\",\"url\":\"https:\\\/\\\/dulonmarine.com\\\/pt\\\/\",\"logo\":{\"@type\":\"ImageObject\",\"inLanguage\":\"pt-PT\",\"@id\":\"https:\\\/\\\/dulonmarine.com\\\/pt\\\/#\\\/schema\\\/logo\\\/image\\\/\",\"url\":\"http:\\\/\\\/dulonmarine.com\\\/wp-content\\\/uploads\\\/2023\\\/02\\\/Dulon-Marine-Deckmate-Group-logo-small.png\",\"contentUrl\":\"http:\\\/\\\/dulonmarine.com\\\/wp-content\\\/uploads\\\/2023\\\/02\\\/Dulon-Marine-Deckmate-Group-logo-small.png\",\"width\":350,\"height\":150,\"caption\":\"Dulon Marine Deckmate Group\"},\"image\":{\"@id\":\"https:\\\/\\\/dulonmarine.com\\\/pt\\\/#\\\/schema\\\/logo\\\/image\\\/\"},\"sameAs\":[\"https:\\\/\\\/www.facebook.com\\\/dulonmarine?locale=nl_NL\",\"https:\\\/\\\/www.instagram.com\\\/dulonmarinegroup\\\/\"]}]}<\/script>\n<!-- \/ Yoast SEO plugin. -->","yoast_head_json":{"title":"Metal - Detalhes - Dulon Marine","robots":{"index":"index","follow":"follow","max-snippet":"max-snippet:-1","max-image-preview":"max-image-preview:large","max-video-preview":"max-video-preview:-1"},"canonical":"https:\/\/dulonmarine.com\/pt\/detalhes-metalicos\/","og_locale":"pt_PT","og_type":"article","og_title":"Metal - Details - Dulon Marine","og_description":"Metal CareBY DULON MARINE All metal care productsStainless steel polishRust removerCHECK OUT OUR METAL CARE PRODUCTSAll metal care products","og_url":"https:\/\/dulonmarine.com\/pt\/detalhes-metalicos\/","og_site_name":"Dulon Marine","article_publisher":"https:\/\/www.facebook.com\/dulonmarine?locale=nl_NL","article_modified_time":"2024-10-31T09:45:37+00:00","twitter_card":"summary_large_image","schema":{"@context":"https:\/\/schema.org","@graph":[{"@type":"WebPage","@id":"https:\/\/dulonmarine.com\/fi\/metal-details\/","url":"https:\/\/dulonmarine.com\/fi\/metal-details\/","name":"Metal - Detalhes - Dulon Marine","isPartOf":{"@id":"https:\/\/dulonmarine.com\/pt\/#website"},"datePublished":"2024-10-30T14:29:20+00:00","dateModified":"2024-10-31T09:45:37+00:00","breadcrumb":{"@id":"https:\/\/dulonmarine.com\/fi\/metal-details\/#breadcrumb"},"inLanguage":"pt-PT","potentialAction":[{"@type":"ReadAction","target":["https:\/\/dulonmarine.com\/fi\/metal-details\/"]}]},{"@type":"BreadcrumbList","@id":"https:\/\/dulonmarine.com\/fi\/metal-details\/#breadcrumb","itemListElement":[{"@type":"ListItem","position":1,"name":"Home","item":"https:\/\/dulonmarine.com\/"},{"@type":"ListItem","position":2,"name":"Metal &#8211; Details"}]},{"@type":"WebSite","@id":"https:\/\/dulonmarine.com\/pt\/#website","url":"https:\/\/dulonmarine.com\/pt\/","name":"Dulon Marine","description":"Outros produtos para a limpeza","publisher":{"@id":"https:\/\/dulonmarine.com\/pt\/#organization"},"potentialAction":[{"@type":"SearchAction","target":{"@type":"EntryPoint","urlTemplate":"https:\/\/dulonmarine.com\/pt\/?s={search_term_string}"},"query-input":{"@type":"PropertyValueSpecification","valueRequired":true,"valueName":"search_term_string"}}],"inLanguage":"pt-PT"},{"@type":"Organization","@id":"https:\/\/dulonmarine.com\/pt\/#organization","name":"Dulon Marine Grupo Deckmate","url":"https:\/\/dulonmarine.com\/pt\/","logo":{"@type":"ImageObject","inLanguage":"pt-PT","@id":"https:\/\/dulonmarine.com\/pt\/#\/schema\/logo\/image\/","url":"http:\/\/dulonmarine.com\/wp-content\/uploads\/2023\/02\/Dulon-Marine-Deckmate-Group-logo-small.png","contentUrl":"http:\/\/dulonmarine.com\/wp-content\/uploads\/2023\/02\/Dulon-Marine-Deckmate-Group-logo-small.png","width":350,"height":150,"caption":"Dulon Marine Deckmate Group"},"image":{"@id":"https:\/\/dulonmarine.com\/pt\/#\/schema\/logo\/image\/"},"sameAs":["https:\/\/www.facebook.com\/dulonmarine?locale=nl_NL","https:\/\/www.instagram.com\/dulonmarinegroup\/"]}]}},"_links":{"self":[{"href":"https:\/\/dulonmarine.com\/pt\/wp-json\/wp\/v2\/pages\/9549","targetHints":{"allow":["GET"]}}],"collection":[{"href":"https:\/\/dulonmarine.com\/pt\/wp-json\/wp\/v2\/pages"}],"about":[{"href":"https:\/\/dulonmarine.com\/pt\/wp-json\/wp\/v2\/types\/page"}],"author":[{"embeddable":true,"href":"https:\/\/dulonmarine.com\/pt\/wp-json\/wp\/v2\/users\/11"}],"replies":[{"embeddable":true,"href":"https:\/\/dulonmarine.com\/pt\/wp-json\/wp\/v2\/comments?post=9549"}],"version-history":[{"count":0,"href":"https:\/\/dulonmarine.com\/pt\/wp-json\/wp\/v2\/pages\/9549\/revisions"}],"wp:attachment":[{"href":"https:\/\/dulonmarine.com\/pt\/wp-json\/wp\/v2\/media?parent=9549"}],"curies":[{"name":"wp","href":"https:\/\/api.w.org\/{rel}","templated":true}]}}