{"id":7689,"date":"2020-07-29T12:11:52","date_gmt":"2020-07-29T11:11:52","guid":{"rendered":"http:\/\/dulonmarine.com\/?post_type=product&#038;p=7689"},"modified":"2024-10-30T11:50:07","modified_gmt":"2024-10-30T10:50:07","slug":"cera-premium-para-barcos-19-protecao-de-alto-brilho","status":"publish","type":"product","link":"https:\/\/dulonmarine.com\/pt\/winkel\/dulon\/polish-wax\/sample-product\/premium-boat-wax-19-high-gloss-protection\/","title":{"rendered":"Dulon Premium Boat Wax 19 - prote\u00e7\u00e3o de alto brilho"},"content":{"rendered":"","protected":false},"excerpt":{"rendered":"<p>Prote\u00e7\u00e3o de alto brilho<\/p>\n<hr \/>\n<p>Produto de prote\u00e7\u00e3o de qualidade de primeira classe com elementos PTFE, especialmente desenvolvido para barcos novos ou em excelente estado. PREMIUM BOAT WAX 19 \u00e9 f\u00e1cil de aplicar e proporciona um acabamento de alto brilho. Prote\u00e7\u00e3o \u00f3ptima durante toda a \u00e9poca de navega\u00e7\u00e3o.<\/p>\n<ul>\n<li>Cera para barcos de primeira classe com elementos PTFE.<\/li>\n<li>Brilho e prote\u00e7\u00e3o extremos durante toda a \u00e9poca de navega\u00e7\u00e3o.<\/li>\n<li>F\u00e1cil de ligar e f\u00e1cil de desligar<\/li>\n<\/ul>\n<div class=\"x-video-inner\">\n    <video  \nclass=\"x-mejs x-wp-video-shortcode advanced-controls\" \n        width=\"400\" \n        height=\"400\" \n        loop autoplay muted playsinline style=\"border: none; outline: none; background: none;\"><source type=\"video\/mp4\" src=\"http:\/\/dulonmarine.com\/wp-content\/uploads\/2024\/10\/19.Professional_Premium_Boat_Wax-360-video.mp4\"><\/video>\n<\/div>","protected":false},"featured_media":9687,"template":"","meta":{"_acf_changed":false,"om_disable_all_campaigns":false,"rs_blank_template":"","rs_page_bg_color":"","slide_template_v7":"","inline_featured_image":false,"_monsterinsights_skip_tracking":false,"_monsterinsights_sitenote_active":false,"_monsterinsights_sitenote_note":"","_monsterinsights_sitenote_category":0},"product_brand":[],"product_cat":[44],"product_tag":[13],"class_list":{"0":"post-7689","1":"product","2":"type-product","3":"status-publish","4":"has-post-thumbnail","6":"product_cat-polish-wax","7":"product_tag-13","8":"pa_article-numbers-contents-6-19005","9":"pa_article-numbers-contents-6-19050","10":"pa_article-numbers-contents-6-19250","11":"pa_available-content-0-5l","12":"pa_available-content-25l","13":"pa_available-content-5l","14":"pa_crp-protect-en","17":"first","18":"instock","19":"purchasable","20":"product-type-variable"},"acf":[],"yoast_head":"<!-- This site is optimized with the Yoast SEO plugin v27.4 - https:\/\/yoast.com\/product\/yoast-seo-wordpress\/ -->\n<title>Dulon Premium Boat Wax 19 - high gloss protection -<\/title>\n<meta name=\"robots\" content=\"index, follow, max-snippet:-1, max-image-preview:large, max-video-preview:-1\" \/>\n<link rel=\"canonical\" href=\"https:\/\/dulonmarine.com\/pt\/piacaba\/dulon\/cera-de-polimento\/produto-de-amostra\/cera-premium-para-barcos-19-protecao-de-alto-brilho\/\" \/>\n<meta property=\"og:locale\" content=\"pt_PT\" \/>\n<meta property=\"og:type\" content=\"article\" \/>\n<meta property=\"og:title\" content=\"Dulon Premium Boat Wax 19 - high gloss protection -\" \/>\n<meta property=\"og:description\" content=\"High Gloss Protection    First class quality protection product with PTFE elements, special developed for new boats or boats in superb condition. PREMIUM BOAT WAX 19 is easy to apply and provides a high gloss finish. Optimum protection during the whole sailing season.   First class boat wax with PTFE elements.  Extreme shine &amp; protection throughout the sailing season.  Easy-On-Easy-Off\" \/>\n<meta property=\"og:url\" content=\"https:\/\/dulonmarine.com\/pt\/piacaba\/dulon\/cera-de-polimento\/produto-de-amostra\/cera-premium-para-barcos-19-protecao-de-alto-brilho\/\" \/>\n<meta property=\"og:site_name\" content=\"Dulon Marine\" \/>\n<meta property=\"article:publisher\" content=\"https:\/\/www.facebook.com\/dulonmarine?locale=nl_NL\" \/>\n<meta property=\"article:modified_time\" content=\"2024-10-30T10:50:07+00:00\" \/>\n<meta property=\"og:image\" content=\"https:\/\/dulonmarine.com\/wp-content\/uploads\/2024\/10\/19-Dulon-marine-Premium-Boat-wax.jpg\" \/>\n\t<meta property=\"og:image:width\" content=\"1200\" \/>\n\t<meta property=\"og:image:height\" content=\"1200\" \/>\n\t<meta property=\"og:image:type\" content=\"image\/jpeg\" \/>\n<meta name=\"twitter:card\" content=\"summary_large_image\" \/>\n<meta name=\"twitter:label1\" content=\"Tempo estimado de leitura\" \/>\n\t<meta name=\"twitter:data1\" content=\"1 minuto\" \/>\n<script type=\"application\/ld+json\" class=\"yoast-schema-graph\">{\"@context\":\"https:\\\/\\\/schema.org\",\"@graph\":[{\"@type\":\"WebPage\",\"@id\":\"https:\\\/\\\/dulonmarine.com\\\/pt\\\/piacaba\\\/dulon\\\/polish-wax\\\/produto-de-amostra\\\/premium-boat-wax-19-high-gloss-protection\\\/\",\"url\":\"https:\\\/\\\/dulonmarine.com\\\/pt\\\/piacaba\\\/dulon\\\/polish-wax\\\/produto-de-amostra\\\/premium-boat-wax-19-high-gloss-protection\\\/\",\"name\":\"Dulon Premium Boat Wax 19 - high gloss protection -\",\"isPartOf\":{\"@id\":\"https:\\\/\\\/dulonmarine.com\\\/pt\\\/#website\"},\"primaryImageOfPage\":{\"@id\":\"https:\\\/\\\/dulonmarine.com\\\/pt\\\/piacaba\\\/dulon\\\/polish-wax\\\/produto-de-amostra\\\/premium-boat-wax-19-high-gloss-protection\\\/#primaryimage\"},\"image\":{\"@id\":\"https:\\\/\\\/dulonmarine.com\\\/pt\\\/piacaba\\\/dulon\\\/polish-wax\\\/produto-de-amostra\\\/premium-boat-wax-19-high-gloss-protection\\\/#primaryimage\"},\"thumbnailUrl\":\"https:\\\/\\\/dulonmarine.com\\\/wp-content\\\/uploads\\\/2024\\\/10\\\/19-Dulon-marine-Premium-Boat-wax.jpg\",\"datePublished\":\"2020-07-29T11:11:52+00:00\",\"dateModified\":\"2024-10-30T10:50:07+00:00\",\"breadcrumb\":{\"@id\":\"https:\\\/\\\/dulonmarine.com\\\/pt\\\/piacaba\\\/dulon\\\/polish-wax\\\/produto-de-amostra\\\/premium-boat-wax-19-high-gloss-protection\\\/#breadcrumb\"},\"inLanguage\":\"pt-PT\",\"potentialAction\":[{\"@type\":\"ReadAction\",\"target\":[\"https:\\\/\\\/dulonmarine.com\\\/pt\\\/piacaba\\\/dulon\\\/polish-wax\\\/produto-de-amostra\\\/premium-boat-wax-19-high-gloss-protection\\\/\"]}]},{\"@type\":\"ImageObject\",\"inLanguage\":\"pt-PT\",\"@id\":\"https:\\\/\\\/dulonmarine.com\\\/pt\\\/piacaba\\\/dulon\\\/polish-wax\\\/produto-de-amostra\\\/premium-boat-wax-19-high-gloss-protection\\\/#primaryimage\",\"url\":\"https:\\\/\\\/dulonmarine.com\\\/wp-content\\\/uploads\\\/2024\\\/10\\\/19-Dulon-marine-Premium-Boat-wax.jpg\",\"contentUrl\":\"https:\\\/\\\/dulonmarine.com\\\/wp-content\\\/uploads\\\/2024\\\/10\\\/19-Dulon-marine-Premium-Boat-wax.jpg\",\"width\":1200,\"height\":1200},{\"@type\":\"BreadcrumbList\",\"@id\":\"https:\\\/\\\/dulonmarine.com\\\/pt\\\/piacaba\\\/dulon\\\/polish-wax\\\/produto-de-amostra\\\/premium-boat-wax-19-high-gloss-protection\\\/#breadcrumb\",\"itemListElement\":[{\"@type\":\"ListItem\",\"position\":1,\"name\":\"Home\",\"item\":\"https:\\\/\\\/dulonmarine.com\\\/\"},{\"@type\":\"ListItem\",\"position\":2,\"name\":\"Winkel\",\"item\":\"https:\\\/\\\/dulonmarine.com\\\/pt\\\/piacaba\\\/\"},{\"@type\":\"ListItem\",\"position\":3,\"name\":\"Dulon Premium Boat Wax 19 &#8211; high gloss protection\"}]},{\"@type\":\"WebSite\",\"@id\":\"https:\\\/\\\/dulonmarine.com\\\/pt\\\/#website\",\"url\":\"https:\\\/\\\/dulonmarine.com\\\/pt\\\/\",\"name\":\"Dulon Marine\",\"description\":\"Onderhoudsproducten voor de scheepvaart\",\"publisher\":{\"@id\":\"https:\\\/\\\/dulonmarine.com\\\/pt\\\/#organization\"},\"potentialAction\":[{\"@type\":\"SearchAction\",\"target\":{\"@type\":\"EntryPoint\",\"urlTemplate\":\"https:\\\/\\\/dulonmarine.com\\\/pt\\\/?s={search_term_string}\"},\"query-input\":{\"@type\":\"PropertyValueSpecification\",\"valueRequired\":true,\"valueName\":\"search_term_string\"}}],\"inLanguage\":\"pt-PT\"},{\"@type\":\"Organization\",\"@id\":\"https:\\\/\\\/dulonmarine.com\\\/pt\\\/#organization\",\"name\":\"Dulon Marine Deckmate Group\",\"url\":\"https:\\\/\\\/dulonmarine.com\\\/pt\\\/\",\"logo\":{\"@type\":\"ImageObject\",\"inLanguage\":\"pt-PT\",\"@id\":\"https:\\\/\\\/dulonmarine.com\\\/pt\\\/#\\\/schema\\\/logo\\\/image\\\/\",\"url\":\"http:\\\/\\\/dulonmarine.com\\\/wp-content\\\/uploads\\\/2023\\\/02\\\/Dulon-Marine-Deckmate-Group-logo-small.png\",\"contentUrl\":\"http:\\\/\\\/dulonmarine.com\\\/wp-content\\\/uploads\\\/2023\\\/02\\\/Dulon-Marine-Deckmate-Group-logo-small.png\",\"width\":350,\"height\":150,\"caption\":\"Dulon Marine Deckmate Group\"},\"image\":{\"@id\":\"https:\\\/\\\/dulonmarine.com\\\/pt\\\/#\\\/schema\\\/logo\\\/image\\\/\"},\"sameAs\":[\"https:\\\/\\\/www.facebook.com\\\/dulonmarine?locale=nl_NL\",\"https:\\\/\\\/www.instagram.com\\\/dulonmarinegroup\\\/\"]}]}<\/script>\n<!-- \/ Yoast SEO plugin. -->","yoast_head_json":{"title":"Dulon Premium Boat Wax 19 - prote\u00e7\u00e3o de alto brilho -","robots":{"index":"index","follow":"follow","max-snippet":"max-snippet:-1","max-image-preview":"max-image-preview:large","max-video-preview":"max-video-preview:-1"},"canonical":"https:\/\/dulonmarine.com\/pt\/piacaba\/dulon\/cera-de-polimento\/produto-de-amostra\/cera-premium-para-barcos-19-protecao-de-alto-brilho\/","og_locale":"pt_PT","og_type":"article","og_title":"Dulon Premium Boat Wax 19 - high gloss protection -","og_description":"High Gloss Protection    First class quality protection product with PTFE elements, special developed for new boats or boats in superb condition. PREMIUM BOAT WAX 19 is easy to apply and provides a high gloss finish. Optimum protection during the whole sailing season.   First class boat wax with PTFE elements.  Extreme shine &amp; protection throughout the sailing season.  Easy-On-Easy-Off","og_url":"https:\/\/dulonmarine.com\/pt\/piacaba\/dulon\/cera-de-polimento\/produto-de-amostra\/cera-premium-para-barcos-19-protecao-de-alto-brilho\/","og_site_name":"Dulon Marine","article_publisher":"https:\/\/www.facebook.com\/dulonmarine?locale=nl_NL","article_modified_time":"2024-10-30T10:50:07+00:00","og_image":[{"width":1200,"height":1200,"url":"https:\/\/dulonmarine.com\/wp-content\/uploads\/2024\/10\/19-Dulon-marine-Premium-Boat-wax.jpg","type":"image\/jpeg"}],"twitter_card":"summary_large_image","twitter_misc":{"Tempo estimado de leitura":"1 minuto"},"schema":{"@context":"https:\/\/schema.org","@graph":[{"@type":"WebPage","@id":"https:\/\/dulonmarine.com\/pt\/piacaba\/dulon\/polish-wax\/produto-de-amostra\/premium-boat-wax-19-high-gloss-protection\/","url":"https:\/\/dulonmarine.com\/pt\/piacaba\/dulon\/polish-wax\/produto-de-amostra\/premium-boat-wax-19-high-gloss-protection\/","name":"Dulon Premium Boat Wax 19 - prote\u00e7\u00e3o de alto brilho -","isPartOf":{"@id":"https:\/\/dulonmarine.com\/pt\/#website"},"primaryImageOfPage":{"@id":"https:\/\/dulonmarine.com\/pt\/piacaba\/dulon\/polish-wax\/produto-de-amostra\/premium-boat-wax-19-high-gloss-protection\/#primaryimage"},"image":{"@id":"https:\/\/dulonmarine.com\/pt\/piacaba\/dulon\/polish-wax\/produto-de-amostra\/premium-boat-wax-19-high-gloss-protection\/#primaryimage"},"thumbnailUrl":"https:\/\/dulonmarine.com\/wp-content\/uploads\/2024\/10\/19-Dulon-marine-Premium-Boat-wax.jpg","datePublished":"2020-07-29T11:11:52+00:00","dateModified":"2024-10-30T10:50:07+00:00","breadcrumb":{"@id":"https:\/\/dulonmarine.com\/pt\/piacaba\/dulon\/polish-wax\/produto-de-amostra\/premium-boat-wax-19-high-gloss-protection\/#breadcrumb"},"inLanguage":"pt-PT","potentialAction":[{"@type":"ReadAction","target":["https:\/\/dulonmarine.com\/pt\/piacaba\/dulon\/polish-wax\/produto-de-amostra\/premium-boat-wax-19-high-gloss-protection\/"]}]},{"@type":"ImageObject","inLanguage":"pt-PT","@id":"https:\/\/dulonmarine.com\/pt\/piacaba\/dulon\/polish-wax\/produto-de-amostra\/premium-boat-wax-19-high-gloss-protection\/#primaryimage","url":"https:\/\/dulonmarine.com\/wp-content\/uploads\/2024\/10\/19-Dulon-marine-Premium-Boat-wax.jpg","contentUrl":"https:\/\/dulonmarine.com\/wp-content\/uploads\/2024\/10\/19-Dulon-marine-Premium-Boat-wax.jpg","width":1200,"height":1200},{"@type":"BreadcrumbList","@id":"https:\/\/dulonmarine.com\/pt\/piacaba\/dulon\/polish-wax\/produto-de-amostra\/premium-boat-wax-19-high-gloss-protection\/#breadcrumb","itemListElement":[{"@type":"ListItem","position":1,"name":"Home","item":"https:\/\/dulonmarine.com\/"},{"@type":"ListItem","position":2,"name":"Winkel","item":"https:\/\/dulonmarine.com\/pt\/piacaba\/"},{"@type":"ListItem","position":3,"name":"Dulon Premium Boat Wax 19 &#8211; high gloss protection"}]},{"@type":"WebSite","@id":"https:\/\/dulonmarine.com\/pt\/#website","url":"https:\/\/dulonmarine.com\/pt\/","name":"Dulon Marine","description":"Outros produtos para a limpeza","publisher":{"@id":"https:\/\/dulonmarine.com\/pt\/#organization"},"potentialAction":[{"@type":"SearchAction","target":{"@type":"EntryPoint","urlTemplate":"https:\/\/dulonmarine.com\/pt\/?s={search_term_string}"},"query-input":{"@type":"PropertyValueSpecification","valueRequired":true,"valueName":"search_term_string"}}],"inLanguage":"pt-PT"},{"@type":"Organization","@id":"https:\/\/dulonmarine.com\/pt\/#organization","name":"Dulon Marine Grupo Deckmate","url":"https:\/\/dulonmarine.com\/pt\/","logo":{"@type":"ImageObject","inLanguage":"pt-PT","@id":"https:\/\/dulonmarine.com\/pt\/#\/schema\/logo\/image\/","url":"http:\/\/dulonmarine.com\/wp-content\/uploads\/2023\/02\/Dulon-Marine-Deckmate-Group-logo-small.png","contentUrl":"http:\/\/dulonmarine.com\/wp-content\/uploads\/2023\/02\/Dulon-Marine-Deckmate-Group-logo-small.png","width":350,"height":150,"caption":"Dulon Marine Deckmate Group"},"image":{"@id":"https:\/\/dulonmarine.com\/pt\/#\/schema\/logo\/image\/"},"sameAs":["https:\/\/www.facebook.com\/dulonmarine?locale=nl_NL","https:\/\/www.instagram.com\/dulonmarinegroup\/"]}]}},"_links":{"self":[{"href":"https:\/\/dulonmarine.com\/pt\/wp-json\/wp\/v2\/product\/7689","targetHints":{"allow":["GET"]}}],"collection":[{"href":"https:\/\/dulonmarine.com\/pt\/wp-json\/wp\/v2\/product"}],"about":[{"href":"https:\/\/dulonmarine.com\/pt\/wp-json\/wp\/v2\/types\/product"}],"wp:featuredmedia":[{"embeddable":true,"href":"https:\/\/dulonmarine.com\/pt\/wp-json\/wp\/v2\/media\/9687"}],"wp:attachment":[{"href":"https:\/\/dulonmarine.com\/pt\/wp-json\/wp\/v2\/media?parent=7689"}],"wp:term":[{"taxonomy":"product_brand","embeddable":true,"href":"https:\/\/dulonmarine.com\/pt\/wp-json\/wp\/v2\/product_brand?post=7689"},{"taxonomy":"product_cat","embeddable":true,"href":"https:\/\/dulonmarine.com\/pt\/wp-json\/wp\/v2\/product_cat?post=7689"},{"taxonomy":"product_tag","embeddable":true,"href":"https:\/\/dulonmarine.com\/pt\/wp-json\/wp\/v2\/product_tag?post=7689"}],"curies":[{"name":"wp","href":"https:\/\/api.w.org\/{rel}","templated":true}]}}