{"id":8511,"date":"2023-02-08T14:54:26","date_gmt":"2023-02-08T13:54:26","guid":{"rendered":"http:\/\/dulonmarine.com\/?post_type=product&#038;p=8511"},"modified":"2024-10-17T11:29:35","modified_gmt":"2024-10-17T10:29:35","slug":"placa-giratoria-deckmate-dm270","status":"publish","type":"product","link":"https:\/\/dulonmarine.com\/pt\/winkel\/deckmate\/wash-scrub\/sample-product\/deckmate-dm270-swivelplate\/","title":{"rendered":"Placa girat\u00f3ria Deckmate DM270"},"content":{"rendered":"<p>Gra\u00e7as ao sistema de liberta\u00e7\u00e3o r\u00e1pida, a placa girat\u00f3ria \u00e9 f\u00e1cil de montar numa pega Deckmate. A placa girat\u00f3ria em pl\u00e1stico ABS est\u00e1 equipada com uma liga\u00e7\u00e3o de eixo duplo, com um conector em alum\u00ednio brilhante que possui um bot\u00e3o de mola em a\u00e7o inoxid\u00e1vel, para que possa ser rapidamente trocada por uma pega Deckmate. Possui duas tiras com velcro extrudido para uma fixa\u00e7\u00e3o forte \u00e0 esponja de limpeza e para evitar que a tampa de lavagem se tor\u00e7a.<\/p>","protected":false},"excerpt":{"rendered":"<p>Esta capa de microfibra para cabe\u00e7a de lavadeira \u00e9 adequada para:<\/p>\n<ul>\n<li>Fixa\u00e7\u00e3o de v\u00e1rios produtos de aplica\u00e7\u00e3o, como uma esponja abrasiva e uma capa de lavagem. A placa girat\u00f3ria destina-se \u00e0 limpeza \u00e0 dist\u00e2ncia com um acess\u00f3rio.<\/li>\n<\/ul>\n<p>Ap\u00f3s o uso, recomenda-se lavar a placa girat\u00f3ria com bastante \u00e1gua corrente e deix\u00e1-la secar.<\/p>","protected":false},"featured_media":9526,"template":"","meta":{"_acf_changed":false,"om_disable_all_campaigns":false,"rs_blank_template":"","rs_page_bg_color":"","slide_template_v7":"","inline_featured_image":false,"_monsterinsights_skip_tracking":false,"_monsterinsights_sitenote_active":false,"_monsterinsights_sitenote_note":"","_monsterinsights_sitenote_category":0},"product_brand":[],"product_cat":[280,307],"product_tag":[318],"class_list":{"0":"post-8511","1":"product","2":"type-product","3":"status-publish","4":"has-post-thumbnail","6":"product_cat-deckmate","7":"product_cat-wash-scrub","8":"product_tag-318","9":"pa_article-numbers-contents-dm270","12":"first","13":"instock","14":"taxable","15":"shipping-taxable","16":"purchasable","17":"product-type-simple"},"acf":[],"yoast_head":"<!-- This site is optimized with the Yoast SEO plugin v27.4 - https:\/\/yoast.com\/product\/yoast-seo-wordpress\/ -->\n<title>Deckmate DM270 Swivelplate - Dulon Marine<\/title>\n<meta name=\"description\" content=\"Thanks to the quick release system, the swivelplate is easy to mount on a deckmate handle.\" \/>\n<meta name=\"robots\" content=\"index, follow, max-snippet:-1, max-image-preview:large, max-video-preview:-1\" \/>\n<link rel=\"canonical\" href=\"https:\/\/dulonmarine.com\/pt\/piacaba\/companheiro-de-conves\/lavagem-esfoliante\/produto-de-amostra\/placa-giratoria-deckmate-dm270\/\" \/>\n<meta property=\"og:locale\" content=\"pt_PT\" \/>\n<meta property=\"og:type\" content=\"article\" \/>\n<meta property=\"og:title\" content=\"Deckmate DM270 Swivelplate - Dulon Marine\" \/>\n<meta property=\"og:description\" content=\"Thanks to the quick release system, the swivelplate is easy to mount on a deckmate handle.\" \/>\n<meta property=\"og:url\" content=\"https:\/\/dulonmarine.com\/pt\/piacaba\/companheiro-de-conves\/lavagem-esfoliante\/produto-de-amostra\/placa-giratoria-deckmate-dm270\/\" \/>\n<meta property=\"og:site_name\" content=\"Dulon Marine\" \/>\n<meta property=\"article:publisher\" content=\"https:\/\/www.facebook.com\/dulonmarine?locale=nl_NL\" \/>\n<meta property=\"article:modified_time\" content=\"2024-10-17T10:29:35+00:00\" \/>\n<meta property=\"og:image\" content=\"https:\/\/dulonmarine.com\/wp-content\/uploads\/2023\/02\/270-Deckmate-Swivelplate-Bottom-view-1.jpg\" \/>\n\t<meta property=\"og:image:width\" content=\"1200\" \/>\n\t<meta property=\"og:image:height\" content=\"1200\" \/>\n\t<meta property=\"og:image:type\" content=\"image\/jpeg\" \/>\n<meta name=\"twitter:card\" content=\"summary_large_image\" \/>\n<meta name=\"twitter:label1\" content=\"Tempo estimado de leitura\" \/>\n\t<meta name=\"twitter:data1\" content=\"1 minuto\" \/>\n<script type=\"application\/ld+json\" class=\"yoast-schema-graph\">{\"@context\":\"https:\\\/\\\/schema.org\",\"@graph\":[{\"@type\":\"WebPage\",\"@id\":\"https:\\\/\\\/dulonmarine.com\\\/sv\\\/winkel\\\/dackskamrat\\\/tvatta-skrubba\\\/produktprov\\\/deckmate-dm270-vridplatta\\\/\",\"url\":\"https:\\\/\\\/dulonmarine.com\\\/sv\\\/winkel\\\/dackskamrat\\\/tvatta-skrubba\\\/produktprov\\\/deckmate-dm270-vridplatta\\\/\",\"name\":\"Deckmate DM270 Swivelplate - Dulon Marine\",\"isPartOf\":{\"@id\":\"https:\\\/\\\/dulonmarine.com\\\/pt\\\/#website\"},\"primaryImageOfPage\":{\"@id\":\"https:\\\/\\\/dulonmarine.com\\\/sv\\\/winkel\\\/dackskamrat\\\/tvatta-skrubba\\\/produktprov\\\/deckmate-dm270-vridplatta\\\/#primaryimage\"},\"image\":{\"@id\":\"https:\\\/\\\/dulonmarine.com\\\/sv\\\/winkel\\\/dackskamrat\\\/tvatta-skrubba\\\/produktprov\\\/deckmate-dm270-vridplatta\\\/#primaryimage\"},\"thumbnailUrl\":\"https:\\\/\\\/dulonmarine.com\\\/wp-content\\\/uploads\\\/2023\\\/02\\\/270-Deckmate-Swivelplate-Bottom-view-1.jpg\",\"datePublished\":\"2023-02-08T13:54:26+00:00\",\"dateModified\":\"2024-10-17T10:29:35+00:00\",\"description\":\"Thanks to the quick release system, the swivelplate is easy to mount on a deckmate handle.\",\"breadcrumb\":{\"@id\":\"https:\\\/\\\/dulonmarine.com\\\/sv\\\/winkel\\\/dackskamrat\\\/tvatta-skrubba\\\/produktprov\\\/deckmate-dm270-vridplatta\\\/#breadcrumb\"},\"inLanguage\":\"pt-PT\",\"potentialAction\":[{\"@type\":\"ReadAction\",\"target\":[\"https:\\\/\\\/dulonmarine.com\\\/sv\\\/winkel\\\/dackskamrat\\\/tvatta-skrubba\\\/produktprov\\\/deckmate-dm270-vridplatta\\\/\"]}]},{\"@type\":\"ImageObject\",\"inLanguage\":\"pt-PT\",\"@id\":\"https:\\\/\\\/dulonmarine.com\\\/sv\\\/winkel\\\/dackskamrat\\\/tvatta-skrubba\\\/produktprov\\\/deckmate-dm270-vridplatta\\\/#primaryimage\",\"url\":\"https:\\\/\\\/dulonmarine.com\\\/wp-content\\\/uploads\\\/2023\\\/02\\\/270-Deckmate-Swivelplate-Bottom-view-1.jpg\",\"contentUrl\":\"https:\\\/\\\/dulonmarine.com\\\/wp-content\\\/uploads\\\/2023\\\/02\\\/270-Deckmate-Swivelplate-Bottom-view-1.jpg\",\"width\":1200,\"height\":1200},{\"@type\":\"BreadcrumbList\",\"@id\":\"https:\\\/\\\/dulonmarine.com\\\/sv\\\/winkel\\\/dackskamrat\\\/tvatta-skrubba\\\/produktprov\\\/deckmate-dm270-vridplatta\\\/#breadcrumb\",\"itemListElement\":[{\"@type\":\"ListItem\",\"position\":1,\"name\":\"Home\",\"item\":\"https:\\\/\\\/dulonmarine.com\\\/\"},{\"@type\":\"ListItem\",\"position\":2,\"name\":\"Winkel\",\"item\":\"https:\\\/\\\/dulonmarine.com\\\/pt\\\/piacaba\\\/\"},{\"@type\":\"ListItem\",\"position\":3,\"name\":\"Deckmate DM270 Swivelplate\"}]},{\"@type\":\"WebSite\",\"@id\":\"https:\\\/\\\/dulonmarine.com\\\/pt\\\/#website\",\"url\":\"https:\\\/\\\/dulonmarine.com\\\/pt\\\/\",\"name\":\"Dulon Marine\",\"description\":\"Onderhoudsproducten voor de scheepvaart\",\"publisher\":{\"@id\":\"https:\\\/\\\/dulonmarine.com\\\/pt\\\/#organization\"},\"potentialAction\":[{\"@type\":\"SearchAction\",\"target\":{\"@type\":\"EntryPoint\",\"urlTemplate\":\"https:\\\/\\\/dulonmarine.com\\\/pt\\\/?s={search_term_string}\"},\"query-input\":{\"@type\":\"PropertyValueSpecification\",\"valueRequired\":true,\"valueName\":\"search_term_string\"}}],\"inLanguage\":\"pt-PT\"},{\"@type\":\"Organization\",\"@id\":\"https:\\\/\\\/dulonmarine.com\\\/pt\\\/#organization\",\"name\":\"Dulon Marine Deckmate Group\",\"url\":\"https:\\\/\\\/dulonmarine.com\\\/pt\\\/\",\"logo\":{\"@type\":\"ImageObject\",\"inLanguage\":\"pt-PT\",\"@id\":\"https:\\\/\\\/dulonmarine.com\\\/pt\\\/#\\\/schema\\\/logo\\\/image\\\/\",\"url\":\"http:\\\/\\\/dulonmarine.com\\\/wp-content\\\/uploads\\\/2023\\\/02\\\/Dulon-Marine-Deckmate-Group-logo-small.png\",\"contentUrl\":\"http:\\\/\\\/dulonmarine.com\\\/wp-content\\\/uploads\\\/2023\\\/02\\\/Dulon-Marine-Deckmate-Group-logo-small.png\",\"width\":350,\"height\":150,\"caption\":\"Dulon Marine Deckmate Group\"},\"image\":{\"@id\":\"https:\\\/\\\/dulonmarine.com\\\/pt\\\/#\\\/schema\\\/logo\\\/image\\\/\"},\"sameAs\":[\"https:\\\/\\\/www.facebook.com\\\/dulonmarine?locale=nl_NL\",\"https:\\\/\\\/www.instagram.com\\\/dulonmarinegroup\\\/\"]}]}<\/script>\n<!-- \/ Yoast SEO plugin. -->","yoast_head_json":{"title":"Placa girat\u00f3ria Deckmate DM270 - Dulon Marine","description":"Gra\u00e7as ao sistema de libera\u00e7\u00e3o r\u00e1pida, a placa girat\u00f3ria \u00e9 f\u00e1cil de montar em uma al\u00e7a Deckmate.","robots":{"index":"index","follow":"follow","max-snippet":"max-snippet:-1","max-image-preview":"max-image-preview:large","max-video-preview":"max-video-preview:-1"},"canonical":"https:\/\/dulonmarine.com\/pt\/piacaba\/companheiro-de-conves\/lavagem-esfoliante\/produto-de-amostra\/placa-giratoria-deckmate-dm270\/","og_locale":"pt_PT","og_type":"article","og_title":"Deckmate DM270 Swivelplate - Dulon Marine","og_description":"Thanks to the quick release system, the swivelplate is easy to mount on a deckmate handle.","og_url":"https:\/\/dulonmarine.com\/pt\/piacaba\/companheiro-de-conves\/lavagem-esfoliante\/produto-de-amostra\/placa-giratoria-deckmate-dm270\/","og_site_name":"Dulon Marine","article_publisher":"https:\/\/www.facebook.com\/dulonmarine?locale=nl_NL","article_modified_time":"2024-10-17T10:29:35+00:00","og_image":[{"width":1200,"height":1200,"url":"https:\/\/dulonmarine.com\/wp-content\/uploads\/2023\/02\/270-Deckmate-Swivelplate-Bottom-view-1.jpg","type":"image\/jpeg"}],"twitter_card":"summary_large_image","twitter_misc":{"Tempo estimado de leitura":"1 minuto"},"schema":{"@context":"https:\/\/schema.org","@graph":[{"@type":"WebPage","@id":"https:\/\/dulonmarine.com\/sv\/winkel\/dackskamrat\/tvatta-skrubba\/produktprov\/deckmate-dm270-vridplatta\/","url":"https:\/\/dulonmarine.com\/sv\/winkel\/dackskamrat\/tvatta-skrubba\/produktprov\/deckmate-dm270-vridplatta\/","name":"Placa girat\u00f3ria Deckmate DM270 - Dulon Marine","isPartOf":{"@id":"https:\/\/dulonmarine.com\/pt\/#website"},"primaryImageOfPage":{"@id":"https:\/\/dulonmarine.com\/sv\/winkel\/dackskamrat\/tvatta-skrubba\/produktprov\/deckmate-dm270-vridplatta\/#primaryimage"},"image":{"@id":"https:\/\/dulonmarine.com\/sv\/winkel\/dackskamrat\/tvatta-skrubba\/produktprov\/deckmate-dm270-vridplatta\/#primaryimage"},"thumbnailUrl":"https:\/\/dulonmarine.com\/wp-content\/uploads\/2023\/02\/270-Deckmate-Swivelplate-Bottom-view-1.jpg","datePublished":"2023-02-08T13:54:26+00:00","dateModified":"2024-10-17T10:29:35+00:00","description":"Gra\u00e7as ao sistema de libera\u00e7\u00e3o r\u00e1pida, a placa girat\u00f3ria \u00e9 f\u00e1cil de montar em uma al\u00e7a Deckmate.","breadcrumb":{"@id":"https:\/\/dulonmarine.com\/sv\/winkel\/dackskamrat\/tvatta-skrubba\/produktprov\/deckmate-dm270-vridplatta\/#breadcrumb"},"inLanguage":"pt-PT","potentialAction":[{"@type":"ReadAction","target":["https:\/\/dulonmarine.com\/sv\/winkel\/dackskamrat\/tvatta-skrubba\/produktprov\/deckmate-dm270-vridplatta\/"]}]},{"@type":"ImageObject","inLanguage":"pt-PT","@id":"https:\/\/dulonmarine.com\/sv\/winkel\/dackskamrat\/tvatta-skrubba\/produktprov\/deckmate-dm270-vridplatta\/#primaryimage","url":"https:\/\/dulonmarine.com\/wp-content\/uploads\/2023\/02\/270-Deckmate-Swivelplate-Bottom-view-1.jpg","contentUrl":"https:\/\/dulonmarine.com\/wp-content\/uploads\/2023\/02\/270-Deckmate-Swivelplate-Bottom-view-1.jpg","width":1200,"height":1200},{"@type":"BreadcrumbList","@id":"https:\/\/dulonmarine.com\/sv\/winkel\/dackskamrat\/tvatta-skrubba\/produktprov\/deckmate-dm270-vridplatta\/#breadcrumb","itemListElement":[{"@type":"ListItem","position":1,"name":"Home","item":"https:\/\/dulonmarine.com\/"},{"@type":"ListItem","position":2,"name":"Winkel","item":"https:\/\/dulonmarine.com\/pt\/piacaba\/"},{"@type":"ListItem","position":3,"name":"Deckmate DM270 Swivelplate"}]},{"@type":"WebSite","@id":"https:\/\/dulonmarine.com\/pt\/#website","url":"https:\/\/dulonmarine.com\/pt\/","name":"Dulon Marine","description":"Outros produtos para a limpeza","publisher":{"@id":"https:\/\/dulonmarine.com\/pt\/#organization"},"potentialAction":[{"@type":"SearchAction","target":{"@type":"EntryPoint","urlTemplate":"https:\/\/dulonmarine.com\/pt\/?s={search_term_string}"},"query-input":{"@type":"PropertyValueSpecification","valueRequired":true,"valueName":"search_term_string"}}],"inLanguage":"pt-PT"},{"@type":"Organization","@id":"https:\/\/dulonmarine.com\/pt\/#organization","name":"Dulon Marine Grupo Deckmate","url":"https:\/\/dulonmarine.com\/pt\/","logo":{"@type":"ImageObject","inLanguage":"pt-PT","@id":"https:\/\/dulonmarine.com\/pt\/#\/schema\/logo\/image\/","url":"http:\/\/dulonmarine.com\/wp-content\/uploads\/2023\/02\/Dulon-Marine-Deckmate-Group-logo-small.png","contentUrl":"http:\/\/dulonmarine.com\/wp-content\/uploads\/2023\/02\/Dulon-Marine-Deckmate-Group-logo-small.png","width":350,"height":150,"caption":"Dulon Marine Deckmate Group"},"image":{"@id":"https:\/\/dulonmarine.com\/pt\/#\/schema\/logo\/image\/"},"sameAs":["https:\/\/www.facebook.com\/dulonmarine?locale=nl_NL","https:\/\/www.instagram.com\/dulonmarinegroup\/"]}]}},"_links":{"self":[{"href":"https:\/\/dulonmarine.com\/pt\/wp-json\/wp\/v2\/product\/8511","targetHints":{"allow":["GET"]}}],"collection":[{"href":"https:\/\/dulonmarine.com\/pt\/wp-json\/wp\/v2\/product"}],"about":[{"href":"https:\/\/dulonmarine.com\/pt\/wp-json\/wp\/v2\/types\/product"}],"wp:featuredmedia":[{"embeddable":true,"href":"https:\/\/dulonmarine.com\/pt\/wp-json\/wp\/v2\/media\/9526"}],"wp:attachment":[{"href":"https:\/\/dulonmarine.com\/pt\/wp-json\/wp\/v2\/media?parent=8511"}],"wp:term":[{"taxonomy":"product_brand","embeddable":true,"href":"https:\/\/dulonmarine.com\/pt\/wp-json\/wp\/v2\/product_brand?post=8511"},{"taxonomy":"product_cat","embeddable":true,"href":"https:\/\/dulonmarine.com\/pt\/wp-json\/wp\/v2\/product_cat?post=8511"},{"taxonomy":"product_tag","embeddable":true,"href":"https:\/\/dulonmarine.com\/pt\/wp-json\/wp\/v2\/product_tag?post=8511"}],"curies":[{"name":"wp","href":"https:\/\/api.w.org\/{rel}","templated":true}]}}