{"id":8695,"date":"2023-02-16T14:03:00","date_gmt":"2023-02-16T13:03:00","guid":{"rendered":"http:\/\/dulonmarine.com\/?post_type=product&#038;p=8695"},"modified":"2024-10-24T12:29:22","modified_gmt":"2024-10-24T11:29:22","slug":"deckmate-dm320-toalha-de-secagem-pva-premium","status":"publish","type":"product","link":"https:\/\/dulonmarine.com\/pt\/winkel\/deckmate\/drying-products\/sample-product\/deckmate-dm320-pva-drying-towel-premium\/","title":{"rendered":"Deckmate DM320 PVA Toalha de secagem premium"},"content":{"rendered":"<p>Camur\u00e7a PVA de alta qualidade com dimens\u00f5es de 68\u00d743 cm \/ 27\u00d717 polegadas; a camur\u00e7a mais absorvente atualmente dispon\u00edvel no mercado. Produzida no Jap\u00e3o pela Aion, que garante anos de resultados r\u00e1pidos e sem riscos. Tamb\u00e9m pode ser utilizada para secar autom\u00f3veis, interiores ou para uso dom\u00e9stico.<\/p>\n<p>Benef\u00edcios:<\/p>\n<ul>\n<li>Qualidade profissional<\/li>\n<li>Ret\u00e9m 6 vezes o seu pr\u00f3prio peso em \u00e1gua<\/li>\n<li>Estrutura especial da superf\u00edcie em relevo, resultando em baixa resist\u00eancia superficial durante o desgaste<\/li>\n<li>\u00c9 macio (ao toque) e f\u00e1cil de torcer.<\/li>\n<li>Resistente ao bolor e ao mofo<\/li>\n<\/ul>","protected":false},"excerpt":{"rendered":"<p>Esta toalha de secagem \u00e9 adequada para:<\/p>\n<ul>\n<li>Esta camur\u00e7a tamb\u00e9m \u00e9 adequada para secar o carro, o interior ou para uso dom\u00e9stico.<\/li>\n<li>Al\u00e9m disso, esta camur\u00e7a \u00e9 frequentemente utilizada para remover pelos de animais de estima\u00e7\u00e3o.<\/li>\n<\/ul>\n<p>Ap\u00f3s o uso, recomenda-se lavar a camur\u00e7a com bastante \u00e1gua corrente, torcer e guardar na bolsa.<\/p>\n<div class=\"x-video-inner\">\n    <video  \nclass=\"x-mejs x-wp-video-shortcode advanced-controls\" \n        width=\"400\" \n        height=\"400\" \n        loop autoplay muted playsinline style=\"border: none; outline: none; background: none;\"><source type=\"video\/mp4\" src=\"http:\/\/dulonmarine.com\/wp-content\/uploads\/2024\/10\/320_Drying_Towel_Premium_1.mp4\"><\/video>\n<\/div>","protected":false},"featured_media":9215,"template":"","meta":{"_acf_changed":false,"om_disable_all_campaigns":false,"rs_blank_template":"","rs_page_bg_color":"","slide_template_v7":"","inline_featured_image":false,"_monsterinsights_skip_tracking":false,"_monsterinsights_sitenote_active":false,"_monsterinsights_sitenote_note":"","_monsterinsights_sitenote_category":0},"product_brand":[],"product_cat":[280,290],"product_tag":[293],"class_list":{"0":"post-8695","1":"product","2":"type-product","3":"status-publish","4":"has-post-thumbnail","6":"product_cat-deckmate","7":"product_cat-drying-products","8":"product_tag-293","9":"pa_article-numbers-contents-dm320","12":"first","13":"instock","14":"taxable","15":"shipping-taxable","16":"purchasable","17":"product-type-simple"},"acf":[],"yoast_head":"<!-- This site is optimized with the Yoast SEO plugin v27.4 - https:\/\/yoast.com\/product\/yoast-seo-wordpress\/ -->\n<title>Deckmate DM320 PVA Drying towel premium - Dulon Marine<\/title>\n<meta name=\"description\" content=\"This supple polyvinyl alcohol chamois is the most absorbing chamois currently available on the market.\" \/>\n<meta name=\"robots\" content=\"index, follow, max-snippet:-1, max-image-preview:large, max-video-preview:-1\" \/>\n<link rel=\"canonical\" href=\"https:\/\/dulonmarine.com\/pt\/piacaba\/companheiro-de-conves\/produtos-de-secagem\/produto-de-amostra\/deckmate-dm320-toalha-de-secagem-pva-premium\/\" \/>\n<meta property=\"og:locale\" content=\"pt_PT\" \/>\n<meta property=\"og:type\" content=\"article\" \/>\n<meta property=\"og:title\" content=\"Deckmate DM320 PVA Drying towel premium - Dulon Marine\" \/>\n<meta property=\"og:description\" content=\"This supple polyvinyl alcohol chamois is the most absorbing chamois currently available on the market.\" \/>\n<meta property=\"og:url\" content=\"https:\/\/dulonmarine.com\/pt\/piacaba\/companheiro-de-conves\/produtos-de-secagem\/produto-de-amostra\/deckmate-dm320-toalha-de-secagem-pva-premium\/\" \/>\n<meta property=\"og:site_name\" content=\"Dulon Marine\" \/>\n<meta property=\"article:publisher\" content=\"https:\/\/www.facebook.com\/dulonmarine?locale=nl_NL\" \/>\n<meta property=\"article:modified_time\" content=\"2024-10-24T11:29:22+00:00\" \/>\n<meta property=\"og:image\" content=\"https:\/\/dulonmarine.com\/wp-content\/uploads\/2023\/02\/320-Deckmate-Drying-towel-premium-In-packaging-Front-viewjpg.jpg\" \/>\n\t<meta property=\"og:image:width\" content=\"1200\" \/>\n\t<meta property=\"og:image:height\" content=\"1200\" \/>\n\t<meta property=\"og:image:type\" content=\"image\/jpeg\" \/>\n<meta name=\"twitter:card\" content=\"summary_large_image\" \/>\n<meta name=\"twitter:label1\" content=\"Tempo estimado de leitura\" \/>\n\t<meta name=\"twitter:data1\" content=\"1 minuto\" \/>\n<script type=\"application\/ld+json\" class=\"yoast-schema-graph\">{\"@context\":\"https:\\\/\\\/schema.org\",\"@graph\":[{\"@type\":\"WebPage\",\"@id\":\"https:\\\/\\\/dulonmarine.com\\\/winkel\\\/deckmate\\\/drying-products\\\/sample-product\\\/deckmate-dm320-pva-drying-towel-premium\\\/\",\"url\":\"https:\\\/\\\/dulonmarine.com\\\/winkel\\\/deckmate\\\/drying-products\\\/sample-product\\\/deckmate-dm320-pva-drying-towel-premium\\\/\",\"name\":\"Deckmate DM320 PVA Drying towel premium - Dulon Marine\",\"isPartOf\":{\"@id\":\"https:\\\/\\\/dulonmarine.com\\\/pt\\\/#website\"},\"primaryImageOfPage\":{\"@id\":\"https:\\\/\\\/dulonmarine.com\\\/winkel\\\/deckmate\\\/drying-products\\\/sample-product\\\/deckmate-dm320-pva-drying-towel-premium\\\/#primaryimage\"},\"image\":{\"@id\":\"https:\\\/\\\/dulonmarine.com\\\/winkel\\\/deckmate\\\/drying-products\\\/sample-product\\\/deckmate-dm320-pva-drying-towel-premium\\\/#primaryimage\"},\"thumbnailUrl\":\"https:\\\/\\\/dulonmarine.com\\\/wp-content\\\/uploads\\\/2023\\\/02\\\/320-Deckmate-Drying-towel-premium-In-packaging-Front-viewjpg.jpg\",\"datePublished\":\"2023-02-16T13:03:00+00:00\",\"dateModified\":\"2024-10-24T11:29:22+00:00\",\"description\":\"This supple polyvinyl alcohol chamois is the most absorbing chamois currently available on the market.\",\"breadcrumb\":{\"@id\":\"https:\\\/\\\/dulonmarine.com\\\/winkel\\\/deckmate\\\/drying-products\\\/sample-product\\\/deckmate-dm320-pva-drying-towel-premium\\\/#breadcrumb\"},\"inLanguage\":\"pt-PT\",\"potentialAction\":[{\"@type\":\"ReadAction\",\"target\":[\"https:\\\/\\\/dulonmarine.com\\\/winkel\\\/deckmate\\\/drying-products\\\/sample-product\\\/deckmate-dm320-pva-drying-towel-premium\\\/\"]}]},{\"@type\":\"ImageObject\",\"inLanguage\":\"pt-PT\",\"@id\":\"https:\\\/\\\/dulonmarine.com\\\/winkel\\\/deckmate\\\/drying-products\\\/sample-product\\\/deckmate-dm320-pva-drying-towel-premium\\\/#primaryimage\",\"url\":\"https:\\\/\\\/dulonmarine.com\\\/wp-content\\\/uploads\\\/2023\\\/02\\\/320-Deckmate-Drying-towel-premium-In-packaging-Front-viewjpg.jpg\",\"contentUrl\":\"https:\\\/\\\/dulonmarine.com\\\/wp-content\\\/uploads\\\/2023\\\/02\\\/320-Deckmate-Drying-towel-premium-In-packaging-Front-viewjpg.jpg\",\"width\":1200,\"height\":1200},{\"@type\":\"BreadcrumbList\",\"@id\":\"https:\\\/\\\/dulonmarine.com\\\/winkel\\\/deckmate\\\/drying-products\\\/sample-product\\\/deckmate-dm320-pva-drying-towel-premium\\\/#breadcrumb\",\"itemListElement\":[{\"@type\":\"ListItem\",\"position\":1,\"name\":\"Home\",\"item\":\"https:\\\/\\\/dulonmarine.com\\\/\"},{\"@type\":\"ListItem\",\"position\":2,\"name\":\"Winkel\",\"item\":\"https:\\\/\\\/dulonmarine.com\\\/pt\\\/piacaba\\\/\"},{\"@type\":\"ListItem\",\"position\":3,\"name\":\"Deckmate DM320 PVA Drying towel premium\"}]},{\"@type\":\"WebSite\",\"@id\":\"https:\\\/\\\/dulonmarine.com\\\/pt\\\/#website\",\"url\":\"https:\\\/\\\/dulonmarine.com\\\/pt\\\/\",\"name\":\"Dulon Marine\",\"description\":\"Onderhoudsproducten voor de scheepvaart\",\"publisher\":{\"@id\":\"https:\\\/\\\/dulonmarine.com\\\/pt\\\/#organization\"},\"potentialAction\":[{\"@type\":\"SearchAction\",\"target\":{\"@type\":\"EntryPoint\",\"urlTemplate\":\"https:\\\/\\\/dulonmarine.com\\\/pt\\\/?s={search_term_string}\"},\"query-input\":{\"@type\":\"PropertyValueSpecification\",\"valueRequired\":true,\"valueName\":\"search_term_string\"}}],\"inLanguage\":\"pt-PT\"},{\"@type\":\"Organization\",\"@id\":\"https:\\\/\\\/dulonmarine.com\\\/pt\\\/#organization\",\"name\":\"Dulon Marine Deckmate Group\",\"url\":\"https:\\\/\\\/dulonmarine.com\\\/pt\\\/\",\"logo\":{\"@type\":\"ImageObject\",\"inLanguage\":\"pt-PT\",\"@id\":\"https:\\\/\\\/dulonmarine.com\\\/pt\\\/#\\\/schema\\\/logo\\\/image\\\/\",\"url\":\"http:\\\/\\\/dulonmarine.com\\\/wp-content\\\/uploads\\\/2023\\\/02\\\/Dulon-Marine-Deckmate-Group-logo-small.png\",\"contentUrl\":\"http:\\\/\\\/dulonmarine.com\\\/wp-content\\\/uploads\\\/2023\\\/02\\\/Dulon-Marine-Deckmate-Group-logo-small.png\",\"width\":350,\"height\":150,\"caption\":\"Dulon Marine Deckmate Group\"},\"image\":{\"@id\":\"https:\\\/\\\/dulonmarine.com\\\/pt\\\/#\\\/schema\\\/logo\\\/image\\\/\"},\"sameAs\":[\"https:\\\/\\\/www.facebook.com\\\/dulonmarine?locale=nl_NL\",\"https:\\\/\\\/www.instagram.com\\\/dulonmarinegroup\\\/\"]}]}<\/script>\n<!-- \/ Yoast SEO plugin. -->","yoast_head_json":{"title":"Deckmate DM320 PVA Toalha de secagem premium - Dulon Marine","description":"Esta camur\u00e7a flex\u00edvel de \u00e1lcool polivin\u00edlico \u00e9 a camur\u00e7a mais absorvente atualmente dispon\u00edvel no mercado.","robots":{"index":"index","follow":"follow","max-snippet":"max-snippet:-1","max-image-preview":"max-image-preview:large","max-video-preview":"max-video-preview:-1"},"canonical":"https:\/\/dulonmarine.com\/pt\/piacaba\/companheiro-de-conves\/produtos-de-secagem\/produto-de-amostra\/deckmate-dm320-toalha-de-secagem-pva-premium\/","og_locale":"pt_PT","og_type":"article","og_title":"Deckmate DM320 PVA Drying towel premium - Dulon Marine","og_description":"This supple polyvinyl alcohol chamois is the most absorbing chamois currently available on the market.","og_url":"https:\/\/dulonmarine.com\/pt\/piacaba\/companheiro-de-conves\/produtos-de-secagem\/produto-de-amostra\/deckmate-dm320-toalha-de-secagem-pva-premium\/","og_site_name":"Dulon Marine","article_publisher":"https:\/\/www.facebook.com\/dulonmarine?locale=nl_NL","article_modified_time":"2024-10-24T11:29:22+00:00","og_image":[{"width":1200,"height":1200,"url":"https:\/\/dulonmarine.com\/wp-content\/uploads\/2023\/02\/320-Deckmate-Drying-towel-premium-In-packaging-Front-viewjpg.jpg","type":"image\/jpeg"}],"twitter_card":"summary_large_image","twitter_misc":{"Tempo estimado de leitura":"1 minuto"},"schema":{"@context":"https:\/\/schema.org","@graph":[{"@type":"WebPage","@id":"https:\/\/dulonmarine.com\/winkel\/deckmate\/drying-products\/sample-product\/deckmate-dm320-pva-drying-towel-premium\/","url":"https:\/\/dulonmarine.com\/winkel\/deckmate\/drying-products\/sample-product\/deckmate-dm320-pva-drying-towel-premium\/","name":"Deckmate DM320 PVA Toalha de secagem premium - Dulon Marine","isPartOf":{"@id":"https:\/\/dulonmarine.com\/pt\/#website"},"primaryImageOfPage":{"@id":"https:\/\/dulonmarine.com\/winkel\/deckmate\/drying-products\/sample-product\/deckmate-dm320-pva-drying-towel-premium\/#primaryimage"},"image":{"@id":"https:\/\/dulonmarine.com\/winkel\/deckmate\/drying-products\/sample-product\/deckmate-dm320-pva-drying-towel-premium\/#primaryimage"},"thumbnailUrl":"https:\/\/dulonmarine.com\/wp-content\/uploads\/2023\/02\/320-Deckmate-Drying-towel-premium-In-packaging-Front-viewjpg.jpg","datePublished":"2023-02-16T13:03:00+00:00","dateModified":"2024-10-24T11:29:22+00:00","description":"Esta camur\u00e7a flex\u00edvel de \u00e1lcool polivin\u00edlico \u00e9 a camur\u00e7a mais absorvente atualmente dispon\u00edvel no mercado.","breadcrumb":{"@id":"https:\/\/dulonmarine.com\/winkel\/deckmate\/drying-products\/sample-product\/deckmate-dm320-pva-drying-towel-premium\/#breadcrumb"},"inLanguage":"pt-PT","potentialAction":[{"@type":"ReadAction","target":["https:\/\/dulonmarine.com\/winkel\/deckmate\/drying-products\/sample-product\/deckmate-dm320-pva-drying-towel-premium\/"]}]},{"@type":"ImageObject","inLanguage":"pt-PT","@id":"https:\/\/dulonmarine.com\/winkel\/deckmate\/drying-products\/sample-product\/deckmate-dm320-pva-drying-towel-premium\/#primaryimage","url":"https:\/\/dulonmarine.com\/wp-content\/uploads\/2023\/02\/320-Deckmate-Drying-towel-premium-In-packaging-Front-viewjpg.jpg","contentUrl":"https:\/\/dulonmarine.com\/wp-content\/uploads\/2023\/02\/320-Deckmate-Drying-towel-premium-In-packaging-Front-viewjpg.jpg","width":1200,"height":1200},{"@type":"BreadcrumbList","@id":"https:\/\/dulonmarine.com\/winkel\/deckmate\/drying-products\/sample-product\/deckmate-dm320-pva-drying-towel-premium\/#breadcrumb","itemListElement":[{"@type":"ListItem","position":1,"name":"Home","item":"https:\/\/dulonmarine.com\/"},{"@type":"ListItem","position":2,"name":"Winkel","item":"https:\/\/dulonmarine.com\/pt\/piacaba\/"},{"@type":"ListItem","position":3,"name":"Deckmate DM320 PVA Drying towel premium"}]},{"@type":"WebSite","@id":"https:\/\/dulonmarine.com\/pt\/#website","url":"https:\/\/dulonmarine.com\/pt\/","name":"Dulon Marine","description":"Outros produtos para a limpeza","publisher":{"@id":"https:\/\/dulonmarine.com\/pt\/#organization"},"potentialAction":[{"@type":"SearchAction","target":{"@type":"EntryPoint","urlTemplate":"https:\/\/dulonmarine.com\/pt\/?s={search_term_string}"},"query-input":{"@type":"PropertyValueSpecification","valueRequired":true,"valueName":"search_term_string"}}],"inLanguage":"pt-PT"},{"@type":"Organization","@id":"https:\/\/dulonmarine.com\/pt\/#organization","name":"Dulon Marine Grupo Deckmate","url":"https:\/\/dulonmarine.com\/pt\/","logo":{"@type":"ImageObject","inLanguage":"pt-PT","@id":"https:\/\/dulonmarine.com\/pt\/#\/schema\/logo\/image\/","url":"http:\/\/dulonmarine.com\/wp-content\/uploads\/2023\/02\/Dulon-Marine-Deckmate-Group-logo-small.png","contentUrl":"http:\/\/dulonmarine.com\/wp-content\/uploads\/2023\/02\/Dulon-Marine-Deckmate-Group-logo-small.png","width":350,"height":150,"caption":"Dulon Marine Deckmate Group"},"image":{"@id":"https:\/\/dulonmarine.com\/pt\/#\/schema\/logo\/image\/"},"sameAs":["https:\/\/www.facebook.com\/dulonmarine?locale=nl_NL","https:\/\/www.instagram.com\/dulonmarinegroup\/"]}]}},"_links":{"self":[{"href":"https:\/\/dulonmarine.com\/pt\/wp-json\/wp\/v2\/product\/8695","targetHints":{"allow":["GET"]}}],"collection":[{"href":"https:\/\/dulonmarine.com\/pt\/wp-json\/wp\/v2\/product"}],"about":[{"href":"https:\/\/dulonmarine.com\/pt\/wp-json\/wp\/v2\/types\/product"}],"wp:featuredmedia":[{"embeddable":true,"href":"https:\/\/dulonmarine.com\/pt\/wp-json\/wp\/v2\/media\/9215"}],"wp:attachment":[{"href":"https:\/\/dulonmarine.com\/pt\/wp-json\/wp\/v2\/media?parent=8695"}],"wp:term":[{"taxonomy":"product_brand","embeddable":true,"href":"https:\/\/dulonmarine.com\/pt\/wp-json\/wp\/v2\/product_brand?post=8695"},{"taxonomy":"product_cat","embeddable":true,"href":"https:\/\/dulonmarine.com\/pt\/wp-json\/wp\/v2\/product_cat?post=8695"},{"taxonomy":"product_tag","embeddable":true,"href":"https:\/\/dulonmarine.com\/pt\/wp-json\/wp\/v2\/product_tag?post=8695"}],"curies":[{"name":"wp","href":"https:\/\/api.w.org\/{rel}","templated":true}]}}