{"id":9179,"date":"2024-10-10T11:10:13","date_gmt":"2024-10-10T10:10:13","guid":{"rendered":"http:\/\/dulonmarine.com\/?post_type=product&#038;p=9179"},"modified":"2025-10-22T16:34:08","modified_gmt":"2025-10-22T15:34:08","slug":"alcas-para-conves","status":"publish","type":"product","link":"https:\/\/dulonmarine.com\/pt\/winkel\/deckmate\/telescopic-and-fixed-handles\/sample-product\/deckmate-handles\/","title":{"rendered":"Deckmate DM444 DM446 DM454 DM456 Pegas"},"content":{"rendered":"<p>As pegas leves Deckmate s\u00e3o fabricadas em alum\u00ednio anodizado brilhante de qualidade aeron\u00e1utica, com uma superf\u00edcie polida de alto brilho.<\/p>\n<p>As pegas Deckmate s\u00e3o extremamente resistentes e leves, pelo que a pega telesc\u00f3pica oferece um bom controlo sobre a escova ou outro acess\u00f3rio durante a limpeza em dist\u00e2ncias maiores, evitando danos desnecess\u00e1rios.<\/p>\n<p>Benef\u00edcios:<\/p>\n<ul>\n<li style=\"list-style-type: none;\">\n<ul>\n<li>Estas pegas telesc\u00f3picas podem ser ajustadas em 3 comprimentos diferentes e s\u00e3o firmemente fixadas com um bot\u00e3o de mola em a\u00e7o inoxid\u00e1vel.<\/li>\n<li>O tubo interior possui uma linha de refer\u00eancia permanente para fix\u00e1-lo de forma r\u00e1pida e f\u00e1cil.<\/li>\n<li>Cada pega tem um ou mais punhos antiderrapantes confort\u00e1veis.<\/li>\n<\/ul>\n<\/li>\n<\/ul>\n<p>Com a ajuda do sistema de libera\u00e7\u00e3o r\u00e1pida, \u00e9 poss\u00edvel colocar de forma r\u00e1pida e f\u00e1cil uma variedade de acess\u00f3rios nas al\u00e7as.<\/p>","protected":false},"excerpt":{"rendered":"<p>As pegas DeckMate resistem \u00e0 corros\u00e3o causada pela humidade e pela \u00e1gua do mar. No entanto, recomenda-se que lave a pega com \u00e1gua doce em abund\u00e2ncia ap\u00f3s a utiliza\u00e7\u00e3o em \u00e1gua salgada.<\/p>\n<p><strong>Gama de produtos:<\/strong><\/p>\n<ul>\n<li>DM444 Pega fixa \u2013 120 cm \/ 47 polegadas<\/li>\n<li>DM446 Pega fixa \u2013 150 cm \/ 59 polegadas<\/li>\n<li>DM454 Pega telesc\u00f3pica curta \u2013 107-181 cm \/ 42-47 polegadas<\/li>\n<li>DM456 Pega telesc\u00f3pica longa \u2013 156-278 cm \/ 61-109 polegadas<\/li>\n<\/ul>","protected":false},"featured_media":9905,"template":"","meta":{"_acf_changed":false,"om_disable_all_campaigns":false,"rs_blank_template":"","rs_page_bg_color":"","slide_template_v7":"","inline_featured_image":false,"_monsterinsights_skip_tracking":false,"_monsterinsights_sitenote_active":false,"_monsterinsights_sitenote_note":"","_monsterinsights_sitenote_category":0},"product_brand":[],"product_cat":[280,279],"product_tag":[302,348,303,304],"class_list":{"0":"post-9179","1":"product","2":"type-product","3":"status-publish","4":"has-post-thumbnail","6":"product_cat-deckmate","7":"product_cat-telescopic-and-fixed-handles","8":"product_tag-302","9":"product_tag-348","10":"product_tag-303","11":"product_tag-304","12":"pa_article-numbers-contents-dm444","13":"pa_article-numbers-contents-dm446","14":"pa_article-numbers-contents-dm454","15":"pa_article-numbers-contents-dm456","18":"first","19":"instock","20":"taxable","21":"shipping-taxable","22":"purchasable","23":"product-type-variable"},"acf":[],"yoast_head":"<!-- This site is optimized with the Yoast SEO plugin v27.4 - https:\/\/yoast.com\/product\/yoast-seo-wordpress\/ -->\n<title>Deckmate DM444 DM446 DM454 DM456 Handles - Dulon Marine<\/title>\n<meta name=\"robots\" content=\"index, follow, max-snippet:-1, max-image-preview:large, max-video-preview:-1\" \/>\n<link rel=\"canonical\" href=\"https:\/\/dulonmarine.com\/pt\/piacaba\/companheiro-de-conves\/pegas-telescopicas-e-fixas\/produto-de-amostra\/alcas-para-conves\/\" \/>\n<meta property=\"og:locale\" content=\"pt_PT\" \/>\n<meta property=\"og:type\" content=\"article\" \/>\n<meta property=\"og:title\" content=\"Deckmate DM444 DM446 DM454 DM456 Handles - Dulon Marine\" \/>\n<meta property=\"og:description\" content=\"Deckmate handles can withstand corrosion caused by moisture and seawater. It is recommended, however, that you rinse the handle with plenty of fresh water after use in salt water.  Product range:   DM444 Handle Fixed \u2013 120cm \/ 47inch     DM446 Handle Fixed \u2013 150cm \/ 59inch  DM454 Handle Telescopic Short \u2013 107-181cm \/ 42-47inch  DM456 Handle Telescopic Long \u2013 156-278cm \/ 61-109inch\" \/>\n<meta property=\"og:url\" content=\"https:\/\/dulonmarine.com\/pt\/piacaba\/companheiro-de-conves\/pegas-telescopicas-e-fixas\/produto-de-amostra\/alcas-para-conves\/\" \/>\n<meta property=\"og:site_name\" content=\"Dulon Marine\" \/>\n<meta property=\"article:publisher\" content=\"https:\/\/www.facebook.com\/dulonmarine?locale=nl_NL\" \/>\n<meta property=\"article:modified_time\" content=\"2025-10-22T15:34:08+00:00\" \/>\n<meta property=\"og:image\" content=\"https:\/\/dulonmarine.com\/wp-content\/uploads\/2024\/10\/01.-444-454-456-Deckmate-Handles-Full-shot-View-from-above.webp\" \/>\n\t<meta property=\"og:image:width\" content=\"1200\" \/>\n\t<meta property=\"og:image:height\" content=\"1200\" \/>\n\t<meta property=\"og:image:type\" content=\"image\/webp\" \/>\n<meta name=\"twitter:card\" content=\"summary_large_image\" \/>\n<meta name=\"twitter:label1\" content=\"Tempo estimado de leitura\" \/>\n\t<meta name=\"twitter:data1\" content=\"1 minuto\" \/>\n<script type=\"application\/ld+json\" class=\"yoast-schema-graph\">{\"@context\":\"https:\\\/\\\/schema.org\",\"@graph\":[{\"@type\":\"WebPage\",\"@id\":\"https:\\\/\\\/dulonmarine.com\\\/winkel\\\/deckmate\\\/telescopic-and-fixed-handles\\\/sample-product\\\/deckmate-handles\\\/\",\"url\":\"https:\\\/\\\/dulonmarine.com\\\/winkel\\\/deckmate\\\/telescopic-and-fixed-handles\\\/sample-product\\\/deckmate-handles\\\/\",\"name\":\"Deckmate DM444 DM446 DM454 DM456 Handles - Dulon Marine\",\"isPartOf\":{\"@id\":\"https:\\\/\\\/dulonmarine.com\\\/pt\\\/#website\"},\"primaryImageOfPage\":{\"@id\":\"https:\\\/\\\/dulonmarine.com\\\/winkel\\\/deckmate\\\/telescopic-and-fixed-handles\\\/sample-product\\\/deckmate-handles\\\/#primaryimage\"},\"image\":{\"@id\":\"https:\\\/\\\/dulonmarine.com\\\/winkel\\\/deckmate\\\/telescopic-and-fixed-handles\\\/sample-product\\\/deckmate-handles\\\/#primaryimage\"},\"thumbnailUrl\":\"https:\\\/\\\/dulonmarine.com\\\/wp-content\\\/uploads\\\/2024\\\/10\\\/01.-444-454-456-Deckmate-Handles-Full-shot-View-from-above.webp\",\"datePublished\":\"2024-10-10T10:10:13+00:00\",\"dateModified\":\"2025-10-22T15:34:08+00:00\",\"breadcrumb\":{\"@id\":\"https:\\\/\\\/dulonmarine.com\\\/winkel\\\/deckmate\\\/telescopic-and-fixed-handles\\\/sample-product\\\/deckmate-handles\\\/#breadcrumb\"},\"inLanguage\":\"pt-PT\",\"potentialAction\":[{\"@type\":\"ReadAction\",\"target\":[\"https:\\\/\\\/dulonmarine.com\\\/winkel\\\/deckmate\\\/telescopic-and-fixed-handles\\\/sample-product\\\/deckmate-handles\\\/\"]}]},{\"@type\":\"ImageObject\",\"inLanguage\":\"pt-PT\",\"@id\":\"https:\\\/\\\/dulonmarine.com\\\/winkel\\\/deckmate\\\/telescopic-and-fixed-handles\\\/sample-product\\\/deckmate-handles\\\/#primaryimage\",\"url\":\"https:\\\/\\\/dulonmarine.com\\\/wp-content\\\/uploads\\\/2024\\\/10\\\/01.-444-454-456-Deckmate-Handles-Full-shot-View-from-above.webp\",\"contentUrl\":\"https:\\\/\\\/dulonmarine.com\\\/wp-content\\\/uploads\\\/2024\\\/10\\\/01.-444-454-456-Deckmate-Handles-Full-shot-View-from-above.webp\",\"width\":1200,\"height\":1200},{\"@type\":\"BreadcrumbList\",\"@id\":\"https:\\\/\\\/dulonmarine.com\\\/winkel\\\/deckmate\\\/telescopic-and-fixed-handles\\\/sample-product\\\/deckmate-handles\\\/#breadcrumb\",\"itemListElement\":[{\"@type\":\"ListItem\",\"position\":1,\"name\":\"Home\",\"item\":\"https:\\\/\\\/dulonmarine.com\\\/\"},{\"@type\":\"ListItem\",\"position\":2,\"name\":\"Winkel\",\"item\":\"https:\\\/\\\/dulonmarine.com\\\/pt\\\/piacaba\\\/\"},{\"@type\":\"ListItem\",\"position\":3,\"name\":\"Deckmate DM444 DM446 DM454 DM456 Handles\"}]},{\"@type\":\"WebSite\",\"@id\":\"https:\\\/\\\/dulonmarine.com\\\/pt\\\/#website\",\"url\":\"https:\\\/\\\/dulonmarine.com\\\/pt\\\/\",\"name\":\"Dulon Marine\",\"description\":\"Onderhoudsproducten voor de scheepvaart\",\"publisher\":{\"@id\":\"https:\\\/\\\/dulonmarine.com\\\/pt\\\/#organization\"},\"potentialAction\":[{\"@type\":\"SearchAction\",\"target\":{\"@type\":\"EntryPoint\",\"urlTemplate\":\"https:\\\/\\\/dulonmarine.com\\\/pt\\\/?s={search_term_string}\"},\"query-input\":{\"@type\":\"PropertyValueSpecification\",\"valueRequired\":true,\"valueName\":\"search_term_string\"}}],\"inLanguage\":\"pt-PT\"},{\"@type\":\"Organization\",\"@id\":\"https:\\\/\\\/dulonmarine.com\\\/pt\\\/#organization\",\"name\":\"Dulon Marine Deckmate Group\",\"url\":\"https:\\\/\\\/dulonmarine.com\\\/pt\\\/\",\"logo\":{\"@type\":\"ImageObject\",\"inLanguage\":\"pt-PT\",\"@id\":\"https:\\\/\\\/dulonmarine.com\\\/pt\\\/#\\\/schema\\\/logo\\\/image\\\/\",\"url\":\"http:\\\/\\\/dulonmarine.com\\\/wp-content\\\/uploads\\\/2023\\\/02\\\/Dulon-Marine-Deckmate-Group-logo-small.png\",\"contentUrl\":\"http:\\\/\\\/dulonmarine.com\\\/wp-content\\\/uploads\\\/2023\\\/02\\\/Dulon-Marine-Deckmate-Group-logo-small.png\",\"width\":350,\"height\":150,\"caption\":\"Dulon Marine Deckmate Group\"},\"image\":{\"@id\":\"https:\\\/\\\/dulonmarine.com\\\/pt\\\/#\\\/schema\\\/logo\\\/image\\\/\"},\"sameAs\":[\"https:\\\/\\\/www.facebook.com\\\/dulonmarine?locale=nl_NL\",\"https:\\\/\\\/www.instagram.com\\\/dulonmarinegroup\\\/\"]}]}<\/script>\n<!-- \/ Yoast SEO plugin. -->","yoast_head_json":{"title":"Deckmate DM444 DM446 DM454 DM456 Pegas - Dulon Marine","robots":{"index":"index","follow":"follow","max-snippet":"max-snippet:-1","max-image-preview":"max-image-preview:large","max-video-preview":"max-video-preview:-1"},"canonical":"https:\/\/dulonmarine.com\/pt\/piacaba\/companheiro-de-conves\/pegas-telescopicas-e-fixas\/produto-de-amostra\/alcas-para-conves\/","og_locale":"pt_PT","og_type":"article","og_title":"Deckmate DM444 DM446 DM454 DM456 Handles - Dulon Marine","og_description":"Deckmate handles can withstand corrosion caused by moisture and seawater. It is recommended, however, that you rinse the handle with plenty of fresh water after use in salt water.  Product range:   DM444 Handle Fixed \u2013 120cm \/ 47inch     DM446 Handle Fixed \u2013 150cm \/ 59inch  DM454 Handle Telescopic Short \u2013 107-181cm \/ 42-47inch  DM456 Handle Telescopic Long \u2013 156-278cm \/ 61-109inch","og_url":"https:\/\/dulonmarine.com\/pt\/piacaba\/companheiro-de-conves\/pegas-telescopicas-e-fixas\/produto-de-amostra\/alcas-para-conves\/","og_site_name":"Dulon Marine","article_publisher":"https:\/\/www.facebook.com\/dulonmarine?locale=nl_NL","article_modified_time":"2025-10-22T15:34:08+00:00","og_image":[{"width":1200,"height":1200,"url":"https:\/\/dulonmarine.com\/wp-content\/uploads\/2024\/10\/01.-444-454-456-Deckmate-Handles-Full-shot-View-from-above.webp","type":"image\/webp"}],"twitter_card":"summary_large_image","twitter_misc":{"Tempo estimado de leitura":"1 minuto"},"schema":{"@context":"https:\/\/schema.org","@graph":[{"@type":"WebPage","@id":"https:\/\/dulonmarine.com\/winkel\/deckmate\/telescopic-and-fixed-handles\/sample-product\/deckmate-handles\/","url":"https:\/\/dulonmarine.com\/winkel\/deckmate\/telescopic-and-fixed-handles\/sample-product\/deckmate-handles\/","name":"Deckmate DM444 DM446 DM454 DM456 Pegas - Dulon Marine","isPartOf":{"@id":"https:\/\/dulonmarine.com\/pt\/#website"},"primaryImageOfPage":{"@id":"https:\/\/dulonmarine.com\/winkel\/deckmate\/telescopic-and-fixed-handles\/sample-product\/deckmate-handles\/#primaryimage"},"image":{"@id":"https:\/\/dulonmarine.com\/winkel\/deckmate\/telescopic-and-fixed-handles\/sample-product\/deckmate-handles\/#primaryimage"},"thumbnailUrl":"https:\/\/dulonmarine.com\/wp-content\/uploads\/2024\/10\/01.-444-454-456-Deckmate-Handles-Full-shot-View-from-above.webp","datePublished":"2024-10-10T10:10:13+00:00","dateModified":"2025-10-22T15:34:08+00:00","breadcrumb":{"@id":"https:\/\/dulonmarine.com\/winkel\/deckmate\/telescopic-and-fixed-handles\/sample-product\/deckmate-handles\/#breadcrumb"},"inLanguage":"pt-PT","potentialAction":[{"@type":"ReadAction","target":["https:\/\/dulonmarine.com\/winkel\/deckmate\/telescopic-and-fixed-handles\/sample-product\/deckmate-handles\/"]}]},{"@type":"ImageObject","inLanguage":"pt-PT","@id":"https:\/\/dulonmarine.com\/winkel\/deckmate\/telescopic-and-fixed-handles\/sample-product\/deckmate-handles\/#primaryimage","url":"https:\/\/dulonmarine.com\/wp-content\/uploads\/2024\/10\/01.-444-454-456-Deckmate-Handles-Full-shot-View-from-above.webp","contentUrl":"https:\/\/dulonmarine.com\/wp-content\/uploads\/2024\/10\/01.-444-454-456-Deckmate-Handles-Full-shot-View-from-above.webp","width":1200,"height":1200},{"@type":"BreadcrumbList","@id":"https:\/\/dulonmarine.com\/winkel\/deckmate\/telescopic-and-fixed-handles\/sample-product\/deckmate-handles\/#breadcrumb","itemListElement":[{"@type":"ListItem","position":1,"name":"Home","item":"https:\/\/dulonmarine.com\/"},{"@type":"ListItem","position":2,"name":"Winkel","item":"https:\/\/dulonmarine.com\/pt\/piacaba\/"},{"@type":"ListItem","position":3,"name":"Deckmate DM444 DM446 DM454 DM456 Handles"}]},{"@type":"WebSite","@id":"https:\/\/dulonmarine.com\/pt\/#website","url":"https:\/\/dulonmarine.com\/pt\/","name":"Dulon Marine","description":"Outros produtos para a limpeza","publisher":{"@id":"https:\/\/dulonmarine.com\/pt\/#organization"},"potentialAction":[{"@type":"SearchAction","target":{"@type":"EntryPoint","urlTemplate":"https:\/\/dulonmarine.com\/pt\/?s={search_term_string}"},"query-input":{"@type":"PropertyValueSpecification","valueRequired":true,"valueName":"search_term_string"}}],"inLanguage":"pt-PT"},{"@type":"Organization","@id":"https:\/\/dulonmarine.com\/pt\/#organization","name":"Dulon Marine Grupo Deckmate","url":"https:\/\/dulonmarine.com\/pt\/","logo":{"@type":"ImageObject","inLanguage":"pt-PT","@id":"https:\/\/dulonmarine.com\/pt\/#\/schema\/logo\/image\/","url":"http:\/\/dulonmarine.com\/wp-content\/uploads\/2023\/02\/Dulon-Marine-Deckmate-Group-logo-small.png","contentUrl":"http:\/\/dulonmarine.com\/wp-content\/uploads\/2023\/02\/Dulon-Marine-Deckmate-Group-logo-small.png","width":350,"height":150,"caption":"Dulon Marine Deckmate Group"},"image":{"@id":"https:\/\/dulonmarine.com\/pt\/#\/schema\/logo\/image\/"},"sameAs":["https:\/\/www.facebook.com\/dulonmarine?locale=nl_NL","https:\/\/www.instagram.com\/dulonmarinegroup\/"]}]}},"_links":{"self":[{"href":"https:\/\/dulonmarine.com\/pt\/wp-json\/wp\/v2\/product\/9179","targetHints":{"allow":["GET"]}}],"collection":[{"href":"https:\/\/dulonmarine.com\/pt\/wp-json\/wp\/v2\/product"}],"about":[{"href":"https:\/\/dulonmarine.com\/pt\/wp-json\/wp\/v2\/types\/product"}],"wp:featuredmedia":[{"embeddable":true,"href":"https:\/\/dulonmarine.com\/pt\/wp-json\/wp\/v2\/media\/9905"}],"wp:attachment":[{"href":"https:\/\/dulonmarine.com\/pt\/wp-json\/wp\/v2\/media?parent=9179"}],"wp:term":[{"taxonomy":"product_brand","embeddable":true,"href":"https:\/\/dulonmarine.com\/pt\/wp-json\/wp\/v2\/product_brand?post=9179"},{"taxonomy":"product_cat","embeddable":true,"href":"https:\/\/dulonmarine.com\/pt\/wp-json\/wp\/v2\/product_cat?post=9179"},{"taxonomy":"product_tag","embeddable":true,"href":"https:\/\/dulonmarine.com\/pt\/wp-json\/wp\/v2\/product_tag?post=9179"}],"curies":[{"name":"wp","href":"https:\/\/api.w.org\/{rel}","templated":true}]}}