{"id":9618,"date":"2024-10-22T13:08:13","date_gmt":"2024-10-22T12:08:13","guid":{"rendered":"http:\/\/dulonmarine.com\/?post_type=product&#038;p=9618"},"modified":"2024-10-31T13:28:07","modified_gmt":"2024-10-31T12:28:07","slug":"massa-de-polir-para-esfregar-dulon-poly-polish","status":"publish","type":"product","link":"https:\/\/dulonmarine.com\/pt\/winkel\/dulon\/polish-wax\/sample-product\/dulon-poly-polish-rubbing-compound\/","title":{"rendered":"Dulon Composto de polimento polaco para esfregar"},"content":{"rendered":"","protected":false},"excerpt":{"rendered":"<p><span style=\"margin-top:-30px !important;\"><strong>Polimento - Acabamento de alto brilho<\/strong><\/span><\/p>\n<ul style=\"margin-top:-20px;\">\n<li>16 - \u00d3timo<\/li>\n<li>15 - M\u00e9dio<\/li>\n<li>14 - Forte<\/li>\n<li>13 - Ultra forte<\/li>\n<\/ul>\n<hr \/>\n<p>Pasta de polimento profissional com uma f\u00f3rmula granular fina a ultra forte. Restaura superf\u00edcies (muito) desgastadas, calc\u00e1rias, manchadas e ba\u00e7as e remove riscos finos e manchas e estrias persistentes. Pode ser utilizado em superf\u00edcies duras como gel coat, a\u00e7o e madeira pintados e a\u00e7o inoxid\u00e1vel. Ap\u00f3s a aplica\u00e7\u00e3o, proteger a superf\u00edcie com DULON 1&amp;2 ou DULON PREMIUM BOAT WAX 19.<\/p>\n<ul>\n<li>Restaura as superf\u00edcies desgastadas, calc\u00e1rias, manchadas e ba\u00e7as como se fossem novas.<\/li>\n<li>Remove riscos finos e manchas e riscos persistentes.<\/li>\n<li>F\u00e1cil de aplicar e econ\u00f3mico na utiliza\u00e7\u00e3o.<\/li>\n<li>Pode ser utilizado manualmente ou por m\u00e1quina.<\/li>\n<\/ul>\n<div class=\"x-video-inner\">\n    <video  \nclass=\"x-mejs x-wp-video-shortcode advanced-controls\" \n        width=\"400\" \n        height=\"400\" \n        loop autoplay muted playsinline style=\"border: none; outline: none; background: none;\"><source type=\"video\/mp4\" src=\"http:\/\/dulonmarine.com\/wp-content\/uploads\/2024\/10\/13.Poly_Polish_Rubbing_Compound_Ultra_Strong.360-video.mp4\"><\/video>\n<\/div>","protected":false},"featured_media":9106,"template":"","meta":{"_acf_changed":false,"om_disable_all_campaigns":false,"rs_blank_template":"","rs_page_bg_color":"","slide_template_v7":"","inline_featured_image":false,"_monsterinsights_skip_tracking":false,"_monsterinsights_sitenote_active":false,"_monsterinsights_sitenote_note":"","_monsterinsights_sitenote_category":0},"product_brand":[],"product_cat":[44],"product_tag":[336,31,25,32],"class_list":{"0":"post-9618","1":"product","2":"type-product","3":"status-publish","4":"has-post-thumbnail","6":"product_cat-polish-wax","7":"product_tag-336","8":"product_tag-31","9":"product_tag-25","10":"product_tag-32","11":"pa_article-numbers-contents-6-14005","12":"pa_article-numbers-contents-6-14050","13":"pa_article-numbers-contents-6-14250","14":"pa_available-content-0-5l","15":"pa_available-content-25l","16":"pa_available-content-5l","17":"pa_crp-clean-restore-en","20":"first","21":"instock","22":"purchasable","23":"product-type-variable"},"acf":[],"yoast_head":"<!-- This site is optimized with the Yoast SEO plugin v27.4 - https:\/\/yoast.com\/product\/yoast-seo-wordpress\/ -->\n<title>Dulon Poly Polish Rubbing Compound -<\/title>\n<meta name=\"robots\" content=\"index, follow, max-snippet:-1, max-image-preview:large, max-video-preview:-1\" \/>\n<link rel=\"canonical\" href=\"https:\/\/dulonmarine.com\/pt\/piacaba\/dulon\/cera-de-polimento\/produto-de-amostra\/massa-de-polir-para-esfregar-dulon-poly-polish\/\" \/>\n<meta property=\"og:locale\" content=\"pt_PT\" \/>\n<meta property=\"og:type\" content=\"article\" \/>\n<meta property=\"og:title\" content=\"Dulon Poly Polish Rubbing Compound -\" \/>\n<meta property=\"og:description\" content=\"Polish - High Gloss Finish   16 - Fine  15 - Medium  14 - Strong  13 - Ultra strong     Professional polishing paste with a fine to ultra strong granular formula. It restores (heavily) weathered, chalky, stained and dull surfaces and it removes fine scratches and persistent stains and streaks. It can be used on hard surfaces like gel coat, painted steel and wood, stainless steel. After application, protect the surface with DULON 1&amp;2 or DULON PREMIUM BOAT WAX 19.   Restores weathered, chalky, stained and dull surfaces to new.  Removes fine scratches and persistent stains and streaks.  Easy to apply &amp; economical in use.  Can be used both manually or by machine.\" \/>\n<meta property=\"og:url\" content=\"https:\/\/dulonmarine.com\/pt\/piacaba\/dulon\/cera-de-polimento\/produto-de-amostra\/massa-de-polir-para-esfregar-dulon-poly-polish\/\" \/>\n<meta property=\"og:site_name\" content=\"Dulon Marine\" \/>\n<meta property=\"article:publisher\" content=\"https:\/\/www.facebook.com\/dulonmarine?locale=nl_NL\" \/>\n<meta property=\"article:modified_time\" content=\"2024-10-31T12:28:07+00:00\" \/>\n<meta property=\"og:image\" content=\"https:\/\/dulonmarine.com\/wp-content\/uploads\/2023\/02\/13-14-15-16-Dulon-Marine-Poly-Polish-Rubbing-Compound.jpg\" \/>\n\t<meta property=\"og:image:width\" content=\"1200\" \/>\n\t<meta property=\"og:image:height\" content=\"1200\" \/>\n\t<meta property=\"og:image:type\" content=\"image\/jpeg\" \/>\n<meta name=\"twitter:card\" content=\"summary_large_image\" \/>\n<meta name=\"twitter:label1\" content=\"Tempo estimado de leitura\" \/>\n\t<meta name=\"twitter:data1\" content=\"1 minuto\" \/>\n<script type=\"application\/ld+json\" class=\"yoast-schema-graph\">{\"@context\":\"https:\\\/\\\/schema.org\",\"@graph\":[{\"@type\":\"WebPage\",\"@id\":\"https:\\\/\\\/dulonmarine.com\\\/tr\\\/winkel\\\/dulon\\\/cila-balmumu\\\/ornek-urun\\\/dulon-poly-polish-rubbing-compound\\\/\",\"url\":\"https:\\\/\\\/dulonmarine.com\\\/tr\\\/winkel\\\/dulon\\\/cila-balmumu\\\/ornek-urun\\\/dulon-poly-polish-rubbing-compound\\\/\",\"name\":\"Dulon Poly Polish Rubbing Compound -\",\"isPartOf\":{\"@id\":\"https:\\\/\\\/dulonmarine.com\\\/pt\\\/#website\"},\"primaryImageOfPage\":{\"@id\":\"https:\\\/\\\/dulonmarine.com\\\/tr\\\/winkel\\\/dulon\\\/cila-balmumu\\\/ornek-urun\\\/dulon-poly-polish-rubbing-compound\\\/#primaryimage\"},\"image\":{\"@id\":\"https:\\\/\\\/dulonmarine.com\\\/tr\\\/winkel\\\/dulon\\\/cila-balmumu\\\/ornek-urun\\\/dulon-poly-polish-rubbing-compound\\\/#primaryimage\"},\"thumbnailUrl\":\"https:\\\/\\\/dulonmarine.com\\\/wp-content\\\/uploads\\\/2023\\\/02\\\/13-14-15-16-Dulon-Marine-Poly-Polish-Rubbing-Compound.jpg\",\"datePublished\":\"2024-10-22T12:08:13+00:00\",\"dateModified\":\"2024-10-31T12:28:07+00:00\",\"breadcrumb\":{\"@id\":\"https:\\\/\\\/dulonmarine.com\\\/tr\\\/winkel\\\/dulon\\\/cila-balmumu\\\/ornek-urun\\\/dulon-poly-polish-rubbing-compound\\\/#breadcrumb\"},\"inLanguage\":\"pt-PT\",\"potentialAction\":[{\"@type\":\"ReadAction\",\"target\":[\"https:\\\/\\\/dulonmarine.com\\\/tr\\\/winkel\\\/dulon\\\/cila-balmumu\\\/ornek-urun\\\/dulon-poly-polish-rubbing-compound\\\/\"]}]},{\"@type\":\"ImageObject\",\"inLanguage\":\"pt-PT\",\"@id\":\"https:\\\/\\\/dulonmarine.com\\\/tr\\\/winkel\\\/dulon\\\/cila-balmumu\\\/ornek-urun\\\/dulon-poly-polish-rubbing-compound\\\/#primaryimage\",\"url\":\"https:\\\/\\\/dulonmarine.com\\\/wp-content\\\/uploads\\\/2023\\\/02\\\/13-14-15-16-Dulon-Marine-Poly-Polish-Rubbing-Compound.jpg\",\"contentUrl\":\"https:\\\/\\\/dulonmarine.com\\\/wp-content\\\/uploads\\\/2023\\\/02\\\/13-14-15-16-Dulon-Marine-Poly-Polish-Rubbing-Compound.jpg\",\"width\":1200,\"height\":1200},{\"@type\":\"BreadcrumbList\",\"@id\":\"https:\\\/\\\/dulonmarine.com\\\/tr\\\/winkel\\\/dulon\\\/cila-balmumu\\\/ornek-urun\\\/dulon-poly-polish-rubbing-compound\\\/#breadcrumb\",\"itemListElement\":[{\"@type\":\"ListItem\",\"position\":1,\"name\":\"Home\",\"item\":\"https:\\\/\\\/dulonmarine.com\\\/\"},{\"@type\":\"ListItem\",\"position\":2,\"name\":\"Winkel\",\"item\":\"https:\\\/\\\/dulonmarine.com\\\/pt\\\/piacaba\\\/\"},{\"@type\":\"ListItem\",\"position\":3,\"name\":\"Dulon Poly Polish Rubbing Compound\"}]},{\"@type\":\"WebSite\",\"@id\":\"https:\\\/\\\/dulonmarine.com\\\/pt\\\/#website\",\"url\":\"https:\\\/\\\/dulonmarine.com\\\/pt\\\/\",\"name\":\"Dulon Marine\",\"description\":\"Onderhoudsproducten voor de scheepvaart\",\"publisher\":{\"@id\":\"https:\\\/\\\/dulonmarine.com\\\/pt\\\/#organization\"},\"potentialAction\":[{\"@type\":\"SearchAction\",\"target\":{\"@type\":\"EntryPoint\",\"urlTemplate\":\"https:\\\/\\\/dulonmarine.com\\\/pt\\\/?s={search_term_string}\"},\"query-input\":{\"@type\":\"PropertyValueSpecification\",\"valueRequired\":true,\"valueName\":\"search_term_string\"}}],\"inLanguage\":\"pt-PT\"},{\"@type\":\"Organization\",\"@id\":\"https:\\\/\\\/dulonmarine.com\\\/pt\\\/#organization\",\"name\":\"Dulon Marine Deckmate Group\",\"url\":\"https:\\\/\\\/dulonmarine.com\\\/pt\\\/\",\"logo\":{\"@type\":\"ImageObject\",\"inLanguage\":\"pt-PT\",\"@id\":\"https:\\\/\\\/dulonmarine.com\\\/pt\\\/#\\\/schema\\\/logo\\\/image\\\/\",\"url\":\"http:\\\/\\\/dulonmarine.com\\\/wp-content\\\/uploads\\\/2023\\\/02\\\/Dulon-Marine-Deckmate-Group-logo-small.png\",\"contentUrl\":\"http:\\\/\\\/dulonmarine.com\\\/wp-content\\\/uploads\\\/2023\\\/02\\\/Dulon-Marine-Deckmate-Group-logo-small.png\",\"width\":350,\"height\":150,\"caption\":\"Dulon Marine Deckmate Group\"},\"image\":{\"@id\":\"https:\\\/\\\/dulonmarine.com\\\/pt\\\/#\\\/schema\\\/logo\\\/image\\\/\"},\"sameAs\":[\"https:\\\/\\\/www.facebook.com\\\/dulonmarine?locale=nl_NL\",\"https:\\\/\\\/www.instagram.com\\\/dulonmarinegroup\\\/\"]}]}<\/script>\n<!-- \/ Yoast SEO plugin. -->","yoast_head_json":{"title":"Dulon Composto de polimento polaco para esfregar -","robots":{"index":"index","follow":"follow","max-snippet":"max-snippet:-1","max-image-preview":"max-image-preview:large","max-video-preview":"max-video-preview:-1"},"canonical":"https:\/\/dulonmarine.com\/pt\/piacaba\/dulon\/cera-de-polimento\/produto-de-amostra\/massa-de-polir-para-esfregar-dulon-poly-polish\/","og_locale":"pt_PT","og_type":"article","og_title":"Dulon Poly Polish Rubbing Compound -","og_description":"Polish - High Gloss Finish   16 - Fine  15 - Medium  14 - Strong  13 - Ultra strong     Professional polishing paste with a fine to ultra strong granular formula. It restores (heavily) weathered, chalky, stained and dull surfaces and it removes fine scratches and persistent stains and streaks. It can be used on hard surfaces like gel coat, painted steel and wood, stainless steel. After application, protect the surface with DULON 1&amp;2 or DULON PREMIUM BOAT WAX 19.   Restores weathered, chalky, stained and dull surfaces to new.  Removes fine scratches and persistent stains and streaks.  Easy to apply &amp; economical in use.  Can be used both manually or by machine.","og_url":"https:\/\/dulonmarine.com\/pt\/piacaba\/dulon\/cera-de-polimento\/produto-de-amostra\/massa-de-polir-para-esfregar-dulon-poly-polish\/","og_site_name":"Dulon Marine","article_publisher":"https:\/\/www.facebook.com\/dulonmarine?locale=nl_NL","article_modified_time":"2024-10-31T12:28:07+00:00","og_image":[{"width":1200,"height":1200,"url":"https:\/\/dulonmarine.com\/wp-content\/uploads\/2023\/02\/13-14-15-16-Dulon-Marine-Poly-Polish-Rubbing-Compound.jpg","type":"image\/jpeg"}],"twitter_card":"summary_large_image","twitter_misc":{"Tempo estimado de leitura":"1 minuto"},"schema":{"@context":"https:\/\/schema.org","@graph":[{"@type":"WebPage","@id":"https:\/\/dulonmarine.com\/tr\/winkel\/dulon\/cila-balmumu\/ornek-urun\/dulon-poly-polish-rubbing-compound\/","url":"https:\/\/dulonmarine.com\/tr\/winkel\/dulon\/cila-balmumu\/ornek-urun\/dulon-poly-polish-rubbing-compound\/","name":"Dulon Composto de polimento polaco para esfregar -","isPartOf":{"@id":"https:\/\/dulonmarine.com\/pt\/#website"},"primaryImageOfPage":{"@id":"https:\/\/dulonmarine.com\/tr\/winkel\/dulon\/cila-balmumu\/ornek-urun\/dulon-poly-polish-rubbing-compound\/#primaryimage"},"image":{"@id":"https:\/\/dulonmarine.com\/tr\/winkel\/dulon\/cila-balmumu\/ornek-urun\/dulon-poly-polish-rubbing-compound\/#primaryimage"},"thumbnailUrl":"https:\/\/dulonmarine.com\/wp-content\/uploads\/2023\/02\/13-14-15-16-Dulon-Marine-Poly-Polish-Rubbing-Compound.jpg","datePublished":"2024-10-22T12:08:13+00:00","dateModified":"2024-10-31T12:28:07+00:00","breadcrumb":{"@id":"https:\/\/dulonmarine.com\/tr\/winkel\/dulon\/cila-balmumu\/ornek-urun\/dulon-poly-polish-rubbing-compound\/#breadcrumb"},"inLanguage":"pt-PT","potentialAction":[{"@type":"ReadAction","target":["https:\/\/dulonmarine.com\/tr\/winkel\/dulon\/cila-balmumu\/ornek-urun\/dulon-poly-polish-rubbing-compound\/"]}]},{"@type":"ImageObject","inLanguage":"pt-PT","@id":"https:\/\/dulonmarine.com\/tr\/winkel\/dulon\/cila-balmumu\/ornek-urun\/dulon-poly-polish-rubbing-compound\/#primaryimage","url":"https:\/\/dulonmarine.com\/wp-content\/uploads\/2023\/02\/13-14-15-16-Dulon-Marine-Poly-Polish-Rubbing-Compound.jpg","contentUrl":"https:\/\/dulonmarine.com\/wp-content\/uploads\/2023\/02\/13-14-15-16-Dulon-Marine-Poly-Polish-Rubbing-Compound.jpg","width":1200,"height":1200},{"@type":"BreadcrumbList","@id":"https:\/\/dulonmarine.com\/tr\/winkel\/dulon\/cila-balmumu\/ornek-urun\/dulon-poly-polish-rubbing-compound\/#breadcrumb","itemListElement":[{"@type":"ListItem","position":1,"name":"Home","item":"https:\/\/dulonmarine.com\/"},{"@type":"ListItem","position":2,"name":"Winkel","item":"https:\/\/dulonmarine.com\/pt\/piacaba\/"},{"@type":"ListItem","position":3,"name":"Dulon Poly Polish Rubbing Compound"}]},{"@type":"WebSite","@id":"https:\/\/dulonmarine.com\/pt\/#website","url":"https:\/\/dulonmarine.com\/pt\/","name":"Dulon Marine","description":"Outros produtos para a limpeza","publisher":{"@id":"https:\/\/dulonmarine.com\/pt\/#organization"},"potentialAction":[{"@type":"SearchAction","target":{"@type":"EntryPoint","urlTemplate":"https:\/\/dulonmarine.com\/pt\/?s={search_term_string}"},"query-input":{"@type":"PropertyValueSpecification","valueRequired":true,"valueName":"search_term_string"}}],"inLanguage":"pt-PT"},{"@type":"Organization","@id":"https:\/\/dulonmarine.com\/pt\/#organization","name":"Dulon Marine Grupo Deckmate","url":"https:\/\/dulonmarine.com\/pt\/","logo":{"@type":"ImageObject","inLanguage":"pt-PT","@id":"https:\/\/dulonmarine.com\/pt\/#\/schema\/logo\/image\/","url":"http:\/\/dulonmarine.com\/wp-content\/uploads\/2023\/02\/Dulon-Marine-Deckmate-Group-logo-small.png","contentUrl":"http:\/\/dulonmarine.com\/wp-content\/uploads\/2023\/02\/Dulon-Marine-Deckmate-Group-logo-small.png","width":350,"height":150,"caption":"Dulon Marine Deckmate Group"},"image":{"@id":"https:\/\/dulonmarine.com\/pt\/#\/schema\/logo\/image\/"},"sameAs":["https:\/\/www.facebook.com\/dulonmarine?locale=nl_NL","https:\/\/www.instagram.com\/dulonmarinegroup\/"]}]}},"_links":{"self":[{"href":"https:\/\/dulonmarine.com\/pt\/wp-json\/wp\/v2\/product\/9618","targetHints":{"allow":["GET"]}}],"collection":[{"href":"https:\/\/dulonmarine.com\/pt\/wp-json\/wp\/v2\/product"}],"about":[{"href":"https:\/\/dulonmarine.com\/pt\/wp-json\/wp\/v2\/types\/product"}],"wp:featuredmedia":[{"embeddable":true,"href":"https:\/\/dulonmarine.com\/pt\/wp-json\/wp\/v2\/media\/9106"}],"wp:attachment":[{"href":"https:\/\/dulonmarine.com\/pt\/wp-json\/wp\/v2\/media?parent=9618"}],"wp:term":[{"taxonomy":"product_brand","embeddable":true,"href":"https:\/\/dulonmarine.com\/pt\/wp-json\/wp\/v2\/product_brand?post=9618"},{"taxonomy":"product_cat","embeddable":true,"href":"https:\/\/dulonmarine.com\/pt\/wp-json\/wp\/v2\/product_cat?post=9618"},{"taxonomy":"product_tag","embeddable":true,"href":"https:\/\/dulonmarine.com\/pt\/wp-json\/wp\/v2\/product_tag?post=9618"}],"curies":[{"name":"wp","href":"https:\/\/api.w.org\/{rel}","templated":true}]}}