{"id":8400,"date":"2023-02-06T16:15:57","date_gmt":"2023-02-06T15:15:57","guid":{"rendered":"http:\/\/dulonmarine.com\/?page_id=8400"},"modified":"2025-11-12T12:41:11","modified_gmt":"2025-11-12T11:41:11","slug":"skrb-za-tehniko","status":"publish","type":"page","link":"https:\/\/dulonmarine.com\/sl\/dulon-marine-categorieen\/technique-care\/","title":{"rendered":"Skrb za tehniko"},"content":{"rendered":"<div id=\"cs-content\" class=\"cs-content\"><div class=\"x-section e8400-e1 m6hc-0 m6hc-1\"><div class=\"x-row e8400-e2 m6hc-3 m6hc-4 m6hc-5\"><div class=\"x-row-inner\"><div class=\"x-col e8400-e3 m6hc-7\">\n\t\t\t\t<p class=\"rs-p-wp-fix\"><\/p>\n\t\t\t\t<sr7-module data-alias=\"general-care-pagina-2023-1\" data-id=\"26\" id=\"SR7_26_1\" data-version=\"7.0.7.1\">\n\t\t\t\t\t<sr7-adjuster><\/sr7-adjuster>\n\t\t\t\t\t<sr7-content>\n\t\t\t\t\t\t<sr7-slide id=\"SR7_26_1-34\" data-key=\"34\">\n\t\t\t\t\t\t\t<sr7-bg id=\"SR7_26_1-34-1\" class=\"sr7-layer\"><noscript><img decoding=\"async\" src=\"http:\/\/dulonmarine.com\/wp-content\/uploads\/2024\/10\/Dulon-Marine-Categories-Technique.jpg\" alt=\"\" title=\"Dulon Marine &#8211; Categories &#8211; Technique\"><\/noscript><\/sr7-bg>\n\t\t\t\t\t\t\t<sr7-txt id=\"SR7_26_1-34-0\" class=\"sr7-layer\"><span style=\"font-weight: 300 !important\"> TECHNIQUE CARE<\/span><\/sr7-txt>\n\t\t\t\t\t\t<\/sr7-slide>\n\t\t\t\t\t\t<sr7-slide id=\"SR7_26_1-74\" data-key=\"74\">\n\t\t\t\t\t\t<\/sr7-slide>\n\t\t\t\t\t<\/sr7-content>\n\t\t\t\t\t<image_lists style=\"display:none\">\n\t\t\t\t\t\t<img data-src=\"\/\/dulonmarine.com\/wp-content\/uploads\/2024\/10\/Dulon-Marine-Categories-Technique.jpg\" data-libid=\"9172\" data-lib=\"medialibrary\" title=\"Dulon Marine &#8211; Categories &#8211; Technique\" width=\"0\" height=\"0\" data-dbsrc=\"Ly9kdWxvbm1hcmluZS5jb20vd3AtY29udGVudC91cGxvYWRzLzIwMjQvMTAvRHVsb24tTWFyaW5lLUNhdGVnb3JpZXMtVGVjaG5pcXVlLmpwZw==\"\/>\n\t\t\t\t\t<\/image_lists>\n\t\t\t\t<\/sr7-module>\n\t\t\t\t<script>\n\t\t\t\t\twindow.SR7??={}; SR7.PMH ??={}; SR7.PMH[\"SR7_26_1\"] = {cn:100,state:false,fn: function() { if (window._tpt!==undefined && window._tpt.prepareModuleHeight !== undefined) {  _tpt.prepareModuleHeight({id:\"SR7_26_1\",el:[700,700,700,700,700],type:'standard',gh:[700,700,700,700,700],gw:[1240,1240,1240,1240,1240],vpt:['-200px'],size:{fullWidth:true, fullHeight:false},mh:'0',onh:0,onw:0,bg:{color:'{\"orig\":\"transparent\",\"type\":\"solid\",\"string\":\"transparent\"}'}});   SR7.PMH[\"SR7_26_1\"].state=true;} else if(SR7.PMH[\"SR7_26_1\"].cn-->0)\tsetTimeout( SR7.PMH[\"SR7_26_1\"].fn,19);}};SR7.PMH[\"SR7_26_1\" ].fn();\n\t\t\t\t<\/script>\n<\/div><\/div><\/div><\/div><div class=\"x-section e8400-e5 m6hc-0 m6hc-2\"><div class=\"x-row x-container max width e8400-e6 m6hc-3 m6hc-4 m6hc-6\"><div class=\"x-row-inner\"><div class=\"x-col e8400-e7 m6hc-7\"><div  class=\"x-raw-content\" ><div class=\"woocommerce columns-3 \"><ul class=\"products columns-3\">\n<li class=\"has-post-thumbnail product type-product post-7718 status-publish first instock product_cat-technique product_tag-20 purchasable product-type-variable\">\n\t<div class=\"entry-product\"><div class=\"entry-featured\"><a href=\"https:\/\/dulonmarine.com\/sl\/winkel\/technique\/sample-product\/dulon-sterndrive-ouboard-shaft-cleaner-30-removes-algae-green-deposits-seaweed-barnacles\/\"><img loading=\"lazy\" decoding=\"async\" width=\"1200\" height=\"1200\" src=\"https:\/\/dulonmarine.com\/wp-content\/uploads\/2020\/08\/30-Dulon-Marine-Sterndrive-Outboard-Shaft-Cleaner-1.jpg\" class=\"attachment-woocommerce_thumbnail size-woocommerce_thumbnail wp-post-image\" alt=\"\" srcset=\"https:\/\/dulonmarine.com\/wp-content\/uploads\/2020\/08\/30-Dulon-Marine-Sterndrive-Outboard-Shaft-Cleaner-1.jpg 1200w, https:\/\/dulonmarine.com\/wp-content\/uploads\/2020\/08\/30-Dulon-Marine-Sterndrive-Outboard-Shaft-Cleaner-1-300x300.jpg 300w, https:\/\/dulonmarine.com\/wp-content\/uploads\/2020\/08\/30-Dulon-Marine-Sterndrive-Outboard-Shaft-Cleaner-1-1024x1024.jpg 1024w, https:\/\/dulonmarine.com\/wp-content\/uploads\/2020\/08\/30-Dulon-Marine-Sterndrive-Outboard-Shaft-Cleaner-1-150x150.jpg 150w, https:\/\/dulonmarine.com\/wp-content\/uploads\/2020\/08\/30-Dulon-Marine-Sterndrive-Outboard-Shaft-Cleaner-1-768x768.jpg 768w, https:\/\/dulonmarine.com\/wp-content\/uploads\/2020\/08\/30-Dulon-Marine-Sterndrive-Outboard-Shaft-Cleaner-1-12x12.jpg 12w, https:\/\/dulonmarine.com\/wp-content\/uploads\/2020\/08\/30-Dulon-Marine-Sterndrive-Outboard-Shaft-Cleaner-1-100x100.jpg 100w, https:\/\/dulonmarine.com\/wp-content\/uploads\/2020\/08\/30-Dulon-Marine-Sterndrive-Outboard-Shaft-Cleaner-1-1031x1031.jpg 1031w\" sizes=\"auto, (max-width: 1200px) 100vw, 1200px\" \/><\/a><\/div><div class=\"entry-wrap\"><header class=\"entry-header\"><h3><a href=\"https:\/\/dulonmarine.com\/sl\/winkel\/technique\/sample-product\/dulon-sterndrive-ouboard-shaft-cleaner-30-removes-algae-green-deposits-seaweed-barnacles\/\">Dulon sterndrive &#038; OUBOARD SHAFT cleaner 30 &#8211; removes algae, green deposits, seaweed &#038; barnacles<\/a><\/h3>\n\t<span class=\"price\"><span class=\"woocommerce-Price-amount amount\" aria-hidden=\"true\"><bdi><span class=\"woocommerce-Price-currencySymbol\">&euro;<\/span>13.89<\/bdi><\/span> <span aria-hidden=\"true\">-<\/span> <span class=\"woocommerce-Price-amount amount\" aria-hidden=\"true\"><bdi><span class=\"woocommerce-Price-currencySymbol\">&euro;<\/span>153.57<\/bdi><\/span><span class=\"screen-reader-text\">Cenovni razpon: od &euro;13.89 do &euro;153.57<\/span><\/span>\n<a href=\"https:\/\/dulonmarine.com\/sl\/winkel\/technique\/sample-product\/dulon-sterndrive-ouboard-shaft-cleaner-30-removes-algae-green-deposits-seaweed-barnacles\/\" aria-describedby=\"woocommerce_loop_add_to_cart_link_describedby_7718\" data-quantity=\"1\" class=\"button product_type_variable add_to_cart_button\" data-product_id=\"7718\" data-product_sku=\"6-30\" aria-label=\"Izberite mo\u017enosti za &ldquo;Dulon sterndrive &amp; OUBOARD SHAFT cleaner 30 - removes algae, green deposits, seaweed &amp; barnacles&rdquo;\" rel=\"nofollow\">Izberite mo\u017enosti<\/a>\t<span id=\"woocommerce_loop_add_to_cart_link_describedby_7718\" class=\"screen-reader-text\">\n\t\tTa izdelek ima ve\u010d razli\u010dic. Mo\u017enosti lahko izberete na strani izdelka\t<\/span>\n<\/header><\/div><\/div><\/li>\n<li class=\"has-post-thumbnail product type-product post-7723 status-publish instock product_cat-technique product_tag-22 purchasable product-type-variable\">\n\t<div class=\"entry-product\"><div class=\"entry-featured\"><a href=\"https:\/\/dulonmarine.com\/sl\/winkel\/technique\/sample-product\/dulon-bilge-engine-cleaner-34-heavy-duty\/\"><img loading=\"lazy\" decoding=\"async\" width=\"1200\" height=\"1200\" src=\"https:\/\/dulonmarine.com\/wp-content\/uploads\/2020\/08\/34-Dulon-Marine-Bilge-Engine-Cleaner-heavy-duty.jpg\" class=\"attachment-woocommerce_thumbnail size-woocommerce_thumbnail wp-post-image\" alt=\"\" srcset=\"https:\/\/dulonmarine.com\/wp-content\/uploads\/2020\/08\/34-Dulon-Marine-Bilge-Engine-Cleaner-heavy-duty.jpg 1200w, https:\/\/dulonmarine.com\/wp-content\/uploads\/2020\/08\/34-Dulon-Marine-Bilge-Engine-Cleaner-heavy-duty-300x300.jpg 300w, https:\/\/dulonmarine.com\/wp-content\/uploads\/2020\/08\/34-Dulon-Marine-Bilge-Engine-Cleaner-heavy-duty-1024x1024.jpg 1024w, https:\/\/dulonmarine.com\/wp-content\/uploads\/2020\/08\/34-Dulon-Marine-Bilge-Engine-Cleaner-heavy-duty-150x150.jpg 150w, https:\/\/dulonmarine.com\/wp-content\/uploads\/2020\/08\/34-Dulon-Marine-Bilge-Engine-Cleaner-heavy-duty-768x768.jpg 768w, https:\/\/dulonmarine.com\/wp-content\/uploads\/2020\/08\/34-Dulon-Marine-Bilge-Engine-Cleaner-heavy-duty-12x12.jpg 12w, https:\/\/dulonmarine.com\/wp-content\/uploads\/2020\/08\/34-Dulon-Marine-Bilge-Engine-Cleaner-heavy-duty-100x100.jpg 100w, https:\/\/dulonmarine.com\/wp-content\/uploads\/2020\/08\/34-Dulon-Marine-Bilge-Engine-Cleaner-heavy-duty-1031x1031.jpg 1031w\" sizes=\"auto, (max-width: 1200px) 100vw, 1200px\" \/><\/a><\/div><div class=\"entry-wrap\"><header class=\"entry-header\"><h3><a href=\"https:\/\/dulonmarine.com\/sl\/winkel\/technique\/sample-product\/dulon-bilge-engine-cleaner-34-heavy-duty\/\">Dulon Bilge &#038; Engine Cleaner 34 &#8211; Heavy Duty<\/a><\/h3>\n\t<span class=\"price\"><span class=\"woocommerce-Price-amount amount\" aria-hidden=\"true\"><bdi><span class=\"woocommerce-Price-currencySymbol\">&euro;<\/span>13.89<\/bdi><\/span> <span aria-hidden=\"true\">-<\/span> <span class=\"woocommerce-Price-amount amount\" aria-hidden=\"true\"><bdi><span class=\"woocommerce-Price-currencySymbol\">&euro;<\/span>153.57<\/bdi><\/span><span class=\"screen-reader-text\">Cenovni razpon: od &euro;13.89 do &euro;153.57<\/span><\/span>\n<a href=\"https:\/\/dulonmarine.com\/sl\/winkel\/technique\/sample-product\/dulon-bilge-engine-cleaner-34-heavy-duty\/\" aria-describedby=\"woocommerce_loop_add_to_cart_link_describedby_7723\" data-quantity=\"1\" class=\"button product_type_variable add_to_cart_button\" data-product_id=\"7723\" data-product_sku=\"6-34\" aria-label=\"Izberite mo\u017enosti za &ldquo;Dulon Bilge &amp; Engine Cleaner 34 - Heavy Duty&rdquo;\" rel=\"nofollow\">Izberite mo\u017enosti<\/a>\t<span id=\"woocommerce_loop_add_to_cart_link_describedby_7723\" class=\"screen-reader-text\">\n\t\tTa izdelek ima ve\u010d razli\u010dic. Mo\u017enosti lahko izberete na strani izdelka\t<\/span>\n<\/header><\/div><\/div><\/li>\n<\/ul>\n<\/div><\/div><\/div><\/div><\/div><\/div><\/div>\n","protected":false},"excerpt":{"rendered":"<p>TECHNIQUE CARE Dulon sterndrive &#038; OUBOARD SHAFT cleaner 30 &#8211; removes algae, green deposits, seaweed &#038; barnacles &euro;13.89 &#8211; &euro;153.57Cenovni razpon: od &euro;13.89 do &euro;153.57 Izberite mo\u017enosti Ta izdelek ima ve\u010d razli\u010dic. Mo\u017enosti lahko izberete na strani izdelka Dulon \u010cistilo za dr\u010de in motorje 34 - te\u017eka naloga &euro;13.89 &#8211; &euro;153.57Cenovni razpon: od &euro;13.89 do &#8230; <a href=\"https:\/\/dulonmarine.com\/sl\/dulon-marine-categorieen\/technique-care\/\" class=\"more-link\">Read More<\/a><\/p>","protected":false},"author":11,"featured_media":0,"parent":8442,"menu_order":0,"comment_status":"closed","ping_status":"closed","template":"template-blank-4.php","meta":{"_acf_changed":false,"om_disable_all_campaigns":false,"rs_blank_template":"","rs_page_bg_color":"","slide_template_v7":"","inline_featured_image":false,"_monsterinsights_skip_tracking":false,"_monsterinsights_sitenote_active":false,"_monsterinsights_sitenote_note":"","_monsterinsights_sitenote_category":0,"footnotes":""},"class_list":["post-8400","page","type-page","status-publish","hentry","no-post-thumbnail"],"acf":[],"yoast_head":"<!-- This site is optimized with the Yoast SEO plugin v27.3 - https:\/\/yoast.com\/product\/yoast-seo-wordpress\/ -->\n<title>Technique Care - Dulon Marine<\/title>\n<meta name=\"robots\" content=\"index, follow, max-snippet:-1, max-image-preview:large, max-video-preview:-1\" \/>\n<link rel=\"canonical\" href=\"https:\/\/dulonmarine.com\/sl\/dulon-marine-kategorije\/skrb-za-tehniko\/\" \/>\n<meta property=\"og:locale\" content=\"sl_SI\" \/>\n<meta property=\"og:type\" content=\"article\" \/>\n<meta property=\"og:title\" content=\"Technique Care - Dulon Marine\" \/>\n<meta property=\"og:description\" content=\"TECHNIQUE CARE Dulon sterndrive &#038; OUBOARD SHAFT cleaner 30 &#8211; removes algae, green deposits, seaweed &#038; barnacles &euro;13.89 - &euro;153.57Cenovni razpon: od &euro;13.89 do &euro;153.57 Izberite mo\u017enosti Ta izdelek ima ve\u010d razli\u010dic. Mo\u017enosti lahko izberete na strani izdelka Dulon Bilge &#038; Engine Cleaner 34 &#8211; Heavy Duty &euro;13.89 - &euro;153.57Cenovni razpon: od &euro;13.89 do ... Read More\" \/>\n<meta property=\"og:url\" content=\"https:\/\/dulonmarine.com\/sl\/dulon-marine-kategorije\/skrb-za-tehniko\/\" \/>\n<meta property=\"og:site_name\" content=\"Dulon Marine\" \/>\n<meta property=\"article:publisher\" content=\"https:\/\/www.facebook.com\/dulonmarine?locale=nl_NL\" \/>\n<meta property=\"article:modified_time\" content=\"2025-11-12T11:41:11+00:00\" \/>\n<meta name=\"twitter:card\" content=\"summary_large_image\" \/>\n<meta name=\"twitter:label1\" content=\"Est. reading time\" \/>\n\t<meta name=\"twitter:data1\" content=\"2 minuti\" \/>\n<script type=\"application\/ld+json\" class=\"yoast-schema-graph\">{\"@context\":\"https:\\\/\\\/schema.org\",\"@graph\":[{\"@type\":\"WebPage\",\"@id\":\"https:\\\/\\\/dulonmarine.com\\\/dulon-marine-categorieen\\\/technique-care\\\/\",\"url\":\"https:\\\/\\\/dulonmarine.com\\\/dulon-marine-categorieen\\\/technique-care\\\/\",\"name\":\"Technique Care - Dulon Marine\",\"isPartOf\":{\"@id\":\"https:\\\/\\\/dulonmarine.com\\\/pt\\\/#website\"},\"datePublished\":\"2023-02-06T15:15:57+00:00\",\"dateModified\":\"2025-11-12T11:41:11+00:00\",\"breadcrumb\":{\"@id\":\"https:\\\/\\\/dulonmarine.com\\\/dulon-marine-categorieen\\\/technique-care\\\/#breadcrumb\"},\"inLanguage\":\"sl-SI\",\"potentialAction\":[{\"@type\":\"ReadAction\",\"target\":[\"https:\\\/\\\/dulonmarine.com\\\/dulon-marine-categorieen\\\/technique-care\\\/\"]}]},{\"@type\":\"BreadcrumbList\",\"@id\":\"https:\\\/\\\/dulonmarine.com\\\/dulon-marine-categorieen\\\/technique-care\\\/#breadcrumb\",\"itemListElement\":[{\"@type\":\"ListItem\",\"position\":1,\"name\":\"Home\",\"item\":\"https:\\\/\\\/dulonmarine.com\\\/\"},{\"@type\":\"ListItem\",\"position\":2,\"name\":\"Dulon Marine Categorie\u00ebn\",\"item\":\"https:\\\/\\\/dulonmarine.com\\\/dulon-marine-categorieen\\\/\"},{\"@type\":\"ListItem\",\"position\":3,\"name\":\"Technique Care\"}]},{\"@type\":\"WebSite\",\"@id\":\"https:\\\/\\\/dulonmarine.com\\\/pt\\\/#website\",\"url\":\"https:\\\/\\\/dulonmarine.com\\\/pt\\\/\",\"name\":\"Dulon Marine\",\"description\":\"Onderhoudsproducten voor de scheepvaart\",\"publisher\":{\"@id\":\"https:\\\/\\\/dulonmarine.com\\\/pt\\\/#organization\"},\"potentialAction\":[{\"@type\":\"SearchAction\",\"target\":{\"@type\":\"EntryPoint\",\"urlTemplate\":\"https:\\\/\\\/dulonmarine.com\\\/pt\\\/?s={search_term_string}\"},\"query-input\":{\"@type\":\"PropertyValueSpecification\",\"valueRequired\":true,\"valueName\":\"search_term_string\"}}],\"inLanguage\":\"sl-SI\"},{\"@type\":\"Organization\",\"@id\":\"https:\\\/\\\/dulonmarine.com\\\/pt\\\/#organization\",\"name\":\"Dulon Marine Deckmate Group\",\"url\":\"https:\\\/\\\/dulonmarine.com\\\/pt\\\/\",\"logo\":{\"@type\":\"ImageObject\",\"inLanguage\":\"sl-SI\",\"@id\":\"https:\\\/\\\/dulonmarine.com\\\/pt\\\/#\\\/schema\\\/logo\\\/image\\\/\",\"url\":\"http:\\\/\\\/dulonmarine.com\\\/wp-content\\\/uploads\\\/2023\\\/02\\\/Dulon-Marine-Deckmate-Group-logo-small.png\",\"contentUrl\":\"http:\\\/\\\/dulonmarine.com\\\/wp-content\\\/uploads\\\/2023\\\/02\\\/Dulon-Marine-Deckmate-Group-logo-small.png\",\"width\":350,\"height\":150,\"caption\":\"Dulon Marine Deckmate Group\"},\"image\":{\"@id\":\"https:\\\/\\\/dulonmarine.com\\\/pt\\\/#\\\/schema\\\/logo\\\/image\\\/\"},\"sameAs\":[\"https:\\\/\\\/www.facebook.com\\\/dulonmarine?locale=nl_NL\",\"https:\\\/\\\/www.instagram.com\\\/dulonmarinegroup\\\/\"]}]}<\/script>\n<!-- \/ Yoast SEO plugin. -->","yoast_head_json":{"title":"Tehni\u010dna nega - Dulon Marine","robots":{"index":"index","follow":"follow","max-snippet":"max-snippet:-1","max-image-preview":"max-image-preview:large","max-video-preview":"max-video-preview:-1"},"canonical":"https:\/\/dulonmarine.com\/sl\/dulon-marine-kategorije\/skrb-za-tehniko\/","og_locale":"sl_SI","og_type":"article","og_title":"Technique Care - Dulon Marine","og_description":"TECHNIQUE CARE Dulon sterndrive &#038; OUBOARD SHAFT cleaner 30 &#8211; removes algae, green deposits, seaweed &#038; barnacles &euro;13.89 - &euro;153.57Cenovni razpon: od &euro;13.89 do &euro;153.57 Izberite mo\u017enosti Ta izdelek ima ve\u010d razli\u010dic. Mo\u017enosti lahko izberete na strani izdelka Dulon Bilge &#038; Engine Cleaner 34 &#8211; Heavy Duty &euro;13.89 - &euro;153.57Cenovni razpon: od &euro;13.89 do ... Read More","og_url":"https:\/\/dulonmarine.com\/sl\/dulon-marine-kategorije\/skrb-za-tehniko\/","og_site_name":"Dulon Marine","article_publisher":"https:\/\/www.facebook.com\/dulonmarine?locale=nl_NL","article_modified_time":"2025-11-12T11:41:11+00:00","twitter_card":"summary_large_image","twitter_misc":{"Est. reading time":"2 minuti"},"schema":{"@context":"https:\/\/schema.org","@graph":[{"@type":"WebPage","@id":"https:\/\/dulonmarine.com\/dulon-marine-categorieen\/technique-care\/","url":"https:\/\/dulonmarine.com\/dulon-marine-categorieen\/technique-care\/","name":"Tehni\u010dna nega - Dulon Marine","isPartOf":{"@id":"https:\/\/dulonmarine.com\/pt\/#website"},"datePublished":"2023-02-06T15:15:57+00:00","dateModified":"2025-11-12T11:41:11+00:00","breadcrumb":{"@id":"https:\/\/dulonmarine.com\/dulon-marine-categorieen\/technique-care\/#breadcrumb"},"inLanguage":"sl-SI","potentialAction":[{"@type":"ReadAction","target":["https:\/\/dulonmarine.com\/dulon-marine-categorieen\/technique-care\/"]}]},{"@type":"BreadcrumbList","@id":"https:\/\/dulonmarine.com\/dulon-marine-categorieen\/technique-care\/#breadcrumb","itemListElement":[{"@type":"ListItem","position":1,"name":"Home","item":"https:\/\/dulonmarine.com\/"},{"@type":"ListItem","position":2,"name":"Dulon Marine Categorie\u00ebn","item":"https:\/\/dulonmarine.com\/dulon-marine-categorieen\/"},{"@type":"ListItem","position":3,"name":"Technique Care"}]},{"@type":"WebSite","@id":"https:\/\/dulonmarine.com\/pt\/#website","url":"https:\/\/dulonmarine.com\/pt\/","name":"Dulon Marine","description":"Onderhoudsproducten voor de scheepvaart","publisher":{"@id":"https:\/\/dulonmarine.com\/pt\/#organization"},"potentialAction":[{"@type":"SearchAction","target":{"@type":"EntryPoint","urlTemplate":"https:\/\/dulonmarine.com\/pt\/?s={search_term_string}"},"query-input":{"@type":"PropertyValueSpecification","valueRequired":true,"valueName":"search_term_string"}}],"inLanguage":"sl-SI"},{"@type":"Organization","@id":"https:\/\/dulonmarine.com\/pt\/#organization","name":"Dulon Marine Skupina Deckmate","url":"https:\/\/dulonmarine.com\/pt\/","logo":{"@type":"ImageObject","inLanguage":"sl-SI","@id":"https:\/\/dulonmarine.com\/pt\/#\/schema\/logo\/image\/","url":"http:\/\/dulonmarine.com\/wp-content\/uploads\/2023\/02\/Dulon-Marine-Deckmate-Group-logo-small.png","contentUrl":"http:\/\/dulonmarine.com\/wp-content\/uploads\/2023\/02\/Dulon-Marine-Deckmate-Group-logo-small.png","width":350,"height":150,"caption":"Dulon Marine Deckmate Group"},"image":{"@id":"https:\/\/dulonmarine.com\/pt\/#\/schema\/logo\/image\/"},"sameAs":["https:\/\/www.facebook.com\/dulonmarine?locale=nl_NL","https:\/\/www.instagram.com\/dulonmarinegroup\/"]}]}},"_links":{"self":[{"href":"https:\/\/dulonmarine.com\/sl\/wp-json\/wp\/v2\/pages\/8400","targetHints":{"allow":["GET"]}}],"collection":[{"href":"https:\/\/dulonmarine.com\/sl\/wp-json\/wp\/v2\/pages"}],"about":[{"href":"https:\/\/dulonmarine.com\/sl\/wp-json\/wp\/v2\/types\/page"}],"author":[{"embeddable":true,"href":"https:\/\/dulonmarine.com\/sl\/wp-json\/wp\/v2\/users\/11"}],"replies":[{"embeddable":true,"href":"https:\/\/dulonmarine.com\/sl\/wp-json\/wp\/v2\/comments?post=8400"}],"version-history":[{"count":1,"href":"https:\/\/dulonmarine.com\/sl\/wp-json\/wp\/v2\/pages\/8400\/revisions"}],"predecessor-version":[{"id":9941,"href":"https:\/\/dulonmarine.com\/sl\/wp-json\/wp\/v2\/pages\/8400\/revisions\/9941"}],"up":[{"embeddable":true,"href":"https:\/\/dulonmarine.com\/sl\/wp-json\/wp\/v2\/pages\/8442"}],"wp:attachment":[{"href":"https:\/\/dulonmarine.com\/sl\/wp-json\/wp\/v2\/media?parent=8400"}],"curies":[{"name":"wp","href":"https:\/\/api.w.org\/{rel}","templated":true}]}}