{"id":9329,"date":"2024-10-17T15:32:27","date_gmt":"2024-10-17T14:32:27","guid":{"rendered":"http:\/\/dulonmarine.com\/?page_id=9329"},"modified":"2025-06-12T15:59:41","modified_gmt":"2025-06-12T14:59:41","slug":"podrobnosti-o-pranju","status":"publish","type":"page","link":"https:\/\/dulonmarine.com\/sl\/deckmate\/wash-scrub-details\/","title":{"rendered":"Umivanje in \u010di\u0161\u010denje - Podrobnosti"},"content":{"rendered":"<div id=\"cs-content\" class=\"cs-content\"><div class=\"x-section e9329-e1 m775-0 m775-1\"><div class=\"x-bg\" aria-hidden=\"true\"><div class=\"x-bg-layer-lower-image\"><\/div><\/div><div class=\"x-row x-container max width e9329-e2 m775-f m775-g m775-j m775-k\"><div class=\"x-row-inner\"><div class=\"x-col e9329-e3 m775-y m775-z m775-10\"><h1  class=\"h-custom-headline h1\" style=\"color: hsl(0, 0%, 100%);margin-top:10px; margin-left:20px; margin-bottom:5px;\"><span>PRANJE IN \u010cI\u0160\u010cENJE<\/span><\/h1><\/div><div class=\"x-col x-hide-sm x-hide-xs e9329-e5 m775-y m775-10\"><hr  class=\"x-gap\" style=\"margin: 1px 0 0 0;\"><\/div><\/div><\/div><div class=\"x-row x-container max width e9329-e7 m775-f m775-g m775-j m775-l\"><div class=\"x-row-inner\"><div class=\"x-col e9329-e8 m775-y m775-10 m775-11\"><div id=\"\" class=\"x-text\" style=\"color:#fff;  margin-top:0px; margin-left:20px;\" ><p>Z DECKMATE<\/p>\n<\/div><\/div><div class=\"x-col e9329-e10 m775-y m775-10\"><hr  class=\"x-gap\" style=\"margin: 1px 0 0 0;\"><\/div><\/div><\/div><div class=\"x-row x-container max width e9329-e12 m775-f m775-h m775-m m775-n\"><div class=\"x-row-inner\"><div class=\"x-col e9329-e13 m775-y m775-12\"><a class=\"x-anchor x-anchor-button e9329-e14 m775-13\" tabindex=\"0\" href=\"http:\/\/dulonmarine.com\/sl\/kategorije-izdelkov-deckmate\/umivanje-ciscenje\/\"><div class=\"x-anchor-content\"><div class=\"x-anchor-text\"><span class=\"x-anchor-text-primary\">Vsi izdelki za pranje in \u010di\u0161\u010denje<\/span><\/div><\/div><\/a><\/div><\/div><\/div><\/div><div class=\"x-section e9329-e15 m775-1 m775-2 m775-3 m775-4\"><div class=\"x-bg\" aria-hidden=\"true\"><div class=\"x-bg-layer-lower-image\" data-x-element-bg-layer=\"{&quot;parallaxSize&quot;:&quot;150%&quot;,&quot;parallaxDir&quot;:&quot;v&quot;,&quot;parallaxRev&quot;:false}\"><\/div><\/div><div class=\"x-row x-container max width e9329-e16 m775-f m775-h m775-i m775-m m775-o\"><div class=\"x-row-inner\"><div class=\"x-col e9329-e17 m775-y m775-12\"><a class=\"x-anchor x-anchor-button e9329-e18 m775-13\" tabindex=\"0\" href=\"http:\/\/dulonmarine.com\/sl\/winkel\/deckmate\/umivanje-ciscenje\/vzorcni-izdelek\/prevleka-za-glavo-deckmate-dm230-iz-mikrovlaken\/\"><div class=\"x-anchor-content\"><div class=\"x-anchor-text\"><span class=\"x-anchor-text-primary\">Prevleka za glavo iz mikrovlaken<\/span><\/div><\/div><\/a><\/div><\/div><\/div><\/div><div class=\"x-section e9329-e19 m775-1 m775-2 m775-3 m775-5\"><div class=\"x-bg\" aria-hidden=\"true\"><div class=\"x-bg-layer-lower-image\" data-x-element-bg-layer=\"{&quot;parallaxSize&quot;:&quot;150%&quot;,&quot;parallaxDir&quot;:&quot;v&quot;,&quot;parallaxRev&quot;:false}\"><\/div><\/div><div class=\"x-row x-container max width e9329-e20 m775-f m775-h m775-i m775-m m775-p\"><div class=\"x-row-inner\"><div class=\"x-col e9329-e21 m775-y m775-12\"><a class=\"x-anchor x-anchor-button e9329-e22 m775-13\" tabindex=\"0\" href=\"http:\/\/dulonmarine.com\/sl\/winkel\/deckmate\/umivanje-ciscenje\/vzorcni-izdelek\/deckmate-dm235-prevleka-za-pralno-glavo-iz-sinteticne-jagnjecje-volne\/\"><div class=\"x-anchor-content\"><div class=\"x-anchor-text\"><span class=\"x-anchor-text-primary\">Sinteti\u010dna prevleka za pralno glavo iz jagnje\u010dje volne<\/span><\/div><\/div><\/a><\/div><\/div><\/div><\/div><div class=\"x-section e9329-e23 m775-1 m775-2 m775-3 m775-6 m775-7\"><div class=\"x-bg\" aria-hidden=\"true\"><div class=\"x-bg-layer-lower-image\" data-x-element-bg-layer=\"{&quot;parallaxSize&quot;:&quot;150%&quot;,&quot;parallaxDir&quot;:&quot;v&quot;,&quot;parallaxRev&quot;:false}\"><\/div><\/div><div class=\"x-row x-container max width e9329-e24 m775-f m775-h m775-i m775-m m775-q\"><div class=\"x-row-inner\"><div class=\"x-col e9329-e25 m775-y m775-12\"><a class=\"x-anchor x-anchor-button e9329-e26 m775-13\" tabindex=\"0\" href=\"https:\/\/dulonmarine.com\/sl\/winkel\/deckmate\/umivanje-ciscenje\/vzorcni-izdelek\/deckmate-dm715-polishpad\/\"><div class=\"x-anchor-content\"><div class=\"x-anchor-text\"><span class=\"x-anchor-text-primary\">Poljska blazinica<\/span><\/div><\/div><\/a><\/div><\/div><\/div><\/div><div class=\"x-section e9329-e27 m775-1 m775-2 m775-3 m775-7 m775-8\"><div class=\"x-bg\" aria-hidden=\"true\"><div class=\"x-bg-layer-lower-image\" data-x-element-bg-layer=\"{&quot;parallaxSize&quot;:&quot;150%&quot;,&quot;parallaxDir&quot;:&quot;v&quot;,&quot;parallaxRev&quot;:false}\"><\/div><\/div><div class=\"x-row x-container max width e9329-e28 m775-f m775-h m775-i m775-m m775-r\"><div class=\"x-row-inner\"><div class=\"x-col e9329-e29 m775-y m775-12\"><a class=\"x-anchor x-anchor-button e9329-e30 m775-13\" tabindex=\"0\" href=\"http:\/\/dulonmarine.com\/sl\/winkel\/deckmate\/umivanje-ciscenje\/vzorcni-izdelek\/deckmate-dm210-pralna-miza-iz-mikrovlaken\/\"><div class=\"x-anchor-content\"><div class=\"x-anchor-text\"><span class=\"x-anchor-text-primary\">Pranje iz mikrovlaken<\/span><\/div><\/div><\/a><\/div><\/div><\/div><\/div><div class=\"x-section e9329-e31 m775-1 m775-2 m775-3 m775-9\"><div class=\"x-bg\" aria-hidden=\"true\"><div class=\"x-bg-layer-lower-image\" data-x-element-bg-layer=\"{&quot;parallaxSize&quot;:&quot;150%&quot;,&quot;parallaxDir&quot;:&quot;v&quot;,&quot;parallaxRev&quot;:false}\"><\/div><\/div><div class=\"x-row x-container max width e9329-e32 m775-f m775-h m775-i m775-m m775-s\"><div class=\"x-row-inner\"><div class=\"x-col e9329-e33 m775-y m775-12\"><a class=\"x-anchor x-anchor-button e9329-e34 m775-13\" tabindex=\"0\" href=\"http:\/\/dulonmarine.com\/sl\/winkel\/deckmate\/umivanje-ciscenje\/vzorcni-izdelek\/vrtljiva-plosca-deckmate-dm270\/\"><div class=\"x-anchor-content\"><div class=\"x-anchor-text\"><span class=\"x-anchor-text-primary\">Vrtljiva plo\u0161\u010da<\/span><\/div><\/div><\/a><\/div><\/div><\/div><\/div><div class=\"x-section e9329-e35 m775-1 m775-2 m775-3 m775-7 m775-a\"><div class=\"x-bg\" aria-hidden=\"true\"><div class=\"x-bg-layer-lower-image\" data-x-element-bg-layer=\"{&quot;parallaxSize&quot;:&quot;150%&quot;,&quot;parallaxDir&quot;:&quot;v&quot;,&quot;parallaxRev&quot;:false}\"><\/div><\/div><div class=\"x-row x-container max width e9329-e36 m775-f m775-h m775-i m775-m m775-t\"><div class=\"x-row-inner\"><div class=\"x-col e9329-e37 m775-y m775-12\"><a class=\"x-anchor x-anchor-button e9329-e38 m775-13\" tabindex=\"0\" href=\"http:\/\/dulonmarine.com\/sl\/winkel\/deckmate\/umivanje-ciscenje\/vzorcni-izdelek\/deckmate-dm250-mehka-krtacka-za-ciscenje\/\"><div class=\"x-anchor-content\"><div class=\"x-anchor-text\"><span class=\"x-anchor-text-primary\">Mehka podloga za \u010di\u0161\u010denje<\/span><\/div><\/div><\/a><\/div><\/div><\/div><\/div><div class=\"x-section e9329-e39 m775-1 m775-2 m775-3 m775-7 m775-b\"><div class=\"x-bg\" aria-hidden=\"true\"><div class=\"x-bg-layer-lower-image\" data-x-element-bg-layer=\"{&quot;parallaxSize&quot;:&quot;150%&quot;,&quot;parallaxDir&quot;:&quot;v&quot;,&quot;parallaxRev&quot;:false}\"><\/div><\/div><div class=\"x-row x-container max width e9329-e40 m775-f m775-h m775-i m775-m m775-u\"><div class=\"x-row-inner\"><div class=\"x-col e9329-e41 m775-y m775-12\"><a class=\"x-anchor x-anchor-button e9329-e42 m775-13\" tabindex=\"0\" href=\"http:\/\/dulonmarine.com\/sl\/winkel\/deckmate\/umivanje-ciscenje\/vzorcni-izdelek\/deckmate-dm251-srednje-velika-krtaca-za-ciscenje\/\"><div class=\"x-anchor-content\"><div class=\"x-anchor-text\"><span class=\"x-anchor-text-primary\">Srednja \u010distilna plo\u0161\u010dica<\/span><\/div><\/div><\/a><\/div><\/div><\/div><\/div><div class=\"x-section e9329-e43 m775-1 m775-2 m775-3 m775-7 m775-c\"><div class=\"x-bg\" aria-hidden=\"true\"><div class=\"x-bg-layer-lower-image\" data-x-element-bg-layer=\"{&quot;parallaxSize&quot;:&quot;150%&quot;,&quot;parallaxDir&quot;:&quot;v&quot;,&quot;parallaxRev&quot;:false}\"><\/div><\/div><div class=\"x-row x-container max width e9329-e44 m775-f m775-h m775-i m775-m m775-v\"><div class=\"x-row-inner\"><div class=\"x-col e9329-e45 m775-y m775-12\"><a class=\"x-anchor x-anchor-button e9329-e46 m775-13\" tabindex=\"0\" href=\"http:\/\/dulonmarine.com\/sl\/winkel\/deckmate\/umivanje-ciscenje\/vzorcni-izdelek\/deckmate-dm252-groba-cistilna-ploscica\/\"><div class=\"x-anchor-content\"><div class=\"x-anchor-text\"><span class=\"x-anchor-text-primary\">Groba krta\u010dka za \u010di\u0161\u010denje<\/span><\/div><\/div><\/a><\/div><\/div><\/div><\/div><div class=\"x-section e9329-e47 m775-1 m775-2 m775-3 m775-7 m775-d\"><div class=\"x-bg\" aria-hidden=\"true\"><div class=\"x-bg-layer-lower-image\" data-x-element-bg-layer=\"{&quot;parallaxSize&quot;:&quot;150%&quot;,&quot;parallaxDir&quot;:&quot;v&quot;,&quot;parallaxRev&quot;:false}\"><\/div><\/div><div class=\"x-row x-container max width e9329-e48 m775-f m775-h m775-i m775-m m775-w\"><div class=\"x-row-inner\"><div class=\"x-col e9329-e49 m775-y m775-12\"><a class=\"x-anchor x-anchor-button e9329-e50 m775-13\" tabindex=\"0\" href=\"http:\/\/dulonmarine.com\/sl\/winkel\/deckmate\/umivanje-ciscenje\/vzorcni-izdelek\/deckmate-dm215-washmitt-sinteticna-ovcja-volna\/\"><div class=\"x-anchor-content\"><div class=\"x-anchor-text\"><span class=\"x-anchor-text-primary\">Washmitt | Sinteti\u010dna jagnjetina<\/span><\/div><\/div><\/a><\/div><\/div><\/div><\/div><div class=\"x-section e9329-e51 m775-1 m775-2 m775-e\"><div class=\"x-bg\" aria-hidden=\"true\"><div class=\"x-bg-layer-lower-image\" data-x-element-bg-layer=\"{&quot;parallaxSize&quot;:&quot;150%&quot;,&quot;parallaxDir&quot;:&quot;v&quot;,&quot;parallaxRev&quot;:false}\"><\/div><\/div><div class=\"x-row x-container max width e9329-e52 m775-f m775-h m775-i m775-m m775-x\"><div class=\"x-row-inner\"><div class=\"x-col e9329-e53 m775-y m775-12\"><h2  class=\"h-custom-headline h1\" style=\"color: hsl(0, 0%, 100%);margin-top:0px; text-shadow: 2px 2px 22px  hsla(0, 0%, 0%, 0.5);\"><span>OGLEJTE SI NA\u0160E IZDELKE ZA PRANJE IN \u010cI\u0160\u010cENJE<\/span><\/h2><a class=\"x-anchor x-anchor-button e9329-e55 m775-13\" tabindex=\"0\" href=\"http:\/\/dulonmarine.com\/sl\/kategorije-izdelkov-deckmate\/umivanje-ciscenje\/\"><div class=\"x-anchor-content\"><div class=\"x-anchor-text\"><span class=\"x-anchor-text-primary\">Vsi izdelki za pranje in \u010di\u0161\u010denje<\/span><\/div><\/div><\/a><\/div><\/div><\/div><\/div><\/div>","protected":false},"excerpt":{"rendered":"<p>Vsi izdelki za pranje in \u010di\u0161\u010denjeMikrovlaknasta prevleka za glavo za pranjeSinteti\u010dna prevleka za glavo za pranje iz jagnjetine volnePolirska podlogaMikrovlaknasta prevleka za pranjeObra\u010dalna plo\u0161\u010daPodloga za \u010di\u0161\u010denje mehkaPodloga za \u010di\u0161\u010denje srednjaPodloga za \u010di\u0161\u010denje grobaPreveri na\u0161e izdelke za pranje in \u010di\u0161\u010denjeVsi izdelki za pranje in \u010di\u0161\u010denje<\/p>","protected":false},"author":11,"featured_media":0,"parent":8548,"menu_order":0,"comment_status":"closed","ping_status":"closed","template":"template-blank-4.php","meta":{"_acf_changed":false,"om_disable_all_campaigns":false,"rs_blank_template":"","rs_page_bg_color":"","slide_template_v7":"","inline_featured_image":false,"_monsterinsights_skip_tracking":false,"_monsterinsights_sitenote_active":false,"_monsterinsights_sitenote_note":"","_monsterinsights_sitenote_category":0,"footnotes":""},"class_list":["post-9329","page","type-page","status-publish","hentry","no-post-thumbnail"],"acf":[],"yoast_head":"<!-- This site is optimized with the Yoast SEO plugin v27.4 - https:\/\/yoast.com\/product\/yoast-seo-wordpress\/ -->\n<title>Wash &amp; Scrub - Details - Dulon Marine<\/title>\n<meta name=\"robots\" content=\"index, follow, max-snippet:-1, max-image-preview:large, max-video-preview:-1\" \/>\n<link rel=\"canonical\" href=\"https:\/\/dulonmarine.com\/sl\/deckmate\/podrobnosti-o-pranju\/\" \/>\n<meta property=\"og:locale\" content=\"sl_SI\" \/>\n<meta property=\"og:type\" content=\"article\" \/>\n<meta property=\"og:title\" content=\"Wash &amp; Scrub - Details - Dulon Marine\" \/>\n<meta property=\"og:description\" content=\"WASH &amp; SCRUBBY DECKMATE All wash &amp; scrub productsMicrofiber washead coverSynthetic lambswool washhead coverPolishpadMicrofiber washmittSwivelplateScrubpad softScrubpad mediumScrubpad CoarseWashmitt | Synthetic LambswoolCHECK OUT OUR WASH &amp; SCRUB PRODUCTSAll wash &amp; scrub products\" \/>\n<meta property=\"og:url\" content=\"https:\/\/dulonmarine.com\/sl\/deckmate\/podrobnosti-o-pranju\/\" \/>\n<meta property=\"og:site_name\" content=\"Dulon Marine\" \/>\n<meta property=\"article:publisher\" content=\"https:\/\/www.facebook.com\/dulonmarine?locale=nl_NL\" \/>\n<meta property=\"article:modified_time\" content=\"2025-06-12T14:59:41+00:00\" \/>\n<meta name=\"twitter:card\" content=\"summary_large_image\" \/>\n<meta name=\"twitter:label1\" content=\"Est. reading time\" \/>\n\t<meta name=\"twitter:data1\" content=\"1 minuta\" \/>\n<script type=\"application\/ld+json\" class=\"yoast-schema-graph\">{\"@context\":\"https:\\\/\\\/schema.org\",\"@graph\":[{\"@type\":\"WebPage\",\"@id\":\"https:\\\/\\\/dulonmarine.com\\\/deckmate\\\/wash-scrub-details\\\/\",\"url\":\"https:\\\/\\\/dulonmarine.com\\\/deckmate\\\/wash-scrub-details\\\/\",\"name\":\"Wash & Scrub - Details - Dulon Marine\",\"isPartOf\":{\"@id\":\"https:\\\/\\\/dulonmarine.com\\\/pt\\\/#website\"},\"datePublished\":\"2024-10-17T14:32:27+00:00\",\"dateModified\":\"2025-06-12T14:59:41+00:00\",\"breadcrumb\":{\"@id\":\"https:\\\/\\\/dulonmarine.com\\\/deckmate\\\/wash-scrub-details\\\/#breadcrumb\"},\"inLanguage\":\"sl-SI\",\"potentialAction\":[{\"@type\":\"ReadAction\",\"target\":[\"https:\\\/\\\/dulonmarine.com\\\/deckmate\\\/wash-scrub-details\\\/\"]}]},{\"@type\":\"BreadcrumbList\",\"@id\":\"https:\\\/\\\/dulonmarine.com\\\/deckmate\\\/wash-scrub-details\\\/#breadcrumb\",\"itemListElement\":[{\"@type\":\"ListItem\",\"position\":1,\"name\":\"Home\",\"item\":\"https:\\\/\\\/dulonmarine.com\\\/\"},{\"@type\":\"ListItem\",\"position\":2,\"name\":\"Deckmate\",\"item\":\"https:\\\/\\\/dulonmarine.com\\\/deckmate\\\/\"},{\"@type\":\"ListItem\",\"position\":3,\"name\":\"Wash &#038; Scrub &#8211; Details\"}]},{\"@type\":\"WebSite\",\"@id\":\"https:\\\/\\\/dulonmarine.com\\\/pt\\\/#website\",\"url\":\"https:\\\/\\\/dulonmarine.com\\\/pt\\\/\",\"name\":\"Dulon Marine\",\"description\":\"Onderhoudsproducten voor de scheepvaart\",\"publisher\":{\"@id\":\"https:\\\/\\\/dulonmarine.com\\\/pt\\\/#organization\"},\"potentialAction\":[{\"@type\":\"SearchAction\",\"target\":{\"@type\":\"EntryPoint\",\"urlTemplate\":\"https:\\\/\\\/dulonmarine.com\\\/pt\\\/?s={search_term_string}\"},\"query-input\":{\"@type\":\"PropertyValueSpecification\",\"valueRequired\":true,\"valueName\":\"search_term_string\"}}],\"inLanguage\":\"sl-SI\"},{\"@type\":\"Organization\",\"@id\":\"https:\\\/\\\/dulonmarine.com\\\/pt\\\/#organization\",\"name\":\"Dulon Marine Deckmate Group\",\"url\":\"https:\\\/\\\/dulonmarine.com\\\/pt\\\/\",\"logo\":{\"@type\":\"ImageObject\",\"inLanguage\":\"sl-SI\",\"@id\":\"https:\\\/\\\/dulonmarine.com\\\/pt\\\/#\\\/schema\\\/logo\\\/image\\\/\",\"url\":\"http:\\\/\\\/dulonmarine.com\\\/wp-content\\\/uploads\\\/2023\\\/02\\\/Dulon-Marine-Deckmate-Group-logo-small.png\",\"contentUrl\":\"http:\\\/\\\/dulonmarine.com\\\/wp-content\\\/uploads\\\/2023\\\/02\\\/Dulon-Marine-Deckmate-Group-logo-small.png\",\"width\":350,\"height\":150,\"caption\":\"Dulon Marine Deckmate Group\"},\"image\":{\"@id\":\"https:\\\/\\\/dulonmarine.com\\\/pt\\\/#\\\/schema\\\/logo\\\/image\\\/\"},\"sameAs\":[\"https:\\\/\\\/www.facebook.com\\\/dulonmarine?locale=nl_NL\",\"https:\\\/\\\/www.instagram.com\\\/dulonmarinegroup\\\/\"]}]}<\/script>\n<!-- \/ Yoast SEO plugin. -->","yoast_head_json":{"title":"Pranje in \u010di\u0161\u010denje - Podrobnosti - Dulon Marine","robots":{"index":"index","follow":"follow","max-snippet":"max-snippet:-1","max-image-preview":"max-image-preview:large","max-video-preview":"max-video-preview:-1"},"canonical":"https:\/\/dulonmarine.com\/sl\/deckmate\/podrobnosti-o-pranju\/","og_locale":"sl_SI","og_type":"article","og_title":"Wash & Scrub - Details - Dulon Marine","og_description":"WASH & SCRUBBY DECKMATE All wash &amp; scrub productsMicrofiber washead coverSynthetic lambswool washhead coverPolishpadMicrofiber washmittSwivelplateScrubpad softScrubpad mediumScrubpad CoarseWashmitt | Synthetic LambswoolCHECK OUT OUR WASH & SCRUB PRODUCTSAll wash &amp; scrub products","og_url":"https:\/\/dulonmarine.com\/sl\/deckmate\/podrobnosti-o-pranju\/","og_site_name":"Dulon Marine","article_publisher":"https:\/\/www.facebook.com\/dulonmarine?locale=nl_NL","article_modified_time":"2025-06-12T14:59:41+00:00","twitter_card":"summary_large_image","twitter_misc":{"Est. reading time":"1 minuta"},"schema":{"@context":"https:\/\/schema.org","@graph":[{"@type":"WebPage","@id":"https:\/\/dulonmarine.com\/deckmate\/wash-scrub-details\/","url":"https:\/\/dulonmarine.com\/deckmate\/wash-scrub-details\/","name":"Pranje in \u010di\u0161\u010denje - Podrobnosti - Dulon Marine","isPartOf":{"@id":"https:\/\/dulonmarine.com\/pt\/#website"},"datePublished":"2024-10-17T14:32:27+00:00","dateModified":"2025-06-12T14:59:41+00:00","breadcrumb":{"@id":"https:\/\/dulonmarine.com\/deckmate\/wash-scrub-details\/#breadcrumb"},"inLanguage":"sl-SI","potentialAction":[{"@type":"ReadAction","target":["https:\/\/dulonmarine.com\/deckmate\/wash-scrub-details\/"]}]},{"@type":"BreadcrumbList","@id":"https:\/\/dulonmarine.com\/deckmate\/wash-scrub-details\/#breadcrumb","itemListElement":[{"@type":"ListItem","position":1,"name":"Home","item":"https:\/\/dulonmarine.com\/"},{"@type":"ListItem","position":2,"name":"Deckmate","item":"https:\/\/dulonmarine.com\/deckmate\/"},{"@type":"ListItem","position":3,"name":"Wash &#038; Scrub &#8211; Details"}]},{"@type":"WebSite","@id":"https:\/\/dulonmarine.com\/pt\/#website","url":"https:\/\/dulonmarine.com\/pt\/","name":"Dulon Marine","description":"Onderhoudsproducten voor de scheepvaart","publisher":{"@id":"https:\/\/dulonmarine.com\/pt\/#organization"},"potentialAction":[{"@type":"SearchAction","target":{"@type":"EntryPoint","urlTemplate":"https:\/\/dulonmarine.com\/pt\/?s={search_term_string}"},"query-input":{"@type":"PropertyValueSpecification","valueRequired":true,"valueName":"search_term_string"}}],"inLanguage":"sl-SI"},{"@type":"Organization","@id":"https:\/\/dulonmarine.com\/pt\/#organization","name":"Dulon Marine Skupina Deckmate","url":"https:\/\/dulonmarine.com\/pt\/","logo":{"@type":"ImageObject","inLanguage":"sl-SI","@id":"https:\/\/dulonmarine.com\/pt\/#\/schema\/logo\/image\/","url":"http:\/\/dulonmarine.com\/wp-content\/uploads\/2023\/02\/Dulon-Marine-Deckmate-Group-logo-small.png","contentUrl":"http:\/\/dulonmarine.com\/wp-content\/uploads\/2023\/02\/Dulon-Marine-Deckmate-Group-logo-small.png","width":350,"height":150,"caption":"Dulon Marine Deckmate Group"},"image":{"@id":"https:\/\/dulonmarine.com\/pt\/#\/schema\/logo\/image\/"},"sameAs":["https:\/\/www.facebook.com\/dulonmarine?locale=nl_NL","https:\/\/www.instagram.com\/dulonmarinegroup\/"]}]}},"_links":{"self":[{"href":"https:\/\/dulonmarine.com\/sl\/wp-json\/wp\/v2\/pages\/9329","targetHints":{"allow":["GET"]}}],"collection":[{"href":"https:\/\/dulonmarine.com\/sl\/wp-json\/wp\/v2\/pages"}],"about":[{"href":"https:\/\/dulonmarine.com\/sl\/wp-json\/wp\/v2\/types\/page"}],"author":[{"embeddable":true,"href":"https:\/\/dulonmarine.com\/sl\/wp-json\/wp\/v2\/users\/11"}],"replies":[{"embeddable":true,"href":"https:\/\/dulonmarine.com\/sl\/wp-json\/wp\/v2\/comments?post=9329"}],"version-history":[{"count":2,"href":"https:\/\/dulonmarine.com\/sl\/wp-json\/wp\/v2\/pages\/9329\/revisions"}],"predecessor-version":[{"id":9845,"href":"https:\/\/dulonmarine.com\/sl\/wp-json\/wp\/v2\/pages\/9329\/revisions\/9845"}],"up":[{"embeddable":true,"href":"https:\/\/dulonmarine.com\/sl\/wp-json\/wp\/v2\/pages\/8548"}],"wp:attachment":[{"href":"https:\/\/dulonmarine.com\/sl\/wp-json\/wp\/v2\/media?parent=9329"}],"curies":[{"name":"wp","href":"https:\/\/api.w.org\/{rel}","templated":true}]}}