{"id":9912,"date":"2025-11-12T11:09:29","date_gmt":"2025-11-12T10:09:29","guid":{"rendered":"https:\/\/dulonmarine.com\/?page_id=9912"},"modified":"2025-11-12T11:09:29","modified_gmt":"2025-11-12T10:09:29","slug":"vodnik-za-vzdrzevanje","status":"publish","type":"page","link":"https:\/\/dulonmarine.com\/sl\/maintenance-guide\/","title":{"rendered":"Vodnik za vzdr\u017eevanje"},"content":{"rendered":"<div id=\"cs-content\" class=\"cs-content\"><div class=\"x-section e9912-e1 m7nc-0\"><div class=\"x-row x-container max width e9912-e2 m7nc-1 m7nc-2 m7nc-4\"><div class=\"x-row-inner\"><div class=\"x-col e9912-e3 m7nc-b m7nc-c\"><h1  class=\"h-custom-headline h2\" style=\"margin-top:0px;\"><span>VODNIK ZA VZDR\u017dEVANJE<\/span><\/h1><div id=\"\" class=\"x-text\" style=\"\" ><p>Z izdelki podjetij Dulon Marine, Deckmate in Captain Green si lahko zagotovite najbolj\u0161o kakovost, da bo va\u0161e plovilo videti osupljivo in bo v odli\u010dnem stanju.<\/p>\n<p>Na podlagi na\u0161ega na\u010dela vzdr\u017eevanja - o\u010disti, obnovi, za\u0161\u010diti - smo za vas pripravili naslednji na\u010drt korakov vzdr\u017eevanja.<\/p>\n<\/div><h1  class=\"h-custom-headline h3\" style=\"margin-top:0px;\"><span>HULL<\/span><\/h1><div id=\"\" class=\"x-text\" style=\"\" ><p>Da bi trup ohranili v optimalnem stanju v celotni jadralni sezoni, ga je treba temeljito o\u010distiti, obnoviti in za\u0161\u010dititi 1 do 2-krat na leto, nato pa ga ob\u010dasno oprati.<\/p>\n<\/div><\/div><\/div><\/div><div class=\"x-row e9912-e8 m7nc-1 m7nc-3 m7nc-5 m7nc-6\"><div class=\"x-row-inner\"><div class=\"x-col e9912-e9 m7nc-b m7nc-c m7nc-d m7nc-e\"><div class=\"x-bg\" aria-hidden=\"true\"><div class=\"x-bg-layer-lower-image\"><\/div><\/div><\/div><div class=\"x-col e9912-e10 m7nc-b m7nc-f\"><h1  class=\"h-custom-headline h3\" style=\"margin-top:0px; margin-bottom:30px;\"><span>Za najbolj\u0161e rezultate upo\u0161tevajte naslednje korake:<\/span><\/h1><div class=\"x-text x-text-headline e9912-e12 m7nc-k m7nc-l\"><div class=\"x-text-content\"><div class=\"x-text-content-text\"><h3 class=\"x-text-content-text-primary\">KORAK 1:<\/h3>\n<\/div><\/div><\/div><h1  class=\"h-custom-headline h3\" style=\"color: #000000;margin-top:0px; font-weight: 100 !important;\"><span>\u010ci\u0161\u010denje<\/span><\/h1><div id=\"\" class=\"x-text\" style=\"\" ><p>Trup najprej temeljito o\u010distite, da odstranite umazanijo, alge, stare plasti voska in druge ne\u010disto\u010de. Uporabite naslednje izdelke:<\/p>\n<\/div><h1  class=\"h-custom-headline link h5\" style=\"color: #000000;margin-top:0px; font-weight: 100 !important; text-decoration: underline 2px;\"><span><a href=\"https:\/\/dulonmarine.com\/sl\/winkel\/dulon\/splosno\/vzorcni-izdelek\/ciscenje-vodne-linije-trupa-22-odstrani-rjavkasto-rumene-obloge\/\">DULON TRUP IN \u010cISTILNA LINIJA 22<\/a><\/span><\/h1><div id=\"\" class=\"x-text\" style=\"\" ><p>Mo\u010dno \u010distilo za odstranjevanje rumenih prog na vodni liniji in vodnega kamna.<\/p>\n<p><b>Navodila:<\/b><\/p>\n<ol style=\"margin-top:-20px;\">\n<li>DULON HULL &amp; WATERLINE CLEAN 22 nanesite z mehko krta\u010do Deckmate Brush Soft in ga tanko razporedite po povr\u0161ini.<\/li>\n<li>Po\u010dakajte pribli\u017eno 10 minut (da se ne izsu\u0161i).<\/li>\n<li>Izperite s \u010disto vodo.<\/li>\n<\/ol>\n<\/div><h1  class=\"h-custom-headline link h5\" style=\"color: hsl(0, 0%, 0%);margin-top:0px; font-weight: 100 !important; text-decoration: underline 2px;\"><span><a href=\"https:\/\/dulonmarine.com\/sl\/winkel\/dulon\/splosno\/vzorcni-izdelek\/predulon-00-zmogljivo-globinsko-cistilo-za-uporabo-pred-poliranjem\/\">PREDULON 00<\/a><\/span><\/h1><div id=\"\" class=\"x-text\" style=\"\" ><p>Mo\u010dno globinsko \u010distilo, ki odstranjuje povr\u0161inske ne\u010disto\u010de, ma\u0161\u010dobe, olja ter stare plasti voska in silikona.<\/p>\n<p><b>Navodila:<\/b><\/p>\n<ol style=\"margin-top:-20px;\">\n<li>V vedro tople vode dodajte 250 ml sredstva PREDULON 00.<\/li>\n<li>Povr\u0161ino o\u010distite s krta\u010do Deckmate Washmitt ali Deckmate Brush Soft.<\/li>\n<li>Pustite PREDULON 00 stati pribli\u017eno 30 sekund.<\/li>\n<li>Izperite s \u010disto vodo.<\/li>\n<\/ol>\n<\/div><\/div><\/div><\/div><div class=\"x-row e9912-e19 m7nc-1 m7nc-3 m7nc-5 m7nc-7\"><div class=\"x-row-inner\"><div class=\"x-col e9912-e20 m7nc-b m7nc-c m7nc-e m7nc-g\"><div class=\"x-bg\" aria-hidden=\"true\"><div class=\"x-bg-layer-lower-image\"><\/div><\/div><\/div><div class=\"x-col e9912-e21 m7nc-b m7nc-f\"><div class=\"x-text x-text-headline e9912-e22 m7nc-k m7nc-m\"><div class=\"x-text-content\"><div class=\"x-text-content-text\"><h3 class=\"x-text-content-text-primary\">KORAK 2:<\/h3>\n<\/div><\/div><\/div><h1  class=\"h-custom-headline h3\" style=\"margin-top:0px; font-weight: 100 !important;\"><span>OBNOVA<\/span><\/h1><div id=\"\" class=\"x-text\" style=\"\" ><p>Odstranite majhne praske in motna mesta ter trupu povrnite visok sijaj. Uporabite naslednji izdelek:<\/p>\n<\/div><h1  class=\"h-custom-headline link h5\" style=\"margin-top:0px; font-weight: 100 !important; text-decoration: underline 2px;\"><span><a href=\"https:\/\/dulonmarine.com\/sl\/winkel\/dulon\/polirni-vosek\/vzorcni-izdelek\/dulon-poly-polish-sredstvo-za-drgnjenje\/\">DULON POLY POLISH SREDSTVO ZA DRGNJENJE STRONG 14<\/a><\/span><\/h1><div id=\"\" class=\"x-text\" style=\"\" ><p>Profesionalna polirna masa, ki obnavlja vremensko obremenjene, oksidirane in razbarvane povr\u0161ine ter odstranjuje praske, trdovratne made\u017ee in proge.<\/p>\n<p><b>Navodila <u>priro\u010dnik<\/u> poliranje:<\/b><\/p>\n<ol style=\"margin-top:-20px;\">\n<li>DULON POLY POLISH nanesite z vla\u017eno polirno blazinico Deckmate s kro\u017enimi gibi, dokler ne dose\u017eete \u017eelenega rezultata.<\/li>\n<li>Z brisa\u010do Deckmate Multi Towel | Coral Fleece odstranite ostanke poliranja.<\/li>\n<\/ol>\n<\/div><div id=\"\" class=\"x-text\" style=\"\" ><p><b>Navodila <u>stroj<\/u> poliranje (rotacijski stroj + trda polirna plo\u0161\u010dica):<\/b><\/p>\n<ol style=\"margin-top:-20px;\">\n<li>Rahlo navla\u017eite polirno blazinico in nanesite majhno koli\u010dino polirnega sredstva DULON POLY POLISH na blazinico.<\/li>\n<li>DULON POLY POLISH tanko razporedite po povr\u0161ini.<\/li>\n<li>Povr\u0161ino polirajte pri nizki hitrosti z gladkimi, nadzorovanimi gibi - tako vodoravno kot navpi\u010dno.<\/li>\n<li>Med poliranjem postopoma pove\u010dujte hitrost, dokler ne dose\u017eete \u017eelenega rezultata.<\/li>\n<li>Z brisa\u010do Deckmate Multi Towel | Coral Fleece odstranite ostanke poliranja.<\/li>\n<\/ol>\n<\/div><\/div><\/div><\/div><div class=\"x-row e9912-e28 m7nc-1 m7nc-3 m7nc-5 m7nc-8\"><div class=\"x-row-inner\"><div class=\"x-col e9912-e29 m7nc-b m7nc-c m7nc-e m7nc-h\"><div class=\"x-bg\" aria-hidden=\"true\"><div class=\"x-bg-layer-lower-image\"><\/div><\/div><\/div><div class=\"x-col e9912-e30 m7nc-b m7nc-f\"><div class=\"x-text x-text-headline e9912-e31 m7nc-k m7nc-m\"><div class=\"x-text-content\"><div class=\"x-text-content-text\"><h3 class=\"x-text-content-text-primary\">KORAK 3:<\/h3>\n<\/div><\/div><\/div><h1  class=\"h-custom-headline h3\" style=\"margin-top:0px; font-weight: 100 !important;\"><span>ZA\u0160\u010cITA<\/span><\/h1><div id=\"\" class=\"x-text\" style=\"\" ><p>Trup je treba ustrezno za\u0161\u010dititi pred UV sevanjem in nabiranjem vodnega kamna. Uporabite naslednji izdelek:<\/p>\n<\/div><h1  class=\"h-custom-headline link h5\" style=\"margin-top:0px; font-weight: 100 !important; text-decoration: underline 2px;\"><span><a href=\"https:\/\/dulonmarine.com\/sl\/winkel\/dulon\/polirni-vosek\/vzorcni-izdelek\/dulon-1-2-komponenta\/\">DULON 1 IN 2<\/a><\/span><\/h1><div id=\"\" class=\"x-text\" style=\"\" ><p>Revolucionarni dvokomponentni sistem za poliranje in voskanje, ki na trdih materialih, kot so gelcoat, lakirano jeklo, les in nerjavno jeklo, ustvari edinstven, neprebojen molekularni \u0161\u010dit. DULON 1&amp;2 med drugim zagotavlja dolgotrajno visoko sijajno za\u0161\u010dito pred UV-sevanjem.\n<\/p>\n<p><b>Navodila <u>priro\u010dnik<\/u> poliranje:<\/b><\/p>\n<ol style=\"margin-top:-20px;\">\n<li>DULON 1 nanesite z vla\u017eno polirno plo\u0161\u010dico Deckmate s kro\u017enimi gibi, dokler se ne pojavi rahla meglica.<\/li>\n<li>NE BRI\u0160ITE!<\/li>\n<li>DULON 2 nana\u0161ajte na enak na\u010din, dokler se ne pojavi svetla<br \/>\npojavi se meglica.<\/li>\n<li>Po\u010dakajte, da se posu\u0161i, dokler se ne ustvari pra\u0161na meglica, in jo spolirajte z brisa\u010do Deckmate Multi Towel | Coral Fleece.<\/li>\n<\/ol>\n<\/div><div id=\"\" class=\"x-text\" style=\"\" ><p><b>Navodila <u>stroj<\/u> poliranje<br \/>(rotacijski + srednji, mehka polirna blazinica in ov\u010dja ko\u017ea):<\/b><\/p>\n<ol style=\"margin-top:-20px;\">\n<li>Rahlo navla\u017eite srednjo polirno plo\u0161\u010dico in nanjo nanesite majhno koli\u010dino sredstva DULON 1.<\/li>\n<li>DULON 1 tanko razporedite po povr\u0161ini.<\/li>\n<li>Povr\u0161ino polirajte pri srednji hitrosti, dokler se ne pojavi rahla bela meglica.<\/li>\n<li>Ne bri\u0161ite meglice!<\/li>\n<li>Rahlo navla\u017eite mehko polirno blazinico in nanjo nanesite majhno koli\u010dino sredstva DULON 2.<\/li>\n<\/li>\n<li>DULON 2 tanko razporedite po povr\u0161ini.<\/li>\n<li>Povr\u0161ino polirajte pri srednji hitrosti, dokler se ne pojavi rahla bela meglica.<\/li>\n<li>Po\u010dakajte, da se posu\u0161i do pra\u0161kaste meglice.<\/li>\n<li>Z ov\u010djo ko\u017eico ga polirajte z visoko hitrostjo.<\/li>\n<\/ol>\n<\/div><\/div><\/div><\/div><div class=\"x-row e9912-e37 m7nc-1 m7nc-3 m7nc-5 m7nc-9\"><div class=\"x-row-inner\"><div class=\"x-col e9912-e38 m7nc-b m7nc-c m7nc-e m7nc-i\"><div class=\"x-bg\" aria-hidden=\"true\"><div class=\"x-bg-layer-lower-image\"><\/div><\/div><\/div><div class=\"x-col e9912-e39 m7nc-b m7nc-f\"><div class=\"x-text x-text-headline e9912-e40 m7nc-k m7nc-m\"><div class=\"x-text-content\"><div class=\"x-text-content-text\"><h3 class=\"x-text-content-text-primary\">KORAK 4:<\/h3>\n<\/div><\/div><\/div><h1  class=\"h-custom-headline h3\" style=\"margin-top:0px; font-weight: 100 !important;\"><span>REDNO VZDR\u017dEVANJE<\/span><\/h1><div id=\"\" class=\"x-text\" style=\"\" ><p>Da bi trup jadrnice ostal \u010dist in lep ves \u010das jadralne sezone, ga je treba redno umivati. Uporabite naslednji izdelek:<\/p>\n<\/div><h1  class=\"h-custom-headline link h5\" style=\"margin-top:0px; font-weight: 100 !important; text-decoration: underline 2px;\"><span><a href=\"https:\/\/dulonmarine.com\/sl\/winkel\/dulon\/splosno\/vzorcni-izdelek\/premium-sampon-03-pralni-vosek\/\">DULON PREMIUM \u0160AMPON 03 - PRANJE IN VOSKANJE<\/a><\/span><\/h1><div id=\"\" class=\"x-text\" style=\"\" ><p>Visoko koncentriran \u0161ampon za \u010dolne vrhunske kakovosti s posebej razvitimi dodatki za ohranjanje optimalnega stanja za\u0161\u010ditnega sistema DULON 1&amp;2. Temeljito \u010disti, zagotavlja visok sijaj in ima samosu\u0161ilni u\u010dinek. Prav tako obnovi morebitne molekularne po\u0161kodbe sistema DULON 1&amp;2.<\/p>\n<p><b>Navodila:<\/b><\/p>\n<ol style=\"margin-top:-20px;\">\n<li>V vedro tople vode dodajte 25 ml DULON PREMIUM SHAMPOO WASH &amp; WAX 03.<\/li>\n<\/li>\n<li>Povr\u0161ino operite s krta\u010do Deckmate Washmitt ali Deckmate Brush Soft.<\/li>\n<li>Izperite s \u010disto vodo.<\/li>\n<\/ol>\n<p>Z upo\u0161tevanjem teh korakov lahko zagotovite, da bo va\u0161e plovilo ostalo v odli\u010dnem stanju in da boste lahko v celoti u\u017eivali na jadralnih izletih.<\/p>\n<\/div><\/div><\/div><\/div><div class=\"x-row e9912-e45 m7nc-1 m7nc-3 m7nc-5 m7nc-a\"><div class=\"x-row-inner\"><div class=\"x-col e9912-e46 m7nc-b m7nc-c m7nc-e m7nc-j\"><div class=\"x-bg\" aria-hidden=\"true\"><div class=\"x-bg-layer-lower-image\"><\/div><\/div><\/div><div class=\"x-col e9912-e47 m7nc-b m7nc-f\"><h1  class=\"h-custom-headline h3\" style=\"margin-top:0px; font-weight: 100 !important;\"><span>NAJPOGOSTEJ\u0160E TE\u017dAVE PRI VZDR\u017dEVANJU<\/span><\/h1><h1  class=\"h-custom-headline h5\" style=\"margin-top:20px; font-weight: 100 !important;\"><span>NAHAJALI\u0160\u010cA \u010cRNIH PROG<\/span><\/h1><div id=\"\" class=\"x-text\" style=\"margin-top:-10px;\" ><p>Ena najpogostej\u0161ih te\u017eav na krovu so tako imenovane \u010drne \u010drte ali usedline, ki jih pogosto najdemo na okenskih vogalih ali vodovodnih priklju\u010dkih. Te sledi nastanejo zaradi onesna\u017eenosti ozra\u010dja, ki se usede med de\u017ejem in pusti grde \u010drne \u010drte in made\u017ee. Za u\u010dinkovito odstranjevanje teh onesna\u017eeval uporabite:<\/p>\n<\/div><h1  class=\"h-custom-headline link h5\" style=\"margin-top:-20px; font-weight: 100 !important; text-decoration: underline 2px;\"><span><a href=\"https:\/\/dulonmarine.com\/sl\/winkel\/dulon\/splosno\/vzorcni-izdelek\/dulon-odstranjevalec-crnih-lis-26-odstranjuje-crne-atmosferske-usedline\/\">DULON ODSTRANJEVALEC \u010cRNIH LIS 26<\/a><\/span><\/h1><h1  class=\"h-custom-headline h5\" style=\"margin-top:20px; font-weight: 100 !important;\"><span>STEKLENA ALI PLASTI\u010cNA STEKLA<\/span><\/h1><div id=\"\" class=\"x-text\" style=\"margin-top:-10px;\" ><p>Steklena ali plasti\u010dna okna na krovu se lahko uma\u017eejo zaradi padavin, pr\u0161enja vode in drugih dejavnikov. Za hitro in enostavno \u010di\u0161\u010denje priporo\u010damo:<\/p>\n<\/div><h1  class=\"h-custom-headline link h5\" style=\"margin-top:-20px; font-weight: 100 !important; text-decoration: underline 2px;\"><span><a href=\"https:\/\/dulonmarine.com\/sl\/winkel\/steklo\/vzorcni-izdelek\/dulon-glass-clean-50-professional-formula\/\">DULON GLASS CLEAN 50<\/a><\/span><\/h1><h1  class=\"h-custom-headline h5\" style=\"margin-top:20px; font-weight: 100 !important;\"><span>TIKOVINA - NARAVNA ALI SINTETI\u010cNA<\/span><\/h1><div id=\"\" class=\"x-text\" style=\"margin-top:-10px;\" ><p>Tako naravni kot sinteti\u010dni tik so materiali, ki se pogosto uporabljajo na \u010dolnih. S pravilnim \u010di\u0161\u010denjem, obnavljanjem in za\u0161\u010dito tikovine lahko zagotovite brezhibno palubo. Za optimalne rezultate uporabite naslednje izdelke:<\/p>\n<\/div><h1  class=\"h-custom-headline link h5\" style=\"margin-top:-20px; font-weight: 100 !important; text-decoration: underline 2px;\"><span><a href=\"https:\/\/dulonmarine.com\/sl\/winkel\/tikovina\/vzorcni-izdelek\/dulon-razmascevalec-za-tikovino-41-razmascevalec-za-globinsko-ciscenje\/\">DULON RAZMA\u0160\u010cEVALEC TIKOVINE 41<\/a><\/span><\/h1><h1  class=\"h-custom-headline link h5\" style=\"margin-top:-10px; font-weight: 100 !important; text-decoration: underline 2px;\"><span><a href=\"https:\/\/dulonmarine.com\/sl\/winkel\/tikovina\/vzorcni-izdelek\/dulon-teak-clean-brightener-21-cistilo-za-obnovo-barv\/\">DULON TEAK CLEAN &amp; BRIGHTENER 42<\/a><\/span><\/h1><h1  class=\"h-custom-headline link h5\" style=\"margin-top:-10px; font-weight: 100 !important; text-decoration: underline 2px;\"><span><a href=\"https:\/\/dulonmarine.com\/sl\/winkel\/tikovina\/vzorcni-izdelek\/dulon-teak-protector-43-impregnator-uv-blocker\/\">DULON TEAK PROTECTOR 43<\/a><\/span><\/h1><h1  class=\"h-custom-headline link h5\" style=\"margin-top:-10px; font-weight: 100 !important; text-decoration: underline 2px;\"><span><a href=\"https:\/\/dulonmarine.com\/sl\/winkel\/tikovina\/vzorcni-izdelek\/dulon-cistilo-za-sinteticno-tikovino-46-za-vse-vrste-sinteticne-tikovine\/\">DULON SINTETI\u010cNO \u010cISTILO ZA TIKOVINO 46<\/a><\/span><\/h1><h1  class=\"h-custom-headline h5\" style=\"margin-top:20px; font-weight: 100 !important;\"><span>IZ NERJAVE\u010cEGA JEKLA<\/span><\/h1><div id=\"\" class=\"x-text\" style=\"margin-top:-10px;\" ><p>Oporniki, ograje, odtoki za vodo in druga oprema so pogosto izdelani iz nerjavnega jekla, poliranega ali kromiranega. \u010ce \u017eelite ohraniti nerjavno jeklo v brezhibnem stanju, uporabljajte:<\/p>\n<\/div><h1  class=\"h-custom-headline link h5\" style=\"margin-top:-20px; font-weight: 100 !important; text-decoration: underline 2px;\"><span><a href=\"https:\/\/dulonmarine.com\/sl\/winkel\/kovinski\/vzorcni-izdelek\/dulon-polirno-sredstvo-za-nerjavno-jeklo-60-clean-shine-protect\/\">DULON POLIRANJE NERJAVE\u010cEGA JEKLA 60<\/a><\/span><\/h1><h1  class=\"h-custom-headline h5\" style=\"margin-top:20px; font-weight: 100 !important;\"><span>POVR\u0160INSKA BLISKOVITA RJA<\/span><\/h1><div id=\"\" class=\"x-text\" style=\"margin-top:-10px;\" ><p>Kljub uporabi nerjavnega jekla in drugih nerjave\u010dih materialov na krovu se lahko \u0161e vedno pojavijo povr\u0161inske lise rje, zlasti v marinah in pristani\u0161\u010dih. Te made\u017ee obi\u010dajno povzro\u010dajo drobni kovinski delci, ki plavajo v zraku in se usedajo med de\u017ejem. Za u\u010dinkovito odstranjevanje teh povr\u0161inskih made\u017eev rje uporabite:<\/p>\n<\/div><h1  class=\"h-custom-headline link h5\" style=\"margin-top:-20px; font-weight: 100 !important; text-decoration: underline 2px;\"><span><a href=\"https:\/\/dulonmarine.com\/sl\/winkel\/kovinski\/vzorcni-izdelek\/dulon-odstranjevalec-rje-64-odstranjuje-bliskovito-rjo\/\">\nODSTRANJEVALEC RJE DULON 64<\/a><\/span><\/h1><div id=\"\" class=\"x-text\" style=\"margin-top:0px;\" ><p>Ta pristop bo pomagal ohraniti brezhiben videz va\u0161ih povr\u0161in iz nerjave\u010dega jekla.<\/p>\n<\/div><h1  class=\"h-custom-headline h5\" style=\"margin-top:20px; font-weight: 100 !important;\"><span>BLATNIKI, \u010cOLNI, SEDE\u017dI IZ PVC IN POKROVI ZA PR\u0160ENJE<\/span><\/h1><div id=\"\" class=\"x-text\" style=\"margin-top:-10px;\" ><p>PVC (polivinilklorid) je material, ki se na \u010dolnih pogosto uporablja za blatnike, sede\u017ee, blazine in razpr\u0161ilce. Za u\u010dinkovito in enostavno \u010di\u0161\u010denje izdelkov iz PVC uporabite:<\/p>\n<\/div><h1  class=\"h-custom-headline link h5\" style=\"margin-top:-20px; font-weight: 100 !important; text-decoration: underline 2px;\"><span><a href=\"https:\/\/dulonmarine.com\/sl\/winkel\/sinteticni\/vzorcni-izdelek\/dulon-rib-fender-clean-70-cleaner-color-restorer\/\">DULON REBRA IN BLATNIK CLEAN 70<\/a><\/span><\/h1><\/div><\/div><\/div><\/div><\/div>","protected":false},"excerpt":{"rendered":"<p>NAVODILA ZA VZDR\u017dEVANJE Z izdelki Dulon Marine, Deckmate in Captain Green si lahko zagotovite najbolj\u0161o kakovost, da bo va\u0161e plovilo videti osupljivo in ostalo v odli\u010dnem stanju. Na podlagi na\u0161ega na\u010dela vzdr\u017eevanja - \u010di\u0161\u010denje, obnavljanje, za\u0161\u010dita - smo za vas pripravili naslednji na\u010drt korakov vzdr\u017eevanja. Trup Da bi ohranili optimalno stanje trupa ves \u010das plovbe, je treba poskrbeti, da je trup plovila v optimalnem stanju.... <a href=\"https:\/\/dulonmarine.com\/sl\/maintenance-guide\/\" class=\"more-link\">Read More<\/a><\/p>","protected":false},"author":11,"featured_media":0,"parent":0,"menu_order":0,"comment_status":"closed","ping_status":"closed","template":"template-blank-4.php","meta":{"_acf_changed":false,"om_disable_all_campaigns":false,"rs_blank_template":"","rs_page_bg_color":"","slide_template_v7":"","inline_featured_image":false,"_monsterinsights_skip_tracking":false,"_monsterinsights_sitenote_active":false,"_monsterinsights_sitenote_note":"","_monsterinsights_sitenote_category":0,"footnotes":""},"class_list":["post-9912","page","type-page","status-publish","hentry","no-post-thumbnail"],"acf":[],"yoast_head":"<!-- This site is optimized with the Yoast SEO plugin v27.3 - https:\/\/yoast.com\/product\/yoast-seo-wordpress\/ -->\n<title>Maintenance Guide - Dulon Marine Deckmate Group<\/title>\n<meta name=\"description\" content=\"Based on our maintenance principle \u2013 clean, restore, protect \u2013 we have compiled the following maintenance step plan for you.\" \/>\n<meta name=\"robots\" content=\"index, follow, max-snippet:-1, max-image-preview:large, max-video-preview:-1\" \/>\n<link rel=\"canonical\" href=\"https:\/\/dulonmarine.com\/sl\/vodnik-za-vzdrzevanje\/\" \/>\n<meta property=\"og:locale\" content=\"sl_SI\" \/>\n<meta property=\"og:type\" content=\"article\" \/>\n<meta property=\"og:title\" content=\"Maintenance Guide - Dulon Marine Deckmate Group\" \/>\n<meta property=\"og:description\" content=\"Based on our maintenance principle \u2013 clean, restore, protect \u2013 we have compiled the following maintenance step plan for you.\" \/>\n<meta property=\"og:url\" content=\"https:\/\/dulonmarine.com\/sl\/vodnik-za-vzdrzevanje\/\" \/>\n<meta property=\"og:site_name\" content=\"Dulon Marine\" \/>\n<meta property=\"article:publisher\" content=\"https:\/\/www.facebook.com\/dulonmarine?locale=nl_NL\" \/>\n<meta name=\"twitter:card\" content=\"summary_large_image\" \/>\n<meta name=\"twitter:label1\" content=\"Est. reading time\" \/>\n\t<meta name=\"twitter:data1\" content=\"6 minut\" \/>\n<script type=\"application\/ld+json\" class=\"yoast-schema-graph\">{\"@context\":\"https:\\\/\\\/schema.org\",\"@graph\":[{\"@type\":\"WebPage\",\"@id\":\"https:\\\/\\\/dulonmarine.com\\\/maintenance-guide\\\/\",\"url\":\"https:\\\/\\\/dulonmarine.com\\\/maintenance-guide\\\/\",\"name\":\"Maintenance Guide - Dulon Marine Deckmate Group\",\"isPartOf\":{\"@id\":\"https:\\\/\\\/dulonmarine.com\\\/pt\\\/#website\"},\"datePublished\":\"2025-11-12T10:09:29+00:00\",\"description\":\"Based on our maintenance principle \u2013 clean, restore, protect \u2013 we have compiled the following maintenance step plan for you.\",\"breadcrumb\":{\"@id\":\"https:\\\/\\\/dulonmarine.com\\\/maintenance-guide\\\/#breadcrumb\"},\"inLanguage\":\"sl-SI\",\"potentialAction\":[{\"@type\":\"ReadAction\",\"target\":[\"https:\\\/\\\/dulonmarine.com\\\/maintenance-guide\\\/\"]}]},{\"@type\":\"BreadcrumbList\",\"@id\":\"https:\\\/\\\/dulonmarine.com\\\/maintenance-guide\\\/#breadcrumb\",\"itemListElement\":[{\"@type\":\"ListItem\",\"position\":1,\"name\":\"Home\",\"item\":\"https:\\\/\\\/dulonmarine.com\\\/\"},{\"@type\":\"ListItem\",\"position\":2,\"name\":\"Maintenance Guide\"}]},{\"@type\":\"WebSite\",\"@id\":\"https:\\\/\\\/dulonmarine.com\\\/pt\\\/#website\",\"url\":\"https:\\\/\\\/dulonmarine.com\\\/pt\\\/\",\"name\":\"Dulon Marine\",\"description\":\"Onderhoudsproducten voor de scheepvaart\",\"publisher\":{\"@id\":\"https:\\\/\\\/dulonmarine.com\\\/pt\\\/#organization\"},\"potentialAction\":[{\"@type\":\"SearchAction\",\"target\":{\"@type\":\"EntryPoint\",\"urlTemplate\":\"https:\\\/\\\/dulonmarine.com\\\/pt\\\/?s={search_term_string}\"},\"query-input\":{\"@type\":\"PropertyValueSpecification\",\"valueRequired\":true,\"valueName\":\"search_term_string\"}}],\"inLanguage\":\"sl-SI\"},{\"@type\":\"Organization\",\"@id\":\"https:\\\/\\\/dulonmarine.com\\\/pt\\\/#organization\",\"name\":\"Dulon Marine Deckmate Group\",\"url\":\"https:\\\/\\\/dulonmarine.com\\\/pt\\\/\",\"logo\":{\"@type\":\"ImageObject\",\"inLanguage\":\"sl-SI\",\"@id\":\"https:\\\/\\\/dulonmarine.com\\\/pt\\\/#\\\/schema\\\/logo\\\/image\\\/\",\"url\":\"http:\\\/\\\/dulonmarine.com\\\/wp-content\\\/uploads\\\/2023\\\/02\\\/Dulon-Marine-Deckmate-Group-logo-small.png\",\"contentUrl\":\"http:\\\/\\\/dulonmarine.com\\\/wp-content\\\/uploads\\\/2023\\\/02\\\/Dulon-Marine-Deckmate-Group-logo-small.png\",\"width\":350,\"height\":150,\"caption\":\"Dulon Marine Deckmate Group\"},\"image\":{\"@id\":\"https:\\\/\\\/dulonmarine.com\\\/pt\\\/#\\\/schema\\\/logo\\\/image\\\/\"},\"sameAs\":[\"https:\\\/\\\/www.facebook.com\\\/dulonmarine?locale=nl_NL\",\"https:\\\/\\\/www.instagram.com\\\/dulonmarinegroup\\\/\"]}]}<\/script>\n<!-- \/ Yoast SEO plugin. -->","yoast_head_json":{"title":"Vodnik za vzdr\u017eevanje - Dulon Marine Deckmate Group","description":"Na podlagi na\u0161ega na\u010dela vzdr\u017eevanja - o\u010disti, obnovi, za\u0161\u010diti - smo za vas pripravili naslednji na\u010drt korakov vzdr\u017eevanja.","robots":{"index":"index","follow":"follow","max-snippet":"max-snippet:-1","max-image-preview":"max-image-preview:large","max-video-preview":"max-video-preview:-1"},"canonical":"https:\/\/dulonmarine.com\/sl\/vodnik-za-vzdrzevanje\/","og_locale":"sl_SI","og_type":"article","og_title":"Maintenance Guide - Dulon Marine Deckmate Group","og_description":"Based on our maintenance principle \u2013 clean, restore, protect \u2013 we have compiled the following maintenance step plan for you.","og_url":"https:\/\/dulonmarine.com\/sl\/vodnik-za-vzdrzevanje\/","og_site_name":"Dulon Marine","article_publisher":"https:\/\/www.facebook.com\/dulonmarine?locale=nl_NL","twitter_card":"summary_large_image","twitter_misc":{"Est. reading time":"6 minut"},"schema":{"@context":"https:\/\/schema.org","@graph":[{"@type":"WebPage","@id":"https:\/\/dulonmarine.com\/maintenance-guide\/","url":"https:\/\/dulonmarine.com\/maintenance-guide\/","name":"Vodnik za vzdr\u017eevanje - Dulon Marine Deckmate Group","isPartOf":{"@id":"https:\/\/dulonmarine.com\/pt\/#website"},"datePublished":"2025-11-12T10:09:29+00:00","description":"Na podlagi na\u0161ega na\u010dela vzdr\u017eevanja - o\u010disti, obnovi, za\u0161\u010diti - smo za vas pripravili naslednji na\u010drt korakov vzdr\u017eevanja.","breadcrumb":{"@id":"https:\/\/dulonmarine.com\/maintenance-guide\/#breadcrumb"},"inLanguage":"sl-SI","potentialAction":[{"@type":"ReadAction","target":["https:\/\/dulonmarine.com\/maintenance-guide\/"]}]},{"@type":"BreadcrumbList","@id":"https:\/\/dulonmarine.com\/maintenance-guide\/#breadcrumb","itemListElement":[{"@type":"ListItem","position":1,"name":"Home","item":"https:\/\/dulonmarine.com\/"},{"@type":"ListItem","position":2,"name":"Maintenance Guide"}]},{"@type":"WebSite","@id":"https:\/\/dulonmarine.com\/pt\/#website","url":"https:\/\/dulonmarine.com\/pt\/","name":"Dulon Marine","description":"Onderhoudsproducten voor de scheepvaart","publisher":{"@id":"https:\/\/dulonmarine.com\/pt\/#organization"},"potentialAction":[{"@type":"SearchAction","target":{"@type":"EntryPoint","urlTemplate":"https:\/\/dulonmarine.com\/pt\/?s={search_term_string}"},"query-input":{"@type":"PropertyValueSpecification","valueRequired":true,"valueName":"search_term_string"}}],"inLanguage":"sl-SI"},{"@type":"Organization","@id":"https:\/\/dulonmarine.com\/pt\/#organization","name":"Dulon Marine Skupina Deckmate","url":"https:\/\/dulonmarine.com\/pt\/","logo":{"@type":"ImageObject","inLanguage":"sl-SI","@id":"https:\/\/dulonmarine.com\/pt\/#\/schema\/logo\/image\/","url":"http:\/\/dulonmarine.com\/wp-content\/uploads\/2023\/02\/Dulon-Marine-Deckmate-Group-logo-small.png","contentUrl":"http:\/\/dulonmarine.com\/wp-content\/uploads\/2023\/02\/Dulon-Marine-Deckmate-Group-logo-small.png","width":350,"height":150,"caption":"Dulon Marine Deckmate Group"},"image":{"@id":"https:\/\/dulonmarine.com\/pt\/#\/schema\/logo\/image\/"},"sameAs":["https:\/\/www.facebook.com\/dulonmarine?locale=nl_NL","https:\/\/www.instagram.com\/dulonmarinegroup\/"]}]}},"_links":{"self":[{"href":"https:\/\/dulonmarine.com\/sl\/wp-json\/wp\/v2\/pages\/9912","targetHints":{"allow":["GET"]}}],"collection":[{"href":"https:\/\/dulonmarine.com\/sl\/wp-json\/wp\/v2\/pages"}],"about":[{"href":"https:\/\/dulonmarine.com\/sl\/wp-json\/wp\/v2\/types\/page"}],"author":[{"embeddable":true,"href":"https:\/\/dulonmarine.com\/sl\/wp-json\/wp\/v2\/users\/11"}],"replies":[{"embeddable":true,"href":"https:\/\/dulonmarine.com\/sl\/wp-json\/wp\/v2\/comments?post=9912"}],"version-history":[{"count":7,"href":"https:\/\/dulonmarine.com\/sl\/wp-json\/wp\/v2\/pages\/9912\/revisions"}],"predecessor-version":[{"id":9924,"href":"https:\/\/dulonmarine.com\/sl\/wp-json\/wp\/v2\/pages\/9912\/revisions\/9924"}],"wp:attachment":[{"href":"https:\/\/dulonmarine.com\/sl\/wp-json\/wp\/v2\/media?parent=9912"}],"curies":[{"name":"wp","href":"https:\/\/api.w.org\/{rel}","templated":true}]}}