{"id":7642,"date":"2020-07-23T13:21:15","date_gmt":"2020-07-23T12:21:15","guid":{"rendered":"http:\/\/dulonmarine.com\/?post_type=product&#038;p=7642"},"modified":"2024-10-23T13:45:53","modified_gmt":"2024-10-23T12:45:53","slug":"dulon-1-2-komponenta","status":"publish","type":"product","link":"https:\/\/dulonmarine.com\/sl\/winkel\/dulon\/polish-wax\/sample-product\/dulon-1-2-component\/","title":{"rendered":"Dulon 1&amp;2 - dvokomponentno lo\u0161\u010dilo za plovila"},"content":{"rendered":"","protected":false},"excerpt":{"rendered":"<p>Premium 2-komponentno lo\u0161\u010dilo za \u010dolne<\/p>\n<hr \/>\n<p>Revolucionarni dvokomponentni sistem poliranja in voskanja, ki na trdih povr\u0161inah, kot so gel coat, lakirano jeklo\/les in nerjavno jeklo, ustvari edinstven in neprepusten molekularni \u0161\u010dit. DULON 1&amp;2 zagotavlja dolgotrajno za\u0161\u010dito z visokim sijajem, je enostaven za uporabo in ekonomi\u010den.<\/p>\n<ul>\n<li>Daje neverjeten globok sijaj<\/li>\n<li>Trajnej\u0161i od vseh drugih polirnih sredstev in voskov<\/li>\n<li>Enostavna uporaba in var\u010dna uporaba<\/li>\n<li>Uporablja se na \u0161tevilnih superjahteh po vsem svetu<\/li>\n<\/ul>\n<div class=\"x-video-inner\">\n    <video  \nclass=\"x-mejs x-wp-video-shortcode advanced-controls\" \n        width=\"400\" \n        height=\"400\" \n        loop autoplay muted playsinline style=\"border: none; outline: none; background: none;\"><source type=\"video\/mp4\" src=\"http:\/\/dulonmarine.com\/wp-content\/uploads\/2020\/07\/1-2.-Dulon-Marine-Component-boat-polish-360-video.mp4\"><\/video>\n<\/div>","protected":false},"featured_media":9104,"template":"","meta":{"_acf_changed":false,"om_disable_all_campaigns":false,"rs_blank_template":"","rs_page_bg_color":"","slide_template_v7":"","inline_featured_image":false,"_monsterinsights_skip_tracking":false,"_monsterinsights_sitenote_active":false,"_monsterinsights_sitenote_note":"","_monsterinsights_sitenote_category":0},"product_brand":[],"product_cat":[44],"product_tag":[36],"class_list":{"0":"post-7642","1":"product","2":"type-product","3":"status-publish","4":"has-post-thumbnail","6":"product_cat-polish-wax","7":"product_tag-36","8":"pa_article-numbers-contents-6-12005","9":"pa_article-numbers-contents-6-12050","10":"pa_article-numbers-contents-6-12250","11":"pa_available-content-2-x-0-5l","12":"pa_available-content-2x25l","13":"pa_available-content-2x5l","14":"pa_crp-clean-restore-protect-en","17":"first","18":"instock","19":"purchasable","20":"product-type-variable"},"acf":[],"yoast_head":"<!-- This site is optimized with the Yoast SEO plugin v27.3 - https:\/\/yoast.com\/product\/yoast-seo-wordpress\/ -->\n<title>Dulon 1&amp;2 - 2 component boat polish - Dulon Marine<\/title>\n<meta name=\"robots\" content=\"index, follow, max-snippet:-1, max-image-preview:large, max-video-preview:-1\" \/>\n<link rel=\"canonical\" href=\"https:\/\/dulonmarine.com\/sl\/winkel\/dulon\/polirni-vosek\/vzorcni-izdelek\/dulon-1-2-komponenta\/\" \/>\n<meta property=\"og:locale\" content=\"sl_SI\" \/>\n<meta property=\"og:type\" content=\"article\" \/>\n<meta property=\"og:title\" content=\"Dulon 1&amp;2 - 2 component boat polish - Dulon Marine\" \/>\n<meta property=\"og:description\" content=\"Premium 2-component boat polish    Revolutionary 2-component polish- &amp; wax system which creates a unique and impermeable molecular shield on hard surfaces like gel coat, painted steel\/wood and stainless steel. DULON 1&amp;2 gives a long-lasting high gloss armour protection, is both easy to apply and economical.   Gives an amazing deep lustre  Outlasts all other polish and wax  Easy to apply &amp; economical in use  Used on many superyachts worldwide\" \/>\n<meta property=\"og:url\" content=\"https:\/\/dulonmarine.com\/sl\/winkel\/dulon\/polirni-vosek\/vzorcni-izdelek\/dulon-1-2-komponenta\/\" \/>\n<meta property=\"og:site_name\" content=\"Dulon Marine\" \/>\n<meta property=\"article:publisher\" content=\"https:\/\/www.facebook.com\/dulonmarine?locale=nl_NL\" \/>\n<meta property=\"article:modified_time\" content=\"2024-10-23T12:45:53+00:00\" \/>\n<meta property=\"og:image\" content=\"https:\/\/dulonmarine.com\/wp-content\/uploads\/2020\/07\/0-1-2-Dulon-Marine-Premium-2-Component-Boat-Polish-kopie.jpg\" \/>\n\t<meta property=\"og:image:width\" content=\"1200\" \/>\n\t<meta property=\"og:image:height\" content=\"1200\" \/>\n\t<meta property=\"og:image:type\" content=\"image\/jpeg\" \/>\n<meta name=\"twitter:card\" content=\"summary_large_image\" \/>\n<meta name=\"twitter:label1\" content=\"Est. reading time\" \/>\n\t<meta name=\"twitter:data1\" content=\"1 minuta\" \/>\n<script type=\"application\/ld+json\" class=\"yoast-schema-graph\">{\"@context\":\"https:\\\/\\\/schema.org\",\"@graph\":[{\"@type\":\"WebPage\",\"@id\":\"https:\\\/\\\/dulonmarine.com\\\/sv\\\/winkel\\\/dulon\\\/polish-vax\\\/produktprov\\\/dulon-1-2-komponent\\\/\",\"url\":\"https:\\\/\\\/dulonmarine.com\\\/sv\\\/winkel\\\/dulon\\\/polish-vax\\\/produktprov\\\/dulon-1-2-komponent\\\/\",\"name\":\"Dulon 1&2 - 2 component boat polish - Dulon Marine\",\"isPartOf\":{\"@id\":\"https:\\\/\\\/dulonmarine.com\\\/pt\\\/#website\"},\"primaryImageOfPage\":{\"@id\":\"https:\\\/\\\/dulonmarine.com\\\/sv\\\/winkel\\\/dulon\\\/polish-vax\\\/produktprov\\\/dulon-1-2-komponent\\\/#primaryimage\"},\"image\":{\"@id\":\"https:\\\/\\\/dulonmarine.com\\\/sv\\\/winkel\\\/dulon\\\/polish-vax\\\/produktprov\\\/dulon-1-2-komponent\\\/#primaryimage\"},\"thumbnailUrl\":\"https:\\\/\\\/dulonmarine.com\\\/wp-content\\\/uploads\\\/2020\\\/07\\\/0-1-2-Dulon-Marine-Premium-2-Component-Boat-Polish-kopie.jpg\",\"datePublished\":\"2020-07-23T12:21:15+00:00\",\"dateModified\":\"2024-10-23T12:45:53+00:00\",\"breadcrumb\":{\"@id\":\"https:\\\/\\\/dulonmarine.com\\\/sv\\\/winkel\\\/dulon\\\/polish-vax\\\/produktprov\\\/dulon-1-2-komponent\\\/#breadcrumb\"},\"inLanguage\":\"sl-SI\",\"potentialAction\":[{\"@type\":\"ReadAction\",\"target\":[\"https:\\\/\\\/dulonmarine.com\\\/sv\\\/winkel\\\/dulon\\\/polish-vax\\\/produktprov\\\/dulon-1-2-komponent\\\/\"]}]},{\"@type\":\"ImageObject\",\"inLanguage\":\"sl-SI\",\"@id\":\"https:\\\/\\\/dulonmarine.com\\\/sv\\\/winkel\\\/dulon\\\/polish-vax\\\/produktprov\\\/dulon-1-2-komponent\\\/#primaryimage\",\"url\":\"https:\\\/\\\/dulonmarine.com\\\/wp-content\\\/uploads\\\/2020\\\/07\\\/0-1-2-Dulon-Marine-Premium-2-Component-Boat-Polish-kopie.jpg\",\"contentUrl\":\"https:\\\/\\\/dulonmarine.com\\\/wp-content\\\/uploads\\\/2020\\\/07\\\/0-1-2-Dulon-Marine-Premium-2-Component-Boat-Polish-kopie.jpg\",\"width\":1200,\"height\":1200},{\"@type\":\"BreadcrumbList\",\"@id\":\"https:\\\/\\\/dulonmarine.com\\\/sv\\\/winkel\\\/dulon\\\/polish-vax\\\/produktprov\\\/dulon-1-2-komponent\\\/#breadcrumb\",\"itemListElement\":[{\"@type\":\"ListItem\",\"position\":1,\"name\":\"Home\",\"item\":\"https:\\\/\\\/dulonmarine.com\\\/\"},{\"@type\":\"ListItem\",\"position\":2,\"name\":\"Winkel\",\"item\":\"https:\\\/\\\/dulonmarine.com\\\/pt\\\/piacaba\\\/\"},{\"@type\":\"ListItem\",\"position\":3,\"name\":\"Dulon 1&#038;2 &#8211; 2 component boat polish\"}]},{\"@type\":\"WebSite\",\"@id\":\"https:\\\/\\\/dulonmarine.com\\\/pt\\\/#website\",\"url\":\"https:\\\/\\\/dulonmarine.com\\\/pt\\\/\",\"name\":\"Dulon Marine\",\"description\":\"Onderhoudsproducten voor de scheepvaart\",\"publisher\":{\"@id\":\"https:\\\/\\\/dulonmarine.com\\\/pt\\\/#organization\"},\"potentialAction\":[{\"@type\":\"SearchAction\",\"target\":{\"@type\":\"EntryPoint\",\"urlTemplate\":\"https:\\\/\\\/dulonmarine.com\\\/pt\\\/?s={search_term_string}\"},\"query-input\":{\"@type\":\"PropertyValueSpecification\",\"valueRequired\":true,\"valueName\":\"search_term_string\"}}],\"inLanguage\":\"sl-SI\"},{\"@type\":\"Organization\",\"@id\":\"https:\\\/\\\/dulonmarine.com\\\/pt\\\/#organization\",\"name\":\"Dulon Marine Deckmate Group\",\"url\":\"https:\\\/\\\/dulonmarine.com\\\/pt\\\/\",\"logo\":{\"@type\":\"ImageObject\",\"inLanguage\":\"sl-SI\",\"@id\":\"https:\\\/\\\/dulonmarine.com\\\/pt\\\/#\\\/schema\\\/logo\\\/image\\\/\",\"url\":\"http:\\\/\\\/dulonmarine.com\\\/wp-content\\\/uploads\\\/2023\\\/02\\\/Dulon-Marine-Deckmate-Group-logo-small.png\",\"contentUrl\":\"http:\\\/\\\/dulonmarine.com\\\/wp-content\\\/uploads\\\/2023\\\/02\\\/Dulon-Marine-Deckmate-Group-logo-small.png\",\"width\":350,\"height\":150,\"caption\":\"Dulon Marine Deckmate Group\"},\"image\":{\"@id\":\"https:\\\/\\\/dulonmarine.com\\\/pt\\\/#\\\/schema\\\/logo\\\/image\\\/\"},\"sameAs\":[\"https:\\\/\\\/www.facebook.com\\\/dulonmarine?locale=nl_NL\",\"https:\\\/\\\/www.instagram.com\\\/dulonmarinegroup\\\/\"]}]}<\/script>\n<!-- \/ Yoast SEO plugin. -->","yoast_head_json":{"title":"Dulon 1&amp;2 - dvokomponentno lo\u0161\u010dilo za plovila - Dulon Marine","robots":{"index":"index","follow":"follow","max-snippet":"max-snippet:-1","max-image-preview":"max-image-preview:large","max-video-preview":"max-video-preview:-1"},"canonical":"https:\/\/dulonmarine.com\/sl\/winkel\/dulon\/polirni-vosek\/vzorcni-izdelek\/dulon-1-2-komponenta\/","og_locale":"sl_SI","og_type":"article","og_title":"Dulon 1&2 - 2 component boat polish - Dulon Marine","og_description":"Premium 2-component boat polish    Revolutionary 2-component polish- &amp; wax system which creates a unique and impermeable molecular shield on hard surfaces like gel coat, painted steel\/wood and stainless steel. DULON 1&amp;2 gives a long-lasting high gloss armour protection, is both easy to apply and economical.   Gives an amazing deep lustre  Outlasts all other polish and wax  Easy to apply &amp; economical in use  Used on many superyachts worldwide","og_url":"https:\/\/dulonmarine.com\/sl\/winkel\/dulon\/polirni-vosek\/vzorcni-izdelek\/dulon-1-2-komponenta\/","og_site_name":"Dulon Marine","article_publisher":"https:\/\/www.facebook.com\/dulonmarine?locale=nl_NL","article_modified_time":"2024-10-23T12:45:53+00:00","og_image":[{"width":1200,"height":1200,"url":"https:\/\/dulonmarine.com\/wp-content\/uploads\/2020\/07\/0-1-2-Dulon-Marine-Premium-2-Component-Boat-Polish-kopie.jpg","type":"image\/jpeg"}],"twitter_card":"summary_large_image","twitter_misc":{"Est. reading time":"1 minuta"},"schema":{"@context":"https:\/\/schema.org","@graph":[{"@type":"WebPage","@id":"https:\/\/dulonmarine.com\/sv\/winkel\/dulon\/polish-vax\/produktprov\/dulon-1-2-komponent\/","url":"https:\/\/dulonmarine.com\/sv\/winkel\/dulon\/polish-vax\/produktprov\/dulon-1-2-komponent\/","name":"Dulon 1&amp;2 - dvokomponentno lo\u0161\u010dilo za plovila - Dulon Marine","isPartOf":{"@id":"https:\/\/dulonmarine.com\/pt\/#website"},"primaryImageOfPage":{"@id":"https:\/\/dulonmarine.com\/sv\/winkel\/dulon\/polish-vax\/produktprov\/dulon-1-2-komponent\/#primaryimage"},"image":{"@id":"https:\/\/dulonmarine.com\/sv\/winkel\/dulon\/polish-vax\/produktprov\/dulon-1-2-komponent\/#primaryimage"},"thumbnailUrl":"https:\/\/dulonmarine.com\/wp-content\/uploads\/2020\/07\/0-1-2-Dulon-Marine-Premium-2-Component-Boat-Polish-kopie.jpg","datePublished":"2020-07-23T12:21:15+00:00","dateModified":"2024-10-23T12:45:53+00:00","breadcrumb":{"@id":"https:\/\/dulonmarine.com\/sv\/winkel\/dulon\/polish-vax\/produktprov\/dulon-1-2-komponent\/#breadcrumb"},"inLanguage":"sl-SI","potentialAction":[{"@type":"ReadAction","target":["https:\/\/dulonmarine.com\/sv\/winkel\/dulon\/polish-vax\/produktprov\/dulon-1-2-komponent\/"]}]},{"@type":"ImageObject","inLanguage":"sl-SI","@id":"https:\/\/dulonmarine.com\/sv\/winkel\/dulon\/polish-vax\/produktprov\/dulon-1-2-komponent\/#primaryimage","url":"https:\/\/dulonmarine.com\/wp-content\/uploads\/2020\/07\/0-1-2-Dulon-Marine-Premium-2-Component-Boat-Polish-kopie.jpg","contentUrl":"https:\/\/dulonmarine.com\/wp-content\/uploads\/2020\/07\/0-1-2-Dulon-Marine-Premium-2-Component-Boat-Polish-kopie.jpg","width":1200,"height":1200},{"@type":"BreadcrumbList","@id":"https:\/\/dulonmarine.com\/sv\/winkel\/dulon\/polish-vax\/produktprov\/dulon-1-2-komponent\/#breadcrumb","itemListElement":[{"@type":"ListItem","position":1,"name":"Home","item":"https:\/\/dulonmarine.com\/"},{"@type":"ListItem","position":2,"name":"Winkel","item":"https:\/\/dulonmarine.com\/pt\/piacaba\/"},{"@type":"ListItem","position":3,"name":"Dulon 1&#038;2 &#8211; 2 component boat polish"}]},{"@type":"WebSite","@id":"https:\/\/dulonmarine.com\/pt\/#website","url":"https:\/\/dulonmarine.com\/pt\/","name":"Dulon Marine","description":"Onderhoudsproducten voor de scheepvaart","publisher":{"@id":"https:\/\/dulonmarine.com\/pt\/#organization"},"potentialAction":[{"@type":"SearchAction","target":{"@type":"EntryPoint","urlTemplate":"https:\/\/dulonmarine.com\/pt\/?s={search_term_string}"},"query-input":{"@type":"PropertyValueSpecification","valueRequired":true,"valueName":"search_term_string"}}],"inLanguage":"sl-SI"},{"@type":"Organization","@id":"https:\/\/dulonmarine.com\/pt\/#organization","name":"Dulon Marine Skupina Deckmate","url":"https:\/\/dulonmarine.com\/pt\/","logo":{"@type":"ImageObject","inLanguage":"sl-SI","@id":"https:\/\/dulonmarine.com\/pt\/#\/schema\/logo\/image\/","url":"http:\/\/dulonmarine.com\/wp-content\/uploads\/2023\/02\/Dulon-Marine-Deckmate-Group-logo-small.png","contentUrl":"http:\/\/dulonmarine.com\/wp-content\/uploads\/2023\/02\/Dulon-Marine-Deckmate-Group-logo-small.png","width":350,"height":150,"caption":"Dulon Marine Deckmate Group"},"image":{"@id":"https:\/\/dulonmarine.com\/pt\/#\/schema\/logo\/image\/"},"sameAs":["https:\/\/www.facebook.com\/dulonmarine?locale=nl_NL","https:\/\/www.instagram.com\/dulonmarinegroup\/"]}]}},"_links":{"self":[{"href":"https:\/\/dulonmarine.com\/sl\/wp-json\/wp\/v2\/product\/7642","targetHints":{"allow":["GET"]}}],"collection":[{"href":"https:\/\/dulonmarine.com\/sl\/wp-json\/wp\/v2\/product"}],"about":[{"href":"https:\/\/dulonmarine.com\/sl\/wp-json\/wp\/v2\/types\/product"}],"wp:featuredmedia":[{"embeddable":true,"href":"https:\/\/dulonmarine.com\/sl\/wp-json\/wp\/v2\/media\/9104"}],"wp:attachment":[{"href":"https:\/\/dulonmarine.com\/sl\/wp-json\/wp\/v2\/media?parent=7642"}],"wp:term":[{"taxonomy":"product_brand","embeddable":true,"href":"https:\/\/dulonmarine.com\/sl\/wp-json\/wp\/v2\/product_brand?post=7642"},{"taxonomy":"product_cat","embeddable":true,"href":"https:\/\/dulonmarine.com\/sl\/wp-json\/wp\/v2\/product_cat?post=7642"},{"taxonomy":"product_tag","embeddable":true,"href":"https:\/\/dulonmarine.com\/sl\/wp-json\/wp\/v2\/product_tag?post=7642"}],"curies":[{"name":"wp","href":"https:\/\/api.w.org\/{rel}","templated":true}]}}