{"id":7666,"date":"2020-07-28T12:38:45","date_gmt":"2020-07-28T11:38:45","guid":{"rendered":"http:\/\/dulonmarine.com\/?post_type=product&#038;p=7666"},"modified":"2024-10-30T11:50:18","modified_gmt":"2024-10-30T10:50:18","slug":"premium-sampon-03-pralni-vosek","status":"publish","type":"product","link":"https:\/\/dulonmarine.com\/sl\/winkel\/dulon\/general\/sample-product\/premium-shampoo-03-wash-wax\/","title":{"rendered":"Dulon Premium \u0161ampon 03 - pranje in voskanje"},"content":{"rendered":"","protected":false},"excerpt":{"rendered":"<p>Pranje in voskanje<\/p>\n<hr \/>\n<p>Visoko koncentriran \u0161ampon za \u010dolne, posebej razvit za delovanje z DULON 1&amp;2, ima dodatke, ki ohranjajo za\u0161\u010ditni sistem DULON 1&amp;2 v odli\u010dnem stanju. DULON PREMIUM SHAMPOO 03 - WASH &amp; WAX zagotavlja popoln rezultat in visok sijaj, deluje samosu\u0161ilno in popravlja morebitne molekularne po\u0161kodbe v sistemu DULON 1&amp;2. Primeren tudi za druge izdelke za voskanje in poliranje DULON MARINE.<\/p>\n<ul>\n<li>Zagotavlja popoln rezultat in visok sijaj.<\/li>\n<li>Popravlja molekularne po\u0161kodbe DULON MARINE polirnih in vo\u0161\u010denih izdelkov.<\/li>\n<li>Primerno za vse izdelke za poliranje in vosk DULON MARINE.<\/li>\n<\/ul>\n<div class=\"x-video-inner\">\n    <video  \nclass=\"x-mejs x-wp-video-shortcode advanced-controls\" \n        width=\"400\" \n        height=\"400\" \n        loop autoplay muted playsinline style=\"border: none; outline: none; background: none;\"><source type=\"video\/mp4\" src=\"http:\/\/dulonmarine.com\/wp-content\/uploads\/2024\/10\/03_Professional_Premium_Shampoo_1.mp4\"><\/video>\n<\/div>","protected":false},"featured_media":9686,"template":"","meta":{"_acf_changed":false,"om_disable_all_campaigns":false,"rs_blank_template":"","rs_page_bg_color":"","slide_template_v7":"","inline_featured_image":false,"_monsterinsights_skip_tracking":false,"_monsterinsights_sitenote_active":false,"_monsterinsights_sitenote_note":"","_monsterinsights_sitenote_category":0},"product_brand":[],"product_cat":[45],"product_tag":[30],"class_list":{"0":"post-7666","1":"product","2":"type-product","3":"status-publish","4":"has-post-thumbnail","6":"product_cat-general","7":"product_tag-30","8":"pa_article-numbers-contents-6-03005","9":"pa_article-numbers-contents-6-03050","10":"pa_article-numbers-contents-6-03250","11":"pa_available-content-0-5l","12":"pa_available-content-25l","13":"pa_available-content-5l","14":"pa_crp-clean-restore-protect-en","17":"first","18":"instock","19":"purchasable","20":"product-type-variable"},"acf":[],"yoast_head":"<!-- This site is optimized with the Yoast SEO plugin v27.3 - https:\/\/yoast.com\/product\/yoast-seo-wordpress\/ -->\n<title>Dulon Premium Shampoo 03 - wash &amp; wax -<\/title>\n<meta name=\"robots\" content=\"index, follow, max-snippet:-1, max-image-preview:large, max-video-preview:-1\" \/>\n<link rel=\"canonical\" href=\"https:\/\/dulonmarine.com\/sl\/winkel\/dulon\/splosno\/vzorcni-izdelek\/premium-sampon-03-pralni-vosek\/\" \/>\n<meta property=\"og:locale\" content=\"sl_SI\" \/>\n<meta property=\"og:type\" content=\"article\" \/>\n<meta property=\"og:title\" content=\"Dulon Premium Shampoo 03 - wash &amp; wax -\" \/>\n<meta property=\"og:description\" content=\"Wash &amp; Wax    Highly concentrated, boat shampoo specially developed to work with DULON 1&amp;2, it has additives that keep the DULON 1&amp;2 protection system in superb condition. DULON PREMIUM SHAMPOO 03 \u2013 WASH &amp; WAX gives a perfect result and high gloss finish, it has a self-drying action and repairs possible molecular damage in the DULON 1&amp;2 system. Also suitable for other DULON MARINE wax- &amp; polish products.   Gives a perfect result and high gloss finish.  Repairs molecular damage to the DULON MARINE polish- &amp; wax products.  Suitable for all DULON MARINE polish- &amp; wax products.\" \/>\n<meta property=\"og:url\" content=\"https:\/\/dulonmarine.com\/sl\/winkel\/dulon\/splosno\/vzorcni-izdelek\/premium-sampon-03-pralni-vosek\/\" \/>\n<meta property=\"og:site_name\" content=\"Dulon Marine\" \/>\n<meta property=\"article:publisher\" content=\"https:\/\/www.facebook.com\/dulonmarine?locale=nl_NL\" \/>\n<meta property=\"article:modified_time\" content=\"2024-10-30T10:50:18+00:00\" \/>\n<meta property=\"og:image\" content=\"https:\/\/dulonmarine.com\/wp-content\/uploads\/2024\/10\/03-Dulon-marine-Premium-shampoo.jpg\" \/>\n\t<meta property=\"og:image:width\" content=\"1200\" \/>\n\t<meta property=\"og:image:height\" content=\"1200\" \/>\n\t<meta property=\"og:image:type\" content=\"image\/jpeg\" \/>\n<meta name=\"twitter:card\" content=\"summary_large_image\" \/>\n<meta name=\"twitter:label1\" content=\"Est. reading time\" \/>\n\t<meta name=\"twitter:data1\" content=\"1 minuta\" \/>\n<script type=\"application\/ld+json\" class=\"yoast-schema-graph\">{\"@context\":\"https:\\\/\\\/schema.org\",\"@graph\":[{\"@type\":\"WebPage\",\"@id\":\"https:\\\/\\\/dulonmarine.com\\\/winkel\\\/dulon\\\/general\\\/sample-product\\\/premium-shampoo-03-wash-wax\\\/\",\"url\":\"https:\\\/\\\/dulonmarine.com\\\/winkel\\\/dulon\\\/general\\\/sample-product\\\/premium-shampoo-03-wash-wax\\\/\",\"name\":\"Dulon Premium Shampoo 03 - wash & wax -\",\"isPartOf\":{\"@id\":\"https:\\\/\\\/dulonmarine.com\\\/pt\\\/#website\"},\"primaryImageOfPage\":{\"@id\":\"https:\\\/\\\/dulonmarine.com\\\/winkel\\\/dulon\\\/general\\\/sample-product\\\/premium-shampoo-03-wash-wax\\\/#primaryimage\"},\"image\":{\"@id\":\"https:\\\/\\\/dulonmarine.com\\\/winkel\\\/dulon\\\/general\\\/sample-product\\\/premium-shampoo-03-wash-wax\\\/#primaryimage\"},\"thumbnailUrl\":\"https:\\\/\\\/dulonmarine.com\\\/wp-content\\\/uploads\\\/2024\\\/10\\\/03-Dulon-marine-Premium-shampoo.jpg\",\"datePublished\":\"2020-07-28T11:38:45+00:00\",\"dateModified\":\"2024-10-30T10:50:18+00:00\",\"breadcrumb\":{\"@id\":\"https:\\\/\\\/dulonmarine.com\\\/winkel\\\/dulon\\\/general\\\/sample-product\\\/premium-shampoo-03-wash-wax\\\/#breadcrumb\"},\"inLanguage\":\"sl-SI\",\"potentialAction\":[{\"@type\":\"ReadAction\",\"target\":[\"https:\\\/\\\/dulonmarine.com\\\/winkel\\\/dulon\\\/general\\\/sample-product\\\/premium-shampoo-03-wash-wax\\\/\"]}]},{\"@type\":\"ImageObject\",\"inLanguage\":\"sl-SI\",\"@id\":\"https:\\\/\\\/dulonmarine.com\\\/winkel\\\/dulon\\\/general\\\/sample-product\\\/premium-shampoo-03-wash-wax\\\/#primaryimage\",\"url\":\"https:\\\/\\\/dulonmarine.com\\\/wp-content\\\/uploads\\\/2024\\\/10\\\/03-Dulon-marine-Premium-shampoo.jpg\",\"contentUrl\":\"https:\\\/\\\/dulonmarine.com\\\/wp-content\\\/uploads\\\/2024\\\/10\\\/03-Dulon-marine-Premium-shampoo.jpg\",\"width\":1200,\"height\":1200},{\"@type\":\"BreadcrumbList\",\"@id\":\"https:\\\/\\\/dulonmarine.com\\\/winkel\\\/dulon\\\/general\\\/sample-product\\\/premium-shampoo-03-wash-wax\\\/#breadcrumb\",\"itemListElement\":[{\"@type\":\"ListItem\",\"position\":1,\"name\":\"Home\",\"item\":\"https:\\\/\\\/dulonmarine.com\\\/\"},{\"@type\":\"ListItem\",\"position\":2,\"name\":\"Winkel\",\"item\":\"https:\\\/\\\/dulonmarine.com\\\/pt\\\/piacaba\\\/\"},{\"@type\":\"ListItem\",\"position\":3,\"name\":\"Dulon Premium Shampoo 03 &#8211; wash &#038; wax\"}]},{\"@type\":\"WebSite\",\"@id\":\"https:\\\/\\\/dulonmarine.com\\\/pt\\\/#website\",\"url\":\"https:\\\/\\\/dulonmarine.com\\\/pt\\\/\",\"name\":\"Dulon Marine\",\"description\":\"Onderhoudsproducten voor de scheepvaart\",\"publisher\":{\"@id\":\"https:\\\/\\\/dulonmarine.com\\\/pt\\\/#organization\"},\"potentialAction\":[{\"@type\":\"SearchAction\",\"target\":{\"@type\":\"EntryPoint\",\"urlTemplate\":\"https:\\\/\\\/dulonmarine.com\\\/pt\\\/?s={search_term_string}\"},\"query-input\":{\"@type\":\"PropertyValueSpecification\",\"valueRequired\":true,\"valueName\":\"search_term_string\"}}],\"inLanguage\":\"sl-SI\"},{\"@type\":\"Organization\",\"@id\":\"https:\\\/\\\/dulonmarine.com\\\/pt\\\/#organization\",\"name\":\"Dulon Marine Deckmate Group\",\"url\":\"https:\\\/\\\/dulonmarine.com\\\/pt\\\/\",\"logo\":{\"@type\":\"ImageObject\",\"inLanguage\":\"sl-SI\",\"@id\":\"https:\\\/\\\/dulonmarine.com\\\/pt\\\/#\\\/schema\\\/logo\\\/image\\\/\",\"url\":\"http:\\\/\\\/dulonmarine.com\\\/wp-content\\\/uploads\\\/2023\\\/02\\\/Dulon-Marine-Deckmate-Group-logo-small.png\",\"contentUrl\":\"http:\\\/\\\/dulonmarine.com\\\/wp-content\\\/uploads\\\/2023\\\/02\\\/Dulon-Marine-Deckmate-Group-logo-small.png\",\"width\":350,\"height\":150,\"caption\":\"Dulon Marine Deckmate Group\"},\"image\":{\"@id\":\"https:\\\/\\\/dulonmarine.com\\\/pt\\\/#\\\/schema\\\/logo\\\/image\\\/\"},\"sameAs\":[\"https:\\\/\\\/www.facebook.com\\\/dulonmarine?locale=nl_NL\",\"https:\\\/\\\/www.instagram.com\\\/dulonmarinegroup\\\/\"]}]}<\/script>\n<!-- \/ Yoast SEO plugin. -->","yoast_head_json":{"title":"Dulon Premium \u0161ampon 03 - pranje in voskanje -","robots":{"index":"index","follow":"follow","max-snippet":"max-snippet:-1","max-image-preview":"max-image-preview:large","max-video-preview":"max-video-preview:-1"},"canonical":"https:\/\/dulonmarine.com\/sl\/winkel\/dulon\/splosno\/vzorcni-izdelek\/premium-sampon-03-pralni-vosek\/","og_locale":"sl_SI","og_type":"article","og_title":"Dulon Premium Shampoo 03 - wash & wax -","og_description":"Wash &amp; Wax    Highly concentrated, boat shampoo specially developed to work with DULON 1&amp;2, it has additives that keep the DULON 1&amp;2 protection system in superb condition. DULON PREMIUM SHAMPOO 03 \u2013 WASH &amp; WAX gives a perfect result and high gloss finish, it has a self-drying action and repairs possible molecular damage in the DULON 1&amp;2 system. Also suitable for other DULON MARINE wax- &amp; polish products.   Gives a perfect result and high gloss finish.  Repairs molecular damage to the DULON MARINE polish- &amp; wax products.  Suitable for all DULON MARINE polish- &amp; wax products.","og_url":"https:\/\/dulonmarine.com\/sl\/winkel\/dulon\/splosno\/vzorcni-izdelek\/premium-sampon-03-pralni-vosek\/","og_site_name":"Dulon Marine","article_publisher":"https:\/\/www.facebook.com\/dulonmarine?locale=nl_NL","article_modified_time":"2024-10-30T10:50:18+00:00","og_image":[{"width":1200,"height":1200,"url":"https:\/\/dulonmarine.com\/wp-content\/uploads\/2024\/10\/03-Dulon-marine-Premium-shampoo.jpg","type":"image\/jpeg"}],"twitter_card":"summary_large_image","twitter_misc":{"Est. reading time":"1 minuta"},"schema":{"@context":"https:\/\/schema.org","@graph":[{"@type":"WebPage","@id":"https:\/\/dulonmarine.com\/winkel\/dulon\/general\/sample-product\/premium-shampoo-03-wash-wax\/","url":"https:\/\/dulonmarine.com\/winkel\/dulon\/general\/sample-product\/premium-shampoo-03-wash-wax\/","name":"Dulon Premium \u0161ampon 03 - pranje in voskanje -","isPartOf":{"@id":"https:\/\/dulonmarine.com\/pt\/#website"},"primaryImageOfPage":{"@id":"https:\/\/dulonmarine.com\/winkel\/dulon\/general\/sample-product\/premium-shampoo-03-wash-wax\/#primaryimage"},"image":{"@id":"https:\/\/dulonmarine.com\/winkel\/dulon\/general\/sample-product\/premium-shampoo-03-wash-wax\/#primaryimage"},"thumbnailUrl":"https:\/\/dulonmarine.com\/wp-content\/uploads\/2024\/10\/03-Dulon-marine-Premium-shampoo.jpg","datePublished":"2020-07-28T11:38:45+00:00","dateModified":"2024-10-30T10:50:18+00:00","breadcrumb":{"@id":"https:\/\/dulonmarine.com\/winkel\/dulon\/general\/sample-product\/premium-shampoo-03-wash-wax\/#breadcrumb"},"inLanguage":"sl-SI","potentialAction":[{"@type":"ReadAction","target":["https:\/\/dulonmarine.com\/winkel\/dulon\/general\/sample-product\/premium-shampoo-03-wash-wax\/"]}]},{"@type":"ImageObject","inLanguage":"sl-SI","@id":"https:\/\/dulonmarine.com\/winkel\/dulon\/general\/sample-product\/premium-shampoo-03-wash-wax\/#primaryimage","url":"https:\/\/dulonmarine.com\/wp-content\/uploads\/2024\/10\/03-Dulon-marine-Premium-shampoo.jpg","contentUrl":"https:\/\/dulonmarine.com\/wp-content\/uploads\/2024\/10\/03-Dulon-marine-Premium-shampoo.jpg","width":1200,"height":1200},{"@type":"BreadcrumbList","@id":"https:\/\/dulonmarine.com\/winkel\/dulon\/general\/sample-product\/premium-shampoo-03-wash-wax\/#breadcrumb","itemListElement":[{"@type":"ListItem","position":1,"name":"Home","item":"https:\/\/dulonmarine.com\/"},{"@type":"ListItem","position":2,"name":"Winkel","item":"https:\/\/dulonmarine.com\/pt\/piacaba\/"},{"@type":"ListItem","position":3,"name":"Dulon Premium Shampoo 03 &#8211; wash &#038; wax"}]},{"@type":"WebSite","@id":"https:\/\/dulonmarine.com\/pt\/#website","url":"https:\/\/dulonmarine.com\/pt\/","name":"Dulon Marine","description":"Onderhoudsproducten voor de scheepvaart","publisher":{"@id":"https:\/\/dulonmarine.com\/pt\/#organization"},"potentialAction":[{"@type":"SearchAction","target":{"@type":"EntryPoint","urlTemplate":"https:\/\/dulonmarine.com\/pt\/?s={search_term_string}"},"query-input":{"@type":"PropertyValueSpecification","valueRequired":true,"valueName":"search_term_string"}}],"inLanguage":"sl-SI"},{"@type":"Organization","@id":"https:\/\/dulonmarine.com\/pt\/#organization","name":"Dulon Marine Skupina Deckmate","url":"https:\/\/dulonmarine.com\/pt\/","logo":{"@type":"ImageObject","inLanguage":"sl-SI","@id":"https:\/\/dulonmarine.com\/pt\/#\/schema\/logo\/image\/","url":"http:\/\/dulonmarine.com\/wp-content\/uploads\/2023\/02\/Dulon-Marine-Deckmate-Group-logo-small.png","contentUrl":"http:\/\/dulonmarine.com\/wp-content\/uploads\/2023\/02\/Dulon-Marine-Deckmate-Group-logo-small.png","width":350,"height":150,"caption":"Dulon Marine Deckmate Group"},"image":{"@id":"https:\/\/dulonmarine.com\/pt\/#\/schema\/logo\/image\/"},"sameAs":["https:\/\/www.facebook.com\/dulonmarine?locale=nl_NL","https:\/\/www.instagram.com\/dulonmarinegroup\/"]}]}},"_links":{"self":[{"href":"https:\/\/dulonmarine.com\/sl\/wp-json\/wp\/v2\/product\/7666","targetHints":{"allow":["GET"]}}],"collection":[{"href":"https:\/\/dulonmarine.com\/sl\/wp-json\/wp\/v2\/product"}],"about":[{"href":"https:\/\/dulonmarine.com\/sl\/wp-json\/wp\/v2\/types\/product"}],"wp:featuredmedia":[{"embeddable":true,"href":"https:\/\/dulonmarine.com\/sl\/wp-json\/wp\/v2\/media\/9686"}],"wp:attachment":[{"href":"https:\/\/dulonmarine.com\/sl\/wp-json\/wp\/v2\/media?parent=7666"}],"wp:term":[{"taxonomy":"product_brand","embeddable":true,"href":"https:\/\/dulonmarine.com\/sl\/wp-json\/wp\/v2\/product_brand?post=7666"},{"taxonomy":"product_cat","embeddable":true,"href":"https:\/\/dulonmarine.com\/sl\/wp-json\/wp\/v2\/product_cat?post=7666"},{"taxonomy":"product_tag","embeddable":true,"href":"https:\/\/dulonmarine.com\/sl\/wp-json\/wp\/v2\/product_tag?post=7666"}],"curies":[{"name":"wp","href":"https:\/\/api.w.org\/{rel}","templated":true}]}}