{"id":7685,"date":"2020-07-29T12:03:53","date_gmt":"2020-07-29T11:03:53","guid":{"rendered":"http:\/\/dulonmarine.com\/?post_type=product&#038;p=7685"},"modified":"2024-10-30T11:54:02","modified_gmt":"2024-10-30T10:54:02","slug":"poliranje-vosek-spojina-18-clean-shine-polish","status":"publish","type":"product","link":"https:\/\/dulonmarine.com\/sl\/winkel\/dulon\/polish-wax\/sample-product\/polish-wax-compound-18-clean-shine-polish\/","title":{"rendered":"Dulon Spojina za poliranje in vosk 18 - polirno sredstvo za \u010di\u0161\u010denje in sijaj"},"content":{"rendered":"","protected":false},"excerpt":{"rendered":"<p>Polirno sredstvo Clean &amp; Shine<\/p>\n<hr \/>\n<p>Zdru\u017euje polirno pasto in teko\u010dino za vosk v enem. \u010cisti in obnavlja rahlo vremensko onesna\u017eene in dolgo\u010dasne povr\u0161ine ter odstranjuje majhne praske, made\u017ee in lise. Zagotavlja za\u0161\u010dito z visokim sijajem med celotno sezono plovbe. DULON POLISH &amp; WAX COMPOUND 18 se lahko uporablja na ve\u010d trdih povr\u0161inah, kot so gel coat, barvano jeklo in les ter nerjavno jeklo. Enostavno nana\u0161anje in odstranjevanje.<\/p>\n<ul>\n<li>Poliranje in vosk 2 v 1 - \u010cI\u0160\u010cENJE - BLESK - ZA\u0160\u010cITA.<\/li>\n<li>Poliranje in za\u0161\u010dita v enem koraku.<\/li>\n<li>Enostavno vklapljanje in izklapljanje.<\/li>\n<li>Za\u0161\u010dita z visokim sijajem skozi vso sezono jadranja.<\/li>\n<\/ul>\n<div class=\"x-video-inner\">\n    <video  \nclass=\"x-mejs x-wp-video-shortcode advanced-controls\" \n        width=\"400\" \n        height=\"400\" \n        loop autoplay muted playsinline style=\"border: none; outline: none; background: none;\"><source type=\"video\/mp4\" src=\"http:\/\/dulonmarine.com\/wp-content\/uploads\/2024\/10\/18.Polish_And_Wax_Compound-360-video.mp4\"><\/video>\n<\/div>","protected":false},"featured_media":9691,"template":"","meta":{"_acf_changed":false,"om_disable_all_campaigns":false,"rs_blank_template":"","rs_page_bg_color":"","slide_template_v7":"","inline_featured_image":false,"_monsterinsights_skip_tracking":false,"_monsterinsights_sitenote_active":false,"_monsterinsights_sitenote_note":"","_monsterinsights_sitenote_category":0},"product_brand":[],"product_cat":[44],"product_tag":[18],"class_list":{"0":"post-7685","1":"product","2":"type-product","3":"status-publish","4":"has-post-thumbnail","6":"product_cat-polish-wax","7":"product_tag-18","8":"pa_article-numbers-contents-6-18005","9":"pa_article-numbers-contents-6-18050","10":"pa_article-numbers-contents-6-18250","11":"pa_available-content-0-5l","12":"pa_available-content-25l","13":"pa_available-content-5l","14":"pa_crp-clean-restore-protect-en","17":"first","18":"instock","19":"purchasable","20":"product-type-variable"},"acf":[],"yoast_head":"<!-- This site is optimized with the Yoast SEO plugin v27.3 - https:\/\/yoast.com\/product\/yoast-seo-wordpress\/ -->\n<title>Dulon Polish &amp; Wax Compound 18 - clean &amp; shine polish -<\/title>\n<meta name=\"robots\" content=\"index, follow, max-snippet:-1, max-image-preview:large, max-video-preview:-1\" \/>\n<link rel=\"canonical\" href=\"https:\/\/dulonmarine.com\/sl\/winkel\/dulon\/polirni-vosek\/vzorcni-izdelek\/poliranje-vosek-spojina-18-clean-shine-polish\/\" \/>\n<meta property=\"og:locale\" content=\"sl_SI\" \/>\n<meta property=\"og:type\" content=\"article\" \/>\n<meta property=\"og:title\" content=\"Dulon Polish &amp; Wax Compound 18 - clean &amp; shine polish -\" \/>\n<meta property=\"og:description\" content=\"Clean &amp; Shine Polish    Combines a polishing paste and wax fluid in one. It cleans and restores lightly weathered, dull surfaces and it removes small scratches, stains and streaks. It provides a high gloss protection during the whole sailing season. DULON POLISH &amp; WAX COMPOUND 18 can be used on several hard surfaces like gel coat, painted steel and wood and stainless steel. Easy on \u2013 Easy off principle.   2\u2013in\u20131 Polish &amp; Wax \u2013 CLEAN \u2013 SHINE \u2013 PROTECT.  Polish and protect in one step.  Easy-on-easy-off.  High-gloss protection throughout the sailing season.\" \/>\n<meta property=\"og:url\" content=\"https:\/\/dulonmarine.com\/sl\/winkel\/dulon\/polirni-vosek\/vzorcni-izdelek\/poliranje-vosek-spojina-18-clean-shine-polish\/\" \/>\n<meta property=\"og:site_name\" content=\"Dulon Marine\" \/>\n<meta property=\"article:publisher\" content=\"https:\/\/www.facebook.com\/dulonmarine?locale=nl_NL\" \/>\n<meta property=\"article:modified_time\" content=\"2024-10-30T10:54:02+00:00\" \/>\n<meta property=\"og:image\" content=\"https:\/\/dulonmarine.com\/wp-content\/uploads\/2020\/07\/18-Dulon-Marine-Polish-Wax-Compound.jpg\" \/>\n\t<meta property=\"og:image:width\" content=\"1200\" \/>\n\t<meta property=\"og:image:height\" content=\"1200\" \/>\n\t<meta property=\"og:image:type\" content=\"image\/jpeg\" \/>\n<meta name=\"twitter:card\" content=\"summary_large_image\" \/>\n<meta name=\"twitter:label1\" content=\"Est. reading time\" \/>\n\t<meta name=\"twitter:data1\" content=\"1 minuta\" \/>\n<script type=\"application\/ld+json\" class=\"yoast-schema-graph\">{\"@context\":\"https:\\\/\\\/schema.org\",\"@graph\":[{\"@type\":\"WebPage\",\"@id\":\"https:\\\/\\\/dulonmarine.com\\\/fr\\\/winkel\\\/dulon\\\/cire-a-polir\\\/echantillon-de-produit\\\/polish-wax-compound-18-clean-shine-polish\\\/\",\"url\":\"https:\\\/\\\/dulonmarine.com\\\/fr\\\/winkel\\\/dulon\\\/cire-a-polir\\\/echantillon-de-produit\\\/polish-wax-compound-18-clean-shine-polish\\\/\",\"name\":\"Dulon Polish & Wax Compound 18 - clean & shine polish -\",\"isPartOf\":{\"@id\":\"https:\\\/\\\/dulonmarine.com\\\/pt\\\/#website\"},\"primaryImageOfPage\":{\"@id\":\"https:\\\/\\\/dulonmarine.com\\\/fr\\\/winkel\\\/dulon\\\/cire-a-polir\\\/echantillon-de-produit\\\/polish-wax-compound-18-clean-shine-polish\\\/#primaryimage\"},\"image\":{\"@id\":\"https:\\\/\\\/dulonmarine.com\\\/fr\\\/winkel\\\/dulon\\\/cire-a-polir\\\/echantillon-de-produit\\\/polish-wax-compound-18-clean-shine-polish\\\/#primaryimage\"},\"thumbnailUrl\":\"https:\\\/\\\/dulonmarine.com\\\/wp-content\\\/uploads\\\/2020\\\/07\\\/18-Dulon-Marine-Polish-Wax-Compound.jpg\",\"datePublished\":\"2020-07-29T11:03:53+00:00\",\"dateModified\":\"2024-10-30T10:54:02+00:00\",\"breadcrumb\":{\"@id\":\"https:\\\/\\\/dulonmarine.com\\\/fr\\\/winkel\\\/dulon\\\/cire-a-polir\\\/echantillon-de-produit\\\/polish-wax-compound-18-clean-shine-polish\\\/#breadcrumb\"},\"inLanguage\":\"sl-SI\",\"potentialAction\":[{\"@type\":\"ReadAction\",\"target\":[\"https:\\\/\\\/dulonmarine.com\\\/fr\\\/winkel\\\/dulon\\\/cire-a-polir\\\/echantillon-de-produit\\\/polish-wax-compound-18-clean-shine-polish\\\/\"]}]},{\"@type\":\"ImageObject\",\"inLanguage\":\"sl-SI\",\"@id\":\"https:\\\/\\\/dulonmarine.com\\\/fr\\\/winkel\\\/dulon\\\/cire-a-polir\\\/echantillon-de-produit\\\/polish-wax-compound-18-clean-shine-polish\\\/#primaryimage\",\"url\":\"https:\\\/\\\/dulonmarine.com\\\/wp-content\\\/uploads\\\/2020\\\/07\\\/18-Dulon-Marine-Polish-Wax-Compound.jpg\",\"contentUrl\":\"https:\\\/\\\/dulonmarine.com\\\/wp-content\\\/uploads\\\/2020\\\/07\\\/18-Dulon-Marine-Polish-Wax-Compound.jpg\",\"width\":1200,\"height\":1200},{\"@type\":\"BreadcrumbList\",\"@id\":\"https:\\\/\\\/dulonmarine.com\\\/fr\\\/winkel\\\/dulon\\\/cire-a-polir\\\/echantillon-de-produit\\\/polish-wax-compound-18-clean-shine-polish\\\/#breadcrumb\",\"itemListElement\":[{\"@type\":\"ListItem\",\"position\":1,\"name\":\"Home\",\"item\":\"https:\\\/\\\/dulonmarine.com\\\/\"},{\"@type\":\"ListItem\",\"position\":2,\"name\":\"Winkel\",\"item\":\"https:\\\/\\\/dulonmarine.com\\\/pt\\\/piacaba\\\/\"},{\"@type\":\"ListItem\",\"position\":3,\"name\":\"Dulon Polish &#038; Wax Compound 18 &#8211; clean &#038; shine polish\"}]},{\"@type\":\"WebSite\",\"@id\":\"https:\\\/\\\/dulonmarine.com\\\/pt\\\/#website\",\"url\":\"https:\\\/\\\/dulonmarine.com\\\/pt\\\/\",\"name\":\"Dulon Marine\",\"description\":\"Onderhoudsproducten voor de scheepvaart\",\"publisher\":{\"@id\":\"https:\\\/\\\/dulonmarine.com\\\/pt\\\/#organization\"},\"potentialAction\":[{\"@type\":\"SearchAction\",\"target\":{\"@type\":\"EntryPoint\",\"urlTemplate\":\"https:\\\/\\\/dulonmarine.com\\\/pt\\\/?s={search_term_string}\"},\"query-input\":{\"@type\":\"PropertyValueSpecification\",\"valueRequired\":true,\"valueName\":\"search_term_string\"}}],\"inLanguage\":\"sl-SI\"},{\"@type\":\"Organization\",\"@id\":\"https:\\\/\\\/dulonmarine.com\\\/pt\\\/#organization\",\"name\":\"Dulon Marine Deckmate Group\",\"url\":\"https:\\\/\\\/dulonmarine.com\\\/pt\\\/\",\"logo\":{\"@type\":\"ImageObject\",\"inLanguage\":\"sl-SI\",\"@id\":\"https:\\\/\\\/dulonmarine.com\\\/pt\\\/#\\\/schema\\\/logo\\\/image\\\/\",\"url\":\"http:\\\/\\\/dulonmarine.com\\\/wp-content\\\/uploads\\\/2023\\\/02\\\/Dulon-Marine-Deckmate-Group-logo-small.png\",\"contentUrl\":\"http:\\\/\\\/dulonmarine.com\\\/wp-content\\\/uploads\\\/2023\\\/02\\\/Dulon-Marine-Deckmate-Group-logo-small.png\",\"width\":350,\"height\":150,\"caption\":\"Dulon Marine Deckmate Group\"},\"image\":{\"@id\":\"https:\\\/\\\/dulonmarine.com\\\/pt\\\/#\\\/schema\\\/logo\\\/image\\\/\"},\"sameAs\":[\"https:\\\/\\\/www.facebook.com\\\/dulonmarine?locale=nl_NL\",\"https:\\\/\\\/www.instagram.com\\\/dulonmarinegroup\\\/\"]}]}<\/script>\n<!-- \/ Yoast SEO plugin. -->","yoast_head_json":{"title":"Dulon Spojina za poliranje in vosk 18 - \u010disto\u010da in sijaj -","robots":{"index":"index","follow":"follow","max-snippet":"max-snippet:-1","max-image-preview":"max-image-preview:large","max-video-preview":"max-video-preview:-1"},"canonical":"https:\/\/dulonmarine.com\/sl\/winkel\/dulon\/polirni-vosek\/vzorcni-izdelek\/poliranje-vosek-spojina-18-clean-shine-polish\/","og_locale":"sl_SI","og_type":"article","og_title":"Dulon Polish & Wax Compound 18 - clean & shine polish -","og_description":"Clean &amp; Shine Polish    Combines a polishing paste and wax fluid in one. It cleans and restores lightly weathered, dull surfaces and it removes small scratches, stains and streaks. It provides a high gloss protection during the whole sailing season. DULON POLISH &amp; WAX COMPOUND 18 can be used on several hard surfaces like gel coat, painted steel and wood and stainless steel. Easy on \u2013 Easy off principle.   2\u2013in\u20131 Polish &amp; Wax \u2013 CLEAN \u2013 SHINE \u2013 PROTECT.  Polish and protect in one step.  Easy-on-easy-off.  High-gloss protection throughout the sailing season.","og_url":"https:\/\/dulonmarine.com\/sl\/winkel\/dulon\/polirni-vosek\/vzorcni-izdelek\/poliranje-vosek-spojina-18-clean-shine-polish\/","og_site_name":"Dulon Marine","article_publisher":"https:\/\/www.facebook.com\/dulonmarine?locale=nl_NL","article_modified_time":"2024-10-30T10:54:02+00:00","og_image":[{"width":1200,"height":1200,"url":"https:\/\/dulonmarine.com\/wp-content\/uploads\/2020\/07\/18-Dulon-Marine-Polish-Wax-Compound.jpg","type":"image\/jpeg"}],"twitter_card":"summary_large_image","twitter_misc":{"Est. reading time":"1 minuta"},"schema":{"@context":"https:\/\/schema.org","@graph":[{"@type":"WebPage","@id":"https:\/\/dulonmarine.com\/fr\/winkel\/dulon\/cire-a-polir\/echantillon-de-produit\/polish-wax-compound-18-clean-shine-polish\/","url":"https:\/\/dulonmarine.com\/fr\/winkel\/dulon\/cire-a-polir\/echantillon-de-produit\/polish-wax-compound-18-clean-shine-polish\/","name":"Dulon Spojina za poliranje in vosk 18 - \u010disto\u010da in sijaj -","isPartOf":{"@id":"https:\/\/dulonmarine.com\/pt\/#website"},"primaryImageOfPage":{"@id":"https:\/\/dulonmarine.com\/fr\/winkel\/dulon\/cire-a-polir\/echantillon-de-produit\/polish-wax-compound-18-clean-shine-polish\/#primaryimage"},"image":{"@id":"https:\/\/dulonmarine.com\/fr\/winkel\/dulon\/cire-a-polir\/echantillon-de-produit\/polish-wax-compound-18-clean-shine-polish\/#primaryimage"},"thumbnailUrl":"https:\/\/dulonmarine.com\/wp-content\/uploads\/2020\/07\/18-Dulon-Marine-Polish-Wax-Compound.jpg","datePublished":"2020-07-29T11:03:53+00:00","dateModified":"2024-10-30T10:54:02+00:00","breadcrumb":{"@id":"https:\/\/dulonmarine.com\/fr\/winkel\/dulon\/cire-a-polir\/echantillon-de-produit\/polish-wax-compound-18-clean-shine-polish\/#breadcrumb"},"inLanguage":"sl-SI","potentialAction":[{"@type":"ReadAction","target":["https:\/\/dulonmarine.com\/fr\/winkel\/dulon\/cire-a-polir\/echantillon-de-produit\/polish-wax-compound-18-clean-shine-polish\/"]}]},{"@type":"ImageObject","inLanguage":"sl-SI","@id":"https:\/\/dulonmarine.com\/fr\/winkel\/dulon\/cire-a-polir\/echantillon-de-produit\/polish-wax-compound-18-clean-shine-polish\/#primaryimage","url":"https:\/\/dulonmarine.com\/wp-content\/uploads\/2020\/07\/18-Dulon-Marine-Polish-Wax-Compound.jpg","contentUrl":"https:\/\/dulonmarine.com\/wp-content\/uploads\/2020\/07\/18-Dulon-Marine-Polish-Wax-Compound.jpg","width":1200,"height":1200},{"@type":"BreadcrumbList","@id":"https:\/\/dulonmarine.com\/fr\/winkel\/dulon\/cire-a-polir\/echantillon-de-produit\/polish-wax-compound-18-clean-shine-polish\/#breadcrumb","itemListElement":[{"@type":"ListItem","position":1,"name":"Home","item":"https:\/\/dulonmarine.com\/"},{"@type":"ListItem","position":2,"name":"Winkel","item":"https:\/\/dulonmarine.com\/pt\/piacaba\/"},{"@type":"ListItem","position":3,"name":"Dulon Polish &#038; Wax Compound 18 &#8211; clean &#038; shine polish"}]},{"@type":"WebSite","@id":"https:\/\/dulonmarine.com\/pt\/#website","url":"https:\/\/dulonmarine.com\/pt\/","name":"Dulon Marine","description":"Onderhoudsproducten voor de scheepvaart","publisher":{"@id":"https:\/\/dulonmarine.com\/pt\/#organization"},"potentialAction":[{"@type":"SearchAction","target":{"@type":"EntryPoint","urlTemplate":"https:\/\/dulonmarine.com\/pt\/?s={search_term_string}"},"query-input":{"@type":"PropertyValueSpecification","valueRequired":true,"valueName":"search_term_string"}}],"inLanguage":"sl-SI"},{"@type":"Organization","@id":"https:\/\/dulonmarine.com\/pt\/#organization","name":"Dulon Marine Skupina Deckmate","url":"https:\/\/dulonmarine.com\/pt\/","logo":{"@type":"ImageObject","inLanguage":"sl-SI","@id":"https:\/\/dulonmarine.com\/pt\/#\/schema\/logo\/image\/","url":"http:\/\/dulonmarine.com\/wp-content\/uploads\/2023\/02\/Dulon-Marine-Deckmate-Group-logo-small.png","contentUrl":"http:\/\/dulonmarine.com\/wp-content\/uploads\/2023\/02\/Dulon-Marine-Deckmate-Group-logo-small.png","width":350,"height":150,"caption":"Dulon Marine Deckmate Group"},"image":{"@id":"https:\/\/dulonmarine.com\/pt\/#\/schema\/logo\/image\/"},"sameAs":["https:\/\/www.facebook.com\/dulonmarine?locale=nl_NL","https:\/\/www.instagram.com\/dulonmarinegroup\/"]}]}},"_links":{"self":[{"href":"https:\/\/dulonmarine.com\/sl\/wp-json\/wp\/v2\/product\/7685","targetHints":{"allow":["GET"]}}],"collection":[{"href":"https:\/\/dulonmarine.com\/sl\/wp-json\/wp\/v2\/product"}],"about":[{"href":"https:\/\/dulonmarine.com\/sl\/wp-json\/wp\/v2\/types\/product"}],"wp:featuredmedia":[{"embeddable":true,"href":"https:\/\/dulonmarine.com\/sl\/wp-json\/wp\/v2\/media\/9691"}],"wp:attachment":[{"href":"https:\/\/dulonmarine.com\/sl\/wp-json\/wp\/v2\/media?parent=7685"}],"wp:term":[{"taxonomy":"product_brand","embeddable":true,"href":"https:\/\/dulonmarine.com\/sl\/wp-json\/wp\/v2\/product_brand?post=7685"},{"taxonomy":"product_cat","embeddable":true,"href":"https:\/\/dulonmarine.com\/sl\/wp-json\/wp\/v2\/product_cat?post=7685"},{"taxonomy":"product_tag","embeddable":true,"href":"https:\/\/dulonmarine.com\/sl\/wp-json\/wp\/v2\/product_tag?post=7685"}],"curies":[{"name":"wp","href":"https:\/\/api.w.org\/{rel}","templated":true}]}}